{"id":5,"date":"2017-11-27T18:58:12","date_gmt":"2017-11-27T17:58:12","guid":{"rendered":"https:\/\/conexbooks.de\/a\/shop\/warenkorb\/"},"modified":"2026-01-07T17:41:09","modified_gmt":"2026-01-07T16:41:09","slug":"warenkorb","status":"publish","type":"page","link":"https:\/\/conexbooks.de\/a\/shop\/warenkorb\/","title":{"rendered":"Warenkorb"},"content":{"rendered":"\n<!--<div><h2>Wir machen vom 22. bis zum 31. Dezember 2026 Urlaub. Sie k\u00f6nnen gern bestellen, wir versenden wieder ab Freitag, d. 02. Januar 2026. Wir w\u00fcnschen Ihnen eine gute Zeit.<\/h2><br><\/div> -->\n<div><a href=\"https:\/\/conexbooks.de\/a\/shop\/produkt\/von-stephanie-bartsch-und-pantomime-lec-toc-2\/\"><img decoding=\"async\" style=\"float:left\" title=\"Bitte klicken\" src=\"https:\/\/conexbooks.de\/a\/shop\/wp-content\/uploads\/2017\/11\/21-40_Feeling_Karten_rz-6.jpg\" alt=\"Feelings Pantomime\" width=\"120px\"><\/a>\n<p style=\"text-align: left;\"><strong><span style=\"color: #c40808;\">Sparen Sie 50 % bei diesem Artikel:<\/span><\/strong><\/p>\n\n<h4><span style=\"color: #808080;\"><a style=\"color: #808080;\" href=\"https:\/\/conexbooks.de\/a\/shop\/produkt\/von-stephanie-bartsch-und-pantomime-lec-toc-2\/\"><b>Feelings<\/b> &#8211; 40 Gef\u00fchlskarten (A5) pantomimisch dargestellt nur 24,50 Euro statt 49 Euro<\/a><\/span><\/h4>\n<p> <\/p>\n<\/div>\n\n\n\n<div style=\"clear:both\">&nbsp;<\/div>\n<a href=\"https:\/\/www.youtube.com\/watch?v=oylK48Y1xDc\" target=\"_blank\" rel=\"noopener\"><img decoding=\"async\" src=\"https:\/\/conexbooks.de\/a\/shop\/wp-content\/uploads\/2023\/05\/2022ab1_DSD_GP_beteiligt.jpg\"  style=\"height:100px;\" alt=\"gr\u00fcner Punkt\"><\/a>\n\n\n\n<h3 class=\"wp-block-heading\">Ihr Warenkorb<\/h3>\n\n\n\n\n\n\n<div style=\"clear: both; text-align: center;\">\n<p>Gem\u00e4\u00df \u00a7\u00a019\u00a0UStG wird keine Umsatzsteuer ausgewiesen und berechnet<\/p><\/div>\n","protected":false},"excerpt":{"rendered":"<p>Sparen Sie 50 % bei diesem Artikel: Feelings &#8211; 40 Gef\u00fchlskarten (A5) pantomimisch dargestellt nur 24,50 Euro statt 49 Euro &nbsp; Ihr Warenkorb Gem\u00e4\u00df \u00a7\u00a019\u00a0UStG wird keine Umsatzsteuer ausgewiesen und berechnet<\/p>\n","protected":false},"author":1,"featured_media":0,"parent":0,"menu_order":0,"comment_status":"closed","ping_status":"closed","template":"","meta":{"footnotes":""},"class_list":["post-5","page","type-page","status-publish","hentry"],"yoast_head":"<!-- This site is optimized with the Yoast SEO plugin v27.3 - https:\/\/yoast.com\/product\/yoast-seo-wordpress\/ -->\n<title>Warenkorb - Conex-Shop<\/title>\n<meta name=\"robots\" content=\"index, follow, max-snippet:-1, max-image-preview:large, max-video-preview:-1\" \/>\n<link rel=\"canonical\" href=\"https:\/\/conexbooks.de\/a\/shop\/warenkorb\/\" \/>\n<meta property=\"og:locale\" content=\"de_DE\" \/>\n<meta property=\"og:type\" content=\"article\" \/>\n<meta property=\"og:title\" content=\"Warenkorb - Conex-Shop\" \/>\n<meta property=\"og:description\" content=\"Sparen Sie 50 % bei diesem Artikel: Feelings &#8211; 40 Gef\u00fchlskarten (A5) pantomimisch dargestellt nur 24,50 Euro statt 49 Euro &nbsp; Ihr Warenkorb Gem\u00e4\u00df \u00a7\u00a019\u00a0UStG wird keine Umsatzsteuer ausgewiesen und berechnet\" \/>\n<meta property=\"og:url\" content=\"https:\/\/conexbooks.de\/a\/shop\/warenkorb\/\" \/>\n<meta property=\"og:site_name\" content=\"Conex-Shop\" \/>\n<meta property=\"article:modified_time\" content=\"2026-01-07T16:41:09+00:00\" \/>\n<meta property=\"og:image\" content=\"https:\/\/conexbooks.de\/a\/shop\/wp-content\/uploads\/2017\/11\/21-40_Feeling_Karten_rz-6.jpg\" \/>\n<meta name=\"twitter:card\" content=\"summary_large_image\" \/>\n<meta name=\"twitter:label1\" content=\"Gesch\u00e4tzte Lesezeit\" \/>\n\t<meta name=\"twitter:data1\" content=\"1\u00a0Minute\" \/>\n<script type=\"application\/ld+json\" class=\"yoast-schema-graph\">{\"@context\":\"https:\\\/\\\/schema.org\",\"@graph\":[{\"@type\":\"WebPage\",\"@id\":\"https:\\\/\\\/conexbooks.de\\\/a\\\/shop\\\/warenkorb\\\/\",\"url\":\"https:\\\/\\\/conexbooks.de\\\/a\\\/shop\\\/warenkorb\\\/\",\"name\":\"Warenkorb - Conex-Shop\",\"isPartOf\":{\"@id\":\"https:\\\/\\\/conexbooks.de\\\/a\\\/shop\\\/#website\"},\"primaryImageOfPage\":{\"@id\":\"https:\\\/\\\/conexbooks.de\\\/a\\\/shop\\\/warenkorb\\\/#primaryimage\"},\"image\":{\"@id\":\"https:\\\/\\\/conexbooks.de\\\/a\\\/shop\\\/warenkorb\\\/#primaryimage\"},\"thumbnailUrl\":\"https:\\\/\\\/conexbooks.de\\\/a\\\/shop\\\/wp-content\\\/uploads\\\/2017\\\/11\\\/21-40_Feeling_Karten_rz-6.jpg\",\"datePublished\":\"2017-11-27T17:58:12+00:00\",\"dateModified\":\"2026-01-07T16:41:09+00:00\",\"breadcrumb\":{\"@id\":\"https:\\\/\\\/conexbooks.de\\\/a\\\/shop\\\/warenkorb\\\/#breadcrumb\"},\"inLanguage\":\"de\",\"potentialAction\":[{\"@type\":\"ReadAction\",\"target\":[\"https:\\\/\\\/conexbooks.de\\\/a\\\/shop\\\/warenkorb\\\/\"]}]},{\"@type\":\"ImageObject\",\"inLanguage\":\"de\",\"@id\":\"https:\\\/\\\/conexbooks.de\\\/a\\\/shop\\\/warenkorb\\\/#primaryimage\",\"url\":\"https:\\\/\\\/conexbooks.de\\\/a\\\/shop\\\/wp-content\\\/uploads\\\/2017\\\/11\\\/21-40_Feeling_Karten_rz-6.jpg\",\"contentUrl\":\"https:\\\/\\\/conexbooks.de\\\/a\\\/shop\\\/wp-content\\\/uploads\\\/2017\\\/11\\\/21-40_Feeling_Karten_rz-6.jpg\",\"width\":303,\"height\":400},{\"@type\":\"BreadcrumbList\",\"@id\":\"https:\\\/\\\/conexbooks.de\\\/a\\\/shop\\\/warenkorb\\\/#breadcrumb\",\"itemListElement\":[{\"@type\":\"ListItem\",\"position\":1,\"name\":\"Home\",\"item\":\"https:\\\/\\\/conexbooks.de\\\/a\\\/shop\\\/\"},{\"@type\":\"ListItem\",\"position\":2,\"name\":\"Warenkorb\"}]},{\"@type\":\"WebSite\",\"@id\":\"https:\\\/\\\/conexbooks.de\\\/a\\\/shop\\\/#website\",\"url\":\"https:\\\/\\\/conexbooks.de\\\/a\\\/shop\\\/\",\"name\":\"Conex-Shop\",\"description\":\"Alles f\u00fcr die gewaltfreie Kommunikation: B\u00fccher, Spiele. Handpuppen Seminarmaterial und Geschenke\",\"publisher\":{\"@id\":\"https:\\\/\\\/conexbooks.de\\\/a\\\/shop\\\/#organization\"},\"potentialAction\":[{\"@type\":\"SearchAction\",\"target\":{\"@type\":\"EntryPoint\",\"urlTemplate\":\"https:\\\/\\\/conexbooks.de\\\/a\\\/shop\\\/?s={search_term_string}\"},\"query-input\":{\"@type\":\"PropertyValueSpecification\",\"valueRequired\":true,\"valueName\":\"search_term_string\"}}],\"inLanguage\":\"de\"},{\"@type\":\"Organization\",\"@id\":\"https:\\\/\\\/conexbooks.de\\\/a\\\/shop\\\/#organization\",\"name\":\"Conex - books and more\",\"url\":\"https:\\\/\\\/conexbooks.de\\\/a\\\/shop\\\/\",\"logo\":{\"@type\":\"ImageObject\",\"inLanguage\":\"de\",\"@id\":\"https:\\\/\\\/conexbooks.de\\\/a\\\/shop\\\/#\\\/schema\\\/logo\\\/image\\\/\",\"url\":\"https:\\\/\\\/conexbooks.de\\\/a\\\/shop\\\/wp-content\\\/uploads\\\/2017\\\/12\\\/co-logo.png\",\"contentUrl\":\"https:\\\/\\\/conexbooks.de\\\/a\\\/shop\\\/wp-content\\\/uploads\\\/2017\\\/12\\\/co-logo.png\",\"width\":243,\"height\":122,\"caption\":\"Conex - books and more\"},\"image\":{\"@id\":\"https:\\\/\\\/conexbooks.de\\\/a\\\/shop\\\/#\\\/schema\\\/logo\\\/image\\\/\"}}]}<\/script>\n<!-- \/ Yoast SEO plugin. -->","yoast_head_json":{"title":"Warenkorb - Conex-Shop","robots":{"index":"index","follow":"follow","max-snippet":"max-snippet:-1","max-image-preview":"max-image-preview:large","max-video-preview":"max-video-preview:-1"},"canonical":"https:\/\/conexbooks.de\/a\/shop\/warenkorb\/","og_locale":"de_DE","og_type":"article","og_title":"Warenkorb - Conex-Shop","og_description":"Sparen Sie 50 % bei diesem Artikel: Feelings &#8211; 40 Gef\u00fchlskarten (A5) pantomimisch dargestellt nur 24,50 Euro statt 49 Euro &nbsp; Ihr Warenkorb Gem\u00e4\u00df \u00a7\u00a019\u00a0UStG wird keine Umsatzsteuer ausgewiesen und berechnet","og_url":"https:\/\/conexbooks.de\/a\/shop\/warenkorb\/","og_site_name":"Conex-Shop","article_modified_time":"2026-01-07T16:41:09+00:00","og_image":[{"url":"https:\/\/conexbooks.de\/a\/shop\/wp-content\/uploads\/2017\/11\/21-40_Feeling_Karten_rz-6.jpg","type":"","width":"","height":""}],"twitter_card":"summary_large_image","twitter_misc":{"Gesch\u00e4tzte Lesezeit":"1\u00a0Minute"},"schema":{"@context":"https:\/\/schema.org","@graph":[{"@type":"WebPage","@id":"https:\/\/conexbooks.de\/a\/shop\/warenkorb\/","url":"https:\/\/conexbooks.de\/a\/shop\/warenkorb\/","name":"Warenkorb - Conex-Shop","isPartOf":{"@id":"https:\/\/conexbooks.de\/a\/shop\/#website"},"primaryImageOfPage":{"@id":"https:\/\/conexbooks.de\/a\/shop\/warenkorb\/#primaryimage"},"image":{"@id":"https:\/\/conexbooks.de\/a\/shop\/warenkorb\/#primaryimage"},"thumbnailUrl":"https:\/\/conexbooks.de\/a\/shop\/wp-content\/uploads\/2017\/11\/21-40_Feeling_Karten_rz-6.jpg","datePublished":"2017-11-27T17:58:12+00:00","dateModified":"2026-01-07T16:41:09+00:00","breadcrumb":{"@id":"https:\/\/conexbooks.de\/a\/shop\/warenkorb\/#breadcrumb"},"inLanguage":"de","potentialAction":[{"@type":"ReadAction","target":["https:\/\/conexbooks.de\/a\/shop\/warenkorb\/"]}]},{"@type":"ImageObject","inLanguage":"de","@id":"https:\/\/conexbooks.de\/a\/shop\/warenkorb\/#primaryimage","url":"https:\/\/conexbooks.de\/a\/shop\/wp-content\/uploads\/2017\/11\/21-40_Feeling_Karten_rz-6.jpg","contentUrl":"https:\/\/conexbooks.de\/a\/shop\/wp-content\/uploads\/2017\/11\/21-40_Feeling_Karten_rz-6.jpg","width":303,"height":400},{"@type":"BreadcrumbList","@id":"https:\/\/conexbooks.de\/a\/shop\/warenkorb\/#breadcrumb","itemListElement":[{"@type":"ListItem","position":1,"name":"Home","item":"https:\/\/conexbooks.de\/a\/shop\/"},{"@type":"ListItem","position":2,"name":"Warenkorb"}]},{"@type":"WebSite","@id":"https:\/\/conexbooks.de\/a\/shop\/#website","url":"https:\/\/conexbooks.de\/a\/shop\/","name":"Conex-Shop","description":"Alles f\u00fcr die gewaltfreie Kommunikation: B\u00fccher, Spiele. Handpuppen Seminarmaterial und Geschenke","publisher":{"@id":"https:\/\/conexbooks.de\/a\/shop\/#organization"},"potentialAction":[{"@type":"SearchAction","target":{"@type":"EntryPoint","urlTemplate":"https:\/\/conexbooks.de\/a\/shop\/?s={search_term_string}"},"query-input":{"@type":"PropertyValueSpecification","valueRequired":true,"valueName":"search_term_string"}}],"inLanguage":"de"},{"@type":"Organization","@id":"https:\/\/conexbooks.de\/a\/shop\/#organization","name":"Conex - books and more","url":"https:\/\/conexbooks.de\/a\/shop\/","logo":{"@type":"ImageObject","inLanguage":"de","@id":"https:\/\/conexbooks.de\/a\/shop\/#\/schema\/logo\/image\/","url":"https:\/\/conexbooks.de\/a\/shop\/wp-content\/uploads\/2017\/12\/co-logo.png","contentUrl":"https:\/\/conexbooks.de\/a\/shop\/wp-content\/uploads\/2017\/12\/co-logo.png","width":243,"height":122,"caption":"Conex - books and more"},"image":{"@id":"https:\/\/conexbooks.de\/a\/shop\/#\/schema\/logo\/image\/"}}]}},"_links":{"self":[{"href":"https:\/\/conexbooks.de\/a\/shop\/wp-json\/wp\/v2\/pages\/5","targetHints":{"allow":["GET"]}}],"collection":[{"href":"https:\/\/conexbooks.de\/a\/shop\/wp-json\/wp\/v2\/pages"}],"about":[{"href":"https:\/\/conexbooks.de\/a\/shop\/wp-json\/wp\/v2\/types\/page"}],"author":[{"embeddable":true,"href":"https:\/\/conexbooks.de\/a\/shop\/wp-json\/wp\/v2\/users\/1"}],"replies":[{"embeddable":true,"href":"https:\/\/conexbooks.de\/a\/shop\/wp-json\/wp\/v2\/comments?post=5"}],"version-history":[{"count":5,"href":"https:\/\/conexbooks.de\/a\/shop\/wp-json\/wp\/v2\/pages\/5\/revisions"}],"predecessor-version":[{"id":21198,"href":"https:\/\/conexbooks.de\/a\/shop\/wp-json\/wp\/v2\/pages\/5\/revisions\/21198"}],"wp:attachment":[{"href":"https:\/\/conexbooks.de\/a\/shop\/wp-json\/wp\/v2\/media?parent=5"}],"curies":[{"name":"wp","href":"https:\/\/api.w.org\/{rel}","templated":true}]}}