{"id":1008,"date":"2017-11-14T20:10:04","date_gmt":"2017-11-14T19:10:04","guid":{"rendered":"https:\/\/conexbooks.de\/a\/shop\/wp\/produkt\/von-gabriele-lindemann-und-vera-heim\/"},"modified":"2025-01-28T19:23:18","modified_gmt":"2025-01-28T18:23:18","slug":"von-gabriele-lindemann-und-vera-heim","status":"publish","type":"product","link":"https:\/\/conexbooks.de\/a\/shop\/produkt\/von-gabriele-lindemann-und-vera-heim\/","title":{"rendered":"Erfolgsfaktor Menschlichkeit"},"content":{"rendered":"<h4>Erfolgsfaktor Menschlichkeit<\/h4>\n<h4>Gabriele Lindemann, Vera Heim<\/h4>\n<p>W\u00fcnschen Sie sich mehr Leichtigkeit und Freude im Kontakt mit Kollegen und Ihren Teams? M\u00f6chten Sie, dass Menschen kooperieren und gemeinsam an einem Strang ziehen, um Ziele zu erreichen? Wertsch\u00e4tzende Kommunikation ist dabei eine Kernkompetenz f\u00fcr alle Menschen, die am Arbeitsplatz etwas bewegen wollen. Auf Basis ihrer langj\u00e4hrigen Erfahrungen in Unternehmen haben die Autorinnen das Modell der Gewaltfreien Kommunikation f\u00fcr den Gesch\u00e4ftsalltag anwendbar gemacht. In diesem Buch erfahren Sie,<\/p>\n<ul>\n<li>wie Sie sich effektiv ausdr\u00fccken, f\u00fcr Ihre Anliegen einstehen und gleichzeitig Ihre Gespr\u00e4chspartner ernst nehmen;<\/li>\n<li>wie Sie Ihren kooperativen und situativen F\u00fchrungsstil weiterentwickeln und neun Strategien f\u00fcr effektives Beziehungsmanagement nutzen k\u00f6nnen;<\/li>\n<li>wie Sie zu einer wertsch\u00e4tzenden Unternehmenskultur beitragen, in der Sie mehr Raum f\u00fcr Initiative, Handlungsf\u00e4higkeit und Win-Win-L\u00f6sungen schaffen und so den langfristigen Unternehmenserfolg sichern.<\/li>\n<\/ul>\n<h4>Autoren Information:<\/h4>\n<p><strong>Vera Heim<\/strong> ist zertifizierte GFK-Trainerin, NLP-Lehrtrainerin und Ausbildnerin. Ihre Firma &#8222;The Coaching Company&#8220; veranstaltet in Z\u00fcrich Seminare zur GFK und bietet Trainings und Coachings f\u00fcr F\u00fchrungskr\u00e4fte an. Sie ist ehemalige B\u00f6rsenh\u00e4ndlerin f\u00fcr eine Schweizer Gro\u00dfbank und leitete u.a. die Personalentwicklung bei einem f\u00fchrenden Internetprovider. Sie lebt und arbeitet in der N\u00e4he von Z\u00fcrich. www.tcco.ch<\/p>\n<p><strong>Gabriele Lindemann<\/strong> ist Inhaberin der Unternehmensberatung \u201eMenschen und Ziele\u201c. Nach langj\u00e4hriger F\u00fchrungs- und Beratungserfahrung in der Bankbranche ist sie seit 1996 als Business-Coach, Kommunikations- und Managementberaterin aktiv. Als zertifizierte GFK-Trainerin bildet sie in Gewaltfreier Kommunikation nach Marshall Rosenberg aus. Sie arbeitet im In- und Ausland und lebt in N\u00fcrnberg. www.menschen-und-ziele.de<\/p>\n<p>Die Autorinnen haben sich auf die Anwendung der wertsch\u00e4tzenden Kommunikation im Businesskontext spezialisiert.<\/p>\n<p>&nbsp;<\/p>\n<div id='1' class='widgets_on_page wop_tiny1  wop_small1  wop_medium1  wop_large1  wop_wide1'>\n\t\t\t<ul><li id=\"custom_html-4\" class=\"widget_text widget widget_custom_html\"><div class=\"textwidget custom-html-widget\"><div style=\"text-align:left;\">\r\n<button class = \"button\" style=\"height: 30px; font-size: 0.8em;\" name=\"zuruck\" type=\"button\" onclick=\"history.back()\">Zur\u00fcck zur \u00dcbersicht<\/button><\/div><\/div><\/li><\/ul><\/div><!-- widgets_on_page -->\n","protected":false},"excerpt":{"rendered":"<h3>Gabriele Lindemann, Vera Heim<\/h3>\n<h3>Wertsch\u00e4tzend f\u00fchren &#8211; wirksam kommunizieren. Ein Praxishandbuch<\/h3>\n<p>Junfermann-Verlag<br \/>\n1. Auflage 2009,\u00a0224 Seiten, kartoniert, Format: 17 x 24 cm<\/p>\n","protected":false},"featured_media":1331,"template":"","meta":[],"product_brand":[],"product_cat":[45,36],"product_tag":[],"class_list":{"0":"post-1008","1":"product","2":"type-product","3":"status-publish","4":"has-post-thumbnail","6":"product_cat-arbeit-sonstiges","7":"product_cat-deutsche-buecher","9":"first","10":"instock","11":"shipping-taxable","12":"purchasable","13":"product-type-simple"},"yoast_head":"<!-- This site is optimized with the Yoast SEO plugin v27.4 - https:\/\/yoast.com\/product\/yoast-seo-wordpress\/ -->\n<title>Erfolgsfaktor Menschlichkeit - Conex-Shop<\/title>\n<meta name=\"robots\" content=\"index, follow, max-snippet:-1, max-image-preview:large, max-video-preview:-1\" \/>\n<link rel=\"canonical\" href=\"https:\/\/conexbooks.de\/a\/shop\/produkt\/von-gabriele-lindemann-und-vera-heim\/\" \/>\n<meta property=\"og:locale\" content=\"de_DE\" \/>\n<meta property=\"og:type\" content=\"article\" \/>\n<meta property=\"og:title\" content=\"Erfolgsfaktor Menschlichkeit - Conex-Shop\" \/>\n<meta property=\"og:description\" content=\"Gabriele Lindemann, Vera Heim Wertsch\u00e4tzend f\u00fchren - wirksam kommunizieren. Ein Praxishandbuch Junfermann-Verlag 1. Auflage 2009,\u00a0224 Seiten, kartoniert, Format: 17 x 24 cm\" \/>\n<meta property=\"og:url\" content=\"https:\/\/conexbooks.de\/a\/shop\/produkt\/von-gabriele-lindemann-und-vera-heim\/\" \/>\n<meta property=\"og:site_name\" content=\"Conex-Shop\" \/>\n<meta property=\"article:modified_time\" content=\"2025-01-28T18:23:18+00:00\" \/>\n<meta property=\"og:image\" content=\"https:\/\/conexbooks.de\/a\/shop\/wp-content\/uploads\/2017\/11\/072.jpg\" \/>\n\t<meta property=\"og:image:width\" content=\"283\" \/>\n\t<meta property=\"og:image:height\" content=\"400\" \/>\n\t<meta property=\"og:image:type\" content=\"image\/jpeg\" \/>\n<meta name=\"twitter:card\" content=\"summary_large_image\" \/>\n<meta name=\"twitter:label1\" content=\"Gesch\u00e4tzte Lesezeit\" \/>\n\t<meta name=\"twitter:data1\" content=\"1\u00a0Minute\" \/>\n<script type=\"application\/ld+json\" class=\"yoast-schema-graph\">{\"@context\":\"https:\\\/\\\/schema.org\",\"@graph\":[{\"@type\":\"WebPage\",\"@id\":\"https:\\\/\\\/conexbooks.de\\\/a\\\/shop\\\/produkt\\\/von-gabriele-lindemann-und-vera-heim\\\/\",\"url\":\"https:\\\/\\\/conexbooks.de\\\/a\\\/shop\\\/produkt\\\/von-gabriele-lindemann-und-vera-heim\\\/\",\"name\":\"Erfolgsfaktor Menschlichkeit - Conex-Shop\",\"isPartOf\":{\"@id\":\"https:\\\/\\\/conexbooks.de\\\/a\\\/shop\\\/#website\"},\"primaryImageOfPage\":{\"@id\":\"https:\\\/\\\/conexbooks.de\\\/a\\\/shop\\\/produkt\\\/von-gabriele-lindemann-und-vera-heim\\\/#primaryimage\"},\"image\":{\"@id\":\"https:\\\/\\\/conexbooks.de\\\/a\\\/shop\\\/produkt\\\/von-gabriele-lindemann-und-vera-heim\\\/#primaryimage\"},\"thumbnailUrl\":\"https:\\\/\\\/conexbooks.de\\\/a\\\/shop\\\/wp-content\\\/uploads\\\/2017\\\/11\\\/072.jpg\",\"datePublished\":\"2017-11-14T19:10:04+00:00\",\"dateModified\":\"2025-01-28T18:23:18+00:00\",\"breadcrumb\":{\"@id\":\"https:\\\/\\\/conexbooks.de\\\/a\\\/shop\\\/produkt\\\/von-gabriele-lindemann-und-vera-heim\\\/#breadcrumb\"},\"inLanguage\":\"de\",\"potentialAction\":[{\"@type\":\"ReadAction\",\"target\":[\"https:\\\/\\\/conexbooks.de\\\/a\\\/shop\\\/produkt\\\/von-gabriele-lindemann-und-vera-heim\\\/\"]}]},{\"@type\":\"ImageObject\",\"inLanguage\":\"de\",\"@id\":\"https:\\\/\\\/conexbooks.de\\\/a\\\/shop\\\/produkt\\\/von-gabriele-lindemann-und-vera-heim\\\/#primaryimage\",\"url\":\"https:\\\/\\\/conexbooks.de\\\/a\\\/shop\\\/wp-content\\\/uploads\\\/2017\\\/11\\\/072.jpg\",\"contentUrl\":\"https:\\\/\\\/conexbooks.de\\\/a\\\/shop\\\/wp-content\\\/uploads\\\/2017\\\/11\\\/072.jpg\",\"width\":283,\"height\":400},{\"@type\":\"BreadcrumbList\",\"@id\":\"https:\\\/\\\/conexbooks.de\\\/a\\\/shop\\\/produkt\\\/von-gabriele-lindemann-und-vera-heim\\\/#breadcrumb\",\"itemListElement\":[{\"@type\":\"ListItem\",\"position\":1,\"name\":\"Home\",\"item\":\"https:\\\/\\\/conexbooks.de\\\/a\\\/shop\\\/\"},{\"@type\":\"ListItem\",\"position\":2,\"name\":\"Shop\",\"item\":\"https:\\\/\\\/conexbooks.de\\\/a\\\/shop\\\/shop\\\/\"},{\"@type\":\"ListItem\",\"position\":3,\"name\":\"Erfolgsfaktor Menschlichkeit\"}]},{\"@type\":\"WebSite\",\"@id\":\"https:\\\/\\\/conexbooks.de\\\/a\\\/shop\\\/#website\",\"url\":\"https:\\\/\\\/conexbooks.de\\\/a\\\/shop\\\/\",\"name\":\"Conex-Shop\",\"description\":\"Alles f\u00fcr die gewaltfreie Kommunikation: B\u00fccher, Spiele. Handpuppen Seminarmaterial und Geschenke\",\"publisher\":{\"@id\":\"https:\\\/\\\/conexbooks.de\\\/a\\\/shop\\\/#organization\"},\"potentialAction\":[{\"@type\":\"SearchAction\",\"target\":{\"@type\":\"EntryPoint\",\"urlTemplate\":\"https:\\\/\\\/conexbooks.de\\\/a\\\/shop\\\/?s={search_term_string}\"},\"query-input\":{\"@type\":\"PropertyValueSpecification\",\"valueRequired\":true,\"valueName\":\"search_term_string\"}}],\"inLanguage\":\"de\"},{\"@type\":\"Organization\",\"@id\":\"https:\\\/\\\/conexbooks.de\\\/a\\\/shop\\\/#organization\",\"name\":\"Conex - books and more\",\"url\":\"https:\\\/\\\/conexbooks.de\\\/a\\\/shop\\\/\",\"logo\":{\"@type\":\"ImageObject\",\"inLanguage\":\"de\",\"@id\":\"https:\\\/\\\/conexbooks.de\\\/a\\\/shop\\\/#\\\/schema\\\/logo\\\/image\\\/\",\"url\":\"https:\\\/\\\/conexbooks.de\\\/a\\\/shop\\\/wp-content\\\/uploads\\\/2017\\\/12\\\/co-logo.png\",\"contentUrl\":\"https:\\\/\\\/conexbooks.de\\\/a\\\/shop\\\/wp-content\\\/uploads\\\/2017\\\/12\\\/co-logo.png\",\"width\":243,\"height\":122,\"caption\":\"Conex - books and more\"},\"image\":{\"@id\":\"https:\\\/\\\/conexbooks.de\\\/a\\\/shop\\\/#\\\/schema\\\/logo\\\/image\\\/\"}}]}<\/script>\n<!-- \/ Yoast SEO plugin. -->","yoast_head_json":{"title":"Erfolgsfaktor Menschlichkeit - Conex-Shop","robots":{"index":"index","follow":"follow","max-snippet":"max-snippet:-1","max-image-preview":"max-image-preview:large","max-video-preview":"max-video-preview:-1"},"canonical":"https:\/\/conexbooks.de\/a\/shop\/produkt\/von-gabriele-lindemann-und-vera-heim\/","og_locale":"de_DE","og_type":"article","og_title":"Erfolgsfaktor Menschlichkeit - Conex-Shop","og_description":"Gabriele Lindemann, Vera Heim Wertsch\u00e4tzend f\u00fchren - wirksam kommunizieren. Ein Praxishandbuch Junfermann-Verlag 1. Auflage 2009,\u00a0224 Seiten, kartoniert, Format: 17 x 24 cm","og_url":"https:\/\/conexbooks.de\/a\/shop\/produkt\/von-gabriele-lindemann-und-vera-heim\/","og_site_name":"Conex-Shop","article_modified_time":"2025-01-28T18:23:18+00:00","og_image":[{"width":283,"height":400,"url":"https:\/\/conexbooks.de\/a\/shop\/wp-content\/uploads\/2017\/11\/072.jpg","type":"image\/jpeg"}],"twitter_card":"summary_large_image","twitter_misc":{"Gesch\u00e4tzte Lesezeit":"1\u00a0Minute"},"schema":{"@context":"https:\/\/schema.org","@graph":[{"@type":"WebPage","@id":"https:\/\/conexbooks.de\/a\/shop\/produkt\/von-gabriele-lindemann-und-vera-heim\/","url":"https:\/\/conexbooks.de\/a\/shop\/produkt\/von-gabriele-lindemann-und-vera-heim\/","name":"Erfolgsfaktor Menschlichkeit - Conex-Shop","isPartOf":{"@id":"https:\/\/conexbooks.de\/a\/shop\/#website"},"primaryImageOfPage":{"@id":"https:\/\/conexbooks.de\/a\/shop\/produkt\/von-gabriele-lindemann-und-vera-heim\/#primaryimage"},"image":{"@id":"https:\/\/conexbooks.de\/a\/shop\/produkt\/von-gabriele-lindemann-und-vera-heim\/#primaryimage"},"thumbnailUrl":"https:\/\/conexbooks.de\/a\/shop\/wp-content\/uploads\/2017\/11\/072.jpg","datePublished":"2017-11-14T19:10:04+00:00","dateModified":"2025-01-28T18:23:18+00:00","breadcrumb":{"@id":"https:\/\/conexbooks.de\/a\/shop\/produkt\/von-gabriele-lindemann-und-vera-heim\/#breadcrumb"},"inLanguage":"de","potentialAction":[{"@type":"ReadAction","target":["https:\/\/conexbooks.de\/a\/shop\/produkt\/von-gabriele-lindemann-und-vera-heim\/"]}]},{"@type":"ImageObject","inLanguage":"de","@id":"https:\/\/conexbooks.de\/a\/shop\/produkt\/von-gabriele-lindemann-und-vera-heim\/#primaryimage","url":"https:\/\/conexbooks.de\/a\/shop\/wp-content\/uploads\/2017\/11\/072.jpg","contentUrl":"https:\/\/conexbooks.de\/a\/shop\/wp-content\/uploads\/2017\/11\/072.jpg","width":283,"height":400},{"@type":"BreadcrumbList","@id":"https:\/\/conexbooks.de\/a\/shop\/produkt\/von-gabriele-lindemann-und-vera-heim\/#breadcrumb","itemListElement":[{"@type":"ListItem","position":1,"name":"Home","item":"https:\/\/conexbooks.de\/a\/shop\/"},{"@type":"ListItem","position":2,"name":"Shop","item":"https:\/\/conexbooks.de\/a\/shop\/shop\/"},{"@type":"ListItem","position":3,"name":"Erfolgsfaktor Menschlichkeit"}]},{"@type":"WebSite","@id":"https:\/\/conexbooks.de\/a\/shop\/#website","url":"https:\/\/conexbooks.de\/a\/shop\/","name":"Conex-Shop","description":"Alles f\u00fcr die gewaltfreie Kommunikation: B\u00fccher, Spiele. Handpuppen Seminarmaterial und Geschenke","publisher":{"@id":"https:\/\/conexbooks.de\/a\/shop\/#organization"},"potentialAction":[{"@type":"SearchAction","target":{"@type":"EntryPoint","urlTemplate":"https:\/\/conexbooks.de\/a\/shop\/?s={search_term_string}"},"query-input":{"@type":"PropertyValueSpecification","valueRequired":true,"valueName":"search_term_string"}}],"inLanguage":"de"},{"@type":"Organization","@id":"https:\/\/conexbooks.de\/a\/shop\/#organization","name":"Conex - books and more","url":"https:\/\/conexbooks.de\/a\/shop\/","logo":{"@type":"ImageObject","inLanguage":"de","@id":"https:\/\/conexbooks.de\/a\/shop\/#\/schema\/logo\/image\/","url":"https:\/\/conexbooks.de\/a\/shop\/wp-content\/uploads\/2017\/12\/co-logo.png","contentUrl":"https:\/\/conexbooks.de\/a\/shop\/wp-content\/uploads\/2017\/12\/co-logo.png","width":243,"height":122,"caption":"Conex - books and more"},"image":{"@id":"https:\/\/conexbooks.de\/a\/shop\/#\/schema\/logo\/image\/"}}]}},"_links":{"self":[{"href":"https:\/\/conexbooks.de\/a\/shop\/wp-json\/wp\/v2\/product\/1008","targetHints":{"allow":["GET"]}}],"collection":[{"href":"https:\/\/conexbooks.de\/a\/shop\/wp-json\/wp\/v2\/product"}],"about":[{"href":"https:\/\/conexbooks.de\/a\/shop\/wp-json\/wp\/v2\/types\/product"}],"wp:featuredmedia":[{"embeddable":true,"href":"https:\/\/conexbooks.de\/a\/shop\/wp-json\/wp\/v2\/media\/1331"}],"wp:attachment":[{"href":"https:\/\/conexbooks.de\/a\/shop\/wp-json\/wp\/v2\/media?parent=1008"}],"wp:term":[{"taxonomy":"product_brand","embeddable":true,"href":"https:\/\/conexbooks.de\/a\/shop\/wp-json\/wp\/v2\/product_brand?post=1008"},{"taxonomy":"product_cat","embeddable":true,"href":"https:\/\/conexbooks.de\/a\/shop\/wp-json\/wp\/v2\/product_cat?post=1008"},{"taxonomy":"product_tag","embeddable":true,"href":"https:\/\/conexbooks.de\/a\/shop\/wp-json\/wp\/v2\/product_tag?post=1008"}],"curies":[{"name":"wp","href":"https:\/\/api.w.org\/{rel}","templated":true}]}}