{"id":1011,"date":"2017-11-14T20:10:04","date_gmt":"2017-11-14T19:10:04","guid":{"rendered":"https:\/\/conexbooks.de\/a\/shop\/wp\/produkt\/als-audio-cd-4-geleitete-selbsteinfuehlungen-von-serena-rust\/"},"modified":"2023-05-31T23:17:21","modified_gmt":"2023-05-31T21:17:21","slug":"als-audio-cd-4-geleitete-selbsteinfuehlungen-von-serena-rust","status":"publish","type":"product","link":"https:\/\/conexbooks.de\/a\/shop\/produkt\/als-audio-cd-4-geleitete-selbsteinfuehlungen-von-serena-rust\/","title":{"rendered":"Wenn die Giraffe mit dem Wolf tanzt"},"content":{"rendered":"<h4>Geleitete Selbsteinf\u00fchlung angelehnt an die vier Schritte der Gewaltfreie Kommunikation nach Dr. M.B. Rosenberg<\/h4>\n<h4>Meditations-CD von der Autorin selbst gesprochen.<\/h4>\n<p>Auf dieser CD finden Sie vier geleitete Imaginationen, angelehnt an die vier Schritte der Gewaltfreien Kommunikation: Beobachtung, Gef\u00fchl, Bed\u00fcrfnis und Bitte.<\/p>\n<p>Sie st\u00e4rken mit diesen Imaginationen\/Meditationen Ihr Einf\u00fchlungsverm\u00f6gen und entwickeln eine positive Einstellung sich selbst und anderen gegen\u00fcber. Sie k\u00f6nnen damit Konfliktsituationen vor- und nachbereiten, sie sind aber auch ein hervorragendes Gegenmittel bei Gereiztheit, schlechter Laune und einer abwertenden Haltung anderen Menschen gegen\u00fcber.<\/p>\n<p>Diese \u00dcbungen bieten eine gleicherma\u00dfen einf\u00fchlsame und effektive Anleitung, um die eigenen Gef\u00fchle kennen zu lernen und wirklich zu erleben, um sich von den eigenen Gef\u00fchlen zu Ihren dahinter liegenden Bed\u00fcrfnissen f\u00fchren zu lassen um sich Ihrer Bed\u00fcrfnisse bewusst zu werden und Ihre lebendige Kraft wahrzunehmen und um darin die klare Orientierung und den Mut zu finden, angemessen und wirkungsvoll zu handeln.<\/p>\n<p>&nbsp;<\/p>\n<div id='1' class='widgets_on_page wop_tiny1  wop_small1  wop_medium1  wop_large1  wop_wide1'>\n\t\t\t<ul><li id=\"custom_html-4\" class=\"widget_text widget widget_custom_html\"><div class=\"textwidget custom-html-widget\"><div style=\"text-align:left;\">\r\n<button class = \"button\" style=\"height: 30px; font-size: 0.8em;\" name=\"zuruck\" type=\"button\" onclick=\"history.back()\">Zur\u00fcck zur \u00dcbersicht<\/button><\/div><\/div><\/li><\/ul><\/div><!-- widgets_on_page -->\n","protected":false},"excerpt":{"rendered":"<h3>Meditations-CD von der Autorin Serena Rust selbst gesprochen<\/h3>\n<h3>Geleitete Selbsteinf\u00fchlung angelehnt an die vier Schritte der Gewaltfreie Kommunikation nach Dr. M.B. Rosenberg<\/h3>\n<p>Audio CD 60 Minuten<br \/>\nISBN 978-3-86728-026-6<\/p>\n","protected":false},"featured_media":2257,"template":"","meta":[],"product_brand":[],"product_cat":[42],"product_tag":[],"class_list":{"0":"post-1011","1":"product","2":"type-product","3":"status-publish","4":"has-post-thumbnail","6":"product_cat-audio","8":"first","9":"instock","10":"shipping-taxable","11":"purchasable","12":"product-type-simple"},"yoast_head":"<!-- This site is optimized with the Yoast SEO plugin v27.3 - https:\/\/yoast.com\/product\/yoast-seo-wordpress\/ -->\n<title>Wenn die Giraffe mit dem Wolf tanzt - Conex-Shop<\/title>\n<meta name=\"robots\" content=\"index, follow, max-snippet:-1, max-image-preview:large, max-video-preview:-1\" \/>\n<link rel=\"canonical\" href=\"https:\/\/conexbooks.de\/a\/shop\/produkt\/als-audio-cd-4-geleitete-selbsteinfuehlungen-von-serena-rust\/\" \/>\n<meta property=\"og:locale\" content=\"de_DE\" \/>\n<meta property=\"og:type\" content=\"article\" \/>\n<meta property=\"og:title\" content=\"Wenn die Giraffe mit dem Wolf tanzt - Conex-Shop\" \/>\n<meta property=\"og:description\" content=\"Meditations-CD von der Autorin Serena Rust selbst gesprochen Geleitete Selbsteinf\u00fchlung angelehnt an die vier Schritte der Gewaltfreie Kommunikation nach Dr. M.B. Rosenberg Audio CD 60 Minuten ISBN 978-3-86728-026-6\" \/>\n<meta property=\"og:url\" content=\"https:\/\/conexbooks.de\/a\/shop\/produkt\/als-audio-cd-4-geleitete-selbsteinfuehlungen-von-serena-rust\/\" \/>\n<meta property=\"og:site_name\" content=\"Conex-Shop\" \/>\n<meta property=\"article:modified_time\" content=\"2023-05-31T21:17:21+00:00\" \/>\n<meta property=\"og:image\" content=\"https:\/\/conexbooks.de\/a\/shop\/wp-content\/uploads\/2017\/11\/421.jpg\" \/>\n\t<meta property=\"og:image:width\" content=\"125\" \/>\n\t<meta property=\"og:image:height\" content=\"125\" \/>\n\t<meta property=\"og:image:type\" content=\"image\/jpeg\" \/>\n<meta name=\"twitter:card\" content=\"summary_large_image\" \/>\n<meta name=\"twitter:label1\" content=\"Gesch\u00e4tzte Lesezeit\" \/>\n\t<meta name=\"twitter:data1\" content=\"1\u00a0Minute\" \/>\n<script type=\"application\/ld+json\" class=\"yoast-schema-graph\">{\"@context\":\"https:\\\/\\\/schema.org\",\"@graph\":[{\"@type\":\"WebPage\",\"@id\":\"https:\\\/\\\/conexbooks.de\\\/a\\\/shop\\\/produkt\\\/als-audio-cd-4-geleitete-selbsteinfuehlungen-von-serena-rust\\\/\",\"url\":\"https:\\\/\\\/conexbooks.de\\\/a\\\/shop\\\/produkt\\\/als-audio-cd-4-geleitete-selbsteinfuehlungen-von-serena-rust\\\/\",\"name\":\"Wenn die Giraffe mit dem Wolf tanzt - Conex-Shop\",\"isPartOf\":{\"@id\":\"https:\\\/\\\/conexbooks.de\\\/a\\\/shop\\\/#website\"},\"primaryImageOfPage\":{\"@id\":\"https:\\\/\\\/conexbooks.de\\\/a\\\/shop\\\/produkt\\\/als-audio-cd-4-geleitete-selbsteinfuehlungen-von-serena-rust\\\/#primaryimage\"},\"image\":{\"@id\":\"https:\\\/\\\/conexbooks.de\\\/a\\\/shop\\\/produkt\\\/als-audio-cd-4-geleitete-selbsteinfuehlungen-von-serena-rust\\\/#primaryimage\"},\"thumbnailUrl\":\"https:\\\/\\\/conexbooks.de\\\/a\\\/shop\\\/wp-content\\\/uploads\\\/2017\\\/11\\\/421.jpg\",\"datePublished\":\"2017-11-14T19:10:04+00:00\",\"dateModified\":\"2023-05-31T21:17:21+00:00\",\"breadcrumb\":{\"@id\":\"https:\\\/\\\/conexbooks.de\\\/a\\\/shop\\\/produkt\\\/als-audio-cd-4-geleitete-selbsteinfuehlungen-von-serena-rust\\\/#breadcrumb\"},\"inLanguage\":\"de\",\"potentialAction\":[{\"@type\":\"ReadAction\",\"target\":[\"https:\\\/\\\/conexbooks.de\\\/a\\\/shop\\\/produkt\\\/als-audio-cd-4-geleitete-selbsteinfuehlungen-von-serena-rust\\\/\"]}]},{\"@type\":\"ImageObject\",\"inLanguage\":\"de\",\"@id\":\"https:\\\/\\\/conexbooks.de\\\/a\\\/shop\\\/produkt\\\/als-audio-cd-4-geleitete-selbsteinfuehlungen-von-serena-rust\\\/#primaryimage\",\"url\":\"https:\\\/\\\/conexbooks.de\\\/a\\\/shop\\\/wp-content\\\/uploads\\\/2017\\\/11\\\/421.jpg\",\"contentUrl\":\"https:\\\/\\\/conexbooks.de\\\/a\\\/shop\\\/wp-content\\\/uploads\\\/2017\\\/11\\\/421.jpg\",\"width\":125,\"height\":125},{\"@type\":\"BreadcrumbList\",\"@id\":\"https:\\\/\\\/conexbooks.de\\\/a\\\/shop\\\/produkt\\\/als-audio-cd-4-geleitete-selbsteinfuehlungen-von-serena-rust\\\/#breadcrumb\",\"itemListElement\":[{\"@type\":\"ListItem\",\"position\":1,\"name\":\"Home\",\"item\":\"https:\\\/\\\/conexbooks.de\\\/a\\\/shop\\\/\"},{\"@type\":\"ListItem\",\"position\":2,\"name\":\"Shop\",\"item\":\"https:\\\/\\\/conexbooks.de\\\/a\\\/shop\\\/shop\\\/\"},{\"@type\":\"ListItem\",\"position\":3,\"name\":\"Wenn die Giraffe mit dem Wolf tanzt\"}]},{\"@type\":\"WebSite\",\"@id\":\"https:\\\/\\\/conexbooks.de\\\/a\\\/shop\\\/#website\",\"url\":\"https:\\\/\\\/conexbooks.de\\\/a\\\/shop\\\/\",\"name\":\"Conex-Shop\",\"description\":\"Alles f\u00fcr die gewaltfreie Kommunikation: B\u00fccher, Spiele. Handpuppen Seminarmaterial und Geschenke\",\"publisher\":{\"@id\":\"https:\\\/\\\/conexbooks.de\\\/a\\\/shop\\\/#organization\"},\"potentialAction\":[{\"@type\":\"SearchAction\",\"target\":{\"@type\":\"EntryPoint\",\"urlTemplate\":\"https:\\\/\\\/conexbooks.de\\\/a\\\/shop\\\/?s={search_term_string}\"},\"query-input\":{\"@type\":\"PropertyValueSpecification\",\"valueRequired\":true,\"valueName\":\"search_term_string\"}}],\"inLanguage\":\"de\"},{\"@type\":\"Organization\",\"@id\":\"https:\\\/\\\/conexbooks.de\\\/a\\\/shop\\\/#organization\",\"name\":\"Conex - books and more\",\"url\":\"https:\\\/\\\/conexbooks.de\\\/a\\\/shop\\\/\",\"logo\":{\"@type\":\"ImageObject\",\"inLanguage\":\"de\",\"@id\":\"https:\\\/\\\/conexbooks.de\\\/a\\\/shop\\\/#\\\/schema\\\/logo\\\/image\\\/\",\"url\":\"https:\\\/\\\/conexbooks.de\\\/a\\\/shop\\\/wp-content\\\/uploads\\\/2017\\\/12\\\/co-logo.png\",\"contentUrl\":\"https:\\\/\\\/conexbooks.de\\\/a\\\/shop\\\/wp-content\\\/uploads\\\/2017\\\/12\\\/co-logo.png\",\"width\":243,\"height\":122,\"caption\":\"Conex - books and more\"},\"image\":{\"@id\":\"https:\\\/\\\/conexbooks.de\\\/a\\\/shop\\\/#\\\/schema\\\/logo\\\/image\\\/\"}}]}<\/script>\n<!-- \/ Yoast SEO plugin. -->","yoast_head_json":{"title":"Wenn die Giraffe mit dem Wolf tanzt - Conex-Shop","robots":{"index":"index","follow":"follow","max-snippet":"max-snippet:-1","max-image-preview":"max-image-preview:large","max-video-preview":"max-video-preview:-1"},"canonical":"https:\/\/conexbooks.de\/a\/shop\/produkt\/als-audio-cd-4-geleitete-selbsteinfuehlungen-von-serena-rust\/","og_locale":"de_DE","og_type":"article","og_title":"Wenn die Giraffe mit dem Wolf tanzt - Conex-Shop","og_description":"Meditations-CD von der Autorin Serena Rust selbst gesprochen Geleitete Selbsteinf\u00fchlung angelehnt an die vier Schritte der Gewaltfreie Kommunikation nach Dr. M.B. Rosenberg Audio CD 60 Minuten ISBN 978-3-86728-026-6","og_url":"https:\/\/conexbooks.de\/a\/shop\/produkt\/als-audio-cd-4-geleitete-selbsteinfuehlungen-von-serena-rust\/","og_site_name":"Conex-Shop","article_modified_time":"2023-05-31T21:17:21+00:00","og_image":[{"width":125,"height":125,"url":"https:\/\/conexbooks.de\/a\/shop\/wp-content\/uploads\/2017\/11\/421.jpg","type":"image\/jpeg"}],"twitter_card":"summary_large_image","twitter_misc":{"Gesch\u00e4tzte Lesezeit":"1\u00a0Minute"},"schema":{"@context":"https:\/\/schema.org","@graph":[{"@type":"WebPage","@id":"https:\/\/conexbooks.de\/a\/shop\/produkt\/als-audio-cd-4-geleitete-selbsteinfuehlungen-von-serena-rust\/","url":"https:\/\/conexbooks.de\/a\/shop\/produkt\/als-audio-cd-4-geleitete-selbsteinfuehlungen-von-serena-rust\/","name":"Wenn die Giraffe mit dem Wolf tanzt - Conex-Shop","isPartOf":{"@id":"https:\/\/conexbooks.de\/a\/shop\/#website"},"primaryImageOfPage":{"@id":"https:\/\/conexbooks.de\/a\/shop\/produkt\/als-audio-cd-4-geleitete-selbsteinfuehlungen-von-serena-rust\/#primaryimage"},"image":{"@id":"https:\/\/conexbooks.de\/a\/shop\/produkt\/als-audio-cd-4-geleitete-selbsteinfuehlungen-von-serena-rust\/#primaryimage"},"thumbnailUrl":"https:\/\/conexbooks.de\/a\/shop\/wp-content\/uploads\/2017\/11\/421.jpg","datePublished":"2017-11-14T19:10:04+00:00","dateModified":"2023-05-31T21:17:21+00:00","breadcrumb":{"@id":"https:\/\/conexbooks.de\/a\/shop\/produkt\/als-audio-cd-4-geleitete-selbsteinfuehlungen-von-serena-rust\/#breadcrumb"},"inLanguage":"de","potentialAction":[{"@type":"ReadAction","target":["https:\/\/conexbooks.de\/a\/shop\/produkt\/als-audio-cd-4-geleitete-selbsteinfuehlungen-von-serena-rust\/"]}]},{"@type":"ImageObject","inLanguage":"de","@id":"https:\/\/conexbooks.de\/a\/shop\/produkt\/als-audio-cd-4-geleitete-selbsteinfuehlungen-von-serena-rust\/#primaryimage","url":"https:\/\/conexbooks.de\/a\/shop\/wp-content\/uploads\/2017\/11\/421.jpg","contentUrl":"https:\/\/conexbooks.de\/a\/shop\/wp-content\/uploads\/2017\/11\/421.jpg","width":125,"height":125},{"@type":"BreadcrumbList","@id":"https:\/\/conexbooks.de\/a\/shop\/produkt\/als-audio-cd-4-geleitete-selbsteinfuehlungen-von-serena-rust\/#breadcrumb","itemListElement":[{"@type":"ListItem","position":1,"name":"Home","item":"https:\/\/conexbooks.de\/a\/shop\/"},{"@type":"ListItem","position":2,"name":"Shop","item":"https:\/\/conexbooks.de\/a\/shop\/shop\/"},{"@type":"ListItem","position":3,"name":"Wenn die Giraffe mit dem Wolf tanzt"}]},{"@type":"WebSite","@id":"https:\/\/conexbooks.de\/a\/shop\/#website","url":"https:\/\/conexbooks.de\/a\/shop\/","name":"Conex-Shop","description":"Alles f\u00fcr die gewaltfreie Kommunikation: B\u00fccher, Spiele. Handpuppen Seminarmaterial und Geschenke","publisher":{"@id":"https:\/\/conexbooks.de\/a\/shop\/#organization"},"potentialAction":[{"@type":"SearchAction","target":{"@type":"EntryPoint","urlTemplate":"https:\/\/conexbooks.de\/a\/shop\/?s={search_term_string}"},"query-input":{"@type":"PropertyValueSpecification","valueRequired":true,"valueName":"search_term_string"}}],"inLanguage":"de"},{"@type":"Organization","@id":"https:\/\/conexbooks.de\/a\/shop\/#organization","name":"Conex - books and more","url":"https:\/\/conexbooks.de\/a\/shop\/","logo":{"@type":"ImageObject","inLanguage":"de","@id":"https:\/\/conexbooks.de\/a\/shop\/#\/schema\/logo\/image\/","url":"https:\/\/conexbooks.de\/a\/shop\/wp-content\/uploads\/2017\/12\/co-logo.png","contentUrl":"https:\/\/conexbooks.de\/a\/shop\/wp-content\/uploads\/2017\/12\/co-logo.png","width":243,"height":122,"caption":"Conex - books and more"},"image":{"@id":"https:\/\/conexbooks.de\/a\/shop\/#\/schema\/logo\/image\/"}}]}},"_links":{"self":[{"href":"https:\/\/conexbooks.de\/a\/shop\/wp-json\/wp\/v2\/product\/1011","targetHints":{"allow":["GET"]}}],"collection":[{"href":"https:\/\/conexbooks.de\/a\/shop\/wp-json\/wp\/v2\/product"}],"about":[{"href":"https:\/\/conexbooks.de\/a\/shop\/wp-json\/wp\/v2\/types\/product"}],"wp:featuredmedia":[{"embeddable":true,"href":"https:\/\/conexbooks.de\/a\/shop\/wp-json\/wp\/v2\/media\/2257"}],"wp:attachment":[{"href":"https:\/\/conexbooks.de\/a\/shop\/wp-json\/wp\/v2\/media?parent=1011"}],"wp:term":[{"taxonomy":"product_brand","embeddable":true,"href":"https:\/\/conexbooks.de\/a\/shop\/wp-json\/wp\/v2\/product_brand?post=1011"},{"taxonomy":"product_cat","embeddable":true,"href":"https:\/\/conexbooks.de\/a\/shop\/wp-json\/wp\/v2\/product_cat?post=1011"},{"taxonomy":"product_tag","embeddable":true,"href":"https:\/\/conexbooks.de\/a\/shop\/wp-json\/wp\/v2\/product_tag?post=1011"}],"curies":[{"name":"wp","href":"https:\/\/api.w.org\/{rel}","templated":true}]}}