{"id":1012,"date":"2017-11-14T20:10:05","date_gmt":"2017-11-14T19:10:05","guid":{"rendered":"https:\/\/conexbooks.de\/a\/shop\/wp\/produkt\/als-hoerbuch-von-marshall-b-rosenberg-und-gabriele-seils\/"},"modified":"2023-07-31T16:27:22","modified_gmt":"2023-07-31T14:27:22","slug":"als-hoerbuch-von-marshall-b-rosenberg-und-gabriele-seils","status":"publish","type":"product","link":"https:\/\/conexbooks.de\/a\/shop\/produkt\/als-hoerbuch-von-marshall-b-rosenberg-und-gabriele-seils\/","title":{"rendered":"H\u00f6rbuch: Konflikte l\u00f6sen durch Gewaltfreie Kommunikation"},"content":{"rendered":"<h4>als <span style=\"color: red;\">H\u00f6rbuch<\/span> von Marshall B. Rosenberg und Gabriele Seils<\/h4>\n<p>Gef\u00fchle aussprechen, Bed\u00fcrfnisse kl\u00e4ren, L\u00f6sungen finden<br \/>\nWo liegen die Ursachen von Gewalt? Wie kann ich hilfreich mit Konflikten umgehen? Im pers\u00f6nlichen Gespr\u00e4ch mit Gabriele Seils gibt der international bekannte Psychologe Antworten auf Fragen, die angesichts steigender Aggressionen zwischen Kindern und in Familien, in Schulen und in Betrieben, in den St\u00e4dten ebenso wie zwischen Nationen immer dringlicher werden. Er l\u00e4sst die Macht der Empathie sp\u00fcrbar werden und macht deutlich: Gewaltfreie Kommunikation ist eine faszinierende M\u00f6glichkeit.<\/p>\n<p>\u201eDie Grundidee seiner Methode einer gewaltfreien Verst\u00e4ndigung ist laut Rosenberg ganz einfach: Erstens: beobachte dich selbst \u2013 was ist lebendig in dir? Und zweitens: Wodurch w\u00fcrde sich deine Lebensqualit\u00e4t verbessern, was w\u00fcrde dein Leben bereichern? Lerne diese beiden Dinge zu kommunizieren, ehrlich, ohne jegliche Kritik.\u201c<br \/>\nTagespost, W\u00fcrzburg<\/p>\n<p>&nbsp;<\/p>\n<div id='1' class='widgets_on_page wop_tiny1  wop_small1  wop_medium1  wop_large1  wop_wide1'>\n\t\t\t<ul><li id=\"custom_html-4\" class=\"widget_text widget widget_custom_html\"><div class=\"textwidget custom-html-widget\"><div style=\"text-align:left;\">\r\n<button class = \"button\" style=\"height: 30px; font-size: 0.8em;\" name=\"zuruck\" type=\"button\" onclick=\"history.back()\">Zur\u00fcck zur \u00dcbersicht<\/button><\/div><\/div><\/li><\/ul><\/div><!-- widgets_on_page -->\n","protected":false},"excerpt":{"rendered":"<h3>als H\u00f6rbuch von Marshall B. Rosenberg und Gabriele Seils<\/h3>\n<p>Sprecher: Thomas Hollaender, Ulrike H\u00fcbschmann<br \/>\n4 CD L\u00e4nge: 331 Min.<br \/>\nAutorisierte H\u00f6rfassung<br \/>\nErschienen: M\u00e4rz 2007<br \/>\nISBN 3-88698-923-2<br \/>\n978-3-88698-923-2<\/p>\n<p>&nbsp;<\/p>\n","protected":false},"featured_media":2262,"template":"","meta":[],"product_brand":[],"product_cat":[42],"product_tag":[],"class_list":{"0":"post-1012","1":"product","2":"type-product","3":"status-publish","4":"has-post-thumbnail","6":"product_cat-audio","8":"first","9":"instock","10":"shipping-taxable","11":"purchasable","12":"product-type-simple"},"yoast_head":"<!-- This site is optimized with the Yoast SEO plugin v27.4 - https:\/\/yoast.com\/product\/yoast-seo-wordpress\/ -->\n<title>H\u00f6rbuch: Konflikte l\u00f6sen durch Gewaltfreie Kommunikation - Conex-Shop<\/title>\n<meta name=\"robots\" content=\"index, follow, max-snippet:-1, max-image-preview:large, max-video-preview:-1\" \/>\n<link rel=\"canonical\" href=\"https:\/\/conexbooks.de\/a\/shop\/produkt\/als-hoerbuch-von-marshall-b-rosenberg-und-gabriele-seils\/\" \/>\n<meta property=\"og:locale\" content=\"de_DE\" \/>\n<meta property=\"og:type\" content=\"article\" \/>\n<meta property=\"og:title\" content=\"H\u00f6rbuch: Konflikte l\u00f6sen durch Gewaltfreie Kommunikation - Conex-Shop\" \/>\n<meta property=\"og:description\" content=\"als H\u00f6rbuch von Marshall B. Rosenberg und Gabriele Seils Sprecher: Thomas Hollaender, Ulrike H\u00fcbschmann 4 CD L\u00e4nge: 331 Min. Autorisierte H\u00f6rfassung Erschienen: M\u00e4rz 2007 ISBN 3-88698-923-2 978-3-88698-923-2  &nbsp;\" \/>\n<meta property=\"og:url\" content=\"https:\/\/conexbooks.de\/a\/shop\/produkt\/als-hoerbuch-von-marshall-b-rosenberg-und-gabriele-seils\/\" \/>\n<meta property=\"og:site_name\" content=\"Conex-Shop\" \/>\n<meta property=\"article:modified_time\" content=\"2023-07-31T14:27:22+00:00\" \/>\n<meta property=\"og:image\" content=\"https:\/\/conexbooks.de\/a\/shop\/wp-content\/uploads\/2017\/11\/423.jpg\" \/>\n\t<meta property=\"og:image:width\" content=\"200\" \/>\n\t<meta property=\"og:image:height\" content=\"179\" \/>\n\t<meta property=\"og:image:type\" content=\"image\/jpeg\" \/>\n<meta name=\"twitter:card\" content=\"summary_large_image\" \/>\n<meta name=\"twitter:label1\" content=\"Gesch\u00e4tzte Lesezeit\" \/>\n\t<meta name=\"twitter:data1\" content=\"1\u00a0Minute\" \/>\n<script type=\"application\/ld+json\" class=\"yoast-schema-graph\">{\"@context\":\"https:\\\/\\\/schema.org\",\"@graph\":[{\"@type\":\"WebPage\",\"@id\":\"https:\\\/\\\/conexbooks.de\\\/a\\\/shop\\\/produkt\\\/als-hoerbuch-von-marshall-b-rosenberg-und-gabriele-seils\\\/\",\"url\":\"https:\\\/\\\/conexbooks.de\\\/a\\\/shop\\\/produkt\\\/als-hoerbuch-von-marshall-b-rosenberg-und-gabriele-seils\\\/\",\"name\":\"H\u00f6rbuch: Konflikte l\u00f6sen durch Gewaltfreie Kommunikation - Conex-Shop\",\"isPartOf\":{\"@id\":\"https:\\\/\\\/conexbooks.de\\\/a\\\/shop\\\/#website\"},\"primaryImageOfPage\":{\"@id\":\"https:\\\/\\\/conexbooks.de\\\/a\\\/shop\\\/produkt\\\/als-hoerbuch-von-marshall-b-rosenberg-und-gabriele-seils\\\/#primaryimage\"},\"image\":{\"@id\":\"https:\\\/\\\/conexbooks.de\\\/a\\\/shop\\\/produkt\\\/als-hoerbuch-von-marshall-b-rosenberg-und-gabriele-seils\\\/#primaryimage\"},\"thumbnailUrl\":\"https:\\\/\\\/conexbooks.de\\\/a\\\/shop\\\/wp-content\\\/uploads\\\/2017\\\/11\\\/423.jpg\",\"datePublished\":\"2017-11-14T19:10:05+00:00\",\"dateModified\":\"2023-07-31T14:27:22+00:00\",\"breadcrumb\":{\"@id\":\"https:\\\/\\\/conexbooks.de\\\/a\\\/shop\\\/produkt\\\/als-hoerbuch-von-marshall-b-rosenberg-und-gabriele-seils\\\/#breadcrumb\"},\"inLanguage\":\"de\",\"potentialAction\":[{\"@type\":\"ReadAction\",\"target\":[\"https:\\\/\\\/conexbooks.de\\\/a\\\/shop\\\/produkt\\\/als-hoerbuch-von-marshall-b-rosenberg-und-gabriele-seils\\\/\"]}]},{\"@type\":\"ImageObject\",\"inLanguage\":\"de\",\"@id\":\"https:\\\/\\\/conexbooks.de\\\/a\\\/shop\\\/produkt\\\/als-hoerbuch-von-marshall-b-rosenberg-und-gabriele-seils\\\/#primaryimage\",\"url\":\"https:\\\/\\\/conexbooks.de\\\/a\\\/shop\\\/wp-content\\\/uploads\\\/2017\\\/11\\\/423.jpg\",\"contentUrl\":\"https:\\\/\\\/conexbooks.de\\\/a\\\/shop\\\/wp-content\\\/uploads\\\/2017\\\/11\\\/423.jpg\",\"width\":200,\"height\":179},{\"@type\":\"BreadcrumbList\",\"@id\":\"https:\\\/\\\/conexbooks.de\\\/a\\\/shop\\\/produkt\\\/als-hoerbuch-von-marshall-b-rosenberg-und-gabriele-seils\\\/#breadcrumb\",\"itemListElement\":[{\"@type\":\"ListItem\",\"position\":1,\"name\":\"Home\",\"item\":\"https:\\\/\\\/conexbooks.de\\\/a\\\/shop\\\/\"},{\"@type\":\"ListItem\",\"position\":2,\"name\":\"Shop\",\"item\":\"https:\\\/\\\/conexbooks.de\\\/a\\\/shop\\\/shop\\\/\"},{\"@type\":\"ListItem\",\"position\":3,\"name\":\"H\u00f6rbuch: Konflikte l\u00f6sen durch Gewaltfreie Kommunikation\"}]},{\"@type\":\"WebSite\",\"@id\":\"https:\\\/\\\/conexbooks.de\\\/a\\\/shop\\\/#website\",\"url\":\"https:\\\/\\\/conexbooks.de\\\/a\\\/shop\\\/\",\"name\":\"Conex-Shop\",\"description\":\"Alles f\u00fcr die gewaltfreie Kommunikation: B\u00fccher, Spiele. Handpuppen Seminarmaterial und Geschenke\",\"publisher\":{\"@id\":\"https:\\\/\\\/conexbooks.de\\\/a\\\/shop\\\/#organization\"},\"potentialAction\":[{\"@type\":\"SearchAction\",\"target\":{\"@type\":\"EntryPoint\",\"urlTemplate\":\"https:\\\/\\\/conexbooks.de\\\/a\\\/shop\\\/?s={search_term_string}\"},\"query-input\":{\"@type\":\"PropertyValueSpecification\",\"valueRequired\":true,\"valueName\":\"search_term_string\"}}],\"inLanguage\":\"de\"},{\"@type\":\"Organization\",\"@id\":\"https:\\\/\\\/conexbooks.de\\\/a\\\/shop\\\/#organization\",\"name\":\"Conex - books and more\",\"url\":\"https:\\\/\\\/conexbooks.de\\\/a\\\/shop\\\/\",\"logo\":{\"@type\":\"ImageObject\",\"inLanguage\":\"de\",\"@id\":\"https:\\\/\\\/conexbooks.de\\\/a\\\/shop\\\/#\\\/schema\\\/logo\\\/image\\\/\",\"url\":\"https:\\\/\\\/conexbooks.de\\\/a\\\/shop\\\/wp-content\\\/uploads\\\/2017\\\/12\\\/co-logo.png\",\"contentUrl\":\"https:\\\/\\\/conexbooks.de\\\/a\\\/shop\\\/wp-content\\\/uploads\\\/2017\\\/12\\\/co-logo.png\",\"width\":243,\"height\":122,\"caption\":\"Conex - books and more\"},\"image\":{\"@id\":\"https:\\\/\\\/conexbooks.de\\\/a\\\/shop\\\/#\\\/schema\\\/logo\\\/image\\\/\"}}]}<\/script>\n<!-- \/ Yoast SEO plugin. -->","yoast_head_json":{"title":"H\u00f6rbuch: Konflikte l\u00f6sen durch Gewaltfreie Kommunikation - Conex-Shop","robots":{"index":"index","follow":"follow","max-snippet":"max-snippet:-1","max-image-preview":"max-image-preview:large","max-video-preview":"max-video-preview:-1"},"canonical":"https:\/\/conexbooks.de\/a\/shop\/produkt\/als-hoerbuch-von-marshall-b-rosenberg-und-gabriele-seils\/","og_locale":"de_DE","og_type":"article","og_title":"H\u00f6rbuch: Konflikte l\u00f6sen durch Gewaltfreie Kommunikation - Conex-Shop","og_description":"als H\u00f6rbuch von Marshall B. Rosenberg und Gabriele Seils Sprecher: Thomas Hollaender, Ulrike H\u00fcbschmann 4 CD L\u00e4nge: 331 Min. Autorisierte H\u00f6rfassung Erschienen: M\u00e4rz 2007 ISBN 3-88698-923-2 978-3-88698-923-2  &nbsp;","og_url":"https:\/\/conexbooks.de\/a\/shop\/produkt\/als-hoerbuch-von-marshall-b-rosenberg-und-gabriele-seils\/","og_site_name":"Conex-Shop","article_modified_time":"2023-07-31T14:27:22+00:00","og_image":[{"width":200,"height":179,"url":"https:\/\/conexbooks.de\/a\/shop\/wp-content\/uploads\/2017\/11\/423.jpg","type":"image\/jpeg"}],"twitter_card":"summary_large_image","twitter_misc":{"Gesch\u00e4tzte Lesezeit":"1\u00a0Minute"},"schema":{"@context":"https:\/\/schema.org","@graph":[{"@type":"WebPage","@id":"https:\/\/conexbooks.de\/a\/shop\/produkt\/als-hoerbuch-von-marshall-b-rosenberg-und-gabriele-seils\/","url":"https:\/\/conexbooks.de\/a\/shop\/produkt\/als-hoerbuch-von-marshall-b-rosenberg-und-gabriele-seils\/","name":"H\u00f6rbuch: Konflikte l\u00f6sen durch Gewaltfreie Kommunikation - Conex-Shop","isPartOf":{"@id":"https:\/\/conexbooks.de\/a\/shop\/#website"},"primaryImageOfPage":{"@id":"https:\/\/conexbooks.de\/a\/shop\/produkt\/als-hoerbuch-von-marshall-b-rosenberg-und-gabriele-seils\/#primaryimage"},"image":{"@id":"https:\/\/conexbooks.de\/a\/shop\/produkt\/als-hoerbuch-von-marshall-b-rosenberg-und-gabriele-seils\/#primaryimage"},"thumbnailUrl":"https:\/\/conexbooks.de\/a\/shop\/wp-content\/uploads\/2017\/11\/423.jpg","datePublished":"2017-11-14T19:10:05+00:00","dateModified":"2023-07-31T14:27:22+00:00","breadcrumb":{"@id":"https:\/\/conexbooks.de\/a\/shop\/produkt\/als-hoerbuch-von-marshall-b-rosenberg-und-gabriele-seils\/#breadcrumb"},"inLanguage":"de","potentialAction":[{"@type":"ReadAction","target":["https:\/\/conexbooks.de\/a\/shop\/produkt\/als-hoerbuch-von-marshall-b-rosenberg-und-gabriele-seils\/"]}]},{"@type":"ImageObject","inLanguage":"de","@id":"https:\/\/conexbooks.de\/a\/shop\/produkt\/als-hoerbuch-von-marshall-b-rosenberg-und-gabriele-seils\/#primaryimage","url":"https:\/\/conexbooks.de\/a\/shop\/wp-content\/uploads\/2017\/11\/423.jpg","contentUrl":"https:\/\/conexbooks.de\/a\/shop\/wp-content\/uploads\/2017\/11\/423.jpg","width":200,"height":179},{"@type":"BreadcrumbList","@id":"https:\/\/conexbooks.de\/a\/shop\/produkt\/als-hoerbuch-von-marshall-b-rosenberg-und-gabriele-seils\/#breadcrumb","itemListElement":[{"@type":"ListItem","position":1,"name":"Home","item":"https:\/\/conexbooks.de\/a\/shop\/"},{"@type":"ListItem","position":2,"name":"Shop","item":"https:\/\/conexbooks.de\/a\/shop\/shop\/"},{"@type":"ListItem","position":3,"name":"H\u00f6rbuch: Konflikte l\u00f6sen durch Gewaltfreie Kommunikation"}]},{"@type":"WebSite","@id":"https:\/\/conexbooks.de\/a\/shop\/#website","url":"https:\/\/conexbooks.de\/a\/shop\/","name":"Conex-Shop","description":"Alles f\u00fcr die gewaltfreie Kommunikation: B\u00fccher, Spiele. Handpuppen Seminarmaterial und Geschenke","publisher":{"@id":"https:\/\/conexbooks.de\/a\/shop\/#organization"},"potentialAction":[{"@type":"SearchAction","target":{"@type":"EntryPoint","urlTemplate":"https:\/\/conexbooks.de\/a\/shop\/?s={search_term_string}"},"query-input":{"@type":"PropertyValueSpecification","valueRequired":true,"valueName":"search_term_string"}}],"inLanguage":"de"},{"@type":"Organization","@id":"https:\/\/conexbooks.de\/a\/shop\/#organization","name":"Conex - books and more","url":"https:\/\/conexbooks.de\/a\/shop\/","logo":{"@type":"ImageObject","inLanguage":"de","@id":"https:\/\/conexbooks.de\/a\/shop\/#\/schema\/logo\/image\/","url":"https:\/\/conexbooks.de\/a\/shop\/wp-content\/uploads\/2017\/12\/co-logo.png","contentUrl":"https:\/\/conexbooks.de\/a\/shop\/wp-content\/uploads\/2017\/12\/co-logo.png","width":243,"height":122,"caption":"Conex - books and more"},"image":{"@id":"https:\/\/conexbooks.de\/a\/shop\/#\/schema\/logo\/image\/"}}]}},"_links":{"self":[{"href":"https:\/\/conexbooks.de\/a\/shop\/wp-json\/wp\/v2\/product\/1012","targetHints":{"allow":["GET"]}}],"collection":[{"href":"https:\/\/conexbooks.de\/a\/shop\/wp-json\/wp\/v2\/product"}],"about":[{"href":"https:\/\/conexbooks.de\/a\/shop\/wp-json\/wp\/v2\/types\/product"}],"wp:featuredmedia":[{"embeddable":true,"href":"https:\/\/conexbooks.de\/a\/shop\/wp-json\/wp\/v2\/media\/2262"}],"wp:attachment":[{"href":"https:\/\/conexbooks.de\/a\/shop\/wp-json\/wp\/v2\/media?parent=1012"}],"wp:term":[{"taxonomy":"product_brand","embeddable":true,"href":"https:\/\/conexbooks.de\/a\/shop\/wp-json\/wp\/v2\/product_brand?post=1012"},{"taxonomy":"product_cat","embeddable":true,"href":"https:\/\/conexbooks.de\/a\/shop\/wp-json\/wp\/v2\/product_cat?post=1012"},{"taxonomy":"product_tag","embeddable":true,"href":"https:\/\/conexbooks.de\/a\/shop\/wp-json\/wp\/v2\/product_tag?post=1012"}],"curies":[{"name":"wp","href":"https:\/\/api.w.org\/{rel}","templated":true}]}}