{"id":10638,"date":"2019-05-19T14:18:53","date_gmt":"2019-05-19T12:18:53","guid":{"rendered":"https:\/\/conexbooks.de\/a\/shop\/?post_type=product&#038;p=10638"},"modified":"2024-11-22T16:25:53","modified_gmt":"2024-11-22T15:25:53","slug":"patienten-und-teamkommunikation-fuer-aerzte","status":"publish","type":"product","link":"https:\/\/conexbooks.de\/a\/shop\/produkt\/patienten-und-teamkommunikation-fuer-aerzte\/","title":{"rendered":"Patienten- und Teamkommunikation f\u00fcr \u00c4rzte"},"content":{"rendered":"<h3>Patienten- und Teamkommunikation f\u00fcr \u00c4rzte<\/h3>\n<h4 class=\"product-subtitle\">Konstruktiv, l\u00f6sungsorientiert, praxisnah<\/h4>\n<h4 class=\"row product-specifications\"><span class=\"short-description-des\"> <span class=\"std\"> <span class=\"org\">Schnichels, Stephanie\u00a0<\/span><\/span> <\/span><\/h4>\n<div class=\"std\">\n<p>Ob in Klinik oder Praxis &#8211; dieses Buch sollte jeder praktizierende Arzt lesen.<\/p>\n<p>Kommunikation ist eine wichtige Schl\u00fcsselkompetenz im Arztberuf.<\/p>\n<p>Dieses Trainings- und Arbeitsbuch vermittelt einen praktischen Handwerkskasten effizienter Gespr\u00e4chsinterventionen f\u00fcr Klinik und Praxis &#8211; auf der Grundlage der \u201eGewaltfreien Kommunikation&#8220; in Verbindung mit l\u00f6sungs- und ressourcenorientierten Ans\u00e4tzen.<\/p>\n<p>Es zeigt, wie Sie Ihr Gegen\u00fcber (Patient, Angeh\u00f6riger, Teamkollege, Mitarbeiter) selbst in kurzen Gespr\u00e4chen erreichen k\u00f6nnen, ein Vertrauensverh\u00e4ltnis aufbauen und potenzielle Missverst\u00e4ndnisse bzw. Konflikte vermeiden oder aufl\u00f6sen k\u00f6nnen.<br \/>\nVon der Patienten-, Angeh\u00f6rigenkommunikation, der Teamkommunikation oder Gespr\u00e4chsf\u00fchrung in schwierigen, hochemotionalen Situationen sind alle Bereiche abgedeckt. Fallbeispiele machen die Inhalte lebendig und praxisnah.<\/p>\n<\/div>\n<div>\n<p><strong>Dr. med. Stefanie Schnichels<\/strong><\/p>\n<p>ist \u00c4rztin und Kommunikationstrainerin f\u00fcr \u00c4rzte und medizinische Fachberufsgruppen.<\/p>\n<p>Sie arbeitete \u00fcber f\u00fcnfzehn Jahre lang als \u00c4rztin in einer Reha-Klinik f\u00fcr Erwachsene und Kinder am Chiemsee. Nach ihrer Ausbildung zur Trainerin f\u00fcr Gewaltfreie Kommunikation und zur Mediatorin arbeitet sie seit 2011 als Kommunikationstrainerin und Coach in eigener Praxis in Traunstein. Der Schwerpunkt ihrer Arbeit ist die Vermittlung einer konstruktiven, wertsch\u00e4tzenden Gespr\u00e4chsf\u00fchrung f\u00fcr alle medizinische Fachberufsgruppen im Gesundheitswesen, in sozialen Einrichtungen, Unternehmen und Organisationen. Ihre Fokus-Themen sind Patienten-, Team-Kommunikation, empathische Kommunikation und Konfliktmanagement.<\/p>\n<p>Nach einer Weiterbildung in hypnosystemischer Kommunikation bei der Milton Erickson Gesellschaft und zum Z\u00fcrcher Ressourcen Modell sind auch l\u00f6sungs- und ressourcenorientierte Beratungsmethoden wesentliche Inhalte ihres Schulungsangebots.<\/p>\n<\/div>\n<p>[\/read]<div id='1' class='widgets_on_page wop_tiny1  wop_small1  wop_medium1  wop_large1  wop_wide1'>\n\t\t\t<ul><li id=\"custom_html-4\" class=\"widget_text widget widget_custom_html\"><div class=\"textwidget custom-html-widget\"><div style=\"text-align:left;\">\r\n<button class = \"button\" style=\"height: 30px; font-size: 0.8em;\" name=\"zuruck\" type=\"button\" onclick=\"history.back()\">Zur\u00fcck zur \u00dcbersicht<\/button><\/div><\/div><\/li><\/ul><\/div><!-- widgets_on_page --><\/p>\n","protected":false},"excerpt":{"rendered":"<h4 class=\"product-subtitle\">Patienten- und Teamkommunikation f\u00fcr \u00c4rzte<br \/>\nKonstruktiv, l\u00f6sungsorientiert, praxisnah<br \/>\n<span class=\"short-description-des\"> <span class=\"std\"> <span class=\"org\">Schnichels, Stephanie\u00a0<\/span><\/span> <\/span><\/h4>\n<div class=\"std\">\n<p>Ob in Klinik oder Praxis &#8211; dieses Buch sollte jeder praktizierende Arzt lesen.<\/p>\n<p>Urban &amp; Fischer Verlag, M\u00e4rz 2019<\/p>\n<p>Format: 21 x 27 cm, kartoniert, 136 Seiten<\/p>\n<\/div>\n","protected":false},"featured_media":10639,"template":"","meta":[],"product_brand":[],"product_cat":[36,90],"product_tag":[92,93,95,94],"class_list":{"0":"post-10638","1":"product","2":"type-product","3":"status-publish","4":"has-post-thumbnail","6":"product_cat-deutsche-buecher","7":"product_cat-gesundheitswesen","8":"product_tag-aerzte","9":"product_tag-gesundheit","10":"product_tag-patienten","11":"product_tag-team","13":"first","14":"instock","15":"shipping-taxable","16":"purchasable","17":"product-type-simple"},"yoast_head":"<!-- This site is optimized with the Yoast SEO plugin v27.5 - https:\/\/yoast.com\/product\/yoast-seo-wordpress\/ -->\n<title>Patienten- und Teamkommunikation f\u00fcr \u00c4rzte - Conex-Shop<\/title>\n<meta name=\"robots\" content=\"index, follow, max-snippet:-1, max-image-preview:large, max-video-preview:-1\" \/>\n<link rel=\"canonical\" href=\"https:\/\/conexbooks.de\/a\/shop\/produkt\/patienten-und-teamkommunikation-fuer-aerzte\/\" \/>\n<meta property=\"og:locale\" content=\"de_DE\" \/>\n<meta property=\"og:type\" content=\"article\" \/>\n<meta property=\"og:title\" content=\"Patienten- und Teamkommunikation f\u00fcr \u00c4rzte - Conex-Shop\" \/>\n<meta property=\"og:description\" content=\"Patienten- und Teamkommunikation f\u00fcr \u00c4rzte Konstruktiv, l\u00f6sungsorientiert, praxisnah  Schnichels, Stephanie\u00a0    Ob in Klinik oder Praxis - dieses Buch sollte jeder praktizierende Arzt lesen.  Urban &amp; Fischer Verlag, M\u00e4rz 2019  Format: 21 x 27 cm, kartoniert, 136 Seiten\" \/>\n<meta property=\"og:url\" content=\"https:\/\/conexbooks.de\/a\/shop\/produkt\/patienten-und-teamkommunikation-fuer-aerzte\/\" \/>\n<meta property=\"og:site_name\" content=\"Conex-Shop\" \/>\n<meta property=\"article:modified_time\" content=\"2024-11-22T15:25:53+00:00\" \/>\n<meta property=\"og:image\" content=\"https:\/\/conexbooks.de\/a\/shop\/wp-content\/uploads\/2019\/05\/073.jpg\" \/>\n\t<meta property=\"og:image:width\" content=\"458\" \/>\n\t<meta property=\"og:image:height\" content=\"600\" \/>\n\t<meta property=\"og:image:type\" content=\"image\/jpeg\" \/>\n<meta name=\"twitter:card\" content=\"summary_large_image\" \/>\n<meta name=\"twitter:label1\" content=\"Gesch\u00e4tzte Lesezeit\" \/>\n\t<meta name=\"twitter:data1\" content=\"2\u00a0Minuten\" \/>\n<script type=\"application\/ld+json\" class=\"yoast-schema-graph\">{\"@context\":\"https:\\\/\\\/schema.org\",\"@graph\":[{\"@type\":\"WebPage\",\"@id\":\"https:\\\/\\\/conexbooks.de\\\/a\\\/shop\\\/produkt\\\/patienten-und-teamkommunikation-fuer-aerzte\\\/\",\"url\":\"https:\\\/\\\/conexbooks.de\\\/a\\\/shop\\\/produkt\\\/patienten-und-teamkommunikation-fuer-aerzte\\\/\",\"name\":\"Patienten- und Teamkommunikation f\u00fcr \u00c4rzte - Conex-Shop\",\"isPartOf\":{\"@id\":\"https:\\\/\\\/conexbooks.de\\\/a\\\/shop\\\/#website\"},\"primaryImageOfPage\":{\"@id\":\"https:\\\/\\\/conexbooks.de\\\/a\\\/shop\\\/produkt\\\/patienten-und-teamkommunikation-fuer-aerzte\\\/#primaryimage\"},\"image\":{\"@id\":\"https:\\\/\\\/conexbooks.de\\\/a\\\/shop\\\/produkt\\\/patienten-und-teamkommunikation-fuer-aerzte\\\/#primaryimage\"},\"thumbnailUrl\":\"https:\\\/\\\/conexbooks.de\\\/a\\\/shop\\\/wp-content\\\/uploads\\\/2019\\\/05\\\/073.jpg\",\"datePublished\":\"2019-05-19T12:18:53+00:00\",\"dateModified\":\"2024-11-22T15:25:53+00:00\",\"breadcrumb\":{\"@id\":\"https:\\\/\\\/conexbooks.de\\\/a\\\/shop\\\/produkt\\\/patienten-und-teamkommunikation-fuer-aerzte\\\/#breadcrumb\"},\"inLanguage\":\"de\",\"potentialAction\":[{\"@type\":\"ReadAction\",\"target\":[\"https:\\\/\\\/conexbooks.de\\\/a\\\/shop\\\/produkt\\\/patienten-und-teamkommunikation-fuer-aerzte\\\/\"]}]},{\"@type\":\"ImageObject\",\"inLanguage\":\"de\",\"@id\":\"https:\\\/\\\/conexbooks.de\\\/a\\\/shop\\\/produkt\\\/patienten-und-teamkommunikation-fuer-aerzte\\\/#primaryimage\",\"url\":\"https:\\\/\\\/conexbooks.de\\\/a\\\/shop\\\/wp-content\\\/uploads\\\/2019\\\/05\\\/073.jpg\",\"contentUrl\":\"https:\\\/\\\/conexbooks.de\\\/a\\\/shop\\\/wp-content\\\/uploads\\\/2019\\\/05\\\/073.jpg\",\"width\":458,\"height\":600},{\"@type\":\"BreadcrumbList\",\"@id\":\"https:\\\/\\\/conexbooks.de\\\/a\\\/shop\\\/produkt\\\/patienten-und-teamkommunikation-fuer-aerzte\\\/#breadcrumb\",\"itemListElement\":[{\"@type\":\"ListItem\",\"position\":1,\"name\":\"Home\",\"item\":\"https:\\\/\\\/conexbooks.de\\\/a\\\/shop\\\/\"},{\"@type\":\"ListItem\",\"position\":2,\"name\":\"Shop\",\"item\":\"https:\\\/\\\/conexbooks.de\\\/a\\\/shop\\\/shop\\\/\"},{\"@type\":\"ListItem\",\"position\":3,\"name\":\"Patienten- und Teamkommunikation f\u00fcr \u00c4rzte\"}]},{\"@type\":\"WebSite\",\"@id\":\"https:\\\/\\\/conexbooks.de\\\/a\\\/shop\\\/#website\",\"url\":\"https:\\\/\\\/conexbooks.de\\\/a\\\/shop\\\/\",\"name\":\"Conex-Shop\",\"description\":\"Alles f\u00fcr die gewaltfreie Kommunikation: B\u00fccher, Spiele. Handpuppen Seminarmaterial und Geschenke\",\"publisher\":{\"@id\":\"https:\\\/\\\/conexbooks.de\\\/a\\\/shop\\\/#organization\"},\"potentialAction\":[{\"@type\":\"SearchAction\",\"target\":{\"@type\":\"EntryPoint\",\"urlTemplate\":\"https:\\\/\\\/conexbooks.de\\\/a\\\/shop\\\/?s={search_term_string}\"},\"query-input\":{\"@type\":\"PropertyValueSpecification\",\"valueRequired\":true,\"valueName\":\"search_term_string\"}}],\"inLanguage\":\"de\"},{\"@type\":\"Organization\",\"@id\":\"https:\\\/\\\/conexbooks.de\\\/a\\\/shop\\\/#organization\",\"name\":\"Conex - books and more\",\"url\":\"https:\\\/\\\/conexbooks.de\\\/a\\\/shop\\\/\",\"logo\":{\"@type\":\"ImageObject\",\"inLanguage\":\"de\",\"@id\":\"https:\\\/\\\/conexbooks.de\\\/a\\\/shop\\\/#\\\/schema\\\/logo\\\/image\\\/\",\"url\":\"https:\\\/\\\/conexbooks.de\\\/a\\\/shop\\\/wp-content\\\/uploads\\\/2017\\\/12\\\/co-logo.png\",\"contentUrl\":\"https:\\\/\\\/conexbooks.de\\\/a\\\/shop\\\/wp-content\\\/uploads\\\/2017\\\/12\\\/co-logo.png\",\"width\":243,\"height\":122,\"caption\":\"Conex - books and more\"},\"image\":{\"@id\":\"https:\\\/\\\/conexbooks.de\\\/a\\\/shop\\\/#\\\/schema\\\/logo\\\/image\\\/\"}}]}<\/script>\n<!-- \/ Yoast SEO plugin. -->","yoast_head_json":{"title":"Patienten- und Teamkommunikation f\u00fcr \u00c4rzte - Conex-Shop","robots":{"index":"index","follow":"follow","max-snippet":"max-snippet:-1","max-image-preview":"max-image-preview:large","max-video-preview":"max-video-preview:-1"},"canonical":"https:\/\/conexbooks.de\/a\/shop\/produkt\/patienten-und-teamkommunikation-fuer-aerzte\/","og_locale":"de_DE","og_type":"article","og_title":"Patienten- und Teamkommunikation f\u00fcr \u00c4rzte - Conex-Shop","og_description":"Patienten- und Teamkommunikation f\u00fcr \u00c4rzte Konstruktiv, l\u00f6sungsorientiert, praxisnah  Schnichels, Stephanie\u00a0    Ob in Klinik oder Praxis - dieses Buch sollte jeder praktizierende Arzt lesen.  Urban &amp; Fischer Verlag, M\u00e4rz 2019  Format: 21 x 27 cm, kartoniert, 136 Seiten","og_url":"https:\/\/conexbooks.de\/a\/shop\/produkt\/patienten-und-teamkommunikation-fuer-aerzte\/","og_site_name":"Conex-Shop","article_modified_time":"2024-11-22T15:25:53+00:00","og_image":[{"width":458,"height":600,"url":"https:\/\/conexbooks.de\/a\/shop\/wp-content\/uploads\/2019\/05\/073.jpg","type":"image\/jpeg"}],"twitter_card":"summary_large_image","twitter_misc":{"Gesch\u00e4tzte Lesezeit":"2\u00a0Minuten"},"schema":{"@context":"https:\/\/schema.org","@graph":[{"@type":"WebPage","@id":"https:\/\/conexbooks.de\/a\/shop\/produkt\/patienten-und-teamkommunikation-fuer-aerzte\/","url":"https:\/\/conexbooks.de\/a\/shop\/produkt\/patienten-und-teamkommunikation-fuer-aerzte\/","name":"Patienten- und Teamkommunikation f\u00fcr \u00c4rzte - Conex-Shop","isPartOf":{"@id":"https:\/\/conexbooks.de\/a\/shop\/#website"},"primaryImageOfPage":{"@id":"https:\/\/conexbooks.de\/a\/shop\/produkt\/patienten-und-teamkommunikation-fuer-aerzte\/#primaryimage"},"image":{"@id":"https:\/\/conexbooks.de\/a\/shop\/produkt\/patienten-und-teamkommunikation-fuer-aerzte\/#primaryimage"},"thumbnailUrl":"https:\/\/conexbooks.de\/a\/shop\/wp-content\/uploads\/2019\/05\/073.jpg","datePublished":"2019-05-19T12:18:53+00:00","dateModified":"2024-11-22T15:25:53+00:00","breadcrumb":{"@id":"https:\/\/conexbooks.de\/a\/shop\/produkt\/patienten-und-teamkommunikation-fuer-aerzte\/#breadcrumb"},"inLanguage":"de","potentialAction":[{"@type":"ReadAction","target":["https:\/\/conexbooks.de\/a\/shop\/produkt\/patienten-und-teamkommunikation-fuer-aerzte\/"]}]},{"@type":"ImageObject","inLanguage":"de","@id":"https:\/\/conexbooks.de\/a\/shop\/produkt\/patienten-und-teamkommunikation-fuer-aerzte\/#primaryimage","url":"https:\/\/conexbooks.de\/a\/shop\/wp-content\/uploads\/2019\/05\/073.jpg","contentUrl":"https:\/\/conexbooks.de\/a\/shop\/wp-content\/uploads\/2019\/05\/073.jpg","width":458,"height":600},{"@type":"BreadcrumbList","@id":"https:\/\/conexbooks.de\/a\/shop\/produkt\/patienten-und-teamkommunikation-fuer-aerzte\/#breadcrumb","itemListElement":[{"@type":"ListItem","position":1,"name":"Home","item":"https:\/\/conexbooks.de\/a\/shop\/"},{"@type":"ListItem","position":2,"name":"Shop","item":"https:\/\/conexbooks.de\/a\/shop\/shop\/"},{"@type":"ListItem","position":3,"name":"Patienten- und Teamkommunikation f\u00fcr \u00c4rzte"}]},{"@type":"WebSite","@id":"https:\/\/conexbooks.de\/a\/shop\/#website","url":"https:\/\/conexbooks.de\/a\/shop\/","name":"Conex-Shop","description":"Alles f\u00fcr die gewaltfreie Kommunikation: B\u00fccher, Spiele. Handpuppen Seminarmaterial und Geschenke","publisher":{"@id":"https:\/\/conexbooks.de\/a\/shop\/#organization"},"potentialAction":[{"@type":"SearchAction","target":{"@type":"EntryPoint","urlTemplate":"https:\/\/conexbooks.de\/a\/shop\/?s={search_term_string}"},"query-input":{"@type":"PropertyValueSpecification","valueRequired":true,"valueName":"search_term_string"}}],"inLanguage":"de"},{"@type":"Organization","@id":"https:\/\/conexbooks.de\/a\/shop\/#organization","name":"Conex - books and more","url":"https:\/\/conexbooks.de\/a\/shop\/","logo":{"@type":"ImageObject","inLanguage":"de","@id":"https:\/\/conexbooks.de\/a\/shop\/#\/schema\/logo\/image\/","url":"https:\/\/conexbooks.de\/a\/shop\/wp-content\/uploads\/2017\/12\/co-logo.png","contentUrl":"https:\/\/conexbooks.de\/a\/shop\/wp-content\/uploads\/2017\/12\/co-logo.png","width":243,"height":122,"caption":"Conex - books and more"},"image":{"@id":"https:\/\/conexbooks.de\/a\/shop\/#\/schema\/logo\/image\/"}}]}},"_links":{"self":[{"href":"https:\/\/conexbooks.de\/a\/shop\/wp-json\/wp\/v2\/product\/10638","targetHints":{"allow":["GET"]}}],"collection":[{"href":"https:\/\/conexbooks.de\/a\/shop\/wp-json\/wp\/v2\/product"}],"about":[{"href":"https:\/\/conexbooks.de\/a\/shop\/wp-json\/wp\/v2\/types\/product"}],"wp:featuredmedia":[{"embeddable":true,"href":"https:\/\/conexbooks.de\/a\/shop\/wp-json\/wp\/v2\/media\/10639"}],"wp:attachment":[{"href":"https:\/\/conexbooks.de\/a\/shop\/wp-json\/wp\/v2\/media?parent=10638"}],"wp:term":[{"taxonomy":"product_brand","embeddable":true,"href":"https:\/\/conexbooks.de\/a\/shop\/wp-json\/wp\/v2\/product_brand?post=10638"},{"taxonomy":"product_cat","embeddable":true,"href":"https:\/\/conexbooks.de\/a\/shop\/wp-json\/wp\/v2\/product_cat?post=10638"},{"taxonomy":"product_tag","embeddable":true,"href":"https:\/\/conexbooks.de\/a\/shop\/wp-json\/wp\/v2\/product_tag?post=10638"}],"curies":[{"name":"wp","href":"https:\/\/api.w.org\/{rel}","templated":true}]}}