{"id":10643,"date":"2019-05-19T16:21:08","date_gmt":"2019-05-19T14:21:08","guid":{"rendered":"https:\/\/conexbooks.de\/a\/shop\/?post_type=product&#038;p=10643"},"modified":"2026-04-01T17:56:26","modified_gmt":"2026-04-01T15:56:26","slug":"mit-dem-herzen-sehen-und-sich-verantwortlich-zeigen","status":"publish","type":"product","link":"https:\/\/conexbooks.de\/a\/shop\/produkt\/mit-dem-herzen-sehen-und-sich-verantwortlich-zeigen\/","title":{"rendered":"Mit dem Herzen sehen und sich verantwortlich zeigen"},"content":{"rendered":"<h3>Mit dem Herzen sehen und sich verantwortlich zeigen<\/h3>\n<h4>Eine neue Ausrichtung in der Begleitung von kleinen Kindern f\u00fcr Erzieher*innen, Lehrer*innen und Eltern mit Blick auf die aktuellen Herausforderungen unserer Welt<\/h4>\n<p>Isabelle Frank<\/p>\n<p>In diesem B\u00fcchlein geht es um die Frage, wie die Gestaltung der Betreuung von kleinen Kindern dazu beitragen kann, dass wir gemeinschaftlich, nachhaltig und gesund auf unserem Planeten leben k\u00f6nnen. Ich stelle die Betreuung von Kindern in Kinderg\u00e4rten hier in den Fokus \u2013 f\u00fcr Familien und Schulen ist dieser Text gleichzeitig \u00fcbertragbar.<\/p>\n<p><img loading=\"lazy\" decoding=\"async\" class=\"alignleft\" style=\"float: left;\" src=\"https:\/\/www.isabellefrank.de\/images\/topfblume-2.png\" alt=\"Kind ist neugierig auf Topfblume\" width=\"288\" height=\"236\" \/><\/p>\n<h4>Mit dem Herzen sehen \u2026<\/h4>\n<p>Grundlage daf\u00fcr ist eine liebevolle, annehmende und mitf\u00fchlende Begleitung der Gef\u00fchle und Bed\u00fcrfnisse der Kinder in einer sicheren Beziehung. Diese Betreuungsausrichtung muss immer im Vordergrund stehen, denn sie bildet die Basis f\u00fcr die Entwicklung eines hohen Selbstgef\u00fchls, sozialer Kompetenz und die Bildung \u00fcber Potentialentwicklung im Spiel drinnen sowie in der Natur.<\/p>\n<div style=\"clear: both;\"><\/div>\n<h4>\u2026 und sich verantwortlich zeigen<\/h4>\n<p>Die erwachsenen Bezugspersonen tragen die volle Verantwortung f\u00fcr die Qualit\u00e4t der Beziehungsgestaltung zu den Kindern sowie die pers\u00f6nliche Verantwortung f\u00fcr ihr eigenes Verhalten, ihre Werte, Gef\u00fchle und Reaktionen. Deswegen m\u00fcssen sie sich reflektierend und achtsam mit ihrem eigenen emotionalen Erleben auseinandersetzen und auch sich selbst gegen\u00fcber eine selbstmitf\u00fchlende Haltung einnehmen. So k\u00f6nnen sie den Kindern als mitf\u00fchlendes Vorbild im Alltag dienen.<\/p>\n<p>&nbsp;<\/p>\n<div id='1' class='widgets_on_page wop_tiny1  wop_small1  wop_medium1  wop_large1  wop_wide1'>\n\t\t\t<ul><li id=\"custom_html-4\" class=\"widget_text widget widget_custom_html\"><div class=\"textwidget custom-html-widget\"><div style=\"text-align:left;\">\r\n<button class = \"button\" style=\"height: 30px; font-size: 0.8em;\" name=\"zuruck\" type=\"button\" onclick=\"history.back()\">Zur\u00fcck zur \u00dcbersicht<\/button><\/div><\/div><\/li><\/ul><\/div><!-- widgets_on_page -->\n","protected":false},"excerpt":{"rendered":"<h3>Mit dem Herzen sehen und sich verantwortlich zeigen<\/h3>\n<h4>Eine neue Ausrichtung in der Begleitung von kleinen Kindern f\u00fcr Erzieher*innen, Lehrer*innen und Eltern.<\/h4>\n<p>Im Fokus ist hier die Betreuung von Kindern in Kinderg\u00e4rten \u2013 f\u00fcr Familien und Schulen \u00fcbertragbar.<\/p>\n<p>Isabelle Frank<br \/>\nErschienen M\u00e4rz 2019<br \/>\nFormat: 21 x 15 cm, 45 Seiten<\/p>\n","protected":false},"featured_media":10646,"template":"","meta":[],"product_brand":[],"product_cat":[38,36,41],"product_tag":[],"class_list":{"0":"post-10643","1":"product","2":"type-product","3":"status-publish","4":"has-post-thumbnail","6":"product_cat-beziehung-familie","7":"product_cat-deutsche-buecher","8":"product_cat-schule-kita","10":"first","11":"instock","12":"shipping-taxable","13":"purchasable","14":"product-type-simple"},"yoast_head":"<!-- This site is optimized with the Yoast SEO plugin v27.3 - https:\/\/yoast.com\/product\/yoast-seo-wordpress\/ -->\n<title>Mit dem Herzen sehen und sich verantwortlich zeigen - Conex-Shop<\/title>\n<meta name=\"robots\" content=\"index, follow, max-snippet:-1, max-image-preview:large, max-video-preview:-1\" \/>\n<link rel=\"canonical\" href=\"https:\/\/conexbooks.de\/a\/shop\/produkt\/mit-dem-herzen-sehen-und-sich-verantwortlich-zeigen\/\" \/>\n<meta property=\"og:locale\" content=\"de_DE\" \/>\n<meta property=\"og:type\" content=\"article\" \/>\n<meta property=\"og:title\" content=\"Mit dem Herzen sehen und sich verantwortlich zeigen - Conex-Shop\" \/>\n<meta property=\"og:description\" content=\"Mit dem Herzen sehen und sich verantwortlich zeigen Eine neue Ausrichtung in der Begleitung von kleinen Kindern f\u00fcr Erzieher*innen, Lehrer*innen und Eltern. Im Fokus ist hier die Betreuung von Kindern in Kinderg\u00e4rten \u2013 f\u00fcr Familien und Schulen \u00fcbertragbar.  Isabelle Frank Erschienen M\u00e4rz 2019 Format: 21 x 15 cm, 45 Seiten\" \/>\n<meta property=\"og:url\" content=\"https:\/\/conexbooks.de\/a\/shop\/produkt\/mit-dem-herzen-sehen-und-sich-verantwortlich-zeigen\/\" \/>\n<meta property=\"og:site_name\" content=\"Conex-Shop\" \/>\n<meta property=\"article:modified_time\" content=\"2026-04-01T15:56:26+00:00\" \/>\n<meta property=\"og:image\" content=\"https:\/\/conexbooks.de\/a\/shop\/wp-content\/uploads\/2019\/05\/024.jpg\" \/>\n\t<meta property=\"og:image:width\" content=\"300\" \/>\n\t<meta property=\"og:image:height\" content=\"400\" \/>\n\t<meta property=\"og:image:type\" content=\"image\/jpeg\" \/>\n<meta name=\"twitter:card\" content=\"summary_large_image\" \/>\n<meta name=\"twitter:label1\" content=\"Gesch\u00e4tzte Lesezeit\" \/>\n\t<meta name=\"twitter:data1\" content=\"1\u00a0Minute\" \/>\n<script type=\"application\/ld+json\" class=\"yoast-schema-graph\">{\"@context\":\"https:\\\/\\\/schema.org\",\"@graph\":[{\"@type\":\"WebPage\",\"@id\":\"https:\\\/\\\/conexbooks.de\\\/a\\\/shop\\\/produkt\\\/mit-dem-herzen-sehen-und-sich-verantwortlich-zeigen\\\/\",\"url\":\"https:\\\/\\\/conexbooks.de\\\/a\\\/shop\\\/produkt\\\/mit-dem-herzen-sehen-und-sich-verantwortlich-zeigen\\\/\",\"name\":\"Mit dem Herzen sehen und sich verantwortlich zeigen - Conex-Shop\",\"isPartOf\":{\"@id\":\"https:\\\/\\\/conexbooks.de\\\/a\\\/shop\\\/#website\"},\"primaryImageOfPage\":{\"@id\":\"https:\\\/\\\/conexbooks.de\\\/a\\\/shop\\\/produkt\\\/mit-dem-herzen-sehen-und-sich-verantwortlich-zeigen\\\/#primaryimage\"},\"image\":{\"@id\":\"https:\\\/\\\/conexbooks.de\\\/a\\\/shop\\\/produkt\\\/mit-dem-herzen-sehen-und-sich-verantwortlich-zeigen\\\/#primaryimage\"},\"thumbnailUrl\":\"https:\\\/\\\/conexbooks.de\\\/a\\\/shop\\\/wp-content\\\/uploads\\\/2019\\\/05\\\/024.jpg\",\"datePublished\":\"2019-05-19T14:21:08+00:00\",\"dateModified\":\"2026-04-01T15:56:26+00:00\",\"breadcrumb\":{\"@id\":\"https:\\\/\\\/conexbooks.de\\\/a\\\/shop\\\/produkt\\\/mit-dem-herzen-sehen-und-sich-verantwortlich-zeigen\\\/#breadcrumb\"},\"inLanguage\":\"de\",\"potentialAction\":[{\"@type\":\"ReadAction\",\"target\":[\"https:\\\/\\\/conexbooks.de\\\/a\\\/shop\\\/produkt\\\/mit-dem-herzen-sehen-und-sich-verantwortlich-zeigen\\\/\"]}]},{\"@type\":\"ImageObject\",\"inLanguage\":\"de\",\"@id\":\"https:\\\/\\\/conexbooks.de\\\/a\\\/shop\\\/produkt\\\/mit-dem-herzen-sehen-und-sich-verantwortlich-zeigen\\\/#primaryimage\",\"url\":\"https:\\\/\\\/conexbooks.de\\\/a\\\/shop\\\/wp-content\\\/uploads\\\/2019\\\/05\\\/024.jpg\",\"contentUrl\":\"https:\\\/\\\/conexbooks.de\\\/a\\\/shop\\\/wp-content\\\/uploads\\\/2019\\\/05\\\/024.jpg\",\"width\":300,\"height\":400},{\"@type\":\"BreadcrumbList\",\"@id\":\"https:\\\/\\\/conexbooks.de\\\/a\\\/shop\\\/produkt\\\/mit-dem-herzen-sehen-und-sich-verantwortlich-zeigen\\\/#breadcrumb\",\"itemListElement\":[{\"@type\":\"ListItem\",\"position\":1,\"name\":\"Home\",\"item\":\"https:\\\/\\\/conexbooks.de\\\/a\\\/shop\\\/\"},{\"@type\":\"ListItem\",\"position\":2,\"name\":\"Shop\",\"item\":\"https:\\\/\\\/conexbooks.de\\\/a\\\/shop\\\/shop\\\/\"},{\"@type\":\"ListItem\",\"position\":3,\"name\":\"Mit dem Herzen sehen und sich verantwortlich zeigen\"}]},{\"@type\":\"WebSite\",\"@id\":\"https:\\\/\\\/conexbooks.de\\\/a\\\/shop\\\/#website\",\"url\":\"https:\\\/\\\/conexbooks.de\\\/a\\\/shop\\\/\",\"name\":\"Conex-Shop\",\"description\":\"Alles f\u00fcr die gewaltfreie Kommunikation: B\u00fccher, Spiele. Handpuppen Seminarmaterial und Geschenke\",\"publisher\":{\"@id\":\"https:\\\/\\\/conexbooks.de\\\/a\\\/shop\\\/#organization\"},\"potentialAction\":[{\"@type\":\"SearchAction\",\"target\":{\"@type\":\"EntryPoint\",\"urlTemplate\":\"https:\\\/\\\/conexbooks.de\\\/a\\\/shop\\\/?s={search_term_string}\"},\"query-input\":{\"@type\":\"PropertyValueSpecification\",\"valueRequired\":true,\"valueName\":\"search_term_string\"}}],\"inLanguage\":\"de\"},{\"@type\":\"Organization\",\"@id\":\"https:\\\/\\\/conexbooks.de\\\/a\\\/shop\\\/#organization\",\"name\":\"Conex - books and more\",\"url\":\"https:\\\/\\\/conexbooks.de\\\/a\\\/shop\\\/\",\"logo\":{\"@type\":\"ImageObject\",\"inLanguage\":\"de\",\"@id\":\"https:\\\/\\\/conexbooks.de\\\/a\\\/shop\\\/#\\\/schema\\\/logo\\\/image\\\/\",\"url\":\"https:\\\/\\\/conexbooks.de\\\/a\\\/shop\\\/wp-content\\\/uploads\\\/2017\\\/12\\\/co-logo.png\",\"contentUrl\":\"https:\\\/\\\/conexbooks.de\\\/a\\\/shop\\\/wp-content\\\/uploads\\\/2017\\\/12\\\/co-logo.png\",\"width\":243,\"height\":122,\"caption\":\"Conex - books and more\"},\"image\":{\"@id\":\"https:\\\/\\\/conexbooks.de\\\/a\\\/shop\\\/#\\\/schema\\\/logo\\\/image\\\/\"}}]}<\/script>\n<!-- \/ Yoast SEO plugin. -->","yoast_head_json":{"title":"Mit dem Herzen sehen und sich verantwortlich zeigen - Conex-Shop","robots":{"index":"index","follow":"follow","max-snippet":"max-snippet:-1","max-image-preview":"max-image-preview:large","max-video-preview":"max-video-preview:-1"},"canonical":"https:\/\/conexbooks.de\/a\/shop\/produkt\/mit-dem-herzen-sehen-und-sich-verantwortlich-zeigen\/","og_locale":"de_DE","og_type":"article","og_title":"Mit dem Herzen sehen und sich verantwortlich zeigen - Conex-Shop","og_description":"Mit dem Herzen sehen und sich verantwortlich zeigen Eine neue Ausrichtung in der Begleitung von kleinen Kindern f\u00fcr Erzieher*innen, Lehrer*innen und Eltern. Im Fokus ist hier die Betreuung von Kindern in Kinderg\u00e4rten \u2013 f\u00fcr Familien und Schulen \u00fcbertragbar.  Isabelle Frank Erschienen M\u00e4rz 2019 Format: 21 x 15 cm, 45 Seiten","og_url":"https:\/\/conexbooks.de\/a\/shop\/produkt\/mit-dem-herzen-sehen-und-sich-verantwortlich-zeigen\/","og_site_name":"Conex-Shop","article_modified_time":"2026-04-01T15:56:26+00:00","og_image":[{"width":300,"height":400,"url":"https:\/\/conexbooks.de\/a\/shop\/wp-content\/uploads\/2019\/05\/024.jpg","type":"image\/jpeg"}],"twitter_card":"summary_large_image","twitter_misc":{"Gesch\u00e4tzte Lesezeit":"1\u00a0Minute"},"schema":{"@context":"https:\/\/schema.org","@graph":[{"@type":"WebPage","@id":"https:\/\/conexbooks.de\/a\/shop\/produkt\/mit-dem-herzen-sehen-und-sich-verantwortlich-zeigen\/","url":"https:\/\/conexbooks.de\/a\/shop\/produkt\/mit-dem-herzen-sehen-und-sich-verantwortlich-zeigen\/","name":"Mit dem Herzen sehen und sich verantwortlich zeigen - Conex-Shop","isPartOf":{"@id":"https:\/\/conexbooks.de\/a\/shop\/#website"},"primaryImageOfPage":{"@id":"https:\/\/conexbooks.de\/a\/shop\/produkt\/mit-dem-herzen-sehen-und-sich-verantwortlich-zeigen\/#primaryimage"},"image":{"@id":"https:\/\/conexbooks.de\/a\/shop\/produkt\/mit-dem-herzen-sehen-und-sich-verantwortlich-zeigen\/#primaryimage"},"thumbnailUrl":"https:\/\/conexbooks.de\/a\/shop\/wp-content\/uploads\/2019\/05\/024.jpg","datePublished":"2019-05-19T14:21:08+00:00","dateModified":"2026-04-01T15:56:26+00:00","breadcrumb":{"@id":"https:\/\/conexbooks.de\/a\/shop\/produkt\/mit-dem-herzen-sehen-und-sich-verantwortlich-zeigen\/#breadcrumb"},"inLanguage":"de","potentialAction":[{"@type":"ReadAction","target":["https:\/\/conexbooks.de\/a\/shop\/produkt\/mit-dem-herzen-sehen-und-sich-verantwortlich-zeigen\/"]}]},{"@type":"ImageObject","inLanguage":"de","@id":"https:\/\/conexbooks.de\/a\/shop\/produkt\/mit-dem-herzen-sehen-und-sich-verantwortlich-zeigen\/#primaryimage","url":"https:\/\/conexbooks.de\/a\/shop\/wp-content\/uploads\/2019\/05\/024.jpg","contentUrl":"https:\/\/conexbooks.de\/a\/shop\/wp-content\/uploads\/2019\/05\/024.jpg","width":300,"height":400},{"@type":"BreadcrumbList","@id":"https:\/\/conexbooks.de\/a\/shop\/produkt\/mit-dem-herzen-sehen-und-sich-verantwortlich-zeigen\/#breadcrumb","itemListElement":[{"@type":"ListItem","position":1,"name":"Home","item":"https:\/\/conexbooks.de\/a\/shop\/"},{"@type":"ListItem","position":2,"name":"Shop","item":"https:\/\/conexbooks.de\/a\/shop\/shop\/"},{"@type":"ListItem","position":3,"name":"Mit dem Herzen sehen und sich verantwortlich zeigen"}]},{"@type":"WebSite","@id":"https:\/\/conexbooks.de\/a\/shop\/#website","url":"https:\/\/conexbooks.de\/a\/shop\/","name":"Conex-Shop","description":"Alles f\u00fcr die gewaltfreie Kommunikation: B\u00fccher, Spiele. Handpuppen Seminarmaterial und Geschenke","publisher":{"@id":"https:\/\/conexbooks.de\/a\/shop\/#organization"},"potentialAction":[{"@type":"SearchAction","target":{"@type":"EntryPoint","urlTemplate":"https:\/\/conexbooks.de\/a\/shop\/?s={search_term_string}"},"query-input":{"@type":"PropertyValueSpecification","valueRequired":true,"valueName":"search_term_string"}}],"inLanguage":"de"},{"@type":"Organization","@id":"https:\/\/conexbooks.de\/a\/shop\/#organization","name":"Conex - books and more","url":"https:\/\/conexbooks.de\/a\/shop\/","logo":{"@type":"ImageObject","inLanguage":"de","@id":"https:\/\/conexbooks.de\/a\/shop\/#\/schema\/logo\/image\/","url":"https:\/\/conexbooks.de\/a\/shop\/wp-content\/uploads\/2017\/12\/co-logo.png","contentUrl":"https:\/\/conexbooks.de\/a\/shop\/wp-content\/uploads\/2017\/12\/co-logo.png","width":243,"height":122,"caption":"Conex - books and more"},"image":{"@id":"https:\/\/conexbooks.de\/a\/shop\/#\/schema\/logo\/image\/"}}]}},"_links":{"self":[{"href":"https:\/\/conexbooks.de\/a\/shop\/wp-json\/wp\/v2\/product\/10643","targetHints":{"allow":["GET"]}}],"collection":[{"href":"https:\/\/conexbooks.de\/a\/shop\/wp-json\/wp\/v2\/product"}],"about":[{"href":"https:\/\/conexbooks.de\/a\/shop\/wp-json\/wp\/v2\/types\/product"}],"wp:featuredmedia":[{"embeddable":true,"href":"https:\/\/conexbooks.de\/a\/shop\/wp-json\/wp\/v2\/media\/10646"}],"wp:attachment":[{"href":"https:\/\/conexbooks.de\/a\/shop\/wp-json\/wp\/v2\/media?parent=10643"}],"wp:term":[{"taxonomy":"product_brand","embeddable":true,"href":"https:\/\/conexbooks.de\/a\/shop\/wp-json\/wp\/v2\/product_brand?post=10643"},{"taxonomy":"product_cat","embeddable":true,"href":"https:\/\/conexbooks.de\/a\/shop\/wp-json\/wp\/v2\/product_cat?post=10643"},{"taxonomy":"product_tag","embeddable":true,"href":"https:\/\/conexbooks.de\/a\/shop\/wp-json\/wp\/v2\/product_tag?post=10643"}],"curies":[{"name":"wp","href":"https:\/\/api.w.org\/{rel}","templated":true}]}}