{"id":1070,"date":"2017-11-14T20:10:15","date_gmt":"2017-11-14T19:10:15","guid":{"rendered":"https:\/\/conexbooks.de\/a\/shop\/wp\/produkt\/dr-gottfried-orth\/"},"modified":"2023-04-18T19:34:28","modified_gmt":"2023-04-18T17:34:28","slug":"dr-gottfried-orth","status":"publish","type":"product","link":"https:\/\/conexbooks.de\/a\/shop\/produkt\/dr-gottfried-orth\/","title":{"rendered":"Friedensarbeit mit der Bibel"},"content":{"rendered":"<h4>Friedensarbeit mit der Bibel<\/h4>\n<h4>Dr. Gottfried Orth<\/h4>\n<p>Eine neue Methode, biblische Geschichten zu lesen: Jenseits von Schwarz-Wei\u00df-Malerei und von raschen Schuldzuweisungen lehrt das Buch, Mitgef\u00fchl zu entwickeln mit Eva, Kain und Judas. Der liebevolle Blick, mit dem Gott seine Gesch\u00f6pfe betrachtet, soll das Leitbild sein: Wenn Menschen lernen, auch den N\u00e4chsten in der Gemeinde, Klasse, Nachbarschaft so anzuschauen, ist viel gewonnen, f\u00fcr den Einzelnen und f\u00fcr den Frieden.<\/p>\n<p>\u00bbRichtet nicht, damit ihr nicht gerichtet werdet\u00ab \u2013 dieses Wort Jesu aus der Bergpredigt l\u00e4dt dazu ein, auf moralische Abwertungen zu verzichten, Menschen immer wieder neu in den Blick zu nehmen und die Akten scheinbar l\u00e4ngst erledigter \u00bbF\u00e4lle\u00ab wieder neu zu \u00f6ffnen. Anstelle von ausschlie\u00dfendem \u00bbentweder-oder\u00ab wird ein Denken einge\u00fcbt, das \u00bbsowohl-als auch\u00ab-Perspektiven er\u00f6ffnet. Am Beispiel der biblischen Gestalten \u00fcben wir gewaltfreie Kommunikation.<\/p>\n<p>Der Band stellt die Methode vor, nennt Beispiele und macht sie anschaulich. Es gibt dazu E-Book-Material, das Bausteine f\u00fcr die Praxis einschlie\u00dflich direkt einsetzbarer Arbeitsbl\u00e4tter bietet.<\/p>\n<p>Zwei gesonderte Angebote richten sich an Haupt- und Ehrenamtliche in der Konfirmanden- und Jugendarbeit bzw. in der Bildungsarbeit f\u00fcr Erwachsene:<\/p>\n<p><a href=\"http:\/\/www.v-r.de\/de\/Orth-KonfirmandInnen\/t\/1001004656\/\" target=\"_blank\" rel=\"noopener\">KonfirmandInnen: Friedensarbeit mit der Bibel<\/a><\/p>\n<p><a href=\"http:\/\/www.v-r.de\/de\/Orth-Erwachsenenbildung\/t\/1001004868\/\" target=\"_blank\" rel=\"noopener\">Erwachsenenbildung: Friedensarbeit mit der Bibel<\/a><\/p>\n<p>&nbsp;<\/p>\n<div id='1' class='widgets_on_page wop_tiny1  wop_small1  wop_medium1  wop_large1  wop_wide1'>\n\t\t\t<ul><li id=\"custom_html-4\" class=\"widget_text widget widget_custom_html\"><div class=\"textwidget custom-html-widget\"><div style=\"text-align:left;\">\r\n<button class = \"button\" style=\"height: 30px; font-size: 0.8em;\" name=\"zuruck\" type=\"button\" onclick=\"history.back()\">Zur\u00fcck zur \u00dcbersicht<\/button><\/div><\/div><\/li><\/ul><\/div><!-- widgets_on_page -->\n","protected":false},"excerpt":{"rendered":"<h3>Dr. Gottfried Orth<\/h3>\n<h3>Eva, Kain &amp; Co. &#8211; Friedensarbeit mit der Bibel<\/h3>\n<p>Vandenhoeck &amp; Ruprecht Verlag, 1. Auflage 2009<br \/>\n143 Seiten mit 12 Abb., kartoniert<\/p>\n","protected":false},"featured_media":1965,"template":"","meta":[],"product_brand":[],"product_cat":[36,39],"product_tag":[],"class_list":{"0":"post-1070","1":"product","2":"type-product","3":"status-publish","4":"has-post-thumbnail","6":"product_cat-deutsche-buecher","7":"product_cat-persoenliche-entwicklung","9":"first","10":"instock","11":"shipping-taxable","12":"purchasable","13":"product-type-simple"},"yoast_head":"<!-- This site is optimized with the Yoast SEO plugin v27.3 - https:\/\/yoast.com\/product\/yoast-seo-wordpress\/ -->\n<title>Friedensarbeit mit der Bibel - Conex-Shop<\/title>\n<meta name=\"robots\" content=\"index, follow, max-snippet:-1, max-image-preview:large, max-video-preview:-1\" \/>\n<link rel=\"canonical\" href=\"https:\/\/conexbooks.de\/a\/shop\/produkt\/dr-gottfried-orth\/\" \/>\n<meta property=\"og:locale\" content=\"de_DE\" \/>\n<meta property=\"og:type\" content=\"article\" \/>\n<meta property=\"og:title\" content=\"Friedensarbeit mit der Bibel - Conex-Shop\" \/>\n<meta property=\"og:description\" content=\"Dr. Gottfried Orth Eva, Kain &amp; Co. - Friedensarbeit mit der Bibel Vandenhoeck &amp; Ruprecht Verlag, 1. Auflage 2009 143 Seiten mit 12 Abb., kartoniert\" \/>\n<meta property=\"og:url\" content=\"https:\/\/conexbooks.de\/a\/shop\/produkt\/dr-gottfried-orth\/\" \/>\n<meta property=\"og:site_name\" content=\"Conex-Shop\" \/>\n<meta property=\"article:modified_time\" content=\"2023-04-18T17:34:28+00:00\" \/>\n<meta property=\"og:image\" content=\"https:\/\/conexbooks.de\/a\/shop\/wp-content\/uploads\/2017\/11\/084.jpg\" \/>\n\t<meta property=\"og:image:width\" content=\"240\" \/>\n\t<meta property=\"og:image:height\" content=\"400\" \/>\n\t<meta property=\"og:image:type\" content=\"image\/jpeg\" \/>\n<meta name=\"twitter:card\" content=\"summary_large_image\" \/>\n<meta name=\"twitter:label1\" content=\"Gesch\u00e4tzte Lesezeit\" \/>\n\t<meta name=\"twitter:data1\" content=\"1\u00a0Minute\" \/>\n<script type=\"application\/ld+json\" class=\"yoast-schema-graph\">{\"@context\":\"https:\\\/\\\/schema.org\",\"@graph\":[{\"@type\":\"WebPage\",\"@id\":\"https:\\\/\\\/conexbooks.de\\\/a\\\/shop\\\/produkt\\\/dr-gottfried-orth\\\/\",\"url\":\"https:\\\/\\\/conexbooks.de\\\/a\\\/shop\\\/produkt\\\/dr-gottfried-orth\\\/\",\"name\":\"Friedensarbeit mit der Bibel - Conex-Shop\",\"isPartOf\":{\"@id\":\"https:\\\/\\\/conexbooks.de\\\/a\\\/shop\\\/#website\"},\"primaryImageOfPage\":{\"@id\":\"https:\\\/\\\/conexbooks.de\\\/a\\\/shop\\\/produkt\\\/dr-gottfried-orth\\\/#primaryimage\"},\"image\":{\"@id\":\"https:\\\/\\\/conexbooks.de\\\/a\\\/shop\\\/produkt\\\/dr-gottfried-orth\\\/#primaryimage\"},\"thumbnailUrl\":\"https:\\\/\\\/conexbooks.de\\\/a\\\/shop\\\/wp-content\\\/uploads\\\/2017\\\/11\\\/084.jpg\",\"datePublished\":\"2017-11-14T19:10:15+00:00\",\"dateModified\":\"2023-04-18T17:34:28+00:00\",\"breadcrumb\":{\"@id\":\"https:\\\/\\\/conexbooks.de\\\/a\\\/shop\\\/produkt\\\/dr-gottfried-orth\\\/#breadcrumb\"},\"inLanguage\":\"de\",\"potentialAction\":[{\"@type\":\"ReadAction\",\"target\":[\"https:\\\/\\\/conexbooks.de\\\/a\\\/shop\\\/produkt\\\/dr-gottfried-orth\\\/\"]}]},{\"@type\":\"ImageObject\",\"inLanguage\":\"de\",\"@id\":\"https:\\\/\\\/conexbooks.de\\\/a\\\/shop\\\/produkt\\\/dr-gottfried-orth\\\/#primaryimage\",\"url\":\"https:\\\/\\\/conexbooks.de\\\/a\\\/shop\\\/wp-content\\\/uploads\\\/2017\\\/11\\\/084.jpg\",\"contentUrl\":\"https:\\\/\\\/conexbooks.de\\\/a\\\/shop\\\/wp-content\\\/uploads\\\/2017\\\/11\\\/084.jpg\",\"width\":240,\"height\":400},{\"@type\":\"BreadcrumbList\",\"@id\":\"https:\\\/\\\/conexbooks.de\\\/a\\\/shop\\\/produkt\\\/dr-gottfried-orth\\\/#breadcrumb\",\"itemListElement\":[{\"@type\":\"ListItem\",\"position\":1,\"name\":\"Home\",\"item\":\"https:\\\/\\\/conexbooks.de\\\/a\\\/shop\\\/\"},{\"@type\":\"ListItem\",\"position\":2,\"name\":\"Shop\",\"item\":\"https:\\\/\\\/conexbooks.de\\\/a\\\/shop\\\/shop\\\/\"},{\"@type\":\"ListItem\",\"position\":3,\"name\":\"Friedensarbeit mit der Bibel\"}]},{\"@type\":\"WebSite\",\"@id\":\"https:\\\/\\\/conexbooks.de\\\/a\\\/shop\\\/#website\",\"url\":\"https:\\\/\\\/conexbooks.de\\\/a\\\/shop\\\/\",\"name\":\"Conex-Shop\",\"description\":\"Alles f\u00fcr die gewaltfreie Kommunikation: B\u00fccher, Spiele. Handpuppen Seminarmaterial und Geschenke\",\"publisher\":{\"@id\":\"https:\\\/\\\/conexbooks.de\\\/a\\\/shop\\\/#organization\"},\"potentialAction\":[{\"@type\":\"SearchAction\",\"target\":{\"@type\":\"EntryPoint\",\"urlTemplate\":\"https:\\\/\\\/conexbooks.de\\\/a\\\/shop\\\/?s={search_term_string}\"},\"query-input\":{\"@type\":\"PropertyValueSpecification\",\"valueRequired\":true,\"valueName\":\"search_term_string\"}}],\"inLanguage\":\"de\"},{\"@type\":\"Organization\",\"@id\":\"https:\\\/\\\/conexbooks.de\\\/a\\\/shop\\\/#organization\",\"name\":\"Conex - books and more\",\"url\":\"https:\\\/\\\/conexbooks.de\\\/a\\\/shop\\\/\",\"logo\":{\"@type\":\"ImageObject\",\"inLanguage\":\"de\",\"@id\":\"https:\\\/\\\/conexbooks.de\\\/a\\\/shop\\\/#\\\/schema\\\/logo\\\/image\\\/\",\"url\":\"https:\\\/\\\/conexbooks.de\\\/a\\\/shop\\\/wp-content\\\/uploads\\\/2017\\\/12\\\/co-logo.png\",\"contentUrl\":\"https:\\\/\\\/conexbooks.de\\\/a\\\/shop\\\/wp-content\\\/uploads\\\/2017\\\/12\\\/co-logo.png\",\"width\":243,\"height\":122,\"caption\":\"Conex - books and more\"},\"image\":{\"@id\":\"https:\\\/\\\/conexbooks.de\\\/a\\\/shop\\\/#\\\/schema\\\/logo\\\/image\\\/\"}}]}<\/script>\n<!-- \/ Yoast SEO plugin. -->","yoast_head_json":{"title":"Friedensarbeit mit der Bibel - Conex-Shop","robots":{"index":"index","follow":"follow","max-snippet":"max-snippet:-1","max-image-preview":"max-image-preview:large","max-video-preview":"max-video-preview:-1"},"canonical":"https:\/\/conexbooks.de\/a\/shop\/produkt\/dr-gottfried-orth\/","og_locale":"de_DE","og_type":"article","og_title":"Friedensarbeit mit der Bibel - Conex-Shop","og_description":"Dr. Gottfried Orth Eva, Kain &amp; Co. - Friedensarbeit mit der Bibel Vandenhoeck &amp; Ruprecht Verlag, 1. Auflage 2009 143 Seiten mit 12 Abb., kartoniert","og_url":"https:\/\/conexbooks.de\/a\/shop\/produkt\/dr-gottfried-orth\/","og_site_name":"Conex-Shop","article_modified_time":"2023-04-18T17:34:28+00:00","og_image":[{"width":240,"height":400,"url":"https:\/\/conexbooks.de\/a\/shop\/wp-content\/uploads\/2017\/11\/084.jpg","type":"image\/jpeg"}],"twitter_card":"summary_large_image","twitter_misc":{"Gesch\u00e4tzte Lesezeit":"1\u00a0Minute"},"schema":{"@context":"https:\/\/schema.org","@graph":[{"@type":"WebPage","@id":"https:\/\/conexbooks.de\/a\/shop\/produkt\/dr-gottfried-orth\/","url":"https:\/\/conexbooks.de\/a\/shop\/produkt\/dr-gottfried-orth\/","name":"Friedensarbeit mit der Bibel - Conex-Shop","isPartOf":{"@id":"https:\/\/conexbooks.de\/a\/shop\/#website"},"primaryImageOfPage":{"@id":"https:\/\/conexbooks.de\/a\/shop\/produkt\/dr-gottfried-orth\/#primaryimage"},"image":{"@id":"https:\/\/conexbooks.de\/a\/shop\/produkt\/dr-gottfried-orth\/#primaryimage"},"thumbnailUrl":"https:\/\/conexbooks.de\/a\/shop\/wp-content\/uploads\/2017\/11\/084.jpg","datePublished":"2017-11-14T19:10:15+00:00","dateModified":"2023-04-18T17:34:28+00:00","breadcrumb":{"@id":"https:\/\/conexbooks.de\/a\/shop\/produkt\/dr-gottfried-orth\/#breadcrumb"},"inLanguage":"de","potentialAction":[{"@type":"ReadAction","target":["https:\/\/conexbooks.de\/a\/shop\/produkt\/dr-gottfried-orth\/"]}]},{"@type":"ImageObject","inLanguage":"de","@id":"https:\/\/conexbooks.de\/a\/shop\/produkt\/dr-gottfried-orth\/#primaryimage","url":"https:\/\/conexbooks.de\/a\/shop\/wp-content\/uploads\/2017\/11\/084.jpg","contentUrl":"https:\/\/conexbooks.de\/a\/shop\/wp-content\/uploads\/2017\/11\/084.jpg","width":240,"height":400},{"@type":"BreadcrumbList","@id":"https:\/\/conexbooks.de\/a\/shop\/produkt\/dr-gottfried-orth\/#breadcrumb","itemListElement":[{"@type":"ListItem","position":1,"name":"Home","item":"https:\/\/conexbooks.de\/a\/shop\/"},{"@type":"ListItem","position":2,"name":"Shop","item":"https:\/\/conexbooks.de\/a\/shop\/shop\/"},{"@type":"ListItem","position":3,"name":"Friedensarbeit mit der Bibel"}]},{"@type":"WebSite","@id":"https:\/\/conexbooks.de\/a\/shop\/#website","url":"https:\/\/conexbooks.de\/a\/shop\/","name":"Conex-Shop","description":"Alles f\u00fcr die gewaltfreie Kommunikation: B\u00fccher, Spiele. Handpuppen Seminarmaterial und Geschenke","publisher":{"@id":"https:\/\/conexbooks.de\/a\/shop\/#organization"},"potentialAction":[{"@type":"SearchAction","target":{"@type":"EntryPoint","urlTemplate":"https:\/\/conexbooks.de\/a\/shop\/?s={search_term_string}"},"query-input":{"@type":"PropertyValueSpecification","valueRequired":true,"valueName":"search_term_string"}}],"inLanguage":"de"},{"@type":"Organization","@id":"https:\/\/conexbooks.de\/a\/shop\/#organization","name":"Conex - books and more","url":"https:\/\/conexbooks.de\/a\/shop\/","logo":{"@type":"ImageObject","inLanguage":"de","@id":"https:\/\/conexbooks.de\/a\/shop\/#\/schema\/logo\/image\/","url":"https:\/\/conexbooks.de\/a\/shop\/wp-content\/uploads\/2017\/12\/co-logo.png","contentUrl":"https:\/\/conexbooks.de\/a\/shop\/wp-content\/uploads\/2017\/12\/co-logo.png","width":243,"height":122,"caption":"Conex - books and more"},"image":{"@id":"https:\/\/conexbooks.de\/a\/shop\/#\/schema\/logo\/image\/"}}]}},"_links":{"self":[{"href":"https:\/\/conexbooks.de\/a\/shop\/wp-json\/wp\/v2\/product\/1070","targetHints":{"allow":["GET"]}}],"collection":[{"href":"https:\/\/conexbooks.de\/a\/shop\/wp-json\/wp\/v2\/product"}],"about":[{"href":"https:\/\/conexbooks.de\/a\/shop\/wp-json\/wp\/v2\/types\/product"}],"wp:featuredmedia":[{"embeddable":true,"href":"https:\/\/conexbooks.de\/a\/shop\/wp-json\/wp\/v2\/media\/1965"}],"wp:attachment":[{"href":"https:\/\/conexbooks.de\/a\/shop\/wp-json\/wp\/v2\/media?parent=1070"}],"wp:term":[{"taxonomy":"product_brand","embeddable":true,"href":"https:\/\/conexbooks.de\/a\/shop\/wp-json\/wp\/v2\/product_brand?post=1070"},{"taxonomy":"product_cat","embeddable":true,"href":"https:\/\/conexbooks.de\/a\/shop\/wp-json\/wp\/v2\/product_cat?post=1070"},{"taxonomy":"product_tag","embeddable":true,"href":"https:\/\/conexbooks.de\/a\/shop\/wp-json\/wp\/v2\/product_tag?post=1070"}],"curies":[{"name":"wp","href":"https:\/\/api.w.org\/{rel}","templated":true}]}}