{"id":1109,"date":"2017-11-14T20:10:21","date_gmt":"2017-11-14T19:10:21","guid":{"rendered":"https:\/\/conexbooks.de\/a\/shop\/wp\/produkt\/dvd-set-mitschnitt-eines-seminarss-mit-deutscher-uebersetzung-ca-85h-2\/"},"modified":"2023-03-13T13:48:15","modified_gmt":"2023-03-13T12:48:15","slug":"dvd-set-mitschnitt-eines-seminarss-mit-deutscher-uebersetzung-ca-85h-2","status":"publish","type":"product","link":"https:\/\/conexbooks.de\/a\/shop\/produkt\/dvd-set-mitschnitt-eines-seminarss-mit-deutscher-uebersetzung-ca-85h-2\/","title":{"rendered":"DVD: Gewaltfreie Kommunikation mit Kindern und Jugendlichen (Seminar in M\u00fcnchen 2005)"},"content":{"rendered":"<h4>Gewaltfreie Kommunikation mit Kindern und Jugendlichen M\u00fcnchen 2005<br \/>\nDVD-Set, Mitschnitt eines Seminars\u00b4s mit deutscher \u00dcbersetzung (ca. 8,5h)<\/h4>\n<p>Schon in fr\u00fchester Kindheit werden wir programmiert, das Verhalten unserer Mitmenschen zu beurteilen &#8211; und \u00fcber deren Urteile uns selbst betreffend nachzudenken. So entsteht ein sozialer Umgangston, der gekennzeichnet ist durch st\u00e4ndige Analyse, Kritik, Strafandrohungen, Interpretationen, Wertungen, Regeln und Normen. Das wirkt sich besonders auf die Entwicklung von Kindern und Jugendlichen aus: Aggressionen und die Unf\u00e4higkeit, Bed\u00fcrfnisse auszudr\u00fccken, sind die Folge.<\/p>\n<p>In seiner humorvoll-unterhaltsamen Art und Weise zeigt Marshall B. Rosenberg, dass es auch anders geht: mit dem Konzept der &#8222;Gewaltfreien Kommunikation&#8220;. Sie erfahren, wie eine einf\u00fchlsame Erziehung den Kommunikationsfluss mit Kindern und Jugendlichen verbessert, ein wertsch\u00e4tzendes Miteinander erm\u00f6glicht und Konflikte positiv wandelt. Praktische Beispiele und \u00dcbungen verdeutlichen die Wirkungen auf Familienleben und kindliche Entwicklung.<\/p>\n<div id='1' class='widgets_on_page wop_tiny1  wop_small1  wop_medium1  wop_large1  wop_wide1'>\n\t\t\t<ul><li id=\"custom_html-4\" class=\"widget_text widget widget_custom_html\"><div class=\"textwidget custom-html-widget\"><div style=\"text-align:left;\">\r\n<button class = \"button\" style=\"height: 30px; font-size: 0.8em;\" name=\"zuruck\" type=\"button\" onclick=\"history.back()\">Zur\u00fcck zur \u00dcbersicht<\/button><\/div><\/div><\/li><\/ul><\/div><!-- widgets_on_page -->\n","protected":false},"excerpt":{"rendered":"<h4>Gewaltfreie Kommunikation mit Kindern und Jugendlichen (M\u00fcnchen 2005)<br \/>\nDVD-Set, Mitschnitt eines Seminars\u00b4s mit deutscher \u00dcbersetzung<\/h4>\n<p>ca. 452 Min. auf 2 DVDs .<\/p>\n<p><span style=\"color: #ff0000;\">DVD wird nur auf Anfrage produziert.<\/span><br \/>\n<span style=\"color: #ff0000;\">Lieferzeit: 14 Tage<\/span><br \/>\n<span style=\"color: #ff0000;\">Aktueller Preis kann abweichen.<\/span><\/p>\n<p>DVD\u00b4s sind vom Umtausch ausgeschlossen.<\/p>\n","protected":false},"featured_media":2155,"template":"","meta":[],"product_brand":[],"product_cat":[49],"product_tag":[129,492,105,83,246,128,491,489,490,111],"class_list":{"0":"post-1109","1":"product","2":"type-product","3":"status-publish","4":"has-post-thumbnail","6":"product_cat-dvds","7":"product_tag-eltern","8":"product_tag-entwicklung-von-kindern","9":"product_tag-erziehung","10":"product_tag-familie","11":"product_tag-familien-konflikte-loesen","12":"product_tag-familienalltag","13":"product_tag-familienleben","14":"product_tag-gewaltfrei-kommunizieren","15":"product_tag-jugnedliche","16":"product_tag-kinder","18":"first","19":"instock","20":"shipping-taxable","21":"purchasable","22":"product-type-simple"},"yoast_head":"<!-- This site is optimized with the Yoast SEO plugin v27.4 - https:\/\/yoast.com\/product\/yoast-seo-wordpress\/ -->\n<title>DVD: Gewaltfreie Kommunikation mit Kindern und Jugendlichen (Seminar in M\u00fcnchen 2005) - Conex-Shop<\/title>\n<meta name=\"robots\" content=\"index, follow, max-snippet:-1, max-image-preview:large, max-video-preview:-1\" \/>\n<link rel=\"canonical\" href=\"https:\/\/conexbooks.de\/a\/shop\/produkt\/dvd-set-mitschnitt-eines-seminarss-mit-deutscher-uebersetzung-ca-85h-2\/\" \/>\n<meta property=\"og:locale\" content=\"de_DE\" \/>\n<meta property=\"og:type\" content=\"article\" \/>\n<meta property=\"og:title\" content=\"DVD: Gewaltfreie Kommunikation mit Kindern und Jugendlichen (Seminar in M\u00fcnchen 2005) - Conex-Shop\" \/>\n<meta property=\"og:description\" content=\"Gewaltfreie Kommunikation mit Kindern und Jugendlichen (M\u00fcnchen 2005) DVD-Set, Mitschnitt eines Seminars\u00b4s mit deutscher \u00dcbersetzung ca. 452 Min. auf 2 DVDs .  DVD wird nur auf Anfrage produziert. Lieferzeit: 14 Tage Aktueller Preis kann abweichen.  DVD\u00b4s sind vom Umtausch ausgeschlossen.\" \/>\n<meta property=\"og:url\" content=\"https:\/\/conexbooks.de\/a\/shop\/produkt\/dvd-set-mitschnitt-eines-seminarss-mit-deutscher-uebersetzung-ca-85h-2\/\" \/>\n<meta property=\"og:site_name\" content=\"Conex-Shop\" \/>\n<meta property=\"article:modified_time\" content=\"2023-03-13T12:48:15+00:00\" \/>\n<meta property=\"og:image\" content=\"https:\/\/conexbooks.de\/a\/shop\/wp-content\/uploads\/2017\/11\/320-1.jpg\" \/>\n\t<meta property=\"og:image:width\" content=\"106\" \/>\n\t<meta property=\"og:image:height\" content=\"150\" \/>\n\t<meta property=\"og:image:type\" content=\"image\/jpeg\" \/>\n<meta name=\"twitter:card\" content=\"summary_large_image\" \/>\n<meta name=\"twitter:label1\" content=\"Gesch\u00e4tzte Lesezeit\" \/>\n\t<meta name=\"twitter:data1\" content=\"1\u00a0Minute\" \/>\n<script type=\"application\/ld+json\" class=\"yoast-schema-graph\">{\"@context\":\"https:\\\/\\\/schema.org\",\"@graph\":[{\"@type\":\"WebPage\",\"@id\":\"https:\\\/\\\/conexbooks.de\\\/a\\\/shop\\\/produkt\\\/dvd-set-mitschnitt-eines-seminarss-mit-deutscher-uebersetzung-ca-85h-2\\\/\",\"url\":\"https:\\\/\\\/conexbooks.de\\\/a\\\/shop\\\/produkt\\\/dvd-set-mitschnitt-eines-seminarss-mit-deutscher-uebersetzung-ca-85h-2\\\/\",\"name\":\"DVD: Gewaltfreie Kommunikation mit Kindern und Jugendlichen (Seminar in M\u00fcnchen 2005) - Conex-Shop\",\"isPartOf\":{\"@id\":\"https:\\\/\\\/conexbooks.de\\\/a\\\/shop\\\/#website\"},\"primaryImageOfPage\":{\"@id\":\"https:\\\/\\\/conexbooks.de\\\/a\\\/shop\\\/produkt\\\/dvd-set-mitschnitt-eines-seminarss-mit-deutscher-uebersetzung-ca-85h-2\\\/#primaryimage\"},\"image\":{\"@id\":\"https:\\\/\\\/conexbooks.de\\\/a\\\/shop\\\/produkt\\\/dvd-set-mitschnitt-eines-seminarss-mit-deutscher-uebersetzung-ca-85h-2\\\/#primaryimage\"},\"thumbnailUrl\":\"https:\\\/\\\/conexbooks.de\\\/a\\\/shop\\\/wp-content\\\/uploads\\\/2017\\\/11\\\/320-1.jpg\",\"datePublished\":\"2017-11-14T19:10:21+00:00\",\"dateModified\":\"2023-03-13T12:48:15+00:00\",\"breadcrumb\":{\"@id\":\"https:\\\/\\\/conexbooks.de\\\/a\\\/shop\\\/produkt\\\/dvd-set-mitschnitt-eines-seminarss-mit-deutscher-uebersetzung-ca-85h-2\\\/#breadcrumb\"},\"inLanguage\":\"de\",\"potentialAction\":[{\"@type\":\"ReadAction\",\"target\":[\"https:\\\/\\\/conexbooks.de\\\/a\\\/shop\\\/produkt\\\/dvd-set-mitschnitt-eines-seminarss-mit-deutscher-uebersetzung-ca-85h-2\\\/\"]}]},{\"@type\":\"ImageObject\",\"inLanguage\":\"de\",\"@id\":\"https:\\\/\\\/conexbooks.de\\\/a\\\/shop\\\/produkt\\\/dvd-set-mitschnitt-eines-seminarss-mit-deutscher-uebersetzung-ca-85h-2\\\/#primaryimage\",\"url\":\"https:\\\/\\\/conexbooks.de\\\/a\\\/shop\\\/wp-content\\\/uploads\\\/2017\\\/11\\\/320-1.jpg\",\"contentUrl\":\"https:\\\/\\\/conexbooks.de\\\/a\\\/shop\\\/wp-content\\\/uploads\\\/2017\\\/11\\\/320-1.jpg\",\"width\":106,\"height\":150},{\"@type\":\"BreadcrumbList\",\"@id\":\"https:\\\/\\\/conexbooks.de\\\/a\\\/shop\\\/produkt\\\/dvd-set-mitschnitt-eines-seminarss-mit-deutscher-uebersetzung-ca-85h-2\\\/#breadcrumb\",\"itemListElement\":[{\"@type\":\"ListItem\",\"position\":1,\"name\":\"Home\",\"item\":\"https:\\\/\\\/conexbooks.de\\\/a\\\/shop\\\/\"},{\"@type\":\"ListItem\",\"position\":2,\"name\":\"Shop\",\"item\":\"https:\\\/\\\/conexbooks.de\\\/a\\\/shop\\\/shop\\\/\"},{\"@type\":\"ListItem\",\"position\":3,\"name\":\"DVD: Gewaltfreie Kommunikation mit Kindern und Jugendlichen (Seminar in M\u00fcnchen 2005)\"}]},{\"@type\":\"WebSite\",\"@id\":\"https:\\\/\\\/conexbooks.de\\\/a\\\/shop\\\/#website\",\"url\":\"https:\\\/\\\/conexbooks.de\\\/a\\\/shop\\\/\",\"name\":\"Conex-Shop\",\"description\":\"Alles f\u00fcr die gewaltfreie Kommunikation: B\u00fccher, Spiele. Handpuppen Seminarmaterial und Geschenke\",\"publisher\":{\"@id\":\"https:\\\/\\\/conexbooks.de\\\/a\\\/shop\\\/#organization\"},\"potentialAction\":[{\"@type\":\"SearchAction\",\"target\":{\"@type\":\"EntryPoint\",\"urlTemplate\":\"https:\\\/\\\/conexbooks.de\\\/a\\\/shop\\\/?s={search_term_string}\"},\"query-input\":{\"@type\":\"PropertyValueSpecification\",\"valueRequired\":true,\"valueName\":\"search_term_string\"}}],\"inLanguage\":\"de\"},{\"@type\":\"Organization\",\"@id\":\"https:\\\/\\\/conexbooks.de\\\/a\\\/shop\\\/#organization\",\"name\":\"Conex - books and more\",\"url\":\"https:\\\/\\\/conexbooks.de\\\/a\\\/shop\\\/\",\"logo\":{\"@type\":\"ImageObject\",\"inLanguage\":\"de\",\"@id\":\"https:\\\/\\\/conexbooks.de\\\/a\\\/shop\\\/#\\\/schema\\\/logo\\\/image\\\/\",\"url\":\"https:\\\/\\\/conexbooks.de\\\/a\\\/shop\\\/wp-content\\\/uploads\\\/2017\\\/12\\\/co-logo.png\",\"contentUrl\":\"https:\\\/\\\/conexbooks.de\\\/a\\\/shop\\\/wp-content\\\/uploads\\\/2017\\\/12\\\/co-logo.png\",\"width\":243,\"height\":122,\"caption\":\"Conex - books and more\"},\"image\":{\"@id\":\"https:\\\/\\\/conexbooks.de\\\/a\\\/shop\\\/#\\\/schema\\\/logo\\\/image\\\/\"}}]}<\/script>\n<!-- \/ Yoast SEO plugin. -->","yoast_head_json":{"title":"DVD: Gewaltfreie Kommunikation mit Kindern und Jugendlichen (Seminar in M\u00fcnchen 2005) - Conex-Shop","robots":{"index":"index","follow":"follow","max-snippet":"max-snippet:-1","max-image-preview":"max-image-preview:large","max-video-preview":"max-video-preview:-1"},"canonical":"https:\/\/conexbooks.de\/a\/shop\/produkt\/dvd-set-mitschnitt-eines-seminarss-mit-deutscher-uebersetzung-ca-85h-2\/","og_locale":"de_DE","og_type":"article","og_title":"DVD: Gewaltfreie Kommunikation mit Kindern und Jugendlichen (Seminar in M\u00fcnchen 2005) - Conex-Shop","og_description":"Gewaltfreie Kommunikation mit Kindern und Jugendlichen (M\u00fcnchen 2005) DVD-Set, Mitschnitt eines Seminars\u00b4s mit deutscher \u00dcbersetzung ca. 452 Min. auf 2 DVDs .  DVD wird nur auf Anfrage produziert. Lieferzeit: 14 Tage Aktueller Preis kann abweichen.  DVD\u00b4s sind vom Umtausch ausgeschlossen.","og_url":"https:\/\/conexbooks.de\/a\/shop\/produkt\/dvd-set-mitschnitt-eines-seminarss-mit-deutscher-uebersetzung-ca-85h-2\/","og_site_name":"Conex-Shop","article_modified_time":"2023-03-13T12:48:15+00:00","og_image":[{"width":106,"height":150,"url":"https:\/\/conexbooks.de\/a\/shop\/wp-content\/uploads\/2017\/11\/320-1.jpg","type":"image\/jpeg"}],"twitter_card":"summary_large_image","twitter_misc":{"Gesch\u00e4tzte Lesezeit":"1\u00a0Minute"},"schema":{"@context":"https:\/\/schema.org","@graph":[{"@type":"WebPage","@id":"https:\/\/conexbooks.de\/a\/shop\/produkt\/dvd-set-mitschnitt-eines-seminarss-mit-deutscher-uebersetzung-ca-85h-2\/","url":"https:\/\/conexbooks.de\/a\/shop\/produkt\/dvd-set-mitschnitt-eines-seminarss-mit-deutscher-uebersetzung-ca-85h-2\/","name":"DVD: Gewaltfreie Kommunikation mit Kindern und Jugendlichen (Seminar in M\u00fcnchen 2005) - Conex-Shop","isPartOf":{"@id":"https:\/\/conexbooks.de\/a\/shop\/#website"},"primaryImageOfPage":{"@id":"https:\/\/conexbooks.de\/a\/shop\/produkt\/dvd-set-mitschnitt-eines-seminarss-mit-deutscher-uebersetzung-ca-85h-2\/#primaryimage"},"image":{"@id":"https:\/\/conexbooks.de\/a\/shop\/produkt\/dvd-set-mitschnitt-eines-seminarss-mit-deutscher-uebersetzung-ca-85h-2\/#primaryimage"},"thumbnailUrl":"https:\/\/conexbooks.de\/a\/shop\/wp-content\/uploads\/2017\/11\/320-1.jpg","datePublished":"2017-11-14T19:10:21+00:00","dateModified":"2023-03-13T12:48:15+00:00","breadcrumb":{"@id":"https:\/\/conexbooks.de\/a\/shop\/produkt\/dvd-set-mitschnitt-eines-seminarss-mit-deutscher-uebersetzung-ca-85h-2\/#breadcrumb"},"inLanguage":"de","potentialAction":[{"@type":"ReadAction","target":["https:\/\/conexbooks.de\/a\/shop\/produkt\/dvd-set-mitschnitt-eines-seminarss-mit-deutscher-uebersetzung-ca-85h-2\/"]}]},{"@type":"ImageObject","inLanguage":"de","@id":"https:\/\/conexbooks.de\/a\/shop\/produkt\/dvd-set-mitschnitt-eines-seminarss-mit-deutscher-uebersetzung-ca-85h-2\/#primaryimage","url":"https:\/\/conexbooks.de\/a\/shop\/wp-content\/uploads\/2017\/11\/320-1.jpg","contentUrl":"https:\/\/conexbooks.de\/a\/shop\/wp-content\/uploads\/2017\/11\/320-1.jpg","width":106,"height":150},{"@type":"BreadcrumbList","@id":"https:\/\/conexbooks.de\/a\/shop\/produkt\/dvd-set-mitschnitt-eines-seminarss-mit-deutscher-uebersetzung-ca-85h-2\/#breadcrumb","itemListElement":[{"@type":"ListItem","position":1,"name":"Home","item":"https:\/\/conexbooks.de\/a\/shop\/"},{"@type":"ListItem","position":2,"name":"Shop","item":"https:\/\/conexbooks.de\/a\/shop\/shop\/"},{"@type":"ListItem","position":3,"name":"DVD: Gewaltfreie Kommunikation mit Kindern und Jugendlichen (Seminar in M\u00fcnchen 2005)"}]},{"@type":"WebSite","@id":"https:\/\/conexbooks.de\/a\/shop\/#website","url":"https:\/\/conexbooks.de\/a\/shop\/","name":"Conex-Shop","description":"Alles f\u00fcr die gewaltfreie Kommunikation: B\u00fccher, Spiele. Handpuppen Seminarmaterial und Geschenke","publisher":{"@id":"https:\/\/conexbooks.de\/a\/shop\/#organization"},"potentialAction":[{"@type":"SearchAction","target":{"@type":"EntryPoint","urlTemplate":"https:\/\/conexbooks.de\/a\/shop\/?s={search_term_string}"},"query-input":{"@type":"PropertyValueSpecification","valueRequired":true,"valueName":"search_term_string"}}],"inLanguage":"de"},{"@type":"Organization","@id":"https:\/\/conexbooks.de\/a\/shop\/#organization","name":"Conex - books and more","url":"https:\/\/conexbooks.de\/a\/shop\/","logo":{"@type":"ImageObject","inLanguage":"de","@id":"https:\/\/conexbooks.de\/a\/shop\/#\/schema\/logo\/image\/","url":"https:\/\/conexbooks.de\/a\/shop\/wp-content\/uploads\/2017\/12\/co-logo.png","contentUrl":"https:\/\/conexbooks.de\/a\/shop\/wp-content\/uploads\/2017\/12\/co-logo.png","width":243,"height":122,"caption":"Conex - books and more"},"image":{"@id":"https:\/\/conexbooks.de\/a\/shop\/#\/schema\/logo\/image\/"}}]}},"_links":{"self":[{"href":"https:\/\/conexbooks.de\/a\/shop\/wp-json\/wp\/v2\/product\/1109","targetHints":{"allow":["GET"]}}],"collection":[{"href":"https:\/\/conexbooks.de\/a\/shop\/wp-json\/wp\/v2\/product"}],"about":[{"href":"https:\/\/conexbooks.de\/a\/shop\/wp-json\/wp\/v2\/types\/product"}],"wp:featuredmedia":[{"embeddable":true,"href":"https:\/\/conexbooks.de\/a\/shop\/wp-json\/wp\/v2\/media\/2155"}],"wp:attachment":[{"href":"https:\/\/conexbooks.de\/a\/shop\/wp-json\/wp\/v2\/media?parent=1109"}],"wp:term":[{"taxonomy":"product_brand","embeddable":true,"href":"https:\/\/conexbooks.de\/a\/shop\/wp-json\/wp\/v2\/product_brand?post=1109"},{"taxonomy":"product_cat","embeddable":true,"href":"https:\/\/conexbooks.de\/a\/shop\/wp-json\/wp\/v2\/product_cat?post=1109"},{"taxonomy":"product_tag","embeddable":true,"href":"https:\/\/conexbooks.de\/a\/shop\/wp-json\/wp\/v2\/product_tag?post=1109"}],"curies":[{"name":"wp","href":"https:\/\/api.w.org\/{rel}","templated":true}]}}