{"id":1111,"date":"2017-11-14T20:10:21","date_gmt":"2017-11-14T19:10:21","guid":{"rendered":"https:\/\/conexbooks.de\/a\/shop\/wp\/produkt\/dvd-set-mitschnitt-eines-seminarss-mit-deutscher-uebersetzung-85h\/"},"modified":"2022-12-13T11:47:54","modified_gmt":"2022-12-13T10:47:54","slug":"dvd-set-mitschnitt-eines-seminarss-mit-deutscher-uebersetzung-85h","status":"publish","type":"product","link":"https:\/\/conexbooks.de\/a\/shop\/produkt\/dvd-set-mitschnitt-eines-seminarss-mit-deutscher-uebersetzung-85h\/","title":{"rendered":"DVD: Gewaltfreie Kommunikation am Arbeitsplatz und in Organisationen (Seminar M\u00fcnchen 2002)"},"content":{"rendered":"<h4>Gewaltfreie Kommunikation am Arbeitsplatz und in Organisationen M\u00fcnchen 2002<\/h4>\n<p>DVD-Set Mitschnitt eines Seminars\u00b4s mit deutscher \u00dcbersetzung<\/p>\n<p><span style=\"font-family: Arial, Helvetica, sans-serif;\">In diesem kurzweiligen Seminar erz\u00e4hlt M. Rosenberg mit viel Humor beispielhafte Geschichten aus dem Alltag. Anhand von \u00dcbungen, zeigt er wie wir Konflikte entsch\u00e4rfen und sogar l\u00f6sen k\u00f6nnen. Wesentlicher Aspekt von Rosenbergs Konzept ist der bewusste und verantwortungsvolle Umgang mit unserer Sprache: So macht Rosenberg deutlich, wie wir durch einf\u00fchlendes Zuh\u00f6ren erkennen k\u00f6nnen, welche Bed\u00fcrfnisse zum Beispiel ein ver\u00e4rgerter oder w\u00fctender Gespr\u00e4chspartner hat.<br \/>\nDurch die Kl\u00e4rung der eigenen Gef\u00fchle und Bed\u00fcrfnisse sind wir in der Lage, diese anschlie\u00dfend in Form einer Bitte klar und kooperativ zu formulieren.<\/span><\/p>\n<p>&nbsp;<\/p>\n<div id='1' class='widgets_on_page wop_tiny1  wop_small1  wop_medium1  wop_large1  wop_wide1'>\n\t\t\t<ul><li id=\"custom_html-4\" class=\"widget_text widget widget_custom_html\"><div class=\"textwidget custom-html-widget\"><div style=\"text-align:left;\">\r\n<button class = \"button\" style=\"height: 30px; font-size: 0.8em;\" name=\"zuruck\" type=\"button\" onclick=\"history.back()\">Zur\u00fcck zur \u00dcbersicht<\/button><\/div><\/div><\/li><\/ul><\/div><!-- widgets_on_page -->\n","protected":false},"excerpt":{"rendered":"<h3>Gewaltfreie Kommunikation am Arbeitsplatz und in Organisationen<\/h3>\n<h3><span style=\"font-family: Arial, Helvetica, sans-serif;\">Marshall B. Rosenberg<\/span><\/h3>\n<p><span style=\"font-family: Arial, Helvetica, sans-serif;\">Original-Aufzeichnung eines Seminars im Oktober 2002 in M\u00fcnchen<br \/>\n<\/span><span style=\"font-family: Arial, Helvetica, sans-serif;\">(<\/span><span style=\"font-family: Arial, Helvetica, sans-serif;\">englisch mit deutscher Konsekutiv\u00fcbersetzung)<\/span><\/p>\n<p><span style=\"color: #000000;\">2 DVDs, L\u00e4nge: 7h 25 min.<\/span><\/p>\n<p><span style=\"color: #ff0000;\">DVD wird nur auf Anfrage produziert.<\/span><br \/>\n<span style=\"color: #ff0000;\">Lieferzeit: 14 Tage<\/span><br \/>\n<span style=\"color: #ff0000;\">Aktueller Preis kann kann abweichen.<\/span><\/p>\n<p>DVD`s sind vom Umtausch ausgeschlossen.<\/p>\n","protected":false},"featured_media":2169,"template":"","meta":[],"product_brand":[],"product_cat":[49],"product_tag":[],"class_list":{"0":"post-1111","1":"product","2":"type-product","3":"status-publish","4":"has-post-thumbnail","6":"product_cat-dvds","8":"first","9":"instock","10":"shipping-taxable","11":"purchasable","12":"product-type-simple"},"yoast_head":"<!-- This site is optimized with the Yoast SEO plugin v27.4 - https:\/\/yoast.com\/product\/yoast-seo-wordpress\/ -->\n<title>DVD: Gewaltfreie Kommunikation am Arbeitsplatz und in Organisationen (Seminar M\u00fcnchen 2002) - Conex-Shop<\/title>\n<meta name=\"robots\" content=\"index, follow, max-snippet:-1, max-image-preview:large, max-video-preview:-1\" \/>\n<link rel=\"canonical\" href=\"https:\/\/conexbooks.de\/a\/shop\/produkt\/dvd-set-mitschnitt-eines-seminarss-mit-deutscher-uebersetzung-85h\/\" \/>\n<meta property=\"og:locale\" content=\"de_DE\" \/>\n<meta property=\"og:type\" content=\"article\" \/>\n<meta property=\"og:title\" content=\"DVD: Gewaltfreie Kommunikation am Arbeitsplatz und in Organisationen (Seminar M\u00fcnchen 2002) - Conex-Shop\" \/>\n<meta property=\"og:description\" content=\"Gewaltfreie Kommunikation am Arbeitsplatz und in Organisationen Marshall B. Rosenberg Original-Aufzeichnung eines Seminars im Oktober 2002 in M\u00fcnchen (englisch mit deutscher Konsekutiv\u00fcbersetzung)  2 DVDs, L\u00e4nge: 7h 25 min.  DVD wird nur auf Anfrage produziert. Lieferzeit: 14 Tage Aktueller Preis kann kann abweichen.  DVD`s sind vom Umtausch ausgeschlossen.\" \/>\n<meta property=\"og:url\" content=\"https:\/\/conexbooks.de\/a\/shop\/produkt\/dvd-set-mitschnitt-eines-seminarss-mit-deutscher-uebersetzung-85h\/\" \/>\n<meta property=\"og:site_name\" content=\"Conex-Shop\" \/>\n<meta property=\"article:modified_time\" content=\"2022-12-13T10:47:54+00:00\" \/>\n<meta property=\"og:image\" content=\"https:\/\/conexbooks.de\/a\/shop\/wp-content\/uploads\/2017\/12\/322.jpg\" \/>\n\t<meta property=\"og:image:width\" content=\"276\" \/>\n\t<meta property=\"og:image:height\" content=\"400\" \/>\n\t<meta property=\"og:image:type\" content=\"image\/jpeg\" \/>\n<meta name=\"twitter:card\" content=\"summary_large_image\" \/>\n<meta name=\"twitter:label1\" content=\"Gesch\u00e4tzte Lesezeit\" \/>\n\t<meta name=\"twitter:data1\" content=\"1\u00a0Minute\" \/>\n<script type=\"application\/ld+json\" class=\"yoast-schema-graph\">{\"@context\":\"https:\\\/\\\/schema.org\",\"@graph\":[{\"@type\":\"WebPage\",\"@id\":\"https:\\\/\\\/conexbooks.de\\\/a\\\/shop\\\/produkt\\\/dvd-set-mitschnitt-eines-seminarss-mit-deutscher-uebersetzung-85h\\\/\",\"url\":\"https:\\\/\\\/conexbooks.de\\\/a\\\/shop\\\/produkt\\\/dvd-set-mitschnitt-eines-seminarss-mit-deutscher-uebersetzung-85h\\\/\",\"name\":\"DVD: Gewaltfreie Kommunikation am Arbeitsplatz und in Organisationen (Seminar M\u00fcnchen 2002) - Conex-Shop\",\"isPartOf\":{\"@id\":\"https:\\\/\\\/conexbooks.de\\\/a\\\/shop\\\/#website\"},\"primaryImageOfPage\":{\"@id\":\"https:\\\/\\\/conexbooks.de\\\/a\\\/shop\\\/produkt\\\/dvd-set-mitschnitt-eines-seminarss-mit-deutscher-uebersetzung-85h\\\/#primaryimage\"},\"image\":{\"@id\":\"https:\\\/\\\/conexbooks.de\\\/a\\\/shop\\\/produkt\\\/dvd-set-mitschnitt-eines-seminarss-mit-deutscher-uebersetzung-85h\\\/#primaryimage\"},\"thumbnailUrl\":\"https:\\\/\\\/conexbooks.de\\\/a\\\/shop\\\/wp-content\\\/uploads\\\/2017\\\/12\\\/322.jpg\",\"datePublished\":\"2017-11-14T19:10:21+00:00\",\"dateModified\":\"2022-12-13T10:47:54+00:00\",\"breadcrumb\":{\"@id\":\"https:\\\/\\\/conexbooks.de\\\/a\\\/shop\\\/produkt\\\/dvd-set-mitschnitt-eines-seminarss-mit-deutscher-uebersetzung-85h\\\/#breadcrumb\"},\"inLanguage\":\"de\",\"potentialAction\":[{\"@type\":\"ReadAction\",\"target\":[\"https:\\\/\\\/conexbooks.de\\\/a\\\/shop\\\/produkt\\\/dvd-set-mitschnitt-eines-seminarss-mit-deutscher-uebersetzung-85h\\\/\"]}]},{\"@type\":\"ImageObject\",\"inLanguage\":\"de\",\"@id\":\"https:\\\/\\\/conexbooks.de\\\/a\\\/shop\\\/produkt\\\/dvd-set-mitschnitt-eines-seminarss-mit-deutscher-uebersetzung-85h\\\/#primaryimage\",\"url\":\"https:\\\/\\\/conexbooks.de\\\/a\\\/shop\\\/wp-content\\\/uploads\\\/2017\\\/12\\\/322.jpg\",\"contentUrl\":\"https:\\\/\\\/conexbooks.de\\\/a\\\/shop\\\/wp-content\\\/uploads\\\/2017\\\/12\\\/322.jpg\",\"width\":276,\"height\":400},{\"@type\":\"BreadcrumbList\",\"@id\":\"https:\\\/\\\/conexbooks.de\\\/a\\\/shop\\\/produkt\\\/dvd-set-mitschnitt-eines-seminarss-mit-deutscher-uebersetzung-85h\\\/#breadcrumb\",\"itemListElement\":[{\"@type\":\"ListItem\",\"position\":1,\"name\":\"Home\",\"item\":\"https:\\\/\\\/conexbooks.de\\\/a\\\/shop\\\/\"},{\"@type\":\"ListItem\",\"position\":2,\"name\":\"Shop\",\"item\":\"https:\\\/\\\/conexbooks.de\\\/a\\\/shop\\\/shop\\\/\"},{\"@type\":\"ListItem\",\"position\":3,\"name\":\"DVD: Gewaltfreie Kommunikation am Arbeitsplatz und in Organisationen (Seminar M\u00fcnchen 2002)\"}]},{\"@type\":\"WebSite\",\"@id\":\"https:\\\/\\\/conexbooks.de\\\/a\\\/shop\\\/#website\",\"url\":\"https:\\\/\\\/conexbooks.de\\\/a\\\/shop\\\/\",\"name\":\"Conex-Shop\",\"description\":\"Alles f\u00fcr die gewaltfreie Kommunikation: B\u00fccher, Spiele. Handpuppen Seminarmaterial und Geschenke\",\"publisher\":{\"@id\":\"https:\\\/\\\/conexbooks.de\\\/a\\\/shop\\\/#organization\"},\"potentialAction\":[{\"@type\":\"SearchAction\",\"target\":{\"@type\":\"EntryPoint\",\"urlTemplate\":\"https:\\\/\\\/conexbooks.de\\\/a\\\/shop\\\/?s={search_term_string}\"},\"query-input\":{\"@type\":\"PropertyValueSpecification\",\"valueRequired\":true,\"valueName\":\"search_term_string\"}}],\"inLanguage\":\"de\"},{\"@type\":\"Organization\",\"@id\":\"https:\\\/\\\/conexbooks.de\\\/a\\\/shop\\\/#organization\",\"name\":\"Conex - books and more\",\"url\":\"https:\\\/\\\/conexbooks.de\\\/a\\\/shop\\\/\",\"logo\":{\"@type\":\"ImageObject\",\"inLanguage\":\"de\",\"@id\":\"https:\\\/\\\/conexbooks.de\\\/a\\\/shop\\\/#\\\/schema\\\/logo\\\/image\\\/\",\"url\":\"https:\\\/\\\/conexbooks.de\\\/a\\\/shop\\\/wp-content\\\/uploads\\\/2017\\\/12\\\/co-logo.png\",\"contentUrl\":\"https:\\\/\\\/conexbooks.de\\\/a\\\/shop\\\/wp-content\\\/uploads\\\/2017\\\/12\\\/co-logo.png\",\"width\":243,\"height\":122,\"caption\":\"Conex - books and more\"},\"image\":{\"@id\":\"https:\\\/\\\/conexbooks.de\\\/a\\\/shop\\\/#\\\/schema\\\/logo\\\/image\\\/\"}}]}<\/script>\n<!-- \/ Yoast SEO plugin. -->","yoast_head_json":{"title":"DVD: Gewaltfreie Kommunikation am Arbeitsplatz und in Organisationen (Seminar M\u00fcnchen 2002) - Conex-Shop","robots":{"index":"index","follow":"follow","max-snippet":"max-snippet:-1","max-image-preview":"max-image-preview:large","max-video-preview":"max-video-preview:-1"},"canonical":"https:\/\/conexbooks.de\/a\/shop\/produkt\/dvd-set-mitschnitt-eines-seminarss-mit-deutscher-uebersetzung-85h\/","og_locale":"de_DE","og_type":"article","og_title":"DVD: Gewaltfreie Kommunikation am Arbeitsplatz und in Organisationen (Seminar M\u00fcnchen 2002) - Conex-Shop","og_description":"Gewaltfreie Kommunikation am Arbeitsplatz und in Organisationen Marshall B. Rosenberg Original-Aufzeichnung eines Seminars im Oktober 2002 in M\u00fcnchen (englisch mit deutscher Konsekutiv\u00fcbersetzung)  2 DVDs, L\u00e4nge: 7h 25 min.  DVD wird nur auf Anfrage produziert. Lieferzeit: 14 Tage Aktueller Preis kann kann abweichen.  DVD`s sind vom Umtausch ausgeschlossen.","og_url":"https:\/\/conexbooks.de\/a\/shop\/produkt\/dvd-set-mitschnitt-eines-seminarss-mit-deutscher-uebersetzung-85h\/","og_site_name":"Conex-Shop","article_modified_time":"2022-12-13T10:47:54+00:00","og_image":[{"width":276,"height":400,"url":"https:\/\/conexbooks.de\/a\/shop\/wp-content\/uploads\/2017\/12\/322.jpg","type":"image\/jpeg"}],"twitter_card":"summary_large_image","twitter_misc":{"Gesch\u00e4tzte Lesezeit":"1\u00a0Minute"},"schema":{"@context":"https:\/\/schema.org","@graph":[{"@type":"WebPage","@id":"https:\/\/conexbooks.de\/a\/shop\/produkt\/dvd-set-mitschnitt-eines-seminarss-mit-deutscher-uebersetzung-85h\/","url":"https:\/\/conexbooks.de\/a\/shop\/produkt\/dvd-set-mitschnitt-eines-seminarss-mit-deutscher-uebersetzung-85h\/","name":"DVD: Gewaltfreie Kommunikation am Arbeitsplatz und in Organisationen (Seminar M\u00fcnchen 2002) - Conex-Shop","isPartOf":{"@id":"https:\/\/conexbooks.de\/a\/shop\/#website"},"primaryImageOfPage":{"@id":"https:\/\/conexbooks.de\/a\/shop\/produkt\/dvd-set-mitschnitt-eines-seminarss-mit-deutscher-uebersetzung-85h\/#primaryimage"},"image":{"@id":"https:\/\/conexbooks.de\/a\/shop\/produkt\/dvd-set-mitschnitt-eines-seminarss-mit-deutscher-uebersetzung-85h\/#primaryimage"},"thumbnailUrl":"https:\/\/conexbooks.de\/a\/shop\/wp-content\/uploads\/2017\/12\/322.jpg","datePublished":"2017-11-14T19:10:21+00:00","dateModified":"2022-12-13T10:47:54+00:00","breadcrumb":{"@id":"https:\/\/conexbooks.de\/a\/shop\/produkt\/dvd-set-mitschnitt-eines-seminarss-mit-deutscher-uebersetzung-85h\/#breadcrumb"},"inLanguage":"de","potentialAction":[{"@type":"ReadAction","target":["https:\/\/conexbooks.de\/a\/shop\/produkt\/dvd-set-mitschnitt-eines-seminarss-mit-deutscher-uebersetzung-85h\/"]}]},{"@type":"ImageObject","inLanguage":"de","@id":"https:\/\/conexbooks.de\/a\/shop\/produkt\/dvd-set-mitschnitt-eines-seminarss-mit-deutscher-uebersetzung-85h\/#primaryimage","url":"https:\/\/conexbooks.de\/a\/shop\/wp-content\/uploads\/2017\/12\/322.jpg","contentUrl":"https:\/\/conexbooks.de\/a\/shop\/wp-content\/uploads\/2017\/12\/322.jpg","width":276,"height":400},{"@type":"BreadcrumbList","@id":"https:\/\/conexbooks.de\/a\/shop\/produkt\/dvd-set-mitschnitt-eines-seminarss-mit-deutscher-uebersetzung-85h\/#breadcrumb","itemListElement":[{"@type":"ListItem","position":1,"name":"Home","item":"https:\/\/conexbooks.de\/a\/shop\/"},{"@type":"ListItem","position":2,"name":"Shop","item":"https:\/\/conexbooks.de\/a\/shop\/shop\/"},{"@type":"ListItem","position":3,"name":"DVD: Gewaltfreie Kommunikation am Arbeitsplatz und in Organisationen (Seminar M\u00fcnchen 2002)"}]},{"@type":"WebSite","@id":"https:\/\/conexbooks.de\/a\/shop\/#website","url":"https:\/\/conexbooks.de\/a\/shop\/","name":"Conex-Shop","description":"Alles f\u00fcr die gewaltfreie Kommunikation: B\u00fccher, Spiele. Handpuppen Seminarmaterial und Geschenke","publisher":{"@id":"https:\/\/conexbooks.de\/a\/shop\/#organization"},"potentialAction":[{"@type":"SearchAction","target":{"@type":"EntryPoint","urlTemplate":"https:\/\/conexbooks.de\/a\/shop\/?s={search_term_string}"},"query-input":{"@type":"PropertyValueSpecification","valueRequired":true,"valueName":"search_term_string"}}],"inLanguage":"de"},{"@type":"Organization","@id":"https:\/\/conexbooks.de\/a\/shop\/#organization","name":"Conex - books and more","url":"https:\/\/conexbooks.de\/a\/shop\/","logo":{"@type":"ImageObject","inLanguage":"de","@id":"https:\/\/conexbooks.de\/a\/shop\/#\/schema\/logo\/image\/","url":"https:\/\/conexbooks.de\/a\/shop\/wp-content\/uploads\/2017\/12\/co-logo.png","contentUrl":"https:\/\/conexbooks.de\/a\/shop\/wp-content\/uploads\/2017\/12\/co-logo.png","width":243,"height":122,"caption":"Conex - books and more"},"image":{"@id":"https:\/\/conexbooks.de\/a\/shop\/#\/schema\/logo\/image\/"}}]}},"_links":{"self":[{"href":"https:\/\/conexbooks.de\/a\/shop\/wp-json\/wp\/v2\/product\/1111","targetHints":{"allow":["GET"]}}],"collection":[{"href":"https:\/\/conexbooks.de\/a\/shop\/wp-json\/wp\/v2\/product"}],"about":[{"href":"https:\/\/conexbooks.de\/a\/shop\/wp-json\/wp\/v2\/types\/product"}],"wp:featuredmedia":[{"embeddable":true,"href":"https:\/\/conexbooks.de\/a\/shop\/wp-json\/wp\/v2\/media\/2169"}],"wp:attachment":[{"href":"https:\/\/conexbooks.de\/a\/shop\/wp-json\/wp\/v2\/media?parent=1111"}],"wp:term":[{"taxonomy":"product_brand","embeddable":true,"href":"https:\/\/conexbooks.de\/a\/shop\/wp-json\/wp\/v2\/product_brand?post=1111"},{"taxonomy":"product_cat","embeddable":true,"href":"https:\/\/conexbooks.de\/a\/shop\/wp-json\/wp\/v2\/product_cat?post=1111"},{"taxonomy":"product_tag","embeddable":true,"href":"https:\/\/conexbooks.de\/a\/shop\/wp-json\/wp\/v2\/product_tag?post=1111"}],"curies":[{"name":"wp","href":"https:\/\/api.w.org\/{rel}","templated":true}]}}