{"id":1113,"date":"2017-11-14T20:10:22","date_gmt":"2017-11-14T19:10:22","guid":{"rendered":"https:\/\/conexbooks.de\/a\/shop\/wp\/produkt\/dvd-mitschnitt-eines-workshops-mit-deutscher-uebersetzung-ca-35h\/"},"modified":"2022-12-13T11:27:45","modified_gmt":"2022-12-13T10:27:45","slug":"dvd-mitschnitt-eines-workshops-mit-deutscher-uebersetzung-ca-35h","status":"publish","type":"product","link":"https:\/\/conexbooks.de\/a\/shop\/produkt\/dvd-mitschnitt-eines-workshops-mit-deutscher-uebersetzung-ca-35h\/","title":{"rendered":"DVD: Die Praxis der Gewaltfreie Kommunikation (W\u00fcrzburg 2006) DVD"},"content":{"rendered":"<h4>Die Praxis der Gewaltfreie Kommunikation; W\u00fcrzburg 2006<\/h4>\n<p>DVD Mitschnitt eines Workshops mit deutscher \u00dcbersetzung<\/p>\n<p>Die Grundannahme der Gewaltfreien Kommunikation ist, dass Menschen zum Wohl des anderen beitragen und dessen Leben bereichern wollen. Voraussetzung daf\u00fcr ist, dass sie darauf vertrauen, dass auch ihre Anliegen verstanden und ber\u00fccksichtigt werden und dass sie merken, dass ihnen mit Achtung, Aufrichtigkeit und Verst\u00e4ndnis begegnet wird. Die Gewaltfreie Kommunikation ist eine M\u00f6glichkeit, wie uns dies gelingen kann. Es geht um eine bewusste und verantwortungsvolle Beziehung der Menschen miteinander. Rosenberg f\u00fchrt durch praktische \u00dcbungen in die gewaltfreie Kommunikation ein. Wir beobachten, h\u00f6ren und lernen, wie gewaltfreie Kommunikation in Alltagssituationen angewandt werden kann.<\/p>\n<div id='1' class='widgets_on_page wop_tiny1  wop_small1  wop_medium1  wop_large1  wop_wide1'>\n\t\t\t<ul><li id=\"custom_html-4\" class=\"widget_text widget widget_custom_html\"><div class=\"textwidget custom-html-widget\"><div style=\"text-align:left;\">\r\n<button class = \"button\" style=\"height: 30px; font-size: 0.8em;\" name=\"zuruck\" type=\"button\" onclick=\"history.back()\">Zur\u00fcck zur \u00dcbersicht<\/button><\/div><\/div><\/li><\/ul><\/div><!-- widgets_on_page -->\n","protected":false},"excerpt":{"rendered":"<h3>Die Praxis der Gewaltfreie Kommunikation; W\u00fcrzburg 2005<\/h3>\n<h3>Dr. Marshall B. Rosenberg<\/h3>\n<p>Original-Aufzeichnung eines Workshops auf der 3. internationelen Tagung &#8222;Kollektive Intelligenz&#8220; Ende April 2005 in W\u00fcrzburg mit Marshall B. Rosenberg.<\/p>\n<p>(englisch mit deutscher Konsekutiv\u00fcbersetzung)<\/p>\n<p>1 DVD, \u00a0L\u00e4nge: 3 h 6 min.<\/p>\n<p><span style=\"color: #ff0000;\">DVD wird nur auf Anfrage produziert.<\/span><br \/>\n<span style=\"color: #ff0000;\">Lieferzeit: 14 Tage<\/span><br \/>\n<span style=\"color: #ff0000;\">Aktueller Preis kann abweichen.<\/span><\/p>\n<p>DVD`s sind vom Umtausch ausgeschlossen.<\/p>\n","protected":false},"featured_media":2174,"template":"","meta":[],"product_brand":[],"product_cat":[49],"product_tag":[],"class_list":{"0":"post-1113","1":"product","2":"type-product","3":"status-publish","4":"has-post-thumbnail","6":"product_cat-dvds","8":"first","9":"instock","10":"shipping-taxable","11":"purchasable","12":"product-type-simple"},"yoast_head":"<!-- This site is optimized with the Yoast SEO plugin v27.4 - https:\/\/yoast.com\/product\/yoast-seo-wordpress\/ -->\n<title>DVD: Die Praxis der Gewaltfreie Kommunikation (W\u00fcrzburg 2006) DVD - Conex-Shop<\/title>\n<meta name=\"robots\" content=\"index, follow, max-snippet:-1, max-image-preview:large, max-video-preview:-1\" \/>\n<link rel=\"canonical\" href=\"https:\/\/conexbooks.de\/a\/shop\/produkt\/dvd-mitschnitt-eines-workshops-mit-deutscher-uebersetzung-ca-35h\/\" \/>\n<meta property=\"og:locale\" content=\"de_DE\" \/>\n<meta property=\"og:type\" content=\"article\" \/>\n<meta property=\"og:title\" content=\"DVD: Die Praxis der Gewaltfreie Kommunikation (W\u00fcrzburg 2006) DVD - Conex-Shop\" \/>\n<meta property=\"og:description\" content=\"Die Praxis der Gewaltfreie Kommunikation; W\u00fcrzburg 2005 Dr. Marshall B. Rosenberg Original-Aufzeichnung eines Workshops auf der 3. internationelen Tagung &quot;Kollektive Intelligenz&quot; Ende April 2005 in W\u00fcrzburg mit Marshall B. Rosenberg.  (englisch mit deutscher Konsekutiv\u00fcbersetzung)  1 DVD, \u00a0L\u00e4nge: 3 h 6 min.  DVD wird nur auf Anfrage produziert. Lieferzeit: 14 Tage Aktueller Preis kann abweichen.  DVD`s sind vom Umtausch ausgeschlossen.\" \/>\n<meta property=\"og:url\" content=\"https:\/\/conexbooks.de\/a\/shop\/produkt\/dvd-mitschnitt-eines-workshops-mit-deutscher-uebersetzung-ca-35h\/\" \/>\n<meta property=\"og:site_name\" content=\"Conex-Shop\" \/>\n<meta property=\"article:modified_time\" content=\"2022-12-13T10:27:45+00:00\" \/>\n<meta property=\"og:image\" content=\"https:\/\/conexbooks.de\/a\/shop\/wp-content\/uploads\/2017\/11\/316.png\" \/>\n\t<meta property=\"og:image:width\" content=\"403\" \/>\n\t<meta property=\"og:image:height\" content=\"400\" \/>\n\t<meta property=\"og:image:type\" content=\"image\/png\" \/>\n<meta name=\"twitter:card\" content=\"summary_large_image\" \/>\n<meta name=\"twitter:label1\" content=\"Gesch\u00e4tzte Lesezeit\" \/>\n\t<meta name=\"twitter:data1\" content=\"1\u00a0Minute\" \/>\n<script type=\"application\/ld+json\" class=\"yoast-schema-graph\">{\"@context\":\"https:\\\/\\\/schema.org\",\"@graph\":[{\"@type\":\"WebPage\",\"@id\":\"https:\\\/\\\/conexbooks.de\\\/a\\\/shop\\\/produkt\\\/dvd-mitschnitt-eines-workshops-mit-deutscher-uebersetzung-ca-35h\\\/\",\"url\":\"https:\\\/\\\/conexbooks.de\\\/a\\\/shop\\\/produkt\\\/dvd-mitschnitt-eines-workshops-mit-deutscher-uebersetzung-ca-35h\\\/\",\"name\":\"DVD: Die Praxis der Gewaltfreie Kommunikation (W\u00fcrzburg 2006) DVD - Conex-Shop\",\"isPartOf\":{\"@id\":\"https:\\\/\\\/conexbooks.de\\\/a\\\/shop\\\/#website\"},\"primaryImageOfPage\":{\"@id\":\"https:\\\/\\\/conexbooks.de\\\/a\\\/shop\\\/produkt\\\/dvd-mitschnitt-eines-workshops-mit-deutscher-uebersetzung-ca-35h\\\/#primaryimage\"},\"image\":{\"@id\":\"https:\\\/\\\/conexbooks.de\\\/a\\\/shop\\\/produkt\\\/dvd-mitschnitt-eines-workshops-mit-deutscher-uebersetzung-ca-35h\\\/#primaryimage\"},\"thumbnailUrl\":\"https:\\\/\\\/conexbooks.de\\\/a\\\/shop\\\/wp-content\\\/uploads\\\/2017\\\/11\\\/316.png\",\"datePublished\":\"2017-11-14T19:10:22+00:00\",\"dateModified\":\"2022-12-13T10:27:45+00:00\",\"breadcrumb\":{\"@id\":\"https:\\\/\\\/conexbooks.de\\\/a\\\/shop\\\/produkt\\\/dvd-mitschnitt-eines-workshops-mit-deutscher-uebersetzung-ca-35h\\\/#breadcrumb\"},\"inLanguage\":\"de\",\"potentialAction\":[{\"@type\":\"ReadAction\",\"target\":[\"https:\\\/\\\/conexbooks.de\\\/a\\\/shop\\\/produkt\\\/dvd-mitschnitt-eines-workshops-mit-deutscher-uebersetzung-ca-35h\\\/\"]}]},{\"@type\":\"ImageObject\",\"inLanguage\":\"de\",\"@id\":\"https:\\\/\\\/conexbooks.de\\\/a\\\/shop\\\/produkt\\\/dvd-mitschnitt-eines-workshops-mit-deutscher-uebersetzung-ca-35h\\\/#primaryimage\",\"url\":\"https:\\\/\\\/conexbooks.de\\\/a\\\/shop\\\/wp-content\\\/uploads\\\/2017\\\/11\\\/316.png\",\"contentUrl\":\"https:\\\/\\\/conexbooks.de\\\/a\\\/shop\\\/wp-content\\\/uploads\\\/2017\\\/11\\\/316.png\",\"width\":403,\"height\":400},{\"@type\":\"BreadcrumbList\",\"@id\":\"https:\\\/\\\/conexbooks.de\\\/a\\\/shop\\\/produkt\\\/dvd-mitschnitt-eines-workshops-mit-deutscher-uebersetzung-ca-35h\\\/#breadcrumb\",\"itemListElement\":[{\"@type\":\"ListItem\",\"position\":1,\"name\":\"Home\",\"item\":\"https:\\\/\\\/conexbooks.de\\\/a\\\/shop\\\/\"},{\"@type\":\"ListItem\",\"position\":2,\"name\":\"Shop\",\"item\":\"https:\\\/\\\/conexbooks.de\\\/a\\\/shop\\\/shop\\\/\"},{\"@type\":\"ListItem\",\"position\":3,\"name\":\"DVD: Die Praxis der Gewaltfreie Kommunikation (W\u00fcrzburg 2006) DVD\"}]},{\"@type\":\"WebSite\",\"@id\":\"https:\\\/\\\/conexbooks.de\\\/a\\\/shop\\\/#website\",\"url\":\"https:\\\/\\\/conexbooks.de\\\/a\\\/shop\\\/\",\"name\":\"Conex-Shop\",\"description\":\"Alles f\u00fcr die gewaltfreie Kommunikation: B\u00fccher, Spiele. Handpuppen Seminarmaterial und Geschenke\",\"publisher\":{\"@id\":\"https:\\\/\\\/conexbooks.de\\\/a\\\/shop\\\/#organization\"},\"potentialAction\":[{\"@type\":\"SearchAction\",\"target\":{\"@type\":\"EntryPoint\",\"urlTemplate\":\"https:\\\/\\\/conexbooks.de\\\/a\\\/shop\\\/?s={search_term_string}\"},\"query-input\":{\"@type\":\"PropertyValueSpecification\",\"valueRequired\":true,\"valueName\":\"search_term_string\"}}],\"inLanguage\":\"de\"},{\"@type\":\"Organization\",\"@id\":\"https:\\\/\\\/conexbooks.de\\\/a\\\/shop\\\/#organization\",\"name\":\"Conex - books and more\",\"url\":\"https:\\\/\\\/conexbooks.de\\\/a\\\/shop\\\/\",\"logo\":{\"@type\":\"ImageObject\",\"inLanguage\":\"de\",\"@id\":\"https:\\\/\\\/conexbooks.de\\\/a\\\/shop\\\/#\\\/schema\\\/logo\\\/image\\\/\",\"url\":\"https:\\\/\\\/conexbooks.de\\\/a\\\/shop\\\/wp-content\\\/uploads\\\/2017\\\/12\\\/co-logo.png\",\"contentUrl\":\"https:\\\/\\\/conexbooks.de\\\/a\\\/shop\\\/wp-content\\\/uploads\\\/2017\\\/12\\\/co-logo.png\",\"width\":243,\"height\":122,\"caption\":\"Conex - books and more\"},\"image\":{\"@id\":\"https:\\\/\\\/conexbooks.de\\\/a\\\/shop\\\/#\\\/schema\\\/logo\\\/image\\\/\"}}]}<\/script>\n<!-- \/ Yoast SEO plugin. -->","yoast_head_json":{"title":"DVD: Die Praxis der Gewaltfreie Kommunikation (W\u00fcrzburg 2006) DVD - Conex-Shop","robots":{"index":"index","follow":"follow","max-snippet":"max-snippet:-1","max-image-preview":"max-image-preview:large","max-video-preview":"max-video-preview:-1"},"canonical":"https:\/\/conexbooks.de\/a\/shop\/produkt\/dvd-mitschnitt-eines-workshops-mit-deutscher-uebersetzung-ca-35h\/","og_locale":"de_DE","og_type":"article","og_title":"DVD: Die Praxis der Gewaltfreie Kommunikation (W\u00fcrzburg 2006) DVD - Conex-Shop","og_description":"Die Praxis der Gewaltfreie Kommunikation; W\u00fcrzburg 2005 Dr. Marshall B. Rosenberg Original-Aufzeichnung eines Workshops auf der 3. internationelen Tagung \"Kollektive Intelligenz\" Ende April 2005 in W\u00fcrzburg mit Marshall B. Rosenberg.  (englisch mit deutscher Konsekutiv\u00fcbersetzung)  1 DVD, \u00a0L\u00e4nge: 3 h 6 min.  DVD wird nur auf Anfrage produziert. Lieferzeit: 14 Tage Aktueller Preis kann abweichen.  DVD`s sind vom Umtausch ausgeschlossen.","og_url":"https:\/\/conexbooks.de\/a\/shop\/produkt\/dvd-mitschnitt-eines-workshops-mit-deutscher-uebersetzung-ca-35h\/","og_site_name":"Conex-Shop","article_modified_time":"2022-12-13T10:27:45+00:00","og_image":[{"width":403,"height":400,"url":"https:\/\/conexbooks.de\/a\/shop\/wp-content\/uploads\/2017\/11\/316.png","type":"image\/png"}],"twitter_card":"summary_large_image","twitter_misc":{"Gesch\u00e4tzte Lesezeit":"1\u00a0Minute"},"schema":{"@context":"https:\/\/schema.org","@graph":[{"@type":"WebPage","@id":"https:\/\/conexbooks.de\/a\/shop\/produkt\/dvd-mitschnitt-eines-workshops-mit-deutscher-uebersetzung-ca-35h\/","url":"https:\/\/conexbooks.de\/a\/shop\/produkt\/dvd-mitschnitt-eines-workshops-mit-deutscher-uebersetzung-ca-35h\/","name":"DVD: Die Praxis der Gewaltfreie Kommunikation (W\u00fcrzburg 2006) DVD - Conex-Shop","isPartOf":{"@id":"https:\/\/conexbooks.de\/a\/shop\/#website"},"primaryImageOfPage":{"@id":"https:\/\/conexbooks.de\/a\/shop\/produkt\/dvd-mitschnitt-eines-workshops-mit-deutscher-uebersetzung-ca-35h\/#primaryimage"},"image":{"@id":"https:\/\/conexbooks.de\/a\/shop\/produkt\/dvd-mitschnitt-eines-workshops-mit-deutscher-uebersetzung-ca-35h\/#primaryimage"},"thumbnailUrl":"https:\/\/conexbooks.de\/a\/shop\/wp-content\/uploads\/2017\/11\/316.png","datePublished":"2017-11-14T19:10:22+00:00","dateModified":"2022-12-13T10:27:45+00:00","breadcrumb":{"@id":"https:\/\/conexbooks.de\/a\/shop\/produkt\/dvd-mitschnitt-eines-workshops-mit-deutscher-uebersetzung-ca-35h\/#breadcrumb"},"inLanguage":"de","potentialAction":[{"@type":"ReadAction","target":["https:\/\/conexbooks.de\/a\/shop\/produkt\/dvd-mitschnitt-eines-workshops-mit-deutscher-uebersetzung-ca-35h\/"]}]},{"@type":"ImageObject","inLanguage":"de","@id":"https:\/\/conexbooks.de\/a\/shop\/produkt\/dvd-mitschnitt-eines-workshops-mit-deutscher-uebersetzung-ca-35h\/#primaryimage","url":"https:\/\/conexbooks.de\/a\/shop\/wp-content\/uploads\/2017\/11\/316.png","contentUrl":"https:\/\/conexbooks.de\/a\/shop\/wp-content\/uploads\/2017\/11\/316.png","width":403,"height":400},{"@type":"BreadcrumbList","@id":"https:\/\/conexbooks.de\/a\/shop\/produkt\/dvd-mitschnitt-eines-workshops-mit-deutscher-uebersetzung-ca-35h\/#breadcrumb","itemListElement":[{"@type":"ListItem","position":1,"name":"Home","item":"https:\/\/conexbooks.de\/a\/shop\/"},{"@type":"ListItem","position":2,"name":"Shop","item":"https:\/\/conexbooks.de\/a\/shop\/shop\/"},{"@type":"ListItem","position":3,"name":"DVD: Die Praxis der Gewaltfreie Kommunikation (W\u00fcrzburg 2006) DVD"}]},{"@type":"WebSite","@id":"https:\/\/conexbooks.de\/a\/shop\/#website","url":"https:\/\/conexbooks.de\/a\/shop\/","name":"Conex-Shop","description":"Alles f\u00fcr die gewaltfreie Kommunikation: B\u00fccher, Spiele. Handpuppen Seminarmaterial und Geschenke","publisher":{"@id":"https:\/\/conexbooks.de\/a\/shop\/#organization"},"potentialAction":[{"@type":"SearchAction","target":{"@type":"EntryPoint","urlTemplate":"https:\/\/conexbooks.de\/a\/shop\/?s={search_term_string}"},"query-input":{"@type":"PropertyValueSpecification","valueRequired":true,"valueName":"search_term_string"}}],"inLanguage":"de"},{"@type":"Organization","@id":"https:\/\/conexbooks.de\/a\/shop\/#organization","name":"Conex - books and more","url":"https:\/\/conexbooks.de\/a\/shop\/","logo":{"@type":"ImageObject","inLanguage":"de","@id":"https:\/\/conexbooks.de\/a\/shop\/#\/schema\/logo\/image\/","url":"https:\/\/conexbooks.de\/a\/shop\/wp-content\/uploads\/2017\/12\/co-logo.png","contentUrl":"https:\/\/conexbooks.de\/a\/shop\/wp-content\/uploads\/2017\/12\/co-logo.png","width":243,"height":122,"caption":"Conex - books and more"},"image":{"@id":"https:\/\/conexbooks.de\/a\/shop\/#\/schema\/logo\/image\/"}}]}},"_links":{"self":[{"href":"https:\/\/conexbooks.de\/a\/shop\/wp-json\/wp\/v2\/product\/1113","targetHints":{"allow":["GET"]}}],"collection":[{"href":"https:\/\/conexbooks.de\/a\/shop\/wp-json\/wp\/v2\/product"}],"about":[{"href":"https:\/\/conexbooks.de\/a\/shop\/wp-json\/wp\/v2\/types\/product"}],"wp:featuredmedia":[{"embeddable":true,"href":"https:\/\/conexbooks.de\/a\/shop\/wp-json\/wp\/v2\/media\/2174"}],"wp:attachment":[{"href":"https:\/\/conexbooks.de\/a\/shop\/wp-json\/wp\/v2\/media?parent=1113"}],"wp:term":[{"taxonomy":"product_brand","embeddable":true,"href":"https:\/\/conexbooks.de\/a\/shop\/wp-json\/wp\/v2\/product_brand?post=1113"},{"taxonomy":"product_cat","embeddable":true,"href":"https:\/\/conexbooks.de\/a\/shop\/wp-json\/wp\/v2\/product_cat?post=1113"},{"taxonomy":"product_tag","embeddable":true,"href":"https:\/\/conexbooks.de\/a\/shop\/wp-json\/wp\/v2\/product_tag?post=1113"}],"curies":[{"name":"wp","href":"https:\/\/api.w.org\/{rel}","templated":true}]}}