{"id":1114,"date":"2017-11-14T20:10:22","date_gmt":"2017-11-14T19:10:22","guid":{"rendered":"https:\/\/conexbooks.de\/a\/shop\/wp\/produkt\/dvd-mitschnitt-eines-workshops-in-englischer-sprache-ca-15h\/"},"modified":"2022-12-13T11:28:42","modified_gmt":"2022-12-13T10:28:42","slug":"dvd-mitschnitt-eines-workshops-in-englischer-sprache-ca-15h","status":"publish","type":"product","link":"https:\/\/conexbooks.de\/a\/shop\/produkt\/dvd-mitschnitt-eines-workshops-in-englischer-sprache-ca-15h\/","title":{"rendered":"DVD: Jenseits von Gut und B\u00f6se (Vortrag in W\u00fcrzburg 2005)"},"content":{"rendered":"<h4>Jenseits von Gut und B\u00f6se; W\u00fcrzburg 2005<\/h4>\n<p>DVD Mitschnitt eines Workshops <span style=\"color: #ff0000;\">in englischer Sprache<\/span><\/p>\n<p><span style=\"font-family: Arial, Helvetica, sans-serif;\">Ziel der gewaltfreien Kommunikation ist es, eine Verbindung zwischen den Kommunizierenden herzustellen, die erm\u00f6glicht, die Bed\u00fcrfnisse aller zu erf\u00fcllen. Folgende Themen werden von Rosenberg kurz angesprochen und anhand von Beispielgeschichten verdeutlicht: Kommunikation im Konfliktfall (\u201eformulieren Sie \u00fcber eine klare Beobachtung, welche Bed\u00fcrfnisse nicht erf\u00fcllt sind, und welche Gef\u00fchle sie haben, und beenden Sie das Gespr\u00e4ch mit einer klaren Bitte\u201c) Was k\u00f6nnte die schlimmste Antwort sein? \/ Zwei Arten des Umgangs mit Kritik \/ Der Ausdruck von Dankbarkeit \/ Das Entgegennehmen von Dankbarkeit<br \/>\nRosenbergs ist \u00fcberzeugt, dass eine L\u00f6sung gefunden werden kann, wenn wir nach den Prinzipien der gewaltfreien Kommunikation kommunizieren, und dadurch sehen, was in uns und anderen lebendig ist.<\/span><\/p>\n<p>&nbsp;<\/p>\n<div id='1' class='widgets_on_page wop_tiny1  wop_small1  wop_medium1  wop_large1  wop_wide1'>\n\t\t\t<ul><li id=\"custom_html-4\" class=\"widget_text widget widget_custom_html\"><div class=\"textwidget custom-html-widget\"><div style=\"text-align:left;\">\r\n<button class = \"button\" style=\"height: 30px; font-size: 0.8em;\" name=\"zuruck\" type=\"button\" onclick=\"history.back()\">Zur\u00fcck zur \u00dcbersicht<\/button><\/div><\/div><\/li><\/ul><\/div><!-- widgets_on_page -->\n","protected":false},"excerpt":{"rendered":"<h3>Jenseits von Gut und B\u00f6se; W\u00fcrzburg 2005<\/h3>\n<h3>Marshall B. Rosenberg<\/h3>\n<p>DVD Mitschnitt eines Workshops <span style=\"color: #ff0000;\">in englischer Sprache<\/span><\/p>\n<p><span style=\"font-family: Arial, Helvetica, sans-serif;\">Original-Aufzeichnung eines Vortrags auf der 3. internationalen Tagung &#8222;Kollektive Intelligenz&#8220; Ende April 2006 in W\u00fcrzburg mit Marshall B. Rosenberg.<\/span><\/p>\n<p>1 DVD; Lange: 1h 8 min.<\/p>\n<p><span style=\"color: #ff0000;\">DVD wird nur auf Anfrage produziert.<\/span><br \/>\n<span style=\"color: #ff0000;\">Lieferzeit: 14 Tage<\/span><br \/>\n<span style=\"color: #ff0000;\">Aktueller Preis kann abweichen.<\/span><\/p>\n<p>DVD`s sind vom Umtausch ausgeschlossen.<\/p>\n","protected":false},"featured_media":2174,"template":"","meta":[],"product_brand":[],"product_cat":[49],"product_tag":[],"class_list":{"0":"post-1114","1":"product","2":"type-product","3":"status-publish","4":"has-post-thumbnail","6":"product_cat-dvds","8":"first","9":"instock","10":"sale","11":"shipping-taxable","12":"purchasable","13":"product-type-simple"},"yoast_head":"<!-- This site is optimized with the Yoast SEO plugin v27.4 - https:\/\/yoast.com\/product\/yoast-seo-wordpress\/ -->\n<title>DVD: Jenseits von Gut und B\u00f6se (Vortrag in W\u00fcrzburg 2005) - Conex-Shop<\/title>\n<meta name=\"robots\" content=\"index, follow, max-snippet:-1, max-image-preview:large, max-video-preview:-1\" \/>\n<link rel=\"canonical\" href=\"https:\/\/conexbooks.de\/a\/shop\/produkt\/dvd-mitschnitt-eines-workshops-in-englischer-sprache-ca-15h\/\" \/>\n<meta property=\"og:locale\" content=\"de_DE\" \/>\n<meta property=\"og:type\" content=\"article\" \/>\n<meta property=\"og:title\" content=\"DVD: Jenseits von Gut und B\u00f6se (Vortrag in W\u00fcrzburg 2005) - Conex-Shop\" \/>\n<meta property=\"og:description\" content=\"Jenseits von Gut und B\u00f6se; W\u00fcrzburg 2005 Marshall B. Rosenberg DVD Mitschnitt eines Workshops in englischer Sprache  Original-Aufzeichnung eines Vortrags auf der 3. internationalen Tagung &quot;Kollektive Intelligenz&quot; Ende April 2006 in W\u00fcrzburg mit Marshall B. Rosenberg.  1 DVD; Lange: 1h 8 min.  DVD wird nur auf Anfrage produziert. Lieferzeit: 14 Tage Aktueller Preis kann abweichen.  DVD`s sind vom Umtausch ausgeschlossen.\" \/>\n<meta property=\"og:url\" content=\"https:\/\/conexbooks.de\/a\/shop\/produkt\/dvd-mitschnitt-eines-workshops-in-englischer-sprache-ca-15h\/\" \/>\n<meta property=\"og:site_name\" content=\"Conex-Shop\" \/>\n<meta property=\"article:modified_time\" content=\"2022-12-13T10:28:42+00:00\" \/>\n<meta property=\"og:image\" content=\"https:\/\/conexbooks.de\/a\/shop\/wp-content\/uploads\/2017\/11\/316.png\" \/>\n\t<meta property=\"og:image:width\" content=\"403\" \/>\n\t<meta property=\"og:image:height\" content=\"400\" \/>\n\t<meta property=\"og:image:type\" content=\"image\/png\" \/>\n<meta name=\"twitter:card\" content=\"summary_large_image\" \/>\n<meta name=\"twitter:label1\" content=\"Gesch\u00e4tzte Lesezeit\" \/>\n\t<meta name=\"twitter:data1\" content=\"1\u00a0Minute\" \/>\n<script type=\"application\/ld+json\" class=\"yoast-schema-graph\">{\"@context\":\"https:\\\/\\\/schema.org\",\"@graph\":[{\"@type\":\"WebPage\",\"@id\":\"https:\\\/\\\/conexbooks.de\\\/a\\\/shop\\\/produkt\\\/dvd-mitschnitt-eines-workshops-in-englischer-sprache-ca-15h\\\/\",\"url\":\"https:\\\/\\\/conexbooks.de\\\/a\\\/shop\\\/produkt\\\/dvd-mitschnitt-eines-workshops-in-englischer-sprache-ca-15h\\\/\",\"name\":\"DVD: Jenseits von Gut und B\u00f6se (Vortrag in W\u00fcrzburg 2005) - Conex-Shop\",\"isPartOf\":{\"@id\":\"https:\\\/\\\/conexbooks.de\\\/a\\\/shop\\\/#website\"},\"primaryImageOfPage\":{\"@id\":\"https:\\\/\\\/conexbooks.de\\\/a\\\/shop\\\/produkt\\\/dvd-mitschnitt-eines-workshops-in-englischer-sprache-ca-15h\\\/#primaryimage\"},\"image\":{\"@id\":\"https:\\\/\\\/conexbooks.de\\\/a\\\/shop\\\/produkt\\\/dvd-mitschnitt-eines-workshops-in-englischer-sprache-ca-15h\\\/#primaryimage\"},\"thumbnailUrl\":\"https:\\\/\\\/conexbooks.de\\\/a\\\/shop\\\/wp-content\\\/uploads\\\/2017\\\/11\\\/316.png\",\"datePublished\":\"2017-11-14T19:10:22+00:00\",\"dateModified\":\"2022-12-13T10:28:42+00:00\",\"breadcrumb\":{\"@id\":\"https:\\\/\\\/conexbooks.de\\\/a\\\/shop\\\/produkt\\\/dvd-mitschnitt-eines-workshops-in-englischer-sprache-ca-15h\\\/#breadcrumb\"},\"inLanguage\":\"de\",\"potentialAction\":[{\"@type\":\"ReadAction\",\"target\":[\"https:\\\/\\\/conexbooks.de\\\/a\\\/shop\\\/produkt\\\/dvd-mitschnitt-eines-workshops-in-englischer-sprache-ca-15h\\\/\"]}]},{\"@type\":\"ImageObject\",\"inLanguage\":\"de\",\"@id\":\"https:\\\/\\\/conexbooks.de\\\/a\\\/shop\\\/produkt\\\/dvd-mitschnitt-eines-workshops-in-englischer-sprache-ca-15h\\\/#primaryimage\",\"url\":\"https:\\\/\\\/conexbooks.de\\\/a\\\/shop\\\/wp-content\\\/uploads\\\/2017\\\/11\\\/316.png\",\"contentUrl\":\"https:\\\/\\\/conexbooks.de\\\/a\\\/shop\\\/wp-content\\\/uploads\\\/2017\\\/11\\\/316.png\",\"width\":403,\"height\":400},{\"@type\":\"BreadcrumbList\",\"@id\":\"https:\\\/\\\/conexbooks.de\\\/a\\\/shop\\\/produkt\\\/dvd-mitschnitt-eines-workshops-in-englischer-sprache-ca-15h\\\/#breadcrumb\",\"itemListElement\":[{\"@type\":\"ListItem\",\"position\":1,\"name\":\"Home\",\"item\":\"https:\\\/\\\/conexbooks.de\\\/a\\\/shop\\\/\"},{\"@type\":\"ListItem\",\"position\":2,\"name\":\"Shop\",\"item\":\"https:\\\/\\\/conexbooks.de\\\/a\\\/shop\\\/shop\\\/\"},{\"@type\":\"ListItem\",\"position\":3,\"name\":\"DVD: Jenseits von Gut und B\u00f6se (Vortrag in W\u00fcrzburg 2005)\"}]},{\"@type\":\"WebSite\",\"@id\":\"https:\\\/\\\/conexbooks.de\\\/a\\\/shop\\\/#website\",\"url\":\"https:\\\/\\\/conexbooks.de\\\/a\\\/shop\\\/\",\"name\":\"Conex-Shop\",\"description\":\"Alles f\u00fcr die gewaltfreie Kommunikation: B\u00fccher, Spiele. Handpuppen Seminarmaterial und Geschenke\",\"publisher\":{\"@id\":\"https:\\\/\\\/conexbooks.de\\\/a\\\/shop\\\/#organization\"},\"potentialAction\":[{\"@type\":\"SearchAction\",\"target\":{\"@type\":\"EntryPoint\",\"urlTemplate\":\"https:\\\/\\\/conexbooks.de\\\/a\\\/shop\\\/?s={search_term_string}\"},\"query-input\":{\"@type\":\"PropertyValueSpecification\",\"valueRequired\":true,\"valueName\":\"search_term_string\"}}],\"inLanguage\":\"de\"},{\"@type\":\"Organization\",\"@id\":\"https:\\\/\\\/conexbooks.de\\\/a\\\/shop\\\/#organization\",\"name\":\"Conex - books and more\",\"url\":\"https:\\\/\\\/conexbooks.de\\\/a\\\/shop\\\/\",\"logo\":{\"@type\":\"ImageObject\",\"inLanguage\":\"de\",\"@id\":\"https:\\\/\\\/conexbooks.de\\\/a\\\/shop\\\/#\\\/schema\\\/logo\\\/image\\\/\",\"url\":\"https:\\\/\\\/conexbooks.de\\\/a\\\/shop\\\/wp-content\\\/uploads\\\/2017\\\/12\\\/co-logo.png\",\"contentUrl\":\"https:\\\/\\\/conexbooks.de\\\/a\\\/shop\\\/wp-content\\\/uploads\\\/2017\\\/12\\\/co-logo.png\",\"width\":243,\"height\":122,\"caption\":\"Conex - books and more\"},\"image\":{\"@id\":\"https:\\\/\\\/conexbooks.de\\\/a\\\/shop\\\/#\\\/schema\\\/logo\\\/image\\\/\"}}]}<\/script>\n<!-- \/ Yoast SEO plugin. -->","yoast_head_json":{"title":"DVD: Jenseits von Gut und B\u00f6se (Vortrag in W\u00fcrzburg 2005) - Conex-Shop","robots":{"index":"index","follow":"follow","max-snippet":"max-snippet:-1","max-image-preview":"max-image-preview:large","max-video-preview":"max-video-preview:-1"},"canonical":"https:\/\/conexbooks.de\/a\/shop\/produkt\/dvd-mitschnitt-eines-workshops-in-englischer-sprache-ca-15h\/","og_locale":"de_DE","og_type":"article","og_title":"DVD: Jenseits von Gut und B\u00f6se (Vortrag in W\u00fcrzburg 2005) - Conex-Shop","og_description":"Jenseits von Gut und B\u00f6se; W\u00fcrzburg 2005 Marshall B. Rosenberg DVD Mitschnitt eines Workshops in englischer Sprache  Original-Aufzeichnung eines Vortrags auf der 3. internationalen Tagung \"Kollektive Intelligenz\" Ende April 2006 in W\u00fcrzburg mit Marshall B. Rosenberg.  1 DVD; Lange: 1h 8 min.  DVD wird nur auf Anfrage produziert. Lieferzeit: 14 Tage Aktueller Preis kann abweichen.  DVD`s sind vom Umtausch ausgeschlossen.","og_url":"https:\/\/conexbooks.de\/a\/shop\/produkt\/dvd-mitschnitt-eines-workshops-in-englischer-sprache-ca-15h\/","og_site_name":"Conex-Shop","article_modified_time":"2022-12-13T10:28:42+00:00","og_image":[{"width":403,"height":400,"url":"https:\/\/conexbooks.de\/a\/shop\/wp-content\/uploads\/2017\/11\/316.png","type":"image\/png"}],"twitter_card":"summary_large_image","twitter_misc":{"Gesch\u00e4tzte Lesezeit":"1\u00a0Minute"},"schema":{"@context":"https:\/\/schema.org","@graph":[{"@type":"WebPage","@id":"https:\/\/conexbooks.de\/a\/shop\/produkt\/dvd-mitschnitt-eines-workshops-in-englischer-sprache-ca-15h\/","url":"https:\/\/conexbooks.de\/a\/shop\/produkt\/dvd-mitschnitt-eines-workshops-in-englischer-sprache-ca-15h\/","name":"DVD: Jenseits von Gut und B\u00f6se (Vortrag in W\u00fcrzburg 2005) - Conex-Shop","isPartOf":{"@id":"https:\/\/conexbooks.de\/a\/shop\/#website"},"primaryImageOfPage":{"@id":"https:\/\/conexbooks.de\/a\/shop\/produkt\/dvd-mitschnitt-eines-workshops-in-englischer-sprache-ca-15h\/#primaryimage"},"image":{"@id":"https:\/\/conexbooks.de\/a\/shop\/produkt\/dvd-mitschnitt-eines-workshops-in-englischer-sprache-ca-15h\/#primaryimage"},"thumbnailUrl":"https:\/\/conexbooks.de\/a\/shop\/wp-content\/uploads\/2017\/11\/316.png","datePublished":"2017-11-14T19:10:22+00:00","dateModified":"2022-12-13T10:28:42+00:00","breadcrumb":{"@id":"https:\/\/conexbooks.de\/a\/shop\/produkt\/dvd-mitschnitt-eines-workshops-in-englischer-sprache-ca-15h\/#breadcrumb"},"inLanguage":"de","potentialAction":[{"@type":"ReadAction","target":["https:\/\/conexbooks.de\/a\/shop\/produkt\/dvd-mitschnitt-eines-workshops-in-englischer-sprache-ca-15h\/"]}]},{"@type":"ImageObject","inLanguage":"de","@id":"https:\/\/conexbooks.de\/a\/shop\/produkt\/dvd-mitschnitt-eines-workshops-in-englischer-sprache-ca-15h\/#primaryimage","url":"https:\/\/conexbooks.de\/a\/shop\/wp-content\/uploads\/2017\/11\/316.png","contentUrl":"https:\/\/conexbooks.de\/a\/shop\/wp-content\/uploads\/2017\/11\/316.png","width":403,"height":400},{"@type":"BreadcrumbList","@id":"https:\/\/conexbooks.de\/a\/shop\/produkt\/dvd-mitschnitt-eines-workshops-in-englischer-sprache-ca-15h\/#breadcrumb","itemListElement":[{"@type":"ListItem","position":1,"name":"Home","item":"https:\/\/conexbooks.de\/a\/shop\/"},{"@type":"ListItem","position":2,"name":"Shop","item":"https:\/\/conexbooks.de\/a\/shop\/shop\/"},{"@type":"ListItem","position":3,"name":"DVD: Jenseits von Gut und B\u00f6se (Vortrag in W\u00fcrzburg 2005)"}]},{"@type":"WebSite","@id":"https:\/\/conexbooks.de\/a\/shop\/#website","url":"https:\/\/conexbooks.de\/a\/shop\/","name":"Conex-Shop","description":"Alles f\u00fcr die gewaltfreie Kommunikation: B\u00fccher, Spiele. Handpuppen Seminarmaterial und Geschenke","publisher":{"@id":"https:\/\/conexbooks.de\/a\/shop\/#organization"},"potentialAction":[{"@type":"SearchAction","target":{"@type":"EntryPoint","urlTemplate":"https:\/\/conexbooks.de\/a\/shop\/?s={search_term_string}"},"query-input":{"@type":"PropertyValueSpecification","valueRequired":true,"valueName":"search_term_string"}}],"inLanguage":"de"},{"@type":"Organization","@id":"https:\/\/conexbooks.de\/a\/shop\/#organization","name":"Conex - books and more","url":"https:\/\/conexbooks.de\/a\/shop\/","logo":{"@type":"ImageObject","inLanguage":"de","@id":"https:\/\/conexbooks.de\/a\/shop\/#\/schema\/logo\/image\/","url":"https:\/\/conexbooks.de\/a\/shop\/wp-content\/uploads\/2017\/12\/co-logo.png","contentUrl":"https:\/\/conexbooks.de\/a\/shop\/wp-content\/uploads\/2017\/12\/co-logo.png","width":243,"height":122,"caption":"Conex - books and more"},"image":{"@id":"https:\/\/conexbooks.de\/a\/shop\/#\/schema\/logo\/image\/"}}]}},"_links":{"self":[{"href":"https:\/\/conexbooks.de\/a\/shop\/wp-json\/wp\/v2\/product\/1114","targetHints":{"allow":["GET"]}}],"collection":[{"href":"https:\/\/conexbooks.de\/a\/shop\/wp-json\/wp\/v2\/product"}],"about":[{"href":"https:\/\/conexbooks.de\/a\/shop\/wp-json\/wp\/v2\/types\/product"}],"wp:featuredmedia":[{"embeddable":true,"href":"https:\/\/conexbooks.de\/a\/shop\/wp-json\/wp\/v2\/media\/2174"}],"wp:attachment":[{"href":"https:\/\/conexbooks.de\/a\/shop\/wp-json\/wp\/v2\/media?parent=1114"}],"wp:term":[{"taxonomy":"product_brand","embeddable":true,"href":"https:\/\/conexbooks.de\/a\/shop\/wp-json\/wp\/v2\/product_brand?post=1114"},{"taxonomy":"product_cat","embeddable":true,"href":"https:\/\/conexbooks.de\/a\/shop\/wp-json\/wp\/v2\/product_cat?post=1114"},{"taxonomy":"product_tag","embeddable":true,"href":"https:\/\/conexbooks.de\/a\/shop\/wp-json\/wp\/v2\/product_tag?post=1114"}],"curies":[{"name":"wp","href":"https:\/\/api.w.org\/{rel}","templated":true}]}}