{"id":1120,"date":"2017-11-14T20:10:24","date_gmt":"2017-11-14T19:10:24","guid":{"rendered":"https:\/\/conexbooks.de\/a\/shop\/wp\/produkt\/von-stephanie-bartsch-und-pantomime-lec-toc-2\/"},"modified":"2026-03-18T12:02:35","modified_gmt":"2026-03-18T11:02:35","slug":"von-stephanie-bartsch-und-pantomime-lec-toc-2","status":"publish","type":"product","link":"https:\/\/conexbooks.de\/a\/shop\/produkt\/von-stephanie-bartsch-und-pantomime-lec-toc-2\/","title":{"rendered":"Feelings, 40 Gef\u00fchlskarten pantomimisch dargestellt"},"content":{"rendered":"<h4>Feelings, 40 Gef\u00fchlskarten pantomimisch dargestellt<br \/>\nvon Stephanie Bartsch und Pantomime &#8222;Le Toc&#8220;<\/h4>\n<p>40\u00a0 Gef\u00fchlskarten (A5) mit Skalierung ideal f\u00fcr Training, Mediation, Unterricht und Therapie.<\/p>\n<p>Durch die Skalierung ist es erstmals mit Gef\u00fchlsbildern m\u00f6glich, eine Unterschiedsbildung der Intensit\u00e4t von Empfindungen im therapeutischen Kontext herauszuarbeiten.<\/p>\n<p>Die Karten dienen der Erweiterung emotionaler Ausdrucksm\u00f6glichkeiten zur friedlichen Bew\u00e4ltigung von inneren und \u00e4u\u00dferen Konflikten im Unterricht und im Fortbildungsbereich.<\/p>\n<p>In der Arbeit mit diesen Bildern wird den Teilnehmenden der intuitive Zugang zu den eigenen Gef\u00fchlen ohne den Umweg \u00fcber den Filter vernunftgesteuerter Wortfindung erm\u00f6glicht.<\/p>\n<p>Der bekannte Osnabr\u00fccker Pantomime &#8222;Le Toc&#8220; stellt in 40 Bildern die h\u00e4ufigsten Emotionen dar.<\/p>\n<p>Hochwertiger Offsetdruck auf stabilem Karton (350g\/qm) DIN A5.<\/p>\n","protected":false},"excerpt":{"rendered":"<h4>Feelings, Gef\u00fchlskarten pantomimisch dargestellt<br \/>\nvon Stephanie Bartsch und Pantomime &#8222;Le Toc&#8220;<\/h4>\n<p>Hochwertiger Offsetdruck auf stabilem Karton (350g\/qm) DIN A5.<\/p>\n","protected":false},"featured_media":2082,"template":"","meta":[],"product_brand":[],"product_cat":[35,481,39,433,51,52,47],"product_tag":[388,378,321,296,401,389,400,399,297,170],"class_list":{"0":"post-1120","1":"product","2":"type-product","3":"status-publish","4":"has-post-thumbnail","6":"product_cat-besonders","7":"product_cat-gefuehle-und-beduerfniskarten","8":"product_cat-persoenliche-entwicklung","9":"product_cat-postkarten","10":"product_cat-seminarmaterial","11":"product_cat-sonderangebote","12":"product_cat-sonstiges","13":"product_tag-gefuehlsausdruecke","14":"product_tag-gefuehlsdarstellung","15":"product_tag-gefuehlskarten","16":"product_tag-gefuehlskompetenz","17":"product_tag-gestik","18":"product_tag-hilfsmittel-fuer-gefuehlsfindung","19":"product_tag-mimik","20":"product_tag-realistische-gefuehlsdarstellung","21":"product_tag-ueber-gefuehle-reden","22":"product_tag-wahrnehmung-von-gefuehlen","24":"first","25":"instock","26":"sale","27":"shipping-taxable","28":"purchasable","29":"product-type-simple"},"yoast_head":"<!-- This site is optimized with the Yoast SEO plugin v27.4 - https:\/\/yoast.com\/product\/yoast-seo-wordpress\/ -->\n<title>Feelings, 40 Gef\u00fchlskarten pantomimisch dargestellt - Conex-Shop<\/title>\n<meta name=\"robots\" content=\"index, follow, max-snippet:-1, max-image-preview:large, max-video-preview:-1\" \/>\n<link rel=\"canonical\" href=\"https:\/\/conexbooks.de\/a\/shop\/produkt\/von-stephanie-bartsch-und-pantomime-lec-toc-2\/\" \/>\n<meta property=\"og:locale\" content=\"de_DE\" \/>\n<meta property=\"og:type\" content=\"article\" \/>\n<meta property=\"og:title\" content=\"Feelings, 40 Gef\u00fchlskarten pantomimisch dargestellt - Conex-Shop\" \/>\n<meta property=\"og:description\" content=\"Feelings, Gef\u00fchlskarten pantomimisch dargestellt von Stephanie Bartsch und Pantomime &quot;Le Toc&quot; Hochwertiger Offsetdruck auf stabilem Karton (350g\/qm) DIN A5.\" \/>\n<meta property=\"og:url\" content=\"https:\/\/conexbooks.de\/a\/shop\/produkt\/von-stephanie-bartsch-und-pantomime-lec-toc-2\/\" \/>\n<meta property=\"og:site_name\" content=\"Conex-Shop\" \/>\n<meta property=\"article:modified_time\" content=\"2026-03-18T11:02:35+00:00\" \/>\n<meta property=\"og:image\" content=\"https:\/\/conexbooks.de\/a\/shop\/wp-content\/uploads\/2017\/11\/623.jpg\" \/>\n\t<meta property=\"og:image:width\" content=\"306\" \/>\n\t<meta property=\"og:image:height\" content=\"400\" \/>\n\t<meta property=\"og:image:type\" content=\"image\/jpeg\" \/>\n<meta name=\"twitter:card\" content=\"summary_large_image\" \/>\n<meta name=\"twitter:label1\" content=\"Gesch\u00e4tzte Lesezeit\" \/>\n\t<meta name=\"twitter:data1\" content=\"1\u00a0Minute\" \/>\n<script type=\"application\/ld+json\" class=\"yoast-schema-graph\">{\"@context\":\"https:\\\/\\\/schema.org\",\"@graph\":[{\"@type\":\"WebPage\",\"@id\":\"https:\\\/\\\/conexbooks.de\\\/a\\\/shop\\\/produkt\\\/von-stephanie-bartsch-und-pantomime-lec-toc-2\\\/\",\"url\":\"https:\\\/\\\/conexbooks.de\\\/a\\\/shop\\\/produkt\\\/von-stephanie-bartsch-und-pantomime-lec-toc-2\\\/\",\"name\":\"Feelings, 40 Gef\u00fchlskarten pantomimisch dargestellt - Conex-Shop\",\"isPartOf\":{\"@id\":\"https:\\\/\\\/conexbooks.de\\\/a\\\/shop\\\/#website\"},\"primaryImageOfPage\":{\"@id\":\"https:\\\/\\\/conexbooks.de\\\/a\\\/shop\\\/produkt\\\/von-stephanie-bartsch-und-pantomime-lec-toc-2\\\/#primaryimage\"},\"image\":{\"@id\":\"https:\\\/\\\/conexbooks.de\\\/a\\\/shop\\\/produkt\\\/von-stephanie-bartsch-und-pantomime-lec-toc-2\\\/#primaryimage\"},\"thumbnailUrl\":\"https:\\\/\\\/conexbooks.de\\\/a\\\/shop\\\/wp-content\\\/uploads\\\/2017\\\/11\\\/623.jpg\",\"datePublished\":\"2017-11-14T19:10:24+00:00\",\"dateModified\":\"2026-03-18T11:02:35+00:00\",\"breadcrumb\":{\"@id\":\"https:\\\/\\\/conexbooks.de\\\/a\\\/shop\\\/produkt\\\/von-stephanie-bartsch-und-pantomime-lec-toc-2\\\/#breadcrumb\"},\"inLanguage\":\"de\",\"potentialAction\":[{\"@type\":\"ReadAction\",\"target\":[\"https:\\\/\\\/conexbooks.de\\\/a\\\/shop\\\/produkt\\\/von-stephanie-bartsch-und-pantomime-lec-toc-2\\\/\"]}]},{\"@type\":\"ImageObject\",\"inLanguage\":\"de\",\"@id\":\"https:\\\/\\\/conexbooks.de\\\/a\\\/shop\\\/produkt\\\/von-stephanie-bartsch-und-pantomime-lec-toc-2\\\/#primaryimage\",\"url\":\"https:\\\/\\\/conexbooks.de\\\/a\\\/shop\\\/wp-content\\\/uploads\\\/2017\\\/11\\\/623.jpg\",\"contentUrl\":\"https:\\\/\\\/conexbooks.de\\\/a\\\/shop\\\/wp-content\\\/uploads\\\/2017\\\/11\\\/623.jpg\",\"width\":306,\"height\":400},{\"@type\":\"BreadcrumbList\",\"@id\":\"https:\\\/\\\/conexbooks.de\\\/a\\\/shop\\\/produkt\\\/von-stephanie-bartsch-und-pantomime-lec-toc-2\\\/#breadcrumb\",\"itemListElement\":[{\"@type\":\"ListItem\",\"position\":1,\"name\":\"Home\",\"item\":\"https:\\\/\\\/conexbooks.de\\\/a\\\/shop\\\/\"},{\"@type\":\"ListItem\",\"position\":2,\"name\":\"Shop\",\"item\":\"https:\\\/\\\/conexbooks.de\\\/a\\\/shop\\\/shop\\\/\"},{\"@type\":\"ListItem\",\"position\":3,\"name\":\"Feelings, 40 Gef\u00fchlskarten pantomimisch dargestellt\"}]},{\"@type\":\"WebSite\",\"@id\":\"https:\\\/\\\/conexbooks.de\\\/a\\\/shop\\\/#website\",\"url\":\"https:\\\/\\\/conexbooks.de\\\/a\\\/shop\\\/\",\"name\":\"Conex-Shop\",\"description\":\"Alles f\u00fcr die gewaltfreie Kommunikation: B\u00fccher, Spiele. Handpuppen Seminarmaterial und Geschenke\",\"publisher\":{\"@id\":\"https:\\\/\\\/conexbooks.de\\\/a\\\/shop\\\/#organization\"},\"potentialAction\":[{\"@type\":\"SearchAction\",\"target\":{\"@type\":\"EntryPoint\",\"urlTemplate\":\"https:\\\/\\\/conexbooks.de\\\/a\\\/shop\\\/?s={search_term_string}\"},\"query-input\":{\"@type\":\"PropertyValueSpecification\",\"valueRequired\":true,\"valueName\":\"search_term_string\"}}],\"inLanguage\":\"de\"},{\"@type\":\"Organization\",\"@id\":\"https:\\\/\\\/conexbooks.de\\\/a\\\/shop\\\/#organization\",\"name\":\"Conex - books and more\",\"url\":\"https:\\\/\\\/conexbooks.de\\\/a\\\/shop\\\/\",\"logo\":{\"@type\":\"ImageObject\",\"inLanguage\":\"de\",\"@id\":\"https:\\\/\\\/conexbooks.de\\\/a\\\/shop\\\/#\\\/schema\\\/logo\\\/image\\\/\",\"url\":\"https:\\\/\\\/conexbooks.de\\\/a\\\/shop\\\/wp-content\\\/uploads\\\/2017\\\/12\\\/co-logo.png\",\"contentUrl\":\"https:\\\/\\\/conexbooks.de\\\/a\\\/shop\\\/wp-content\\\/uploads\\\/2017\\\/12\\\/co-logo.png\",\"width\":243,\"height\":122,\"caption\":\"Conex - books and more\"},\"image\":{\"@id\":\"https:\\\/\\\/conexbooks.de\\\/a\\\/shop\\\/#\\\/schema\\\/logo\\\/image\\\/\"}}]}<\/script>\n<!-- \/ Yoast SEO plugin. -->","yoast_head_json":{"title":"Feelings, 40 Gef\u00fchlskarten pantomimisch dargestellt - Conex-Shop","robots":{"index":"index","follow":"follow","max-snippet":"max-snippet:-1","max-image-preview":"max-image-preview:large","max-video-preview":"max-video-preview:-1"},"canonical":"https:\/\/conexbooks.de\/a\/shop\/produkt\/von-stephanie-bartsch-und-pantomime-lec-toc-2\/","og_locale":"de_DE","og_type":"article","og_title":"Feelings, 40 Gef\u00fchlskarten pantomimisch dargestellt - Conex-Shop","og_description":"Feelings, Gef\u00fchlskarten pantomimisch dargestellt von Stephanie Bartsch und Pantomime \"Le Toc\" Hochwertiger Offsetdruck auf stabilem Karton (350g\/qm) DIN A5.","og_url":"https:\/\/conexbooks.de\/a\/shop\/produkt\/von-stephanie-bartsch-und-pantomime-lec-toc-2\/","og_site_name":"Conex-Shop","article_modified_time":"2026-03-18T11:02:35+00:00","og_image":[{"width":306,"height":400,"url":"https:\/\/conexbooks.de\/a\/shop\/wp-content\/uploads\/2017\/11\/623.jpg","type":"image\/jpeg"}],"twitter_card":"summary_large_image","twitter_misc":{"Gesch\u00e4tzte Lesezeit":"1\u00a0Minute"},"schema":{"@context":"https:\/\/schema.org","@graph":[{"@type":"WebPage","@id":"https:\/\/conexbooks.de\/a\/shop\/produkt\/von-stephanie-bartsch-und-pantomime-lec-toc-2\/","url":"https:\/\/conexbooks.de\/a\/shop\/produkt\/von-stephanie-bartsch-und-pantomime-lec-toc-2\/","name":"Feelings, 40 Gef\u00fchlskarten pantomimisch dargestellt - Conex-Shop","isPartOf":{"@id":"https:\/\/conexbooks.de\/a\/shop\/#website"},"primaryImageOfPage":{"@id":"https:\/\/conexbooks.de\/a\/shop\/produkt\/von-stephanie-bartsch-und-pantomime-lec-toc-2\/#primaryimage"},"image":{"@id":"https:\/\/conexbooks.de\/a\/shop\/produkt\/von-stephanie-bartsch-und-pantomime-lec-toc-2\/#primaryimage"},"thumbnailUrl":"https:\/\/conexbooks.de\/a\/shop\/wp-content\/uploads\/2017\/11\/623.jpg","datePublished":"2017-11-14T19:10:24+00:00","dateModified":"2026-03-18T11:02:35+00:00","breadcrumb":{"@id":"https:\/\/conexbooks.de\/a\/shop\/produkt\/von-stephanie-bartsch-und-pantomime-lec-toc-2\/#breadcrumb"},"inLanguage":"de","potentialAction":[{"@type":"ReadAction","target":["https:\/\/conexbooks.de\/a\/shop\/produkt\/von-stephanie-bartsch-und-pantomime-lec-toc-2\/"]}]},{"@type":"ImageObject","inLanguage":"de","@id":"https:\/\/conexbooks.de\/a\/shop\/produkt\/von-stephanie-bartsch-und-pantomime-lec-toc-2\/#primaryimage","url":"https:\/\/conexbooks.de\/a\/shop\/wp-content\/uploads\/2017\/11\/623.jpg","contentUrl":"https:\/\/conexbooks.de\/a\/shop\/wp-content\/uploads\/2017\/11\/623.jpg","width":306,"height":400},{"@type":"BreadcrumbList","@id":"https:\/\/conexbooks.de\/a\/shop\/produkt\/von-stephanie-bartsch-und-pantomime-lec-toc-2\/#breadcrumb","itemListElement":[{"@type":"ListItem","position":1,"name":"Home","item":"https:\/\/conexbooks.de\/a\/shop\/"},{"@type":"ListItem","position":2,"name":"Shop","item":"https:\/\/conexbooks.de\/a\/shop\/shop\/"},{"@type":"ListItem","position":3,"name":"Feelings, 40 Gef\u00fchlskarten pantomimisch dargestellt"}]},{"@type":"WebSite","@id":"https:\/\/conexbooks.de\/a\/shop\/#website","url":"https:\/\/conexbooks.de\/a\/shop\/","name":"Conex-Shop","description":"Alles f\u00fcr die gewaltfreie Kommunikation: B\u00fccher, Spiele. Handpuppen Seminarmaterial und Geschenke","publisher":{"@id":"https:\/\/conexbooks.de\/a\/shop\/#organization"},"potentialAction":[{"@type":"SearchAction","target":{"@type":"EntryPoint","urlTemplate":"https:\/\/conexbooks.de\/a\/shop\/?s={search_term_string}"},"query-input":{"@type":"PropertyValueSpecification","valueRequired":true,"valueName":"search_term_string"}}],"inLanguage":"de"},{"@type":"Organization","@id":"https:\/\/conexbooks.de\/a\/shop\/#organization","name":"Conex - books and more","url":"https:\/\/conexbooks.de\/a\/shop\/","logo":{"@type":"ImageObject","inLanguage":"de","@id":"https:\/\/conexbooks.de\/a\/shop\/#\/schema\/logo\/image\/","url":"https:\/\/conexbooks.de\/a\/shop\/wp-content\/uploads\/2017\/12\/co-logo.png","contentUrl":"https:\/\/conexbooks.de\/a\/shop\/wp-content\/uploads\/2017\/12\/co-logo.png","width":243,"height":122,"caption":"Conex - books and more"},"image":{"@id":"https:\/\/conexbooks.de\/a\/shop\/#\/schema\/logo\/image\/"}}]}},"_links":{"self":[{"href":"https:\/\/conexbooks.de\/a\/shop\/wp-json\/wp\/v2\/product\/1120","targetHints":{"allow":["GET"]}}],"collection":[{"href":"https:\/\/conexbooks.de\/a\/shop\/wp-json\/wp\/v2\/product"}],"about":[{"href":"https:\/\/conexbooks.de\/a\/shop\/wp-json\/wp\/v2\/types\/product"}],"wp:featuredmedia":[{"embeddable":true,"href":"https:\/\/conexbooks.de\/a\/shop\/wp-json\/wp\/v2\/media\/2082"}],"wp:attachment":[{"href":"https:\/\/conexbooks.de\/a\/shop\/wp-json\/wp\/v2\/media?parent=1120"}],"wp:term":[{"taxonomy":"product_brand","embeddable":true,"href":"https:\/\/conexbooks.de\/a\/shop\/wp-json\/wp\/v2\/product_brand?post=1120"},{"taxonomy":"product_cat","embeddable":true,"href":"https:\/\/conexbooks.de\/a\/shop\/wp-json\/wp\/v2\/product_cat?post=1120"},{"taxonomy":"product_tag","embeddable":true,"href":"https:\/\/conexbooks.de\/a\/shop\/wp-json\/wp\/v2\/product_tag?post=1120"}],"curies":[{"name":"wp","href":"https:\/\/api.w.org\/{rel}","templated":true}]}}