{"id":1136,"date":"2017-11-14T20:10:26","date_gmt":"2017-11-14T19:10:26","guid":{"rendered":"https:\/\/conexbooks.de\/a\/shop\/wp\/produkt\/marina-raediker-2\/"},"modified":"2024-11-22T16:33:08","modified_gmt":"2024-11-22T15:33:08","slug":"marina-raediker-2","status":"publish","type":"product","link":"https:\/\/conexbooks.de\/a\/shop\/produkt\/marina-raediker-2\/","title":{"rendered":"Giraffimo, Memory-Spiel"},"content":{"rendered":"<h4>Giraffimo<\/h4>\n<h4>Das Memo-Spiel zur St\u00e4rkung sozial-emotionaler Kompetenzen. F\u00fcr Kita, Hort und Schule<\/h4>\n<p>Das Memo-Spiel rund um Gef\u00fchle und Bed\u00fcrfnisse.<\/p>\n<p>Bei diesem Memory wird mit 39 Kartenpaaren, in liebevoll gestalteten Illustrationen, den Kindern ein Zugang zu ihrer Gef\u00fchlswelt erm\u00f6glicht. ?Die Wahrnehmung und die Ausdrucksm\u00f6glichkeit der eigenen Gef\u00fchle und Bed\u00fcrfnisse wird erweitert und damit auch das Einf\u00fchlungsverm\u00f6gen in andere Menschen. Dies unterst\u00fctzt grundlegend die Beziehungsqualit\u00e4t und ist Voraussetzung f\u00fcr das aktive Angehen und tragf\u00e4hige L\u00f6sen von Konflikten. Wie bei einem g\u00e4ngigen Memory-Spiel zeigt jedes Bildkartenpaar das gleiche Bild. Zum besseren Verst\u00e4ndnis der abgebildeten Gef\u00fchle und Bed\u00fcrfnisse steht je auf einer Karte der dazugeh\u00f6rige Begriff. Die verwendeten Begriffe sind eine Auswahl aus Gef\u00fchlen und Bed\u00fcrfnissen, die im deutschen Sprachgebrauch vorkommen. Im Begleitheft werden verschiedene Spielvariationen erl\u00e4utert, die nicht nur die Wahrnehmung der Gef\u00fchle sensibilisieren und ein Grundverst\u00e4ndnis daf\u00fcr f\u00f6rdern, sondern vielmehr Wege aufzeigen, wie man in unterschiedlichen Alltagssituationen die F\u00e4higkeiten aus dem Spiel einsetzen kann: Mit Entt\u00e4uschung und Frust umgehen, in Streitigkeiten zurechtkommen und Gef\u00fchlen Ausdruck verleihen.<\/p>\n<p>Ein Kommunikationsspiel, das sich besonders f\u00fcr Kinder in Kita, Hort und Schule eignet.<\/p>\n<p>12 Kartenpaare zu erf\u00fcllten Bed\u00fcrfnissen:<\/p>\n<p>sicher, geborgen, kraftvoll, liebevoll, gespannt, ausgelassen, entspannt, erleichtert, fr\u00f6hlich, gl\u00fccklich, begeistert, stolz.<\/p>\n<p>12 Kartenpaare bei unerf\u00fcllten Bed\u00fcrfnissen:<\/p>\n<p>traurig, w\u00fctend, \u00e4ngstlich, peinlich, erschrocken, unsicher, hilflos, einsam, gelangweilt, verwirrt, besorgt, ersch\u00f6pft.<\/p>\n<p>15 Kartenpaare mit Grundbed\u00fcrfnissen:<\/p>\n<p>Bewegung, Gemeinschaft, Unterst\u00fctzung, Entspannung, Freude, Entdeckung, Geborgenheit, Feiern, Anerkennung, Sicherheit, Vertrauen, Verstehen, Selbstbewusstsein, Spa\u00df, N\u00e4he.<\/p>\n<div id='1' class='widgets_on_page wop_tiny1  wop_small1  wop_medium1  wop_large1  wop_wide1'>\n\t\t\t<ul><li id=\"custom_html-4\" class=\"widget_text widget widget_custom_html\"><div class=\"textwidget custom-html-widget\"><div style=\"text-align:left;\">\r\n<button class = \"button\" style=\"height: 30px; font-size: 0.8em;\" name=\"zuruck\" type=\"button\" onclick=\"history.back()\">Zur\u00fcck zur \u00dcbersicht<\/button><\/div><\/div><\/li><\/ul><\/div><!-- widgets_on_page -->\n","protected":false},"excerpt":{"rendered":"<h3>Das Memo-Spiel zur St\u00e4rkung sozial-emotionaler Kompetenzen. F\u00fcr Kita, Hort und Schule<\/h3>\n<h3>39 farbige Kartenpaare und 16-seitiges Begleitheft in einer Box.<\/h3>\n<p>ISBN: 978-3-451-32772-8 Herder &#8211; Verlag<\/p>\n<p>Das Memo-Spiel rund um Gef\u00fchle und Bed\u00fcrfnisse.<\/p>\n","protected":false},"featured_media":2081,"template":"","meta":[],"product_brand":[],"product_cat":[56,51,47,46],"product_tag":[267,260,265,263,192,264,266,261,259,164,271,136,268,270,165,262,269,106],"class_list":{"0":"post-1136","1":"product","2":"type-product","3":"status-publish","4":"has-post-thumbnail","6":"product_cat-geschenke","7":"product_cat-seminarmaterial","8":"product_cat-sonstiges","9":"product_cat-spiele","10":"product_tag-anerkennung","11":"product_tag-bewegung","12":"product_tag-entdeckung","13":"product_tag-entspannung","14":"product_tag-feiern","15":"product_tag-freude","16":"product_tag-geborgenheit","17":"product_tag-gemeinschaft","18":"product_tag-karten","19":"product_tag-memory","20":"product_tag-naehe","21":"product_tag-selbstbewusstsein","22":"product_tag-sicherheit","23":"product_tag-spass","24":"product_tag-spiel","25":"product_tag-unterstuetzung","26":"product_tag-verstehen","27":"product_tag-vertrauen","29":"first","30":"outofstock","31":"shipping-taxable","32":"purchasable","33":"product-type-simple"},"yoast_head":"<!-- This site is optimized with the Yoast SEO plugin v27.4 - https:\/\/yoast.com\/product\/yoast-seo-wordpress\/ -->\n<title>Giraffimo, Memory-Spiel - Conex-Shop<\/title>\n<meta name=\"robots\" content=\"index, follow, max-snippet:-1, max-image-preview:large, max-video-preview:-1\" \/>\n<link rel=\"canonical\" href=\"https:\/\/conexbooks.de\/a\/shop\/produkt\/marina-raediker-2\/\" \/>\n<meta property=\"og:locale\" content=\"de_DE\" \/>\n<meta property=\"og:type\" content=\"article\" \/>\n<meta property=\"og:title\" content=\"Giraffimo, Memory-Spiel - Conex-Shop\" \/>\n<meta property=\"og:description\" content=\"Das Memo-Spiel zur St\u00e4rkung sozial-emotionaler Kompetenzen. F\u00fcr Kita, Hort und Schule 39 farbige Kartenpaare und 16-seitiges Begleitheft in einer Box. ISBN: 978-3-451-32772-8 Herder - Verlag  Das Memo-Spiel rund um Gef\u00fchle und Bed\u00fcrfnisse.\" \/>\n<meta property=\"og:url\" content=\"https:\/\/conexbooks.de\/a\/shop\/produkt\/marina-raediker-2\/\" \/>\n<meta property=\"og:site_name\" content=\"Conex-Shop\" \/>\n<meta property=\"article:modified_time\" content=\"2024-11-22T15:33:08+00:00\" \/>\n<meta property=\"og:image\" content=\"https:\/\/conexbooks.de\/a\/shop\/wp-content\/uploads\/2017\/11\/602.jpg\" \/>\n\t<meta property=\"og:image:width\" content=\"287\" \/>\n\t<meta property=\"og:image:height\" content=\"400\" \/>\n\t<meta property=\"og:image:type\" content=\"image\/jpeg\" \/>\n<meta name=\"twitter:card\" content=\"summary_large_image\" \/>\n<meta name=\"twitter:label1\" content=\"Gesch\u00e4tzte Lesezeit\" \/>\n\t<meta name=\"twitter:data1\" content=\"2\u00a0Minuten\" \/>\n<script type=\"application\/ld+json\" class=\"yoast-schema-graph\">{\"@context\":\"https:\\\/\\\/schema.org\",\"@graph\":[{\"@type\":\"WebPage\",\"@id\":\"https:\\\/\\\/conexbooks.de\\\/a\\\/shop\\\/produkt\\\/marina-raediker-2\\\/\",\"url\":\"https:\\\/\\\/conexbooks.de\\\/a\\\/shop\\\/produkt\\\/marina-raediker-2\\\/\",\"name\":\"Giraffimo, Memory-Spiel - Conex-Shop\",\"isPartOf\":{\"@id\":\"https:\\\/\\\/conexbooks.de\\\/a\\\/shop\\\/#website\"},\"primaryImageOfPage\":{\"@id\":\"https:\\\/\\\/conexbooks.de\\\/a\\\/shop\\\/produkt\\\/marina-raediker-2\\\/#primaryimage\"},\"image\":{\"@id\":\"https:\\\/\\\/conexbooks.de\\\/a\\\/shop\\\/produkt\\\/marina-raediker-2\\\/#primaryimage\"},\"thumbnailUrl\":\"https:\\\/\\\/conexbooks.de\\\/a\\\/shop\\\/wp-content\\\/uploads\\\/2017\\\/11\\\/602.jpg\",\"datePublished\":\"2017-11-14T19:10:26+00:00\",\"dateModified\":\"2024-11-22T15:33:08+00:00\",\"breadcrumb\":{\"@id\":\"https:\\\/\\\/conexbooks.de\\\/a\\\/shop\\\/produkt\\\/marina-raediker-2\\\/#breadcrumb\"},\"inLanguage\":\"de\",\"potentialAction\":[{\"@type\":\"ReadAction\",\"target\":[\"https:\\\/\\\/conexbooks.de\\\/a\\\/shop\\\/produkt\\\/marina-raediker-2\\\/\"]}]},{\"@type\":\"ImageObject\",\"inLanguage\":\"de\",\"@id\":\"https:\\\/\\\/conexbooks.de\\\/a\\\/shop\\\/produkt\\\/marina-raediker-2\\\/#primaryimage\",\"url\":\"https:\\\/\\\/conexbooks.de\\\/a\\\/shop\\\/wp-content\\\/uploads\\\/2017\\\/11\\\/602.jpg\",\"contentUrl\":\"https:\\\/\\\/conexbooks.de\\\/a\\\/shop\\\/wp-content\\\/uploads\\\/2017\\\/11\\\/602.jpg\",\"width\":287,\"height\":400},{\"@type\":\"BreadcrumbList\",\"@id\":\"https:\\\/\\\/conexbooks.de\\\/a\\\/shop\\\/produkt\\\/marina-raediker-2\\\/#breadcrumb\",\"itemListElement\":[{\"@type\":\"ListItem\",\"position\":1,\"name\":\"Home\",\"item\":\"https:\\\/\\\/conexbooks.de\\\/a\\\/shop\\\/\"},{\"@type\":\"ListItem\",\"position\":2,\"name\":\"Shop\",\"item\":\"https:\\\/\\\/conexbooks.de\\\/a\\\/shop\\\/shop\\\/\"},{\"@type\":\"ListItem\",\"position\":3,\"name\":\"Giraffimo, Memory-Spiel\"}]},{\"@type\":\"WebSite\",\"@id\":\"https:\\\/\\\/conexbooks.de\\\/a\\\/shop\\\/#website\",\"url\":\"https:\\\/\\\/conexbooks.de\\\/a\\\/shop\\\/\",\"name\":\"Conex-Shop\",\"description\":\"Alles f\u00fcr die gewaltfreie Kommunikation: B\u00fccher, Spiele. Handpuppen Seminarmaterial und Geschenke\",\"publisher\":{\"@id\":\"https:\\\/\\\/conexbooks.de\\\/a\\\/shop\\\/#organization\"},\"potentialAction\":[{\"@type\":\"SearchAction\",\"target\":{\"@type\":\"EntryPoint\",\"urlTemplate\":\"https:\\\/\\\/conexbooks.de\\\/a\\\/shop\\\/?s={search_term_string}\"},\"query-input\":{\"@type\":\"PropertyValueSpecification\",\"valueRequired\":true,\"valueName\":\"search_term_string\"}}],\"inLanguage\":\"de\"},{\"@type\":\"Organization\",\"@id\":\"https:\\\/\\\/conexbooks.de\\\/a\\\/shop\\\/#organization\",\"name\":\"Conex - books and more\",\"url\":\"https:\\\/\\\/conexbooks.de\\\/a\\\/shop\\\/\",\"logo\":{\"@type\":\"ImageObject\",\"inLanguage\":\"de\",\"@id\":\"https:\\\/\\\/conexbooks.de\\\/a\\\/shop\\\/#\\\/schema\\\/logo\\\/image\\\/\",\"url\":\"https:\\\/\\\/conexbooks.de\\\/a\\\/shop\\\/wp-content\\\/uploads\\\/2017\\\/12\\\/co-logo.png\",\"contentUrl\":\"https:\\\/\\\/conexbooks.de\\\/a\\\/shop\\\/wp-content\\\/uploads\\\/2017\\\/12\\\/co-logo.png\",\"width\":243,\"height\":122,\"caption\":\"Conex - books and more\"},\"image\":{\"@id\":\"https:\\\/\\\/conexbooks.de\\\/a\\\/shop\\\/#\\\/schema\\\/logo\\\/image\\\/\"}}]}<\/script>\n<!-- \/ Yoast SEO plugin. -->","yoast_head_json":{"title":"Giraffimo, Memory-Spiel - Conex-Shop","robots":{"index":"index","follow":"follow","max-snippet":"max-snippet:-1","max-image-preview":"max-image-preview:large","max-video-preview":"max-video-preview:-1"},"canonical":"https:\/\/conexbooks.de\/a\/shop\/produkt\/marina-raediker-2\/","og_locale":"de_DE","og_type":"article","og_title":"Giraffimo, Memory-Spiel - Conex-Shop","og_description":"Das Memo-Spiel zur St\u00e4rkung sozial-emotionaler Kompetenzen. F\u00fcr Kita, Hort und Schule 39 farbige Kartenpaare und 16-seitiges Begleitheft in einer Box. ISBN: 978-3-451-32772-8 Herder - Verlag  Das Memo-Spiel rund um Gef\u00fchle und Bed\u00fcrfnisse.","og_url":"https:\/\/conexbooks.de\/a\/shop\/produkt\/marina-raediker-2\/","og_site_name":"Conex-Shop","article_modified_time":"2024-11-22T15:33:08+00:00","og_image":[{"width":287,"height":400,"url":"https:\/\/conexbooks.de\/a\/shop\/wp-content\/uploads\/2017\/11\/602.jpg","type":"image\/jpeg"}],"twitter_card":"summary_large_image","twitter_misc":{"Gesch\u00e4tzte Lesezeit":"2\u00a0Minuten"},"schema":{"@context":"https:\/\/schema.org","@graph":[{"@type":"WebPage","@id":"https:\/\/conexbooks.de\/a\/shop\/produkt\/marina-raediker-2\/","url":"https:\/\/conexbooks.de\/a\/shop\/produkt\/marina-raediker-2\/","name":"Giraffimo, Memory-Spiel - Conex-Shop","isPartOf":{"@id":"https:\/\/conexbooks.de\/a\/shop\/#website"},"primaryImageOfPage":{"@id":"https:\/\/conexbooks.de\/a\/shop\/produkt\/marina-raediker-2\/#primaryimage"},"image":{"@id":"https:\/\/conexbooks.de\/a\/shop\/produkt\/marina-raediker-2\/#primaryimage"},"thumbnailUrl":"https:\/\/conexbooks.de\/a\/shop\/wp-content\/uploads\/2017\/11\/602.jpg","datePublished":"2017-11-14T19:10:26+00:00","dateModified":"2024-11-22T15:33:08+00:00","breadcrumb":{"@id":"https:\/\/conexbooks.de\/a\/shop\/produkt\/marina-raediker-2\/#breadcrumb"},"inLanguage":"de","potentialAction":[{"@type":"ReadAction","target":["https:\/\/conexbooks.de\/a\/shop\/produkt\/marina-raediker-2\/"]}]},{"@type":"ImageObject","inLanguage":"de","@id":"https:\/\/conexbooks.de\/a\/shop\/produkt\/marina-raediker-2\/#primaryimage","url":"https:\/\/conexbooks.de\/a\/shop\/wp-content\/uploads\/2017\/11\/602.jpg","contentUrl":"https:\/\/conexbooks.de\/a\/shop\/wp-content\/uploads\/2017\/11\/602.jpg","width":287,"height":400},{"@type":"BreadcrumbList","@id":"https:\/\/conexbooks.de\/a\/shop\/produkt\/marina-raediker-2\/#breadcrumb","itemListElement":[{"@type":"ListItem","position":1,"name":"Home","item":"https:\/\/conexbooks.de\/a\/shop\/"},{"@type":"ListItem","position":2,"name":"Shop","item":"https:\/\/conexbooks.de\/a\/shop\/shop\/"},{"@type":"ListItem","position":3,"name":"Giraffimo, Memory-Spiel"}]},{"@type":"WebSite","@id":"https:\/\/conexbooks.de\/a\/shop\/#website","url":"https:\/\/conexbooks.de\/a\/shop\/","name":"Conex-Shop","description":"Alles f\u00fcr die gewaltfreie Kommunikation: B\u00fccher, Spiele. Handpuppen Seminarmaterial und Geschenke","publisher":{"@id":"https:\/\/conexbooks.de\/a\/shop\/#organization"},"potentialAction":[{"@type":"SearchAction","target":{"@type":"EntryPoint","urlTemplate":"https:\/\/conexbooks.de\/a\/shop\/?s={search_term_string}"},"query-input":{"@type":"PropertyValueSpecification","valueRequired":true,"valueName":"search_term_string"}}],"inLanguage":"de"},{"@type":"Organization","@id":"https:\/\/conexbooks.de\/a\/shop\/#organization","name":"Conex - books and more","url":"https:\/\/conexbooks.de\/a\/shop\/","logo":{"@type":"ImageObject","inLanguage":"de","@id":"https:\/\/conexbooks.de\/a\/shop\/#\/schema\/logo\/image\/","url":"https:\/\/conexbooks.de\/a\/shop\/wp-content\/uploads\/2017\/12\/co-logo.png","contentUrl":"https:\/\/conexbooks.de\/a\/shop\/wp-content\/uploads\/2017\/12\/co-logo.png","width":243,"height":122,"caption":"Conex - books and more"},"image":{"@id":"https:\/\/conexbooks.de\/a\/shop\/#\/schema\/logo\/image\/"}}]}},"_links":{"self":[{"href":"https:\/\/conexbooks.de\/a\/shop\/wp-json\/wp\/v2\/product\/1136","targetHints":{"allow":["GET"]}}],"collection":[{"href":"https:\/\/conexbooks.de\/a\/shop\/wp-json\/wp\/v2\/product"}],"about":[{"href":"https:\/\/conexbooks.de\/a\/shop\/wp-json\/wp\/v2\/types\/product"}],"wp:featuredmedia":[{"embeddable":true,"href":"https:\/\/conexbooks.de\/a\/shop\/wp-json\/wp\/v2\/media\/2081"}],"wp:attachment":[{"href":"https:\/\/conexbooks.de\/a\/shop\/wp-json\/wp\/v2\/media?parent=1136"}],"wp:term":[{"taxonomy":"product_brand","embeddable":true,"href":"https:\/\/conexbooks.de\/a\/shop\/wp-json\/wp\/v2\/product_brand?post=1136"},{"taxonomy":"product_cat","embeddable":true,"href":"https:\/\/conexbooks.de\/a\/shop\/wp-json\/wp\/v2\/product_cat?post=1136"},{"taxonomy":"product_tag","embeddable":true,"href":"https:\/\/conexbooks.de\/a\/shop\/wp-json\/wp\/v2\/product_tag?post=1136"}],"curies":[{"name":"wp","href":"https:\/\/api.w.org\/{rel}","templated":true}]}}