{"id":1139,"date":"2017-11-14T20:10:26","date_gmt":"2017-11-14T19:10:26","guid":{"rendered":"https:\/\/conexbooks.de\/a\/shop\/wp\/produkt\/wie-wertschaetzung-gelingen-kann-g-orth-h-fritz-2\/"},"modified":"2025-09-02T09:55:20","modified_gmt":"2025-09-02T07:55:20","slug":"wie-wertschaetzung-gelingen-kann-g-orth-h-fritz-2","status":"publish","type":"product","link":"https:\/\/conexbooks.de\/a\/shop\/produkt\/wie-wertschaetzung-gelingen-kann-g-orth-h-fritz-2\/","title":{"rendered":"GFK in der Schule. Ein Lern- und \u00dcbungsbuch (Neuauflage)"},"content":{"rendered":"<h4>Gewaltfreie Kommunikation in der Schule<\/h4>\n<h4>Dr. Gottfried Orth, Hilde Fritz<\/h4>\n<p>Sich selbst als Lehrerin oder Lehrer wichtig nehmen, sich kraftvoll behaupten, eigene Grenzen ziehen und diese gewaltfrei sch\u00fctzen. Zugleich einen wertsch\u00e4tzenden Umgang mit Sch\u00fclerinnen und Sch\u00fclern wie Kolleginnen und Kollegen pflegen. Und dabei das tun, weshalb man diesen Beruf w\u00e4hlte: unterrichten. Kann dies in unseren Schulen umgesetzt werden?<\/p>\n<p>Das Buch zeigt M\u00f6glichkeiten, wie im \u201eZwangskontext Schule\u201c Lehrerinnen und Lehrer die eigenen Bed\u00fcrfnisse deutlich wahrnehmen und klar ausdr\u00fccken, wie sie einf\u00fchlsam Dialoge mit Sch\u00fclerinnen und Sch\u00fclern f\u00fchren und wie sie Konflikte als selbstverst\u00e4ndliche und allt\u00e4gliche Momente des Zusammenlebens gewaltfrei gestalten k\u00f6nnen.<\/p>\n<p>Gewaltfreie Kommunikation zielt auf einen respektvollen Umgang untereinander, der in gleicher Weise von Autonomie und Verbundenheit, von Wachsen-K\u00f6nnen und Zusammengeh\u00f6rigkeit gepr\u00e4gt ist. Wenn Beziehungen derart gl\u00fccken, k\u00f6nnen Lehren und Lernen leichter und das Leben in der Schule angenehmer<br \/>\nwerden.<\/p>\n<div id='1' class='widgets_on_page wop_tiny1  wop_small1  wop_medium1  wop_large1  wop_wide1'>\n\t\t\t<ul><li id=\"custom_html-4\" class=\"widget_text widget widget_custom_html\"><div class=\"textwidget custom-html-widget\"><div style=\"text-align:left;\">\r\n<button class = \"button\" style=\"height: 30px; font-size: 0.8em;\" name=\"zuruck\" type=\"button\" onclick=\"history.back()\">Zur\u00fcck zur \u00dcbersicht<\/button><\/div><\/div><\/li><\/ul><\/div><!-- widgets_on_page -->\n","protected":false},"excerpt":{"rendered":"<h3>Wie Wertsch\u00e4tzung gelingen kann. Ein Lern- und \u00dcbungsbuch f\u00fcr alle, die in Schulen leben und arbeiten<\/h3>\n<h3>Dr. Gottfried Orth, Hilde Fritz<\/h3>\n<p>Junfermann-Verlag<br \/>\n2. Auflage 10\/2024; 256 Seiten, kartoniert<br \/>\nISBN 13: 978-3-7495-0630-9<\/p>\n","protected":false},"featured_media":20842,"template":"","meta":[],"product_brand":[],"product_cat":[36,41],"product_tag":[62,70,63,605,279,315,59,146,582],"class_list":{"0":"post-1139","1":"product","2":"type-product","3":"status-publish","4":"has-post-thumbnail","6":"product_cat-deutsche-buecher","7":"product_cat-schule-kita","8":"product_tag-gewaltpraevention","9":"product_tag-gfk-praxistauglich","10":"product_tag-grundschule","11":"product_tag-lehrer-schueler","12":"product_tag-paedagogik","13":"product_tag-respektvoller-umgang","14":"product_tag-schule","15":"product_tag-unterricht","16":"product_tag-unterrichtskonzept","18":"first","19":"instock","20":"shipping-taxable","21":"purchasable","22":"product-type-simple"},"yoast_head":"<!-- This site is optimized with the Yoast SEO plugin v27.3 - https:\/\/yoast.com\/product\/yoast-seo-wordpress\/ -->\n<title>GFK in der Schule. Ein Lern- und \u00dcbungsbuch (Neuauflage) - Conex-Shop<\/title>\n<meta name=\"robots\" content=\"index, follow, max-snippet:-1, max-image-preview:large, max-video-preview:-1\" \/>\n<link rel=\"canonical\" href=\"https:\/\/conexbooks.de\/a\/shop\/produkt\/wie-wertschaetzung-gelingen-kann-g-orth-h-fritz-2\/\" \/>\n<meta property=\"og:locale\" content=\"de_DE\" \/>\n<meta property=\"og:type\" content=\"article\" \/>\n<meta property=\"og:title\" content=\"GFK in der Schule. Ein Lern- und \u00dcbungsbuch (Neuauflage) - Conex-Shop\" \/>\n<meta property=\"og:description\" content=\"Wie Wertsch\u00e4tzung gelingen kann. Ein Lern- und \u00dcbungsbuch f\u00fcr alle, die in Schulen leben und arbeiten Dr. Gottfried Orth, Hilde Fritz Junfermann-Verlag 2. Auflage 10\/2024; 256 Seiten, kartoniert ISBN 13: 978-3-7495-0630-9\" \/>\n<meta property=\"og:url\" content=\"https:\/\/conexbooks.de\/a\/shop\/produkt\/wie-wertschaetzung-gelingen-kann-g-orth-h-fritz-2\/\" \/>\n<meta property=\"og:site_name\" content=\"Conex-Shop\" \/>\n<meta property=\"article:modified_time\" content=\"2025-09-02T07:55:20+00:00\" \/>\n<meta property=\"og:image\" content=\"https:\/\/conexbooks.de\/a\/shop\/wp-content\/uploads\/2017\/11\/702.png\" \/>\n\t<meta property=\"og:image:width\" content=\"283\" \/>\n\t<meta property=\"og:image:height\" content=\"400\" \/>\n\t<meta property=\"og:image:type\" content=\"image\/png\" \/>\n<meta name=\"twitter:card\" content=\"summary_large_image\" \/>\n<meta name=\"twitter:label1\" content=\"Gesch\u00e4tzte Lesezeit\" \/>\n\t<meta name=\"twitter:data1\" content=\"1\u00a0Minute\" \/>\n<script type=\"application\/ld+json\" class=\"yoast-schema-graph\">{\"@context\":\"https:\\\/\\\/schema.org\",\"@graph\":[{\"@type\":\"WebPage\",\"@id\":\"https:\\\/\\\/conexbooks.de\\\/a\\\/shop\\\/produkt\\\/wie-wertschaetzung-gelingen-kann-g-orth-h-fritz-2\\\/\",\"url\":\"https:\\\/\\\/conexbooks.de\\\/a\\\/shop\\\/produkt\\\/wie-wertschaetzung-gelingen-kann-g-orth-h-fritz-2\\\/\",\"name\":\"GFK in der Schule. Ein Lern- und \u00dcbungsbuch (Neuauflage) - Conex-Shop\",\"isPartOf\":{\"@id\":\"https:\\\/\\\/conexbooks.de\\\/a\\\/shop\\\/#website\"},\"primaryImageOfPage\":{\"@id\":\"https:\\\/\\\/conexbooks.de\\\/a\\\/shop\\\/produkt\\\/wie-wertschaetzung-gelingen-kann-g-orth-h-fritz-2\\\/#primaryimage\"},\"image\":{\"@id\":\"https:\\\/\\\/conexbooks.de\\\/a\\\/shop\\\/produkt\\\/wie-wertschaetzung-gelingen-kann-g-orth-h-fritz-2\\\/#primaryimage\"},\"thumbnailUrl\":\"https:\\\/\\\/conexbooks.de\\\/a\\\/shop\\\/wp-content\\\/uploads\\\/2017\\\/11\\\/702.png\",\"datePublished\":\"2017-11-14T19:10:26+00:00\",\"dateModified\":\"2025-09-02T07:55:20+00:00\",\"breadcrumb\":{\"@id\":\"https:\\\/\\\/conexbooks.de\\\/a\\\/shop\\\/produkt\\\/wie-wertschaetzung-gelingen-kann-g-orth-h-fritz-2\\\/#breadcrumb\"},\"inLanguage\":\"de\",\"potentialAction\":[{\"@type\":\"ReadAction\",\"target\":[\"https:\\\/\\\/conexbooks.de\\\/a\\\/shop\\\/produkt\\\/wie-wertschaetzung-gelingen-kann-g-orth-h-fritz-2\\\/\"]}]},{\"@type\":\"ImageObject\",\"inLanguage\":\"de\",\"@id\":\"https:\\\/\\\/conexbooks.de\\\/a\\\/shop\\\/produkt\\\/wie-wertschaetzung-gelingen-kann-g-orth-h-fritz-2\\\/#primaryimage\",\"url\":\"https:\\\/\\\/conexbooks.de\\\/a\\\/shop\\\/wp-content\\\/uploads\\\/2017\\\/11\\\/702.png\",\"contentUrl\":\"https:\\\/\\\/conexbooks.de\\\/a\\\/shop\\\/wp-content\\\/uploads\\\/2017\\\/11\\\/702.png\",\"width\":283,\"height\":400},{\"@type\":\"BreadcrumbList\",\"@id\":\"https:\\\/\\\/conexbooks.de\\\/a\\\/shop\\\/produkt\\\/wie-wertschaetzung-gelingen-kann-g-orth-h-fritz-2\\\/#breadcrumb\",\"itemListElement\":[{\"@type\":\"ListItem\",\"position\":1,\"name\":\"Home\",\"item\":\"https:\\\/\\\/conexbooks.de\\\/a\\\/shop\\\/\"},{\"@type\":\"ListItem\",\"position\":2,\"name\":\"Shop\",\"item\":\"https:\\\/\\\/conexbooks.de\\\/a\\\/shop\\\/shop\\\/\"},{\"@type\":\"ListItem\",\"position\":3,\"name\":\"GFK in der Schule. Ein Lern- und \u00dcbungsbuch (Neuauflage)\"}]},{\"@type\":\"WebSite\",\"@id\":\"https:\\\/\\\/conexbooks.de\\\/a\\\/shop\\\/#website\",\"url\":\"https:\\\/\\\/conexbooks.de\\\/a\\\/shop\\\/\",\"name\":\"Conex-Shop\",\"description\":\"Alles f\u00fcr die gewaltfreie Kommunikation: B\u00fccher, Spiele. Handpuppen Seminarmaterial und Geschenke\",\"publisher\":{\"@id\":\"https:\\\/\\\/conexbooks.de\\\/a\\\/shop\\\/#organization\"},\"potentialAction\":[{\"@type\":\"SearchAction\",\"target\":{\"@type\":\"EntryPoint\",\"urlTemplate\":\"https:\\\/\\\/conexbooks.de\\\/a\\\/shop\\\/?s={search_term_string}\"},\"query-input\":{\"@type\":\"PropertyValueSpecification\",\"valueRequired\":true,\"valueName\":\"search_term_string\"}}],\"inLanguage\":\"de\"},{\"@type\":\"Organization\",\"@id\":\"https:\\\/\\\/conexbooks.de\\\/a\\\/shop\\\/#organization\",\"name\":\"Conex - books and more\",\"url\":\"https:\\\/\\\/conexbooks.de\\\/a\\\/shop\\\/\",\"logo\":{\"@type\":\"ImageObject\",\"inLanguage\":\"de\",\"@id\":\"https:\\\/\\\/conexbooks.de\\\/a\\\/shop\\\/#\\\/schema\\\/logo\\\/image\\\/\",\"url\":\"https:\\\/\\\/conexbooks.de\\\/a\\\/shop\\\/wp-content\\\/uploads\\\/2017\\\/12\\\/co-logo.png\",\"contentUrl\":\"https:\\\/\\\/conexbooks.de\\\/a\\\/shop\\\/wp-content\\\/uploads\\\/2017\\\/12\\\/co-logo.png\",\"width\":243,\"height\":122,\"caption\":\"Conex - books and more\"},\"image\":{\"@id\":\"https:\\\/\\\/conexbooks.de\\\/a\\\/shop\\\/#\\\/schema\\\/logo\\\/image\\\/\"}}]}<\/script>\n<!-- \/ Yoast SEO plugin. -->","yoast_head_json":{"title":"GFK in der Schule. Ein Lern- und \u00dcbungsbuch (Neuauflage) - Conex-Shop","robots":{"index":"index","follow":"follow","max-snippet":"max-snippet:-1","max-image-preview":"max-image-preview:large","max-video-preview":"max-video-preview:-1"},"canonical":"https:\/\/conexbooks.de\/a\/shop\/produkt\/wie-wertschaetzung-gelingen-kann-g-orth-h-fritz-2\/","og_locale":"de_DE","og_type":"article","og_title":"GFK in der Schule. Ein Lern- und \u00dcbungsbuch (Neuauflage) - Conex-Shop","og_description":"Wie Wertsch\u00e4tzung gelingen kann. Ein Lern- und \u00dcbungsbuch f\u00fcr alle, die in Schulen leben und arbeiten Dr. Gottfried Orth, Hilde Fritz Junfermann-Verlag 2. Auflage 10\/2024; 256 Seiten, kartoniert ISBN 13: 978-3-7495-0630-9","og_url":"https:\/\/conexbooks.de\/a\/shop\/produkt\/wie-wertschaetzung-gelingen-kann-g-orth-h-fritz-2\/","og_site_name":"Conex-Shop","article_modified_time":"2025-09-02T07:55:20+00:00","og_image":[{"width":283,"height":400,"url":"https:\/\/conexbooks.de\/a\/shop\/wp-content\/uploads\/2017\/11\/702.png","type":"image\/png"}],"twitter_card":"summary_large_image","twitter_misc":{"Gesch\u00e4tzte Lesezeit":"1\u00a0Minute"},"schema":{"@context":"https:\/\/schema.org","@graph":[{"@type":"WebPage","@id":"https:\/\/conexbooks.de\/a\/shop\/produkt\/wie-wertschaetzung-gelingen-kann-g-orth-h-fritz-2\/","url":"https:\/\/conexbooks.de\/a\/shop\/produkt\/wie-wertschaetzung-gelingen-kann-g-orth-h-fritz-2\/","name":"GFK in der Schule. Ein Lern- und \u00dcbungsbuch (Neuauflage) - Conex-Shop","isPartOf":{"@id":"https:\/\/conexbooks.de\/a\/shop\/#website"},"primaryImageOfPage":{"@id":"https:\/\/conexbooks.de\/a\/shop\/produkt\/wie-wertschaetzung-gelingen-kann-g-orth-h-fritz-2\/#primaryimage"},"image":{"@id":"https:\/\/conexbooks.de\/a\/shop\/produkt\/wie-wertschaetzung-gelingen-kann-g-orth-h-fritz-2\/#primaryimage"},"thumbnailUrl":"https:\/\/conexbooks.de\/a\/shop\/wp-content\/uploads\/2017\/11\/702.png","datePublished":"2017-11-14T19:10:26+00:00","dateModified":"2025-09-02T07:55:20+00:00","breadcrumb":{"@id":"https:\/\/conexbooks.de\/a\/shop\/produkt\/wie-wertschaetzung-gelingen-kann-g-orth-h-fritz-2\/#breadcrumb"},"inLanguage":"de","potentialAction":[{"@type":"ReadAction","target":["https:\/\/conexbooks.de\/a\/shop\/produkt\/wie-wertschaetzung-gelingen-kann-g-orth-h-fritz-2\/"]}]},{"@type":"ImageObject","inLanguage":"de","@id":"https:\/\/conexbooks.de\/a\/shop\/produkt\/wie-wertschaetzung-gelingen-kann-g-orth-h-fritz-2\/#primaryimage","url":"https:\/\/conexbooks.de\/a\/shop\/wp-content\/uploads\/2017\/11\/702.png","contentUrl":"https:\/\/conexbooks.de\/a\/shop\/wp-content\/uploads\/2017\/11\/702.png","width":283,"height":400},{"@type":"BreadcrumbList","@id":"https:\/\/conexbooks.de\/a\/shop\/produkt\/wie-wertschaetzung-gelingen-kann-g-orth-h-fritz-2\/#breadcrumb","itemListElement":[{"@type":"ListItem","position":1,"name":"Home","item":"https:\/\/conexbooks.de\/a\/shop\/"},{"@type":"ListItem","position":2,"name":"Shop","item":"https:\/\/conexbooks.de\/a\/shop\/shop\/"},{"@type":"ListItem","position":3,"name":"GFK in der Schule. Ein Lern- und \u00dcbungsbuch (Neuauflage)"}]},{"@type":"WebSite","@id":"https:\/\/conexbooks.de\/a\/shop\/#website","url":"https:\/\/conexbooks.de\/a\/shop\/","name":"Conex-Shop","description":"Alles f\u00fcr die gewaltfreie Kommunikation: B\u00fccher, Spiele. Handpuppen Seminarmaterial und Geschenke","publisher":{"@id":"https:\/\/conexbooks.de\/a\/shop\/#organization"},"potentialAction":[{"@type":"SearchAction","target":{"@type":"EntryPoint","urlTemplate":"https:\/\/conexbooks.de\/a\/shop\/?s={search_term_string}"},"query-input":{"@type":"PropertyValueSpecification","valueRequired":true,"valueName":"search_term_string"}}],"inLanguage":"de"},{"@type":"Organization","@id":"https:\/\/conexbooks.de\/a\/shop\/#organization","name":"Conex - books and more","url":"https:\/\/conexbooks.de\/a\/shop\/","logo":{"@type":"ImageObject","inLanguage":"de","@id":"https:\/\/conexbooks.de\/a\/shop\/#\/schema\/logo\/image\/","url":"https:\/\/conexbooks.de\/a\/shop\/wp-content\/uploads\/2017\/12\/co-logo.png","contentUrl":"https:\/\/conexbooks.de\/a\/shop\/wp-content\/uploads\/2017\/12\/co-logo.png","width":243,"height":122,"caption":"Conex - books and more"},"image":{"@id":"https:\/\/conexbooks.de\/a\/shop\/#\/schema\/logo\/image\/"}}]}},"_links":{"self":[{"href":"https:\/\/conexbooks.de\/a\/shop\/wp-json\/wp\/v2\/product\/1139","targetHints":{"allow":["GET"]}}],"collection":[{"href":"https:\/\/conexbooks.de\/a\/shop\/wp-json\/wp\/v2\/product"}],"about":[{"href":"https:\/\/conexbooks.de\/a\/shop\/wp-json\/wp\/v2\/types\/product"}],"wp:featuredmedia":[{"embeddable":true,"href":"https:\/\/conexbooks.de\/a\/shop\/wp-json\/wp\/v2\/media\/20842"}],"wp:attachment":[{"href":"https:\/\/conexbooks.de\/a\/shop\/wp-json\/wp\/v2\/media?parent=1139"}],"wp:term":[{"taxonomy":"product_brand","embeddable":true,"href":"https:\/\/conexbooks.de\/a\/shop\/wp-json\/wp\/v2\/product_brand?post=1139"},{"taxonomy":"product_cat","embeddable":true,"href":"https:\/\/conexbooks.de\/a\/shop\/wp-json\/wp\/v2\/product_cat?post=1139"},{"taxonomy":"product_tag","embeddable":true,"href":"https:\/\/conexbooks.de\/a\/shop\/wp-json\/wp\/v2\/product_tag?post=1139"}],"curies":[{"name":"wp","href":"https:\/\/api.w.org\/{rel}","templated":true}]}}