{"id":1140,"date":"2017-11-14T20:10:27","date_gmt":"2017-11-14T19:10:27","guid":{"rendered":"https:\/\/conexbooks.de\/a\/shop\/wp\/produkt\/fuer-ein-tieferes-verstaendnis-der-gewaltfreien-kommunikation-2\/"},"modified":"2026-04-10T12:02:49","modified_gmt":"2026-04-10T10:02:49","slug":"fuer-ein-tieferes-verstaendnis-der-gewaltfreien-kommunikation-2","status":"publish","type":"product","link":"https:\/\/conexbooks.de\/a\/shop\/produkt\/fuer-ein-tieferes-verstaendnis-der-gewaltfreien-kommunikation-2\/","title":{"rendered":"42 Schl\u00fcsselunterscheidungen in der GFK"},"content":{"rendered":"<h4>42 Schl\u00fcsselunterscheidungen in der GFK<\/h4>\n<h4>Liv Larsson<\/h4>\n<p>Was ist der Unterschied zwischen Bed\u00fcrfnissen und Strategien? Diese Frage k\u00f6nnen viele, die sich etwas mit der GFK besch\u00e4ftigt haben, vermutlich beantworten. Aber wo genau liegt der Unterschied zwischen Schw\u00e4che und Verletzlichkeit? Und was unterscheidet Wertsch\u00e4tzung von Anerkennung?<\/p>\n<p>Dieses Buch konzentriert sich in seiner Darstellung der GFK auf sogenannte Schl\u00fcsselunterscheidungen. \u201eWir haben dieses Buch geschrieben, um verschiedene Begriffe in der Gewaltfreien Kommunikation genauer unter die Lupe zu nehmen und so einige wichtige Unterschiede zwischen der GFK und unserer allt\u00e4glichen Kommunikationsweise zu verdeutlichen. Diese Begriffe bezeichnen wir als Schl\u00fcsselunterscheidungen.\u201c So beschreiben die Autorinnen selbst ihr Ansinnen. Und sie hoffen, dass ihre Zusammenstellung von insgesamt 42 Schl\u00fcsselunterscheidungen den Leserinnen und Lesern dabei helfen wird, neue Wege im Denken und in der Kommunikation zu entdecken.<\/p>\n<p>&nbsp;<\/p>\n<div id='1' class='widgets_on_page wop_tiny1  wop_small1  wop_medium1  wop_large1  wop_wide1'>\n\t\t\t<ul><li id=\"custom_html-4\" class=\"widget_text widget widget_custom_html\"><div class=\"textwidget custom-html-widget\"><div style=\"text-align:left;\">\r\n<button class = \"button\" style=\"height: 30px; font-size: 0.8em;\" name=\"zuruck\" type=\"button\" onclick=\"history.back()\">Zur\u00fcck zur \u00dcbersicht<\/button><\/div><\/div><\/li><\/ul><\/div><!-- widgets_on_page -->\n","protected":false},"excerpt":{"rendered":"<h3>42 Schl\u00fcsselunterscheidungen in der GFK<br \/>\nF\u00fcr ein tieferes Verst\u00e4ndnis der Gewaltfreien Kommunikation<\/h3>\n<h3>Liv Larsson<\/h3>\n<p>Junfermann-Verlag<br \/>\n1. Auflage 2013,\u00a0140 Seiten, kartoniert<br \/>\nISBN: 978-3-87387-924-9<\/p>\n","protected":false},"featured_media":1436,"template":"","meta":[],"product_brand":[],"product_cat":[36,40],"product_tag":[],"class_list":{"0":"post-1140","1":"product","2":"type-product","3":"status-publish","4":"has-post-thumbnail","6":"product_cat-deutsche-buecher","7":"product_cat-grundlagen","9":"first","10":"instock","11":"shipping-taxable","12":"purchasable","13":"product-type-simple"},"yoast_head":"<!-- This site is optimized with the Yoast SEO plugin v27.4 - https:\/\/yoast.com\/product\/yoast-seo-wordpress\/ -->\n<title>42 Schl\u00fcsselunterscheidungen in der GFK - Conex-Shop<\/title>\n<meta name=\"robots\" content=\"index, follow, max-snippet:-1, max-image-preview:large, max-video-preview:-1\" \/>\n<link rel=\"canonical\" href=\"https:\/\/conexbooks.de\/a\/shop\/produkt\/fuer-ein-tieferes-verstaendnis-der-gewaltfreien-kommunikation-2\/\" \/>\n<meta property=\"og:locale\" content=\"de_DE\" \/>\n<meta property=\"og:type\" content=\"article\" \/>\n<meta property=\"og:title\" content=\"42 Schl\u00fcsselunterscheidungen in der GFK - Conex-Shop\" \/>\n<meta property=\"og:description\" content=\"42 Schl\u00fcsselunterscheidungen in der GFK F\u00fcr ein tieferes Verst\u00e4ndnis der Gewaltfreien Kommunikation Liv Larsson Junfermann-Verlag 1. Auflage 2013,\u00a0140 Seiten, kartoniert ISBN: 978-3-87387-924-9\" \/>\n<meta property=\"og:url\" content=\"https:\/\/conexbooks.de\/a\/shop\/produkt\/fuer-ein-tieferes-verstaendnis-der-gewaltfreien-kommunikation-2\/\" \/>\n<meta property=\"og:site_name\" content=\"Conex-Shop\" \/>\n<meta property=\"article:modified_time\" content=\"2026-04-10T10:02:49+00:00\" \/>\n<meta property=\"og:image\" content=\"https:\/\/conexbooks.de\/a\/shop\/wp-content\/uploads\/2017\/11\/704-e1510919828742.jpg\" \/>\n\t<meta property=\"og:image:width\" content=\"283\" \/>\n\t<meta property=\"og:image:height\" content=\"400\" \/>\n\t<meta property=\"og:image:type\" content=\"image\/jpeg\" \/>\n<meta name=\"twitter:card\" content=\"summary_large_image\" \/>\n<meta name=\"twitter:label1\" content=\"Gesch\u00e4tzte Lesezeit\" \/>\n\t<meta name=\"twitter:data1\" content=\"1\u00a0Minute\" \/>\n<script type=\"application\/ld+json\" class=\"yoast-schema-graph\">{\"@context\":\"https:\\\/\\\/schema.org\",\"@graph\":[{\"@type\":\"WebPage\",\"@id\":\"https:\\\/\\\/conexbooks.de\\\/a\\\/shop\\\/produkt\\\/fuer-ein-tieferes-verstaendnis-der-gewaltfreien-kommunikation-2\\\/\",\"url\":\"https:\\\/\\\/conexbooks.de\\\/a\\\/shop\\\/produkt\\\/fuer-ein-tieferes-verstaendnis-der-gewaltfreien-kommunikation-2\\\/\",\"name\":\"42 Schl\u00fcsselunterscheidungen in der GFK - Conex-Shop\",\"isPartOf\":{\"@id\":\"https:\\\/\\\/conexbooks.de\\\/a\\\/shop\\\/#website\"},\"primaryImageOfPage\":{\"@id\":\"https:\\\/\\\/conexbooks.de\\\/a\\\/shop\\\/produkt\\\/fuer-ein-tieferes-verstaendnis-der-gewaltfreien-kommunikation-2\\\/#primaryimage\"},\"image\":{\"@id\":\"https:\\\/\\\/conexbooks.de\\\/a\\\/shop\\\/produkt\\\/fuer-ein-tieferes-verstaendnis-der-gewaltfreien-kommunikation-2\\\/#primaryimage\"},\"thumbnailUrl\":\"https:\\\/\\\/conexbooks.de\\\/a\\\/shop\\\/wp-content\\\/uploads\\\/2017\\\/11\\\/704-e1510919828742.jpg\",\"datePublished\":\"2017-11-14T19:10:27+00:00\",\"dateModified\":\"2026-04-10T10:02:49+00:00\",\"breadcrumb\":{\"@id\":\"https:\\\/\\\/conexbooks.de\\\/a\\\/shop\\\/produkt\\\/fuer-ein-tieferes-verstaendnis-der-gewaltfreien-kommunikation-2\\\/#breadcrumb\"},\"inLanguage\":\"de\",\"potentialAction\":[{\"@type\":\"ReadAction\",\"target\":[\"https:\\\/\\\/conexbooks.de\\\/a\\\/shop\\\/produkt\\\/fuer-ein-tieferes-verstaendnis-der-gewaltfreien-kommunikation-2\\\/\"]}]},{\"@type\":\"ImageObject\",\"inLanguage\":\"de\",\"@id\":\"https:\\\/\\\/conexbooks.de\\\/a\\\/shop\\\/produkt\\\/fuer-ein-tieferes-verstaendnis-der-gewaltfreien-kommunikation-2\\\/#primaryimage\",\"url\":\"https:\\\/\\\/conexbooks.de\\\/a\\\/shop\\\/wp-content\\\/uploads\\\/2017\\\/11\\\/704-e1510919828742.jpg\",\"contentUrl\":\"https:\\\/\\\/conexbooks.de\\\/a\\\/shop\\\/wp-content\\\/uploads\\\/2017\\\/11\\\/704-e1510919828742.jpg\",\"width\":283,\"height\":400},{\"@type\":\"BreadcrumbList\",\"@id\":\"https:\\\/\\\/conexbooks.de\\\/a\\\/shop\\\/produkt\\\/fuer-ein-tieferes-verstaendnis-der-gewaltfreien-kommunikation-2\\\/#breadcrumb\",\"itemListElement\":[{\"@type\":\"ListItem\",\"position\":1,\"name\":\"Home\",\"item\":\"https:\\\/\\\/conexbooks.de\\\/a\\\/shop\\\/\"},{\"@type\":\"ListItem\",\"position\":2,\"name\":\"Shop\",\"item\":\"https:\\\/\\\/conexbooks.de\\\/a\\\/shop\\\/shop\\\/\"},{\"@type\":\"ListItem\",\"position\":3,\"name\":\"42 Schl\u00fcsselunterscheidungen in der GFK\"}]},{\"@type\":\"WebSite\",\"@id\":\"https:\\\/\\\/conexbooks.de\\\/a\\\/shop\\\/#website\",\"url\":\"https:\\\/\\\/conexbooks.de\\\/a\\\/shop\\\/\",\"name\":\"Conex-Shop\",\"description\":\"Alles f\u00fcr die gewaltfreie Kommunikation: B\u00fccher, Spiele. Handpuppen Seminarmaterial und Geschenke\",\"publisher\":{\"@id\":\"https:\\\/\\\/conexbooks.de\\\/a\\\/shop\\\/#organization\"},\"potentialAction\":[{\"@type\":\"SearchAction\",\"target\":{\"@type\":\"EntryPoint\",\"urlTemplate\":\"https:\\\/\\\/conexbooks.de\\\/a\\\/shop\\\/?s={search_term_string}\"},\"query-input\":{\"@type\":\"PropertyValueSpecification\",\"valueRequired\":true,\"valueName\":\"search_term_string\"}}],\"inLanguage\":\"de\"},{\"@type\":\"Organization\",\"@id\":\"https:\\\/\\\/conexbooks.de\\\/a\\\/shop\\\/#organization\",\"name\":\"Conex - books and more\",\"url\":\"https:\\\/\\\/conexbooks.de\\\/a\\\/shop\\\/\",\"logo\":{\"@type\":\"ImageObject\",\"inLanguage\":\"de\",\"@id\":\"https:\\\/\\\/conexbooks.de\\\/a\\\/shop\\\/#\\\/schema\\\/logo\\\/image\\\/\",\"url\":\"https:\\\/\\\/conexbooks.de\\\/a\\\/shop\\\/wp-content\\\/uploads\\\/2017\\\/12\\\/co-logo.png\",\"contentUrl\":\"https:\\\/\\\/conexbooks.de\\\/a\\\/shop\\\/wp-content\\\/uploads\\\/2017\\\/12\\\/co-logo.png\",\"width\":243,\"height\":122,\"caption\":\"Conex - books and more\"},\"image\":{\"@id\":\"https:\\\/\\\/conexbooks.de\\\/a\\\/shop\\\/#\\\/schema\\\/logo\\\/image\\\/\"}}]}<\/script>\n<!-- \/ Yoast SEO plugin. -->","yoast_head_json":{"title":"42 Schl\u00fcsselunterscheidungen in der GFK - Conex-Shop","robots":{"index":"index","follow":"follow","max-snippet":"max-snippet:-1","max-image-preview":"max-image-preview:large","max-video-preview":"max-video-preview:-1"},"canonical":"https:\/\/conexbooks.de\/a\/shop\/produkt\/fuer-ein-tieferes-verstaendnis-der-gewaltfreien-kommunikation-2\/","og_locale":"de_DE","og_type":"article","og_title":"42 Schl\u00fcsselunterscheidungen in der GFK - Conex-Shop","og_description":"42 Schl\u00fcsselunterscheidungen in der GFK F\u00fcr ein tieferes Verst\u00e4ndnis der Gewaltfreien Kommunikation Liv Larsson Junfermann-Verlag 1. Auflage 2013,\u00a0140 Seiten, kartoniert ISBN: 978-3-87387-924-9","og_url":"https:\/\/conexbooks.de\/a\/shop\/produkt\/fuer-ein-tieferes-verstaendnis-der-gewaltfreien-kommunikation-2\/","og_site_name":"Conex-Shop","article_modified_time":"2026-04-10T10:02:49+00:00","og_image":[{"width":283,"height":400,"url":"https:\/\/conexbooks.de\/a\/shop\/wp-content\/uploads\/2017\/11\/704-e1510919828742.jpg","type":"image\/jpeg"}],"twitter_card":"summary_large_image","twitter_misc":{"Gesch\u00e4tzte Lesezeit":"1\u00a0Minute"},"schema":{"@context":"https:\/\/schema.org","@graph":[{"@type":"WebPage","@id":"https:\/\/conexbooks.de\/a\/shop\/produkt\/fuer-ein-tieferes-verstaendnis-der-gewaltfreien-kommunikation-2\/","url":"https:\/\/conexbooks.de\/a\/shop\/produkt\/fuer-ein-tieferes-verstaendnis-der-gewaltfreien-kommunikation-2\/","name":"42 Schl\u00fcsselunterscheidungen in der GFK - Conex-Shop","isPartOf":{"@id":"https:\/\/conexbooks.de\/a\/shop\/#website"},"primaryImageOfPage":{"@id":"https:\/\/conexbooks.de\/a\/shop\/produkt\/fuer-ein-tieferes-verstaendnis-der-gewaltfreien-kommunikation-2\/#primaryimage"},"image":{"@id":"https:\/\/conexbooks.de\/a\/shop\/produkt\/fuer-ein-tieferes-verstaendnis-der-gewaltfreien-kommunikation-2\/#primaryimage"},"thumbnailUrl":"https:\/\/conexbooks.de\/a\/shop\/wp-content\/uploads\/2017\/11\/704-e1510919828742.jpg","datePublished":"2017-11-14T19:10:27+00:00","dateModified":"2026-04-10T10:02:49+00:00","breadcrumb":{"@id":"https:\/\/conexbooks.de\/a\/shop\/produkt\/fuer-ein-tieferes-verstaendnis-der-gewaltfreien-kommunikation-2\/#breadcrumb"},"inLanguage":"de","potentialAction":[{"@type":"ReadAction","target":["https:\/\/conexbooks.de\/a\/shop\/produkt\/fuer-ein-tieferes-verstaendnis-der-gewaltfreien-kommunikation-2\/"]}]},{"@type":"ImageObject","inLanguage":"de","@id":"https:\/\/conexbooks.de\/a\/shop\/produkt\/fuer-ein-tieferes-verstaendnis-der-gewaltfreien-kommunikation-2\/#primaryimage","url":"https:\/\/conexbooks.de\/a\/shop\/wp-content\/uploads\/2017\/11\/704-e1510919828742.jpg","contentUrl":"https:\/\/conexbooks.de\/a\/shop\/wp-content\/uploads\/2017\/11\/704-e1510919828742.jpg","width":283,"height":400},{"@type":"BreadcrumbList","@id":"https:\/\/conexbooks.de\/a\/shop\/produkt\/fuer-ein-tieferes-verstaendnis-der-gewaltfreien-kommunikation-2\/#breadcrumb","itemListElement":[{"@type":"ListItem","position":1,"name":"Home","item":"https:\/\/conexbooks.de\/a\/shop\/"},{"@type":"ListItem","position":2,"name":"Shop","item":"https:\/\/conexbooks.de\/a\/shop\/shop\/"},{"@type":"ListItem","position":3,"name":"42 Schl\u00fcsselunterscheidungen in der GFK"}]},{"@type":"WebSite","@id":"https:\/\/conexbooks.de\/a\/shop\/#website","url":"https:\/\/conexbooks.de\/a\/shop\/","name":"Conex-Shop","description":"Alles f\u00fcr die gewaltfreie Kommunikation: B\u00fccher, Spiele. Handpuppen Seminarmaterial und Geschenke","publisher":{"@id":"https:\/\/conexbooks.de\/a\/shop\/#organization"},"potentialAction":[{"@type":"SearchAction","target":{"@type":"EntryPoint","urlTemplate":"https:\/\/conexbooks.de\/a\/shop\/?s={search_term_string}"},"query-input":{"@type":"PropertyValueSpecification","valueRequired":true,"valueName":"search_term_string"}}],"inLanguage":"de"},{"@type":"Organization","@id":"https:\/\/conexbooks.de\/a\/shop\/#organization","name":"Conex - books and more","url":"https:\/\/conexbooks.de\/a\/shop\/","logo":{"@type":"ImageObject","inLanguage":"de","@id":"https:\/\/conexbooks.de\/a\/shop\/#\/schema\/logo\/image\/","url":"https:\/\/conexbooks.de\/a\/shop\/wp-content\/uploads\/2017\/12\/co-logo.png","contentUrl":"https:\/\/conexbooks.de\/a\/shop\/wp-content\/uploads\/2017\/12\/co-logo.png","width":243,"height":122,"caption":"Conex - books and more"},"image":{"@id":"https:\/\/conexbooks.de\/a\/shop\/#\/schema\/logo\/image\/"}}]}},"_links":{"self":[{"href":"https:\/\/conexbooks.de\/a\/shop\/wp-json\/wp\/v2\/product\/1140","targetHints":{"allow":["GET"]}}],"collection":[{"href":"https:\/\/conexbooks.de\/a\/shop\/wp-json\/wp\/v2\/product"}],"about":[{"href":"https:\/\/conexbooks.de\/a\/shop\/wp-json\/wp\/v2\/types\/product"}],"wp:featuredmedia":[{"embeddable":true,"href":"https:\/\/conexbooks.de\/a\/shop\/wp-json\/wp\/v2\/media\/1436"}],"wp:attachment":[{"href":"https:\/\/conexbooks.de\/a\/shop\/wp-json\/wp\/v2\/media?parent=1140"}],"wp:term":[{"taxonomy":"product_brand","embeddable":true,"href":"https:\/\/conexbooks.de\/a\/shop\/wp-json\/wp\/v2\/product_brand?post=1140"},{"taxonomy":"product_cat","embeddable":true,"href":"https:\/\/conexbooks.de\/a\/shop\/wp-json\/wp\/v2\/product_cat?post=1140"},{"taxonomy":"product_tag","embeddable":true,"href":"https:\/\/conexbooks.de\/a\/shop\/wp-json\/wp\/v2\/product_tag?post=1140"}],"curies":[{"name":"wp","href":"https:\/\/api.w.org\/{rel}","templated":true}]}}