{"id":1142,"date":"2017-11-14T20:10:27","date_gmt":"2017-11-14T19:10:27","guid":{"rendered":"https:\/\/conexbooks.de\/a\/shop\/wp\/produkt\/dvd-mitschnitt-eines-workshop-beim-junfermann-kongress-2012\/"},"modified":"2022-12-13T11:24:40","modified_gmt":"2022-12-13T10:24:40","slug":"dvd-mitschnitt-eines-workshop-beim-junfermann-kongress-2012","status":"publish","type":"product","link":"https:\/\/conexbooks.de\/a\/shop\/produkt\/dvd-mitschnitt-eines-workshop-beim-junfermann-kongress-2012\/","title":{"rendered":"DVD: Tanz auf dem Vulkan"},"content":{"rendered":"<h3>Tanz auf dem Vulkan<\/h3>\n<h4>\u00dcber den Umgang mit starken Gef\u00fchlen auf Basis neurobiologischer Erkenntnisse von<\/h4>\n<h3>Al Weckert<\/h3>\n<p>T\u00e4glich werden wir mit den Gef\u00fchlen unserer Mitmenschen konfrontiert: Wir erleben w\u00fctende Kunden, genervte Kollegen, hilflose Vorgesetzte, resignierte Kinder. Durch ihre Gef\u00fchls\u00e4u\u00dferungen m\u00f6chten sie Gef\u00fchlsreaktionen bei uns ausl\u00f6sen und auf unerf\u00fcllte Bed\u00fcrfnisse hinweisen. Doch besonders der Umgang mit starken, negativen Emotionen ist kompliziert.<\/p>\n<p>Al Weckert pr\u00e4sentiert neurobiologische Forschungsergebnisse auf dem Gebiet der Empathie. Was bringen sie f\u00fcr den Umgang mit starken Gef\u00fchlen? Das in diesem Seminar von Al Weckert vorgestellte Trainingssystem &#8222;Tanz auf dem Vulkan&#8220; basiert auf der Methode der Gewaltfreien Kommunikation (GFK). Die Methode \u201eTanz auf dem Vulkan\u201c wurde von Monika Oboth (Business Mediation Center) f\u00fcr F\u00fchrungskr\u00e4fte und Mitarbeiter in Unternehmen und Organisationen, f\u00fcr Mediatoren und Konflikttrainer, f\u00fcr Erzieher und Lehrer, f\u00fcr Therapeuten, \u00c4rzte und Pflegekr\u00e4fte, sowie f\u00fcr alle Menschen entwickelt, die etwas \u00fcber den Umgang mit starken Gef\u00fchlen lernen wollen. In zahlreichen, unterhaltsamen \u00dcbungen zeigt Al Weckert die Komponenten und M\u00f6glichkeiten dieses Trainingssystems auf: H\u00f6chst effizient f\u00fchrt es die Beteiligten zu einem achtsamen und produktiven Umgang mit starken Emotionen und eskalierenden Konflikten.<\/p>\n<div id='1' class='widgets_on_page wop_tiny1  wop_small1  wop_medium1  wop_large1  wop_wide1'>\n\t\t\t<ul><li id=\"custom_html-4\" class=\"widget_text widget widget_custom_html\"><div class=\"textwidget custom-html-widget\"><div style=\"text-align:left;\">\r\n<button class = \"button\" style=\"height: 30px; font-size: 0.8em;\" name=\"zuruck\" type=\"button\" onclick=\"history.back()\">Zur\u00fcck zur \u00dcbersicht<\/button><\/div><\/div><\/li><\/ul><\/div><!-- widgets_on_page -->\n","protected":false},"excerpt":{"rendered":"<h3>\u00dcber den Umgang mit starken Gef\u00fchlen auf Basis neurobiologischer Erkenntnisse<\/h3>\n<p>Mitschnitt eines Workshops beim Junfermann-Kongress &#8222;Selbstmanagement, Coaching und erfolgreiche Kommunikation&#8220; in Paderborn, Februar 2012<\/p>\n<p>1 DVD; L\u00e4nge: ca. 2h 15 Min.<\/p>\n<p>DVD`s sind vom Umtausch ausgeschlossen.<\/p>\n","protected":false},"featured_media":16355,"template":"","meta":[],"product_brand":[],"product_cat":[49],"product_tag":[350,217],"class_list":{"0":"post-1142","1":"product","2":"type-product","3":"status-publish","4":"has-post-thumbnail","6":"product_cat-dvds","7":"product_tag-umgang-mit-wut","8":"product_tag-wahrnehmung-von-gefuehl","10":"first","11":"instock","12":"shipping-taxable","13":"purchasable","14":"product-type-simple"},"yoast_head":"<!-- This site is optimized with the Yoast SEO plugin v27.3 - https:\/\/yoast.com\/product\/yoast-seo-wordpress\/ -->\n<title>DVD: Tanz auf dem Vulkan - Conex-Shop<\/title>\n<meta name=\"robots\" content=\"index, follow, max-snippet:-1, max-image-preview:large, max-video-preview:-1\" \/>\n<link rel=\"canonical\" href=\"https:\/\/conexbooks.de\/a\/shop\/produkt\/dvd-mitschnitt-eines-workshop-beim-junfermann-kongress-2012\/\" \/>\n<meta property=\"og:locale\" content=\"de_DE\" \/>\n<meta property=\"og:type\" content=\"article\" \/>\n<meta property=\"og:title\" content=\"DVD: Tanz auf dem Vulkan - Conex-Shop\" \/>\n<meta property=\"og:description\" content=\"\u00dcber den Umgang mit starken Gef\u00fchlen auf Basis neurobiologischer Erkenntnisse Mitschnitt eines Workshops beim Junfermann-Kongress &quot;Selbstmanagement, Coaching und erfolgreiche Kommunikation&quot; in Paderborn, Februar 2012  1 DVD; L\u00e4nge: ca. 2h 15 Min.  DVD`s sind vom Umtausch ausgeschlossen.\" \/>\n<meta property=\"og:url\" content=\"https:\/\/conexbooks.de\/a\/shop\/produkt\/dvd-mitschnitt-eines-workshop-beim-junfermann-kongress-2012\/\" \/>\n<meta property=\"og:site_name\" content=\"Conex-Shop\" \/>\n<meta property=\"article:modified_time\" content=\"2022-12-13T10:24:40+00:00\" \/>\n<meta property=\"og:image\" content=\"https:\/\/conexbooks.de\/a\/shop\/wp-content\/uploads\/2017\/11\/331-2.jpg\" \/>\n\t<meta property=\"og:image:width\" content=\"283\" \/>\n\t<meta property=\"og:image:height\" content=\"400\" \/>\n\t<meta property=\"og:image:type\" content=\"image\/jpeg\" \/>\n<meta name=\"twitter:card\" content=\"summary_large_image\" \/>\n<meta name=\"twitter:label1\" content=\"Gesch\u00e4tzte Lesezeit\" \/>\n\t<meta name=\"twitter:data1\" content=\"1\u00a0Minute\" \/>\n<script type=\"application\/ld+json\" class=\"yoast-schema-graph\">{\"@context\":\"https:\\\/\\\/schema.org\",\"@graph\":[{\"@type\":\"WebPage\",\"@id\":\"https:\\\/\\\/conexbooks.de\\\/a\\\/shop\\\/produkt\\\/dvd-mitschnitt-eines-workshop-beim-junfermann-kongress-2012\\\/\",\"url\":\"https:\\\/\\\/conexbooks.de\\\/a\\\/shop\\\/produkt\\\/dvd-mitschnitt-eines-workshop-beim-junfermann-kongress-2012\\\/\",\"name\":\"DVD: Tanz auf dem Vulkan - Conex-Shop\",\"isPartOf\":{\"@id\":\"https:\\\/\\\/conexbooks.de\\\/a\\\/shop\\\/#website\"},\"primaryImageOfPage\":{\"@id\":\"https:\\\/\\\/conexbooks.de\\\/a\\\/shop\\\/produkt\\\/dvd-mitschnitt-eines-workshop-beim-junfermann-kongress-2012\\\/#primaryimage\"},\"image\":{\"@id\":\"https:\\\/\\\/conexbooks.de\\\/a\\\/shop\\\/produkt\\\/dvd-mitschnitt-eines-workshop-beim-junfermann-kongress-2012\\\/#primaryimage\"},\"thumbnailUrl\":\"https:\\\/\\\/conexbooks.de\\\/a\\\/shop\\\/wp-content\\\/uploads\\\/2017\\\/11\\\/331-2.jpg\",\"datePublished\":\"2017-11-14T19:10:27+00:00\",\"dateModified\":\"2022-12-13T10:24:40+00:00\",\"breadcrumb\":{\"@id\":\"https:\\\/\\\/conexbooks.de\\\/a\\\/shop\\\/produkt\\\/dvd-mitschnitt-eines-workshop-beim-junfermann-kongress-2012\\\/#breadcrumb\"},\"inLanguage\":\"de\",\"potentialAction\":[{\"@type\":\"ReadAction\",\"target\":[\"https:\\\/\\\/conexbooks.de\\\/a\\\/shop\\\/produkt\\\/dvd-mitschnitt-eines-workshop-beim-junfermann-kongress-2012\\\/\"]}]},{\"@type\":\"ImageObject\",\"inLanguage\":\"de\",\"@id\":\"https:\\\/\\\/conexbooks.de\\\/a\\\/shop\\\/produkt\\\/dvd-mitschnitt-eines-workshop-beim-junfermann-kongress-2012\\\/#primaryimage\",\"url\":\"https:\\\/\\\/conexbooks.de\\\/a\\\/shop\\\/wp-content\\\/uploads\\\/2017\\\/11\\\/331-2.jpg\",\"contentUrl\":\"https:\\\/\\\/conexbooks.de\\\/a\\\/shop\\\/wp-content\\\/uploads\\\/2017\\\/11\\\/331-2.jpg\",\"width\":283,\"height\":400},{\"@type\":\"BreadcrumbList\",\"@id\":\"https:\\\/\\\/conexbooks.de\\\/a\\\/shop\\\/produkt\\\/dvd-mitschnitt-eines-workshop-beim-junfermann-kongress-2012\\\/#breadcrumb\",\"itemListElement\":[{\"@type\":\"ListItem\",\"position\":1,\"name\":\"Home\",\"item\":\"https:\\\/\\\/conexbooks.de\\\/a\\\/shop\\\/\"},{\"@type\":\"ListItem\",\"position\":2,\"name\":\"Shop\",\"item\":\"https:\\\/\\\/conexbooks.de\\\/a\\\/shop\\\/shop\\\/\"},{\"@type\":\"ListItem\",\"position\":3,\"name\":\"DVD: Tanz auf dem Vulkan\"}]},{\"@type\":\"WebSite\",\"@id\":\"https:\\\/\\\/conexbooks.de\\\/a\\\/shop\\\/#website\",\"url\":\"https:\\\/\\\/conexbooks.de\\\/a\\\/shop\\\/\",\"name\":\"Conex-Shop\",\"description\":\"Alles f\u00fcr die gewaltfreie Kommunikation: B\u00fccher, Spiele. Handpuppen Seminarmaterial und Geschenke\",\"publisher\":{\"@id\":\"https:\\\/\\\/conexbooks.de\\\/a\\\/shop\\\/#organization\"},\"potentialAction\":[{\"@type\":\"SearchAction\",\"target\":{\"@type\":\"EntryPoint\",\"urlTemplate\":\"https:\\\/\\\/conexbooks.de\\\/a\\\/shop\\\/?s={search_term_string}\"},\"query-input\":{\"@type\":\"PropertyValueSpecification\",\"valueRequired\":true,\"valueName\":\"search_term_string\"}}],\"inLanguage\":\"de\"},{\"@type\":\"Organization\",\"@id\":\"https:\\\/\\\/conexbooks.de\\\/a\\\/shop\\\/#organization\",\"name\":\"Conex - books and more\",\"url\":\"https:\\\/\\\/conexbooks.de\\\/a\\\/shop\\\/\",\"logo\":{\"@type\":\"ImageObject\",\"inLanguage\":\"de\",\"@id\":\"https:\\\/\\\/conexbooks.de\\\/a\\\/shop\\\/#\\\/schema\\\/logo\\\/image\\\/\",\"url\":\"https:\\\/\\\/conexbooks.de\\\/a\\\/shop\\\/wp-content\\\/uploads\\\/2017\\\/12\\\/co-logo.png\",\"contentUrl\":\"https:\\\/\\\/conexbooks.de\\\/a\\\/shop\\\/wp-content\\\/uploads\\\/2017\\\/12\\\/co-logo.png\",\"width\":243,\"height\":122,\"caption\":\"Conex - books and more\"},\"image\":{\"@id\":\"https:\\\/\\\/conexbooks.de\\\/a\\\/shop\\\/#\\\/schema\\\/logo\\\/image\\\/\"}}]}<\/script>\n<!-- \/ Yoast SEO plugin. -->","yoast_head_json":{"title":"DVD: Tanz auf dem Vulkan - Conex-Shop","robots":{"index":"index","follow":"follow","max-snippet":"max-snippet:-1","max-image-preview":"max-image-preview:large","max-video-preview":"max-video-preview:-1"},"canonical":"https:\/\/conexbooks.de\/a\/shop\/produkt\/dvd-mitschnitt-eines-workshop-beim-junfermann-kongress-2012\/","og_locale":"de_DE","og_type":"article","og_title":"DVD: Tanz auf dem Vulkan - Conex-Shop","og_description":"\u00dcber den Umgang mit starken Gef\u00fchlen auf Basis neurobiologischer Erkenntnisse Mitschnitt eines Workshops beim Junfermann-Kongress \"Selbstmanagement, Coaching und erfolgreiche Kommunikation\" in Paderborn, Februar 2012  1 DVD; L\u00e4nge: ca. 2h 15 Min.  DVD`s sind vom Umtausch ausgeschlossen.","og_url":"https:\/\/conexbooks.de\/a\/shop\/produkt\/dvd-mitschnitt-eines-workshop-beim-junfermann-kongress-2012\/","og_site_name":"Conex-Shop","article_modified_time":"2022-12-13T10:24:40+00:00","og_image":[{"width":283,"height":400,"url":"https:\/\/conexbooks.de\/a\/shop\/wp-content\/uploads\/2017\/11\/331-2.jpg","type":"image\/jpeg"}],"twitter_card":"summary_large_image","twitter_misc":{"Gesch\u00e4tzte Lesezeit":"1\u00a0Minute"},"schema":{"@context":"https:\/\/schema.org","@graph":[{"@type":"WebPage","@id":"https:\/\/conexbooks.de\/a\/shop\/produkt\/dvd-mitschnitt-eines-workshop-beim-junfermann-kongress-2012\/","url":"https:\/\/conexbooks.de\/a\/shop\/produkt\/dvd-mitschnitt-eines-workshop-beim-junfermann-kongress-2012\/","name":"DVD: Tanz auf dem Vulkan - Conex-Shop","isPartOf":{"@id":"https:\/\/conexbooks.de\/a\/shop\/#website"},"primaryImageOfPage":{"@id":"https:\/\/conexbooks.de\/a\/shop\/produkt\/dvd-mitschnitt-eines-workshop-beim-junfermann-kongress-2012\/#primaryimage"},"image":{"@id":"https:\/\/conexbooks.de\/a\/shop\/produkt\/dvd-mitschnitt-eines-workshop-beim-junfermann-kongress-2012\/#primaryimage"},"thumbnailUrl":"https:\/\/conexbooks.de\/a\/shop\/wp-content\/uploads\/2017\/11\/331-2.jpg","datePublished":"2017-11-14T19:10:27+00:00","dateModified":"2022-12-13T10:24:40+00:00","breadcrumb":{"@id":"https:\/\/conexbooks.de\/a\/shop\/produkt\/dvd-mitschnitt-eines-workshop-beim-junfermann-kongress-2012\/#breadcrumb"},"inLanguage":"de","potentialAction":[{"@type":"ReadAction","target":["https:\/\/conexbooks.de\/a\/shop\/produkt\/dvd-mitschnitt-eines-workshop-beim-junfermann-kongress-2012\/"]}]},{"@type":"ImageObject","inLanguage":"de","@id":"https:\/\/conexbooks.de\/a\/shop\/produkt\/dvd-mitschnitt-eines-workshop-beim-junfermann-kongress-2012\/#primaryimage","url":"https:\/\/conexbooks.de\/a\/shop\/wp-content\/uploads\/2017\/11\/331-2.jpg","contentUrl":"https:\/\/conexbooks.de\/a\/shop\/wp-content\/uploads\/2017\/11\/331-2.jpg","width":283,"height":400},{"@type":"BreadcrumbList","@id":"https:\/\/conexbooks.de\/a\/shop\/produkt\/dvd-mitschnitt-eines-workshop-beim-junfermann-kongress-2012\/#breadcrumb","itemListElement":[{"@type":"ListItem","position":1,"name":"Home","item":"https:\/\/conexbooks.de\/a\/shop\/"},{"@type":"ListItem","position":2,"name":"Shop","item":"https:\/\/conexbooks.de\/a\/shop\/shop\/"},{"@type":"ListItem","position":3,"name":"DVD: Tanz auf dem Vulkan"}]},{"@type":"WebSite","@id":"https:\/\/conexbooks.de\/a\/shop\/#website","url":"https:\/\/conexbooks.de\/a\/shop\/","name":"Conex-Shop","description":"Alles f\u00fcr die gewaltfreie Kommunikation: B\u00fccher, Spiele. Handpuppen Seminarmaterial und Geschenke","publisher":{"@id":"https:\/\/conexbooks.de\/a\/shop\/#organization"},"potentialAction":[{"@type":"SearchAction","target":{"@type":"EntryPoint","urlTemplate":"https:\/\/conexbooks.de\/a\/shop\/?s={search_term_string}"},"query-input":{"@type":"PropertyValueSpecification","valueRequired":true,"valueName":"search_term_string"}}],"inLanguage":"de"},{"@type":"Organization","@id":"https:\/\/conexbooks.de\/a\/shop\/#organization","name":"Conex - books and more","url":"https:\/\/conexbooks.de\/a\/shop\/","logo":{"@type":"ImageObject","inLanguage":"de","@id":"https:\/\/conexbooks.de\/a\/shop\/#\/schema\/logo\/image\/","url":"https:\/\/conexbooks.de\/a\/shop\/wp-content\/uploads\/2017\/12\/co-logo.png","contentUrl":"https:\/\/conexbooks.de\/a\/shop\/wp-content\/uploads\/2017\/12\/co-logo.png","width":243,"height":122,"caption":"Conex - books and more"},"image":{"@id":"https:\/\/conexbooks.de\/a\/shop\/#\/schema\/logo\/image\/"}}]}},"_links":{"self":[{"href":"https:\/\/conexbooks.de\/a\/shop\/wp-json\/wp\/v2\/product\/1142","targetHints":{"allow":["GET"]}}],"collection":[{"href":"https:\/\/conexbooks.de\/a\/shop\/wp-json\/wp\/v2\/product"}],"about":[{"href":"https:\/\/conexbooks.de\/a\/shop\/wp-json\/wp\/v2\/types\/product"}],"wp:featuredmedia":[{"embeddable":true,"href":"https:\/\/conexbooks.de\/a\/shop\/wp-json\/wp\/v2\/media\/16355"}],"wp:attachment":[{"href":"https:\/\/conexbooks.de\/a\/shop\/wp-json\/wp\/v2\/media?parent=1142"}],"wp:term":[{"taxonomy":"product_brand","embeddable":true,"href":"https:\/\/conexbooks.de\/a\/shop\/wp-json\/wp\/v2\/product_brand?post=1142"},{"taxonomy":"product_cat","embeddable":true,"href":"https:\/\/conexbooks.de\/a\/shop\/wp-json\/wp\/v2\/product_cat?post=1142"},{"taxonomy":"product_tag","embeddable":true,"href":"https:\/\/conexbooks.de\/a\/shop\/wp-json\/wp\/v2\/product_tag?post=1142"}],"curies":[{"name":"wp","href":"https:\/\/api.w.org\/{rel}","templated":true}]}}