{"id":1146,"date":"2017-11-14T20:10:28","date_gmt":"2017-11-14T19:10:28","guid":{"rendered":"https:\/\/conexbooks.de\/a\/shop\/wp\/produkt\/produkt-75\/"},"modified":"2026-04-01T21:01:15","modified_gmt":"2026-04-01T19:01:15","slug":"produkt-75","status":"publish","type":"product","link":"https:\/\/conexbooks.de\/a\/shop\/produkt\/produkt-75\/","title":{"rendered":"Gewaltfreie Kommunikation"},"content":{"rendered":"<h3>Gewaltfreie Kommunikation<\/h3>\n<h4>Dr. Marshall B. Rosenberg<\/h4>\n<p>Das Grundlagenwerk in Gewaltfreier Kommunikation<\/p>\n<p>Wie k\u00f6nnen wir Konflikte ohne Schuldzuweisungen, Machtk\u00e4mpfe oder verletzende Worte l\u00f6sen?<br \/>\nMarshall B. Rosenberg zeigt in diesem internationalen Bestseller einen Weg, der Beziehungen st\u00e4rkt, Missverst\u00e4ndnisse kl\u00e4rt und Frieden f\u00f6rdert \u2013 im Alltag, in der Familie,<br \/>\nam Arbeitsplatz und sogar in politischen Konflikten.<\/p>\n<p>Die Gewaltfreie Kommunikation (GFK) ist mehr als eine Methode:<br \/>\nSie ist eine Haltung, die auf Empathie und Respekt basiert.<br \/>\nStatt zu urteilen und zu fordern lernen wir, unsere Gef\u00fchle und Bed\u00fcrfnisse klar auszudr\u00fccken und gleichzeitig die unseres Gegen\u00fcbers wahrzunehmen.<\/p>\n<p>Das Buch vermittelt Schritt f\u00fcr Schritt den vierstufigen Prozess der GFK:<br \/>\n1. Beobachten, ohne zu bewerten<br \/>\n2. Gef\u00fchle wahrnehmen und ausdr\u00fccken<br \/>\n3. Bed\u00fcrfnisse erkennen und Verantwortung \u00fcbernehmen<br \/>\n4. Bitten statt fordern \u2013 klar und konkret<\/p>\n<p>Gewaltfreie Kommunikation hilft, alte Muster von Schuld und Scham zu \u00fcberwinden und echte Verbindung zu schaffen &#8211; f\u00fcr alle,<br \/>\ndie authentisch kommunizieren und auch in schwierigen Konfliktsituationen sicher und l\u00f6sungsorientiert handeln m\u00f6chten.<\/p>\n<p>\u201cDas Ziel der Gewaltfreien Kommunikation ist nicht, Menschen und ihr Verhalten zu \u00e4ndern, sondern Beziehungen aufzubauen, die auf Ehrlichkeit und Empathie basieren.\u201d &#8211; Marshall Rosenberg<\/p>\n<p>Dieses Buch enth\u00e4lt eine vollst\u00e4ndige Darstellung der Gewaltfreien Kommunikation.<\/p>\n<p>Wir lernen, wie wir:<br \/>\n<span style=\"padding-left: 30px;\">&#8211; Gedankenmuster aufl\u00f6sen, die zu \u00c4rger, Depression und Gewalt f\u00fchren;<\/span><br \/>\n<span style=\"padding-left: 30px;\">&#8211; potentielle Konflikte in friedliche Gespr\u00e4che umwandeln;<\/span><br \/>\n<span style=\"padding-left: 30px;\">&#8211; offen unsere Meinung sagen, ohne Abwehr oder Feindseligkeit zu erwecken;<\/span><br \/>\n<span style=\"padding-left: 30px;\">&#8211; mehr Tiefe und Achtsamkeit in Beziehungen entwickeln;<\/span><br \/>\n<span style=\"padding-left: 30px;\">&#8211; \u00fcber Empathie motivieren statt \u00fcber Angst, Schuldgef\u00fchle oder Scham.<\/span><\/p>\n<div id='1' class='widgets_on_page wop_tiny1  wop_small1  wop_medium1  wop_large1  wop_wide1'>\n\t\t\t<ul><li id=\"custom_html-4\" class=\"widget_text widget widget_custom_html\"><div class=\"textwidget custom-html-widget\"><div style=\"text-align:left;\">\r\n<button class = \"button\" style=\"height: 30px; font-size: 0.8em;\" name=\"zuruck\" type=\"button\" onclick=\"history.back()\">Zur\u00fcck zur \u00dcbersicht<\/button><\/div><\/div><\/li><\/ul><\/div><!-- widgets_on_page -->\n","protected":false},"excerpt":{"rendered":"<h3><strong>Dr. Marshall B. Rosenberg<\/strong><\/h3>\n<p>Junfermann-Verlag<br \/>\n<span style=\"color: #ff0000;\">\u00dcberarbeitete und erweiterte Neuauflage<\/span>, Sept. 2016<br \/>\nKartoniert 224 Seiten<\/p>\n<p>F\u00fcr die Neuauflage dieses Bestsellers wurde der Text umfassend \u00fcberarbeitet und um ein neues Kapitel zum Thema \u201eKonfliktkl\u00e4rung und Mediation\u201c erweitert.<\/p>\n","protected":false},"featured_media":21298,"template":"","meta":[],"product_brand":[],"product_cat":[36,40],"product_tag":[385,634,191,104,198,633,636,112,61,635,131],"class_list":{"0":"post-1146","1":"product","2":"type-product","3":"status-publish","4":"has-post-thumbnail","6":"product_cat-deutsche-buecher","7":"product_cat-grundlagen","8":"product_tag-4-schritte-der-gfk","9":"product_tag-beispiele-der-gfk","10":"product_tag-einfuehlung","11":"product_tag-empathie","12":"product_tag-gfk-einfuehrung","13":"product_tag-grunglagen","14":"product_tag-konflikte-friedlich-loesen","15":"product_tag-macht","16":"product_tag-mediation","17":"product_tag-sprache","18":"product_tag-wertschaetzung","20":"first","21":"instock","22":"shipping-taxable","23":"purchasable","24":"product-type-simple"},"yoast_head":"<!-- This site is optimized with the Yoast SEO plugin v27.4 - https:\/\/yoast.com\/product\/yoast-seo-wordpress\/ -->\n<title>Gewaltfreie Kommunikation - Conex-Shop<\/title>\n<meta name=\"robots\" content=\"index, follow, max-snippet:-1, max-image-preview:large, max-video-preview:-1\" \/>\n<link rel=\"canonical\" href=\"https:\/\/conexbooks.de\/a\/shop\/produkt\/produkt-75\/\" \/>\n<meta property=\"og:locale\" content=\"de_DE\" \/>\n<meta property=\"og:type\" content=\"article\" \/>\n<meta property=\"og:title\" content=\"Gewaltfreie Kommunikation - Conex-Shop\" \/>\n<meta property=\"og:description\" content=\"Dr. Marshall B. Rosenberg Junfermann-Verlag \u00dcberarbeitete und erweiterte Neuauflage, Sept. 2016 Kartoniert 224 Seiten  F\u00fcr die Neuauflage dieses Bestsellers wurde der Text umfassend \u00fcberarbeitet und um ein neues Kapitel zum Thema \u201eKonfliktkl\u00e4rung und Mediation\u201c erweitert.\" \/>\n<meta property=\"og:url\" content=\"https:\/\/conexbooks.de\/a\/shop\/produkt\/produkt-75\/\" \/>\n<meta property=\"og:site_name\" content=\"Conex-Shop\" \/>\n<meta property=\"article:modified_time\" content=\"2026-04-01T19:01:15+00:00\" \/>\n<meta property=\"og:image\" content=\"https:\/\/conexbooks.de\/a\/shop\/wp-content\/uploads\/2017\/11\/001.png\" \/>\n\t<meta property=\"og:image:width\" content=\"283\" \/>\n\t<meta property=\"og:image:height\" content=\"400\" \/>\n\t<meta property=\"og:image:type\" content=\"image\/png\" \/>\n<meta name=\"twitter:card\" content=\"summary_large_image\" \/>\n<meta name=\"twitter:label1\" content=\"Gesch\u00e4tzte Lesezeit\" \/>\n\t<meta name=\"twitter:data1\" content=\"2\u00a0Minuten\" \/>\n<script type=\"application\/ld+json\" class=\"yoast-schema-graph\">{\"@context\":\"https:\\\/\\\/schema.org\",\"@graph\":[{\"@type\":\"WebPage\",\"@id\":\"https:\\\/\\\/conexbooks.de\\\/a\\\/shop\\\/produkt\\\/produkt-75\\\/\",\"url\":\"https:\\\/\\\/conexbooks.de\\\/a\\\/shop\\\/produkt\\\/produkt-75\\\/\",\"name\":\"Gewaltfreie Kommunikation - Conex-Shop\",\"isPartOf\":{\"@id\":\"https:\\\/\\\/conexbooks.de\\\/a\\\/shop\\\/#website\"},\"primaryImageOfPage\":{\"@id\":\"https:\\\/\\\/conexbooks.de\\\/a\\\/shop\\\/produkt\\\/produkt-75\\\/#primaryimage\"},\"image\":{\"@id\":\"https:\\\/\\\/conexbooks.de\\\/a\\\/shop\\\/produkt\\\/produkt-75\\\/#primaryimage\"},\"thumbnailUrl\":\"https:\\\/\\\/conexbooks.de\\\/a\\\/shop\\\/wp-content\\\/uploads\\\/2017\\\/11\\\/001.png\",\"datePublished\":\"2017-11-14T19:10:28+00:00\",\"dateModified\":\"2026-04-01T19:01:15+00:00\",\"breadcrumb\":{\"@id\":\"https:\\\/\\\/conexbooks.de\\\/a\\\/shop\\\/produkt\\\/produkt-75\\\/#breadcrumb\"},\"inLanguage\":\"de\",\"potentialAction\":[{\"@type\":\"ReadAction\",\"target\":[\"https:\\\/\\\/conexbooks.de\\\/a\\\/shop\\\/produkt\\\/produkt-75\\\/\"]}]},{\"@type\":\"ImageObject\",\"inLanguage\":\"de\",\"@id\":\"https:\\\/\\\/conexbooks.de\\\/a\\\/shop\\\/produkt\\\/produkt-75\\\/#primaryimage\",\"url\":\"https:\\\/\\\/conexbooks.de\\\/a\\\/shop\\\/wp-content\\\/uploads\\\/2017\\\/11\\\/001.png\",\"contentUrl\":\"https:\\\/\\\/conexbooks.de\\\/a\\\/shop\\\/wp-content\\\/uploads\\\/2017\\\/11\\\/001.png\",\"width\":283,\"height\":400},{\"@type\":\"BreadcrumbList\",\"@id\":\"https:\\\/\\\/conexbooks.de\\\/a\\\/shop\\\/produkt\\\/produkt-75\\\/#breadcrumb\",\"itemListElement\":[{\"@type\":\"ListItem\",\"position\":1,\"name\":\"Home\",\"item\":\"https:\\\/\\\/conexbooks.de\\\/a\\\/shop\\\/\"},{\"@type\":\"ListItem\",\"position\":2,\"name\":\"Shop\",\"item\":\"https:\\\/\\\/conexbooks.de\\\/a\\\/shop\\\/shop\\\/\"},{\"@type\":\"ListItem\",\"position\":3,\"name\":\"Gewaltfreie Kommunikation\"}]},{\"@type\":\"WebSite\",\"@id\":\"https:\\\/\\\/conexbooks.de\\\/a\\\/shop\\\/#website\",\"url\":\"https:\\\/\\\/conexbooks.de\\\/a\\\/shop\\\/\",\"name\":\"Conex-Shop\",\"description\":\"Alles f\u00fcr die gewaltfreie Kommunikation: B\u00fccher, Spiele. Handpuppen Seminarmaterial und Geschenke\",\"publisher\":{\"@id\":\"https:\\\/\\\/conexbooks.de\\\/a\\\/shop\\\/#organization\"},\"potentialAction\":[{\"@type\":\"SearchAction\",\"target\":{\"@type\":\"EntryPoint\",\"urlTemplate\":\"https:\\\/\\\/conexbooks.de\\\/a\\\/shop\\\/?s={search_term_string}\"},\"query-input\":{\"@type\":\"PropertyValueSpecification\",\"valueRequired\":true,\"valueName\":\"search_term_string\"}}],\"inLanguage\":\"de\"},{\"@type\":\"Organization\",\"@id\":\"https:\\\/\\\/conexbooks.de\\\/a\\\/shop\\\/#organization\",\"name\":\"Conex - books and more\",\"url\":\"https:\\\/\\\/conexbooks.de\\\/a\\\/shop\\\/\",\"logo\":{\"@type\":\"ImageObject\",\"inLanguage\":\"de\",\"@id\":\"https:\\\/\\\/conexbooks.de\\\/a\\\/shop\\\/#\\\/schema\\\/logo\\\/image\\\/\",\"url\":\"https:\\\/\\\/conexbooks.de\\\/a\\\/shop\\\/wp-content\\\/uploads\\\/2017\\\/12\\\/co-logo.png\",\"contentUrl\":\"https:\\\/\\\/conexbooks.de\\\/a\\\/shop\\\/wp-content\\\/uploads\\\/2017\\\/12\\\/co-logo.png\",\"width\":243,\"height\":122,\"caption\":\"Conex - books and more\"},\"image\":{\"@id\":\"https:\\\/\\\/conexbooks.de\\\/a\\\/shop\\\/#\\\/schema\\\/logo\\\/image\\\/\"}}]}<\/script>\n<!-- \/ Yoast SEO plugin. -->","yoast_head_json":{"title":"Gewaltfreie Kommunikation - Conex-Shop","robots":{"index":"index","follow":"follow","max-snippet":"max-snippet:-1","max-image-preview":"max-image-preview:large","max-video-preview":"max-video-preview:-1"},"canonical":"https:\/\/conexbooks.de\/a\/shop\/produkt\/produkt-75\/","og_locale":"de_DE","og_type":"article","og_title":"Gewaltfreie Kommunikation - Conex-Shop","og_description":"Dr. Marshall B. Rosenberg Junfermann-Verlag \u00dcberarbeitete und erweiterte Neuauflage, Sept. 2016 Kartoniert 224 Seiten  F\u00fcr die Neuauflage dieses Bestsellers wurde der Text umfassend \u00fcberarbeitet und um ein neues Kapitel zum Thema \u201eKonfliktkl\u00e4rung und Mediation\u201c erweitert.","og_url":"https:\/\/conexbooks.de\/a\/shop\/produkt\/produkt-75\/","og_site_name":"Conex-Shop","article_modified_time":"2026-04-01T19:01:15+00:00","og_image":[{"width":283,"height":400,"url":"https:\/\/conexbooks.de\/a\/shop\/wp-content\/uploads\/2017\/11\/001.png","type":"image\/png"}],"twitter_card":"summary_large_image","twitter_misc":{"Gesch\u00e4tzte Lesezeit":"2\u00a0Minuten"},"schema":{"@context":"https:\/\/schema.org","@graph":[{"@type":"WebPage","@id":"https:\/\/conexbooks.de\/a\/shop\/produkt\/produkt-75\/","url":"https:\/\/conexbooks.de\/a\/shop\/produkt\/produkt-75\/","name":"Gewaltfreie Kommunikation - Conex-Shop","isPartOf":{"@id":"https:\/\/conexbooks.de\/a\/shop\/#website"},"primaryImageOfPage":{"@id":"https:\/\/conexbooks.de\/a\/shop\/produkt\/produkt-75\/#primaryimage"},"image":{"@id":"https:\/\/conexbooks.de\/a\/shop\/produkt\/produkt-75\/#primaryimage"},"thumbnailUrl":"https:\/\/conexbooks.de\/a\/shop\/wp-content\/uploads\/2017\/11\/001.png","datePublished":"2017-11-14T19:10:28+00:00","dateModified":"2026-04-01T19:01:15+00:00","breadcrumb":{"@id":"https:\/\/conexbooks.de\/a\/shop\/produkt\/produkt-75\/#breadcrumb"},"inLanguage":"de","potentialAction":[{"@type":"ReadAction","target":["https:\/\/conexbooks.de\/a\/shop\/produkt\/produkt-75\/"]}]},{"@type":"ImageObject","inLanguage":"de","@id":"https:\/\/conexbooks.de\/a\/shop\/produkt\/produkt-75\/#primaryimage","url":"https:\/\/conexbooks.de\/a\/shop\/wp-content\/uploads\/2017\/11\/001.png","contentUrl":"https:\/\/conexbooks.de\/a\/shop\/wp-content\/uploads\/2017\/11\/001.png","width":283,"height":400},{"@type":"BreadcrumbList","@id":"https:\/\/conexbooks.de\/a\/shop\/produkt\/produkt-75\/#breadcrumb","itemListElement":[{"@type":"ListItem","position":1,"name":"Home","item":"https:\/\/conexbooks.de\/a\/shop\/"},{"@type":"ListItem","position":2,"name":"Shop","item":"https:\/\/conexbooks.de\/a\/shop\/shop\/"},{"@type":"ListItem","position":3,"name":"Gewaltfreie Kommunikation"}]},{"@type":"WebSite","@id":"https:\/\/conexbooks.de\/a\/shop\/#website","url":"https:\/\/conexbooks.de\/a\/shop\/","name":"Conex-Shop","description":"Alles f\u00fcr die gewaltfreie Kommunikation: B\u00fccher, Spiele. Handpuppen Seminarmaterial und Geschenke","publisher":{"@id":"https:\/\/conexbooks.de\/a\/shop\/#organization"},"potentialAction":[{"@type":"SearchAction","target":{"@type":"EntryPoint","urlTemplate":"https:\/\/conexbooks.de\/a\/shop\/?s={search_term_string}"},"query-input":{"@type":"PropertyValueSpecification","valueRequired":true,"valueName":"search_term_string"}}],"inLanguage":"de"},{"@type":"Organization","@id":"https:\/\/conexbooks.de\/a\/shop\/#organization","name":"Conex - books and more","url":"https:\/\/conexbooks.de\/a\/shop\/","logo":{"@type":"ImageObject","inLanguage":"de","@id":"https:\/\/conexbooks.de\/a\/shop\/#\/schema\/logo\/image\/","url":"https:\/\/conexbooks.de\/a\/shop\/wp-content\/uploads\/2017\/12\/co-logo.png","contentUrl":"https:\/\/conexbooks.de\/a\/shop\/wp-content\/uploads\/2017\/12\/co-logo.png","width":243,"height":122,"caption":"Conex - books and more"},"image":{"@id":"https:\/\/conexbooks.de\/a\/shop\/#\/schema\/logo\/image\/"}}]}},"_links":{"self":[{"href":"https:\/\/conexbooks.de\/a\/shop\/wp-json\/wp\/v2\/product\/1146","targetHints":{"allow":["GET"]}}],"collection":[{"href":"https:\/\/conexbooks.de\/a\/shop\/wp-json\/wp\/v2\/product"}],"about":[{"href":"https:\/\/conexbooks.de\/a\/shop\/wp-json\/wp\/v2\/types\/product"}],"wp:featuredmedia":[{"embeddable":true,"href":"https:\/\/conexbooks.de\/a\/shop\/wp-json\/wp\/v2\/media\/21298"}],"wp:attachment":[{"href":"https:\/\/conexbooks.de\/a\/shop\/wp-json\/wp\/v2\/media?parent=1146"}],"wp:term":[{"taxonomy":"product_brand","embeddable":true,"href":"https:\/\/conexbooks.de\/a\/shop\/wp-json\/wp\/v2\/product_brand?post=1146"},{"taxonomy":"product_cat","embeddable":true,"href":"https:\/\/conexbooks.de\/a\/shop\/wp-json\/wp\/v2\/product_cat?post=1146"},{"taxonomy":"product_tag","embeddable":true,"href":"https:\/\/conexbooks.de\/a\/shop\/wp-json\/wp\/v2\/product_tag?post=1146"}],"curies":[{"name":"wp","href":"https:\/\/api.w.org\/{rel}","templated":true}]}}