{"id":1147,"date":"2017-11-14T20:10:28","date_gmt":"2017-11-14T19:10:28","guid":{"rendered":"https:\/\/conexbooks.de\/a\/shop\/wp\/produkt\/lebenshilfe-auf-voellig-neue-art-kreativ-witzig-interaktiv-9\/"},"modified":"2026-03-05T17:56:03","modified_gmt":"2026-03-05T16:56:03","slug":"lebenshilfe-auf-voellig-neue-art-kreativ-witzig-interaktiv-9","status":"publish","type":"product","link":"https:\/\/conexbooks.de\/a\/shop\/produkt\/lebenshilfe-auf-voellig-neue-art-kreativ-witzig-interaktiv-9\/","title":{"rendered":"Gewaltfreie Kommunikation &#8211; Das \u00dcbungsheft f\u00fcr gute Gef\u00fchle"},"content":{"rendered":"<h4>Gewaltfreie Kommunikation &#8211; Das \u00dcbungsheft f\u00fcr gute Gef\u00fchle<\/h4>\n<h4>Anne van Stappen<\/h4>\n<p>Mit anderen in eine Art von Beziehung zu treten, die Frieden, liebevolle Zuwendung und Zusammenarbeit f\u00f6rdert, kann manchmal eine Herausforderung sein. Mithilfe der Gewaltfreien Kommunikation\u00ae und ein bisschen \u00dcbung verschaffen wir uns und anderen mehr Klarheit und verbessern unsere F\u00e4higkeit, besser zuzuh\u00f6ren.<\/p>\n<p>Mit diesem kleinen \u00dcbungsheft gelingt es auf besonders originelle und spielerische Weise, unser wahres Potenzial zu erschlie\u00dfen: Im Stil klassischer Schulhefte ausgestattet, steckt es voller Anregungen, Frageb\u00f6gen und \u00dcbungen und wird durch eigene Eintragungen zu einem individuellen Begleiter.<\/p>\n<p>Zahlreiche Illustrationen von Jean Augagneur sorgen daf\u00fcr, dass Witz und Charme auf dem Weg zur Transformation nicht zu kurz kommen.<\/p>\n<p>Der Minikurs eignet sich ideal zum Verschenken und Selbstausprobieren &#8211; denn oft braucht es nur ein paar kleine Impulse, um in liebevollen Beziehungen zu leben und Konflikte konstruktiv zu l\u00f6sen.<\/p>\n<p>&#8211; Durchgehend zweifarbig<br \/>\n&#8211; Liebevoll illustriert<br \/>\n&#8211; Kompetent, interaktiv, attraktiv<br \/>\n&#8211; Mit vielen Tests und \u00dcbungen<br \/>\n&#8211; Psychologisch fundiert und praxisnah<\/p>\n<div id='1' class='widgets_on_page wop_tiny1  wop_small1  wop_medium1  wop_large1  wop_wide1'>\n\t\t\t<ul><li id=\"custom_html-4\" class=\"widget_text widget widget_custom_html\"><div class=\"textwidget custom-html-widget\"><div style=\"text-align:left;\">\r\n<button class = \"button\" style=\"height: 30px; font-size: 0.8em;\" name=\"zuruck\" type=\"button\" onclick=\"history.back()\">Zur\u00fcck zur \u00dcbersicht<\/button><\/div><\/div><\/li><\/ul><\/div><!-- widgets_on_page -->\n","protected":false},"excerpt":{"rendered":"<h3>Lebenshilfe auf v\u00f6llig neue Art: Kreativ, witzig, interaktiv<br \/>\nAnne van Stappen<\/h3>\n<p>Aus dem Franz\u00f6sischen von Claudia Seele-Nyima<\/p>\n<p>Scorpio-Verlag, \u00fcberarbeitete Neuausgabe 2022,<\/p>\n<p>64 Seiten, broschiert, zweifarbig<\/p>\n<p>Format A5 (17 x 22 cm)<\/p>\n","protected":false},"featured_media":19883,"template":"","meta":[],"product_brand":[],"product_cat":[37,36,52],"product_tag":[32,62,70,310,130,134,272,74],"class_list":{"0":"post-1147","1":"product","2":"type-product","3":"status-publish","4":"has-post-thumbnail","6":"product_cat-das-kleine-uebungsheft","7":"product_cat-deutsche-buecher","8":"product_cat-sonderangebote","9":"product_tag-einfuehrung","10":"product_tag-gewaltpraevention","11":"product_tag-gfk-praxistauglich","12":"product_tag-gfk-uebungen","13":"product_tag-mitgefuehl","14":"product_tag-selbstempathie","15":"product_tag-uebungsheft","16":"product_tag-unterwegs","18":"first","19":"instock","20":"sale","21":"shipping-taxable","22":"purchasable","23":"product-type-simple"},"yoast_head":"<!-- This site is optimized with the Yoast SEO plugin v27.4 - https:\/\/yoast.com\/product\/yoast-seo-wordpress\/ -->\n<title>Gewaltfreie Kommunikation - Das \u00dcbungsheft f\u00fcr gute Gef\u00fchle - Conex-Shop<\/title>\n<meta name=\"robots\" content=\"index, follow, max-snippet:-1, max-image-preview:large, max-video-preview:-1\" \/>\n<link rel=\"canonical\" href=\"https:\/\/conexbooks.de\/a\/shop\/produkt\/lebenshilfe-auf-voellig-neue-art-kreativ-witzig-interaktiv-9\/\" \/>\n<meta property=\"og:locale\" content=\"de_DE\" \/>\n<meta property=\"og:type\" content=\"article\" \/>\n<meta property=\"og:title\" content=\"Gewaltfreie Kommunikation - Das \u00dcbungsheft f\u00fcr gute Gef\u00fchle - Conex-Shop\" \/>\n<meta property=\"og:description\" content=\"Lebenshilfe auf v\u00f6llig neue Art: Kreativ, witzig, interaktiv Anne van Stappen Aus dem Franz\u00f6sischen von Claudia Seele-Nyima  Scorpio-Verlag, \u00fcberarbeitete Neuausgabe 2022,  64 Seiten, broschiert, zweifarbig  Format A5 (17 x 22 cm)\" \/>\n<meta property=\"og:url\" content=\"https:\/\/conexbooks.de\/a\/shop\/produkt\/lebenshilfe-auf-voellig-neue-art-kreativ-witzig-interaktiv-9\/\" \/>\n<meta property=\"og:site_name\" content=\"Conex-Shop\" \/>\n<meta property=\"article:modified_time\" content=\"2026-03-05T16:56:03+00:00\" \/>\n<meta property=\"og:image\" content=\"https:\/\/conexbooks.de\/a\/shop\/wp-content\/uploads\/2017\/11\/710-1.png\" \/>\n\t<meta property=\"og:image:width\" content=\"308\" \/>\n\t<meta property=\"og:image:height\" content=\"400\" \/>\n\t<meta property=\"og:image:type\" content=\"image\/png\" \/>\n<meta name=\"twitter:card\" content=\"summary_large_image\" \/>\n<meta name=\"twitter:label1\" content=\"Gesch\u00e4tzte Lesezeit\" \/>\n\t<meta name=\"twitter:data1\" content=\"1\u00a0Minute\" \/>\n<script type=\"application\/ld+json\" class=\"yoast-schema-graph\">{\"@context\":\"https:\\\/\\\/schema.org\",\"@graph\":[{\"@type\":\"WebPage\",\"@id\":\"https:\\\/\\\/conexbooks.de\\\/a\\\/shop\\\/produkt\\\/lebenshilfe-auf-voellig-neue-art-kreativ-witzig-interaktiv-9\\\/\",\"url\":\"https:\\\/\\\/conexbooks.de\\\/a\\\/shop\\\/produkt\\\/lebenshilfe-auf-voellig-neue-art-kreativ-witzig-interaktiv-9\\\/\",\"name\":\"Gewaltfreie Kommunikation - Das \u00dcbungsheft f\u00fcr gute Gef\u00fchle - Conex-Shop\",\"isPartOf\":{\"@id\":\"https:\\\/\\\/conexbooks.de\\\/a\\\/shop\\\/#website\"},\"primaryImageOfPage\":{\"@id\":\"https:\\\/\\\/conexbooks.de\\\/a\\\/shop\\\/produkt\\\/lebenshilfe-auf-voellig-neue-art-kreativ-witzig-interaktiv-9\\\/#primaryimage\"},\"image\":{\"@id\":\"https:\\\/\\\/conexbooks.de\\\/a\\\/shop\\\/produkt\\\/lebenshilfe-auf-voellig-neue-art-kreativ-witzig-interaktiv-9\\\/#primaryimage\"},\"thumbnailUrl\":\"https:\\\/\\\/conexbooks.de\\\/a\\\/shop\\\/wp-content\\\/uploads\\\/2017\\\/11\\\/710-1.png\",\"datePublished\":\"2017-11-14T19:10:28+00:00\",\"dateModified\":\"2026-03-05T16:56:03+00:00\",\"breadcrumb\":{\"@id\":\"https:\\\/\\\/conexbooks.de\\\/a\\\/shop\\\/produkt\\\/lebenshilfe-auf-voellig-neue-art-kreativ-witzig-interaktiv-9\\\/#breadcrumb\"},\"inLanguage\":\"de\",\"potentialAction\":[{\"@type\":\"ReadAction\",\"target\":[\"https:\\\/\\\/conexbooks.de\\\/a\\\/shop\\\/produkt\\\/lebenshilfe-auf-voellig-neue-art-kreativ-witzig-interaktiv-9\\\/\"]}]},{\"@type\":\"ImageObject\",\"inLanguage\":\"de\",\"@id\":\"https:\\\/\\\/conexbooks.de\\\/a\\\/shop\\\/produkt\\\/lebenshilfe-auf-voellig-neue-art-kreativ-witzig-interaktiv-9\\\/#primaryimage\",\"url\":\"https:\\\/\\\/conexbooks.de\\\/a\\\/shop\\\/wp-content\\\/uploads\\\/2017\\\/11\\\/710-1.png\",\"contentUrl\":\"https:\\\/\\\/conexbooks.de\\\/a\\\/shop\\\/wp-content\\\/uploads\\\/2017\\\/11\\\/710-1.png\",\"width\":308,\"height\":400},{\"@type\":\"BreadcrumbList\",\"@id\":\"https:\\\/\\\/conexbooks.de\\\/a\\\/shop\\\/produkt\\\/lebenshilfe-auf-voellig-neue-art-kreativ-witzig-interaktiv-9\\\/#breadcrumb\",\"itemListElement\":[{\"@type\":\"ListItem\",\"position\":1,\"name\":\"Home\",\"item\":\"https:\\\/\\\/conexbooks.de\\\/a\\\/shop\\\/\"},{\"@type\":\"ListItem\",\"position\":2,\"name\":\"Shop\",\"item\":\"https:\\\/\\\/conexbooks.de\\\/a\\\/shop\\\/shop\\\/\"},{\"@type\":\"ListItem\",\"position\":3,\"name\":\"Gewaltfreie Kommunikation &#8211; Das \u00dcbungsheft f\u00fcr gute Gef\u00fchle\"}]},{\"@type\":\"WebSite\",\"@id\":\"https:\\\/\\\/conexbooks.de\\\/a\\\/shop\\\/#website\",\"url\":\"https:\\\/\\\/conexbooks.de\\\/a\\\/shop\\\/\",\"name\":\"Conex-Shop\",\"description\":\"Alles f\u00fcr die gewaltfreie Kommunikation: B\u00fccher, Spiele. Handpuppen Seminarmaterial und Geschenke\",\"publisher\":{\"@id\":\"https:\\\/\\\/conexbooks.de\\\/a\\\/shop\\\/#organization\"},\"potentialAction\":[{\"@type\":\"SearchAction\",\"target\":{\"@type\":\"EntryPoint\",\"urlTemplate\":\"https:\\\/\\\/conexbooks.de\\\/a\\\/shop\\\/?s={search_term_string}\"},\"query-input\":{\"@type\":\"PropertyValueSpecification\",\"valueRequired\":true,\"valueName\":\"search_term_string\"}}],\"inLanguage\":\"de\"},{\"@type\":\"Organization\",\"@id\":\"https:\\\/\\\/conexbooks.de\\\/a\\\/shop\\\/#organization\",\"name\":\"Conex - books and more\",\"url\":\"https:\\\/\\\/conexbooks.de\\\/a\\\/shop\\\/\",\"logo\":{\"@type\":\"ImageObject\",\"inLanguage\":\"de\",\"@id\":\"https:\\\/\\\/conexbooks.de\\\/a\\\/shop\\\/#\\\/schema\\\/logo\\\/image\\\/\",\"url\":\"https:\\\/\\\/conexbooks.de\\\/a\\\/shop\\\/wp-content\\\/uploads\\\/2017\\\/12\\\/co-logo.png\",\"contentUrl\":\"https:\\\/\\\/conexbooks.de\\\/a\\\/shop\\\/wp-content\\\/uploads\\\/2017\\\/12\\\/co-logo.png\",\"width\":243,\"height\":122,\"caption\":\"Conex - books and more\"},\"image\":{\"@id\":\"https:\\\/\\\/conexbooks.de\\\/a\\\/shop\\\/#\\\/schema\\\/logo\\\/image\\\/\"}}]}<\/script>\n<!-- \/ Yoast SEO plugin. -->","yoast_head_json":{"title":"Gewaltfreie Kommunikation - Das \u00dcbungsheft f\u00fcr gute Gef\u00fchle - Conex-Shop","robots":{"index":"index","follow":"follow","max-snippet":"max-snippet:-1","max-image-preview":"max-image-preview:large","max-video-preview":"max-video-preview:-1"},"canonical":"https:\/\/conexbooks.de\/a\/shop\/produkt\/lebenshilfe-auf-voellig-neue-art-kreativ-witzig-interaktiv-9\/","og_locale":"de_DE","og_type":"article","og_title":"Gewaltfreie Kommunikation - Das \u00dcbungsheft f\u00fcr gute Gef\u00fchle - Conex-Shop","og_description":"Lebenshilfe auf v\u00f6llig neue Art: Kreativ, witzig, interaktiv Anne van Stappen Aus dem Franz\u00f6sischen von Claudia Seele-Nyima  Scorpio-Verlag, \u00fcberarbeitete Neuausgabe 2022,  64 Seiten, broschiert, zweifarbig  Format A5 (17 x 22 cm)","og_url":"https:\/\/conexbooks.de\/a\/shop\/produkt\/lebenshilfe-auf-voellig-neue-art-kreativ-witzig-interaktiv-9\/","og_site_name":"Conex-Shop","article_modified_time":"2026-03-05T16:56:03+00:00","og_image":[{"width":308,"height":400,"url":"https:\/\/conexbooks.de\/a\/shop\/wp-content\/uploads\/2017\/11\/710-1.png","type":"image\/png"}],"twitter_card":"summary_large_image","twitter_misc":{"Gesch\u00e4tzte Lesezeit":"1\u00a0Minute"},"schema":{"@context":"https:\/\/schema.org","@graph":[{"@type":"WebPage","@id":"https:\/\/conexbooks.de\/a\/shop\/produkt\/lebenshilfe-auf-voellig-neue-art-kreativ-witzig-interaktiv-9\/","url":"https:\/\/conexbooks.de\/a\/shop\/produkt\/lebenshilfe-auf-voellig-neue-art-kreativ-witzig-interaktiv-9\/","name":"Gewaltfreie Kommunikation - Das \u00dcbungsheft f\u00fcr gute Gef\u00fchle - Conex-Shop","isPartOf":{"@id":"https:\/\/conexbooks.de\/a\/shop\/#website"},"primaryImageOfPage":{"@id":"https:\/\/conexbooks.de\/a\/shop\/produkt\/lebenshilfe-auf-voellig-neue-art-kreativ-witzig-interaktiv-9\/#primaryimage"},"image":{"@id":"https:\/\/conexbooks.de\/a\/shop\/produkt\/lebenshilfe-auf-voellig-neue-art-kreativ-witzig-interaktiv-9\/#primaryimage"},"thumbnailUrl":"https:\/\/conexbooks.de\/a\/shop\/wp-content\/uploads\/2017\/11\/710-1.png","datePublished":"2017-11-14T19:10:28+00:00","dateModified":"2026-03-05T16:56:03+00:00","breadcrumb":{"@id":"https:\/\/conexbooks.de\/a\/shop\/produkt\/lebenshilfe-auf-voellig-neue-art-kreativ-witzig-interaktiv-9\/#breadcrumb"},"inLanguage":"de","potentialAction":[{"@type":"ReadAction","target":["https:\/\/conexbooks.de\/a\/shop\/produkt\/lebenshilfe-auf-voellig-neue-art-kreativ-witzig-interaktiv-9\/"]}]},{"@type":"ImageObject","inLanguage":"de","@id":"https:\/\/conexbooks.de\/a\/shop\/produkt\/lebenshilfe-auf-voellig-neue-art-kreativ-witzig-interaktiv-9\/#primaryimage","url":"https:\/\/conexbooks.de\/a\/shop\/wp-content\/uploads\/2017\/11\/710-1.png","contentUrl":"https:\/\/conexbooks.de\/a\/shop\/wp-content\/uploads\/2017\/11\/710-1.png","width":308,"height":400},{"@type":"BreadcrumbList","@id":"https:\/\/conexbooks.de\/a\/shop\/produkt\/lebenshilfe-auf-voellig-neue-art-kreativ-witzig-interaktiv-9\/#breadcrumb","itemListElement":[{"@type":"ListItem","position":1,"name":"Home","item":"https:\/\/conexbooks.de\/a\/shop\/"},{"@type":"ListItem","position":2,"name":"Shop","item":"https:\/\/conexbooks.de\/a\/shop\/shop\/"},{"@type":"ListItem","position":3,"name":"Gewaltfreie Kommunikation &#8211; Das \u00dcbungsheft f\u00fcr gute Gef\u00fchle"}]},{"@type":"WebSite","@id":"https:\/\/conexbooks.de\/a\/shop\/#website","url":"https:\/\/conexbooks.de\/a\/shop\/","name":"Conex-Shop","description":"Alles f\u00fcr die gewaltfreie Kommunikation: B\u00fccher, Spiele. Handpuppen Seminarmaterial und Geschenke","publisher":{"@id":"https:\/\/conexbooks.de\/a\/shop\/#organization"},"potentialAction":[{"@type":"SearchAction","target":{"@type":"EntryPoint","urlTemplate":"https:\/\/conexbooks.de\/a\/shop\/?s={search_term_string}"},"query-input":{"@type":"PropertyValueSpecification","valueRequired":true,"valueName":"search_term_string"}}],"inLanguage":"de"},{"@type":"Organization","@id":"https:\/\/conexbooks.de\/a\/shop\/#organization","name":"Conex - books and more","url":"https:\/\/conexbooks.de\/a\/shop\/","logo":{"@type":"ImageObject","inLanguage":"de","@id":"https:\/\/conexbooks.de\/a\/shop\/#\/schema\/logo\/image\/","url":"https:\/\/conexbooks.de\/a\/shop\/wp-content\/uploads\/2017\/12\/co-logo.png","contentUrl":"https:\/\/conexbooks.de\/a\/shop\/wp-content\/uploads\/2017\/12\/co-logo.png","width":243,"height":122,"caption":"Conex - books and more"},"image":{"@id":"https:\/\/conexbooks.de\/a\/shop\/#\/schema\/logo\/image\/"}}]}},"_links":{"self":[{"href":"https:\/\/conexbooks.de\/a\/shop\/wp-json\/wp\/v2\/product\/1147","targetHints":{"allow":["GET"]}}],"collection":[{"href":"https:\/\/conexbooks.de\/a\/shop\/wp-json\/wp\/v2\/product"}],"about":[{"href":"https:\/\/conexbooks.de\/a\/shop\/wp-json\/wp\/v2\/types\/product"}],"wp:featuredmedia":[{"embeddable":true,"href":"https:\/\/conexbooks.de\/a\/shop\/wp-json\/wp\/v2\/media\/19883"}],"wp:attachment":[{"href":"https:\/\/conexbooks.de\/a\/shop\/wp-json\/wp\/v2\/media?parent=1147"}],"wp:term":[{"taxonomy":"product_brand","embeddable":true,"href":"https:\/\/conexbooks.de\/a\/shop\/wp-json\/wp\/v2\/product_brand?post=1147"},{"taxonomy":"product_cat","embeddable":true,"href":"https:\/\/conexbooks.de\/a\/shop\/wp-json\/wp\/v2\/product_cat?post=1147"},{"taxonomy":"product_tag","embeddable":true,"href":"https:\/\/conexbooks.de\/a\/shop\/wp-json\/wp\/v2\/product_tag?post=1147"}],"curies":[{"name":"wp","href":"https:\/\/api.w.org\/{rel}","templated":true}]}}