{"id":1148,"date":"2017-11-14T20:10:28","date_gmt":"2017-11-14T19:10:28","guid":{"rendered":"https:\/\/conexbooks.de\/a\/shop\/wp\/produkt\/lebenshilfe-auf-voellig-neue-art-kreativ-witzig-interaktiv-10\/"},"modified":"2026-03-02T21:01:09","modified_gmt":"2026-03-02T20:01:09","slug":"lebenshilfe-auf-voellig-neue-art-kreativ-witzig-interaktiv-10","status":"publish","type":"product","link":"https:\/\/conexbooks.de\/a\/shop\/produkt\/lebenshilfe-auf-voellig-neue-art-kreativ-witzig-interaktiv-10\/","title":{"rendered":"Selbstliebe &#8211; Das \u00dcbungsheft f\u00fcr gute Gef\u00fchle"},"content":{"rendered":"<h4>Selbstliebe &#8211; Das \u00dcbungsheft f\u00fcr gute Gef\u00fchle<\/h4>\n<h4>Anne van Stappen<\/h4>\n<p>Es ist nicht egoistisch, das eigene Wohlbefinden allem voranzustellen. Wer immer nur an andere denkt, bleibt irgendwann auf der Strecke. Deshalb gilt ab sofort: sich \u00f6fter etwas g\u00f6nnen, liebevoll mit sich umgehen, mehr Zeit f\u00fcr sich einplanen \u2013 und \u00bbich liebe mich selbst\u00ab auf den Kalender schreiben.<\/p>\n<p>Mit diesem kleinen \u00dcbungsheft gelingt es auf besonders originelle und spielerische Weise, unser wahres Potenzial zu erschlie\u00dfen: Im Stil klassischer Schulhefte ausgestattet, steckt es voller Anregungen, Frageb\u00f6gen und \u00dcbungen und wird durch eigene Eintragungen zu einem individuellen Begleiter.<\/p>\n<p>Zahlreiche Illustrationen von Jean Augagneur sorgen daf\u00fcr, dass Witz und Charme auf dem Weg zur Transformation nicht zu kurz kommen.<\/p>\n<p>Der Minikurs eignet sich ideal zum Verschenken und Selbstausprobieren &#8211; denn oft braucht es nur ein paar kleine Impulse, um in liebevollen Beziehungen zu leben und Konflikte konstruktiv zu l\u00f6sen.<\/p>\n<p>&#8211; Durchgehend zweifarbig<br \/>\n&#8211; Liebevoll illustriert<br \/>\n&#8211; Kompetent, interaktiv, attraktiv<br \/>\n&#8211; Mit vielen Tests und \u00dcbungen<br \/>\n&#8211; Psychologisch fundiert und praxisnah<\/p>\n<div id='1' class='widgets_on_page wop_tiny1  wop_small1  wop_medium1  wop_large1  wop_wide1'>\n\t\t\t<ul><li id=\"custom_html-4\" class=\"widget_text widget widget_custom_html\"><div class=\"textwidget custom-html-widget\"><div style=\"text-align:left;\">\r\n<button class = \"button\" style=\"height: 30px; font-size: 0.8em;\" name=\"zuruck\" type=\"button\" onclick=\"history.back()\">Zur\u00fcck zur \u00dcbersicht<\/button><\/div><\/div><\/li><\/ul><\/div><!-- widgets_on_page -->\n","protected":false},"excerpt":{"rendered":"<h3>Lebenshilfe auf v\u00f6llig neue Art: Kreativ, witzig, interaktiv<\/h3>\n<h3>Anne van Stappen<\/h3>\n<p>Aus dem Franz\u00f6sischen von Claudia Seele-Nyima<br \/>\nIllustriert von Jean Augagneur<\/p>\n<p>Scorpio-Verlag, Neuauflage Mai 2022<\/p>\n<p>64 Seiten, broschiert, Format A5<\/p>\n","protected":false},"featured_media":5249,"template":"","meta":[],"product_brand":[],"product_cat":[37,36],"product_tag":[524,523,525,360,327],"class_list":{"0":"post-1148","1":"product","2":"type-product","3":"status-publish","4":"has-post-thumbnail","6":"product_cat-das-kleine-uebungsheft","7":"product_cat-deutsche-buecher","8":"product_tag-inter","9":"product_tag-liebevoll-mit-sich-selbst","10":"product_tag-selbstbewusstsein-staerken","11":"product_tag-selbstliebe","12":"product_tag-uebungen","14":"first","15":"instock","16":"shipping-taxable","17":"purchasable","18":"product-type-simple"},"yoast_head":"<!-- This site is optimized with the Yoast SEO plugin v27.4 - https:\/\/yoast.com\/product\/yoast-seo-wordpress\/ -->\n<title>Selbstliebe - Das \u00dcbungsheft f\u00fcr gute Gef\u00fchle - Conex-Shop<\/title>\n<meta name=\"robots\" content=\"index, follow, max-snippet:-1, max-image-preview:large, max-video-preview:-1\" \/>\n<link rel=\"canonical\" href=\"https:\/\/conexbooks.de\/a\/shop\/produkt\/lebenshilfe-auf-voellig-neue-art-kreativ-witzig-interaktiv-10\/\" \/>\n<meta property=\"og:locale\" content=\"de_DE\" \/>\n<meta property=\"og:type\" content=\"article\" \/>\n<meta property=\"og:title\" content=\"Selbstliebe - Das \u00dcbungsheft f\u00fcr gute Gef\u00fchle - Conex-Shop\" \/>\n<meta property=\"og:description\" content=\"Lebenshilfe auf v\u00f6llig neue Art: Kreativ, witzig, interaktiv Anne van Stappen Aus dem Franz\u00f6sischen von Claudia Seele-Nyima Illustriert von Jean Augagneur  Scorpio-Verlag, Neuauflage Mai 2022  64 Seiten, broschiert, Format A5\" \/>\n<meta property=\"og:url\" content=\"https:\/\/conexbooks.de\/a\/shop\/produkt\/lebenshilfe-auf-voellig-neue-art-kreativ-witzig-interaktiv-10\/\" \/>\n<meta property=\"og:site_name\" content=\"Conex-Shop\" \/>\n<meta property=\"article:modified_time\" content=\"2026-03-02T20:01:09+00:00\" \/>\n<meta property=\"og:image\" content=\"https:\/\/conexbooks.de\/a\/shop\/wp-content\/uploads\/2017\/11\/711-slieben.jpg\" \/>\n\t<meta property=\"og:image:width\" content=\"309\" \/>\n\t<meta property=\"og:image:height\" content=\"400\" \/>\n\t<meta property=\"og:image:type\" content=\"image\/jpeg\" \/>\n<meta name=\"twitter:card\" content=\"summary_large_image\" \/>\n<meta name=\"twitter:label1\" content=\"Gesch\u00e4tzte Lesezeit\" \/>\n\t<meta name=\"twitter:data1\" content=\"1\u00a0Minute\" \/>\n<script type=\"application\/ld+json\" class=\"yoast-schema-graph\">{\"@context\":\"https:\\\/\\\/schema.org\",\"@graph\":[{\"@type\":\"WebPage\",\"@id\":\"https:\\\/\\\/conexbooks.de\\\/a\\\/shop\\\/produkt\\\/lebenshilfe-auf-voellig-neue-art-kreativ-witzig-interaktiv-10\\\/\",\"url\":\"https:\\\/\\\/conexbooks.de\\\/a\\\/shop\\\/produkt\\\/lebenshilfe-auf-voellig-neue-art-kreativ-witzig-interaktiv-10\\\/\",\"name\":\"Selbstliebe - Das \u00dcbungsheft f\u00fcr gute Gef\u00fchle - Conex-Shop\",\"isPartOf\":{\"@id\":\"https:\\\/\\\/conexbooks.de\\\/a\\\/shop\\\/#website\"},\"primaryImageOfPage\":{\"@id\":\"https:\\\/\\\/conexbooks.de\\\/a\\\/shop\\\/produkt\\\/lebenshilfe-auf-voellig-neue-art-kreativ-witzig-interaktiv-10\\\/#primaryimage\"},\"image\":{\"@id\":\"https:\\\/\\\/conexbooks.de\\\/a\\\/shop\\\/produkt\\\/lebenshilfe-auf-voellig-neue-art-kreativ-witzig-interaktiv-10\\\/#primaryimage\"},\"thumbnailUrl\":\"https:\\\/\\\/conexbooks.de\\\/a\\\/shop\\\/wp-content\\\/uploads\\\/2017\\\/11\\\/711-slieben.jpg\",\"datePublished\":\"2017-11-14T19:10:28+00:00\",\"dateModified\":\"2026-03-02T20:01:09+00:00\",\"breadcrumb\":{\"@id\":\"https:\\\/\\\/conexbooks.de\\\/a\\\/shop\\\/produkt\\\/lebenshilfe-auf-voellig-neue-art-kreativ-witzig-interaktiv-10\\\/#breadcrumb\"},\"inLanguage\":\"de\",\"potentialAction\":[{\"@type\":\"ReadAction\",\"target\":[\"https:\\\/\\\/conexbooks.de\\\/a\\\/shop\\\/produkt\\\/lebenshilfe-auf-voellig-neue-art-kreativ-witzig-interaktiv-10\\\/\"]}]},{\"@type\":\"ImageObject\",\"inLanguage\":\"de\",\"@id\":\"https:\\\/\\\/conexbooks.de\\\/a\\\/shop\\\/produkt\\\/lebenshilfe-auf-voellig-neue-art-kreativ-witzig-interaktiv-10\\\/#primaryimage\",\"url\":\"https:\\\/\\\/conexbooks.de\\\/a\\\/shop\\\/wp-content\\\/uploads\\\/2017\\\/11\\\/711-slieben.jpg\",\"contentUrl\":\"https:\\\/\\\/conexbooks.de\\\/a\\\/shop\\\/wp-content\\\/uploads\\\/2017\\\/11\\\/711-slieben.jpg\",\"width\":309,\"height\":400},{\"@type\":\"BreadcrumbList\",\"@id\":\"https:\\\/\\\/conexbooks.de\\\/a\\\/shop\\\/produkt\\\/lebenshilfe-auf-voellig-neue-art-kreativ-witzig-interaktiv-10\\\/#breadcrumb\",\"itemListElement\":[{\"@type\":\"ListItem\",\"position\":1,\"name\":\"Home\",\"item\":\"https:\\\/\\\/conexbooks.de\\\/a\\\/shop\\\/\"},{\"@type\":\"ListItem\",\"position\":2,\"name\":\"Shop\",\"item\":\"https:\\\/\\\/conexbooks.de\\\/a\\\/shop\\\/shop\\\/\"},{\"@type\":\"ListItem\",\"position\":3,\"name\":\"Selbstliebe &#8211; Das \u00dcbungsheft f\u00fcr gute Gef\u00fchle\"}]},{\"@type\":\"WebSite\",\"@id\":\"https:\\\/\\\/conexbooks.de\\\/a\\\/shop\\\/#website\",\"url\":\"https:\\\/\\\/conexbooks.de\\\/a\\\/shop\\\/\",\"name\":\"Conex-Shop\",\"description\":\"Alles f\u00fcr die gewaltfreie Kommunikation: B\u00fccher, Spiele. Handpuppen Seminarmaterial und Geschenke\",\"publisher\":{\"@id\":\"https:\\\/\\\/conexbooks.de\\\/a\\\/shop\\\/#organization\"},\"potentialAction\":[{\"@type\":\"SearchAction\",\"target\":{\"@type\":\"EntryPoint\",\"urlTemplate\":\"https:\\\/\\\/conexbooks.de\\\/a\\\/shop\\\/?s={search_term_string}\"},\"query-input\":{\"@type\":\"PropertyValueSpecification\",\"valueRequired\":true,\"valueName\":\"search_term_string\"}}],\"inLanguage\":\"de\"},{\"@type\":\"Organization\",\"@id\":\"https:\\\/\\\/conexbooks.de\\\/a\\\/shop\\\/#organization\",\"name\":\"Conex - books and more\",\"url\":\"https:\\\/\\\/conexbooks.de\\\/a\\\/shop\\\/\",\"logo\":{\"@type\":\"ImageObject\",\"inLanguage\":\"de\",\"@id\":\"https:\\\/\\\/conexbooks.de\\\/a\\\/shop\\\/#\\\/schema\\\/logo\\\/image\\\/\",\"url\":\"https:\\\/\\\/conexbooks.de\\\/a\\\/shop\\\/wp-content\\\/uploads\\\/2017\\\/12\\\/co-logo.png\",\"contentUrl\":\"https:\\\/\\\/conexbooks.de\\\/a\\\/shop\\\/wp-content\\\/uploads\\\/2017\\\/12\\\/co-logo.png\",\"width\":243,\"height\":122,\"caption\":\"Conex - books and more\"},\"image\":{\"@id\":\"https:\\\/\\\/conexbooks.de\\\/a\\\/shop\\\/#\\\/schema\\\/logo\\\/image\\\/\"}}]}<\/script>\n<!-- \/ Yoast SEO plugin. -->","yoast_head_json":{"title":"Selbstliebe - Das \u00dcbungsheft f\u00fcr gute Gef\u00fchle - Conex-Shop","robots":{"index":"index","follow":"follow","max-snippet":"max-snippet:-1","max-image-preview":"max-image-preview:large","max-video-preview":"max-video-preview:-1"},"canonical":"https:\/\/conexbooks.de\/a\/shop\/produkt\/lebenshilfe-auf-voellig-neue-art-kreativ-witzig-interaktiv-10\/","og_locale":"de_DE","og_type":"article","og_title":"Selbstliebe - Das \u00dcbungsheft f\u00fcr gute Gef\u00fchle - Conex-Shop","og_description":"Lebenshilfe auf v\u00f6llig neue Art: Kreativ, witzig, interaktiv Anne van Stappen Aus dem Franz\u00f6sischen von Claudia Seele-Nyima Illustriert von Jean Augagneur  Scorpio-Verlag, Neuauflage Mai 2022  64 Seiten, broschiert, Format A5","og_url":"https:\/\/conexbooks.de\/a\/shop\/produkt\/lebenshilfe-auf-voellig-neue-art-kreativ-witzig-interaktiv-10\/","og_site_name":"Conex-Shop","article_modified_time":"2026-03-02T20:01:09+00:00","og_image":[{"width":309,"height":400,"url":"https:\/\/conexbooks.de\/a\/shop\/wp-content\/uploads\/2017\/11\/711-slieben.jpg","type":"image\/jpeg"}],"twitter_card":"summary_large_image","twitter_misc":{"Gesch\u00e4tzte Lesezeit":"1\u00a0Minute"},"schema":{"@context":"https:\/\/schema.org","@graph":[{"@type":"WebPage","@id":"https:\/\/conexbooks.de\/a\/shop\/produkt\/lebenshilfe-auf-voellig-neue-art-kreativ-witzig-interaktiv-10\/","url":"https:\/\/conexbooks.de\/a\/shop\/produkt\/lebenshilfe-auf-voellig-neue-art-kreativ-witzig-interaktiv-10\/","name":"Selbstliebe - Das \u00dcbungsheft f\u00fcr gute Gef\u00fchle - Conex-Shop","isPartOf":{"@id":"https:\/\/conexbooks.de\/a\/shop\/#website"},"primaryImageOfPage":{"@id":"https:\/\/conexbooks.de\/a\/shop\/produkt\/lebenshilfe-auf-voellig-neue-art-kreativ-witzig-interaktiv-10\/#primaryimage"},"image":{"@id":"https:\/\/conexbooks.de\/a\/shop\/produkt\/lebenshilfe-auf-voellig-neue-art-kreativ-witzig-interaktiv-10\/#primaryimage"},"thumbnailUrl":"https:\/\/conexbooks.de\/a\/shop\/wp-content\/uploads\/2017\/11\/711-slieben.jpg","datePublished":"2017-11-14T19:10:28+00:00","dateModified":"2026-03-02T20:01:09+00:00","breadcrumb":{"@id":"https:\/\/conexbooks.de\/a\/shop\/produkt\/lebenshilfe-auf-voellig-neue-art-kreativ-witzig-interaktiv-10\/#breadcrumb"},"inLanguage":"de","potentialAction":[{"@type":"ReadAction","target":["https:\/\/conexbooks.de\/a\/shop\/produkt\/lebenshilfe-auf-voellig-neue-art-kreativ-witzig-interaktiv-10\/"]}]},{"@type":"ImageObject","inLanguage":"de","@id":"https:\/\/conexbooks.de\/a\/shop\/produkt\/lebenshilfe-auf-voellig-neue-art-kreativ-witzig-interaktiv-10\/#primaryimage","url":"https:\/\/conexbooks.de\/a\/shop\/wp-content\/uploads\/2017\/11\/711-slieben.jpg","contentUrl":"https:\/\/conexbooks.de\/a\/shop\/wp-content\/uploads\/2017\/11\/711-slieben.jpg","width":309,"height":400},{"@type":"BreadcrumbList","@id":"https:\/\/conexbooks.de\/a\/shop\/produkt\/lebenshilfe-auf-voellig-neue-art-kreativ-witzig-interaktiv-10\/#breadcrumb","itemListElement":[{"@type":"ListItem","position":1,"name":"Home","item":"https:\/\/conexbooks.de\/a\/shop\/"},{"@type":"ListItem","position":2,"name":"Shop","item":"https:\/\/conexbooks.de\/a\/shop\/shop\/"},{"@type":"ListItem","position":3,"name":"Selbstliebe &#8211; Das \u00dcbungsheft f\u00fcr gute Gef\u00fchle"}]},{"@type":"WebSite","@id":"https:\/\/conexbooks.de\/a\/shop\/#website","url":"https:\/\/conexbooks.de\/a\/shop\/","name":"Conex-Shop","description":"Alles f\u00fcr die gewaltfreie Kommunikation: B\u00fccher, Spiele. Handpuppen Seminarmaterial und Geschenke","publisher":{"@id":"https:\/\/conexbooks.de\/a\/shop\/#organization"},"potentialAction":[{"@type":"SearchAction","target":{"@type":"EntryPoint","urlTemplate":"https:\/\/conexbooks.de\/a\/shop\/?s={search_term_string}"},"query-input":{"@type":"PropertyValueSpecification","valueRequired":true,"valueName":"search_term_string"}}],"inLanguage":"de"},{"@type":"Organization","@id":"https:\/\/conexbooks.de\/a\/shop\/#organization","name":"Conex - books and more","url":"https:\/\/conexbooks.de\/a\/shop\/","logo":{"@type":"ImageObject","inLanguage":"de","@id":"https:\/\/conexbooks.de\/a\/shop\/#\/schema\/logo\/image\/","url":"https:\/\/conexbooks.de\/a\/shop\/wp-content\/uploads\/2017\/12\/co-logo.png","contentUrl":"https:\/\/conexbooks.de\/a\/shop\/wp-content\/uploads\/2017\/12\/co-logo.png","width":243,"height":122,"caption":"Conex - books and more"},"image":{"@id":"https:\/\/conexbooks.de\/a\/shop\/#\/schema\/logo\/image\/"}}]}},"_links":{"self":[{"href":"https:\/\/conexbooks.de\/a\/shop\/wp-json\/wp\/v2\/product\/1148","targetHints":{"allow":["GET"]}}],"collection":[{"href":"https:\/\/conexbooks.de\/a\/shop\/wp-json\/wp\/v2\/product"}],"about":[{"href":"https:\/\/conexbooks.de\/a\/shop\/wp-json\/wp\/v2\/types\/product"}],"wp:featuredmedia":[{"embeddable":true,"href":"https:\/\/conexbooks.de\/a\/shop\/wp-json\/wp\/v2\/media\/5249"}],"wp:attachment":[{"href":"https:\/\/conexbooks.de\/a\/shop\/wp-json\/wp\/v2\/media?parent=1148"}],"wp:term":[{"taxonomy":"product_brand","embeddable":true,"href":"https:\/\/conexbooks.de\/a\/shop\/wp-json\/wp\/v2\/product_brand?post=1148"},{"taxonomy":"product_cat","embeddable":true,"href":"https:\/\/conexbooks.de\/a\/shop\/wp-json\/wp\/v2\/product_cat?post=1148"},{"taxonomy":"product_tag","embeddable":true,"href":"https:\/\/conexbooks.de\/a\/shop\/wp-json\/wp\/v2\/product_tag?post=1148"}],"curies":[{"name":"wp","href":"https:\/\/api.w.org\/{rel}","templated":true}]}}