{"id":1150,"date":"2017-11-14T20:10:29","date_gmt":"2017-11-14T19:10:29","guid":{"rendered":"https:\/\/conexbooks.de\/a\/shop\/wp\/produkt\/lebenshilfe-auf-voellig-neue-art-kreativ-witzig-interaktiv-11\/"},"modified":"2025-11-05T13:37:08","modified_gmt":"2025-11-05T12:37:08","slug":"lebenshilfe-auf-voellig-neue-art-kreativ-witzig-interaktiv-11","status":"publish","type":"product","link":"https:\/\/conexbooks.de\/a\/shop\/produkt\/lebenshilfe-auf-voellig-neue-art-kreativ-witzig-interaktiv-11\/","title":{"rendered":"Zorn positiv nutzen &#8211; Das kleine \u00dcbungsheft"},"content":{"rendered":"<h4>Zorn positiv nutzen &#8211; Das kleine \u00dcbungsheft<\/h4>\n<h4>Yves Alexandre Thalmann<\/h4>\n<p>Zorn macht stark! Zorn macht mutig! Unsere Rechte durchzusetzen und die Dinge um uns zu ver\u00e4ndern erfordert manchmal unseren Zorn. Wenn wir die Energie des Zorns nutzen, ohne dass uns jedoch Heftigkeit und Gewalt in den Griff bekommen, verwandeln wir ihn zu unseren Gunsten und k\u00f6nnen ihn gegen alle Widrigkeiten f\u00fcr uns einsetzen.<\/p>\n<p>Mit diesem kleinen \u00dcbungsheft gelingt es auf besonders originelle und spielerische Weise, unser wahres Potenzial zu erschlie\u00dfen: Im Stil klassischer Schulhefte ausgestattet, steckt es voller Anregungen, Frageb\u00f6gen und \u00dcbungen und wird durch eigene Eintragungen zu einem individuellen Begleiter.<\/p>\n<p>Zahlreiche Illustrationen von Jean Augagneur sorgen daf\u00fcr, dass Witz und Charme auf dem Weg zur Transformation nicht zu kurz kommen.<\/p>\n<p>Der Minikurs eignet sich ideal zum Verschenken und Selbstausprobieren &#8211; denn oft braucht es nur ein paar kleine Impulse, um die Energie des Zorn f\u00fcr sich zu nutzen.<\/p>\n<p>&#8211; Durchgehend zweifarbig<br \/>\n&#8211; Liebevoll illustriert<br \/>\n&#8211; Kompetent, interaktiv, attraktiv<br \/>\n&#8211; Mit vielen Tests und \u00dcbungen<br \/>\n&#8211; Psychologisch fundiert und praxisnah<\/p>\n<div id='1' class='widgets_on_page wop_tiny1  wop_small1  wop_medium1  wop_large1  wop_wide1'>\n\t\t\t<ul><li id=\"custom_html-4\" class=\"widget_text widget widget_custom_html\"><div class=\"textwidget custom-html-widget\"><div style=\"text-align:left;\">\r\n<button class = \"button\" style=\"height: 30px; font-size: 0.8em;\" name=\"zuruck\" type=\"button\" onclick=\"history.back()\">Zur\u00fcck zur \u00dcbersicht<\/button><\/div><\/div><\/li><\/ul><\/div><!-- widgets_on_page -->\n","protected":false},"excerpt":{"rendered":"<h3>Lebenshilfe auf v\u00f6llig neue Art: Kreativ, witzig, interaktiv<\/h3>\n<h3>Yves Alexandre Thalmann<\/h3>\n<p>Scorpio -Verlag 2013<\/p>\n<p>Aus dem Franz\u00f6sischen von Claudia Seele-Nyima<\/p>\n<p>Illustriert von Jean Augagneur<\/p>\n<p>64 Seiten, broschiert, Format A5,<\/p>\n","protected":false},"featured_media":1398,"template":"","meta":[],"product_brand":[],"product_cat":[37,36],"product_tag":[521,520,522,516,519,272,350,518],"class_list":{"0":"post-1150","1":"product","2":"type-product","3":"status-publish","4":"has-post-thumbnail","6":"product_cat-das-kleine-uebungsheft","7":"product_cat-deutsche-buecher","8":"product_tag-ernergie-des-zorns","9":"product_tag-geschenk-der-wut","10":"product_tag-gewalt-wandeln","11":"product_tag-interaktiv","12":"product_tag-stressbewaeltigung","13":"product_tag-uebungsheft","14":"product_tag-umgang-mit-wut","15":"product_tag-zorn-positiv","17":"first","18":"instock","19":"shipping-taxable","20":"purchasable","21":"product-type-simple"},"yoast_head":"<!-- This site is optimized with the Yoast SEO plugin v27.4 - https:\/\/yoast.com\/product\/yoast-seo-wordpress\/ -->\n<title>Zorn positiv nutzen - Das kleine \u00dcbungsheft - Conex-Shop<\/title>\n<meta name=\"robots\" content=\"index, follow, max-snippet:-1, max-image-preview:large, max-video-preview:-1\" \/>\n<link rel=\"canonical\" href=\"https:\/\/conexbooks.de\/a\/shop\/produkt\/lebenshilfe-auf-voellig-neue-art-kreativ-witzig-interaktiv-11\/\" \/>\n<meta property=\"og:locale\" content=\"de_DE\" \/>\n<meta property=\"og:type\" content=\"article\" \/>\n<meta property=\"og:title\" content=\"Zorn positiv nutzen - Das kleine \u00dcbungsheft - Conex-Shop\" \/>\n<meta property=\"og:description\" content=\"Lebenshilfe auf v\u00f6llig neue Art: Kreativ, witzig, interaktiv Yves Alexandre Thalmann Scorpio -Verlag 2013  Aus dem Franz\u00f6sischen von Claudia Seele-Nyima  Illustriert von Jean Augagneur  64 Seiten, broschiert, Format A5,\" \/>\n<meta property=\"og:url\" content=\"https:\/\/conexbooks.de\/a\/shop\/produkt\/lebenshilfe-auf-voellig-neue-art-kreativ-witzig-interaktiv-11\/\" \/>\n<meta property=\"og:site_name\" content=\"Conex-Shop\" \/>\n<meta property=\"article:modified_time\" content=\"2025-11-05T12:37:08+00:00\" \/>\n<meta property=\"og:image\" content=\"https:\/\/conexbooks.de\/a\/shop\/wp-content\/uploads\/2017\/11\/713.jpg\" \/>\n\t<meta property=\"og:image:width\" content=\"125\" \/>\n\t<meta property=\"og:image:height\" content=\"162\" \/>\n\t<meta property=\"og:image:type\" content=\"image\/jpeg\" \/>\n<meta name=\"twitter:card\" content=\"summary_large_image\" \/>\n<meta name=\"twitter:label1\" content=\"Gesch\u00e4tzte Lesezeit\" \/>\n\t<meta name=\"twitter:data1\" content=\"1\u00a0Minute\" \/>\n<script type=\"application\/ld+json\" class=\"yoast-schema-graph\">{\"@context\":\"https:\\\/\\\/schema.org\",\"@graph\":[{\"@type\":\"WebPage\",\"@id\":\"https:\\\/\\\/conexbooks.de\\\/a\\\/shop\\\/produkt\\\/lebenshilfe-auf-voellig-neue-art-kreativ-witzig-interaktiv-11\\\/\",\"url\":\"https:\\\/\\\/conexbooks.de\\\/a\\\/shop\\\/produkt\\\/lebenshilfe-auf-voellig-neue-art-kreativ-witzig-interaktiv-11\\\/\",\"name\":\"Zorn positiv nutzen - Das kleine \u00dcbungsheft - Conex-Shop\",\"isPartOf\":{\"@id\":\"https:\\\/\\\/conexbooks.de\\\/a\\\/shop\\\/#website\"},\"primaryImageOfPage\":{\"@id\":\"https:\\\/\\\/conexbooks.de\\\/a\\\/shop\\\/produkt\\\/lebenshilfe-auf-voellig-neue-art-kreativ-witzig-interaktiv-11\\\/#primaryimage\"},\"image\":{\"@id\":\"https:\\\/\\\/conexbooks.de\\\/a\\\/shop\\\/produkt\\\/lebenshilfe-auf-voellig-neue-art-kreativ-witzig-interaktiv-11\\\/#primaryimage\"},\"thumbnailUrl\":\"https:\\\/\\\/conexbooks.de\\\/a\\\/shop\\\/wp-content\\\/uploads\\\/2017\\\/11\\\/713.jpg\",\"datePublished\":\"2017-11-14T19:10:29+00:00\",\"dateModified\":\"2025-11-05T12:37:08+00:00\",\"breadcrumb\":{\"@id\":\"https:\\\/\\\/conexbooks.de\\\/a\\\/shop\\\/produkt\\\/lebenshilfe-auf-voellig-neue-art-kreativ-witzig-interaktiv-11\\\/#breadcrumb\"},\"inLanguage\":\"de\",\"potentialAction\":[{\"@type\":\"ReadAction\",\"target\":[\"https:\\\/\\\/conexbooks.de\\\/a\\\/shop\\\/produkt\\\/lebenshilfe-auf-voellig-neue-art-kreativ-witzig-interaktiv-11\\\/\"]}]},{\"@type\":\"ImageObject\",\"inLanguage\":\"de\",\"@id\":\"https:\\\/\\\/conexbooks.de\\\/a\\\/shop\\\/produkt\\\/lebenshilfe-auf-voellig-neue-art-kreativ-witzig-interaktiv-11\\\/#primaryimage\",\"url\":\"https:\\\/\\\/conexbooks.de\\\/a\\\/shop\\\/wp-content\\\/uploads\\\/2017\\\/11\\\/713.jpg\",\"contentUrl\":\"https:\\\/\\\/conexbooks.de\\\/a\\\/shop\\\/wp-content\\\/uploads\\\/2017\\\/11\\\/713.jpg\",\"width\":125,\"height\":162},{\"@type\":\"BreadcrumbList\",\"@id\":\"https:\\\/\\\/conexbooks.de\\\/a\\\/shop\\\/produkt\\\/lebenshilfe-auf-voellig-neue-art-kreativ-witzig-interaktiv-11\\\/#breadcrumb\",\"itemListElement\":[{\"@type\":\"ListItem\",\"position\":1,\"name\":\"Home\",\"item\":\"https:\\\/\\\/conexbooks.de\\\/a\\\/shop\\\/\"},{\"@type\":\"ListItem\",\"position\":2,\"name\":\"Shop\",\"item\":\"https:\\\/\\\/conexbooks.de\\\/a\\\/shop\\\/shop\\\/\"},{\"@type\":\"ListItem\",\"position\":3,\"name\":\"Zorn positiv nutzen &#8211; Das kleine \u00dcbungsheft\"}]},{\"@type\":\"WebSite\",\"@id\":\"https:\\\/\\\/conexbooks.de\\\/a\\\/shop\\\/#website\",\"url\":\"https:\\\/\\\/conexbooks.de\\\/a\\\/shop\\\/\",\"name\":\"Conex-Shop\",\"description\":\"Alles f\u00fcr die gewaltfreie Kommunikation: B\u00fccher, Spiele. Handpuppen Seminarmaterial und Geschenke\",\"publisher\":{\"@id\":\"https:\\\/\\\/conexbooks.de\\\/a\\\/shop\\\/#organization\"},\"potentialAction\":[{\"@type\":\"SearchAction\",\"target\":{\"@type\":\"EntryPoint\",\"urlTemplate\":\"https:\\\/\\\/conexbooks.de\\\/a\\\/shop\\\/?s={search_term_string}\"},\"query-input\":{\"@type\":\"PropertyValueSpecification\",\"valueRequired\":true,\"valueName\":\"search_term_string\"}}],\"inLanguage\":\"de\"},{\"@type\":\"Organization\",\"@id\":\"https:\\\/\\\/conexbooks.de\\\/a\\\/shop\\\/#organization\",\"name\":\"Conex - books and more\",\"url\":\"https:\\\/\\\/conexbooks.de\\\/a\\\/shop\\\/\",\"logo\":{\"@type\":\"ImageObject\",\"inLanguage\":\"de\",\"@id\":\"https:\\\/\\\/conexbooks.de\\\/a\\\/shop\\\/#\\\/schema\\\/logo\\\/image\\\/\",\"url\":\"https:\\\/\\\/conexbooks.de\\\/a\\\/shop\\\/wp-content\\\/uploads\\\/2017\\\/12\\\/co-logo.png\",\"contentUrl\":\"https:\\\/\\\/conexbooks.de\\\/a\\\/shop\\\/wp-content\\\/uploads\\\/2017\\\/12\\\/co-logo.png\",\"width\":243,\"height\":122,\"caption\":\"Conex - books and more\"},\"image\":{\"@id\":\"https:\\\/\\\/conexbooks.de\\\/a\\\/shop\\\/#\\\/schema\\\/logo\\\/image\\\/\"}}]}<\/script>\n<!-- \/ Yoast SEO plugin. -->","yoast_head_json":{"title":"Zorn positiv nutzen - Das kleine \u00dcbungsheft - Conex-Shop","robots":{"index":"index","follow":"follow","max-snippet":"max-snippet:-1","max-image-preview":"max-image-preview:large","max-video-preview":"max-video-preview:-1"},"canonical":"https:\/\/conexbooks.de\/a\/shop\/produkt\/lebenshilfe-auf-voellig-neue-art-kreativ-witzig-interaktiv-11\/","og_locale":"de_DE","og_type":"article","og_title":"Zorn positiv nutzen - Das kleine \u00dcbungsheft - Conex-Shop","og_description":"Lebenshilfe auf v\u00f6llig neue Art: Kreativ, witzig, interaktiv Yves Alexandre Thalmann Scorpio -Verlag 2013  Aus dem Franz\u00f6sischen von Claudia Seele-Nyima  Illustriert von Jean Augagneur  64 Seiten, broschiert, Format A5,","og_url":"https:\/\/conexbooks.de\/a\/shop\/produkt\/lebenshilfe-auf-voellig-neue-art-kreativ-witzig-interaktiv-11\/","og_site_name":"Conex-Shop","article_modified_time":"2025-11-05T12:37:08+00:00","og_image":[{"width":125,"height":162,"url":"https:\/\/conexbooks.de\/a\/shop\/wp-content\/uploads\/2017\/11\/713.jpg","type":"image\/jpeg"}],"twitter_card":"summary_large_image","twitter_misc":{"Gesch\u00e4tzte Lesezeit":"1\u00a0Minute"},"schema":{"@context":"https:\/\/schema.org","@graph":[{"@type":"WebPage","@id":"https:\/\/conexbooks.de\/a\/shop\/produkt\/lebenshilfe-auf-voellig-neue-art-kreativ-witzig-interaktiv-11\/","url":"https:\/\/conexbooks.de\/a\/shop\/produkt\/lebenshilfe-auf-voellig-neue-art-kreativ-witzig-interaktiv-11\/","name":"Zorn positiv nutzen - Das kleine \u00dcbungsheft - Conex-Shop","isPartOf":{"@id":"https:\/\/conexbooks.de\/a\/shop\/#website"},"primaryImageOfPage":{"@id":"https:\/\/conexbooks.de\/a\/shop\/produkt\/lebenshilfe-auf-voellig-neue-art-kreativ-witzig-interaktiv-11\/#primaryimage"},"image":{"@id":"https:\/\/conexbooks.de\/a\/shop\/produkt\/lebenshilfe-auf-voellig-neue-art-kreativ-witzig-interaktiv-11\/#primaryimage"},"thumbnailUrl":"https:\/\/conexbooks.de\/a\/shop\/wp-content\/uploads\/2017\/11\/713.jpg","datePublished":"2017-11-14T19:10:29+00:00","dateModified":"2025-11-05T12:37:08+00:00","breadcrumb":{"@id":"https:\/\/conexbooks.de\/a\/shop\/produkt\/lebenshilfe-auf-voellig-neue-art-kreativ-witzig-interaktiv-11\/#breadcrumb"},"inLanguage":"de","potentialAction":[{"@type":"ReadAction","target":["https:\/\/conexbooks.de\/a\/shop\/produkt\/lebenshilfe-auf-voellig-neue-art-kreativ-witzig-interaktiv-11\/"]}]},{"@type":"ImageObject","inLanguage":"de","@id":"https:\/\/conexbooks.de\/a\/shop\/produkt\/lebenshilfe-auf-voellig-neue-art-kreativ-witzig-interaktiv-11\/#primaryimage","url":"https:\/\/conexbooks.de\/a\/shop\/wp-content\/uploads\/2017\/11\/713.jpg","contentUrl":"https:\/\/conexbooks.de\/a\/shop\/wp-content\/uploads\/2017\/11\/713.jpg","width":125,"height":162},{"@type":"BreadcrumbList","@id":"https:\/\/conexbooks.de\/a\/shop\/produkt\/lebenshilfe-auf-voellig-neue-art-kreativ-witzig-interaktiv-11\/#breadcrumb","itemListElement":[{"@type":"ListItem","position":1,"name":"Home","item":"https:\/\/conexbooks.de\/a\/shop\/"},{"@type":"ListItem","position":2,"name":"Shop","item":"https:\/\/conexbooks.de\/a\/shop\/shop\/"},{"@type":"ListItem","position":3,"name":"Zorn positiv nutzen &#8211; Das kleine \u00dcbungsheft"}]},{"@type":"WebSite","@id":"https:\/\/conexbooks.de\/a\/shop\/#website","url":"https:\/\/conexbooks.de\/a\/shop\/","name":"Conex-Shop","description":"Alles f\u00fcr die gewaltfreie Kommunikation: B\u00fccher, Spiele. Handpuppen Seminarmaterial und Geschenke","publisher":{"@id":"https:\/\/conexbooks.de\/a\/shop\/#organization"},"potentialAction":[{"@type":"SearchAction","target":{"@type":"EntryPoint","urlTemplate":"https:\/\/conexbooks.de\/a\/shop\/?s={search_term_string}"},"query-input":{"@type":"PropertyValueSpecification","valueRequired":true,"valueName":"search_term_string"}}],"inLanguage":"de"},{"@type":"Organization","@id":"https:\/\/conexbooks.de\/a\/shop\/#organization","name":"Conex - books and more","url":"https:\/\/conexbooks.de\/a\/shop\/","logo":{"@type":"ImageObject","inLanguage":"de","@id":"https:\/\/conexbooks.de\/a\/shop\/#\/schema\/logo\/image\/","url":"https:\/\/conexbooks.de\/a\/shop\/wp-content\/uploads\/2017\/12\/co-logo.png","contentUrl":"https:\/\/conexbooks.de\/a\/shop\/wp-content\/uploads\/2017\/12\/co-logo.png","width":243,"height":122,"caption":"Conex - books and more"},"image":{"@id":"https:\/\/conexbooks.de\/a\/shop\/#\/schema\/logo\/image\/"}}]}},"_links":{"self":[{"href":"https:\/\/conexbooks.de\/a\/shop\/wp-json\/wp\/v2\/product\/1150","targetHints":{"allow":["GET"]}}],"collection":[{"href":"https:\/\/conexbooks.de\/a\/shop\/wp-json\/wp\/v2\/product"}],"about":[{"href":"https:\/\/conexbooks.de\/a\/shop\/wp-json\/wp\/v2\/types\/product"}],"wp:featuredmedia":[{"embeddable":true,"href":"https:\/\/conexbooks.de\/a\/shop\/wp-json\/wp\/v2\/media\/1398"}],"wp:attachment":[{"href":"https:\/\/conexbooks.de\/a\/shop\/wp-json\/wp\/v2\/media?parent=1150"}],"wp:term":[{"taxonomy":"product_brand","embeddable":true,"href":"https:\/\/conexbooks.de\/a\/shop\/wp-json\/wp\/v2\/product_brand?post=1150"},{"taxonomy":"product_cat","embeddable":true,"href":"https:\/\/conexbooks.de\/a\/shop\/wp-json\/wp\/v2\/product_cat?post=1150"},{"taxonomy":"product_tag","embeddable":true,"href":"https:\/\/conexbooks.de\/a\/shop\/wp-json\/wp\/v2\/product_tag?post=1150"}],"curies":[{"name":"wp","href":"https:\/\/api.w.org\/{rel}","templated":true}]}}