{"id":1157,"date":"2017-11-14T20:10:30","date_gmt":"2017-11-14T19:10:30","guid":{"rendered":"https:\/\/conexbooks.de\/a\/shop\/wp\/produkt\/schreibblock-mit-den-4-gfk-schritten-zum-ausfuellen-2\/"},"modified":"2026-02-24T22:41:15","modified_gmt":"2026-02-24T21:41:15","slug":"schreibblock-mit-den-4-gfk-schritten-zum-ausfuellen-2","status":"publish","type":"product","link":"https:\/\/conexbooks.de\/a\/shop\/produkt\/schreibblock-mit-den-4-gfk-schritten-zum-ausfuellen-2\/","title":{"rendered":"Giraffen-Journal"},"content":{"rendered":"<h4>Giraffen-Journal<\/h4>\n<h4>Schreibblock mit den 4 GFK-Schritten zum ausf\u00fcllen<\/h4>\n<p>Dieser Schreibblock mit 50 Blatt in Leimbindung aus wei\u00dfem Naturpapier (80g\/qm) dient als Unterst\u00fctzung f\u00fcr Menschen, die den Prozess der Gewaltfreien Kommunikation nach Marshall Rosenberg in ihrem Alltag anwenden m\u00f6chten. Auch Unge\u00fcbte k\u00f6nnen so die einzelnen Schritte durcharbeiten, Bewertungen und Anklagen in Beobachtungen und Gef\u00fchle umwandeln und \u00fcber die eigenen Bed\u00fcrfnisse zu einer Bitte finden, die keine Forderung mehr ist.<\/p>\n<p>\u00dcbungsziel: Empathie<\/p>\n<p>Die aparten Zeichnungen der Schweizer GfK-Trainerin Sylvie H\u00f6rning (zert.) laden dazu ein, bewertende Gedanken n\u00e4her zu untersuchen und zu einem gewaltfreien Umgang mit schwierigen Themen zu finden. Das eigene Verhalten oder die Handlungen anderer k\u00f6nnen so in ganz neuem Licht betrachtet werden. Es entsteht ein tieferes Verst\u00e4ndnis f\u00fcr das eigene Tun oder die guten Absichten des Gegen\u00fcbers.<\/p>\n<p>Praktisch: Giraffen-Tagebuch<\/p>\n<p>Wer sich mit dem Gedanken tr\u00e4gt, eine Zertifizierung als GfK-Trainer anzustreben, hat mit diesem Giraffen-Journal\u00a0ein sinnvolles Werkzeug zum F\u00fchren des obligatorischen Tagebuchs zur Hand. Einfach die B\u00f6gen je nach Anlass ausf\u00fcllen, Tagesdatum eintragen und die einzelnen Bl\u00e4tter abheften: Die praktische Lochung erleichtert die Archivierung.<\/p>\n<p>F\u00fcr Trainerinnen und Trainer<\/p>\n<p>Einzelne B\u00f6gen des Giraffen-Journals\u00a0lassen sich auch in Seminar und \u00dcbungsgruppe einsetzen: Wenn ein Teilnehmer vor der Gruppe an seinem Thema arbeitet, k\u00f6nnen die Zuschauer auf den Bl\u00e4ttern wahlweise Empathie f\u00fcr den Kollegen notieren (was f\u00fchlt der Teilnehmer mutma\u00dflich, und was sind seine Bed\u00fcrfnisse?) oder die Verbindung zu sich selbst \u00fcben: Wie geht es mir, wenn ich das h\u00f6re? Die Beitr\u00e4ge werden dann sp\u00e4ter im Plenum eingeordnet.<\/p>\n<p>&nbsp;<\/p>\n<div id='1' class='widgets_on_page wop_tiny1  wop_small1  wop_medium1  wop_large1  wop_wide1'>\n\t\t\t<ul><li id=\"custom_html-4\" class=\"widget_text widget widget_custom_html\"><div class=\"textwidget custom-html-widget\"><div style=\"text-align:left;\">\r\n<button class = \"button\" style=\"height: 30px; font-size: 0.8em;\" name=\"zuruck\" type=\"button\" onclick=\"history.back()\">Zur\u00fcck zur \u00dcbersicht<\/button><\/div><\/div><\/li><\/ul><\/div><!-- widgets_on_page -->\n","protected":false},"excerpt":{"rendered":"<h3>Schreibblock mit den 4 GFK-Schritten zum ausf\u00fcllen<\/h3>\n<p>A5-Block a 50 Blatt<\/p>\n<p>heruasgegeben von Empathikon.de<\/p>\n<p>&nbsp;<\/p>\n","protected":false},"featured_media":2074,"template":"","meta":[],"product_brand":[],"product_cat":[51,47],"product_tag":[],"class_list":{"0":"post-1157","1":"product","2":"type-product","3":"status-publish","4":"has-post-thumbnail","6":"product_cat-seminarmaterial","7":"product_cat-sonstiges","9":"first","10":"instock","11":"shipping-taxable","12":"purchasable","13":"product-type-simple"},"yoast_head":"<!-- This site is optimized with the Yoast SEO plugin v27.4 - https:\/\/yoast.com\/product\/yoast-seo-wordpress\/ -->\n<title>Giraffen-Journal - Conex-Shop<\/title>\n<meta name=\"robots\" content=\"index, follow, max-snippet:-1, max-image-preview:large, max-video-preview:-1\" \/>\n<link rel=\"canonical\" href=\"https:\/\/conexbooks.de\/a\/shop\/produkt\/schreibblock-mit-den-4-gfk-schritten-zum-ausfuellen-2\/\" \/>\n<meta property=\"og:locale\" content=\"de_DE\" \/>\n<meta property=\"og:type\" content=\"article\" \/>\n<meta property=\"og:title\" content=\"Giraffen-Journal - Conex-Shop\" \/>\n<meta property=\"og:description\" content=\"Schreibblock mit den 4 GFK-Schritten zum ausf\u00fcllen A5-Block a 50 Blatt  heruasgegeben von Empathikon.de  &nbsp;\" \/>\n<meta property=\"og:url\" content=\"https:\/\/conexbooks.de\/a\/shop\/produkt\/schreibblock-mit-den-4-gfk-schritten-zum-ausfuellen-2\/\" \/>\n<meta property=\"og:site_name\" content=\"Conex-Shop\" \/>\n<meta property=\"article:modified_time\" content=\"2026-02-24T21:41:15+00:00\" \/>\n<meta property=\"og:image\" content=\"https:\/\/conexbooks.de\/a\/shop\/wp-content\/uploads\/2017\/11\/621.jpg\" \/>\n\t<meta property=\"og:image:width\" content=\"602\" \/>\n\t<meta property=\"og:image:height\" content=\"400\" \/>\n\t<meta property=\"og:image:type\" content=\"image\/jpeg\" \/>\n<meta name=\"twitter:card\" content=\"summary_large_image\" \/>\n<meta name=\"twitter:label1\" content=\"Gesch\u00e4tzte Lesezeit\" \/>\n\t<meta name=\"twitter:data1\" content=\"1\u00a0Minute\" \/>\n<script type=\"application\/ld+json\" class=\"yoast-schema-graph\">{\"@context\":\"https:\\\/\\\/schema.org\",\"@graph\":[{\"@type\":\"WebPage\",\"@id\":\"https:\\\/\\\/conexbooks.de\\\/a\\\/shop\\\/produkt\\\/schreibblock-mit-den-4-gfk-schritten-zum-ausfuellen-2\\\/\",\"url\":\"https:\\\/\\\/conexbooks.de\\\/a\\\/shop\\\/produkt\\\/schreibblock-mit-den-4-gfk-schritten-zum-ausfuellen-2\\\/\",\"name\":\"Giraffen-Journal - Conex-Shop\",\"isPartOf\":{\"@id\":\"https:\\\/\\\/conexbooks.de\\\/a\\\/shop\\\/#website\"},\"primaryImageOfPage\":{\"@id\":\"https:\\\/\\\/conexbooks.de\\\/a\\\/shop\\\/produkt\\\/schreibblock-mit-den-4-gfk-schritten-zum-ausfuellen-2\\\/#primaryimage\"},\"image\":{\"@id\":\"https:\\\/\\\/conexbooks.de\\\/a\\\/shop\\\/produkt\\\/schreibblock-mit-den-4-gfk-schritten-zum-ausfuellen-2\\\/#primaryimage\"},\"thumbnailUrl\":\"https:\\\/\\\/conexbooks.de\\\/a\\\/shop\\\/wp-content\\\/uploads\\\/2017\\\/11\\\/621.jpg\",\"datePublished\":\"2017-11-14T19:10:30+00:00\",\"dateModified\":\"2026-02-24T21:41:15+00:00\",\"breadcrumb\":{\"@id\":\"https:\\\/\\\/conexbooks.de\\\/a\\\/shop\\\/produkt\\\/schreibblock-mit-den-4-gfk-schritten-zum-ausfuellen-2\\\/#breadcrumb\"},\"inLanguage\":\"de\",\"potentialAction\":[{\"@type\":\"ReadAction\",\"target\":[\"https:\\\/\\\/conexbooks.de\\\/a\\\/shop\\\/produkt\\\/schreibblock-mit-den-4-gfk-schritten-zum-ausfuellen-2\\\/\"]}]},{\"@type\":\"ImageObject\",\"inLanguage\":\"de\",\"@id\":\"https:\\\/\\\/conexbooks.de\\\/a\\\/shop\\\/produkt\\\/schreibblock-mit-den-4-gfk-schritten-zum-ausfuellen-2\\\/#primaryimage\",\"url\":\"https:\\\/\\\/conexbooks.de\\\/a\\\/shop\\\/wp-content\\\/uploads\\\/2017\\\/11\\\/621.jpg\",\"contentUrl\":\"https:\\\/\\\/conexbooks.de\\\/a\\\/shop\\\/wp-content\\\/uploads\\\/2017\\\/11\\\/621.jpg\",\"width\":602,\"height\":400},{\"@type\":\"BreadcrumbList\",\"@id\":\"https:\\\/\\\/conexbooks.de\\\/a\\\/shop\\\/produkt\\\/schreibblock-mit-den-4-gfk-schritten-zum-ausfuellen-2\\\/#breadcrumb\",\"itemListElement\":[{\"@type\":\"ListItem\",\"position\":1,\"name\":\"Home\",\"item\":\"https:\\\/\\\/conexbooks.de\\\/a\\\/shop\\\/\"},{\"@type\":\"ListItem\",\"position\":2,\"name\":\"Shop\",\"item\":\"https:\\\/\\\/conexbooks.de\\\/a\\\/shop\\\/shop\\\/\"},{\"@type\":\"ListItem\",\"position\":3,\"name\":\"Giraffen-Journal\"}]},{\"@type\":\"WebSite\",\"@id\":\"https:\\\/\\\/conexbooks.de\\\/a\\\/shop\\\/#website\",\"url\":\"https:\\\/\\\/conexbooks.de\\\/a\\\/shop\\\/\",\"name\":\"Conex-Shop\",\"description\":\"Alles f\u00fcr die gewaltfreie Kommunikation: B\u00fccher, Spiele. Handpuppen Seminarmaterial und Geschenke\",\"publisher\":{\"@id\":\"https:\\\/\\\/conexbooks.de\\\/a\\\/shop\\\/#organization\"},\"potentialAction\":[{\"@type\":\"SearchAction\",\"target\":{\"@type\":\"EntryPoint\",\"urlTemplate\":\"https:\\\/\\\/conexbooks.de\\\/a\\\/shop\\\/?s={search_term_string}\"},\"query-input\":{\"@type\":\"PropertyValueSpecification\",\"valueRequired\":true,\"valueName\":\"search_term_string\"}}],\"inLanguage\":\"de\"},{\"@type\":\"Organization\",\"@id\":\"https:\\\/\\\/conexbooks.de\\\/a\\\/shop\\\/#organization\",\"name\":\"Conex - books and more\",\"url\":\"https:\\\/\\\/conexbooks.de\\\/a\\\/shop\\\/\",\"logo\":{\"@type\":\"ImageObject\",\"inLanguage\":\"de\",\"@id\":\"https:\\\/\\\/conexbooks.de\\\/a\\\/shop\\\/#\\\/schema\\\/logo\\\/image\\\/\",\"url\":\"https:\\\/\\\/conexbooks.de\\\/a\\\/shop\\\/wp-content\\\/uploads\\\/2017\\\/12\\\/co-logo.png\",\"contentUrl\":\"https:\\\/\\\/conexbooks.de\\\/a\\\/shop\\\/wp-content\\\/uploads\\\/2017\\\/12\\\/co-logo.png\",\"width\":243,\"height\":122,\"caption\":\"Conex - books and more\"},\"image\":{\"@id\":\"https:\\\/\\\/conexbooks.de\\\/a\\\/shop\\\/#\\\/schema\\\/logo\\\/image\\\/\"}}]}<\/script>\n<!-- \/ Yoast SEO plugin. -->","yoast_head_json":{"title":"Giraffen-Journal - Conex-Shop","robots":{"index":"index","follow":"follow","max-snippet":"max-snippet:-1","max-image-preview":"max-image-preview:large","max-video-preview":"max-video-preview:-1"},"canonical":"https:\/\/conexbooks.de\/a\/shop\/produkt\/schreibblock-mit-den-4-gfk-schritten-zum-ausfuellen-2\/","og_locale":"de_DE","og_type":"article","og_title":"Giraffen-Journal - Conex-Shop","og_description":"Schreibblock mit den 4 GFK-Schritten zum ausf\u00fcllen A5-Block a 50 Blatt  heruasgegeben von Empathikon.de  &nbsp;","og_url":"https:\/\/conexbooks.de\/a\/shop\/produkt\/schreibblock-mit-den-4-gfk-schritten-zum-ausfuellen-2\/","og_site_name":"Conex-Shop","article_modified_time":"2026-02-24T21:41:15+00:00","og_image":[{"width":602,"height":400,"url":"https:\/\/conexbooks.de\/a\/shop\/wp-content\/uploads\/2017\/11\/621.jpg","type":"image\/jpeg"}],"twitter_card":"summary_large_image","twitter_misc":{"Gesch\u00e4tzte Lesezeit":"1\u00a0Minute"},"schema":{"@context":"https:\/\/schema.org","@graph":[{"@type":"WebPage","@id":"https:\/\/conexbooks.de\/a\/shop\/produkt\/schreibblock-mit-den-4-gfk-schritten-zum-ausfuellen-2\/","url":"https:\/\/conexbooks.de\/a\/shop\/produkt\/schreibblock-mit-den-4-gfk-schritten-zum-ausfuellen-2\/","name":"Giraffen-Journal - Conex-Shop","isPartOf":{"@id":"https:\/\/conexbooks.de\/a\/shop\/#website"},"primaryImageOfPage":{"@id":"https:\/\/conexbooks.de\/a\/shop\/produkt\/schreibblock-mit-den-4-gfk-schritten-zum-ausfuellen-2\/#primaryimage"},"image":{"@id":"https:\/\/conexbooks.de\/a\/shop\/produkt\/schreibblock-mit-den-4-gfk-schritten-zum-ausfuellen-2\/#primaryimage"},"thumbnailUrl":"https:\/\/conexbooks.de\/a\/shop\/wp-content\/uploads\/2017\/11\/621.jpg","datePublished":"2017-11-14T19:10:30+00:00","dateModified":"2026-02-24T21:41:15+00:00","breadcrumb":{"@id":"https:\/\/conexbooks.de\/a\/shop\/produkt\/schreibblock-mit-den-4-gfk-schritten-zum-ausfuellen-2\/#breadcrumb"},"inLanguage":"de","potentialAction":[{"@type":"ReadAction","target":["https:\/\/conexbooks.de\/a\/shop\/produkt\/schreibblock-mit-den-4-gfk-schritten-zum-ausfuellen-2\/"]}]},{"@type":"ImageObject","inLanguage":"de","@id":"https:\/\/conexbooks.de\/a\/shop\/produkt\/schreibblock-mit-den-4-gfk-schritten-zum-ausfuellen-2\/#primaryimage","url":"https:\/\/conexbooks.de\/a\/shop\/wp-content\/uploads\/2017\/11\/621.jpg","contentUrl":"https:\/\/conexbooks.de\/a\/shop\/wp-content\/uploads\/2017\/11\/621.jpg","width":602,"height":400},{"@type":"BreadcrumbList","@id":"https:\/\/conexbooks.de\/a\/shop\/produkt\/schreibblock-mit-den-4-gfk-schritten-zum-ausfuellen-2\/#breadcrumb","itemListElement":[{"@type":"ListItem","position":1,"name":"Home","item":"https:\/\/conexbooks.de\/a\/shop\/"},{"@type":"ListItem","position":2,"name":"Shop","item":"https:\/\/conexbooks.de\/a\/shop\/shop\/"},{"@type":"ListItem","position":3,"name":"Giraffen-Journal"}]},{"@type":"WebSite","@id":"https:\/\/conexbooks.de\/a\/shop\/#website","url":"https:\/\/conexbooks.de\/a\/shop\/","name":"Conex-Shop","description":"Alles f\u00fcr die gewaltfreie Kommunikation: B\u00fccher, Spiele. Handpuppen Seminarmaterial und Geschenke","publisher":{"@id":"https:\/\/conexbooks.de\/a\/shop\/#organization"},"potentialAction":[{"@type":"SearchAction","target":{"@type":"EntryPoint","urlTemplate":"https:\/\/conexbooks.de\/a\/shop\/?s={search_term_string}"},"query-input":{"@type":"PropertyValueSpecification","valueRequired":true,"valueName":"search_term_string"}}],"inLanguage":"de"},{"@type":"Organization","@id":"https:\/\/conexbooks.de\/a\/shop\/#organization","name":"Conex - books and more","url":"https:\/\/conexbooks.de\/a\/shop\/","logo":{"@type":"ImageObject","inLanguage":"de","@id":"https:\/\/conexbooks.de\/a\/shop\/#\/schema\/logo\/image\/","url":"https:\/\/conexbooks.de\/a\/shop\/wp-content\/uploads\/2017\/12\/co-logo.png","contentUrl":"https:\/\/conexbooks.de\/a\/shop\/wp-content\/uploads\/2017\/12\/co-logo.png","width":243,"height":122,"caption":"Conex - books and more"},"image":{"@id":"https:\/\/conexbooks.de\/a\/shop\/#\/schema\/logo\/image\/"}}]}},"_links":{"self":[{"href":"https:\/\/conexbooks.de\/a\/shop\/wp-json\/wp\/v2\/product\/1157","targetHints":{"allow":["GET"]}}],"collection":[{"href":"https:\/\/conexbooks.de\/a\/shop\/wp-json\/wp\/v2\/product"}],"about":[{"href":"https:\/\/conexbooks.de\/a\/shop\/wp-json\/wp\/v2\/types\/product"}],"wp:featuredmedia":[{"embeddable":true,"href":"https:\/\/conexbooks.de\/a\/shop\/wp-json\/wp\/v2\/media\/2074"}],"wp:attachment":[{"href":"https:\/\/conexbooks.de\/a\/shop\/wp-json\/wp\/v2\/media?parent=1157"}],"wp:term":[{"taxonomy":"product_brand","embeddable":true,"href":"https:\/\/conexbooks.de\/a\/shop\/wp-json\/wp\/v2\/product_brand?post=1157"},{"taxonomy":"product_cat","embeddable":true,"href":"https:\/\/conexbooks.de\/a\/shop\/wp-json\/wp\/v2\/product_cat?post=1157"},{"taxonomy":"product_tag","embeddable":true,"href":"https:\/\/conexbooks.de\/a\/shop\/wp-json\/wp\/v2\/product_tag?post=1157"}],"curies":[{"name":"wp","href":"https:\/\/api.w.org\/{rel}","templated":true}]}}