{"id":1165,"date":"2017-11-14T20:10:31","date_gmt":"2017-11-14T19:10:31","guid":{"rendered":"https:\/\/conexbooks.de\/a\/shop\/wp\/produkt\/warum-streiten-wichtig-ist-und-wie-es-konstruktiv-wird\/"},"modified":"2023-05-31T23:03:39","modified_gmt":"2023-05-31T21:03:39","slug":"warum-streiten-wichtig-ist-und-wie-es-konstruktiv-wird","status":"publish","type":"product","link":"https:\/\/conexbooks.de\/a\/shop\/produkt\/warum-streiten-wichtig-ist-und-wie-es-konstruktiv-wird\/","title":{"rendered":"Und wie streiten Sie?"},"content":{"rendered":"<h3>Und wie streiten Sie?<\/h3>\n<h4>Eveline Degani<\/h4>\n<p>Viele Menschen assoziieren mit Streit negative Erfahrungen. Doch wer sich dem Streit stellt, entdeckt neue L\u00f6sungsm\u00f6glichkeiten. Konstruktives Streiten belebt, baut Spannungen ab, hilft, zum Wesentlichen zu gelangen und kann so die Beziehung vertiefen. Eveline Degani-Bischof arbeitet als Konfliktp\u00e4dagogin und Mediatorin. Sie ist Mutter von vier Kindern und leitet mit ihrem Mann Kommunikationstrainings und Streitseminare. In ihrem Buch \u201eUnd wie streiten Sie?\u201c erz\u00e4hlt sie anhand zahlreicher Beispiele, wie Konflikte konstruktiv gel\u00f6st werden k\u00f6nnen. Dabei stellt sie hilfreiche Konfliktl\u00f6sungsmodelle vor, die den Alltag erleichtern. So kann aus einer Vielfalt erfolgreicher Methoden, die mit Alltagsbeispielen illustriert sind, der eigene Streitstil entwickelt werden. Im Zentrum steht der Gedanke, durch das Streiten neue M\u00f6glichkeiten zu entdecken. Daf\u00fcr ist es wichtig, die Erfahrungen als wertneutral zu begreifen und L\u00f6sungen zu kreieren, die f\u00fcr alle Beteiligten stimmig sind.<\/p>\n<p>Konstruktives Streiten belebt und baut Spannungen ab. Es hilft, zum Wesentlichen zu gelangen und kann so die Beziehung vertiefen. Dieses Buch erz\u00e4hlt anhand verschiedener Alltagsbeispielen, wie Streit konstruktiv werden kann. Dabei wird ber\u00fccksichtigt, dass es verschiedene Streittypen und Streitformen gibt. Dieses Buch l\u00e4dt Sie ein, herauszufinden, welche Streitform Ihnen entspricht und welchen Streitstil Sie entwickeln m\u00f6chten.<\/p>\n<p>&nbsp;<\/p>\n<div id='1' class='widgets_on_page wop_tiny1  wop_small1  wop_medium1  wop_large1  wop_wide1'>\n\t\t\t<ul><li id=\"custom_html-4\" class=\"widget_text widget widget_custom_html\"><div class=\"textwidget custom-html-widget\"><div style=\"text-align:left;\">\r\n<button class = \"button\" style=\"height: 30px; font-size: 0.8em;\" name=\"zuruck\" type=\"button\" onclick=\"history.back()\">Zur\u00fcck zur \u00dcbersicht<\/button><\/div><\/div><\/li><\/ul><\/div><!-- widgets_on_page -->\n","protected":false},"excerpt":{"rendered":"<h3>Eveline Degani<\/h3>\n<h3>Warum Streiten wichtig ist und wie es konstruktiv wird.<\/h3>\n<p>Verlag tredition<br \/>\nFormat: 15,5 x 22 cm<\/p>\n","protected":false},"featured_media":2016,"template":"","meta":[],"product_brand":[],"product_cat":[36,44],"product_tag":[],"class_list":{"0":"post-1165","1":"product","2":"type-product","3":"status-publish","4":"has-post-thumbnail","6":"product_cat-deutsche-buecher","7":"product_cat-konflikte","9":"first","10":"instock","11":"shipping-taxable","12":"purchasable","13":"product-type-simple"},"yoast_head":"<!-- This site is optimized with the Yoast SEO plugin v27.4 - https:\/\/yoast.com\/product\/yoast-seo-wordpress\/ -->\n<title>Und wie streiten Sie? - Conex-Shop<\/title>\n<meta name=\"robots\" content=\"index, follow, max-snippet:-1, max-image-preview:large, max-video-preview:-1\" \/>\n<link rel=\"canonical\" href=\"https:\/\/conexbooks.de\/a\/shop\/produkt\/warum-streiten-wichtig-ist-und-wie-es-konstruktiv-wird\/\" \/>\n<meta property=\"og:locale\" content=\"de_DE\" \/>\n<meta property=\"og:type\" content=\"article\" \/>\n<meta property=\"og:title\" content=\"Und wie streiten Sie? - Conex-Shop\" \/>\n<meta property=\"og:description\" content=\"Eveline Degani Warum Streiten wichtig ist und wie es konstruktiv wird. Verlag tredition Format: 15,5 x 22 cm\" \/>\n<meta property=\"og:url\" content=\"https:\/\/conexbooks.de\/a\/shop\/produkt\/warum-streiten-wichtig-ist-und-wie-es-konstruktiv-wird\/\" \/>\n<meta property=\"og:site_name\" content=\"Conex-Shop\" \/>\n<meta property=\"article:modified_time\" content=\"2023-05-31T21:03:39+00:00\" \/>\n<meta property=\"og:image\" content=\"https:\/\/conexbooks.de\/a\/shop\/wp-content\/uploads\/2017\/12\/050.jpg\" \/>\n\t<meta property=\"og:image:width\" content=\"282\" \/>\n\t<meta property=\"og:image:height\" content=\"400\" \/>\n\t<meta property=\"og:image:type\" content=\"image\/jpeg\" \/>\n<meta name=\"twitter:card\" content=\"summary_large_image\" \/>\n<meta name=\"twitter:label1\" content=\"Gesch\u00e4tzte Lesezeit\" \/>\n\t<meta name=\"twitter:data1\" content=\"1\u00a0Minute\" \/>\n<script type=\"application\/ld+json\" class=\"yoast-schema-graph\">{\"@context\":\"https:\\\/\\\/schema.org\",\"@graph\":[{\"@type\":\"WebPage\",\"@id\":\"https:\\\/\\\/conexbooks.de\\\/a\\\/shop\\\/produkt\\\/warum-streiten-wichtig-ist-und-wie-es-konstruktiv-wird\\\/\",\"url\":\"https:\\\/\\\/conexbooks.de\\\/a\\\/shop\\\/produkt\\\/warum-streiten-wichtig-ist-und-wie-es-konstruktiv-wird\\\/\",\"name\":\"Und wie streiten Sie? - Conex-Shop\",\"isPartOf\":{\"@id\":\"https:\\\/\\\/conexbooks.de\\\/a\\\/shop\\\/#website\"},\"primaryImageOfPage\":{\"@id\":\"https:\\\/\\\/conexbooks.de\\\/a\\\/shop\\\/produkt\\\/warum-streiten-wichtig-ist-und-wie-es-konstruktiv-wird\\\/#primaryimage\"},\"image\":{\"@id\":\"https:\\\/\\\/conexbooks.de\\\/a\\\/shop\\\/produkt\\\/warum-streiten-wichtig-ist-und-wie-es-konstruktiv-wird\\\/#primaryimage\"},\"thumbnailUrl\":\"https:\\\/\\\/conexbooks.de\\\/a\\\/shop\\\/wp-content\\\/uploads\\\/2017\\\/12\\\/050.jpg\",\"datePublished\":\"2017-11-14T19:10:31+00:00\",\"dateModified\":\"2023-05-31T21:03:39+00:00\",\"breadcrumb\":{\"@id\":\"https:\\\/\\\/conexbooks.de\\\/a\\\/shop\\\/produkt\\\/warum-streiten-wichtig-ist-und-wie-es-konstruktiv-wird\\\/#breadcrumb\"},\"inLanguage\":\"de\",\"potentialAction\":[{\"@type\":\"ReadAction\",\"target\":[\"https:\\\/\\\/conexbooks.de\\\/a\\\/shop\\\/produkt\\\/warum-streiten-wichtig-ist-und-wie-es-konstruktiv-wird\\\/\"]}]},{\"@type\":\"ImageObject\",\"inLanguage\":\"de\",\"@id\":\"https:\\\/\\\/conexbooks.de\\\/a\\\/shop\\\/produkt\\\/warum-streiten-wichtig-ist-und-wie-es-konstruktiv-wird\\\/#primaryimage\",\"url\":\"https:\\\/\\\/conexbooks.de\\\/a\\\/shop\\\/wp-content\\\/uploads\\\/2017\\\/12\\\/050.jpg\",\"contentUrl\":\"https:\\\/\\\/conexbooks.de\\\/a\\\/shop\\\/wp-content\\\/uploads\\\/2017\\\/12\\\/050.jpg\",\"width\":282,\"height\":400},{\"@type\":\"BreadcrumbList\",\"@id\":\"https:\\\/\\\/conexbooks.de\\\/a\\\/shop\\\/produkt\\\/warum-streiten-wichtig-ist-und-wie-es-konstruktiv-wird\\\/#breadcrumb\",\"itemListElement\":[{\"@type\":\"ListItem\",\"position\":1,\"name\":\"Home\",\"item\":\"https:\\\/\\\/conexbooks.de\\\/a\\\/shop\\\/\"},{\"@type\":\"ListItem\",\"position\":2,\"name\":\"Shop\",\"item\":\"https:\\\/\\\/conexbooks.de\\\/a\\\/shop\\\/shop\\\/\"},{\"@type\":\"ListItem\",\"position\":3,\"name\":\"Und wie streiten Sie?\"}]},{\"@type\":\"WebSite\",\"@id\":\"https:\\\/\\\/conexbooks.de\\\/a\\\/shop\\\/#website\",\"url\":\"https:\\\/\\\/conexbooks.de\\\/a\\\/shop\\\/\",\"name\":\"Conex-Shop\",\"description\":\"Alles f\u00fcr die gewaltfreie Kommunikation: B\u00fccher, Spiele. Handpuppen Seminarmaterial und Geschenke\",\"publisher\":{\"@id\":\"https:\\\/\\\/conexbooks.de\\\/a\\\/shop\\\/#organization\"},\"potentialAction\":[{\"@type\":\"SearchAction\",\"target\":{\"@type\":\"EntryPoint\",\"urlTemplate\":\"https:\\\/\\\/conexbooks.de\\\/a\\\/shop\\\/?s={search_term_string}\"},\"query-input\":{\"@type\":\"PropertyValueSpecification\",\"valueRequired\":true,\"valueName\":\"search_term_string\"}}],\"inLanguage\":\"de\"},{\"@type\":\"Organization\",\"@id\":\"https:\\\/\\\/conexbooks.de\\\/a\\\/shop\\\/#organization\",\"name\":\"Conex - books and more\",\"url\":\"https:\\\/\\\/conexbooks.de\\\/a\\\/shop\\\/\",\"logo\":{\"@type\":\"ImageObject\",\"inLanguage\":\"de\",\"@id\":\"https:\\\/\\\/conexbooks.de\\\/a\\\/shop\\\/#\\\/schema\\\/logo\\\/image\\\/\",\"url\":\"https:\\\/\\\/conexbooks.de\\\/a\\\/shop\\\/wp-content\\\/uploads\\\/2017\\\/12\\\/co-logo.png\",\"contentUrl\":\"https:\\\/\\\/conexbooks.de\\\/a\\\/shop\\\/wp-content\\\/uploads\\\/2017\\\/12\\\/co-logo.png\",\"width\":243,\"height\":122,\"caption\":\"Conex - books and more\"},\"image\":{\"@id\":\"https:\\\/\\\/conexbooks.de\\\/a\\\/shop\\\/#\\\/schema\\\/logo\\\/image\\\/\"}}]}<\/script>\n<!-- \/ Yoast SEO plugin. -->","yoast_head_json":{"title":"Und wie streiten Sie? - Conex-Shop","robots":{"index":"index","follow":"follow","max-snippet":"max-snippet:-1","max-image-preview":"max-image-preview:large","max-video-preview":"max-video-preview:-1"},"canonical":"https:\/\/conexbooks.de\/a\/shop\/produkt\/warum-streiten-wichtig-ist-und-wie-es-konstruktiv-wird\/","og_locale":"de_DE","og_type":"article","og_title":"Und wie streiten Sie? - Conex-Shop","og_description":"Eveline Degani Warum Streiten wichtig ist und wie es konstruktiv wird. Verlag tredition Format: 15,5 x 22 cm","og_url":"https:\/\/conexbooks.de\/a\/shop\/produkt\/warum-streiten-wichtig-ist-und-wie-es-konstruktiv-wird\/","og_site_name":"Conex-Shop","article_modified_time":"2023-05-31T21:03:39+00:00","og_image":[{"width":282,"height":400,"url":"https:\/\/conexbooks.de\/a\/shop\/wp-content\/uploads\/2017\/12\/050.jpg","type":"image\/jpeg"}],"twitter_card":"summary_large_image","twitter_misc":{"Gesch\u00e4tzte Lesezeit":"1\u00a0Minute"},"schema":{"@context":"https:\/\/schema.org","@graph":[{"@type":"WebPage","@id":"https:\/\/conexbooks.de\/a\/shop\/produkt\/warum-streiten-wichtig-ist-und-wie-es-konstruktiv-wird\/","url":"https:\/\/conexbooks.de\/a\/shop\/produkt\/warum-streiten-wichtig-ist-und-wie-es-konstruktiv-wird\/","name":"Und wie streiten Sie? - Conex-Shop","isPartOf":{"@id":"https:\/\/conexbooks.de\/a\/shop\/#website"},"primaryImageOfPage":{"@id":"https:\/\/conexbooks.de\/a\/shop\/produkt\/warum-streiten-wichtig-ist-und-wie-es-konstruktiv-wird\/#primaryimage"},"image":{"@id":"https:\/\/conexbooks.de\/a\/shop\/produkt\/warum-streiten-wichtig-ist-und-wie-es-konstruktiv-wird\/#primaryimage"},"thumbnailUrl":"https:\/\/conexbooks.de\/a\/shop\/wp-content\/uploads\/2017\/12\/050.jpg","datePublished":"2017-11-14T19:10:31+00:00","dateModified":"2023-05-31T21:03:39+00:00","breadcrumb":{"@id":"https:\/\/conexbooks.de\/a\/shop\/produkt\/warum-streiten-wichtig-ist-und-wie-es-konstruktiv-wird\/#breadcrumb"},"inLanguage":"de","potentialAction":[{"@type":"ReadAction","target":["https:\/\/conexbooks.de\/a\/shop\/produkt\/warum-streiten-wichtig-ist-und-wie-es-konstruktiv-wird\/"]}]},{"@type":"ImageObject","inLanguage":"de","@id":"https:\/\/conexbooks.de\/a\/shop\/produkt\/warum-streiten-wichtig-ist-und-wie-es-konstruktiv-wird\/#primaryimage","url":"https:\/\/conexbooks.de\/a\/shop\/wp-content\/uploads\/2017\/12\/050.jpg","contentUrl":"https:\/\/conexbooks.de\/a\/shop\/wp-content\/uploads\/2017\/12\/050.jpg","width":282,"height":400},{"@type":"BreadcrumbList","@id":"https:\/\/conexbooks.de\/a\/shop\/produkt\/warum-streiten-wichtig-ist-und-wie-es-konstruktiv-wird\/#breadcrumb","itemListElement":[{"@type":"ListItem","position":1,"name":"Home","item":"https:\/\/conexbooks.de\/a\/shop\/"},{"@type":"ListItem","position":2,"name":"Shop","item":"https:\/\/conexbooks.de\/a\/shop\/shop\/"},{"@type":"ListItem","position":3,"name":"Und wie streiten Sie?"}]},{"@type":"WebSite","@id":"https:\/\/conexbooks.de\/a\/shop\/#website","url":"https:\/\/conexbooks.de\/a\/shop\/","name":"Conex-Shop","description":"Alles f\u00fcr die gewaltfreie Kommunikation: B\u00fccher, Spiele. Handpuppen Seminarmaterial und Geschenke","publisher":{"@id":"https:\/\/conexbooks.de\/a\/shop\/#organization"},"potentialAction":[{"@type":"SearchAction","target":{"@type":"EntryPoint","urlTemplate":"https:\/\/conexbooks.de\/a\/shop\/?s={search_term_string}"},"query-input":{"@type":"PropertyValueSpecification","valueRequired":true,"valueName":"search_term_string"}}],"inLanguage":"de"},{"@type":"Organization","@id":"https:\/\/conexbooks.de\/a\/shop\/#organization","name":"Conex - books and more","url":"https:\/\/conexbooks.de\/a\/shop\/","logo":{"@type":"ImageObject","inLanguage":"de","@id":"https:\/\/conexbooks.de\/a\/shop\/#\/schema\/logo\/image\/","url":"https:\/\/conexbooks.de\/a\/shop\/wp-content\/uploads\/2017\/12\/co-logo.png","contentUrl":"https:\/\/conexbooks.de\/a\/shop\/wp-content\/uploads\/2017\/12\/co-logo.png","width":243,"height":122,"caption":"Conex - books and more"},"image":{"@id":"https:\/\/conexbooks.de\/a\/shop\/#\/schema\/logo\/image\/"}}]}},"_links":{"self":[{"href":"https:\/\/conexbooks.de\/a\/shop\/wp-json\/wp\/v2\/product\/1165","targetHints":{"allow":["GET"]}}],"collection":[{"href":"https:\/\/conexbooks.de\/a\/shop\/wp-json\/wp\/v2\/product"}],"about":[{"href":"https:\/\/conexbooks.de\/a\/shop\/wp-json\/wp\/v2\/types\/product"}],"wp:featuredmedia":[{"embeddable":true,"href":"https:\/\/conexbooks.de\/a\/shop\/wp-json\/wp\/v2\/media\/2016"}],"wp:attachment":[{"href":"https:\/\/conexbooks.de\/a\/shop\/wp-json\/wp\/v2\/media?parent=1165"}],"wp:term":[{"taxonomy":"product_brand","embeddable":true,"href":"https:\/\/conexbooks.de\/a\/shop\/wp-json\/wp\/v2\/product_brand?post=1165"},{"taxonomy":"product_cat","embeddable":true,"href":"https:\/\/conexbooks.de\/a\/shop\/wp-json\/wp\/v2\/product_cat?post=1165"},{"taxonomy":"product_tag","embeddable":true,"href":"https:\/\/conexbooks.de\/a\/shop\/wp-json\/wp\/v2\/product_tag?post=1165"}],"curies":[{"name":"wp","href":"https:\/\/api.w.org\/{rel}","templated":true}]}}