{"id":1170,"date":"2017-11-14T20:10:32","date_gmt":"2017-11-14T19:10:32","guid":{"rendered":"https:\/\/conexbooks.de\/a\/shop\/wp\/produkt\/produkt-79\/"},"modified":"2026-03-10T20:11:00","modified_gmt":"2026-03-10T19:11:00","slug":"produkt-79","status":"publish","type":"product","link":"https:\/\/conexbooks.de\/a\/shop\/produkt\/produkt-79\/","title":{"rendered":"Gef\u00fchlsmonster Malbuch"},"content":{"rendered":"<h4>Gef\u00fchlsmonster Malbuch<\/h4>\n<p>Dieses Malbuch ermuntert Kinder zum Ausmalen und sich mit Gef\u00fchlen auseinander zu setzen. Gut geeignet f\u00fcr die Arbeit mit Kindergruppen, als Geschenk f\u00fcr Kinder im Krankenhaus oder in schwierigen Situationen und nat\u00fcrlich alle Kinder, die gerne malen.<\/p>\n<p>NEU: jetzt mit allen 25 Gef\u00fchlsmonstern, sowie einem Bonus-Motiv!<\/p>\n<p>&nbsp;<\/p>\n<div id='1' class='widgets_on_page wop_tiny1  wop_small1  wop_medium1  wop_large1  wop_wide1'>\n\t\t\t<ul><li id=\"custom_html-4\" class=\"widget_text widget widget_custom_html\"><div class=\"textwidget custom-html-widget\"><div style=\"text-align:left;\">\r\n<button class = \"button\" style=\"height: 30px; font-size: 0.8em;\" name=\"zuruck\" type=\"button\" onclick=\"history.back()\">Zur\u00fcck zur \u00dcbersicht<\/button><\/div><\/div><\/li><\/ul><\/div><!-- widgets_on_page -->\n","protected":false},"excerpt":{"rendered":"<h3>DIN A5 Format (15 \u00d7 21 cm) mit 26 Gef\u00fchlsmonstermotiven, gedruckt auf hochwertigem Papier<\/h3>\n","protected":false},"featured_media":2051,"template":"","meta":[],"product_brand":[],"product_cat":[48,56,51,47,46],"product_tag":[247,121,388,378,296,326,389,392,393,297,228,170],"class_list":{"0":"post-1170","1":"product","2":"type-product","3":"status-publish","4":"has-post-thumbnail","6":"product_cat-gefuehlsmonster","7":"product_cat-geschenke","8":"product_cat-seminarmaterial","9":"product_cat-sonstiges","10":"product_cat-spiele","11":"product_tag-ausmalen","12":"product_tag-gefuehle","13":"product_tag-gefuehlsausdruecke","14":"product_tag-gefuehlsdarstellung","15":"product_tag-gefuehlskompetenz","16":"product_tag-gefuehlsmonster","17":"product_tag-hilfsmittel-fuer-gefuehlsfindung","18":"product_tag-malbuch","19":"product_tag-mslalen","20":"product_tag-ueber-gefuehle-reden","21":"product_tag-uebungen-inspiration","22":"product_tag-wahrnehmung-von-gefuehlen","24":"first","25":"instock","26":"shipping-taxable","27":"purchasable","28":"product-type-simple"},"yoast_head":"<!-- This site is optimized with the Yoast SEO plugin v27.4 - https:\/\/yoast.com\/product\/yoast-seo-wordpress\/ -->\n<title>Gef\u00fchlsmonster Malbuch - Conex-Shop<\/title>\n<meta name=\"robots\" content=\"index, follow, max-snippet:-1, max-image-preview:large, max-video-preview:-1\" \/>\n<link rel=\"canonical\" href=\"https:\/\/conexbooks.de\/a\/shop\/produkt\/produkt-79\/\" \/>\n<meta property=\"og:locale\" content=\"de_DE\" \/>\n<meta property=\"og:type\" content=\"article\" \/>\n<meta property=\"og:title\" content=\"Gef\u00fchlsmonster Malbuch - Conex-Shop\" \/>\n<meta property=\"og:description\" content=\"DIN A5 Format (15 \u00d7 21 cm) mit 26 Gef\u00fchlsmonstermotiven, gedruckt auf hochwertigem Papier\" \/>\n<meta property=\"og:url\" content=\"https:\/\/conexbooks.de\/a\/shop\/produkt\/produkt-79\/\" \/>\n<meta property=\"og:site_name\" content=\"Conex-Shop\" \/>\n<meta property=\"article:modified_time\" content=\"2026-03-10T19:11:00+00:00\" \/>\n<meta property=\"og:image\" content=\"https:\/\/conexbooks.de\/a\/shop\/wp-content\/uploads\/2017\/11\/631-e1512670552832.jpg\" \/>\n\t<meta property=\"og:image:width\" content=\"225\" \/>\n\t<meta property=\"og:image:height\" content=\"300\" \/>\n\t<meta property=\"og:image:type\" content=\"image\/jpeg\" \/>\n<meta name=\"twitter:card\" content=\"summary_large_image\" \/>\n<script type=\"application\/ld+json\" class=\"yoast-schema-graph\">{\"@context\":\"https:\\\/\\\/schema.org\",\"@graph\":[{\"@type\":\"WebPage\",\"@id\":\"https:\\\/\\\/conexbooks.de\\\/a\\\/shop\\\/produkt\\\/produkt-79\\\/\",\"url\":\"https:\\\/\\\/conexbooks.de\\\/a\\\/shop\\\/produkt\\\/produkt-79\\\/\",\"name\":\"Gef\u00fchlsmonster Malbuch - Conex-Shop\",\"isPartOf\":{\"@id\":\"https:\\\/\\\/conexbooks.de\\\/a\\\/shop\\\/#website\"},\"primaryImageOfPage\":{\"@id\":\"https:\\\/\\\/conexbooks.de\\\/a\\\/shop\\\/produkt\\\/produkt-79\\\/#primaryimage\"},\"image\":{\"@id\":\"https:\\\/\\\/conexbooks.de\\\/a\\\/shop\\\/produkt\\\/produkt-79\\\/#primaryimage\"},\"thumbnailUrl\":\"https:\\\/\\\/conexbooks.de\\\/a\\\/shop\\\/wp-content\\\/uploads\\\/2017\\\/11\\\/631-e1512670552832.jpg\",\"datePublished\":\"2017-11-14T19:10:32+00:00\",\"dateModified\":\"2026-03-10T19:11:00+00:00\",\"breadcrumb\":{\"@id\":\"https:\\\/\\\/conexbooks.de\\\/a\\\/shop\\\/produkt\\\/produkt-79\\\/#breadcrumb\"},\"inLanguage\":\"de\",\"potentialAction\":[{\"@type\":\"ReadAction\",\"target\":[\"https:\\\/\\\/conexbooks.de\\\/a\\\/shop\\\/produkt\\\/produkt-79\\\/\"]}]},{\"@type\":\"ImageObject\",\"inLanguage\":\"de\",\"@id\":\"https:\\\/\\\/conexbooks.de\\\/a\\\/shop\\\/produkt\\\/produkt-79\\\/#primaryimage\",\"url\":\"https:\\\/\\\/conexbooks.de\\\/a\\\/shop\\\/wp-content\\\/uploads\\\/2017\\\/11\\\/631-e1512670552832.jpg\",\"contentUrl\":\"https:\\\/\\\/conexbooks.de\\\/a\\\/shop\\\/wp-content\\\/uploads\\\/2017\\\/11\\\/631-e1512670552832.jpg\",\"width\":225,\"height\":300},{\"@type\":\"BreadcrumbList\",\"@id\":\"https:\\\/\\\/conexbooks.de\\\/a\\\/shop\\\/produkt\\\/produkt-79\\\/#breadcrumb\",\"itemListElement\":[{\"@type\":\"ListItem\",\"position\":1,\"name\":\"Home\",\"item\":\"https:\\\/\\\/conexbooks.de\\\/a\\\/shop\\\/\"},{\"@type\":\"ListItem\",\"position\":2,\"name\":\"Shop\",\"item\":\"https:\\\/\\\/conexbooks.de\\\/a\\\/shop\\\/shop\\\/\"},{\"@type\":\"ListItem\",\"position\":3,\"name\":\"Gef\u00fchlsmonster Malbuch\"}]},{\"@type\":\"WebSite\",\"@id\":\"https:\\\/\\\/conexbooks.de\\\/a\\\/shop\\\/#website\",\"url\":\"https:\\\/\\\/conexbooks.de\\\/a\\\/shop\\\/\",\"name\":\"Conex-Shop\",\"description\":\"Alles f\u00fcr die gewaltfreie Kommunikation: B\u00fccher, Spiele. Handpuppen Seminarmaterial und Geschenke\",\"publisher\":{\"@id\":\"https:\\\/\\\/conexbooks.de\\\/a\\\/shop\\\/#organization\"},\"potentialAction\":[{\"@type\":\"SearchAction\",\"target\":{\"@type\":\"EntryPoint\",\"urlTemplate\":\"https:\\\/\\\/conexbooks.de\\\/a\\\/shop\\\/?s={search_term_string}\"},\"query-input\":{\"@type\":\"PropertyValueSpecification\",\"valueRequired\":true,\"valueName\":\"search_term_string\"}}],\"inLanguage\":\"de\"},{\"@type\":\"Organization\",\"@id\":\"https:\\\/\\\/conexbooks.de\\\/a\\\/shop\\\/#organization\",\"name\":\"Conex - books and more\",\"url\":\"https:\\\/\\\/conexbooks.de\\\/a\\\/shop\\\/\",\"logo\":{\"@type\":\"ImageObject\",\"inLanguage\":\"de\",\"@id\":\"https:\\\/\\\/conexbooks.de\\\/a\\\/shop\\\/#\\\/schema\\\/logo\\\/image\\\/\",\"url\":\"https:\\\/\\\/conexbooks.de\\\/a\\\/shop\\\/wp-content\\\/uploads\\\/2017\\\/12\\\/co-logo.png\",\"contentUrl\":\"https:\\\/\\\/conexbooks.de\\\/a\\\/shop\\\/wp-content\\\/uploads\\\/2017\\\/12\\\/co-logo.png\",\"width\":243,\"height\":122,\"caption\":\"Conex - books and more\"},\"image\":{\"@id\":\"https:\\\/\\\/conexbooks.de\\\/a\\\/shop\\\/#\\\/schema\\\/logo\\\/image\\\/\"}}]}<\/script>\n<!-- \/ Yoast SEO plugin. -->","yoast_head_json":{"title":"Gef\u00fchlsmonster Malbuch - Conex-Shop","robots":{"index":"index","follow":"follow","max-snippet":"max-snippet:-1","max-image-preview":"max-image-preview:large","max-video-preview":"max-video-preview:-1"},"canonical":"https:\/\/conexbooks.de\/a\/shop\/produkt\/produkt-79\/","og_locale":"de_DE","og_type":"article","og_title":"Gef\u00fchlsmonster Malbuch - Conex-Shop","og_description":"DIN A5 Format (15 \u00d7 21 cm) mit 26 Gef\u00fchlsmonstermotiven, gedruckt auf hochwertigem Papier","og_url":"https:\/\/conexbooks.de\/a\/shop\/produkt\/produkt-79\/","og_site_name":"Conex-Shop","article_modified_time":"2026-03-10T19:11:00+00:00","og_image":[{"width":225,"height":300,"url":"https:\/\/conexbooks.de\/a\/shop\/wp-content\/uploads\/2017\/11\/631-e1512670552832.jpg","type":"image\/jpeg"}],"twitter_card":"summary_large_image","schema":{"@context":"https:\/\/schema.org","@graph":[{"@type":"WebPage","@id":"https:\/\/conexbooks.de\/a\/shop\/produkt\/produkt-79\/","url":"https:\/\/conexbooks.de\/a\/shop\/produkt\/produkt-79\/","name":"Gef\u00fchlsmonster Malbuch - Conex-Shop","isPartOf":{"@id":"https:\/\/conexbooks.de\/a\/shop\/#website"},"primaryImageOfPage":{"@id":"https:\/\/conexbooks.de\/a\/shop\/produkt\/produkt-79\/#primaryimage"},"image":{"@id":"https:\/\/conexbooks.de\/a\/shop\/produkt\/produkt-79\/#primaryimage"},"thumbnailUrl":"https:\/\/conexbooks.de\/a\/shop\/wp-content\/uploads\/2017\/11\/631-e1512670552832.jpg","datePublished":"2017-11-14T19:10:32+00:00","dateModified":"2026-03-10T19:11:00+00:00","breadcrumb":{"@id":"https:\/\/conexbooks.de\/a\/shop\/produkt\/produkt-79\/#breadcrumb"},"inLanguage":"de","potentialAction":[{"@type":"ReadAction","target":["https:\/\/conexbooks.de\/a\/shop\/produkt\/produkt-79\/"]}]},{"@type":"ImageObject","inLanguage":"de","@id":"https:\/\/conexbooks.de\/a\/shop\/produkt\/produkt-79\/#primaryimage","url":"https:\/\/conexbooks.de\/a\/shop\/wp-content\/uploads\/2017\/11\/631-e1512670552832.jpg","contentUrl":"https:\/\/conexbooks.de\/a\/shop\/wp-content\/uploads\/2017\/11\/631-e1512670552832.jpg","width":225,"height":300},{"@type":"BreadcrumbList","@id":"https:\/\/conexbooks.de\/a\/shop\/produkt\/produkt-79\/#breadcrumb","itemListElement":[{"@type":"ListItem","position":1,"name":"Home","item":"https:\/\/conexbooks.de\/a\/shop\/"},{"@type":"ListItem","position":2,"name":"Shop","item":"https:\/\/conexbooks.de\/a\/shop\/shop\/"},{"@type":"ListItem","position":3,"name":"Gef\u00fchlsmonster Malbuch"}]},{"@type":"WebSite","@id":"https:\/\/conexbooks.de\/a\/shop\/#website","url":"https:\/\/conexbooks.de\/a\/shop\/","name":"Conex-Shop","description":"Alles f\u00fcr die gewaltfreie Kommunikation: B\u00fccher, Spiele. Handpuppen Seminarmaterial und Geschenke","publisher":{"@id":"https:\/\/conexbooks.de\/a\/shop\/#organization"},"potentialAction":[{"@type":"SearchAction","target":{"@type":"EntryPoint","urlTemplate":"https:\/\/conexbooks.de\/a\/shop\/?s={search_term_string}"},"query-input":{"@type":"PropertyValueSpecification","valueRequired":true,"valueName":"search_term_string"}}],"inLanguage":"de"},{"@type":"Organization","@id":"https:\/\/conexbooks.de\/a\/shop\/#organization","name":"Conex - books and more","url":"https:\/\/conexbooks.de\/a\/shop\/","logo":{"@type":"ImageObject","inLanguage":"de","@id":"https:\/\/conexbooks.de\/a\/shop\/#\/schema\/logo\/image\/","url":"https:\/\/conexbooks.de\/a\/shop\/wp-content\/uploads\/2017\/12\/co-logo.png","contentUrl":"https:\/\/conexbooks.de\/a\/shop\/wp-content\/uploads\/2017\/12\/co-logo.png","width":243,"height":122,"caption":"Conex - books and more"},"image":{"@id":"https:\/\/conexbooks.de\/a\/shop\/#\/schema\/logo\/image\/"}}]}},"_links":{"self":[{"href":"https:\/\/conexbooks.de\/a\/shop\/wp-json\/wp\/v2\/product\/1170","targetHints":{"allow":["GET"]}}],"collection":[{"href":"https:\/\/conexbooks.de\/a\/shop\/wp-json\/wp\/v2\/product"}],"about":[{"href":"https:\/\/conexbooks.de\/a\/shop\/wp-json\/wp\/v2\/types\/product"}],"wp:featuredmedia":[{"embeddable":true,"href":"https:\/\/conexbooks.de\/a\/shop\/wp-json\/wp\/v2\/media\/2051"}],"wp:attachment":[{"href":"https:\/\/conexbooks.de\/a\/shop\/wp-json\/wp\/v2\/media?parent=1170"}],"wp:term":[{"taxonomy":"product_brand","embeddable":true,"href":"https:\/\/conexbooks.de\/a\/shop\/wp-json\/wp\/v2\/product_brand?post=1170"},{"taxonomy":"product_cat","embeddable":true,"href":"https:\/\/conexbooks.de\/a\/shop\/wp-json\/wp\/v2\/product_cat?post=1170"},{"taxonomy":"product_tag","embeddable":true,"href":"https:\/\/conexbooks.de\/a\/shop\/wp-json\/wp\/v2\/product_tag?post=1170"}],"curies":[{"name":"wp","href":"https:\/\/api.w.org\/{rel}","templated":true}]}}