{"id":1177,"date":"2017-11-14T20:10:34","date_gmt":"2017-11-14T19:10:34","guid":{"rendered":"https:\/\/conexbooks.de\/a\/shop\/wp\/produkt\/gfk-in-psychotherapie-beratung-und-im-sozialen-bereich-mi\/"},"modified":"2025-12-22T21:36:19","modified_gmt":"2025-12-22T20:36:19","slug":"gfk-in-psychotherapie-beratung-und-im-sozialen-bereich-mi","status":"publish","type":"product","link":"https:\/\/conexbooks.de\/a\/shop\/produkt\/gfk-in-psychotherapie-beratung-und-im-sozialen-bereich-mi\/","title":{"rendered":"Empathie als Schl\u00fcssel"},"content":{"rendered":"<h4>Empathie als Schl\u00fcssel<\/h4>\n<h4>Geiger &#8211; Baumg\u00e4rtner (Hrsg.)<\/h4>\n<p>Gewaltfreie Kommunikation in psychologischen Berufen. Anwendung in Psychotherapie, Beratung und im sozialen Bereich. Mit E-Book und Arbeitsmaterial<\/p>\n<p>Im Mittelpunkt der Gewaltfreien Kommunikation steht die Entwicklung einer wertsch\u00e4tzenden Beziehung zum Gegen\u00fcber, die mehr Kooperation erm\u00f6glicht. Geiger und Baumgartner \u00fcbertragen nun erstmalig die Methoden der GFK und ihre zielf\u00fchrende Anwendung auf die Psychologie und Psychotherapie.<\/p>\n<p>Die Autoren vermitteln n\u00fctzliche Informationen zum jeweiligen Berufsfeld, gehen auf die konkrete Anwendung der GFK in diesem Bereich ein und heben besondere Vorteile und Potenziale der GFK f\u00fcr das entsprechende Setting hervor. Praktische Fallbeispiele veranschaulichen au\u00dferdem die Durchf\u00fchrung.<\/p>\n<p>Aus dem Inhalt<br \/>\nGrundlagen der Gewaltfreien Kommunikation (GFK)<br \/>\nGFK in der psychotherapeutischen Praxis<br \/>\nGFK in der Trauma-Arbeit<br \/>\nGFK in der K\u00f6rperarbeit<br \/>\nGFK in der psychologischen Beratung im Ma\u00dfregelvollzug<br \/>\nTransformation schmerzhafter Erfahrungen<br \/>\nGFK in der Schulpsychologie<br \/>\nGFK in der Arbeits- und Organisationspsychologie<br \/>\nGFK im Training sozialer\/emotionaler Kompetenzen bei Kindern<\/p>\n<p>&nbsp;<\/p>\n<div id='1' class='widgets_on_page wop_tiny1  wop_small1  wop_medium1  wop_large1  wop_wide1'>\n\t\t\t<ul><li id=\"custom_html-4\" class=\"widget_text widget widget_custom_html\"><div class=\"textwidget custom-html-widget\"><div style=\"text-align:left;\">\r\n<button class = \"button\" style=\"height: 30px; font-size: 0.8em;\" name=\"zuruck\" type=\"button\" onclick=\"history.back()\">Zur\u00fcck zur \u00dcbersicht<\/button><\/div><\/div><\/li><\/ul><\/div><!-- widgets_on_page -->\n","protected":false},"excerpt":{"rendered":"<h3>Geiger &#8211; Baumgartner (Hrsg.)<\/h3>\n<h3>Empathie als Schl\u00fcssel<br \/>\nGFK in Psychotherapie, Beratung und im sozialen Bereich.<\/h3>\n<h3>Mit E-Book und Arbeitsmaterial<\/h3>\n","protected":false},"featured_media":1338,"template":"","meta":[],"product_brand":[],"product_cat":[36,39],"product_tag":[],"class_list":{"0":"post-1177","1":"product","2":"type-product","3":"status-publish","4":"has-post-thumbnail","6":"product_cat-deutsche-buecher","7":"product_cat-persoenliche-entwicklung","9":"first","10":"instock","11":"shipping-taxable","12":"purchasable","13":"product-type-simple"},"yoast_head":"<!-- This site is optimized with the Yoast SEO plugin v27.3 - https:\/\/yoast.com\/product\/yoast-seo-wordpress\/ -->\n<title>Empathie als Schl\u00fcssel - Conex-Shop<\/title>\n<meta name=\"robots\" content=\"index, follow, max-snippet:-1, max-image-preview:large, max-video-preview:-1\" \/>\n<link rel=\"canonical\" href=\"https:\/\/conexbooks.de\/a\/shop\/produkt\/gfk-in-psychotherapie-beratung-und-im-sozialen-bereich-mi\/\" \/>\n<meta property=\"og:locale\" content=\"de_DE\" \/>\n<meta property=\"og:type\" content=\"article\" \/>\n<meta property=\"og:title\" content=\"Empathie als Schl\u00fcssel - Conex-Shop\" \/>\n<meta property=\"og:description\" content=\"Geiger - Baumgartner (Hrsg.) Empathie als Schl\u00fcssel GFK in Psychotherapie, Beratung und im sozialen Bereich. Mit E-Book und Arbeitsmaterial\" \/>\n<meta property=\"og:url\" content=\"https:\/\/conexbooks.de\/a\/shop\/produkt\/gfk-in-psychotherapie-beratung-und-im-sozialen-bereich-mi\/\" \/>\n<meta property=\"og:site_name\" content=\"Conex-Shop\" \/>\n<meta property=\"article:modified_time\" content=\"2025-12-22T20:36:19+00:00\" \/>\n<meta property=\"og:image\" content=\"https:\/\/conexbooks.de\/a\/shop\/wp-content\/uploads\/2017\/11\/087.jpg\" \/>\n\t<meta property=\"og:image:width\" content=\"274\" \/>\n\t<meta property=\"og:image:height\" content=\"400\" \/>\n\t<meta property=\"og:image:type\" content=\"image\/jpeg\" \/>\n<meta name=\"twitter:card\" content=\"summary_large_image\" \/>\n<meta name=\"twitter:label1\" content=\"Gesch\u00e4tzte Lesezeit\" \/>\n\t<meta name=\"twitter:data1\" content=\"1\u00a0Minute\" \/>\n<script type=\"application\/ld+json\" class=\"yoast-schema-graph\">{\"@context\":\"https:\\\/\\\/schema.org\",\"@graph\":[{\"@type\":\"WebPage\",\"@id\":\"https:\\\/\\\/conexbooks.de\\\/a\\\/shop\\\/produkt\\\/gfk-in-psychotherapie-beratung-und-im-sozialen-bereich-mi\\\/\",\"url\":\"https:\\\/\\\/conexbooks.de\\\/a\\\/shop\\\/produkt\\\/gfk-in-psychotherapie-beratung-und-im-sozialen-bereich-mi\\\/\",\"name\":\"Empathie als Schl\u00fcssel - Conex-Shop\",\"isPartOf\":{\"@id\":\"https:\\\/\\\/conexbooks.de\\\/a\\\/shop\\\/#website\"},\"primaryImageOfPage\":{\"@id\":\"https:\\\/\\\/conexbooks.de\\\/a\\\/shop\\\/produkt\\\/gfk-in-psychotherapie-beratung-und-im-sozialen-bereich-mi\\\/#primaryimage\"},\"image\":{\"@id\":\"https:\\\/\\\/conexbooks.de\\\/a\\\/shop\\\/produkt\\\/gfk-in-psychotherapie-beratung-und-im-sozialen-bereich-mi\\\/#primaryimage\"},\"thumbnailUrl\":\"https:\\\/\\\/conexbooks.de\\\/a\\\/shop\\\/wp-content\\\/uploads\\\/2017\\\/11\\\/087.jpg\",\"datePublished\":\"2017-11-14T19:10:34+00:00\",\"dateModified\":\"2025-12-22T20:36:19+00:00\",\"breadcrumb\":{\"@id\":\"https:\\\/\\\/conexbooks.de\\\/a\\\/shop\\\/produkt\\\/gfk-in-psychotherapie-beratung-und-im-sozialen-bereich-mi\\\/#breadcrumb\"},\"inLanguage\":\"de\",\"potentialAction\":[{\"@type\":\"ReadAction\",\"target\":[\"https:\\\/\\\/conexbooks.de\\\/a\\\/shop\\\/produkt\\\/gfk-in-psychotherapie-beratung-und-im-sozialen-bereich-mi\\\/\"]}]},{\"@type\":\"ImageObject\",\"inLanguage\":\"de\",\"@id\":\"https:\\\/\\\/conexbooks.de\\\/a\\\/shop\\\/produkt\\\/gfk-in-psychotherapie-beratung-und-im-sozialen-bereich-mi\\\/#primaryimage\",\"url\":\"https:\\\/\\\/conexbooks.de\\\/a\\\/shop\\\/wp-content\\\/uploads\\\/2017\\\/11\\\/087.jpg\",\"contentUrl\":\"https:\\\/\\\/conexbooks.de\\\/a\\\/shop\\\/wp-content\\\/uploads\\\/2017\\\/11\\\/087.jpg\",\"width\":274,\"height\":400},{\"@type\":\"BreadcrumbList\",\"@id\":\"https:\\\/\\\/conexbooks.de\\\/a\\\/shop\\\/produkt\\\/gfk-in-psychotherapie-beratung-und-im-sozialen-bereich-mi\\\/#breadcrumb\",\"itemListElement\":[{\"@type\":\"ListItem\",\"position\":1,\"name\":\"Home\",\"item\":\"https:\\\/\\\/conexbooks.de\\\/a\\\/shop\\\/\"},{\"@type\":\"ListItem\",\"position\":2,\"name\":\"Shop\",\"item\":\"https:\\\/\\\/conexbooks.de\\\/a\\\/shop\\\/shop\\\/\"},{\"@type\":\"ListItem\",\"position\":3,\"name\":\"Empathie als Schl\u00fcssel\"}]},{\"@type\":\"WebSite\",\"@id\":\"https:\\\/\\\/conexbooks.de\\\/a\\\/shop\\\/#website\",\"url\":\"https:\\\/\\\/conexbooks.de\\\/a\\\/shop\\\/\",\"name\":\"Conex-Shop\",\"description\":\"Alles f\u00fcr die gewaltfreie Kommunikation: B\u00fccher, Spiele. Handpuppen Seminarmaterial und Geschenke\",\"publisher\":{\"@id\":\"https:\\\/\\\/conexbooks.de\\\/a\\\/shop\\\/#organization\"},\"potentialAction\":[{\"@type\":\"SearchAction\",\"target\":{\"@type\":\"EntryPoint\",\"urlTemplate\":\"https:\\\/\\\/conexbooks.de\\\/a\\\/shop\\\/?s={search_term_string}\"},\"query-input\":{\"@type\":\"PropertyValueSpecification\",\"valueRequired\":true,\"valueName\":\"search_term_string\"}}],\"inLanguage\":\"de\"},{\"@type\":\"Organization\",\"@id\":\"https:\\\/\\\/conexbooks.de\\\/a\\\/shop\\\/#organization\",\"name\":\"Conex - books and more\",\"url\":\"https:\\\/\\\/conexbooks.de\\\/a\\\/shop\\\/\",\"logo\":{\"@type\":\"ImageObject\",\"inLanguage\":\"de\",\"@id\":\"https:\\\/\\\/conexbooks.de\\\/a\\\/shop\\\/#\\\/schema\\\/logo\\\/image\\\/\",\"url\":\"https:\\\/\\\/conexbooks.de\\\/a\\\/shop\\\/wp-content\\\/uploads\\\/2017\\\/12\\\/co-logo.png\",\"contentUrl\":\"https:\\\/\\\/conexbooks.de\\\/a\\\/shop\\\/wp-content\\\/uploads\\\/2017\\\/12\\\/co-logo.png\",\"width\":243,\"height\":122,\"caption\":\"Conex - books and more\"},\"image\":{\"@id\":\"https:\\\/\\\/conexbooks.de\\\/a\\\/shop\\\/#\\\/schema\\\/logo\\\/image\\\/\"}}]}<\/script>\n<!-- \/ Yoast SEO plugin. -->","yoast_head_json":{"title":"Empathie als Schl\u00fcssel - Conex-Shop","robots":{"index":"index","follow":"follow","max-snippet":"max-snippet:-1","max-image-preview":"max-image-preview:large","max-video-preview":"max-video-preview:-1"},"canonical":"https:\/\/conexbooks.de\/a\/shop\/produkt\/gfk-in-psychotherapie-beratung-und-im-sozialen-bereich-mi\/","og_locale":"de_DE","og_type":"article","og_title":"Empathie als Schl\u00fcssel - Conex-Shop","og_description":"Geiger - Baumgartner (Hrsg.) Empathie als Schl\u00fcssel GFK in Psychotherapie, Beratung und im sozialen Bereich. Mit E-Book und Arbeitsmaterial","og_url":"https:\/\/conexbooks.de\/a\/shop\/produkt\/gfk-in-psychotherapie-beratung-und-im-sozialen-bereich-mi\/","og_site_name":"Conex-Shop","article_modified_time":"2025-12-22T20:36:19+00:00","og_image":[{"width":274,"height":400,"url":"https:\/\/conexbooks.de\/a\/shop\/wp-content\/uploads\/2017\/11\/087.jpg","type":"image\/jpeg"}],"twitter_card":"summary_large_image","twitter_misc":{"Gesch\u00e4tzte Lesezeit":"1\u00a0Minute"},"schema":{"@context":"https:\/\/schema.org","@graph":[{"@type":"WebPage","@id":"https:\/\/conexbooks.de\/a\/shop\/produkt\/gfk-in-psychotherapie-beratung-und-im-sozialen-bereich-mi\/","url":"https:\/\/conexbooks.de\/a\/shop\/produkt\/gfk-in-psychotherapie-beratung-und-im-sozialen-bereich-mi\/","name":"Empathie als Schl\u00fcssel - Conex-Shop","isPartOf":{"@id":"https:\/\/conexbooks.de\/a\/shop\/#website"},"primaryImageOfPage":{"@id":"https:\/\/conexbooks.de\/a\/shop\/produkt\/gfk-in-psychotherapie-beratung-und-im-sozialen-bereich-mi\/#primaryimage"},"image":{"@id":"https:\/\/conexbooks.de\/a\/shop\/produkt\/gfk-in-psychotherapie-beratung-und-im-sozialen-bereich-mi\/#primaryimage"},"thumbnailUrl":"https:\/\/conexbooks.de\/a\/shop\/wp-content\/uploads\/2017\/11\/087.jpg","datePublished":"2017-11-14T19:10:34+00:00","dateModified":"2025-12-22T20:36:19+00:00","breadcrumb":{"@id":"https:\/\/conexbooks.de\/a\/shop\/produkt\/gfk-in-psychotherapie-beratung-und-im-sozialen-bereich-mi\/#breadcrumb"},"inLanguage":"de","potentialAction":[{"@type":"ReadAction","target":["https:\/\/conexbooks.de\/a\/shop\/produkt\/gfk-in-psychotherapie-beratung-und-im-sozialen-bereich-mi\/"]}]},{"@type":"ImageObject","inLanguage":"de","@id":"https:\/\/conexbooks.de\/a\/shop\/produkt\/gfk-in-psychotherapie-beratung-und-im-sozialen-bereich-mi\/#primaryimage","url":"https:\/\/conexbooks.de\/a\/shop\/wp-content\/uploads\/2017\/11\/087.jpg","contentUrl":"https:\/\/conexbooks.de\/a\/shop\/wp-content\/uploads\/2017\/11\/087.jpg","width":274,"height":400},{"@type":"BreadcrumbList","@id":"https:\/\/conexbooks.de\/a\/shop\/produkt\/gfk-in-psychotherapie-beratung-und-im-sozialen-bereich-mi\/#breadcrumb","itemListElement":[{"@type":"ListItem","position":1,"name":"Home","item":"https:\/\/conexbooks.de\/a\/shop\/"},{"@type":"ListItem","position":2,"name":"Shop","item":"https:\/\/conexbooks.de\/a\/shop\/shop\/"},{"@type":"ListItem","position":3,"name":"Empathie als Schl\u00fcssel"}]},{"@type":"WebSite","@id":"https:\/\/conexbooks.de\/a\/shop\/#website","url":"https:\/\/conexbooks.de\/a\/shop\/","name":"Conex-Shop","description":"Alles f\u00fcr die gewaltfreie Kommunikation: B\u00fccher, Spiele. Handpuppen Seminarmaterial und Geschenke","publisher":{"@id":"https:\/\/conexbooks.de\/a\/shop\/#organization"},"potentialAction":[{"@type":"SearchAction","target":{"@type":"EntryPoint","urlTemplate":"https:\/\/conexbooks.de\/a\/shop\/?s={search_term_string}"},"query-input":{"@type":"PropertyValueSpecification","valueRequired":true,"valueName":"search_term_string"}}],"inLanguage":"de"},{"@type":"Organization","@id":"https:\/\/conexbooks.de\/a\/shop\/#organization","name":"Conex - books and more","url":"https:\/\/conexbooks.de\/a\/shop\/","logo":{"@type":"ImageObject","inLanguage":"de","@id":"https:\/\/conexbooks.de\/a\/shop\/#\/schema\/logo\/image\/","url":"https:\/\/conexbooks.de\/a\/shop\/wp-content\/uploads\/2017\/12\/co-logo.png","contentUrl":"https:\/\/conexbooks.de\/a\/shop\/wp-content\/uploads\/2017\/12\/co-logo.png","width":243,"height":122,"caption":"Conex - books and more"},"image":{"@id":"https:\/\/conexbooks.de\/a\/shop\/#\/schema\/logo\/image\/"}}]}},"_links":{"self":[{"href":"https:\/\/conexbooks.de\/a\/shop\/wp-json\/wp\/v2\/product\/1177","targetHints":{"allow":["GET"]}}],"collection":[{"href":"https:\/\/conexbooks.de\/a\/shop\/wp-json\/wp\/v2\/product"}],"about":[{"href":"https:\/\/conexbooks.de\/a\/shop\/wp-json\/wp\/v2\/types\/product"}],"wp:featuredmedia":[{"embeddable":true,"href":"https:\/\/conexbooks.de\/a\/shop\/wp-json\/wp\/v2\/media\/1338"}],"wp:attachment":[{"href":"https:\/\/conexbooks.de\/a\/shop\/wp-json\/wp\/v2\/media?parent=1177"}],"wp:term":[{"taxonomy":"product_brand","embeddable":true,"href":"https:\/\/conexbooks.de\/a\/shop\/wp-json\/wp\/v2\/product_brand?post=1177"},{"taxonomy":"product_cat","embeddable":true,"href":"https:\/\/conexbooks.de\/a\/shop\/wp-json\/wp\/v2\/product_cat?post=1177"},{"taxonomy":"product_tag","embeddable":true,"href":"https:\/\/conexbooks.de\/a\/shop\/wp-json\/wp\/v2\/product_tag?post=1177"}],"curies":[{"name":"wp","href":"https:\/\/api.w.org\/{rel}","templated":true}]}}