{"id":1188,"date":"2017-11-14T20:10:35","date_gmt":"2017-11-14T19:10:35","guid":{"rendered":"https:\/\/conexbooks.de\/a\/shop\/wp\/produkt\/gefuehls-memory-set-mit-48-paaren-bild-text-2\/"},"modified":"2025-06-05T13:43:26","modified_gmt":"2025-06-05T11:43:26","slug":"gefuehls-memory-set-mit-48-paaren-bild-text-2","status":"publish","type":"product","link":"https:\/\/conexbooks.de\/a\/shop\/produkt\/gefuehls-memory-set-mit-48-paaren-bild-text-2\/","title":{"rendered":"Spiel &quot;Die Welt der Gef\u00fchle&quot;"},"content":{"rendered":"<h3>Die Welt der Gef\u00fchle<\/h3>\n<p>Das ist der \u201egro\u00dfe Bruder\u201c des &#8222;Spiel der Gef\u00fchle&#8220; nach der Art eines Memorys und eignet sich perfekt zum Arbeiten in gr\u00f6\u00dferen Gruppen. 48 laminierte Karten (13,5 x 13,5 cm), die vom Karikaturisten Wolf Schrader aus Berlin gezeichnet wurden, stellen Gef\u00fchle dar. Dazu gibt es nochmals 48 Karten mit den dazu geh\u00f6rigen Begriffen in den Sprachen deutsch, russisch, arabisch, englisch, t\u00fcrkisch, und vietnamesisch.<\/p>\n<p>Es besteht die Aufgabe, wie in einem Memoryspiel 2 Karten zu finden, die zusammenpassen: Zeichnung und Begriff. Gibt es Unstimmigkeiten, wird verhandelt. So kommen Menschen spielerisch \u00fcber Gef\u00fchle miteinander ins Gespr\u00e4ch und erweitern &#8222;nebenbei&#8220; ihren Wortschatz..<\/p>\n<p>Und als Besonderheit: Am Ende erz\u00e4hlt jeder Spieler eine Geschichte, in der die von ihm aufgedeckten Gef\u00fchle vorkommen. Weitere Anregungen finden Sie in der Spielanleitung.<\/p>\n<p>Die &#8222;Welt der Gef\u00fchle&#8220; hat sich bestens in der Sprachf\u00f6rderung, in Deutschkursen und in der Integrationsarbeit bew\u00e4hrt, ist aber auch ideal f\u00fcr Familien, Kinderg\u00e4rten, Schulen, Jugendgruppen und generell alle Menschen geeignet, die Spa\u00df am Spielen haben.<\/p>\n<div id='1' class='widgets_on_page wop_tiny1  wop_small1  wop_medium1  wop_large1  wop_wide1'>\n\t\t\t<ul><li id=\"custom_html-4\" class=\"widget_text widget widget_custom_html\"><div class=\"textwidget custom-html-widget\"><div style=\"text-align:left;\">\r\n<button class = \"button\" style=\"height: 30px; font-size: 0.8em;\" name=\"zuruck\" type=\"button\" onclick=\"history.back()\">Zur\u00fcck zur \u00dcbersicht<\/button><\/div><\/div><\/li><\/ul><\/div><!-- widgets_on_page -->\n","protected":false},"excerpt":{"rendered":"<h3>Der \u201egro\u00dfe Bruder\u201c des &#8222;Spiel der Gef\u00fchle&#8220; nach der Art eines Memorys<\/h3>\n<p>48 Gef\u00fchlekarten Bilder 13,5 x 13,5 cm<br \/>\n48 Gef\u00fchlekarten Texte (in 6 Sprachen) 13,5 x 13,5 cm<br \/>\n1 Spielanleitung<br \/>\n1 Spielkarton<\/p>\n<p>Herausgeber: CVJM Familienarbeit Mitteldeutschland e.V.<\/p>\n","protected":false},"featured_media":2067,"template":"","meta":[],"product_brand":[],"product_cat":[46,47,51,56],"product_tag":[164,165,166,167,168,59,169,63,71,83,121,140],"class_list":{"0":"post-1188","1":"product","2":"type-product","3":"status-publish","4":"has-post-thumbnail","6":"product_cat-spiele","7":"product_cat-sonstiges","8":"product_cat-seminarmaterial","9":"product_cat-geschenke","10":"product_tag-memory","11":"product_tag-spiel","12":"product_tag-fremdsprachen","13":"product_tag-integration","14":"product_tag-migranten","15":"product_tag-schule","16":"product_tag-sprachfoerderung","17":"product_tag-grundschule","18":"product_tag-kartenset","19":"product_tag-familie","20":"product_tag-gefuehle","21":"product_tag-kindergarten","23":"first","24":"instock","25":"shipping-taxable","26":"purchasable","27":"product-type-simple"},"yoast_head":"<!-- This site is optimized with the Yoast SEO plugin v27.5 - https:\/\/yoast.com\/product\/yoast-seo-wordpress\/ -->\n<title>Spiel &quot;Die Welt der Gef\u00fchle&quot; - Conex-Shop<\/title>\n<meta name=\"robots\" content=\"index, follow, max-snippet:-1, max-image-preview:large, max-video-preview:-1\" \/>\n<link rel=\"canonical\" href=\"https:\/\/conexbooks.de\/a\/shop\/produkt\/gefuehls-memory-set-mit-48-paaren-bild-text-2\/\" \/>\n<meta property=\"og:locale\" content=\"de_DE\" \/>\n<meta property=\"og:type\" content=\"article\" \/>\n<meta property=\"og:title\" content=\"Spiel &quot;Die Welt der Gef\u00fchle&quot; - Conex-Shop\" \/>\n<meta property=\"og:description\" content=\"Der \u201egro\u00dfe Bruder\u201c des &quot;Spiel der Gef\u00fchle&quot; nach der Art eines Memorys 48 Gef\u00fchlekarten Bilder 13,5 x 13,5 cm 48 Gef\u00fchlekarten Texte (in 6 Sprachen) 13,5 x 13,5 cm 1 Spielanleitung 1 Spielkarton  Herausgeber: CVJM Familienarbeit Mitteldeutschland e.V.\" \/>\n<meta property=\"og:url\" content=\"https:\/\/conexbooks.de\/a\/shop\/produkt\/gefuehls-memory-set-mit-48-paaren-bild-text-2\/\" \/>\n<meta property=\"og:site_name\" content=\"Conex-Shop\" \/>\n<meta property=\"article:modified_time\" content=\"2025-06-05T11:43:26+00:00\" \/>\n<meta property=\"og:image\" content=\"https:\/\/conexbooks.de\/a\/shop\/wp-content\/uploads\/2017\/11\/642b.jpg\" \/>\n\t<meta property=\"og:image:width\" content=\"533\" \/>\n\t<meta property=\"og:image:height\" content=\"400\" \/>\n\t<meta property=\"og:image:type\" content=\"image\/jpeg\" \/>\n<meta name=\"twitter:card\" content=\"summary_large_image\" \/>\n<meta name=\"twitter:label1\" content=\"Gesch\u00e4tzte Lesezeit\" \/>\n\t<meta name=\"twitter:data1\" content=\"1\u00a0Minute\" \/>\n<script type=\"application\/ld+json\" class=\"yoast-schema-graph\">{\"@context\":\"https:\\\/\\\/schema.org\",\"@graph\":[{\"@type\":\"WebPage\",\"@id\":\"https:\\\/\\\/conexbooks.de\\\/a\\\/shop\\\/produkt\\\/gefuehls-memory-set-mit-48-paaren-bild-text-2\\\/\",\"url\":\"https:\\\/\\\/conexbooks.de\\\/a\\\/shop\\\/produkt\\\/gefuehls-memory-set-mit-48-paaren-bild-text-2\\\/\",\"name\":\"Spiel &quot;Die Welt der Gef\u00fchle&quot; - Conex-Shop\",\"isPartOf\":{\"@id\":\"https:\\\/\\\/conexbooks.de\\\/a\\\/shop\\\/#website\"},\"primaryImageOfPage\":{\"@id\":\"https:\\\/\\\/conexbooks.de\\\/a\\\/shop\\\/produkt\\\/gefuehls-memory-set-mit-48-paaren-bild-text-2\\\/#primaryimage\"},\"image\":{\"@id\":\"https:\\\/\\\/conexbooks.de\\\/a\\\/shop\\\/produkt\\\/gefuehls-memory-set-mit-48-paaren-bild-text-2\\\/#primaryimage\"},\"thumbnailUrl\":\"https:\\\/\\\/conexbooks.de\\\/a\\\/shop\\\/wp-content\\\/uploads\\\/2017\\\/11\\\/642b.jpg\",\"datePublished\":\"2017-11-14T19:10:35+00:00\",\"dateModified\":\"2025-06-05T11:43:26+00:00\",\"breadcrumb\":{\"@id\":\"https:\\\/\\\/conexbooks.de\\\/a\\\/shop\\\/produkt\\\/gefuehls-memory-set-mit-48-paaren-bild-text-2\\\/#breadcrumb\"},\"inLanguage\":\"de\",\"potentialAction\":[{\"@type\":\"ReadAction\",\"target\":[\"https:\\\/\\\/conexbooks.de\\\/a\\\/shop\\\/produkt\\\/gefuehls-memory-set-mit-48-paaren-bild-text-2\\\/\"]}]},{\"@type\":\"ImageObject\",\"inLanguage\":\"de\",\"@id\":\"https:\\\/\\\/conexbooks.de\\\/a\\\/shop\\\/produkt\\\/gefuehls-memory-set-mit-48-paaren-bild-text-2\\\/#primaryimage\",\"url\":\"https:\\\/\\\/conexbooks.de\\\/a\\\/shop\\\/wp-content\\\/uploads\\\/2017\\\/11\\\/642b.jpg\",\"contentUrl\":\"https:\\\/\\\/conexbooks.de\\\/a\\\/shop\\\/wp-content\\\/uploads\\\/2017\\\/11\\\/642b.jpg\",\"width\":533,\"height\":400},{\"@type\":\"BreadcrumbList\",\"@id\":\"https:\\\/\\\/conexbooks.de\\\/a\\\/shop\\\/produkt\\\/gefuehls-memory-set-mit-48-paaren-bild-text-2\\\/#breadcrumb\",\"itemListElement\":[{\"@type\":\"ListItem\",\"position\":1,\"name\":\"Home\",\"item\":\"https:\\\/\\\/conexbooks.de\\\/a\\\/shop\\\/\"},{\"@type\":\"ListItem\",\"position\":2,\"name\":\"Shop\",\"item\":\"https:\\\/\\\/conexbooks.de\\\/a\\\/shop\\\/shop\\\/\"},{\"@type\":\"ListItem\",\"position\":3,\"name\":\"Spiel &quot;Die Welt der Gef\u00fchle&quot;\"}]},{\"@type\":\"WebSite\",\"@id\":\"https:\\\/\\\/conexbooks.de\\\/a\\\/shop\\\/#website\",\"url\":\"https:\\\/\\\/conexbooks.de\\\/a\\\/shop\\\/\",\"name\":\"Conex-Shop\",\"description\":\"Alles f\u00fcr die gewaltfreie Kommunikation: B\u00fccher, Spiele. Handpuppen Seminarmaterial und Geschenke\",\"publisher\":{\"@id\":\"https:\\\/\\\/conexbooks.de\\\/a\\\/shop\\\/#organization\"},\"potentialAction\":[{\"@type\":\"SearchAction\",\"target\":{\"@type\":\"EntryPoint\",\"urlTemplate\":\"https:\\\/\\\/conexbooks.de\\\/a\\\/shop\\\/?s={search_term_string}\"},\"query-input\":{\"@type\":\"PropertyValueSpecification\",\"valueRequired\":true,\"valueName\":\"search_term_string\"}}],\"inLanguage\":\"de\"},{\"@type\":\"Organization\",\"@id\":\"https:\\\/\\\/conexbooks.de\\\/a\\\/shop\\\/#organization\",\"name\":\"Conex - books and more\",\"url\":\"https:\\\/\\\/conexbooks.de\\\/a\\\/shop\\\/\",\"logo\":{\"@type\":\"ImageObject\",\"inLanguage\":\"de\",\"@id\":\"https:\\\/\\\/conexbooks.de\\\/a\\\/shop\\\/#\\\/schema\\\/logo\\\/image\\\/\",\"url\":\"https:\\\/\\\/conexbooks.de\\\/a\\\/shop\\\/wp-content\\\/uploads\\\/2017\\\/12\\\/co-logo.png\",\"contentUrl\":\"https:\\\/\\\/conexbooks.de\\\/a\\\/shop\\\/wp-content\\\/uploads\\\/2017\\\/12\\\/co-logo.png\",\"width\":243,\"height\":122,\"caption\":\"Conex - books and more\"},\"image\":{\"@id\":\"https:\\\/\\\/conexbooks.de\\\/a\\\/shop\\\/#\\\/schema\\\/logo\\\/image\\\/\"}}]}<\/script>\n<!-- \/ Yoast SEO plugin. -->","yoast_head_json":{"title":"Spiel &quot;Die Welt der Gef\u00fchle&quot; - Conex-Shop","robots":{"index":"index","follow":"follow","max-snippet":"max-snippet:-1","max-image-preview":"max-image-preview:large","max-video-preview":"max-video-preview:-1"},"canonical":"https:\/\/conexbooks.de\/a\/shop\/produkt\/gefuehls-memory-set-mit-48-paaren-bild-text-2\/","og_locale":"de_DE","og_type":"article","og_title":"Spiel &quot;Die Welt der Gef\u00fchle&quot; - Conex-Shop","og_description":"Der \u201egro\u00dfe Bruder\u201c des \"Spiel der Gef\u00fchle\" nach der Art eines Memorys 48 Gef\u00fchlekarten Bilder 13,5 x 13,5 cm 48 Gef\u00fchlekarten Texte (in 6 Sprachen) 13,5 x 13,5 cm 1 Spielanleitung 1 Spielkarton  Herausgeber: CVJM Familienarbeit Mitteldeutschland e.V.","og_url":"https:\/\/conexbooks.de\/a\/shop\/produkt\/gefuehls-memory-set-mit-48-paaren-bild-text-2\/","og_site_name":"Conex-Shop","article_modified_time":"2025-06-05T11:43:26+00:00","og_image":[{"width":533,"height":400,"url":"https:\/\/conexbooks.de\/a\/shop\/wp-content\/uploads\/2017\/11\/642b.jpg","type":"image\/jpeg"}],"twitter_card":"summary_large_image","twitter_misc":{"Gesch\u00e4tzte Lesezeit":"1\u00a0Minute"},"schema":{"@context":"https:\/\/schema.org","@graph":[{"@type":"WebPage","@id":"https:\/\/conexbooks.de\/a\/shop\/produkt\/gefuehls-memory-set-mit-48-paaren-bild-text-2\/","url":"https:\/\/conexbooks.de\/a\/shop\/produkt\/gefuehls-memory-set-mit-48-paaren-bild-text-2\/","name":"Spiel &quot;Die Welt der Gef\u00fchle&quot; - Conex-Shop","isPartOf":{"@id":"https:\/\/conexbooks.de\/a\/shop\/#website"},"primaryImageOfPage":{"@id":"https:\/\/conexbooks.de\/a\/shop\/produkt\/gefuehls-memory-set-mit-48-paaren-bild-text-2\/#primaryimage"},"image":{"@id":"https:\/\/conexbooks.de\/a\/shop\/produkt\/gefuehls-memory-set-mit-48-paaren-bild-text-2\/#primaryimage"},"thumbnailUrl":"https:\/\/conexbooks.de\/a\/shop\/wp-content\/uploads\/2017\/11\/642b.jpg","datePublished":"2017-11-14T19:10:35+00:00","dateModified":"2025-06-05T11:43:26+00:00","breadcrumb":{"@id":"https:\/\/conexbooks.de\/a\/shop\/produkt\/gefuehls-memory-set-mit-48-paaren-bild-text-2\/#breadcrumb"},"inLanguage":"de","potentialAction":[{"@type":"ReadAction","target":["https:\/\/conexbooks.de\/a\/shop\/produkt\/gefuehls-memory-set-mit-48-paaren-bild-text-2\/"]}]},{"@type":"ImageObject","inLanguage":"de","@id":"https:\/\/conexbooks.de\/a\/shop\/produkt\/gefuehls-memory-set-mit-48-paaren-bild-text-2\/#primaryimage","url":"https:\/\/conexbooks.de\/a\/shop\/wp-content\/uploads\/2017\/11\/642b.jpg","contentUrl":"https:\/\/conexbooks.de\/a\/shop\/wp-content\/uploads\/2017\/11\/642b.jpg","width":533,"height":400},{"@type":"BreadcrumbList","@id":"https:\/\/conexbooks.de\/a\/shop\/produkt\/gefuehls-memory-set-mit-48-paaren-bild-text-2\/#breadcrumb","itemListElement":[{"@type":"ListItem","position":1,"name":"Home","item":"https:\/\/conexbooks.de\/a\/shop\/"},{"@type":"ListItem","position":2,"name":"Shop","item":"https:\/\/conexbooks.de\/a\/shop\/shop\/"},{"@type":"ListItem","position":3,"name":"Spiel &quot;Die Welt der Gef\u00fchle&quot;"}]},{"@type":"WebSite","@id":"https:\/\/conexbooks.de\/a\/shop\/#website","url":"https:\/\/conexbooks.de\/a\/shop\/","name":"Conex-Shop","description":"Alles f\u00fcr die gewaltfreie Kommunikation: B\u00fccher, Spiele. Handpuppen Seminarmaterial und Geschenke","publisher":{"@id":"https:\/\/conexbooks.de\/a\/shop\/#organization"},"potentialAction":[{"@type":"SearchAction","target":{"@type":"EntryPoint","urlTemplate":"https:\/\/conexbooks.de\/a\/shop\/?s={search_term_string}"},"query-input":{"@type":"PropertyValueSpecification","valueRequired":true,"valueName":"search_term_string"}}],"inLanguage":"de"},{"@type":"Organization","@id":"https:\/\/conexbooks.de\/a\/shop\/#organization","name":"Conex - books and more","url":"https:\/\/conexbooks.de\/a\/shop\/","logo":{"@type":"ImageObject","inLanguage":"de","@id":"https:\/\/conexbooks.de\/a\/shop\/#\/schema\/logo\/image\/","url":"https:\/\/conexbooks.de\/a\/shop\/wp-content\/uploads\/2017\/12\/co-logo.png","contentUrl":"https:\/\/conexbooks.de\/a\/shop\/wp-content\/uploads\/2017\/12\/co-logo.png","width":243,"height":122,"caption":"Conex - books and more"},"image":{"@id":"https:\/\/conexbooks.de\/a\/shop\/#\/schema\/logo\/image\/"}}]}},"_links":{"self":[{"href":"https:\/\/conexbooks.de\/a\/shop\/wp-json\/wp\/v2\/product\/1188","targetHints":{"allow":["GET"]}}],"collection":[{"href":"https:\/\/conexbooks.de\/a\/shop\/wp-json\/wp\/v2\/product"}],"about":[{"href":"https:\/\/conexbooks.de\/a\/shop\/wp-json\/wp\/v2\/types\/product"}],"wp:featuredmedia":[{"embeddable":true,"href":"https:\/\/conexbooks.de\/a\/shop\/wp-json\/wp\/v2\/media\/2067"}],"wp:attachment":[{"href":"https:\/\/conexbooks.de\/a\/shop\/wp-json\/wp\/v2\/media?parent=1188"}],"wp:term":[{"taxonomy":"product_brand","embeddable":true,"href":"https:\/\/conexbooks.de\/a\/shop\/wp-json\/wp\/v2\/product_brand?post=1188"},{"taxonomy":"product_cat","embeddable":true,"href":"https:\/\/conexbooks.de\/a\/shop\/wp-json\/wp\/v2\/product_cat?post=1188"},{"taxonomy":"product_tag","embeddable":true,"href":"https:\/\/conexbooks.de\/a\/shop\/wp-json\/wp\/v2\/product_tag?post=1188"}],"curies":[{"name":"wp","href":"https:\/\/api.w.org\/{rel}","templated":true}]}}