{"id":1189,"date":"2017-11-14T20:10:35","date_gmt":"2017-11-14T19:10:35","guid":{"rendered":"https:\/\/conexbooks.de\/a\/shop\/wp\/produkt\/published-by-gitta-zimmermann-2\/"},"modified":"2024-04-25T19:52:04","modified_gmt":"2024-04-25T17:52:04","slug":"published-by-gitta-zimmermann-2","status":"publish","type":"product","link":"https:\/\/conexbooks.de\/a\/shop\/produkt\/published-by-gitta-zimmermann-2\/","title":{"rendered":"Folder: Become yourself"},"content":{"rendered":"<h4>Folder: Become yourself!<\/h4>\n<h4>13 Motifs for Non-violent Communication<\/h4>\n<h4>&#8222;Be yourself. Everybody else is already taken.&#8220; attributed to Oscar Wilde<\/h4>\n<p>The quotation and motifs are different in the german and english Folder.<\/p>\n<p>Lassen Sie sich von den Bildern verzaubern und gehen Sie auf eine Reise zu sich selbst: Sprichworte, Aussagen von Marshall Rosenberg, gefl\u00fcgelte Worte aus GfK-Gemeinschaften wie das Kelly-Bryson-Zitat &#8222;Sei nicht nett, sei echt&#8220; laden dazu ein, die eigene Sichtweise zu ver\u00e4ndern, die pers\u00f6nliche Wahlfreiheit zu entdecken und zu innerem Frieden zu kommen.<\/p>\n<p>Die Illustrationen eignen sich als Dekoration f\u00fcr Seminarraum, Wartebereich oder Arbeitszimmer, aber auch als inspirierendes Unterrichtsmaterial.<\/p>\n<p>Die GfK-Trainerin Dr. Gitta Zimmermann gab den Ansto\u00df zu dieser ber\u00fchrenden Sammlung von Grafiken der Illustratorin Christiane Lesch:<\/p>\n<p>&#8222;Um die Menschen in meiner Umgebung zu unterst\u00fctzen, einfach mal anders an bestimmte Dinge heran zu gehen, habe ich in meiner Spr\u00fcche-Schatzkiste gew\u00fchlt. Ich habe die Spr\u00fcche ausgew\u00e4hlt, die dazu f\u00fchren, sich selbst als etwas Besonderes zu sehen und zu sich selbst sagen zu k\u00f6nnen: Du bist wichtig.<\/p>\n<p>Ich habe meine Freundin, die Malerin Christiane Lesch, gebeten, sich die Spr\u00fcche auszusuchen, die sie ber\u00fchren, und sie zu illustrieren. Diese Mappe ist nun nach vielen Gespr\u00e4chen dabei herausgekommen.<\/p>\n<p>Die Bilder k\u00f6nnen an den eigenen K\u00fchlschrank geh\u00e4ngt oder im Seminar verwendet werden. Eines der Bilder hat keinen Untertitel. Das ist unser Joker. Dieses Bild dient zu Ihrer Inspiration, und Sie k\u00f6nnen es selbst mit einem Ihrer Lieblingsspr\u00fcche versehen.&#8220;<\/p>\n<p>Durch das praktische Format und die Laminierung kann es wunderbar im Alltag oder \u00dcbungsgruppen und Seminaren verwendet werden.<\/p>\n<p>&nbsp;<\/p>\n<div id='1' class='widgets_on_page wop_tiny1  wop_small1  wop_medium1  wop_large1  wop_wide1'>\n\t\t\t<ul><li id=\"custom_html-4\" class=\"widget_text widget widget_custom_html\"><div class=\"textwidget custom-html-widget\"><div style=\"text-align:left;\">\r\n<button class = \"button\" style=\"height: 30px; font-size: 0.8em;\" name=\"zuruck\" type=\"button\" onclick=\"history.back()\">Zur\u00fcck zur \u00dcbersicht<\/button><\/div><\/div><\/li><\/ul><\/div><!-- widgets_on_page -->\n","protected":false},"excerpt":{"rendered":"<h3>13 Motifs for Non-violent Communication<br \/>\nby Christiane Lesch,<br \/>\npublished by Gitta Zimmermann<\/h3>\n<p>&#8222;Be yourself. Everybody else is already taken.&#8220; attributed to Oscar Wilde<\/p>\n<p>The quotation and motifs are different in the german and english Folder.<\/p>\n<p>Format: A4<\/p>\n<p>&nbsp;<\/p>\n","protected":false},"featured_media":2072,"template":"","meta":[],"product_brand":[],"product_cat":[35,56,39,51,47],"product_tag":[413,412,371,411,414,415,416,410],"class_list":{"0":"post-1189","1":"product","2":"type-product","3":"status-publish","4":"has-post-thumbnail","6":"product_cat-besonders","7":"product_cat-geschenke","8":"product_cat-persoenliche-entwicklung","9":"product_cat-seminarmaterial","10":"product_cat-sonstiges","11":"product_tag-favorite-sayings","12":"product_tag-graphics","13":"product_tag-inspiration","14":"product_tag-nvc-dictums","15":"product_tag-personality-development","16":"product_tag-proverbs","17":"product_tag-sayings","18":"product_tag-statements-by-marshall-rosenberg","20":"first","21":"instock","22":"shipping-taxable","23":"purchasable","24":"product-type-simple"},"yoast_head":"<!-- This site is optimized with the Yoast SEO plugin v27.4 - https:\/\/yoast.com\/product\/yoast-seo-wordpress\/ -->\n<title>Folder: Become yourself - Conex-Shop<\/title>\n<meta name=\"robots\" content=\"index, follow, max-snippet:-1, max-image-preview:large, max-video-preview:-1\" \/>\n<link rel=\"canonical\" href=\"https:\/\/conexbooks.de\/a\/shop\/produkt\/published-by-gitta-zimmermann-2\/\" \/>\n<meta property=\"og:locale\" content=\"de_DE\" \/>\n<meta property=\"og:type\" content=\"article\" \/>\n<meta property=\"og:title\" content=\"Folder: Become yourself - Conex-Shop\" \/>\n<meta property=\"og:description\" content=\"13 Motifs for Non-violent Communication by Christiane Lesch, published by Gitta Zimmermann &quot;Be yourself. Everybody else is already taken.&quot; attributed to Oscar Wilde  The quotation and motifs are different in the german and english Folder.  Format: A4  &nbsp;\" \/>\n<meta property=\"og:url\" content=\"https:\/\/conexbooks.de\/a\/shop\/produkt\/published-by-gitta-zimmermann-2\/\" \/>\n<meta property=\"og:site_name\" content=\"Conex-Shop\" \/>\n<meta property=\"article:modified_time\" content=\"2024-04-25T17:52:04+00:00\" \/>\n<meta property=\"og:image\" content=\"https:\/\/conexbooks.de\/a\/shop\/wp-content\/uploads\/2017\/11\/634.jpg\" \/>\n\t<meta property=\"og:image:width\" content=\"750\" \/>\n\t<meta property=\"og:image:height\" content=\"400\" \/>\n\t<meta property=\"og:image:type\" content=\"image\/jpeg\" \/>\n<meta name=\"twitter:card\" content=\"summary_large_image\" \/>\n<meta name=\"twitter:label1\" content=\"Gesch\u00e4tzte Lesezeit\" \/>\n\t<meta name=\"twitter:data1\" content=\"1\u00a0Minute\" \/>\n<script type=\"application\/ld+json\" class=\"yoast-schema-graph\">{\"@context\":\"https:\\\/\\\/schema.org\",\"@graph\":[{\"@type\":\"WebPage\",\"@id\":\"https:\\\/\\\/conexbooks.de\\\/a\\\/shop\\\/produkt\\\/published-by-gitta-zimmermann-2\\\/\",\"url\":\"https:\\\/\\\/conexbooks.de\\\/a\\\/shop\\\/produkt\\\/published-by-gitta-zimmermann-2\\\/\",\"name\":\"Folder: Become yourself - Conex-Shop\",\"isPartOf\":{\"@id\":\"https:\\\/\\\/conexbooks.de\\\/a\\\/shop\\\/#website\"},\"primaryImageOfPage\":{\"@id\":\"https:\\\/\\\/conexbooks.de\\\/a\\\/shop\\\/produkt\\\/published-by-gitta-zimmermann-2\\\/#primaryimage\"},\"image\":{\"@id\":\"https:\\\/\\\/conexbooks.de\\\/a\\\/shop\\\/produkt\\\/published-by-gitta-zimmermann-2\\\/#primaryimage\"},\"thumbnailUrl\":\"https:\\\/\\\/conexbooks.de\\\/a\\\/shop\\\/wp-content\\\/uploads\\\/2017\\\/11\\\/634.jpg\",\"datePublished\":\"2017-11-14T19:10:35+00:00\",\"dateModified\":\"2024-04-25T17:52:04+00:00\",\"breadcrumb\":{\"@id\":\"https:\\\/\\\/conexbooks.de\\\/a\\\/shop\\\/produkt\\\/published-by-gitta-zimmermann-2\\\/#breadcrumb\"},\"inLanguage\":\"de\",\"potentialAction\":[{\"@type\":\"ReadAction\",\"target\":[\"https:\\\/\\\/conexbooks.de\\\/a\\\/shop\\\/produkt\\\/published-by-gitta-zimmermann-2\\\/\"]}]},{\"@type\":\"ImageObject\",\"inLanguage\":\"de\",\"@id\":\"https:\\\/\\\/conexbooks.de\\\/a\\\/shop\\\/produkt\\\/published-by-gitta-zimmermann-2\\\/#primaryimage\",\"url\":\"https:\\\/\\\/conexbooks.de\\\/a\\\/shop\\\/wp-content\\\/uploads\\\/2017\\\/11\\\/634.jpg\",\"contentUrl\":\"https:\\\/\\\/conexbooks.de\\\/a\\\/shop\\\/wp-content\\\/uploads\\\/2017\\\/11\\\/634.jpg\",\"width\":750,\"height\":400},{\"@type\":\"BreadcrumbList\",\"@id\":\"https:\\\/\\\/conexbooks.de\\\/a\\\/shop\\\/produkt\\\/published-by-gitta-zimmermann-2\\\/#breadcrumb\",\"itemListElement\":[{\"@type\":\"ListItem\",\"position\":1,\"name\":\"Home\",\"item\":\"https:\\\/\\\/conexbooks.de\\\/a\\\/shop\\\/\"},{\"@type\":\"ListItem\",\"position\":2,\"name\":\"Shop\",\"item\":\"https:\\\/\\\/conexbooks.de\\\/a\\\/shop\\\/shop\\\/\"},{\"@type\":\"ListItem\",\"position\":3,\"name\":\"Folder: Become yourself\"}]},{\"@type\":\"WebSite\",\"@id\":\"https:\\\/\\\/conexbooks.de\\\/a\\\/shop\\\/#website\",\"url\":\"https:\\\/\\\/conexbooks.de\\\/a\\\/shop\\\/\",\"name\":\"Conex-Shop\",\"description\":\"Alles f\u00fcr die gewaltfreie Kommunikation: B\u00fccher, Spiele. Handpuppen Seminarmaterial und Geschenke\",\"publisher\":{\"@id\":\"https:\\\/\\\/conexbooks.de\\\/a\\\/shop\\\/#organization\"},\"potentialAction\":[{\"@type\":\"SearchAction\",\"target\":{\"@type\":\"EntryPoint\",\"urlTemplate\":\"https:\\\/\\\/conexbooks.de\\\/a\\\/shop\\\/?s={search_term_string}\"},\"query-input\":{\"@type\":\"PropertyValueSpecification\",\"valueRequired\":true,\"valueName\":\"search_term_string\"}}],\"inLanguage\":\"de\"},{\"@type\":\"Organization\",\"@id\":\"https:\\\/\\\/conexbooks.de\\\/a\\\/shop\\\/#organization\",\"name\":\"Conex - books and more\",\"url\":\"https:\\\/\\\/conexbooks.de\\\/a\\\/shop\\\/\",\"logo\":{\"@type\":\"ImageObject\",\"inLanguage\":\"de\",\"@id\":\"https:\\\/\\\/conexbooks.de\\\/a\\\/shop\\\/#\\\/schema\\\/logo\\\/image\\\/\",\"url\":\"https:\\\/\\\/conexbooks.de\\\/a\\\/shop\\\/wp-content\\\/uploads\\\/2017\\\/12\\\/co-logo.png\",\"contentUrl\":\"https:\\\/\\\/conexbooks.de\\\/a\\\/shop\\\/wp-content\\\/uploads\\\/2017\\\/12\\\/co-logo.png\",\"width\":243,\"height\":122,\"caption\":\"Conex - books and more\"},\"image\":{\"@id\":\"https:\\\/\\\/conexbooks.de\\\/a\\\/shop\\\/#\\\/schema\\\/logo\\\/image\\\/\"}}]}<\/script>\n<!-- \/ Yoast SEO plugin. -->","yoast_head_json":{"title":"Folder: Become yourself - Conex-Shop","robots":{"index":"index","follow":"follow","max-snippet":"max-snippet:-1","max-image-preview":"max-image-preview:large","max-video-preview":"max-video-preview:-1"},"canonical":"https:\/\/conexbooks.de\/a\/shop\/produkt\/published-by-gitta-zimmermann-2\/","og_locale":"de_DE","og_type":"article","og_title":"Folder: Become yourself - Conex-Shop","og_description":"13 Motifs for Non-violent Communication by Christiane Lesch, published by Gitta Zimmermann \"Be yourself. Everybody else is already taken.\" attributed to Oscar Wilde  The quotation and motifs are different in the german and english Folder.  Format: A4  &nbsp;","og_url":"https:\/\/conexbooks.de\/a\/shop\/produkt\/published-by-gitta-zimmermann-2\/","og_site_name":"Conex-Shop","article_modified_time":"2024-04-25T17:52:04+00:00","og_image":[{"width":750,"height":400,"url":"https:\/\/conexbooks.de\/a\/shop\/wp-content\/uploads\/2017\/11\/634.jpg","type":"image\/jpeg"}],"twitter_card":"summary_large_image","twitter_misc":{"Gesch\u00e4tzte Lesezeit":"1\u00a0Minute"},"schema":{"@context":"https:\/\/schema.org","@graph":[{"@type":"WebPage","@id":"https:\/\/conexbooks.de\/a\/shop\/produkt\/published-by-gitta-zimmermann-2\/","url":"https:\/\/conexbooks.de\/a\/shop\/produkt\/published-by-gitta-zimmermann-2\/","name":"Folder: Become yourself - Conex-Shop","isPartOf":{"@id":"https:\/\/conexbooks.de\/a\/shop\/#website"},"primaryImageOfPage":{"@id":"https:\/\/conexbooks.de\/a\/shop\/produkt\/published-by-gitta-zimmermann-2\/#primaryimage"},"image":{"@id":"https:\/\/conexbooks.de\/a\/shop\/produkt\/published-by-gitta-zimmermann-2\/#primaryimage"},"thumbnailUrl":"https:\/\/conexbooks.de\/a\/shop\/wp-content\/uploads\/2017\/11\/634.jpg","datePublished":"2017-11-14T19:10:35+00:00","dateModified":"2024-04-25T17:52:04+00:00","breadcrumb":{"@id":"https:\/\/conexbooks.de\/a\/shop\/produkt\/published-by-gitta-zimmermann-2\/#breadcrumb"},"inLanguage":"de","potentialAction":[{"@type":"ReadAction","target":["https:\/\/conexbooks.de\/a\/shop\/produkt\/published-by-gitta-zimmermann-2\/"]}]},{"@type":"ImageObject","inLanguage":"de","@id":"https:\/\/conexbooks.de\/a\/shop\/produkt\/published-by-gitta-zimmermann-2\/#primaryimage","url":"https:\/\/conexbooks.de\/a\/shop\/wp-content\/uploads\/2017\/11\/634.jpg","contentUrl":"https:\/\/conexbooks.de\/a\/shop\/wp-content\/uploads\/2017\/11\/634.jpg","width":750,"height":400},{"@type":"BreadcrumbList","@id":"https:\/\/conexbooks.de\/a\/shop\/produkt\/published-by-gitta-zimmermann-2\/#breadcrumb","itemListElement":[{"@type":"ListItem","position":1,"name":"Home","item":"https:\/\/conexbooks.de\/a\/shop\/"},{"@type":"ListItem","position":2,"name":"Shop","item":"https:\/\/conexbooks.de\/a\/shop\/shop\/"},{"@type":"ListItem","position":3,"name":"Folder: Become yourself"}]},{"@type":"WebSite","@id":"https:\/\/conexbooks.de\/a\/shop\/#website","url":"https:\/\/conexbooks.de\/a\/shop\/","name":"Conex-Shop","description":"Alles f\u00fcr die gewaltfreie Kommunikation: B\u00fccher, Spiele. Handpuppen Seminarmaterial und Geschenke","publisher":{"@id":"https:\/\/conexbooks.de\/a\/shop\/#organization"},"potentialAction":[{"@type":"SearchAction","target":{"@type":"EntryPoint","urlTemplate":"https:\/\/conexbooks.de\/a\/shop\/?s={search_term_string}"},"query-input":{"@type":"PropertyValueSpecification","valueRequired":true,"valueName":"search_term_string"}}],"inLanguage":"de"},{"@type":"Organization","@id":"https:\/\/conexbooks.de\/a\/shop\/#organization","name":"Conex - books and more","url":"https:\/\/conexbooks.de\/a\/shop\/","logo":{"@type":"ImageObject","inLanguage":"de","@id":"https:\/\/conexbooks.de\/a\/shop\/#\/schema\/logo\/image\/","url":"https:\/\/conexbooks.de\/a\/shop\/wp-content\/uploads\/2017\/12\/co-logo.png","contentUrl":"https:\/\/conexbooks.de\/a\/shop\/wp-content\/uploads\/2017\/12\/co-logo.png","width":243,"height":122,"caption":"Conex - books and more"},"image":{"@id":"https:\/\/conexbooks.de\/a\/shop\/#\/schema\/logo\/image\/"}}]}},"_links":{"self":[{"href":"https:\/\/conexbooks.de\/a\/shop\/wp-json\/wp\/v2\/product\/1189","targetHints":{"allow":["GET"]}}],"collection":[{"href":"https:\/\/conexbooks.de\/a\/shop\/wp-json\/wp\/v2\/product"}],"about":[{"href":"https:\/\/conexbooks.de\/a\/shop\/wp-json\/wp\/v2\/types\/product"}],"wp:featuredmedia":[{"embeddable":true,"href":"https:\/\/conexbooks.de\/a\/shop\/wp-json\/wp\/v2\/media\/2072"}],"wp:attachment":[{"href":"https:\/\/conexbooks.de\/a\/shop\/wp-json\/wp\/v2\/media?parent=1189"}],"wp:term":[{"taxonomy":"product_brand","embeddable":true,"href":"https:\/\/conexbooks.de\/a\/shop\/wp-json\/wp\/v2\/product_brand?post=1189"},{"taxonomy":"product_cat","embeddable":true,"href":"https:\/\/conexbooks.de\/a\/shop\/wp-json\/wp\/v2\/product_cat?post=1189"},{"taxonomy":"product_tag","embeddable":true,"href":"https:\/\/conexbooks.de\/a\/shop\/wp-json\/wp\/v2\/product_tag?post=1189"}],"curies":[{"name":"wp","href":"https:\/\/api.w.org\/{rel}","templated":true}]}}