{"id":1193,"date":"2017-11-14T20:10:36","date_gmt":"2017-11-14T19:10:36","guid":{"rendered":"https:\/\/conexbooks.de\/a\/shop\/wp\/produkt\/auf-2-seiten-umfassende-gfk-uebersicht-ueber-alle-aspekte-der-gefuehle-2\/"},"modified":"2026-04-14T11:23:56","modified_gmt":"2026-04-14T09:23:56","slug":"auf-2-seiten-umfassende-gfk-uebersicht-ueber-alle-aspekte-der-gefuehle-2","status":"publish","type":"product","link":"https:\/\/conexbooks.de\/a\/shop\/produkt\/auf-2-seiten-umfassende-gfk-uebersicht-ueber-alle-aspekte-der-gefuehle-2\/","title":{"rendered":"GFK-Navigator f\u00fcr Gef\u00fchle, Emotionen und Stimmungen, A4 laminiert"},"content":{"rendered":"<h4>GFK-Navigator f\u00fcr Gef\u00fchle, Emotionen und Stimmungen im A4-Format<\/h4>\n<h4>Was f\u00fchle ich? Was f\u00fchlst Du? \u2013 Was bedeuten Deine Gef\u00fchle?<\/h4>\n<h5>Gef\u00fchle verbinden und uns Menschen und weisen uns in der GFK darauf hin, dass sich Bed\u00fcrfnisse erf\u00fcllen oder eben auch nicht.<\/h5>\n<p>Der Gef\u00fchlsfinder bietet dir eine umfassende \u00dcbersicht und schafft ein neues Verst\u00e4ndnis und Wissen \u00fcber Gef\u00fchle, Emotionen und Stimmungen.<\/p>\n<p>Herausfordernde Situationen, die Empathie brauchen, k\u00f6nnen somit leichter und schneller in ihrer Gef\u00fchlsqualit\u00e4t erkannt werden. Der Gef\u00fchlsfinder will dir dabei ein Kompass und eine Karte sein.<\/p>\n<p>Wir haben den Gef\u00fchlsfinder mit dem Anspruch entwickelt, dass er f\u00fcr dich vor allem alltagstauglich ist und mit umgangssprachlichen Beispielen Themenbereiche verdeutlicht. Hierf\u00fcr haben wir sinnvolle Illustrationen und Infografiken verwendet. Die F\u00fclle der Inhalte sind kompakt und gleichzeitig \u00fcbersichtlich und optisch ansprechend gestaltet.<\/p>\n<p>Der GFK-Gef\u00fchlsfinder zeigt dir auf nur zwei Seiten:<\/p>\n<ul>\n<li>12 unterschiedliche Hauptgef\u00fchle zur schnellen Orientierung<\/li>\n<li>\u00dcber 100 verwandte Gef\u00fchlsbegriffe zur feinen Einordnung<\/li>\n<li>Zu jedem der 12 Hauptgef\u00fchle findest Du die dahinterliegende Gedanken, die Dir verraten was Deine Gef\u00fchle bedeuten<\/li>\n<li>Einen praktischen Gef\u00fchlstest, mit dem Du Dein aktuelles Gef\u00fchl \u00fcberpr\u00fcfen und best\u00e4tigen kannst<\/li>\n<li>2 n\u00fctzliche Sichtweisen, die dar\u00fcber Aufschluss geben, wie Gef\u00fchle entstehen<\/li>\n<li>\u00dcber 60 sog. unechte Gef\u00fchlsbegriffe (z.B. Ich f\u00fchle mich bemuttert, nicht geliebt, verlassen etc.)<\/li>\n<li>Hinweise, wie du \u201eunechte Gef\u00fchle\u201c erkennst Welches echte Gef\u00fchl sich dahinter verbirgt, wenn Du Dich sagen h\u00f6rst \u201eIch f\u00fchle mich von Dir \u2026.\u201c oder \u201eIch habe das Gef\u00fchl, dass\u2026.\u201c<\/li>\n<li>Wie Du unechte Gef\u00fchle in einer konstruktiven und verbindenden Weise kommunizierst ohne Dein Gegen\u00fcber zu beschuldigen.<\/li>\n<\/ul>\n<p>Wo findest Du Deine Gef\u00fchle im K\u00f6rper? Eine Gef\u00fchlsk\u00f6rperkarte zeigt Dir wo im K\u00f6rper Du Scham, Angst, Ohnmacht etc. h\u00e4ufig findest und regt Dich zur Selbsterforschung an.<\/p>\n<p>Der GfK-Navigator f\u00fcr Gef\u00fchle, Emotionen und Stimmungen ist auch im A5 Format sowie als Wandposter im DIN A3 und A2 Format erh\u00e4ltlich.<\/p>\n<div id='1' class='widgets_on_page wop_tiny1  wop_small1  wop_medium1  wop_large1  wop_wide1'>\n\t\t\t<ul><li id=\"custom_html-4\" class=\"widget_text widget widget_custom_html\"><div class=\"textwidget custom-html-widget\"><div style=\"text-align:left;\">\r\n<button class = \"button\" style=\"height: 30px; font-size: 0.8em;\" name=\"zuruck\" type=\"button\" onclick=\"history.back()\">Zur\u00fcck zur \u00dcbersicht<\/button><\/div><\/div><\/li><\/ul><\/div><!-- widgets_on_page -->\n","protected":false},"excerpt":{"rendered":"<h3>GFK-Navigator f\u00fcr Gef\u00fchle, Emotionen und Stimmungen im A4-Format<\/h3>\n<h3>Gef\u00fchle finden und benennen \u2013 sich verstehen, verstanden werden, Empathie geben \u2013 Mit \u00fcber 100 Gef\u00fchlsbegriffen<\/h3>\n<p>DIN A4 Format, laminiert, beidseitig bedruckt<\/p>\n","protected":false},"featured_media":2038,"template":"","meta":[],"product_brand":[],"product_cat":[481,39,51,47],"product_tag":[273,388,386,389,397,418,372],"class_list":{"0":"post-1193","1":"product","2":"type-product","3":"status-publish","4":"has-post-thumbnail","6":"product_cat-gefuehle-und-beduerfniskarten","7":"product_cat-persoenliche-entwicklung","8":"product_cat-seminarmaterial","9":"product_cat-sonstiges","10":"product_tag-emotionen","11":"product_tag-gefuehlsausdruecke","12":"product_tag-gefuehlslisten","13":"product_tag-hilfsmittel-fuer-gefuehlsfindung","14":"product_tag-laminierte-karte","15":"product_tag-pseudogefuehle","16":"product_tag-uebersicht","18":"first","19":"instock","20":"shipping-taxable","21":"purchasable","22":"product-type-simple"},"yoast_head":"<!-- This site is optimized with the Yoast SEO plugin v27.5 - https:\/\/yoast.com\/product\/yoast-seo-wordpress\/ -->\n<title>GFK-Navigator f\u00fcr Gef\u00fchle, Emotionen und Stimmungen, A4 laminiert - Conex-Shop<\/title>\n<meta name=\"robots\" content=\"index, follow, max-snippet:-1, max-image-preview:large, max-video-preview:-1\" \/>\n<link rel=\"canonical\" href=\"https:\/\/conexbooks.de\/a\/shop\/produkt\/auf-2-seiten-umfassende-gfk-uebersicht-ueber-alle-aspekte-der-gefuehle-2\/\" \/>\n<meta property=\"og:locale\" content=\"de_DE\" \/>\n<meta property=\"og:type\" content=\"article\" \/>\n<meta property=\"og:title\" content=\"GFK-Navigator f\u00fcr Gef\u00fchle, Emotionen und Stimmungen, A4 laminiert - Conex-Shop\" \/>\n<meta property=\"og:description\" content=\"GFK-Navigator f\u00fcr Gef\u00fchle, Emotionen und Stimmungen im A4-Format Gef\u00fchle finden und benennen \u2013 sich verstehen, verstanden werden, Empathie geben \u2013 Mit \u00fcber 100 Gef\u00fchlsbegriffen DIN A4 Format, laminiert, beidseitig bedruckt\" \/>\n<meta property=\"og:url\" content=\"https:\/\/conexbooks.de\/a\/shop\/produkt\/auf-2-seiten-umfassende-gfk-uebersicht-ueber-alle-aspekte-der-gefuehle-2\/\" \/>\n<meta property=\"og:site_name\" content=\"Conex-Shop\" \/>\n<meta property=\"article:modified_time\" content=\"2026-04-14T09:23:56+00:00\" \/>\n<meta property=\"og:image\" content=\"https:\/\/conexbooks.de\/a\/shop\/wp-content\/uploads\/2017\/11\/643.jpg\" \/>\n\t<meta property=\"og:image:width\" content=\"285\" \/>\n\t<meta property=\"og:image:height\" content=\"400\" \/>\n\t<meta property=\"og:image:type\" content=\"image\/jpeg\" \/>\n<meta name=\"twitter:card\" content=\"summary_large_image\" \/>\n<meta name=\"twitter:label1\" content=\"Gesch\u00e4tzte Lesezeit\" \/>\n\t<meta name=\"twitter:data1\" content=\"2\u00a0Minuten\" \/>\n<script type=\"application\/ld+json\" class=\"yoast-schema-graph\">{\"@context\":\"https:\\\/\\\/schema.org\",\"@graph\":[{\"@type\":\"WebPage\",\"@id\":\"https:\\\/\\\/conexbooks.de\\\/a\\\/shop\\\/produkt\\\/auf-2-seiten-umfassende-gfk-uebersicht-ueber-alle-aspekte-der-gefuehle-2\\\/\",\"url\":\"https:\\\/\\\/conexbooks.de\\\/a\\\/shop\\\/produkt\\\/auf-2-seiten-umfassende-gfk-uebersicht-ueber-alle-aspekte-der-gefuehle-2\\\/\",\"name\":\"GFK-Navigator f\u00fcr Gef\u00fchle, Emotionen und Stimmungen, A4 laminiert - Conex-Shop\",\"isPartOf\":{\"@id\":\"https:\\\/\\\/conexbooks.de\\\/a\\\/shop\\\/#website\"},\"primaryImageOfPage\":{\"@id\":\"https:\\\/\\\/conexbooks.de\\\/a\\\/shop\\\/produkt\\\/auf-2-seiten-umfassende-gfk-uebersicht-ueber-alle-aspekte-der-gefuehle-2\\\/#primaryimage\"},\"image\":{\"@id\":\"https:\\\/\\\/conexbooks.de\\\/a\\\/shop\\\/produkt\\\/auf-2-seiten-umfassende-gfk-uebersicht-ueber-alle-aspekte-der-gefuehle-2\\\/#primaryimage\"},\"thumbnailUrl\":\"https:\\\/\\\/conexbooks.de\\\/a\\\/shop\\\/wp-content\\\/uploads\\\/2017\\\/11\\\/643.jpg\",\"datePublished\":\"2017-11-14T19:10:36+00:00\",\"dateModified\":\"2026-04-14T09:23:56+00:00\",\"breadcrumb\":{\"@id\":\"https:\\\/\\\/conexbooks.de\\\/a\\\/shop\\\/produkt\\\/auf-2-seiten-umfassende-gfk-uebersicht-ueber-alle-aspekte-der-gefuehle-2\\\/#breadcrumb\"},\"inLanguage\":\"de\",\"potentialAction\":[{\"@type\":\"ReadAction\",\"target\":[\"https:\\\/\\\/conexbooks.de\\\/a\\\/shop\\\/produkt\\\/auf-2-seiten-umfassende-gfk-uebersicht-ueber-alle-aspekte-der-gefuehle-2\\\/\"]}]},{\"@type\":\"ImageObject\",\"inLanguage\":\"de\",\"@id\":\"https:\\\/\\\/conexbooks.de\\\/a\\\/shop\\\/produkt\\\/auf-2-seiten-umfassende-gfk-uebersicht-ueber-alle-aspekte-der-gefuehle-2\\\/#primaryimage\",\"url\":\"https:\\\/\\\/conexbooks.de\\\/a\\\/shop\\\/wp-content\\\/uploads\\\/2017\\\/11\\\/643.jpg\",\"contentUrl\":\"https:\\\/\\\/conexbooks.de\\\/a\\\/shop\\\/wp-content\\\/uploads\\\/2017\\\/11\\\/643.jpg\",\"width\":285,\"height\":400},{\"@type\":\"BreadcrumbList\",\"@id\":\"https:\\\/\\\/conexbooks.de\\\/a\\\/shop\\\/produkt\\\/auf-2-seiten-umfassende-gfk-uebersicht-ueber-alle-aspekte-der-gefuehle-2\\\/#breadcrumb\",\"itemListElement\":[{\"@type\":\"ListItem\",\"position\":1,\"name\":\"Home\",\"item\":\"https:\\\/\\\/conexbooks.de\\\/a\\\/shop\\\/\"},{\"@type\":\"ListItem\",\"position\":2,\"name\":\"Shop\",\"item\":\"https:\\\/\\\/conexbooks.de\\\/a\\\/shop\\\/shop\\\/\"},{\"@type\":\"ListItem\",\"position\":3,\"name\":\"GFK-Navigator f\u00fcr Gef\u00fchle, Emotionen und Stimmungen, A4 laminiert\"}]},{\"@type\":\"WebSite\",\"@id\":\"https:\\\/\\\/conexbooks.de\\\/a\\\/shop\\\/#website\",\"url\":\"https:\\\/\\\/conexbooks.de\\\/a\\\/shop\\\/\",\"name\":\"Conex-Shop\",\"description\":\"Alles f\u00fcr die gewaltfreie Kommunikation: B\u00fccher, Spiele. Handpuppen Seminarmaterial und Geschenke\",\"publisher\":{\"@id\":\"https:\\\/\\\/conexbooks.de\\\/a\\\/shop\\\/#organization\"},\"potentialAction\":[{\"@type\":\"SearchAction\",\"target\":{\"@type\":\"EntryPoint\",\"urlTemplate\":\"https:\\\/\\\/conexbooks.de\\\/a\\\/shop\\\/?s={search_term_string}\"},\"query-input\":{\"@type\":\"PropertyValueSpecification\",\"valueRequired\":true,\"valueName\":\"search_term_string\"}}],\"inLanguage\":\"de\"},{\"@type\":\"Organization\",\"@id\":\"https:\\\/\\\/conexbooks.de\\\/a\\\/shop\\\/#organization\",\"name\":\"Conex - books and more\",\"url\":\"https:\\\/\\\/conexbooks.de\\\/a\\\/shop\\\/\",\"logo\":{\"@type\":\"ImageObject\",\"inLanguage\":\"de\",\"@id\":\"https:\\\/\\\/conexbooks.de\\\/a\\\/shop\\\/#\\\/schema\\\/logo\\\/image\\\/\",\"url\":\"https:\\\/\\\/conexbooks.de\\\/a\\\/shop\\\/wp-content\\\/uploads\\\/2017\\\/12\\\/co-logo.png\",\"contentUrl\":\"https:\\\/\\\/conexbooks.de\\\/a\\\/shop\\\/wp-content\\\/uploads\\\/2017\\\/12\\\/co-logo.png\",\"width\":243,\"height\":122,\"caption\":\"Conex - books and more\"},\"image\":{\"@id\":\"https:\\\/\\\/conexbooks.de\\\/a\\\/shop\\\/#\\\/schema\\\/logo\\\/image\\\/\"}}]}<\/script>\n<!-- \/ Yoast SEO plugin. -->","yoast_head_json":{"title":"GFK-Navigator f\u00fcr Gef\u00fchle, Emotionen und Stimmungen, A4 laminiert - Conex-Shop","robots":{"index":"index","follow":"follow","max-snippet":"max-snippet:-1","max-image-preview":"max-image-preview:large","max-video-preview":"max-video-preview:-1"},"canonical":"https:\/\/conexbooks.de\/a\/shop\/produkt\/auf-2-seiten-umfassende-gfk-uebersicht-ueber-alle-aspekte-der-gefuehle-2\/","og_locale":"de_DE","og_type":"article","og_title":"GFK-Navigator f\u00fcr Gef\u00fchle, Emotionen und Stimmungen, A4 laminiert - Conex-Shop","og_description":"GFK-Navigator f\u00fcr Gef\u00fchle, Emotionen und Stimmungen im A4-Format Gef\u00fchle finden und benennen \u2013 sich verstehen, verstanden werden, Empathie geben \u2013 Mit \u00fcber 100 Gef\u00fchlsbegriffen DIN A4 Format, laminiert, beidseitig bedruckt","og_url":"https:\/\/conexbooks.de\/a\/shop\/produkt\/auf-2-seiten-umfassende-gfk-uebersicht-ueber-alle-aspekte-der-gefuehle-2\/","og_site_name":"Conex-Shop","article_modified_time":"2026-04-14T09:23:56+00:00","og_image":[{"width":285,"height":400,"url":"https:\/\/conexbooks.de\/a\/shop\/wp-content\/uploads\/2017\/11\/643.jpg","type":"image\/jpeg"}],"twitter_card":"summary_large_image","twitter_misc":{"Gesch\u00e4tzte Lesezeit":"2\u00a0Minuten"},"schema":{"@context":"https:\/\/schema.org","@graph":[{"@type":"WebPage","@id":"https:\/\/conexbooks.de\/a\/shop\/produkt\/auf-2-seiten-umfassende-gfk-uebersicht-ueber-alle-aspekte-der-gefuehle-2\/","url":"https:\/\/conexbooks.de\/a\/shop\/produkt\/auf-2-seiten-umfassende-gfk-uebersicht-ueber-alle-aspekte-der-gefuehle-2\/","name":"GFK-Navigator f\u00fcr Gef\u00fchle, Emotionen und Stimmungen, A4 laminiert - Conex-Shop","isPartOf":{"@id":"https:\/\/conexbooks.de\/a\/shop\/#website"},"primaryImageOfPage":{"@id":"https:\/\/conexbooks.de\/a\/shop\/produkt\/auf-2-seiten-umfassende-gfk-uebersicht-ueber-alle-aspekte-der-gefuehle-2\/#primaryimage"},"image":{"@id":"https:\/\/conexbooks.de\/a\/shop\/produkt\/auf-2-seiten-umfassende-gfk-uebersicht-ueber-alle-aspekte-der-gefuehle-2\/#primaryimage"},"thumbnailUrl":"https:\/\/conexbooks.de\/a\/shop\/wp-content\/uploads\/2017\/11\/643.jpg","datePublished":"2017-11-14T19:10:36+00:00","dateModified":"2026-04-14T09:23:56+00:00","breadcrumb":{"@id":"https:\/\/conexbooks.de\/a\/shop\/produkt\/auf-2-seiten-umfassende-gfk-uebersicht-ueber-alle-aspekte-der-gefuehle-2\/#breadcrumb"},"inLanguage":"de","potentialAction":[{"@type":"ReadAction","target":["https:\/\/conexbooks.de\/a\/shop\/produkt\/auf-2-seiten-umfassende-gfk-uebersicht-ueber-alle-aspekte-der-gefuehle-2\/"]}]},{"@type":"ImageObject","inLanguage":"de","@id":"https:\/\/conexbooks.de\/a\/shop\/produkt\/auf-2-seiten-umfassende-gfk-uebersicht-ueber-alle-aspekte-der-gefuehle-2\/#primaryimage","url":"https:\/\/conexbooks.de\/a\/shop\/wp-content\/uploads\/2017\/11\/643.jpg","contentUrl":"https:\/\/conexbooks.de\/a\/shop\/wp-content\/uploads\/2017\/11\/643.jpg","width":285,"height":400},{"@type":"BreadcrumbList","@id":"https:\/\/conexbooks.de\/a\/shop\/produkt\/auf-2-seiten-umfassende-gfk-uebersicht-ueber-alle-aspekte-der-gefuehle-2\/#breadcrumb","itemListElement":[{"@type":"ListItem","position":1,"name":"Home","item":"https:\/\/conexbooks.de\/a\/shop\/"},{"@type":"ListItem","position":2,"name":"Shop","item":"https:\/\/conexbooks.de\/a\/shop\/shop\/"},{"@type":"ListItem","position":3,"name":"GFK-Navigator f\u00fcr Gef\u00fchle, Emotionen und Stimmungen, A4 laminiert"}]},{"@type":"WebSite","@id":"https:\/\/conexbooks.de\/a\/shop\/#website","url":"https:\/\/conexbooks.de\/a\/shop\/","name":"Conex-Shop","description":"Alles f\u00fcr die gewaltfreie Kommunikation: B\u00fccher, Spiele. Handpuppen Seminarmaterial und Geschenke","publisher":{"@id":"https:\/\/conexbooks.de\/a\/shop\/#organization"},"potentialAction":[{"@type":"SearchAction","target":{"@type":"EntryPoint","urlTemplate":"https:\/\/conexbooks.de\/a\/shop\/?s={search_term_string}"},"query-input":{"@type":"PropertyValueSpecification","valueRequired":true,"valueName":"search_term_string"}}],"inLanguage":"de"},{"@type":"Organization","@id":"https:\/\/conexbooks.de\/a\/shop\/#organization","name":"Conex - books and more","url":"https:\/\/conexbooks.de\/a\/shop\/","logo":{"@type":"ImageObject","inLanguage":"de","@id":"https:\/\/conexbooks.de\/a\/shop\/#\/schema\/logo\/image\/","url":"https:\/\/conexbooks.de\/a\/shop\/wp-content\/uploads\/2017\/12\/co-logo.png","contentUrl":"https:\/\/conexbooks.de\/a\/shop\/wp-content\/uploads\/2017\/12\/co-logo.png","width":243,"height":122,"caption":"Conex - books and more"},"image":{"@id":"https:\/\/conexbooks.de\/a\/shop\/#\/schema\/logo\/image\/"}}]}},"_links":{"self":[{"href":"https:\/\/conexbooks.de\/a\/shop\/wp-json\/wp\/v2\/product\/1193","targetHints":{"allow":["GET"]}}],"collection":[{"href":"https:\/\/conexbooks.de\/a\/shop\/wp-json\/wp\/v2\/product"}],"about":[{"href":"https:\/\/conexbooks.de\/a\/shop\/wp-json\/wp\/v2\/types\/product"}],"wp:featuredmedia":[{"embeddable":true,"href":"https:\/\/conexbooks.de\/a\/shop\/wp-json\/wp\/v2\/media\/2038"}],"wp:attachment":[{"href":"https:\/\/conexbooks.de\/a\/shop\/wp-json\/wp\/v2\/media?parent=1193"}],"wp:term":[{"taxonomy":"product_brand","embeddable":true,"href":"https:\/\/conexbooks.de\/a\/shop\/wp-json\/wp\/v2\/product_brand?post=1193"},{"taxonomy":"product_cat","embeddable":true,"href":"https:\/\/conexbooks.de\/a\/shop\/wp-json\/wp\/v2\/product_cat?post=1193"},{"taxonomy":"product_tag","embeddable":true,"href":"https:\/\/conexbooks.de\/a\/shop\/wp-json\/wp\/v2\/product_tag?post=1193"}],"curies":[{"name":"wp","href":"https:\/\/api.w.org\/{rel}","templated":true}]}}