{"id":1205,"date":"2017-11-14T20:10:38","date_gmt":"2017-11-14T19:10:38","guid":{"rendered":"https:\/\/conexbooks.de\/a\/shop\/wp\/produkt\/auf-2-seiten-umfassende-gfk-uebersicht-ueber-alle-aspekte-der-beduerfnisse-2\/"},"modified":"2026-04-05T09:28:02","modified_gmt":"2026-04-05T07:28:02","slug":"auf-2-seiten-umfassende-gfk-uebersicht-ueber-alle-aspekte-der-beduerfnisse-2","status":"publish","type":"product","link":"https:\/\/conexbooks.de\/a\/shop\/produkt\/auf-2-seiten-umfassende-gfk-uebersicht-ueber-alle-aspekte-der-beduerfnisse-2\/","title":{"rendered":"GFK-Navigator f\u00fcr Bed\u00fcrfnisse, A4 laminiert"},"content":{"rendered":"<h3>GFK-Navigator f\u00fcr Bed\u00fcrfnisse und Werte im A4-Format<\/h3>\n<p>&nbsp;<\/p>\n<p>Was brauche ich gerade? Was brauchst Du gerade? Besonders in Konfliktsituationen ist es wichtig, uns selbst und den anderen zu verstehen, durch die \u201eGeschichten\u201c hindurchzuschauen und die Bed\u00fcrfnisse dahinter zu erkennen.<\/p>\n<p>Der Bed\u00fcrfnisfinder bietet dir eine umfassende \u00dcbersicht und schafft ein neues Verst\u00e4ndnis und Wissen \u00fcber diese Bed\u00fcrfnisse. Diese alltagstaugliche A4-\u00dcbersicht verdeutlicht mit sinnvolle Illustrationen, Infografiken und umgangssprachlichen Beispielen alle Themenbereiche rund um die Bed\u00fcrfnisse.<\/p>\n<p>Die Inhalte sind kompakt und gleichzeitig \u00fcbersichtlich sowie optisch ansprechend gestaltet.<\/p>\n<p>Der Bed\u00fcrfnisfinder zeigt Dir auf nur zwei Seiten:<\/p>\n<ul>\n<li>16 Hauptbed\u00fcrfnisse zur schnellen Orientierung<\/li>\n<li>Die 16 Hauptbed\u00fcrfnisse findest Du unterteilt in weitere Bed\u00fcrfnisse, die Dir verraten, welche davon sich gerade erf\u00fcllen und welche nicht<\/li>\n<li>Insgesamt werden \u00fcber 100 Bed\u00fcrfnisbegriffe dargestellt<\/li>\n<\/ul>\n<p>Zus\u00e4tzlich findest Du auf der R\u00fcckseite viele wertvolle Information \u00fcber Bed\u00fcrfnisse:<\/p>\n<ul>\n<li>Was sind Bed\u00fcrfnisse?<\/li>\n<li>In welchem Zusammenhang stehen unsere Gef\u00fchle und unsere Bed\u00fcrfnisse?<\/li>\n<li>Warum Bed\u00fcrfnisse niemals im Konflikt stehen, sondern nur unsere Strategien und wie Du damit umgehst<\/li>\n<li>Woran erkennst Du eine Strategie und woran kannst Sie von einem Bed\u00fcrfnis unterscheiden?<\/li>\n<li><\/li>\n<\/ul>\n<p>Der GFK-Navigator f\u00fcr Bed\u00fcrfnisse zeigt Dir au\u00dferdem:<\/p>\n<ul>\n<li>welche Bed\u00fcrfnisse wahrscheinlich nicht erf\u00fcllt sind, wenn Du ein bestimmtes \u201eechtes\u201d Gef\u00fchl hast (Angst, \u00c4rger, Schuld, Scham, Freude etc.)<\/li>\n<li>welche Bed\u00fcrfnisse wahrscheinlich nicht erf\u00fcllt sind, wenn Du ein bestimmtes \u201eunechtes\u201d Gef\u00fchl (Gedankengef\u00fchl) hast (z.B. nicht respektiert, bedr\u00e4ngt, angeklagt etc.)<\/li>\n<li>wie Du Dein unechtes Gef\u00fchl konstruktiv kommunizierst, in dem Du \u00fcber Deine dahinterliegende Bed\u00fcrfnisse sprichst.<\/li>\n<\/ul>\n<p>&nbsp;<\/p>\n<div id='1' class='widgets_on_page wop_tiny1  wop_small1  wop_medium1  wop_large1  wop_wide1'>\n\t\t\t<ul><li id=\"custom_html-4\" class=\"widget_text widget widget_custom_html\"><div class=\"textwidget custom-html-widget\"><div style=\"text-align:left;\">\r\n<button class = \"button\" style=\"height: 30px; font-size: 0.8em;\" name=\"zuruck\" type=\"button\" onclick=\"history.back()\">Zur\u00fcck zur \u00dcbersicht<\/button><\/div><\/div><\/li><\/ul><\/div><!-- widgets_on_page -->\n","protected":false},"excerpt":{"rendered":"<h3><span style=\"color: #0000ff;\">Bed\u00fcrfnisse<\/span> finden und benennen \u2013 sich verstehen, verstanden werden, Empathie geben<\/h3>\n<h3>DIN A4 Format, laminiert, beidseitig bedruckt<\/h3>\n","protected":false},"featured_media":16910,"template":"","meta":[],"product_brand":[],"product_cat":[481,51,47],"product_tag":[375,320,373,374,372],"class_list":{"0":"post-1205","1":"product","2":"type-product","3":"status-publish","4":"has-post-thumbnail","6":"product_cat-gefuehle-und-beduerfniskarten","7":"product_cat-seminarmaterial","8":"product_cat-sonstiges","9":"product_tag-beduerfniskategorien","10":"product_tag-beduerfniskompetenz","11":"product_tag-beduerfniss-uebersicht","12":"product_tag-hilfsmittel-fuer-beduerfnisfindung","13":"product_tag-uebersicht","15":"first","16":"instock","17":"shipping-taxable","18":"purchasable","19":"product-type-simple"},"yoast_head":"<!-- This site is optimized with the Yoast SEO plugin v27.3 - https:\/\/yoast.com\/product\/yoast-seo-wordpress\/ -->\n<title>GFK-Navigator f\u00fcr Bed\u00fcrfnisse, A4 laminiert - Conex-Shop<\/title>\n<meta name=\"robots\" content=\"index, follow, max-snippet:-1, max-image-preview:large, max-video-preview:-1\" \/>\n<link rel=\"canonical\" href=\"https:\/\/conexbooks.de\/a\/shop\/produkt\/auf-2-seiten-umfassende-gfk-uebersicht-ueber-alle-aspekte-der-beduerfnisse-2\/\" \/>\n<meta property=\"og:locale\" content=\"de_DE\" \/>\n<meta property=\"og:type\" content=\"article\" \/>\n<meta property=\"og:title\" content=\"GFK-Navigator f\u00fcr Bed\u00fcrfnisse, A4 laminiert - Conex-Shop\" \/>\n<meta property=\"og:description\" content=\"Bed\u00fcrfnisse finden und benennen \u2013 sich verstehen, verstanden werden, Empathie geben DIN A4 Format, laminiert, beidseitig bedruckt\" \/>\n<meta property=\"og:url\" content=\"https:\/\/conexbooks.de\/a\/shop\/produkt\/auf-2-seiten-umfassende-gfk-uebersicht-ueber-alle-aspekte-der-beduerfnisse-2\/\" \/>\n<meta property=\"og:site_name\" content=\"Conex-Shop\" \/>\n<meta property=\"article:modified_time\" content=\"2026-04-05T07:28:02+00:00\" \/>\n<meta property=\"og:image\" content=\"https:\/\/conexbooks.de\/a\/shop\/wp-content\/uploads\/2017\/11\/644.png\" \/>\n\t<meta property=\"og:image:width\" content=\"285\" \/>\n\t<meta property=\"og:image:height\" content=\"397\" \/>\n\t<meta property=\"og:image:type\" content=\"image\/png\" \/>\n<meta name=\"twitter:card\" content=\"summary_large_image\" \/>\n<meta name=\"twitter:label1\" content=\"Gesch\u00e4tzte Lesezeit\" \/>\n\t<meta name=\"twitter:data1\" content=\"1\u00a0Minute\" \/>\n<script type=\"application\/ld+json\" class=\"yoast-schema-graph\">{\"@context\":\"https:\\\/\\\/schema.org\",\"@graph\":[{\"@type\":\"WebPage\",\"@id\":\"https:\\\/\\\/conexbooks.de\\\/a\\\/shop\\\/produkt\\\/auf-2-seiten-umfassende-gfk-uebersicht-ueber-alle-aspekte-der-beduerfnisse-2\\\/\",\"url\":\"https:\\\/\\\/conexbooks.de\\\/a\\\/shop\\\/produkt\\\/auf-2-seiten-umfassende-gfk-uebersicht-ueber-alle-aspekte-der-beduerfnisse-2\\\/\",\"name\":\"GFK-Navigator f\u00fcr Bed\u00fcrfnisse, A4 laminiert - Conex-Shop\",\"isPartOf\":{\"@id\":\"https:\\\/\\\/conexbooks.de\\\/a\\\/shop\\\/#website\"},\"primaryImageOfPage\":{\"@id\":\"https:\\\/\\\/conexbooks.de\\\/a\\\/shop\\\/produkt\\\/auf-2-seiten-umfassende-gfk-uebersicht-ueber-alle-aspekte-der-beduerfnisse-2\\\/#primaryimage\"},\"image\":{\"@id\":\"https:\\\/\\\/conexbooks.de\\\/a\\\/shop\\\/produkt\\\/auf-2-seiten-umfassende-gfk-uebersicht-ueber-alle-aspekte-der-beduerfnisse-2\\\/#primaryimage\"},\"thumbnailUrl\":\"https:\\\/\\\/conexbooks.de\\\/a\\\/shop\\\/wp-content\\\/uploads\\\/2017\\\/11\\\/644.png\",\"datePublished\":\"2017-11-14T19:10:38+00:00\",\"dateModified\":\"2026-04-05T07:28:02+00:00\",\"breadcrumb\":{\"@id\":\"https:\\\/\\\/conexbooks.de\\\/a\\\/shop\\\/produkt\\\/auf-2-seiten-umfassende-gfk-uebersicht-ueber-alle-aspekte-der-beduerfnisse-2\\\/#breadcrumb\"},\"inLanguage\":\"de\",\"potentialAction\":[{\"@type\":\"ReadAction\",\"target\":[\"https:\\\/\\\/conexbooks.de\\\/a\\\/shop\\\/produkt\\\/auf-2-seiten-umfassende-gfk-uebersicht-ueber-alle-aspekte-der-beduerfnisse-2\\\/\"]}]},{\"@type\":\"ImageObject\",\"inLanguage\":\"de\",\"@id\":\"https:\\\/\\\/conexbooks.de\\\/a\\\/shop\\\/produkt\\\/auf-2-seiten-umfassende-gfk-uebersicht-ueber-alle-aspekte-der-beduerfnisse-2\\\/#primaryimage\",\"url\":\"https:\\\/\\\/conexbooks.de\\\/a\\\/shop\\\/wp-content\\\/uploads\\\/2017\\\/11\\\/644.png\",\"contentUrl\":\"https:\\\/\\\/conexbooks.de\\\/a\\\/shop\\\/wp-content\\\/uploads\\\/2017\\\/11\\\/644.png\",\"width\":285,\"height\":397},{\"@type\":\"BreadcrumbList\",\"@id\":\"https:\\\/\\\/conexbooks.de\\\/a\\\/shop\\\/produkt\\\/auf-2-seiten-umfassende-gfk-uebersicht-ueber-alle-aspekte-der-beduerfnisse-2\\\/#breadcrumb\",\"itemListElement\":[{\"@type\":\"ListItem\",\"position\":1,\"name\":\"Home\",\"item\":\"https:\\\/\\\/conexbooks.de\\\/a\\\/shop\\\/\"},{\"@type\":\"ListItem\",\"position\":2,\"name\":\"Shop\",\"item\":\"https:\\\/\\\/conexbooks.de\\\/a\\\/shop\\\/shop\\\/\"},{\"@type\":\"ListItem\",\"position\":3,\"name\":\"GFK-Navigator f\u00fcr Bed\u00fcrfnisse, A4 laminiert\"}]},{\"@type\":\"WebSite\",\"@id\":\"https:\\\/\\\/conexbooks.de\\\/a\\\/shop\\\/#website\",\"url\":\"https:\\\/\\\/conexbooks.de\\\/a\\\/shop\\\/\",\"name\":\"Conex-Shop\",\"description\":\"Alles f\u00fcr die gewaltfreie Kommunikation: B\u00fccher, Spiele. Handpuppen Seminarmaterial und Geschenke\",\"publisher\":{\"@id\":\"https:\\\/\\\/conexbooks.de\\\/a\\\/shop\\\/#organization\"},\"potentialAction\":[{\"@type\":\"SearchAction\",\"target\":{\"@type\":\"EntryPoint\",\"urlTemplate\":\"https:\\\/\\\/conexbooks.de\\\/a\\\/shop\\\/?s={search_term_string}\"},\"query-input\":{\"@type\":\"PropertyValueSpecification\",\"valueRequired\":true,\"valueName\":\"search_term_string\"}}],\"inLanguage\":\"de\"},{\"@type\":\"Organization\",\"@id\":\"https:\\\/\\\/conexbooks.de\\\/a\\\/shop\\\/#organization\",\"name\":\"Conex - books and more\",\"url\":\"https:\\\/\\\/conexbooks.de\\\/a\\\/shop\\\/\",\"logo\":{\"@type\":\"ImageObject\",\"inLanguage\":\"de\",\"@id\":\"https:\\\/\\\/conexbooks.de\\\/a\\\/shop\\\/#\\\/schema\\\/logo\\\/image\\\/\",\"url\":\"https:\\\/\\\/conexbooks.de\\\/a\\\/shop\\\/wp-content\\\/uploads\\\/2017\\\/12\\\/co-logo.png\",\"contentUrl\":\"https:\\\/\\\/conexbooks.de\\\/a\\\/shop\\\/wp-content\\\/uploads\\\/2017\\\/12\\\/co-logo.png\",\"width\":243,\"height\":122,\"caption\":\"Conex - books and more\"},\"image\":{\"@id\":\"https:\\\/\\\/conexbooks.de\\\/a\\\/shop\\\/#\\\/schema\\\/logo\\\/image\\\/\"}}]}<\/script>\n<!-- \/ Yoast SEO plugin. -->","yoast_head_json":{"title":"GFK-Navigator f\u00fcr Bed\u00fcrfnisse, A4 laminiert - Conex-Shop","robots":{"index":"index","follow":"follow","max-snippet":"max-snippet:-1","max-image-preview":"max-image-preview:large","max-video-preview":"max-video-preview:-1"},"canonical":"https:\/\/conexbooks.de\/a\/shop\/produkt\/auf-2-seiten-umfassende-gfk-uebersicht-ueber-alle-aspekte-der-beduerfnisse-2\/","og_locale":"de_DE","og_type":"article","og_title":"GFK-Navigator f\u00fcr Bed\u00fcrfnisse, A4 laminiert - Conex-Shop","og_description":"Bed\u00fcrfnisse finden und benennen \u2013 sich verstehen, verstanden werden, Empathie geben DIN A4 Format, laminiert, beidseitig bedruckt","og_url":"https:\/\/conexbooks.de\/a\/shop\/produkt\/auf-2-seiten-umfassende-gfk-uebersicht-ueber-alle-aspekte-der-beduerfnisse-2\/","og_site_name":"Conex-Shop","article_modified_time":"2026-04-05T07:28:02+00:00","og_image":[{"width":285,"height":397,"url":"https:\/\/conexbooks.de\/a\/shop\/wp-content\/uploads\/2017\/11\/644.png","type":"image\/png"}],"twitter_card":"summary_large_image","twitter_misc":{"Gesch\u00e4tzte Lesezeit":"1\u00a0Minute"},"schema":{"@context":"https:\/\/schema.org","@graph":[{"@type":"WebPage","@id":"https:\/\/conexbooks.de\/a\/shop\/produkt\/auf-2-seiten-umfassende-gfk-uebersicht-ueber-alle-aspekte-der-beduerfnisse-2\/","url":"https:\/\/conexbooks.de\/a\/shop\/produkt\/auf-2-seiten-umfassende-gfk-uebersicht-ueber-alle-aspekte-der-beduerfnisse-2\/","name":"GFK-Navigator f\u00fcr Bed\u00fcrfnisse, A4 laminiert - Conex-Shop","isPartOf":{"@id":"https:\/\/conexbooks.de\/a\/shop\/#website"},"primaryImageOfPage":{"@id":"https:\/\/conexbooks.de\/a\/shop\/produkt\/auf-2-seiten-umfassende-gfk-uebersicht-ueber-alle-aspekte-der-beduerfnisse-2\/#primaryimage"},"image":{"@id":"https:\/\/conexbooks.de\/a\/shop\/produkt\/auf-2-seiten-umfassende-gfk-uebersicht-ueber-alle-aspekte-der-beduerfnisse-2\/#primaryimage"},"thumbnailUrl":"https:\/\/conexbooks.de\/a\/shop\/wp-content\/uploads\/2017\/11\/644.png","datePublished":"2017-11-14T19:10:38+00:00","dateModified":"2026-04-05T07:28:02+00:00","breadcrumb":{"@id":"https:\/\/conexbooks.de\/a\/shop\/produkt\/auf-2-seiten-umfassende-gfk-uebersicht-ueber-alle-aspekte-der-beduerfnisse-2\/#breadcrumb"},"inLanguage":"de","potentialAction":[{"@type":"ReadAction","target":["https:\/\/conexbooks.de\/a\/shop\/produkt\/auf-2-seiten-umfassende-gfk-uebersicht-ueber-alle-aspekte-der-beduerfnisse-2\/"]}]},{"@type":"ImageObject","inLanguage":"de","@id":"https:\/\/conexbooks.de\/a\/shop\/produkt\/auf-2-seiten-umfassende-gfk-uebersicht-ueber-alle-aspekte-der-beduerfnisse-2\/#primaryimage","url":"https:\/\/conexbooks.de\/a\/shop\/wp-content\/uploads\/2017\/11\/644.png","contentUrl":"https:\/\/conexbooks.de\/a\/shop\/wp-content\/uploads\/2017\/11\/644.png","width":285,"height":397},{"@type":"BreadcrumbList","@id":"https:\/\/conexbooks.de\/a\/shop\/produkt\/auf-2-seiten-umfassende-gfk-uebersicht-ueber-alle-aspekte-der-beduerfnisse-2\/#breadcrumb","itemListElement":[{"@type":"ListItem","position":1,"name":"Home","item":"https:\/\/conexbooks.de\/a\/shop\/"},{"@type":"ListItem","position":2,"name":"Shop","item":"https:\/\/conexbooks.de\/a\/shop\/shop\/"},{"@type":"ListItem","position":3,"name":"GFK-Navigator f\u00fcr Bed\u00fcrfnisse, A4 laminiert"}]},{"@type":"WebSite","@id":"https:\/\/conexbooks.de\/a\/shop\/#website","url":"https:\/\/conexbooks.de\/a\/shop\/","name":"Conex-Shop","description":"Alles f\u00fcr die gewaltfreie Kommunikation: B\u00fccher, Spiele. Handpuppen Seminarmaterial und Geschenke","publisher":{"@id":"https:\/\/conexbooks.de\/a\/shop\/#organization"},"potentialAction":[{"@type":"SearchAction","target":{"@type":"EntryPoint","urlTemplate":"https:\/\/conexbooks.de\/a\/shop\/?s={search_term_string}"},"query-input":{"@type":"PropertyValueSpecification","valueRequired":true,"valueName":"search_term_string"}}],"inLanguage":"de"},{"@type":"Organization","@id":"https:\/\/conexbooks.de\/a\/shop\/#organization","name":"Conex - books and more","url":"https:\/\/conexbooks.de\/a\/shop\/","logo":{"@type":"ImageObject","inLanguage":"de","@id":"https:\/\/conexbooks.de\/a\/shop\/#\/schema\/logo\/image\/","url":"https:\/\/conexbooks.de\/a\/shop\/wp-content\/uploads\/2017\/12\/co-logo.png","contentUrl":"https:\/\/conexbooks.de\/a\/shop\/wp-content\/uploads\/2017\/12\/co-logo.png","width":243,"height":122,"caption":"Conex - books and more"},"image":{"@id":"https:\/\/conexbooks.de\/a\/shop\/#\/schema\/logo\/image\/"}}]}},"_links":{"self":[{"href":"https:\/\/conexbooks.de\/a\/shop\/wp-json\/wp\/v2\/product\/1205","targetHints":{"allow":["GET"]}}],"collection":[{"href":"https:\/\/conexbooks.de\/a\/shop\/wp-json\/wp\/v2\/product"}],"about":[{"href":"https:\/\/conexbooks.de\/a\/shop\/wp-json\/wp\/v2\/types\/product"}],"wp:featuredmedia":[{"embeddable":true,"href":"https:\/\/conexbooks.de\/a\/shop\/wp-json\/wp\/v2\/media\/16910"}],"wp:attachment":[{"href":"https:\/\/conexbooks.de\/a\/shop\/wp-json\/wp\/v2\/media?parent=1205"}],"wp:term":[{"taxonomy":"product_brand","embeddable":true,"href":"https:\/\/conexbooks.de\/a\/shop\/wp-json\/wp\/v2\/product_brand?post=1205"},{"taxonomy":"product_cat","embeddable":true,"href":"https:\/\/conexbooks.de\/a\/shop\/wp-json\/wp\/v2\/product_cat?post=1205"},{"taxonomy":"product_tag","embeddable":true,"href":"https:\/\/conexbooks.de\/a\/shop\/wp-json\/wp\/v2\/product_tag?post=1205"}],"curies":[{"name":"wp","href":"https:\/\/api.w.org\/{rel}","templated":true}]}}