{"id":1208,"date":"2017-11-14T20:10:39","date_gmt":"2017-11-14T19:10:39","guid":{"rendered":"https:\/\/conexbooks.de\/a\/shop\/wp\/produkt\/von-cornelia-schafrath-2\/"},"modified":"2026-03-30T20:51:35","modified_gmt":"2026-03-30T18:51:35","slug":"von-cornelia-schafrath-2","status":"publish","type":"product","link":"https:\/\/conexbooks.de\/a\/shop\/produkt\/von-cornelia-schafrath-2\/","title":{"rendered":"Giraffen-Schatzkiste"},"content":{"rendered":"<h3><span style=\"color: #993366;\"><strong>Neue u\u0308berarbeitete Ausgabe: Deutsch + Englisch<\/strong>.<br \/>\n<\/span><\/h3>\n<h3>&#8212;&#8212;&#8212;&#8212;&#8212;&#8212;&#8212;&#8212;&#8212;&#8212;&#8212;&#8212;&#8212;&#8212;&#8212;&#8212;&#8212;&#8212;&#8212;&#8212;&#8212;&#8212;&#8212;&#8212;<\/h3>\n<h3>Giraffen-Schatzkiste<\/h3>\n<p>Trainingsmaterial in Form von Gef\u00fchls- und Bed\u00fcrfnisk\u00e4rtchen f\u00fcr Kinder ab 2 Jahren und Junggebliebene.<\/p>\n<ul>\n<li>zur F\u00f6rderung des Emotional- und Sozialverhaltens<\/li>\n<li>direkt aus der Kindergartenpraxis heraus entwickelt<\/li>\n<li>bereits \u00fcber 500-mal in 8 L\u00e4ndern verkauft<\/li>\n<li>von P\u00e4dagogen\/innen, PsychologInnen, TrainerInnen empfohlen<\/li>\n<li>\u00fcberarbeitete Neuauflage: Deutsch + Englisch<\/li>\n<li>mit Zugriff und Gratis-Download-M\u00f6glichkeit zu passenden Gef\u00fchle- und Bed\u00fcrfnislisten (pdf) in\u00a0ca. 10 weiteren Sprachen<\/li>\n<\/ul>\n<h3><strong>Inhalt:<\/strong><\/h3>\n<p>1 stabile <strong>Holztruhe<\/strong> (unbehandeltes Holz, Deckel einfarbig bedruckt, zum kreativen Selbstgestalten)<br \/>\nMa\u00dfe: 21 x 15,5 x 12 cm ; Gewicht: ca. 0,3 kg<\/p>\n<p>insgesamt <strong>45 bunten Bildka\u0308rtchen<\/strong>, auf der Ru\u0308ckseite deutsch + englisch beschriftet in kindgerechten Formulierungen<br \/>\n18 Gefu\u0308hle (+ jeweils 3 Gefu\u0308hlswo\u0308rter)<br \/>\n22 Bedu\u0308rfnisse (+ jeweils 1-4 Bedu\u0308rfniswo\u0308rter)<br \/>\n4 Schlu\u0308sselkarten und 1 Wolfskarte aus der Methode der Gewaltfreien Kommunikation (M. Rosenberg)<br \/>\n1 <strong>Begleitheft<\/strong> (\u00fcber 40 Seiten) mit Anwendungstipps, Bildungszielen, GFK-Kurzvorstellung (deutsch-englisch)<\/p>\n<h3><strong>Anwendungsmo\u0308glichkeiten:<\/strong><\/h3>\n<ul>\n<li>Hilfe beim direkten L\u00f6sen von Konfliktsituationen<\/li>\n<li>Begriffsbildung und Wortschatzerweiterung (alle menschlichen Grundgef\u00fchle und -bed\u00fcrfnisse)<\/li>\n<li>Hilfe zum Selbstausdruck (zB. Aufarbeitung emotional bewegender \u00a0Erlebnisse,\u00a0 fremdsprachige Kinder)<\/li>\n<li>Integration und Gemeinschaftsgef\u00fchl<\/li>\n<li>Selbst-bewusstseins\/-wahrnehmungsf\u00f6rderung<\/li>\n<li>Anregung zu verschiedensten Gespr\u00e4chen (Wie f\u00fchlst du dich? Was\u00a0\u00a0brauchst du gerade?)<\/li>\n<li>Basis von gemeinsamen Erarbeiten von Gruppen-\/ Klassenregeln (als &#8222;roter Faden&#8220; des Zusammenlebens)<\/li>\n<\/ul>\n<h3><strong>Was &#8222;bringt&#8220; die Giraffen-Schatzkiste f\u00fcr das Zusammenleben mit Kindern?<\/strong><\/h3>\n<ul>\n<li>Bilder sagen mehr als 1.000 Worte. Bed\u00fcrfnisse, Gef\u00fchle und Bilder allgemein sprechen ALLE Kinder (bzw. Menschen) an, es gibt hier keine Unterschiede in Alter, Herkunft, Geschlecht usw.\u00a0 \u201eWir alle haben diese Gef\u00fchle, brauchen diese Dinge &#8230;\u201c<\/li>\n<li>Konflikte k\u00f6nnen nur auf der Bed\u00fcrfnisebene gel\u00f6st werden \u2013 daf\u00fcr brauchen die Kinder aber erst Worte!! (Was brauche ich eigentlich gerade? Was braucht der andere?)<\/li>\n<li>zunehmende Erleichterung im Kindergarten-Alltag: Kooperation, Verst\u00e4ndnis,\u00a0 Gemeinschaftsgef\u00fchl kann aufgebaut werden<\/li>\n<li>vielseitige Einsatzm\u00f6glichkeiten in Bildungseinrichtungen \u2013 in der Gesamtgruppe, Einzelf\u00f6rderung, Bewegungsraum, Kinder mit anderer Muttersprache, Kinder mit Verhaltensauff\u00e4lligkeiten &#8230;<\/li>\n<\/ul>\n<p>[read more=&#8220;mehr lesen&#8220; less=&#8220;weniger&#8220;]<\/p>\n<h3><strong>Bildungsschwerpunkte:<\/strong><\/h3>\n<ul>\n<li>F\u00f6rderung des Emotional- und Sozialverhaltens<\/li>\n<li>Erarbeitung einer starken Gruppengemeinschaft<\/li>\n<li>Empathie und Mitgef\u00fchl<\/li>\n<li>authentischer Selbstausdruck<\/li>\n<li>Selbstbewusstsein<\/li>\n<li>Selbstwert<\/li>\n<li>Resilienz<\/li>\n<li>Wertsch\u00e4tzung und Achtsamkeit<\/li>\n<li>Orientierung<\/li>\n<li>Selbstwirksamkeit<\/li>\n<li>Zugeh\u00f6rigkeitsgef\u00fchl\/ Integration<\/li>\n<li>konstruktives Konfliktl\u00f6sungsverhalten<\/li>\n<li>Selbstverantwortung<\/li>\n<li>Begriffsbildung und Wortschatzerweiterung (Worte f\u00fcr das eigene Innenleben haben)<\/li>\n<li>in Kontakt mit der eigenen inneren Kraft (dem Potenzial) sein<\/li>\n<li>F\u00e4higkeit zur Selbstf\u00fcrsorge<\/li>\n<li>Lebensfreude &#8230;<\/li>\n<\/ul>\n<h3><strong>F\u00fcr wen ist die Giraffen-Schatzkiste geeignet?<\/strong><\/h3>\n<p>F\u00fcr Elementarp\u00e4dagogen\/innen, ErzieherInnen, Grundschul-LehrerInnen, Eltern, PsychologInnen\/ PsychotherapeutInnen, Selbstempathie-\u00dcbende.<br \/>\nDurch die Bilder erfahrungsgem\u00e4\u00df auch gut f\u00fcr die Arbeit mit fremdsprachigen oder geistig\u00a0behinderten Menschen geeignet.<\/p>\n<p>Das sagen Kunden aus verschiedenen Berufsgruppen:\u00a0<a href=\"https:\/\/www.kommherzaehlmirwas.at\/home\/referenzen\/\" target=\"_blank\" rel=\"noopener noreferrer\">Kundenrezensionen<\/a><\/p>\n<div id='1' class='widgets_on_page wop_tiny1  wop_small1  wop_medium1  wop_large1  wop_wide1'>\n\t\t\t<ul><li id=\"custom_html-4\" class=\"widget_text widget widget_custom_html\"><div class=\"textwidget custom-html-widget\"><div style=\"text-align:left;\">\r\n<button class = \"button\" style=\"height: 30px; font-size: 0.8em;\" name=\"zuruck\" type=\"button\" onclick=\"history.back()\">Zur\u00fcck zur \u00dcbersicht<\/button><\/div><\/div><\/li><\/ul><\/div><!-- widgets_on_page -->\n","protected":false},"excerpt":{"rendered":"<h3>Giraffen-Schatzkiste<\/h3>\n<h4>\u00fcberarbeitete Neuauflage von Mai 2020: Deutsch + Englisch<\/h4>\n<p>Holztruhe mit 45 bunten Bildk\u00e4rtchen und einem Begleitheft in deutsch und englisch.<\/p>\n<p>Zur Anwendumg der Gewaltfreien Kommunikation nach Marshall Rosenberg mit Kindern.<\/p>\n","protected":false},"featured_media":15630,"template":"","meta":[],"product_brand":[],"product_cat":[35,56,51,47,46],"product_tag":[229,320,296,322,140],"class_list":{"0":"post-1208","1":"product","2":"type-product","3":"status-publish","4":"has-post-thumbnail","6":"product_cat-besonders","7":"product_cat-geschenke","8":"product_cat-seminarmaterial","9":"product_cat-sonstiges","10":"product_cat-spiele","11":"product_tag-anwendung-der-gfk","12":"product_tag-beduerfniskompetenz","13":"product_tag-gefuehlskompetenz","14":"product_tag-gfk-uebungsmaterial","15":"product_tag-kindergarten","17":"first","18":"instock","19":"shipping-taxable","20":"purchasable","21":"product-type-simple"},"yoast_head":"<!-- This site is optimized with the Yoast SEO plugin v27.4 - https:\/\/yoast.com\/product\/yoast-seo-wordpress\/ -->\n<title>Giraffen-Schatzkiste - Conex-Shop<\/title>\n<meta name=\"robots\" content=\"index, follow, max-snippet:-1, max-image-preview:large, max-video-preview:-1\" \/>\n<link rel=\"canonical\" href=\"https:\/\/conexbooks.de\/a\/shop\/produkt\/von-cornelia-schafrath-2\/\" \/>\n<meta property=\"og:locale\" content=\"de_DE\" \/>\n<meta property=\"og:type\" content=\"article\" \/>\n<meta property=\"og:title\" content=\"Giraffen-Schatzkiste - Conex-Shop\" \/>\n<meta property=\"og:description\" content=\"Giraffen-Schatzkiste \u00fcberarbeitete Neuauflage von Mai 2020: Deutsch + Englisch Holztruhe mit 45 bunten Bildk\u00e4rtchen und einem Begleitheft in deutsch und englisch.  Zur Anwendumg der Gewaltfreien Kommunikation nach Marshall Rosenberg mit Kindern.\" \/>\n<meta property=\"og:url\" content=\"https:\/\/conexbooks.de\/a\/shop\/produkt\/von-cornelia-schafrath-2\/\" \/>\n<meta property=\"og:site_name\" content=\"Conex-Shop\" \/>\n<meta property=\"article:modified_time\" content=\"2026-03-30T18:51:35+00:00\" \/>\n<meta property=\"og:image\" content=\"https:\/\/conexbooks.de\/a\/shop\/wp-content\/uploads\/2017\/11\/647b.png\" \/>\n\t<meta property=\"og:image:width\" content=\"398\" \/>\n\t<meta property=\"og:image:height\" content=\"400\" \/>\n\t<meta property=\"og:image:type\" content=\"image\/png\" \/>\n<meta name=\"twitter:card\" content=\"summary_large_image\" \/>\n<meta name=\"twitter:label1\" content=\"Gesch\u00e4tzte Lesezeit\" \/>\n\t<meta name=\"twitter:data1\" content=\"3\u00a0Minuten\" \/>\n<script type=\"application\/ld+json\" class=\"yoast-schema-graph\">{\"@context\":\"https:\\\/\\\/schema.org\",\"@graph\":[{\"@type\":\"WebPage\",\"@id\":\"https:\\\/\\\/conexbooks.de\\\/a\\\/shop\\\/produkt\\\/von-cornelia-schafrath-2\\\/\",\"url\":\"https:\\\/\\\/conexbooks.de\\\/a\\\/shop\\\/produkt\\\/von-cornelia-schafrath-2\\\/\",\"name\":\"Giraffen-Schatzkiste - Conex-Shop\",\"isPartOf\":{\"@id\":\"https:\\\/\\\/conexbooks.de\\\/a\\\/shop\\\/#website\"},\"primaryImageOfPage\":{\"@id\":\"https:\\\/\\\/conexbooks.de\\\/a\\\/shop\\\/produkt\\\/von-cornelia-schafrath-2\\\/#primaryimage\"},\"image\":{\"@id\":\"https:\\\/\\\/conexbooks.de\\\/a\\\/shop\\\/produkt\\\/von-cornelia-schafrath-2\\\/#primaryimage\"},\"thumbnailUrl\":\"https:\\\/\\\/conexbooks.de\\\/a\\\/shop\\\/wp-content\\\/uploads\\\/2017\\\/11\\\/647b.png\",\"datePublished\":\"2017-11-14T19:10:39+00:00\",\"dateModified\":\"2026-03-30T18:51:35+00:00\",\"breadcrumb\":{\"@id\":\"https:\\\/\\\/conexbooks.de\\\/a\\\/shop\\\/produkt\\\/von-cornelia-schafrath-2\\\/#breadcrumb\"},\"inLanguage\":\"de\",\"potentialAction\":[{\"@type\":\"ReadAction\",\"target\":[\"https:\\\/\\\/conexbooks.de\\\/a\\\/shop\\\/produkt\\\/von-cornelia-schafrath-2\\\/\"]}]},{\"@type\":\"ImageObject\",\"inLanguage\":\"de\",\"@id\":\"https:\\\/\\\/conexbooks.de\\\/a\\\/shop\\\/produkt\\\/von-cornelia-schafrath-2\\\/#primaryimage\",\"url\":\"https:\\\/\\\/conexbooks.de\\\/a\\\/shop\\\/wp-content\\\/uploads\\\/2017\\\/11\\\/647b.png\",\"contentUrl\":\"https:\\\/\\\/conexbooks.de\\\/a\\\/shop\\\/wp-content\\\/uploads\\\/2017\\\/11\\\/647b.png\",\"width\":398,\"height\":400},{\"@type\":\"BreadcrumbList\",\"@id\":\"https:\\\/\\\/conexbooks.de\\\/a\\\/shop\\\/produkt\\\/von-cornelia-schafrath-2\\\/#breadcrumb\",\"itemListElement\":[{\"@type\":\"ListItem\",\"position\":1,\"name\":\"Home\",\"item\":\"https:\\\/\\\/conexbooks.de\\\/a\\\/shop\\\/\"},{\"@type\":\"ListItem\",\"position\":2,\"name\":\"Shop\",\"item\":\"https:\\\/\\\/conexbooks.de\\\/a\\\/shop\\\/shop\\\/\"},{\"@type\":\"ListItem\",\"position\":3,\"name\":\"Giraffen-Schatzkiste\"}]},{\"@type\":\"WebSite\",\"@id\":\"https:\\\/\\\/conexbooks.de\\\/a\\\/shop\\\/#website\",\"url\":\"https:\\\/\\\/conexbooks.de\\\/a\\\/shop\\\/\",\"name\":\"Conex-Shop\",\"description\":\"Alles f\u00fcr die gewaltfreie Kommunikation: B\u00fccher, Spiele. Handpuppen Seminarmaterial und Geschenke\",\"publisher\":{\"@id\":\"https:\\\/\\\/conexbooks.de\\\/a\\\/shop\\\/#organization\"},\"potentialAction\":[{\"@type\":\"SearchAction\",\"target\":{\"@type\":\"EntryPoint\",\"urlTemplate\":\"https:\\\/\\\/conexbooks.de\\\/a\\\/shop\\\/?s={search_term_string}\"},\"query-input\":{\"@type\":\"PropertyValueSpecification\",\"valueRequired\":true,\"valueName\":\"search_term_string\"}}],\"inLanguage\":\"de\"},{\"@type\":\"Organization\",\"@id\":\"https:\\\/\\\/conexbooks.de\\\/a\\\/shop\\\/#organization\",\"name\":\"Conex - books and more\",\"url\":\"https:\\\/\\\/conexbooks.de\\\/a\\\/shop\\\/\",\"logo\":{\"@type\":\"ImageObject\",\"inLanguage\":\"de\",\"@id\":\"https:\\\/\\\/conexbooks.de\\\/a\\\/shop\\\/#\\\/schema\\\/logo\\\/image\\\/\",\"url\":\"https:\\\/\\\/conexbooks.de\\\/a\\\/shop\\\/wp-content\\\/uploads\\\/2017\\\/12\\\/co-logo.png\",\"contentUrl\":\"https:\\\/\\\/conexbooks.de\\\/a\\\/shop\\\/wp-content\\\/uploads\\\/2017\\\/12\\\/co-logo.png\",\"width\":243,\"height\":122,\"caption\":\"Conex - books and more\"},\"image\":{\"@id\":\"https:\\\/\\\/conexbooks.de\\\/a\\\/shop\\\/#\\\/schema\\\/logo\\\/image\\\/\"}}]}<\/script>\n<!-- \/ Yoast SEO plugin. -->","yoast_head_json":{"title":"Giraffen-Schatzkiste - Conex-Shop","robots":{"index":"index","follow":"follow","max-snippet":"max-snippet:-1","max-image-preview":"max-image-preview:large","max-video-preview":"max-video-preview:-1"},"canonical":"https:\/\/conexbooks.de\/a\/shop\/produkt\/von-cornelia-schafrath-2\/","og_locale":"de_DE","og_type":"article","og_title":"Giraffen-Schatzkiste - Conex-Shop","og_description":"Giraffen-Schatzkiste \u00fcberarbeitete Neuauflage von Mai 2020: Deutsch + Englisch Holztruhe mit 45 bunten Bildk\u00e4rtchen und einem Begleitheft in deutsch und englisch.  Zur Anwendumg der Gewaltfreien Kommunikation nach Marshall Rosenberg mit Kindern.","og_url":"https:\/\/conexbooks.de\/a\/shop\/produkt\/von-cornelia-schafrath-2\/","og_site_name":"Conex-Shop","article_modified_time":"2026-03-30T18:51:35+00:00","og_image":[{"width":398,"height":400,"url":"https:\/\/conexbooks.de\/a\/shop\/wp-content\/uploads\/2017\/11\/647b.png","type":"image\/png"}],"twitter_card":"summary_large_image","twitter_misc":{"Gesch\u00e4tzte Lesezeit":"3\u00a0Minuten"},"schema":{"@context":"https:\/\/schema.org","@graph":[{"@type":"WebPage","@id":"https:\/\/conexbooks.de\/a\/shop\/produkt\/von-cornelia-schafrath-2\/","url":"https:\/\/conexbooks.de\/a\/shop\/produkt\/von-cornelia-schafrath-2\/","name":"Giraffen-Schatzkiste - Conex-Shop","isPartOf":{"@id":"https:\/\/conexbooks.de\/a\/shop\/#website"},"primaryImageOfPage":{"@id":"https:\/\/conexbooks.de\/a\/shop\/produkt\/von-cornelia-schafrath-2\/#primaryimage"},"image":{"@id":"https:\/\/conexbooks.de\/a\/shop\/produkt\/von-cornelia-schafrath-2\/#primaryimage"},"thumbnailUrl":"https:\/\/conexbooks.de\/a\/shop\/wp-content\/uploads\/2017\/11\/647b.png","datePublished":"2017-11-14T19:10:39+00:00","dateModified":"2026-03-30T18:51:35+00:00","breadcrumb":{"@id":"https:\/\/conexbooks.de\/a\/shop\/produkt\/von-cornelia-schafrath-2\/#breadcrumb"},"inLanguage":"de","potentialAction":[{"@type":"ReadAction","target":["https:\/\/conexbooks.de\/a\/shop\/produkt\/von-cornelia-schafrath-2\/"]}]},{"@type":"ImageObject","inLanguage":"de","@id":"https:\/\/conexbooks.de\/a\/shop\/produkt\/von-cornelia-schafrath-2\/#primaryimage","url":"https:\/\/conexbooks.de\/a\/shop\/wp-content\/uploads\/2017\/11\/647b.png","contentUrl":"https:\/\/conexbooks.de\/a\/shop\/wp-content\/uploads\/2017\/11\/647b.png","width":398,"height":400},{"@type":"BreadcrumbList","@id":"https:\/\/conexbooks.de\/a\/shop\/produkt\/von-cornelia-schafrath-2\/#breadcrumb","itemListElement":[{"@type":"ListItem","position":1,"name":"Home","item":"https:\/\/conexbooks.de\/a\/shop\/"},{"@type":"ListItem","position":2,"name":"Shop","item":"https:\/\/conexbooks.de\/a\/shop\/shop\/"},{"@type":"ListItem","position":3,"name":"Giraffen-Schatzkiste"}]},{"@type":"WebSite","@id":"https:\/\/conexbooks.de\/a\/shop\/#website","url":"https:\/\/conexbooks.de\/a\/shop\/","name":"Conex-Shop","description":"Alles f\u00fcr die gewaltfreie Kommunikation: B\u00fccher, Spiele. Handpuppen Seminarmaterial und Geschenke","publisher":{"@id":"https:\/\/conexbooks.de\/a\/shop\/#organization"},"potentialAction":[{"@type":"SearchAction","target":{"@type":"EntryPoint","urlTemplate":"https:\/\/conexbooks.de\/a\/shop\/?s={search_term_string}"},"query-input":{"@type":"PropertyValueSpecification","valueRequired":true,"valueName":"search_term_string"}}],"inLanguage":"de"},{"@type":"Organization","@id":"https:\/\/conexbooks.de\/a\/shop\/#organization","name":"Conex - books and more","url":"https:\/\/conexbooks.de\/a\/shop\/","logo":{"@type":"ImageObject","inLanguage":"de","@id":"https:\/\/conexbooks.de\/a\/shop\/#\/schema\/logo\/image\/","url":"https:\/\/conexbooks.de\/a\/shop\/wp-content\/uploads\/2017\/12\/co-logo.png","contentUrl":"https:\/\/conexbooks.de\/a\/shop\/wp-content\/uploads\/2017\/12\/co-logo.png","width":243,"height":122,"caption":"Conex - books and more"},"image":{"@id":"https:\/\/conexbooks.de\/a\/shop\/#\/schema\/logo\/image\/"}}]}},"_links":{"self":[{"href":"https:\/\/conexbooks.de\/a\/shop\/wp-json\/wp\/v2\/product\/1208","targetHints":{"allow":["GET"]}}],"collection":[{"href":"https:\/\/conexbooks.de\/a\/shop\/wp-json\/wp\/v2\/product"}],"about":[{"href":"https:\/\/conexbooks.de\/a\/shop\/wp-json\/wp\/v2\/types\/product"}],"wp:featuredmedia":[{"embeddable":true,"href":"https:\/\/conexbooks.de\/a\/shop\/wp-json\/wp\/v2\/media\/15630"}],"wp:attachment":[{"href":"https:\/\/conexbooks.de\/a\/shop\/wp-json\/wp\/v2\/media?parent=1208"}],"wp:term":[{"taxonomy":"product_brand","embeddable":true,"href":"https:\/\/conexbooks.de\/a\/shop\/wp-json\/wp\/v2\/product_brand?post=1208"},{"taxonomy":"product_cat","embeddable":true,"href":"https:\/\/conexbooks.de\/a\/shop\/wp-json\/wp\/v2\/product_cat?post=1208"},{"taxonomy":"product_tag","embeddable":true,"href":"https:\/\/conexbooks.de\/a\/shop\/wp-json\/wp\/v2\/product_tag?post=1208"}],"curies":[{"name":"wp","href":"https:\/\/api.w.org\/{rel}","templated":true}]}}