{"id":13926,"date":"2020-01-23T11:33:26","date_gmt":"2020-01-23T10:33:26","guid":{"rendered":"https:\/\/conexbooks.de\/a\/shop\/?post_type=product&#038;p=13926"},"modified":"2026-04-01T20:32:30","modified_gmt":"2026-04-01T18:32:30","slug":"macht-ohne-machtwort","status":"publish","type":"product","link":"https:\/\/conexbooks.de\/a\/shop\/produkt\/macht-ohne-machtwort\/","title":{"rendered":"Macht ohne Machtwort"},"content":{"rendered":"<h3>Macht ohne Machtwort<\/h3>\n<h4>Verantwortung \u00fcbernehmen, Potenziale entfalten<\/h4>\n<h4>Angela Dietz<\/h4>\n<p>Wer kennt sie nicht \u2013 die kleinen oder gro\u00dfen Machtspiele? Doch Macht ist nicht per se negativ \u2013 und fast alle haben wir Macht \u00fcber jemanden. Sei es als Eltern \u00fcber unsere Kinder, als Vorgesetzter \u00fcber Mitarbeiter, als Lehrer \u00fcber Sch\u00fcler \u2026 \u201eMacht \u00fcber\u201c kann man kraft Hierarche leicht aus\u00fcben \u2013 mit allen meist negativen Folgen f\u00fcr Pers\u00f6nlichkeit und Gesellschaft. Doch in diesem Buch geht es um \u00bbMacht miteinander\u00ab. Basierend auf den Ans\u00e4tzen der \u00bbgewaltfreien Kommunikation\u00ab nach Marschall B. Rosenberg zeigt Angela Dietz in ihrem neuen Buch, welche Folgen unreflektierter Machtgebrauch in Familien, Schulen und Unternehmen hat und wie wir diesen endlich \u00fcberwinden k\u00f6nnen.<\/p>\n<p>\u00bbMacht ohne Machtwort\u00ab hilft, die eigene Position zu hinterfragen, uns ihrer bewusst zu werden und ein eigenes, neues Bewusstsein zu entwickeln.<br \/>\nMit praktischen Beispielen veranschaulicht Angela Dietz, wie wir das weit verbreitete Egosystem-Bewusstsein durch ein intelligenteres und lebensdienliches \u00d6kosystem-Bewusstsein ersetzen k\u00f6nnen. Dieses ebnet den Weg zu einer Kultur der Potenzialentfaltung in Familien, Schulen und Unternehmen.<\/p>\n<p>&nbsp;<\/p>\n<div id='1' class='widgets_on_page wop_tiny1  wop_small1  wop_medium1  wop_large1  wop_wide1'>\n\t\t\t<ul><li id=\"custom_html-4\" class=\"widget_text widget widget_custom_html\"><div class=\"textwidget custom-html-widget\"><div style=\"text-align:left;\">\r\n<button class = \"button\" style=\"height: 30px; font-size: 0.8em;\" name=\"zuruck\" type=\"button\" onclick=\"history.back()\">Zur\u00fcck zur \u00dcbersicht<\/button><\/div><\/div><\/li><\/ul><\/div><!-- widgets_on_page -->\n","protected":false},"excerpt":{"rendered":"<h3>Macht ohne Machtwort<\/h3>\n<h4 id=\"BookSubTitle\">Verantwortung \u00fcbernehmen \u0096 Potenziale entfalten<\/h4>\n<h4>Angela Dietz<\/h4>\n<p>BusinessVillage; 1. Auflage 2015<br \/>\n176 Seiten<br \/>\nISBN: 9783869803258<\/p>\n","protected":false},"featured_media":13927,"template":"","meta":[],"product_brand":[],"product_cat":[45,36,39],"product_tag":[80,104,112,103,94,113,106],"class_list":{"0":"post-13926","1":"product","2":"type-product","3":"status-publish","4":"has-post-thumbnail","6":"product_cat-arbeit-sonstiges","7":"product_cat-deutsche-buecher","8":"product_cat-persoenliche-entwicklung","9":"product_tag-annerkennung","10":"product_tag-empathie","11":"product_tag-macht","12":"product_tag-organisationen","13":"product_tag-team","14":"product_tag-verantwortung","15":"product_tag-vertrauen","17":"first","18":"instock","19":"shipping-taxable","20":"purchasable","21":"product-type-simple"},"yoast_head":"<!-- This site is optimized with the Yoast SEO plugin v27.4 - https:\/\/yoast.com\/product\/yoast-seo-wordpress\/ -->\n<title>Macht ohne Machtwort - Conex-Shop<\/title>\n<meta name=\"robots\" content=\"index, follow, max-snippet:-1, max-image-preview:large, max-video-preview:-1\" \/>\n<link rel=\"canonical\" href=\"https:\/\/conexbooks.de\/a\/shop\/produkt\/macht-ohne-machtwort\/\" \/>\n<meta property=\"og:locale\" content=\"de_DE\" \/>\n<meta property=\"og:type\" content=\"article\" \/>\n<meta property=\"og:title\" content=\"Macht ohne Machtwort - Conex-Shop\" \/>\n<meta property=\"og:description\" content=\"Macht ohne Machtwort Verantwortung \u00fcbernehmen \u0096 Potenziale entfalten Angela Dietz BusinessVillage; 1. Auflage 2015 176 Seiten ISBN: 9783869803258\" \/>\n<meta property=\"og:url\" content=\"https:\/\/conexbooks.de\/a\/shop\/produkt\/macht-ohne-machtwort\/\" \/>\n<meta property=\"og:site_name\" content=\"Conex-Shop\" \/>\n<meta property=\"article:modified_time\" content=\"2026-04-01T18:32:30+00:00\" \/>\n<meta property=\"og:image\" content=\"https:\/\/conexbooks.de\/a\/shop\/wp-content\/uploads\/2020\/01\/041.jpg\" \/>\n\t<meta property=\"og:image:width\" content=\"300\" \/>\n\t<meta property=\"og:image:height\" content=\"439\" \/>\n\t<meta property=\"og:image:type\" content=\"image\/jpeg\" \/>\n<meta name=\"twitter:card\" content=\"summary_large_image\" \/>\n<meta name=\"twitter:label1\" content=\"Gesch\u00e4tzte Lesezeit\" \/>\n\t<meta name=\"twitter:data1\" content=\"1\u00a0Minute\" \/>\n<script type=\"application\/ld+json\" class=\"yoast-schema-graph\">{\"@context\":\"https:\\\/\\\/schema.org\",\"@graph\":[{\"@type\":\"WebPage\",\"@id\":\"https:\\\/\\\/conexbooks.de\\\/a\\\/shop\\\/produkt\\\/macht-ohne-machtwort\\\/\",\"url\":\"https:\\\/\\\/conexbooks.de\\\/a\\\/shop\\\/produkt\\\/macht-ohne-machtwort\\\/\",\"name\":\"Macht ohne Machtwort - Conex-Shop\",\"isPartOf\":{\"@id\":\"https:\\\/\\\/conexbooks.de\\\/a\\\/shop\\\/#website\"},\"primaryImageOfPage\":{\"@id\":\"https:\\\/\\\/conexbooks.de\\\/a\\\/shop\\\/produkt\\\/macht-ohne-machtwort\\\/#primaryimage\"},\"image\":{\"@id\":\"https:\\\/\\\/conexbooks.de\\\/a\\\/shop\\\/produkt\\\/macht-ohne-machtwort\\\/#primaryimage\"},\"thumbnailUrl\":\"https:\\\/\\\/conexbooks.de\\\/a\\\/shop\\\/wp-content\\\/uploads\\\/2020\\\/01\\\/041.jpg\",\"datePublished\":\"2020-01-23T10:33:26+00:00\",\"dateModified\":\"2026-04-01T18:32:30+00:00\",\"breadcrumb\":{\"@id\":\"https:\\\/\\\/conexbooks.de\\\/a\\\/shop\\\/produkt\\\/macht-ohne-machtwort\\\/#breadcrumb\"},\"inLanguage\":\"de\",\"potentialAction\":[{\"@type\":\"ReadAction\",\"target\":[\"https:\\\/\\\/conexbooks.de\\\/a\\\/shop\\\/produkt\\\/macht-ohne-machtwort\\\/\"]}]},{\"@type\":\"ImageObject\",\"inLanguage\":\"de\",\"@id\":\"https:\\\/\\\/conexbooks.de\\\/a\\\/shop\\\/produkt\\\/macht-ohne-machtwort\\\/#primaryimage\",\"url\":\"https:\\\/\\\/conexbooks.de\\\/a\\\/shop\\\/wp-content\\\/uploads\\\/2020\\\/01\\\/041.jpg\",\"contentUrl\":\"https:\\\/\\\/conexbooks.de\\\/a\\\/shop\\\/wp-content\\\/uploads\\\/2020\\\/01\\\/041.jpg\",\"width\":300,\"height\":439},{\"@type\":\"BreadcrumbList\",\"@id\":\"https:\\\/\\\/conexbooks.de\\\/a\\\/shop\\\/produkt\\\/macht-ohne-machtwort\\\/#breadcrumb\",\"itemListElement\":[{\"@type\":\"ListItem\",\"position\":1,\"name\":\"Home\",\"item\":\"https:\\\/\\\/conexbooks.de\\\/a\\\/shop\\\/\"},{\"@type\":\"ListItem\",\"position\":2,\"name\":\"Shop\",\"item\":\"https:\\\/\\\/conexbooks.de\\\/a\\\/shop\\\/shop\\\/\"},{\"@type\":\"ListItem\",\"position\":3,\"name\":\"Macht ohne Machtwort\"}]},{\"@type\":\"WebSite\",\"@id\":\"https:\\\/\\\/conexbooks.de\\\/a\\\/shop\\\/#website\",\"url\":\"https:\\\/\\\/conexbooks.de\\\/a\\\/shop\\\/\",\"name\":\"Conex-Shop\",\"description\":\"Alles f\u00fcr die gewaltfreie Kommunikation: B\u00fccher, Spiele. Handpuppen Seminarmaterial und Geschenke\",\"publisher\":{\"@id\":\"https:\\\/\\\/conexbooks.de\\\/a\\\/shop\\\/#organization\"},\"potentialAction\":[{\"@type\":\"SearchAction\",\"target\":{\"@type\":\"EntryPoint\",\"urlTemplate\":\"https:\\\/\\\/conexbooks.de\\\/a\\\/shop\\\/?s={search_term_string}\"},\"query-input\":{\"@type\":\"PropertyValueSpecification\",\"valueRequired\":true,\"valueName\":\"search_term_string\"}}],\"inLanguage\":\"de\"},{\"@type\":\"Organization\",\"@id\":\"https:\\\/\\\/conexbooks.de\\\/a\\\/shop\\\/#organization\",\"name\":\"Conex - books and more\",\"url\":\"https:\\\/\\\/conexbooks.de\\\/a\\\/shop\\\/\",\"logo\":{\"@type\":\"ImageObject\",\"inLanguage\":\"de\",\"@id\":\"https:\\\/\\\/conexbooks.de\\\/a\\\/shop\\\/#\\\/schema\\\/logo\\\/image\\\/\",\"url\":\"https:\\\/\\\/conexbooks.de\\\/a\\\/shop\\\/wp-content\\\/uploads\\\/2017\\\/12\\\/co-logo.png\",\"contentUrl\":\"https:\\\/\\\/conexbooks.de\\\/a\\\/shop\\\/wp-content\\\/uploads\\\/2017\\\/12\\\/co-logo.png\",\"width\":243,\"height\":122,\"caption\":\"Conex - books and more\"},\"image\":{\"@id\":\"https:\\\/\\\/conexbooks.de\\\/a\\\/shop\\\/#\\\/schema\\\/logo\\\/image\\\/\"}}]}<\/script>\n<!-- \/ Yoast SEO plugin. -->","yoast_head_json":{"title":"Macht ohne Machtwort - Conex-Shop","robots":{"index":"index","follow":"follow","max-snippet":"max-snippet:-1","max-image-preview":"max-image-preview:large","max-video-preview":"max-video-preview:-1"},"canonical":"https:\/\/conexbooks.de\/a\/shop\/produkt\/macht-ohne-machtwort\/","og_locale":"de_DE","og_type":"article","og_title":"Macht ohne Machtwort - Conex-Shop","og_description":"Macht ohne Machtwort Verantwortung \u00fcbernehmen \u0096 Potenziale entfalten Angela Dietz BusinessVillage; 1. Auflage 2015 176 Seiten ISBN: 9783869803258","og_url":"https:\/\/conexbooks.de\/a\/shop\/produkt\/macht-ohne-machtwort\/","og_site_name":"Conex-Shop","article_modified_time":"2026-04-01T18:32:30+00:00","og_image":[{"width":300,"height":439,"url":"https:\/\/conexbooks.de\/a\/shop\/wp-content\/uploads\/2020\/01\/041.jpg","type":"image\/jpeg"}],"twitter_card":"summary_large_image","twitter_misc":{"Gesch\u00e4tzte Lesezeit":"1\u00a0Minute"},"schema":{"@context":"https:\/\/schema.org","@graph":[{"@type":"WebPage","@id":"https:\/\/conexbooks.de\/a\/shop\/produkt\/macht-ohne-machtwort\/","url":"https:\/\/conexbooks.de\/a\/shop\/produkt\/macht-ohne-machtwort\/","name":"Macht ohne Machtwort - Conex-Shop","isPartOf":{"@id":"https:\/\/conexbooks.de\/a\/shop\/#website"},"primaryImageOfPage":{"@id":"https:\/\/conexbooks.de\/a\/shop\/produkt\/macht-ohne-machtwort\/#primaryimage"},"image":{"@id":"https:\/\/conexbooks.de\/a\/shop\/produkt\/macht-ohne-machtwort\/#primaryimage"},"thumbnailUrl":"https:\/\/conexbooks.de\/a\/shop\/wp-content\/uploads\/2020\/01\/041.jpg","datePublished":"2020-01-23T10:33:26+00:00","dateModified":"2026-04-01T18:32:30+00:00","breadcrumb":{"@id":"https:\/\/conexbooks.de\/a\/shop\/produkt\/macht-ohne-machtwort\/#breadcrumb"},"inLanguage":"de","potentialAction":[{"@type":"ReadAction","target":["https:\/\/conexbooks.de\/a\/shop\/produkt\/macht-ohne-machtwort\/"]}]},{"@type":"ImageObject","inLanguage":"de","@id":"https:\/\/conexbooks.de\/a\/shop\/produkt\/macht-ohne-machtwort\/#primaryimage","url":"https:\/\/conexbooks.de\/a\/shop\/wp-content\/uploads\/2020\/01\/041.jpg","contentUrl":"https:\/\/conexbooks.de\/a\/shop\/wp-content\/uploads\/2020\/01\/041.jpg","width":300,"height":439},{"@type":"BreadcrumbList","@id":"https:\/\/conexbooks.de\/a\/shop\/produkt\/macht-ohne-machtwort\/#breadcrumb","itemListElement":[{"@type":"ListItem","position":1,"name":"Home","item":"https:\/\/conexbooks.de\/a\/shop\/"},{"@type":"ListItem","position":2,"name":"Shop","item":"https:\/\/conexbooks.de\/a\/shop\/shop\/"},{"@type":"ListItem","position":3,"name":"Macht ohne Machtwort"}]},{"@type":"WebSite","@id":"https:\/\/conexbooks.de\/a\/shop\/#website","url":"https:\/\/conexbooks.de\/a\/shop\/","name":"Conex-Shop","description":"Alles f\u00fcr die gewaltfreie Kommunikation: B\u00fccher, Spiele. Handpuppen Seminarmaterial und Geschenke","publisher":{"@id":"https:\/\/conexbooks.de\/a\/shop\/#organization"},"potentialAction":[{"@type":"SearchAction","target":{"@type":"EntryPoint","urlTemplate":"https:\/\/conexbooks.de\/a\/shop\/?s={search_term_string}"},"query-input":{"@type":"PropertyValueSpecification","valueRequired":true,"valueName":"search_term_string"}}],"inLanguage":"de"},{"@type":"Organization","@id":"https:\/\/conexbooks.de\/a\/shop\/#organization","name":"Conex - books and more","url":"https:\/\/conexbooks.de\/a\/shop\/","logo":{"@type":"ImageObject","inLanguage":"de","@id":"https:\/\/conexbooks.de\/a\/shop\/#\/schema\/logo\/image\/","url":"https:\/\/conexbooks.de\/a\/shop\/wp-content\/uploads\/2017\/12\/co-logo.png","contentUrl":"https:\/\/conexbooks.de\/a\/shop\/wp-content\/uploads\/2017\/12\/co-logo.png","width":243,"height":122,"caption":"Conex - books and more"},"image":{"@id":"https:\/\/conexbooks.de\/a\/shop\/#\/schema\/logo\/image\/"}}]}},"_links":{"self":[{"href":"https:\/\/conexbooks.de\/a\/shop\/wp-json\/wp\/v2\/product\/13926","targetHints":{"allow":["GET"]}}],"collection":[{"href":"https:\/\/conexbooks.de\/a\/shop\/wp-json\/wp\/v2\/product"}],"about":[{"href":"https:\/\/conexbooks.de\/a\/shop\/wp-json\/wp\/v2\/types\/product"}],"wp:featuredmedia":[{"embeddable":true,"href":"https:\/\/conexbooks.de\/a\/shop\/wp-json\/wp\/v2\/media\/13927"}],"wp:attachment":[{"href":"https:\/\/conexbooks.de\/a\/shop\/wp-json\/wp\/v2\/media?parent=13926"}],"wp:term":[{"taxonomy":"product_brand","embeddable":true,"href":"https:\/\/conexbooks.de\/a\/shop\/wp-json\/wp\/v2\/product_brand?post=13926"},{"taxonomy":"product_cat","embeddable":true,"href":"https:\/\/conexbooks.de\/a\/shop\/wp-json\/wp\/v2\/product_cat?post=13926"},{"taxonomy":"product_tag","embeddable":true,"href":"https:\/\/conexbooks.de\/a\/shop\/wp-json\/wp\/v2\/product_tag?post=13926"}],"curies":[{"name":"wp","href":"https:\/\/api.w.org\/{rel}","templated":true}]}}