{"id":15067,"date":"2020-04-28T10:27:44","date_gmt":"2020-04-28T08:27:44","guid":{"rendered":"https:\/\/conexbooks.de\/a\/shop\/?post_type=product&#038;p=15067"},"modified":"2026-04-10T23:17:30","modified_gmt":"2026-04-10T21:17:30","slug":"authentisch-lehren","status":"publish","type":"product","link":"https:\/\/conexbooks.de\/a\/shop\/produkt\/authentisch-lehren\/","title":{"rendered":"Seminare authentisch leiten (mit E-Book-Code)"},"content":{"rendered":"<h2 class=\"mb-4\">Seminare authentisch leiten<\/h2>\n<h3 class=\"mb-4\">Gewaltfreie Kommuniktion und Gruppendynamik<\/h3>\n<h4>Lernen und Lehren \u2013 ein wechselseitiger Prozess<\/h4>\n<p>Liv Larsson<\/p>\n<p>Gewaltfreie Kommunikation in Kombination mit dem Wissen zur Dynamik von Gruppenprozessen: Ein solches Buch h\u00e4tte sich Liv Larsson zu Beginn ihrer Laufbahn als Trainerin gew\u00fcnscht. Alle diejenigen, die GFK-Seminare oder andere Gruppen leiten, profitieren nun von ihren Erfahrungen und finden viele Anregungen und praktische Vorschl\u00e4ge. Liv Larsson sieht sich aber selbst immer noch als Lernende. Und diese Offenheit m\u00f6chte sie auch ihren Leserinnen und Lesern vermitteln. Es geht nicht darum, eine perfekte \u201eShow\u201c hinzulegen, sondern authentisch zu sein und selbst zu leben, was man lehrt.<\/p>\n<p>Themen, die behandelt werden:<br \/>\n&#8211; Pr\u00e4sentationsskills \u00e0 la GFK<br \/>\n&#8211; \u00dcber das Sprechen vor einer Gruppe \u2013 einige Mythen<br \/>\n&#8211; Innere Vorbereitung<br \/>\n&#8211; Seminarplanung \u2013 ja oder nein?<br \/>\n&#8211; Probleme und Herausforderungen n\u00e4hren das Wachstum<br \/>\n&#8211; Unter W\u00f6lfen und Giraffen: Rollenspiele<br \/>\n&#8211; Eine Gruppe leiten: Bed\u00fcrfnisse als Basis<\/p>\n<p>\u201eIch denke nicht, dass man ein Thema voll und ganz beherrschen muss, um es zu unterrichten oder mit anderen zu teilen. Wichtiger als das Wissen selbst ist das Verlangen, es mit anderen zu teilen. Und gleichzeitig m\u00fcssen einem die eigenen Wissensl\u00fccken bewusst sein, und dass man sie schlie\u00dfen kann, indem man gemeinsam mit der Gruppe lernt.\u201c \u2013 Liv Larsson<\/p>\n<p>&nbsp;<\/p>\n<p>F\u00fcr alle:<br \/>\n&#8211;\u00a0 die selber Lehren und dabei Lernende sind<br \/>\n&#8211; die als Lehrende authentisch bleiben wollen<\/p>\n<div id='1' class='widgets_on_page wop_tiny1  wop_small1  wop_medium1  wop_large1  wop_wide1'>\n\t\t\t<ul><li id=\"custom_html-4\" class=\"widget_text widget widget_custom_html\"><div class=\"textwidget custom-html-widget\"><div style=\"text-align:left;\">\r\n<button class = \"button\" style=\"height: 30px; font-size: 0.8em;\" name=\"zuruck\" type=\"button\" onclick=\"history.back()\">Zur\u00fcck zur \u00dcbersicht<\/button><\/div><\/div><\/li><\/ul><\/div><!-- widgets_on_page -->\n","protected":false},"excerpt":{"rendered":"<h3 class=\"mb-4\">Gewaltfreie Kommuniktion und Gruppendynamik<\/h3>\n<p>Liv Larsson<\/p>\n<p>Buch mit E-Book-Code:<br \/>\nim Buch ist der Code zum einmaligen herunterladen des gleichnamgen E-Books enthalten.<\/p>\n<p>Junfermann-Verlag April 2020<br \/>\n216 Seiten, kartoniert, Format: 17 x 24 cm<\/p>\n","protected":false},"featured_media":15165,"template":"","meta":[],"product_brand":[],"product_cat":[45,36,39,51],"product_tag":[159,162,163,654,161,160],"class_list":{"0":"post-15067","1":"product","2":"type-product","3":"status-publish","4":"has-post-thumbnail","6":"product_cat-arbeit-sonstiges","7":"product_cat-deutsche-buecher","8":"product_cat-persoenliche-entwicklung","9":"product_cat-seminarmaterial","10":"product_tag-authentisch","11":"product_tag-gruppen-leiten","12":"product_tag-gruppendynamik","13":"product_tag-gruppenprozesse","14":"product_tag-praesentation","15":"product_tag-seminare-leiten","17":"first","18":"instock","19":"shipping-taxable","20":"purchasable","21":"product-type-simple"},"yoast_head":"<!-- This site is optimized with the Yoast SEO plugin v27.4 - https:\/\/yoast.com\/product\/yoast-seo-wordpress\/ -->\n<title>Seminare authentisch leiten (mit E-Book-Code) - Conex-Shop<\/title>\n<meta name=\"robots\" content=\"index, follow, max-snippet:-1, max-image-preview:large, max-video-preview:-1\" \/>\n<link rel=\"canonical\" href=\"https:\/\/conexbooks.de\/a\/shop\/produkt\/authentisch-lehren\/\" \/>\n<meta property=\"og:locale\" content=\"de_DE\" \/>\n<meta property=\"og:type\" content=\"article\" \/>\n<meta property=\"og:title\" content=\"Seminare authentisch leiten (mit E-Book-Code) - Conex-Shop\" \/>\n<meta property=\"og:description\" content=\"Gewaltfreie Kommuniktion und Gruppendynamik Liv Larsson  Buch mit E-Book-Code: im Buch ist der Code zum einmaligen herunterladen des gleichnamgen E-Books enthalten.  Junfermann-Verlag April 2020 216 Seiten, kartoniert, Format: 17 x 24 cm\" \/>\n<meta property=\"og:url\" content=\"https:\/\/conexbooks.de\/a\/shop\/produkt\/authentisch-lehren\/\" \/>\n<meta property=\"og:site_name\" content=\"Conex-Shop\" \/>\n<meta property=\"article:modified_time\" content=\"2026-04-10T21:17:30+00:00\" \/>\n<meta property=\"og:image\" content=\"https:\/\/conexbooks.de\/a\/shop\/wp-content\/uploads\/2020\/04\/061.png\" \/>\n\t<meta property=\"og:image:width\" content=\"283\" \/>\n\t<meta property=\"og:image:height\" content=\"400\" \/>\n\t<meta property=\"og:image:type\" content=\"image\/png\" \/>\n<meta name=\"twitter:card\" content=\"summary_large_image\" \/>\n<meta name=\"twitter:label1\" content=\"Gesch\u00e4tzte Lesezeit\" \/>\n\t<meta name=\"twitter:data1\" content=\"2\u00a0Minuten\" \/>\n<script type=\"application\/ld+json\" class=\"yoast-schema-graph\">{\"@context\":\"https:\\\/\\\/schema.org\",\"@graph\":[{\"@type\":\"WebPage\",\"@id\":\"https:\\\/\\\/conexbooks.de\\\/a\\\/shop\\\/produkt\\\/authentisch-lehren\\\/\",\"url\":\"https:\\\/\\\/conexbooks.de\\\/a\\\/shop\\\/produkt\\\/authentisch-lehren\\\/\",\"name\":\"Seminare authentisch leiten (mit E-Book-Code) - Conex-Shop\",\"isPartOf\":{\"@id\":\"https:\\\/\\\/conexbooks.de\\\/a\\\/shop\\\/#website\"},\"primaryImageOfPage\":{\"@id\":\"https:\\\/\\\/conexbooks.de\\\/a\\\/shop\\\/produkt\\\/authentisch-lehren\\\/#primaryimage\"},\"image\":{\"@id\":\"https:\\\/\\\/conexbooks.de\\\/a\\\/shop\\\/produkt\\\/authentisch-lehren\\\/#primaryimage\"},\"thumbnailUrl\":\"https:\\\/\\\/conexbooks.de\\\/a\\\/shop\\\/wp-content\\\/uploads\\\/2020\\\/04\\\/061.png\",\"datePublished\":\"2020-04-28T08:27:44+00:00\",\"dateModified\":\"2026-04-10T21:17:30+00:00\",\"breadcrumb\":{\"@id\":\"https:\\\/\\\/conexbooks.de\\\/a\\\/shop\\\/produkt\\\/authentisch-lehren\\\/#breadcrumb\"},\"inLanguage\":\"de\",\"potentialAction\":[{\"@type\":\"ReadAction\",\"target\":[\"https:\\\/\\\/conexbooks.de\\\/a\\\/shop\\\/produkt\\\/authentisch-lehren\\\/\"]}]},{\"@type\":\"ImageObject\",\"inLanguage\":\"de\",\"@id\":\"https:\\\/\\\/conexbooks.de\\\/a\\\/shop\\\/produkt\\\/authentisch-lehren\\\/#primaryimage\",\"url\":\"https:\\\/\\\/conexbooks.de\\\/a\\\/shop\\\/wp-content\\\/uploads\\\/2020\\\/04\\\/061.png\",\"contentUrl\":\"https:\\\/\\\/conexbooks.de\\\/a\\\/shop\\\/wp-content\\\/uploads\\\/2020\\\/04\\\/061.png\",\"width\":283,\"height\":400},{\"@type\":\"BreadcrumbList\",\"@id\":\"https:\\\/\\\/conexbooks.de\\\/a\\\/shop\\\/produkt\\\/authentisch-lehren\\\/#breadcrumb\",\"itemListElement\":[{\"@type\":\"ListItem\",\"position\":1,\"name\":\"Home\",\"item\":\"https:\\\/\\\/conexbooks.de\\\/a\\\/shop\\\/\"},{\"@type\":\"ListItem\",\"position\":2,\"name\":\"Shop\",\"item\":\"https:\\\/\\\/conexbooks.de\\\/a\\\/shop\\\/shop\\\/\"},{\"@type\":\"ListItem\",\"position\":3,\"name\":\"Seminare authentisch leiten (mit E-Book-Code)\"}]},{\"@type\":\"WebSite\",\"@id\":\"https:\\\/\\\/conexbooks.de\\\/a\\\/shop\\\/#website\",\"url\":\"https:\\\/\\\/conexbooks.de\\\/a\\\/shop\\\/\",\"name\":\"Conex-Shop\",\"description\":\"Alles f\u00fcr die gewaltfreie Kommunikation: B\u00fccher, Spiele. Handpuppen Seminarmaterial und Geschenke\",\"publisher\":{\"@id\":\"https:\\\/\\\/conexbooks.de\\\/a\\\/shop\\\/#organization\"},\"potentialAction\":[{\"@type\":\"SearchAction\",\"target\":{\"@type\":\"EntryPoint\",\"urlTemplate\":\"https:\\\/\\\/conexbooks.de\\\/a\\\/shop\\\/?s={search_term_string}\"},\"query-input\":{\"@type\":\"PropertyValueSpecification\",\"valueRequired\":true,\"valueName\":\"search_term_string\"}}],\"inLanguage\":\"de\"},{\"@type\":\"Organization\",\"@id\":\"https:\\\/\\\/conexbooks.de\\\/a\\\/shop\\\/#organization\",\"name\":\"Conex - books and more\",\"url\":\"https:\\\/\\\/conexbooks.de\\\/a\\\/shop\\\/\",\"logo\":{\"@type\":\"ImageObject\",\"inLanguage\":\"de\",\"@id\":\"https:\\\/\\\/conexbooks.de\\\/a\\\/shop\\\/#\\\/schema\\\/logo\\\/image\\\/\",\"url\":\"https:\\\/\\\/conexbooks.de\\\/a\\\/shop\\\/wp-content\\\/uploads\\\/2017\\\/12\\\/co-logo.png\",\"contentUrl\":\"https:\\\/\\\/conexbooks.de\\\/a\\\/shop\\\/wp-content\\\/uploads\\\/2017\\\/12\\\/co-logo.png\",\"width\":243,\"height\":122,\"caption\":\"Conex - books and more\"},\"image\":{\"@id\":\"https:\\\/\\\/conexbooks.de\\\/a\\\/shop\\\/#\\\/schema\\\/logo\\\/image\\\/\"}}]}<\/script>\n<!-- \/ Yoast SEO plugin. -->","yoast_head_json":{"title":"Seminare authentisch leiten (mit E-Book-Code) - Conex-Shop","robots":{"index":"index","follow":"follow","max-snippet":"max-snippet:-1","max-image-preview":"max-image-preview:large","max-video-preview":"max-video-preview:-1"},"canonical":"https:\/\/conexbooks.de\/a\/shop\/produkt\/authentisch-lehren\/","og_locale":"de_DE","og_type":"article","og_title":"Seminare authentisch leiten (mit E-Book-Code) - Conex-Shop","og_description":"Gewaltfreie Kommuniktion und Gruppendynamik Liv Larsson  Buch mit E-Book-Code: im Buch ist der Code zum einmaligen herunterladen des gleichnamgen E-Books enthalten.  Junfermann-Verlag April 2020 216 Seiten, kartoniert, Format: 17 x 24 cm","og_url":"https:\/\/conexbooks.de\/a\/shop\/produkt\/authentisch-lehren\/","og_site_name":"Conex-Shop","article_modified_time":"2026-04-10T21:17:30+00:00","og_image":[{"width":283,"height":400,"url":"https:\/\/conexbooks.de\/a\/shop\/wp-content\/uploads\/2020\/04\/061.png","type":"image\/png"}],"twitter_card":"summary_large_image","twitter_misc":{"Gesch\u00e4tzte Lesezeit":"2\u00a0Minuten"},"schema":{"@context":"https:\/\/schema.org","@graph":[{"@type":"WebPage","@id":"https:\/\/conexbooks.de\/a\/shop\/produkt\/authentisch-lehren\/","url":"https:\/\/conexbooks.de\/a\/shop\/produkt\/authentisch-lehren\/","name":"Seminare authentisch leiten (mit E-Book-Code) - Conex-Shop","isPartOf":{"@id":"https:\/\/conexbooks.de\/a\/shop\/#website"},"primaryImageOfPage":{"@id":"https:\/\/conexbooks.de\/a\/shop\/produkt\/authentisch-lehren\/#primaryimage"},"image":{"@id":"https:\/\/conexbooks.de\/a\/shop\/produkt\/authentisch-lehren\/#primaryimage"},"thumbnailUrl":"https:\/\/conexbooks.de\/a\/shop\/wp-content\/uploads\/2020\/04\/061.png","datePublished":"2020-04-28T08:27:44+00:00","dateModified":"2026-04-10T21:17:30+00:00","breadcrumb":{"@id":"https:\/\/conexbooks.de\/a\/shop\/produkt\/authentisch-lehren\/#breadcrumb"},"inLanguage":"de","potentialAction":[{"@type":"ReadAction","target":["https:\/\/conexbooks.de\/a\/shop\/produkt\/authentisch-lehren\/"]}]},{"@type":"ImageObject","inLanguage":"de","@id":"https:\/\/conexbooks.de\/a\/shop\/produkt\/authentisch-lehren\/#primaryimage","url":"https:\/\/conexbooks.de\/a\/shop\/wp-content\/uploads\/2020\/04\/061.png","contentUrl":"https:\/\/conexbooks.de\/a\/shop\/wp-content\/uploads\/2020\/04\/061.png","width":283,"height":400},{"@type":"BreadcrumbList","@id":"https:\/\/conexbooks.de\/a\/shop\/produkt\/authentisch-lehren\/#breadcrumb","itemListElement":[{"@type":"ListItem","position":1,"name":"Home","item":"https:\/\/conexbooks.de\/a\/shop\/"},{"@type":"ListItem","position":2,"name":"Shop","item":"https:\/\/conexbooks.de\/a\/shop\/shop\/"},{"@type":"ListItem","position":3,"name":"Seminare authentisch leiten (mit E-Book-Code)"}]},{"@type":"WebSite","@id":"https:\/\/conexbooks.de\/a\/shop\/#website","url":"https:\/\/conexbooks.de\/a\/shop\/","name":"Conex-Shop","description":"Alles f\u00fcr die gewaltfreie Kommunikation: B\u00fccher, Spiele. Handpuppen Seminarmaterial und Geschenke","publisher":{"@id":"https:\/\/conexbooks.de\/a\/shop\/#organization"},"potentialAction":[{"@type":"SearchAction","target":{"@type":"EntryPoint","urlTemplate":"https:\/\/conexbooks.de\/a\/shop\/?s={search_term_string}"},"query-input":{"@type":"PropertyValueSpecification","valueRequired":true,"valueName":"search_term_string"}}],"inLanguage":"de"},{"@type":"Organization","@id":"https:\/\/conexbooks.de\/a\/shop\/#organization","name":"Conex - books and more","url":"https:\/\/conexbooks.de\/a\/shop\/","logo":{"@type":"ImageObject","inLanguage":"de","@id":"https:\/\/conexbooks.de\/a\/shop\/#\/schema\/logo\/image\/","url":"https:\/\/conexbooks.de\/a\/shop\/wp-content\/uploads\/2017\/12\/co-logo.png","contentUrl":"https:\/\/conexbooks.de\/a\/shop\/wp-content\/uploads\/2017\/12\/co-logo.png","width":243,"height":122,"caption":"Conex - books and more"},"image":{"@id":"https:\/\/conexbooks.de\/a\/shop\/#\/schema\/logo\/image\/"}}]}},"_links":{"self":[{"href":"https:\/\/conexbooks.de\/a\/shop\/wp-json\/wp\/v2\/product\/15067","targetHints":{"allow":["GET"]}}],"collection":[{"href":"https:\/\/conexbooks.de\/a\/shop\/wp-json\/wp\/v2\/product"}],"about":[{"href":"https:\/\/conexbooks.de\/a\/shop\/wp-json\/wp\/v2\/types\/product"}],"wp:featuredmedia":[{"embeddable":true,"href":"https:\/\/conexbooks.de\/a\/shop\/wp-json\/wp\/v2\/media\/15165"}],"wp:attachment":[{"href":"https:\/\/conexbooks.de\/a\/shop\/wp-json\/wp\/v2\/media?parent=15067"}],"wp:term":[{"taxonomy":"product_brand","embeddable":true,"href":"https:\/\/conexbooks.de\/a\/shop\/wp-json\/wp\/v2\/product_brand?post=15067"},{"taxonomy":"product_cat","embeddable":true,"href":"https:\/\/conexbooks.de\/a\/shop\/wp-json\/wp\/v2\/product_cat?post=15067"},{"taxonomy":"product_tag","embeddable":true,"href":"https:\/\/conexbooks.de\/a\/shop\/wp-json\/wp\/v2\/product_tag?post=15067"}],"curies":[{"name":"wp","href":"https:\/\/api.w.org\/{rel}","templated":true}]}}