{"id":1510,"date":"2017-11-26T22:51:19","date_gmt":"2017-11-26T21:51:19","guid":{"rendered":"https:\/\/conexbooks.de\/a\/shop\/wp\/?post_type=product&#038;p=1510"},"modified":"2024-02-21T11:44:18","modified_gmt":"2024-02-21T10:44:18","slug":"dvd-sprache-des-herzens","status":"publish","type":"product","link":"https:\/\/conexbooks.de\/a\/shop\/produkt\/dvd-sprache-des-herzens\/","title":{"rendered":"DVD: Sprache des Herzens"},"content":{"rendered":"<h4>DVD: Die Sprache des Herzens<\/h4>\n<h4>Marshall B. Rosenberg als Mediator<\/h4>\n<p>Aus dem Inhalt:<\/p>\n<ol>\n<li>Gewaltfreie Kommunikation und Mediation (30 min.)<\/li>\n<li>Bed\u00fcrfnisse und Gef\u00fchle in der Kommunikation (59 min.)<\/li>\n<li>Pr\u00e4senz, Empathie und Selbstempathie (59 min.)<\/li>\n<li>Marshall B. Rosenberg demonstriert Mediation in einem Organisationskonflikt (61 min.)<\/li>\n<\/ol>\n<p>Mit klarer Sprache, mit anschaulichen Geschichten und singend mit seiner Gitarre zeigt Marshall B. Rosenberg, wie wir ehrlich und direkt von Herzen sprechen k\u00f6nnen, dass andere Menschen davon ber\u00fchrt werden \u2013 und wie wir uns anderen empathisch zuwenden k\u00f6nnen, dass wir verstehen, was ihr Herz bewegt. Rosenberg lehrt die Sprache der Gef\u00fchle und Bed\u00fcrfnisse zu sprechen und zu verstehen. F\u00fcr die allt\u00e4gliche Kommunikation und ganz besonders auch f\u00fcr die Mediation sind seine Einsichten eine gro\u00dfe Hilfe. Sie legen die Grundstrukturen der konflikterzeugenden Kommunikationsmuster offen und sie zeigen, wie man Streit in friedliche Gespr\u00e4che umwandeln kann.<\/p>\n<div>\n<div>Auf der DVD sind Mitschnitte von 4 Workshops auf der <em>International Summer School on Business Mediation<\/em> 2004 in Admont (\u00d6sterreich) zusammengefasst.<\/div>\n<\/div>\n<div id='1' class='widgets_on_page wop_tiny1  wop_small1  wop_medium1  wop_large1  wop_wide1'>\n\t\t\t<ul><li id=\"custom_html-4\" class=\"widget_text widget widget_custom_html\"><div class=\"textwidget custom-html-widget\"><div style=\"text-align:left;\">\r\n<button class = \"button\" style=\"height: 30px; font-size: 0.8em;\" name=\"zuruck\" type=\"button\" onclick=\"history.back()\">Zur\u00fcck zur \u00dcbersicht<\/button><\/div><\/div><\/li><\/ul><\/div><!-- widgets_on_page -->\n","protected":false},"excerpt":{"rendered":"<h3>DVD: Die Sprache des Herzens<\/h3>\n<h3>Marshall B. Rosenberg als Mediator<\/h3>\n<p>ConcadoraVerlag<\/p>\n<p><em>Auf der DVD sind Mitschnitte von 4 Workshops auf der<\/em> International Summer School on Business Mediation 2004 in Admont (\u00d6sterreich) zusammengefasst.<\/p>\n<p>1 DVD; Laufzeit: 204 Minuten<\/p>\n<p>DVD`s sind vom Umtausch ausgeschlossen.<\/p>\n","protected":false},"featured_media":16353,"template":"","meta":[],"product_brand":[],"product_cat":[49],"product_tag":[453,454,61,452,87],"class_list":{"0":"post-1510","1":"product","2":"type-product","3":"status-publish","4":"has-post-thumbnail","6":"product_cat-dvds","7":"product_tag-dvd","8":"product_tag-gfk-in-der-mediation","9":"product_tag-mediation","10":"product_tag-mediator","11":"product_tag-meinungsverschiedenheiten","13":"first","14":"outofstock","15":"shipping-taxable","16":"purchasable","17":"product-type-simple"},"yoast_head":"<!-- This site is optimized with the Yoast SEO plugin v27.3 - https:\/\/yoast.com\/product\/yoast-seo-wordpress\/ -->\n<title>DVD: Sprache des Herzens - Conex-Shop<\/title>\n<meta name=\"robots\" content=\"index, follow, max-snippet:-1, max-image-preview:large, max-video-preview:-1\" \/>\n<link rel=\"canonical\" href=\"https:\/\/conexbooks.de\/a\/shop\/produkt\/dvd-sprache-des-herzens\/\" \/>\n<meta property=\"og:locale\" content=\"de_DE\" \/>\n<meta property=\"og:type\" content=\"article\" \/>\n<meta property=\"og:title\" content=\"DVD: Sprache des Herzens - Conex-Shop\" \/>\n<meta property=\"og:description\" content=\"DVD: Die Sprache des Herzens Marshall B. Rosenberg als Mediator ConcadoraVerlag  Auf der DVD sind Mitschnitte von 4 Workshops auf der International Summer School on Business Mediation 2004 in Admont (\u00d6sterreich) zusammengefasst.  1 DVD; Laufzeit: 204 Minuten  DVD`s sind vom Umtausch ausgeschlossen.\" \/>\n<meta property=\"og:url\" content=\"https:\/\/conexbooks.de\/a\/shop\/produkt\/dvd-sprache-des-herzens\/\" \/>\n<meta property=\"og:site_name\" content=\"Conex-Shop\" \/>\n<meta property=\"article:modified_time\" content=\"2024-02-21T10:44:18+00:00\" \/>\n<meta property=\"og:image\" content=\"https:\/\/conexbooks.de\/a\/shop\/wp-content\/uploads\/2017\/11\/330-1.jpg\" \/>\n\t<meta property=\"og:image:width\" content=\"315\" \/>\n\t<meta property=\"og:image:height\" content=\"400\" \/>\n\t<meta property=\"og:image:type\" content=\"image\/jpeg\" \/>\n<meta name=\"twitter:card\" content=\"summary_large_image\" \/>\n<meta name=\"twitter:label1\" content=\"Gesch\u00e4tzte Lesezeit\" \/>\n\t<meta name=\"twitter:data1\" content=\"1\u00a0Minute\" \/>\n<script type=\"application\/ld+json\" class=\"yoast-schema-graph\">{\"@context\":\"https:\\\/\\\/schema.org\",\"@graph\":[{\"@type\":\"WebPage\",\"@id\":\"https:\\\/\\\/conexbooks.de\\\/a\\\/shop\\\/produkt\\\/dvd-sprache-des-herzens\\\/\",\"url\":\"https:\\\/\\\/conexbooks.de\\\/a\\\/shop\\\/produkt\\\/dvd-sprache-des-herzens\\\/\",\"name\":\"DVD: Sprache des Herzens - Conex-Shop\",\"isPartOf\":{\"@id\":\"https:\\\/\\\/conexbooks.de\\\/a\\\/shop\\\/#website\"},\"primaryImageOfPage\":{\"@id\":\"https:\\\/\\\/conexbooks.de\\\/a\\\/shop\\\/produkt\\\/dvd-sprache-des-herzens\\\/#primaryimage\"},\"image\":{\"@id\":\"https:\\\/\\\/conexbooks.de\\\/a\\\/shop\\\/produkt\\\/dvd-sprache-des-herzens\\\/#primaryimage\"},\"thumbnailUrl\":\"https:\\\/\\\/conexbooks.de\\\/a\\\/shop\\\/wp-content\\\/uploads\\\/2017\\\/11\\\/330-1.jpg\",\"datePublished\":\"2017-11-26T21:51:19+00:00\",\"dateModified\":\"2024-02-21T10:44:18+00:00\",\"breadcrumb\":{\"@id\":\"https:\\\/\\\/conexbooks.de\\\/a\\\/shop\\\/produkt\\\/dvd-sprache-des-herzens\\\/#breadcrumb\"},\"inLanguage\":\"de\",\"potentialAction\":[{\"@type\":\"ReadAction\",\"target\":[\"https:\\\/\\\/conexbooks.de\\\/a\\\/shop\\\/produkt\\\/dvd-sprache-des-herzens\\\/\"]}]},{\"@type\":\"ImageObject\",\"inLanguage\":\"de\",\"@id\":\"https:\\\/\\\/conexbooks.de\\\/a\\\/shop\\\/produkt\\\/dvd-sprache-des-herzens\\\/#primaryimage\",\"url\":\"https:\\\/\\\/conexbooks.de\\\/a\\\/shop\\\/wp-content\\\/uploads\\\/2017\\\/11\\\/330-1.jpg\",\"contentUrl\":\"https:\\\/\\\/conexbooks.de\\\/a\\\/shop\\\/wp-content\\\/uploads\\\/2017\\\/11\\\/330-1.jpg\",\"width\":315,\"height\":400},{\"@type\":\"BreadcrumbList\",\"@id\":\"https:\\\/\\\/conexbooks.de\\\/a\\\/shop\\\/produkt\\\/dvd-sprache-des-herzens\\\/#breadcrumb\",\"itemListElement\":[{\"@type\":\"ListItem\",\"position\":1,\"name\":\"Home\",\"item\":\"https:\\\/\\\/conexbooks.de\\\/a\\\/shop\\\/\"},{\"@type\":\"ListItem\",\"position\":2,\"name\":\"Shop\",\"item\":\"https:\\\/\\\/conexbooks.de\\\/a\\\/shop\\\/shop\\\/\"},{\"@type\":\"ListItem\",\"position\":3,\"name\":\"DVD: Sprache des Herzens\"}]},{\"@type\":\"WebSite\",\"@id\":\"https:\\\/\\\/conexbooks.de\\\/a\\\/shop\\\/#website\",\"url\":\"https:\\\/\\\/conexbooks.de\\\/a\\\/shop\\\/\",\"name\":\"Conex-Shop\",\"description\":\"Alles f\u00fcr die gewaltfreie Kommunikation: B\u00fccher, Spiele. Handpuppen Seminarmaterial und Geschenke\",\"publisher\":{\"@id\":\"https:\\\/\\\/conexbooks.de\\\/a\\\/shop\\\/#organization\"},\"potentialAction\":[{\"@type\":\"SearchAction\",\"target\":{\"@type\":\"EntryPoint\",\"urlTemplate\":\"https:\\\/\\\/conexbooks.de\\\/a\\\/shop\\\/?s={search_term_string}\"},\"query-input\":{\"@type\":\"PropertyValueSpecification\",\"valueRequired\":true,\"valueName\":\"search_term_string\"}}],\"inLanguage\":\"de\"},{\"@type\":\"Organization\",\"@id\":\"https:\\\/\\\/conexbooks.de\\\/a\\\/shop\\\/#organization\",\"name\":\"Conex - books and more\",\"url\":\"https:\\\/\\\/conexbooks.de\\\/a\\\/shop\\\/\",\"logo\":{\"@type\":\"ImageObject\",\"inLanguage\":\"de\",\"@id\":\"https:\\\/\\\/conexbooks.de\\\/a\\\/shop\\\/#\\\/schema\\\/logo\\\/image\\\/\",\"url\":\"https:\\\/\\\/conexbooks.de\\\/a\\\/shop\\\/wp-content\\\/uploads\\\/2017\\\/12\\\/co-logo.png\",\"contentUrl\":\"https:\\\/\\\/conexbooks.de\\\/a\\\/shop\\\/wp-content\\\/uploads\\\/2017\\\/12\\\/co-logo.png\",\"width\":243,\"height\":122,\"caption\":\"Conex - books and more\"},\"image\":{\"@id\":\"https:\\\/\\\/conexbooks.de\\\/a\\\/shop\\\/#\\\/schema\\\/logo\\\/image\\\/\"}}]}<\/script>\n<!-- \/ Yoast SEO plugin. -->","yoast_head_json":{"title":"DVD: Sprache des Herzens - Conex-Shop","robots":{"index":"index","follow":"follow","max-snippet":"max-snippet:-1","max-image-preview":"max-image-preview:large","max-video-preview":"max-video-preview:-1"},"canonical":"https:\/\/conexbooks.de\/a\/shop\/produkt\/dvd-sprache-des-herzens\/","og_locale":"de_DE","og_type":"article","og_title":"DVD: Sprache des Herzens - Conex-Shop","og_description":"DVD: Die Sprache des Herzens Marshall B. Rosenberg als Mediator ConcadoraVerlag  Auf der DVD sind Mitschnitte von 4 Workshops auf der International Summer School on Business Mediation 2004 in Admont (\u00d6sterreich) zusammengefasst.  1 DVD; Laufzeit: 204 Minuten  DVD`s sind vom Umtausch ausgeschlossen.","og_url":"https:\/\/conexbooks.de\/a\/shop\/produkt\/dvd-sprache-des-herzens\/","og_site_name":"Conex-Shop","article_modified_time":"2024-02-21T10:44:18+00:00","og_image":[{"width":315,"height":400,"url":"https:\/\/conexbooks.de\/a\/shop\/wp-content\/uploads\/2017\/11\/330-1.jpg","type":"image\/jpeg"}],"twitter_card":"summary_large_image","twitter_misc":{"Gesch\u00e4tzte Lesezeit":"1\u00a0Minute"},"schema":{"@context":"https:\/\/schema.org","@graph":[{"@type":"WebPage","@id":"https:\/\/conexbooks.de\/a\/shop\/produkt\/dvd-sprache-des-herzens\/","url":"https:\/\/conexbooks.de\/a\/shop\/produkt\/dvd-sprache-des-herzens\/","name":"DVD: Sprache des Herzens - Conex-Shop","isPartOf":{"@id":"https:\/\/conexbooks.de\/a\/shop\/#website"},"primaryImageOfPage":{"@id":"https:\/\/conexbooks.de\/a\/shop\/produkt\/dvd-sprache-des-herzens\/#primaryimage"},"image":{"@id":"https:\/\/conexbooks.de\/a\/shop\/produkt\/dvd-sprache-des-herzens\/#primaryimage"},"thumbnailUrl":"https:\/\/conexbooks.de\/a\/shop\/wp-content\/uploads\/2017\/11\/330-1.jpg","datePublished":"2017-11-26T21:51:19+00:00","dateModified":"2024-02-21T10:44:18+00:00","breadcrumb":{"@id":"https:\/\/conexbooks.de\/a\/shop\/produkt\/dvd-sprache-des-herzens\/#breadcrumb"},"inLanguage":"de","potentialAction":[{"@type":"ReadAction","target":["https:\/\/conexbooks.de\/a\/shop\/produkt\/dvd-sprache-des-herzens\/"]}]},{"@type":"ImageObject","inLanguage":"de","@id":"https:\/\/conexbooks.de\/a\/shop\/produkt\/dvd-sprache-des-herzens\/#primaryimage","url":"https:\/\/conexbooks.de\/a\/shop\/wp-content\/uploads\/2017\/11\/330-1.jpg","contentUrl":"https:\/\/conexbooks.de\/a\/shop\/wp-content\/uploads\/2017\/11\/330-1.jpg","width":315,"height":400},{"@type":"BreadcrumbList","@id":"https:\/\/conexbooks.de\/a\/shop\/produkt\/dvd-sprache-des-herzens\/#breadcrumb","itemListElement":[{"@type":"ListItem","position":1,"name":"Home","item":"https:\/\/conexbooks.de\/a\/shop\/"},{"@type":"ListItem","position":2,"name":"Shop","item":"https:\/\/conexbooks.de\/a\/shop\/shop\/"},{"@type":"ListItem","position":3,"name":"DVD: Sprache des Herzens"}]},{"@type":"WebSite","@id":"https:\/\/conexbooks.de\/a\/shop\/#website","url":"https:\/\/conexbooks.de\/a\/shop\/","name":"Conex-Shop","description":"Alles f\u00fcr die gewaltfreie Kommunikation: B\u00fccher, Spiele. Handpuppen Seminarmaterial und Geschenke","publisher":{"@id":"https:\/\/conexbooks.de\/a\/shop\/#organization"},"potentialAction":[{"@type":"SearchAction","target":{"@type":"EntryPoint","urlTemplate":"https:\/\/conexbooks.de\/a\/shop\/?s={search_term_string}"},"query-input":{"@type":"PropertyValueSpecification","valueRequired":true,"valueName":"search_term_string"}}],"inLanguage":"de"},{"@type":"Organization","@id":"https:\/\/conexbooks.de\/a\/shop\/#organization","name":"Conex - books and more","url":"https:\/\/conexbooks.de\/a\/shop\/","logo":{"@type":"ImageObject","inLanguage":"de","@id":"https:\/\/conexbooks.de\/a\/shop\/#\/schema\/logo\/image\/","url":"https:\/\/conexbooks.de\/a\/shop\/wp-content\/uploads\/2017\/12\/co-logo.png","contentUrl":"https:\/\/conexbooks.de\/a\/shop\/wp-content\/uploads\/2017\/12\/co-logo.png","width":243,"height":122,"caption":"Conex - books and more"},"image":{"@id":"https:\/\/conexbooks.de\/a\/shop\/#\/schema\/logo\/image\/"}}]}},"_links":{"self":[{"href":"https:\/\/conexbooks.de\/a\/shop\/wp-json\/wp\/v2\/product\/1510","targetHints":{"allow":["GET"]}}],"collection":[{"href":"https:\/\/conexbooks.de\/a\/shop\/wp-json\/wp\/v2\/product"}],"about":[{"href":"https:\/\/conexbooks.de\/a\/shop\/wp-json\/wp\/v2\/types\/product"}],"wp:featuredmedia":[{"embeddable":true,"href":"https:\/\/conexbooks.de\/a\/shop\/wp-json\/wp\/v2\/media\/16353"}],"wp:attachment":[{"href":"https:\/\/conexbooks.de\/a\/shop\/wp-json\/wp\/v2\/media?parent=1510"}],"wp:term":[{"taxonomy":"product_brand","embeddable":true,"href":"https:\/\/conexbooks.de\/a\/shop\/wp-json\/wp\/v2\/product_brand?post=1510"},{"taxonomy":"product_cat","embeddable":true,"href":"https:\/\/conexbooks.de\/a\/shop\/wp-json\/wp\/v2\/product_cat?post=1510"},{"taxonomy":"product_tag","embeddable":true,"href":"https:\/\/conexbooks.de\/a\/shop\/wp-json\/wp\/v2\/product_tag?post=1510"}],"curies":[{"name":"wp","href":"https:\/\/api.w.org\/{rel}","templated":true}]}}