{"id":1511,"date":"2017-11-26T22:53:44","date_gmt":"2017-11-26T21:53:44","guid":{"rendered":"https:\/\/conexbooks.de\/a\/shop\/wp\/?post_type=product&#038;p=1511"},"modified":"2025-01-21T09:41:09","modified_gmt":"2025-01-21T08:41:09","slug":"wertschaetzend-kommunizieren-achtsam-miteinander-umgehen","status":"publish","type":"product","link":"https:\/\/conexbooks.de\/a\/shop\/produkt\/wertschaetzend-kommunizieren-achtsam-miteinander-umgehen\/","title":{"rendered":"Wertsch\u00e4tzend kommunizieren &#8211; achtsam miteinander umgehen"},"content":{"rendered":"<h4>Wertsch\u00e4tzend kommunizieren \u2013 achtsam miteinander umgehen<\/h4>\n<h4>Claudia Fabian<\/h4>\n<p>Wer kennt das nicht: Ein Wort gibt das andere, und pl\u00f6tzlich f\u00fchlt man sich angegriffen und zu Rechtfertigungen gen\u00f6tigt \u2026<\/p>\n<p>Wenn Kommunikation derart schiefl\u00e4uft, ist in der Regel ein Mangel an Einf\u00fchlungsverm\u00f6gen und Achtsamkeit die Ursache.<br \/>\nHier setzt die Trainerin und Lebensberaterin Claudia Fabian an.\u00a0[read more=&#8220;mehr&#8230;&#8220; less=&#8220;weniger&#8220;]<\/p>\n<p>Sie zeigt uns, wie wir diese \u00bbalte Kommunikation\u00ab, die von Distanz und reiner Funktionalit\u00e4t gepr\u00e4gt ist, hinter uns lassen, unser Herz \u00f6ffnen und wieder f\u00fcr uns selbst einstehen. Tipps, Praxisbeispiele und Reflexions\u00fcbungen sind dabei eine wertvolle Unterst\u00fctzung. So werden wir uns unserer Worte und deren Wirkungen bewusst, finden zu einer achtsamen und wertsch\u00e4tzenden Kommunikation und k\u00f6nnen unser gro\u00dfes Ziel erreichen: ein liebevolles, lebensfrohes und erfolgreiches Miteinander!<\/p>\n<p>Das erg\u00e4nzende Buch, das jedoch auch v\u00f6llig unabh\u00e4ngig gelesen werden kann, zeigt Kommunikationsblockaden auf, die wir h\u00e4ufig selbst setzen und die wir (wenn sie uns erst bewusst sind) unterlassen k\u00f6nnen.<br \/>\nDaneben wird anschaulich, klar und pr\u00e4zise erkl\u00e4rt, wie wir uns, durch Kl\u00e4rung unserer eigenen Gef\u00fchle und Bed\u00fcrfnisse, auf Entscheidungen und Gespr\u00e4che effektiv vorbereiten k\u00f6nnen um erfolgreich f\u00fcr uns einzustehen und damit die Chance erhalten, aktiv und in Liebe unser Leben zu gestalten.<\/p>\n<p>Hilfreiche Aufstellungen zu Gef\u00fchlen und Bed\u00fcrfnissen, sowie Beispiele wie ein Gespr\u00e4ch gehen kann, vervollst\u00e4ndigen dieses alltagsorientierte Buch.<\/p>\n<p>Ein perfektes \u201cEinstiegsbuch\u201c, mit dem ebenso in unterschiedlichen Praxen gearbeitet werden kann.<\/p>\n<p>[\/read]<\/p>\n<div id='1' class='widgets_on_page wop_tiny1  wop_small1  wop_medium1  wop_large1  wop_wide1'>\n\t\t\t<ul><li id=\"custom_html-4\" class=\"widget_text widget widget_custom_html\"><div class=\"textwidget custom-html-widget\"><div style=\"text-align:left;\">\r\n<button class = \"button\" style=\"height: 30px; font-size: 0.8em;\" name=\"zuruck\" type=\"button\" onclick=\"history.back()\">Zur\u00fcck zur \u00dcbersicht<\/button><\/div><\/div><\/li><\/ul><\/div><!-- widgets_on_page -->\n","protected":false},"excerpt":{"rendered":"<h3>mit uns selbst und mit anderen<\/h3>\n<h3>Claudia Fabian<\/h3>\n<p>Schirner-Verlag<br \/>\n120 Seiten, broschiert, farbig, mit Abbildungen<\/p>\n<p>&nbsp;<\/p>\n","protected":false},"featured_media":2004,"template":"","meta":[],"product_brand":[],"product_cat":[36,40],"product_tag":[],"class_list":{"0":"post-1511","1":"product","2":"type-product","3":"status-publish","4":"has-post-thumbnail","6":"product_cat-deutsche-buecher","7":"product_cat-grundlagen","9":"first","10":"instock","11":"shipping-taxable","12":"purchasable","13":"product-type-simple"},"yoast_head":"<!-- This site is optimized with the Yoast SEO plugin v27.4 - https:\/\/yoast.com\/product\/yoast-seo-wordpress\/ -->\n<title>Wertsch\u00e4tzend kommunizieren - achtsam miteinander umgehen - Conex-Shop<\/title>\n<meta name=\"robots\" content=\"index, follow, max-snippet:-1, max-image-preview:large, max-video-preview:-1\" \/>\n<link rel=\"canonical\" href=\"https:\/\/conexbooks.de\/a\/shop\/produkt\/wertschaetzend-kommunizieren-achtsam-miteinander-umgehen\/\" \/>\n<meta property=\"og:locale\" content=\"de_DE\" \/>\n<meta property=\"og:type\" content=\"article\" \/>\n<meta property=\"og:title\" content=\"Wertsch\u00e4tzend kommunizieren - achtsam miteinander umgehen - Conex-Shop\" \/>\n<meta property=\"og:description\" content=\"mit uns selbst und mit anderen Claudia Fabian Schirner-Verlag 120 Seiten, broschiert, farbig, mit Abbildungen  &nbsp;\" \/>\n<meta property=\"og:url\" content=\"https:\/\/conexbooks.de\/a\/shop\/produkt\/wertschaetzend-kommunizieren-achtsam-miteinander-umgehen\/\" \/>\n<meta property=\"og:site_name\" content=\"Conex-Shop\" \/>\n<meta property=\"article:modified_time\" content=\"2025-01-21T08:41:09+00:00\" \/>\n<meta property=\"og:image\" content=\"https:\/\/conexbooks.de\/a\/shop\/wp-content\/uploads\/2017\/11\/733.jpg\" \/>\n\t<meta property=\"og:image:width\" content=\"311\" \/>\n\t<meta property=\"og:image:height\" content=\"400\" \/>\n\t<meta property=\"og:image:type\" content=\"image\/jpeg\" \/>\n<meta name=\"twitter:card\" content=\"summary_large_image\" \/>\n<meta name=\"twitter:label1\" content=\"Gesch\u00e4tzte Lesezeit\" \/>\n\t<meta name=\"twitter:data1\" content=\"1\u00a0Minute\" \/>\n<script type=\"application\/ld+json\" class=\"yoast-schema-graph\">{\"@context\":\"https:\\\/\\\/schema.org\",\"@graph\":[{\"@type\":\"WebPage\",\"@id\":\"https:\\\/\\\/conexbooks.de\\\/a\\\/shop\\\/produkt\\\/wertschaetzend-kommunizieren-achtsam-miteinander-umgehen\\\/\",\"url\":\"https:\\\/\\\/conexbooks.de\\\/a\\\/shop\\\/produkt\\\/wertschaetzend-kommunizieren-achtsam-miteinander-umgehen\\\/\",\"name\":\"Wertsch\u00e4tzend kommunizieren - achtsam miteinander umgehen - Conex-Shop\",\"isPartOf\":{\"@id\":\"https:\\\/\\\/conexbooks.de\\\/a\\\/shop\\\/#website\"},\"primaryImageOfPage\":{\"@id\":\"https:\\\/\\\/conexbooks.de\\\/a\\\/shop\\\/produkt\\\/wertschaetzend-kommunizieren-achtsam-miteinander-umgehen\\\/#primaryimage\"},\"image\":{\"@id\":\"https:\\\/\\\/conexbooks.de\\\/a\\\/shop\\\/produkt\\\/wertschaetzend-kommunizieren-achtsam-miteinander-umgehen\\\/#primaryimage\"},\"thumbnailUrl\":\"https:\\\/\\\/conexbooks.de\\\/a\\\/shop\\\/wp-content\\\/uploads\\\/2017\\\/11\\\/733.jpg\",\"datePublished\":\"2017-11-26T21:53:44+00:00\",\"dateModified\":\"2025-01-21T08:41:09+00:00\",\"breadcrumb\":{\"@id\":\"https:\\\/\\\/conexbooks.de\\\/a\\\/shop\\\/produkt\\\/wertschaetzend-kommunizieren-achtsam-miteinander-umgehen\\\/#breadcrumb\"},\"inLanguage\":\"de\",\"potentialAction\":[{\"@type\":\"ReadAction\",\"target\":[\"https:\\\/\\\/conexbooks.de\\\/a\\\/shop\\\/produkt\\\/wertschaetzend-kommunizieren-achtsam-miteinander-umgehen\\\/\"]}]},{\"@type\":\"ImageObject\",\"inLanguage\":\"de\",\"@id\":\"https:\\\/\\\/conexbooks.de\\\/a\\\/shop\\\/produkt\\\/wertschaetzend-kommunizieren-achtsam-miteinander-umgehen\\\/#primaryimage\",\"url\":\"https:\\\/\\\/conexbooks.de\\\/a\\\/shop\\\/wp-content\\\/uploads\\\/2017\\\/11\\\/733.jpg\",\"contentUrl\":\"https:\\\/\\\/conexbooks.de\\\/a\\\/shop\\\/wp-content\\\/uploads\\\/2017\\\/11\\\/733.jpg\",\"width\":311,\"height\":400},{\"@type\":\"BreadcrumbList\",\"@id\":\"https:\\\/\\\/conexbooks.de\\\/a\\\/shop\\\/produkt\\\/wertschaetzend-kommunizieren-achtsam-miteinander-umgehen\\\/#breadcrumb\",\"itemListElement\":[{\"@type\":\"ListItem\",\"position\":1,\"name\":\"Home\",\"item\":\"https:\\\/\\\/conexbooks.de\\\/a\\\/shop\\\/\"},{\"@type\":\"ListItem\",\"position\":2,\"name\":\"Shop\",\"item\":\"https:\\\/\\\/conexbooks.de\\\/a\\\/shop\\\/shop\\\/\"},{\"@type\":\"ListItem\",\"position\":3,\"name\":\"Wertsch\u00e4tzend kommunizieren &#8211; achtsam miteinander umgehen\"}]},{\"@type\":\"WebSite\",\"@id\":\"https:\\\/\\\/conexbooks.de\\\/a\\\/shop\\\/#website\",\"url\":\"https:\\\/\\\/conexbooks.de\\\/a\\\/shop\\\/\",\"name\":\"Conex-Shop\",\"description\":\"Alles f\u00fcr die gewaltfreie Kommunikation: B\u00fccher, Spiele. Handpuppen Seminarmaterial und Geschenke\",\"publisher\":{\"@id\":\"https:\\\/\\\/conexbooks.de\\\/a\\\/shop\\\/#organization\"},\"potentialAction\":[{\"@type\":\"SearchAction\",\"target\":{\"@type\":\"EntryPoint\",\"urlTemplate\":\"https:\\\/\\\/conexbooks.de\\\/a\\\/shop\\\/?s={search_term_string}\"},\"query-input\":{\"@type\":\"PropertyValueSpecification\",\"valueRequired\":true,\"valueName\":\"search_term_string\"}}],\"inLanguage\":\"de\"},{\"@type\":\"Organization\",\"@id\":\"https:\\\/\\\/conexbooks.de\\\/a\\\/shop\\\/#organization\",\"name\":\"Conex - books and more\",\"url\":\"https:\\\/\\\/conexbooks.de\\\/a\\\/shop\\\/\",\"logo\":{\"@type\":\"ImageObject\",\"inLanguage\":\"de\",\"@id\":\"https:\\\/\\\/conexbooks.de\\\/a\\\/shop\\\/#\\\/schema\\\/logo\\\/image\\\/\",\"url\":\"https:\\\/\\\/conexbooks.de\\\/a\\\/shop\\\/wp-content\\\/uploads\\\/2017\\\/12\\\/co-logo.png\",\"contentUrl\":\"https:\\\/\\\/conexbooks.de\\\/a\\\/shop\\\/wp-content\\\/uploads\\\/2017\\\/12\\\/co-logo.png\",\"width\":243,\"height\":122,\"caption\":\"Conex - books and more\"},\"image\":{\"@id\":\"https:\\\/\\\/conexbooks.de\\\/a\\\/shop\\\/#\\\/schema\\\/logo\\\/image\\\/\"}}]}<\/script>\n<!-- \/ Yoast SEO plugin. -->","yoast_head_json":{"title":"Wertsch\u00e4tzend kommunizieren - achtsam miteinander umgehen - Conex-Shop","robots":{"index":"index","follow":"follow","max-snippet":"max-snippet:-1","max-image-preview":"max-image-preview:large","max-video-preview":"max-video-preview:-1"},"canonical":"https:\/\/conexbooks.de\/a\/shop\/produkt\/wertschaetzend-kommunizieren-achtsam-miteinander-umgehen\/","og_locale":"de_DE","og_type":"article","og_title":"Wertsch\u00e4tzend kommunizieren - achtsam miteinander umgehen - Conex-Shop","og_description":"mit uns selbst und mit anderen Claudia Fabian Schirner-Verlag 120 Seiten, broschiert, farbig, mit Abbildungen  &nbsp;","og_url":"https:\/\/conexbooks.de\/a\/shop\/produkt\/wertschaetzend-kommunizieren-achtsam-miteinander-umgehen\/","og_site_name":"Conex-Shop","article_modified_time":"2025-01-21T08:41:09+00:00","og_image":[{"width":311,"height":400,"url":"https:\/\/conexbooks.de\/a\/shop\/wp-content\/uploads\/2017\/11\/733.jpg","type":"image\/jpeg"}],"twitter_card":"summary_large_image","twitter_misc":{"Gesch\u00e4tzte Lesezeit":"1\u00a0Minute"},"schema":{"@context":"https:\/\/schema.org","@graph":[{"@type":"WebPage","@id":"https:\/\/conexbooks.de\/a\/shop\/produkt\/wertschaetzend-kommunizieren-achtsam-miteinander-umgehen\/","url":"https:\/\/conexbooks.de\/a\/shop\/produkt\/wertschaetzend-kommunizieren-achtsam-miteinander-umgehen\/","name":"Wertsch\u00e4tzend kommunizieren - achtsam miteinander umgehen - Conex-Shop","isPartOf":{"@id":"https:\/\/conexbooks.de\/a\/shop\/#website"},"primaryImageOfPage":{"@id":"https:\/\/conexbooks.de\/a\/shop\/produkt\/wertschaetzend-kommunizieren-achtsam-miteinander-umgehen\/#primaryimage"},"image":{"@id":"https:\/\/conexbooks.de\/a\/shop\/produkt\/wertschaetzend-kommunizieren-achtsam-miteinander-umgehen\/#primaryimage"},"thumbnailUrl":"https:\/\/conexbooks.de\/a\/shop\/wp-content\/uploads\/2017\/11\/733.jpg","datePublished":"2017-11-26T21:53:44+00:00","dateModified":"2025-01-21T08:41:09+00:00","breadcrumb":{"@id":"https:\/\/conexbooks.de\/a\/shop\/produkt\/wertschaetzend-kommunizieren-achtsam-miteinander-umgehen\/#breadcrumb"},"inLanguage":"de","potentialAction":[{"@type":"ReadAction","target":["https:\/\/conexbooks.de\/a\/shop\/produkt\/wertschaetzend-kommunizieren-achtsam-miteinander-umgehen\/"]}]},{"@type":"ImageObject","inLanguage":"de","@id":"https:\/\/conexbooks.de\/a\/shop\/produkt\/wertschaetzend-kommunizieren-achtsam-miteinander-umgehen\/#primaryimage","url":"https:\/\/conexbooks.de\/a\/shop\/wp-content\/uploads\/2017\/11\/733.jpg","contentUrl":"https:\/\/conexbooks.de\/a\/shop\/wp-content\/uploads\/2017\/11\/733.jpg","width":311,"height":400},{"@type":"BreadcrumbList","@id":"https:\/\/conexbooks.de\/a\/shop\/produkt\/wertschaetzend-kommunizieren-achtsam-miteinander-umgehen\/#breadcrumb","itemListElement":[{"@type":"ListItem","position":1,"name":"Home","item":"https:\/\/conexbooks.de\/a\/shop\/"},{"@type":"ListItem","position":2,"name":"Shop","item":"https:\/\/conexbooks.de\/a\/shop\/shop\/"},{"@type":"ListItem","position":3,"name":"Wertsch\u00e4tzend kommunizieren &#8211; achtsam miteinander umgehen"}]},{"@type":"WebSite","@id":"https:\/\/conexbooks.de\/a\/shop\/#website","url":"https:\/\/conexbooks.de\/a\/shop\/","name":"Conex-Shop","description":"Alles f\u00fcr die gewaltfreie Kommunikation: B\u00fccher, Spiele. Handpuppen Seminarmaterial und Geschenke","publisher":{"@id":"https:\/\/conexbooks.de\/a\/shop\/#organization"},"potentialAction":[{"@type":"SearchAction","target":{"@type":"EntryPoint","urlTemplate":"https:\/\/conexbooks.de\/a\/shop\/?s={search_term_string}"},"query-input":{"@type":"PropertyValueSpecification","valueRequired":true,"valueName":"search_term_string"}}],"inLanguage":"de"},{"@type":"Organization","@id":"https:\/\/conexbooks.de\/a\/shop\/#organization","name":"Conex - books and more","url":"https:\/\/conexbooks.de\/a\/shop\/","logo":{"@type":"ImageObject","inLanguage":"de","@id":"https:\/\/conexbooks.de\/a\/shop\/#\/schema\/logo\/image\/","url":"https:\/\/conexbooks.de\/a\/shop\/wp-content\/uploads\/2017\/12\/co-logo.png","contentUrl":"https:\/\/conexbooks.de\/a\/shop\/wp-content\/uploads\/2017\/12\/co-logo.png","width":243,"height":122,"caption":"Conex - books and more"},"image":{"@id":"https:\/\/conexbooks.de\/a\/shop\/#\/schema\/logo\/image\/"}}]}},"_links":{"self":[{"href":"https:\/\/conexbooks.de\/a\/shop\/wp-json\/wp\/v2\/product\/1511","targetHints":{"allow":["GET"]}}],"collection":[{"href":"https:\/\/conexbooks.de\/a\/shop\/wp-json\/wp\/v2\/product"}],"about":[{"href":"https:\/\/conexbooks.de\/a\/shop\/wp-json\/wp\/v2\/types\/product"}],"wp:featuredmedia":[{"embeddable":true,"href":"https:\/\/conexbooks.de\/a\/shop\/wp-json\/wp\/v2\/media\/2004"}],"wp:attachment":[{"href":"https:\/\/conexbooks.de\/a\/shop\/wp-json\/wp\/v2\/media?parent=1511"}],"wp:term":[{"taxonomy":"product_brand","embeddable":true,"href":"https:\/\/conexbooks.de\/a\/shop\/wp-json\/wp\/v2\/product_brand?post=1511"},{"taxonomy":"product_cat","embeddable":true,"href":"https:\/\/conexbooks.de\/a\/shop\/wp-json\/wp\/v2\/product_cat?post=1511"},{"taxonomy":"product_tag","embeddable":true,"href":"https:\/\/conexbooks.de\/a\/shop\/wp-json\/wp\/v2\/product_tag?post=1511"}],"curies":[{"name":"wp","href":"https:\/\/api.w.org\/{rel}","templated":true}]}}