{"id":15590,"date":"2020-06-02T18:07:31","date_gmt":"2020-06-02T16:07:31","guid":{"rendered":"https:\/\/conexbooks.de\/a\/shop\/?post_type=product&#038;p=15590"},"modified":"2022-11-15T16:41:28","modified_gmt":"2022-11-15T15:41:28","slug":"gfk-zeitschrift-empathische-zeit-heft-2-2020-gfk-und-andere-werkzeuge-und-aus-aktuellem-anlass-gfk-in-schweren-zeiten","status":"publish","type":"product","link":"https:\/\/conexbooks.de\/a\/shop\/produkt\/gfk-zeitschrift-empathische-zeit-heft-2-2020-gfk-und-andere-werkzeuge-und-aus-aktuellem-anlass-gfk-in-schweren-zeiten\/","title":{"rendered":"GFK-Zeitschrift: Empathische Zeit; Heft 2\/2020"},"content":{"rendered":"<h3><span style=\"color: #d40606;\">Aus aktuellem Anlass ein 2-in-1-Magazin<\/span><\/h3>\n<h3>Empathische Zeit<\/h3>\n<p>Frischer Lesestoff f\u00fcr GFK-Interessierte, Fans und TrainerInnen!<\/p>\n<p>100 inspirierende Seiten mit <strong>zwei<\/strong> Schwerpunkt-Themen: <strong>\u201eGFK und andere Werkzeuge\u201c <span style=\"color: #d40606;\">und aus aktuellem Anlass: &#8222;GFK in Schweren Zeiten&#8220;<\/span><br \/>\n<\/strong><\/p>\n<p>Wieso sind auf dem Titel Hammer und N\u00e4gel? Ausl\u00f6ser war ein Zitat, das lange dem Kommunikationsforscher Paul Watzlawick zugeschrieben wurde.<\/p>\n<p><strong>\u201eWer als Werkzeug nur einen Hammer hat, sieht in jedem Problem einen Nagel.\u201c<\/strong><\/p>\n<p>Inzwischen mehren sich die Hinweise, dass Abraham Maslow diesen Aphorismus in den sechziger Jahren des vorigen Jahrhunderts gepr\u00e4gt hat.<br \/>\nWir haben uns die Frage gestellt, ob wir alle Probleme mit Gewaltfreier Kommunikation l\u00f6sen k\u00f6nnen und wollen,<br \/>\noder ob es andere Werkzeuge gibt, die gut in unser Portfolio passen \u2026<br \/>\nDas aktuelle Heft gibt dazu viele Antworten.<\/p>\n<p><strong>Daneben finden Sie Berichte \u00fcber<\/strong><br \/>\n\u2022\u00a0\u00a0 \u00a0das Buch von Markus Fischer \u201eDie neue Gewaltfreie Kommunikation\u201c,<br \/>\n\u2022\u00a0\u00a0 \u00a0den Umgang mit dem Gef\u00fchl der Scham,<br \/>\n\u2022\u00a0\u00a0\u00a0 einen \u00dcberblick \u00fcber verschiedene Anbieter von Video-Konferenzen,<br \/>\n\u2022 \u00a0\u00a0 Aktivit\u00e4ten im GFK-Netzwerk und<br \/>\n\u2022\u00a0\u00a0 \u00a0kleine Beilagen, die Ihnen den Alltag erleichtern oder Ihnen Freude machen sollen.<\/p>\n<p>Au\u00dferdem nehmen wir <strong>Abschied von Rita Geimer-Schererz<\/strong>.<\/p>\n<p><span style=\"color: #d40606;\"><strong>Im 2. Teil wird die aktuelle Situation ausf\u00fchrlich gew\u00fcrdigt,<br \/>\naber vermutlich anders, als Sie es erwarten \u2026<br \/>\nLassen Sie sich \u00fcberraschen!<\/strong><\/span><\/p>\n<p>AutorInnen sind unter anderem Markus Castro, Lorna Ritchie, Marc Wagemann, Dr. Michael Pflaum, Gabriel Birke, Bieke Meller und Dr. Uwe Kr\u00fcger, Wiebe M\u00f6ller, Hugo Roele, Gerhard Rothhaupt, Christine Schienke-Treinzen, Martina F\u00fcgenschuh, Dr. Karoline Bitschnau-Dellamaria, Olaf Hartke, Anja Palitza, Timo Gesterkamp, Anja Kenzler, Vanessa B\u00e4hr, Annemarie Muellauer, Piroska Gavall\u00e9r-Rothe, Sabine Zaun, Petra Porath, Barbara Plank, Steffi Munz, Al Weckert, Eberhard Schererz, Monika Knaus, Lorna Ritchie, Uma Graupner, John Gather, J\u00fcrgen Licht, Marita Strubelt, Janet Jenichen, Irmtraud Kauschat, Gabriele Grunt, Marina Stege, Cynthia Philebrunn und Christiane Welk.<\/p>\n<p>Besonders hinweisen m\u00f6chten wir auf den dritten Teil unserer Serie f\u00fcr TrainerInnen zum Thema \u201eTransferwirksamkeit\u201c. Wie Trainings immer besser werden. Bitte blocken Sie sich daf\u00fcr schon mal den 18. Juni 2020. Dann bietet unser Autor Al Weckert zu diesem Thema das dritte kostenlose Webinar an.<\/p>\n<p>Unser besonderer Dank gilt <strong>Kirsten Glatzer <\/strong>f\u00fcrs Korrekturlesen<br \/>\nund unserem Art Director <strong>Michael von Hartz<\/strong>, der diesmal die Welt auf den Kopf stellte.<\/p>\n<p>Verpassen Sie nicht den dritten Teil\u00a0<strong> unserer neuen Serie f\u00fcr TrainerInnen zum Thema \u201eTransferwirksamkeit\u201c.<\/strong><br \/>\nWie Trainings immer besser werden. Am 18. Juni 2020 bietet unser Autor Al Weckert zu diesem Thema wieder ein kostenlose Webinar an.<\/p>\n<h4><a href=\"https:\/\/conexbooks.de\/a\/shop\/produkt-kategorie\/empathische-zeitschrift\/\">Alle Emphatische Zeit Hefte anschauen<\/a><\/h4>\n<div id='1' class='widgets_on_page wop_tiny1  wop_small1  wop_medium1  wop_large1  wop_wide1'>\n\t\t\t<ul><li id=\"custom_html-4\" class=\"widget_text widget widget_custom_html\"><div class=\"textwidget custom-html-widget\"><div style=\"text-align:left;\">\r\n<button class = \"button\" style=\"height: 30px; font-size: 0.8em;\" name=\"zuruck\" type=\"button\" onclick=\"history.back()\">Zur\u00fcck zur \u00dcbersicht<\/button><\/div><\/div><\/li><\/ul><\/div><!-- widgets_on_page -->\n","protected":false},"excerpt":{"rendered":"<h3>Magazin f\u00fcr Konfliktl\u00f6sung und sozialen Wandel<\/h3>\n<h3>\u00a0<strong>\u201eGFK und andere Werkzeuge\u201c <span style=\"color: #cc0606;\">und aus aktuellem Anlass: &#8222;GFK in Schweren Zeiten&#8220;<\/span><\/strong><\/h3>\n<h4>Heft 2\/2020; 100 Seiten<\/h4>\n<p>erschienen bei Empathikon.de<\/p>\n<p>Gem\u00e4\u00df Fernhandelsgesetz sind Zeitungen und Zeitschriften vom Umtausch ausgeschlossen.<\/p>\n","protected":false},"featured_media":15591,"template":"","meta":[],"product_brand":[],"product_cat":[57],"product_tag":[113,116],"class_list":{"0":"post-15590","1":"product","2":"type-product","3":"status-publish","4":"has-post-thumbnail","6":"product_cat-empathische-zeitschrift","7":"product_tag-verantwortung","8":"product_tag-sozialer-wandel","10":"first","11":"instock","12":"shipping-taxable","13":"purchasable","14":"product-type-simple"},"yoast_head":"<!-- This site is optimized with the Yoast SEO plugin v27.6 - https:\/\/yoast.com\/product\/yoast-seo-wordpress\/ -->\n<title>GFK-Zeitschrift: Empathische Zeit; Heft 2\/2020 - Conex-Shop<\/title>\n<meta name=\"robots\" content=\"index, follow, max-snippet:-1, max-image-preview:large, max-video-preview:-1\" \/>\n<link rel=\"canonical\" href=\"https:\/\/conexbooks.de\/a\/shop\/produkt\/gfk-zeitschrift-empathische-zeit-heft-2-2020-gfk-und-andere-werkzeuge-und-aus-aktuellem-anlass-gfk-in-schweren-zeiten\/\" \/>\n<meta property=\"og:locale\" content=\"de_DE\" \/>\n<meta property=\"og:type\" content=\"article\" \/>\n<meta property=\"og:title\" content=\"GFK-Zeitschrift: Empathische Zeit; Heft 2\/2020 - Conex-Shop\" \/>\n<meta property=\"og:description\" content=\"Magazin f\u00fcr Konfliktl\u00f6sung und sozialen Wandel \u00a0\u201eGFK und andere Werkzeuge\u201c und aus aktuellem Anlass: &quot;GFK in Schweren Zeiten&quot; Heft 2\/2020; 100 Seiten erschienen bei Empathikon.de  Gem\u00e4\u00df Fernhandelsgesetz sind Zeitungen und Zeitschriften vom Umtausch ausgeschlossen.\" \/>\n<meta property=\"og:url\" content=\"https:\/\/conexbooks.de\/a\/shop\/produkt\/gfk-zeitschrift-empathische-zeit-heft-2-2020-gfk-und-andere-werkzeuge-und-aus-aktuellem-anlass-gfk-in-schweren-zeiten\/\" \/>\n<meta property=\"og:site_name\" content=\"Conex-Shop\" \/>\n<meta property=\"article:modified_time\" content=\"2022-11-15T15:41:28+00:00\" \/>\n<meta property=\"og:image\" content=\"https:\/\/conexbooks.de\/a\/shop\/wp-content\/uploads\/2020\/06\/747.png\" \/>\n\t<meta property=\"og:image:width\" content=\"237\" \/>\n\t<meta property=\"og:image:height\" content=\"300\" \/>\n\t<meta property=\"og:image:type\" content=\"image\/png\" \/>\n<meta name=\"twitter:card\" content=\"summary_large_image\" \/>\n<meta name=\"twitter:label1\" content=\"Gesch\u00e4tzte Lesezeit\" \/>\n\t<meta name=\"twitter:data1\" content=\"2\u00a0Minuten\" \/>\n<script type=\"application\/ld+json\" class=\"yoast-schema-graph\">{\"@context\":\"https:\\\/\\\/schema.org\",\"@graph\":[{\"@type\":\"WebPage\",\"@id\":\"https:\\\/\\\/conexbooks.de\\\/a\\\/shop\\\/produkt\\\/gfk-zeitschrift-empathische-zeit-heft-2-2020-gfk-und-andere-werkzeuge-und-aus-aktuellem-anlass-gfk-in-schweren-zeiten\\\/\",\"url\":\"https:\\\/\\\/conexbooks.de\\\/a\\\/shop\\\/produkt\\\/gfk-zeitschrift-empathische-zeit-heft-2-2020-gfk-und-andere-werkzeuge-und-aus-aktuellem-anlass-gfk-in-schweren-zeiten\\\/\",\"name\":\"GFK-Zeitschrift: Empathische Zeit; Heft 2\\\/2020 - Conex-Shop\",\"isPartOf\":{\"@id\":\"https:\\\/\\\/conexbooks.de\\\/a\\\/shop\\\/#website\"},\"primaryImageOfPage\":{\"@id\":\"https:\\\/\\\/conexbooks.de\\\/a\\\/shop\\\/produkt\\\/gfk-zeitschrift-empathische-zeit-heft-2-2020-gfk-und-andere-werkzeuge-und-aus-aktuellem-anlass-gfk-in-schweren-zeiten\\\/#primaryimage\"},\"image\":{\"@id\":\"https:\\\/\\\/conexbooks.de\\\/a\\\/shop\\\/produkt\\\/gfk-zeitschrift-empathische-zeit-heft-2-2020-gfk-und-andere-werkzeuge-und-aus-aktuellem-anlass-gfk-in-schweren-zeiten\\\/#primaryimage\"},\"thumbnailUrl\":\"https:\\\/\\\/conexbooks.de\\\/a\\\/shop\\\/wp-content\\\/uploads\\\/2020\\\/06\\\/747.png\",\"datePublished\":\"2020-06-02T16:07:31+00:00\",\"dateModified\":\"2022-11-15T15:41:28+00:00\",\"breadcrumb\":{\"@id\":\"https:\\\/\\\/conexbooks.de\\\/a\\\/shop\\\/produkt\\\/gfk-zeitschrift-empathische-zeit-heft-2-2020-gfk-und-andere-werkzeuge-und-aus-aktuellem-anlass-gfk-in-schweren-zeiten\\\/#breadcrumb\"},\"inLanguage\":\"de\",\"potentialAction\":[{\"@type\":\"ReadAction\",\"target\":[\"https:\\\/\\\/conexbooks.de\\\/a\\\/shop\\\/produkt\\\/gfk-zeitschrift-empathische-zeit-heft-2-2020-gfk-und-andere-werkzeuge-und-aus-aktuellem-anlass-gfk-in-schweren-zeiten\\\/\"]}]},{\"@type\":\"ImageObject\",\"inLanguage\":\"de\",\"@id\":\"https:\\\/\\\/conexbooks.de\\\/a\\\/shop\\\/produkt\\\/gfk-zeitschrift-empathische-zeit-heft-2-2020-gfk-und-andere-werkzeuge-und-aus-aktuellem-anlass-gfk-in-schweren-zeiten\\\/#primaryimage\",\"url\":\"https:\\\/\\\/conexbooks.de\\\/a\\\/shop\\\/wp-content\\\/uploads\\\/2020\\\/06\\\/747.png\",\"contentUrl\":\"https:\\\/\\\/conexbooks.de\\\/a\\\/shop\\\/wp-content\\\/uploads\\\/2020\\\/06\\\/747.png\",\"width\":237,\"height\":300},{\"@type\":\"BreadcrumbList\",\"@id\":\"https:\\\/\\\/conexbooks.de\\\/a\\\/shop\\\/produkt\\\/gfk-zeitschrift-empathische-zeit-heft-2-2020-gfk-und-andere-werkzeuge-und-aus-aktuellem-anlass-gfk-in-schweren-zeiten\\\/#breadcrumb\",\"itemListElement\":[{\"@type\":\"ListItem\",\"position\":1,\"name\":\"Home\",\"item\":\"https:\\\/\\\/conexbooks.de\\\/a\\\/shop\\\/\"},{\"@type\":\"ListItem\",\"position\":2,\"name\":\"Shop\",\"item\":\"https:\\\/\\\/conexbooks.de\\\/a\\\/shop\\\/shop\\\/\"},{\"@type\":\"ListItem\",\"position\":3,\"name\":\"GFK-Zeitschrift: Empathische Zeit; Heft 2\\\/2020\"}]},{\"@type\":\"WebSite\",\"@id\":\"https:\\\/\\\/conexbooks.de\\\/a\\\/shop\\\/#website\",\"url\":\"https:\\\/\\\/conexbooks.de\\\/a\\\/shop\\\/\",\"name\":\"Conex-Shop\",\"description\":\"Alles f\u00fcr die gewaltfreie Kommunikation: B\u00fccher, Spiele. Handpuppen Seminarmaterial und Geschenke\",\"publisher\":{\"@id\":\"https:\\\/\\\/conexbooks.de\\\/a\\\/shop\\\/#organization\"},\"potentialAction\":[{\"@type\":\"SearchAction\",\"target\":{\"@type\":\"EntryPoint\",\"urlTemplate\":\"https:\\\/\\\/conexbooks.de\\\/a\\\/shop\\\/?s={search_term_string}\"},\"query-input\":{\"@type\":\"PropertyValueSpecification\",\"valueRequired\":true,\"valueName\":\"search_term_string\"}}],\"inLanguage\":\"de\"},{\"@type\":\"Organization\",\"@id\":\"https:\\\/\\\/conexbooks.de\\\/a\\\/shop\\\/#organization\",\"name\":\"Conex - books and more\",\"url\":\"https:\\\/\\\/conexbooks.de\\\/a\\\/shop\\\/\",\"logo\":{\"@type\":\"ImageObject\",\"inLanguage\":\"de\",\"@id\":\"https:\\\/\\\/conexbooks.de\\\/a\\\/shop\\\/#\\\/schema\\\/logo\\\/image\\\/\",\"url\":\"https:\\\/\\\/conexbooks.de\\\/a\\\/shop\\\/wp-content\\\/uploads\\\/2017\\\/12\\\/co-logo.png\",\"contentUrl\":\"https:\\\/\\\/conexbooks.de\\\/a\\\/shop\\\/wp-content\\\/uploads\\\/2017\\\/12\\\/co-logo.png\",\"width\":243,\"height\":122,\"caption\":\"Conex - books and more\"},\"image\":{\"@id\":\"https:\\\/\\\/conexbooks.de\\\/a\\\/shop\\\/#\\\/schema\\\/logo\\\/image\\\/\"}}]}<\/script>\n<!-- \/ Yoast SEO plugin. -->","yoast_head_json":{"title":"GFK-Zeitschrift: Empathische Zeit; Heft 2\/2020 - Conex-Shop","robots":{"index":"index","follow":"follow","max-snippet":"max-snippet:-1","max-image-preview":"max-image-preview:large","max-video-preview":"max-video-preview:-1"},"canonical":"https:\/\/conexbooks.de\/a\/shop\/produkt\/gfk-zeitschrift-empathische-zeit-heft-2-2020-gfk-und-andere-werkzeuge-und-aus-aktuellem-anlass-gfk-in-schweren-zeiten\/","og_locale":"de_DE","og_type":"article","og_title":"GFK-Zeitschrift: Empathische Zeit; Heft 2\/2020 - Conex-Shop","og_description":"Magazin f\u00fcr Konfliktl\u00f6sung und sozialen Wandel \u00a0\u201eGFK und andere Werkzeuge\u201c und aus aktuellem Anlass: \"GFK in Schweren Zeiten\" Heft 2\/2020; 100 Seiten erschienen bei Empathikon.de  Gem\u00e4\u00df Fernhandelsgesetz sind Zeitungen und Zeitschriften vom Umtausch ausgeschlossen.","og_url":"https:\/\/conexbooks.de\/a\/shop\/produkt\/gfk-zeitschrift-empathische-zeit-heft-2-2020-gfk-und-andere-werkzeuge-und-aus-aktuellem-anlass-gfk-in-schweren-zeiten\/","og_site_name":"Conex-Shop","article_modified_time":"2022-11-15T15:41:28+00:00","og_image":[{"width":237,"height":300,"url":"https:\/\/conexbooks.de\/a\/shop\/wp-content\/uploads\/2020\/06\/747.png","type":"image\/png"}],"twitter_card":"summary_large_image","twitter_misc":{"Gesch\u00e4tzte Lesezeit":"2\u00a0Minuten"},"schema":{"@context":"https:\/\/schema.org","@graph":[{"@type":"WebPage","@id":"https:\/\/conexbooks.de\/a\/shop\/produkt\/gfk-zeitschrift-empathische-zeit-heft-2-2020-gfk-und-andere-werkzeuge-und-aus-aktuellem-anlass-gfk-in-schweren-zeiten\/","url":"https:\/\/conexbooks.de\/a\/shop\/produkt\/gfk-zeitschrift-empathische-zeit-heft-2-2020-gfk-und-andere-werkzeuge-und-aus-aktuellem-anlass-gfk-in-schweren-zeiten\/","name":"GFK-Zeitschrift: Empathische Zeit; Heft 2\/2020 - Conex-Shop","isPartOf":{"@id":"https:\/\/conexbooks.de\/a\/shop\/#website"},"primaryImageOfPage":{"@id":"https:\/\/conexbooks.de\/a\/shop\/produkt\/gfk-zeitschrift-empathische-zeit-heft-2-2020-gfk-und-andere-werkzeuge-und-aus-aktuellem-anlass-gfk-in-schweren-zeiten\/#primaryimage"},"image":{"@id":"https:\/\/conexbooks.de\/a\/shop\/produkt\/gfk-zeitschrift-empathische-zeit-heft-2-2020-gfk-und-andere-werkzeuge-und-aus-aktuellem-anlass-gfk-in-schweren-zeiten\/#primaryimage"},"thumbnailUrl":"https:\/\/conexbooks.de\/a\/shop\/wp-content\/uploads\/2020\/06\/747.png","datePublished":"2020-06-02T16:07:31+00:00","dateModified":"2022-11-15T15:41:28+00:00","breadcrumb":{"@id":"https:\/\/conexbooks.de\/a\/shop\/produkt\/gfk-zeitschrift-empathische-zeit-heft-2-2020-gfk-und-andere-werkzeuge-und-aus-aktuellem-anlass-gfk-in-schweren-zeiten\/#breadcrumb"},"inLanguage":"de","potentialAction":[{"@type":"ReadAction","target":["https:\/\/conexbooks.de\/a\/shop\/produkt\/gfk-zeitschrift-empathische-zeit-heft-2-2020-gfk-und-andere-werkzeuge-und-aus-aktuellem-anlass-gfk-in-schweren-zeiten\/"]}]},{"@type":"ImageObject","inLanguage":"de","@id":"https:\/\/conexbooks.de\/a\/shop\/produkt\/gfk-zeitschrift-empathische-zeit-heft-2-2020-gfk-und-andere-werkzeuge-und-aus-aktuellem-anlass-gfk-in-schweren-zeiten\/#primaryimage","url":"https:\/\/conexbooks.de\/a\/shop\/wp-content\/uploads\/2020\/06\/747.png","contentUrl":"https:\/\/conexbooks.de\/a\/shop\/wp-content\/uploads\/2020\/06\/747.png","width":237,"height":300},{"@type":"BreadcrumbList","@id":"https:\/\/conexbooks.de\/a\/shop\/produkt\/gfk-zeitschrift-empathische-zeit-heft-2-2020-gfk-und-andere-werkzeuge-und-aus-aktuellem-anlass-gfk-in-schweren-zeiten\/#breadcrumb","itemListElement":[{"@type":"ListItem","position":1,"name":"Home","item":"https:\/\/conexbooks.de\/a\/shop\/"},{"@type":"ListItem","position":2,"name":"Shop","item":"https:\/\/conexbooks.de\/a\/shop\/shop\/"},{"@type":"ListItem","position":3,"name":"GFK-Zeitschrift: Empathische Zeit; Heft 2\/2020"}]},{"@type":"WebSite","@id":"https:\/\/conexbooks.de\/a\/shop\/#website","url":"https:\/\/conexbooks.de\/a\/shop\/","name":"Conex-Shop","description":"Alles f\u00fcr die gewaltfreie Kommunikation: B\u00fccher, Spiele. Handpuppen Seminarmaterial und Geschenke","publisher":{"@id":"https:\/\/conexbooks.de\/a\/shop\/#organization"},"potentialAction":[{"@type":"SearchAction","target":{"@type":"EntryPoint","urlTemplate":"https:\/\/conexbooks.de\/a\/shop\/?s={search_term_string}"},"query-input":{"@type":"PropertyValueSpecification","valueRequired":true,"valueName":"search_term_string"}}],"inLanguage":"de"},{"@type":"Organization","@id":"https:\/\/conexbooks.de\/a\/shop\/#organization","name":"Conex - books and more","url":"https:\/\/conexbooks.de\/a\/shop\/","logo":{"@type":"ImageObject","inLanguage":"de","@id":"https:\/\/conexbooks.de\/a\/shop\/#\/schema\/logo\/image\/","url":"https:\/\/conexbooks.de\/a\/shop\/wp-content\/uploads\/2017\/12\/co-logo.png","contentUrl":"https:\/\/conexbooks.de\/a\/shop\/wp-content\/uploads\/2017\/12\/co-logo.png","width":243,"height":122,"caption":"Conex - books and more"},"image":{"@id":"https:\/\/conexbooks.de\/a\/shop\/#\/schema\/logo\/image\/"}}]}},"_links":{"self":[{"href":"https:\/\/conexbooks.de\/a\/shop\/wp-json\/wp\/v2\/product\/15590","targetHints":{"allow":["GET"]}}],"collection":[{"href":"https:\/\/conexbooks.de\/a\/shop\/wp-json\/wp\/v2\/product"}],"about":[{"href":"https:\/\/conexbooks.de\/a\/shop\/wp-json\/wp\/v2\/types\/product"}],"wp:featuredmedia":[{"embeddable":true,"href":"https:\/\/conexbooks.de\/a\/shop\/wp-json\/wp\/v2\/media\/15591"}],"wp:attachment":[{"href":"https:\/\/conexbooks.de\/a\/shop\/wp-json\/wp\/v2\/media?parent=15590"}],"wp:term":[{"taxonomy":"product_brand","embeddable":true,"href":"https:\/\/conexbooks.de\/a\/shop\/wp-json\/wp\/v2\/product_brand?post=15590"},{"taxonomy":"product_cat","embeddable":true,"href":"https:\/\/conexbooks.de\/a\/shop\/wp-json\/wp\/v2\/product_cat?post=15590"},{"taxonomy":"product_tag","embeddable":true,"href":"https:\/\/conexbooks.de\/a\/shop\/wp-json\/wp\/v2\/product_tag?post=15590"}],"curies":[{"name":"wp","href":"https:\/\/api.w.org\/{rel}","templated":true}]}}