{"id":16362,"date":"2020-08-02T13:58:57","date_gmt":"2020-08-02T11:58:57","guid":{"rendered":"https:\/\/conexbooks.de\/a\/shop\/?post_type=product&#038;p=16362"},"modified":"2022-12-13T11:20:22","modified_gmt":"2022-12-13T10:20:22","slug":"dvd-die-kunst-des-dialoges","status":"publish","type":"product","link":"https:\/\/conexbooks.de\/a\/shop\/produkt\/dvd-die-kunst-des-dialoges\/","title":{"rendered":"DVD: Die Kunst des Dialoges"},"content":{"rendered":"<h3><strong>Workshop in Berlin von 2015<\/strong><\/h3>\n<h3><strong>Miki Kashtan<\/strong><\/h3>\n<p>Oft ist uns gar nicht bewusst, wie h\u00e4ufig wir uns tagt\u00e4glich im Dialog befinden, ob mit der Verk\u00e4uferin, den Nachbarn, in der Familie oder bei der Arbeit. Die Wirkkraft vieler Berufe, etwa beim Arzt, Lehrer oder Handwerker, aber auch im Umgang mit Vorgesetzten und Kollegen, mit der Familie und den Nachbarn \u0096 ob privat oder beruflich, vieles h\u00e4ngt von gelingenden Gespr\u00e4chen ab. Was w\u00e4re, wenn wir uns all diesen Menschen kreativ und authentisch mitteilen k\u00f6nnten, sie wirklich wahrnehmen und verstehen w\u00fcrden?<br \/>\nWas es uns kostet? Das Rechthaben etwa, das uns so lieb ist, und gelegentliche unangenehme Wachstumssituationen. Was wir gewinnen? Ein hohes Ma\u00df an Gewaltfreiheit, Empathie und Wertsch\u00e4tzung und letztlich Lebenszufriedenheit.<br \/>\nWie immer mehr Menschen, hat sich auch Miki Kashtan die Schaffung einer gewaltfreieren Zukunft auf die Fahne geschrieben. Sie entwirft ein lebendiges Bild davon, wie wir im Austausch mit anderen auf Herzensweisheit und Kreativit\u00e4t zur\u00fcckgreifen und so einen aktiven Beitrag f\u00fcr eine bessere Zukunft leisten k\u00f6nnen. Im Seminar gibt sie universell anwendbare Tipps, \u00dcbungen und Instrumente an die Hand, wie Dialoge in verschiedensten Kontexten gelingen k\u00f6nnen, denn Gespr\u00e4che, die in einem freundlichen Klima von Verst\u00e4ndnis und gegenseitiger R\u00fccksichtnahme gef\u00fchrt werden, lassen uns erkennen, dass in jedem eine allgemeing\u00fcltige Wahrheit ruht.<\/p>\n<p>Miki Kashtan, Ph. D., hat Soziologie studiert und verschiedene Programme zur gewaltfreien Kommunikation (GFK) mitbegr\u00fcndet, deren Inhalte sie in B\u00fcchern und Fachartikeln vermittelt sowie als Kursleiterin, Mediatorin, Coach und Trainerin, auch in Firmen und Organisationen.<\/p>\n","protected":false},"excerpt":{"rendered":"<h4><strong>Workshop des D-A-CH <b>f\u00fcr Gewaltfreie Kommunikation e.V<\/b><\/strong><\/h4>\n<h4><strong><b>am 14. M\u00e4rz 2015 in Berlin, ca. 300 Min. auf 2 DVD&#8217;s <\/b>in Berlin von 2015<\/strong><\/h4>\n<h4><strong>Ph. D. Miki Kashtan<\/strong><\/h4>\n<p>englisch mit deutescher \u00dcbersetzung<\/p>\n<p>2 DVDs, Lange. ca. 5h<\/p>\n<p><span style=\"color: #ff0000;\">DVD wird nur auf Anfrage produziert.<\/span><br \/>\n<span style=\"color: #ff0000;\">Lieferzeit: 14 Tage<\/span><br \/>\n<span style=\"color: #ff0000;\">Aktueller Preis kann abweichen.<\/span><\/p>\n<p>DVD`s sind vom Umtausch ausgeschlossen.<\/p>\n","protected":false},"featured_media":16363,"template":"","meta":[],"product_brand":[],"product_cat":[49],"product_tag":[216,104,119,215],"class_list":{"0":"post-16362","1":"product","2":"type-product","3":"status-publish","4":"has-post-thumbnail","6":"product_cat-dvds","7":"product_tag-dialog","8":"product_tag-empathie","9":"product_tag-gfk-haltung","10":"product_tag-kommunikation-im-beruf","12":"first","13":"instock","14":"shipping-taxable","15":"purchasable","16":"product-type-simple"},"yoast_head":"<!-- This site is optimized with the Yoast SEO plugin v27.3 - https:\/\/yoast.com\/product\/yoast-seo-wordpress\/ -->\n<title>DVD: Die Kunst des Dialoges - Conex-Shop<\/title>\n<meta name=\"robots\" content=\"index, follow, max-snippet:-1, max-image-preview:large, max-video-preview:-1\" \/>\n<link rel=\"canonical\" href=\"https:\/\/conexbooks.de\/a\/shop\/produkt\/dvd-die-kunst-des-dialoges\/\" \/>\n<meta property=\"og:locale\" content=\"de_DE\" \/>\n<meta property=\"og:type\" content=\"article\" \/>\n<meta property=\"og:title\" content=\"DVD: Die Kunst des Dialoges - Conex-Shop\" \/>\n<meta property=\"og:description\" content=\"Workshop des D-A-CH f\u00fcr Gewaltfreie Kommunikation e.V am 14. M\u00e4rz 2015 in Berlin, ca. 300 Min. auf 2 DVD&#039;s in Berlin von 2015 Ph. D. Miki Kashtan englisch mit deutescher \u00dcbersetzung  2 DVDs, Lange. ca. 5h  DVD wird nur auf Anfrage produziert. Lieferzeit: 14 Tage Aktueller Preis kann abweichen.  DVD`s sind vom Umtausch ausgeschlossen.\" \/>\n<meta property=\"og:url\" content=\"https:\/\/conexbooks.de\/a\/shop\/produkt\/dvd-die-kunst-des-dialoges\/\" \/>\n<meta property=\"og:site_name\" content=\"Conex-Shop\" \/>\n<meta property=\"article:modified_time\" content=\"2022-12-13T10:20:22+00:00\" \/>\n<meta property=\"og:image\" content=\"https:\/\/conexbooks.de\/a\/shop\/wp-content\/uploads\/2017\/11\/333.png\" \/>\n\t<meta property=\"og:image:width\" content=\"283\" \/>\n\t<meta property=\"og:image:height\" content=\"400\" \/>\n\t<meta property=\"og:image:type\" content=\"image\/png\" \/>\n<meta name=\"twitter:card\" content=\"summary_large_image\" \/>\n<meta name=\"twitter:label1\" content=\"Gesch\u00e4tzte Lesezeit\" \/>\n\t<meta name=\"twitter:data1\" content=\"1\u00a0Minute\" \/>\n<script type=\"application\/ld+json\" class=\"yoast-schema-graph\">{\"@context\":\"https:\\\/\\\/schema.org\",\"@graph\":[{\"@type\":\"WebPage\",\"@id\":\"https:\\\/\\\/conexbooks.de\\\/a\\\/shop\\\/produkt\\\/dvd-die-kunst-des-dialoges\\\/\",\"url\":\"https:\\\/\\\/conexbooks.de\\\/a\\\/shop\\\/produkt\\\/dvd-die-kunst-des-dialoges\\\/\",\"name\":\"DVD: Die Kunst des Dialoges - Conex-Shop\",\"isPartOf\":{\"@id\":\"https:\\\/\\\/conexbooks.de\\\/a\\\/shop\\\/#website\"},\"primaryImageOfPage\":{\"@id\":\"https:\\\/\\\/conexbooks.de\\\/a\\\/shop\\\/produkt\\\/dvd-die-kunst-des-dialoges\\\/#primaryimage\"},\"image\":{\"@id\":\"https:\\\/\\\/conexbooks.de\\\/a\\\/shop\\\/produkt\\\/dvd-die-kunst-des-dialoges\\\/#primaryimage\"},\"thumbnailUrl\":\"https:\\\/\\\/conexbooks.de\\\/a\\\/shop\\\/wp-content\\\/uploads\\\/2017\\\/11\\\/333.png\",\"datePublished\":\"2020-08-02T11:58:57+00:00\",\"dateModified\":\"2022-12-13T10:20:22+00:00\",\"breadcrumb\":{\"@id\":\"https:\\\/\\\/conexbooks.de\\\/a\\\/shop\\\/produkt\\\/dvd-die-kunst-des-dialoges\\\/#breadcrumb\"},\"inLanguage\":\"de\",\"potentialAction\":[{\"@type\":\"ReadAction\",\"target\":[\"https:\\\/\\\/conexbooks.de\\\/a\\\/shop\\\/produkt\\\/dvd-die-kunst-des-dialoges\\\/\"]}]},{\"@type\":\"ImageObject\",\"inLanguage\":\"de\",\"@id\":\"https:\\\/\\\/conexbooks.de\\\/a\\\/shop\\\/produkt\\\/dvd-die-kunst-des-dialoges\\\/#primaryimage\",\"url\":\"https:\\\/\\\/conexbooks.de\\\/a\\\/shop\\\/wp-content\\\/uploads\\\/2017\\\/11\\\/333.png\",\"contentUrl\":\"https:\\\/\\\/conexbooks.de\\\/a\\\/shop\\\/wp-content\\\/uploads\\\/2017\\\/11\\\/333.png\",\"width\":283,\"height\":400},{\"@type\":\"BreadcrumbList\",\"@id\":\"https:\\\/\\\/conexbooks.de\\\/a\\\/shop\\\/produkt\\\/dvd-die-kunst-des-dialoges\\\/#breadcrumb\",\"itemListElement\":[{\"@type\":\"ListItem\",\"position\":1,\"name\":\"Home\",\"item\":\"https:\\\/\\\/conexbooks.de\\\/a\\\/shop\\\/\"},{\"@type\":\"ListItem\",\"position\":2,\"name\":\"Shop\",\"item\":\"https:\\\/\\\/conexbooks.de\\\/a\\\/shop\\\/shop\\\/\"},{\"@type\":\"ListItem\",\"position\":3,\"name\":\"DVD: Die Kunst des Dialoges\"}]},{\"@type\":\"WebSite\",\"@id\":\"https:\\\/\\\/conexbooks.de\\\/a\\\/shop\\\/#website\",\"url\":\"https:\\\/\\\/conexbooks.de\\\/a\\\/shop\\\/\",\"name\":\"Conex-Shop\",\"description\":\"Alles f\u00fcr die gewaltfreie Kommunikation: B\u00fccher, Spiele. Handpuppen Seminarmaterial und Geschenke\",\"publisher\":{\"@id\":\"https:\\\/\\\/conexbooks.de\\\/a\\\/shop\\\/#organization\"},\"potentialAction\":[{\"@type\":\"SearchAction\",\"target\":{\"@type\":\"EntryPoint\",\"urlTemplate\":\"https:\\\/\\\/conexbooks.de\\\/a\\\/shop\\\/?s={search_term_string}\"},\"query-input\":{\"@type\":\"PropertyValueSpecification\",\"valueRequired\":true,\"valueName\":\"search_term_string\"}}],\"inLanguage\":\"de\"},{\"@type\":\"Organization\",\"@id\":\"https:\\\/\\\/conexbooks.de\\\/a\\\/shop\\\/#organization\",\"name\":\"Conex - books and more\",\"url\":\"https:\\\/\\\/conexbooks.de\\\/a\\\/shop\\\/\",\"logo\":{\"@type\":\"ImageObject\",\"inLanguage\":\"de\",\"@id\":\"https:\\\/\\\/conexbooks.de\\\/a\\\/shop\\\/#\\\/schema\\\/logo\\\/image\\\/\",\"url\":\"https:\\\/\\\/conexbooks.de\\\/a\\\/shop\\\/wp-content\\\/uploads\\\/2017\\\/12\\\/co-logo.png\",\"contentUrl\":\"https:\\\/\\\/conexbooks.de\\\/a\\\/shop\\\/wp-content\\\/uploads\\\/2017\\\/12\\\/co-logo.png\",\"width\":243,\"height\":122,\"caption\":\"Conex - books and more\"},\"image\":{\"@id\":\"https:\\\/\\\/conexbooks.de\\\/a\\\/shop\\\/#\\\/schema\\\/logo\\\/image\\\/\"}}]}<\/script>\n<!-- \/ Yoast SEO plugin. -->","yoast_head_json":{"title":"DVD: Die Kunst des Dialoges - Conex-Shop","robots":{"index":"index","follow":"follow","max-snippet":"max-snippet:-1","max-image-preview":"max-image-preview:large","max-video-preview":"max-video-preview:-1"},"canonical":"https:\/\/conexbooks.de\/a\/shop\/produkt\/dvd-die-kunst-des-dialoges\/","og_locale":"de_DE","og_type":"article","og_title":"DVD: Die Kunst des Dialoges - Conex-Shop","og_description":"Workshop des D-A-CH f\u00fcr Gewaltfreie Kommunikation e.V am 14. M\u00e4rz 2015 in Berlin, ca. 300 Min. auf 2 DVD's in Berlin von 2015 Ph. D. Miki Kashtan englisch mit deutescher \u00dcbersetzung  2 DVDs, Lange. ca. 5h  DVD wird nur auf Anfrage produziert. Lieferzeit: 14 Tage Aktueller Preis kann abweichen.  DVD`s sind vom Umtausch ausgeschlossen.","og_url":"https:\/\/conexbooks.de\/a\/shop\/produkt\/dvd-die-kunst-des-dialoges\/","og_site_name":"Conex-Shop","article_modified_time":"2022-12-13T10:20:22+00:00","og_image":[{"width":283,"height":400,"url":"https:\/\/conexbooks.de\/a\/shop\/wp-content\/uploads\/2017\/11\/333.png","type":"image\/png"}],"twitter_card":"summary_large_image","twitter_misc":{"Gesch\u00e4tzte Lesezeit":"1\u00a0Minute"},"schema":{"@context":"https:\/\/schema.org","@graph":[{"@type":"WebPage","@id":"https:\/\/conexbooks.de\/a\/shop\/produkt\/dvd-die-kunst-des-dialoges\/","url":"https:\/\/conexbooks.de\/a\/shop\/produkt\/dvd-die-kunst-des-dialoges\/","name":"DVD: Die Kunst des Dialoges - Conex-Shop","isPartOf":{"@id":"https:\/\/conexbooks.de\/a\/shop\/#website"},"primaryImageOfPage":{"@id":"https:\/\/conexbooks.de\/a\/shop\/produkt\/dvd-die-kunst-des-dialoges\/#primaryimage"},"image":{"@id":"https:\/\/conexbooks.de\/a\/shop\/produkt\/dvd-die-kunst-des-dialoges\/#primaryimage"},"thumbnailUrl":"https:\/\/conexbooks.de\/a\/shop\/wp-content\/uploads\/2017\/11\/333.png","datePublished":"2020-08-02T11:58:57+00:00","dateModified":"2022-12-13T10:20:22+00:00","breadcrumb":{"@id":"https:\/\/conexbooks.de\/a\/shop\/produkt\/dvd-die-kunst-des-dialoges\/#breadcrumb"},"inLanguage":"de","potentialAction":[{"@type":"ReadAction","target":["https:\/\/conexbooks.de\/a\/shop\/produkt\/dvd-die-kunst-des-dialoges\/"]}]},{"@type":"ImageObject","inLanguage":"de","@id":"https:\/\/conexbooks.de\/a\/shop\/produkt\/dvd-die-kunst-des-dialoges\/#primaryimage","url":"https:\/\/conexbooks.de\/a\/shop\/wp-content\/uploads\/2017\/11\/333.png","contentUrl":"https:\/\/conexbooks.de\/a\/shop\/wp-content\/uploads\/2017\/11\/333.png","width":283,"height":400},{"@type":"BreadcrumbList","@id":"https:\/\/conexbooks.de\/a\/shop\/produkt\/dvd-die-kunst-des-dialoges\/#breadcrumb","itemListElement":[{"@type":"ListItem","position":1,"name":"Home","item":"https:\/\/conexbooks.de\/a\/shop\/"},{"@type":"ListItem","position":2,"name":"Shop","item":"https:\/\/conexbooks.de\/a\/shop\/shop\/"},{"@type":"ListItem","position":3,"name":"DVD: Die Kunst des Dialoges"}]},{"@type":"WebSite","@id":"https:\/\/conexbooks.de\/a\/shop\/#website","url":"https:\/\/conexbooks.de\/a\/shop\/","name":"Conex-Shop","description":"Alles f\u00fcr die gewaltfreie Kommunikation: B\u00fccher, Spiele. Handpuppen Seminarmaterial und Geschenke","publisher":{"@id":"https:\/\/conexbooks.de\/a\/shop\/#organization"},"potentialAction":[{"@type":"SearchAction","target":{"@type":"EntryPoint","urlTemplate":"https:\/\/conexbooks.de\/a\/shop\/?s={search_term_string}"},"query-input":{"@type":"PropertyValueSpecification","valueRequired":true,"valueName":"search_term_string"}}],"inLanguage":"de"},{"@type":"Organization","@id":"https:\/\/conexbooks.de\/a\/shop\/#organization","name":"Conex - books and more","url":"https:\/\/conexbooks.de\/a\/shop\/","logo":{"@type":"ImageObject","inLanguage":"de","@id":"https:\/\/conexbooks.de\/a\/shop\/#\/schema\/logo\/image\/","url":"https:\/\/conexbooks.de\/a\/shop\/wp-content\/uploads\/2017\/12\/co-logo.png","contentUrl":"https:\/\/conexbooks.de\/a\/shop\/wp-content\/uploads\/2017\/12\/co-logo.png","width":243,"height":122,"caption":"Conex - books and more"},"image":{"@id":"https:\/\/conexbooks.de\/a\/shop\/#\/schema\/logo\/image\/"}}]}},"_links":{"self":[{"href":"https:\/\/conexbooks.de\/a\/shop\/wp-json\/wp\/v2\/product\/16362","targetHints":{"allow":["GET"]}}],"collection":[{"href":"https:\/\/conexbooks.de\/a\/shop\/wp-json\/wp\/v2\/product"}],"about":[{"href":"https:\/\/conexbooks.de\/a\/shop\/wp-json\/wp\/v2\/types\/product"}],"wp:featuredmedia":[{"embeddable":true,"href":"https:\/\/conexbooks.de\/a\/shop\/wp-json\/wp\/v2\/media\/16363"}],"wp:attachment":[{"href":"https:\/\/conexbooks.de\/a\/shop\/wp-json\/wp\/v2\/media?parent=16362"}],"wp:term":[{"taxonomy":"product_brand","embeddable":true,"href":"https:\/\/conexbooks.de\/a\/shop\/wp-json\/wp\/v2\/product_brand?post=16362"},{"taxonomy":"product_cat","embeddable":true,"href":"https:\/\/conexbooks.de\/a\/shop\/wp-json\/wp\/v2\/product_cat?post=16362"},{"taxonomy":"product_tag","embeddable":true,"href":"https:\/\/conexbooks.de\/a\/shop\/wp-json\/wp\/v2\/product_tag?post=16362"}],"curies":[{"name":"wp","href":"https:\/\/api.w.org\/{rel}","templated":true}]}}