{"id":16364,"date":"2020-08-02T14:18:39","date_gmt":"2020-08-02T12:18:39","guid":{"rendered":"https:\/\/conexbooks.de\/a\/shop\/?post_type=product&#038;p=16364"},"modified":"2024-11-22T15:39:46","modified_gmt":"2024-11-22T14:39:46","slug":"dvd-gelebtes-mitgefuehl-living-compassion","status":"publish","type":"product","link":"https:\/\/conexbooks.de\/a\/shop\/produkt\/dvd-gelebtes-mitgefuehl-living-compassion\/","title":{"rendered":"DVD: Gelebtes Mitgef\u00fchl &#8211; Living Compassion mit Robert Gonzales"},"content":{"rendered":"<h3>Mitschnitt eines 3-t\u00e4gigen Seminares in Stuttgart im Jahr 2011 mit<\/h3>\n<h3>Robert Gonzales<\/h3>\n<p>Im Zentrum des dreit\u00e4gigen Trainings steht eine innere Haltung, die in besonderer Weise lebendiges Mitgef\u00fchl f\u00fcr uns selbst und andere erm\u00f6glicht und uns in Kontakt mit unserem inneren Reichtum bringt. Basierend auf seinen eigenen Erfahrungen mit der Gewaltfreien Kommunikation und ihrer Weitergabe hat Robert Gonzales Prozesse entwickelt, die auf die Sch\u00f6nheit der Bed\u00fcrfnisse ausgerichtet sind. Diese k\u00f6nnen unser Leben verwandeln und bieten uns M\u00f6glichkeiten zu wachsen und zu lernen.<\/p>\n<p><strong>Seminarinhalte:<\/strong><\/p>\n<ul>\n<li>Erfahrungsbasiertes Erkennen der F\u00fclle und Sch\u00f6nheit in Bed\u00fcrfnissen<\/li>\n<li>Schwerpunktthema: Umwandlung von Schmerz in die zu Grunde liegende Lebensenergie der Bed\u00fcrfnisse<\/li>\n<li>Umwandeln von Glaubenss\u00e4tzen durch heilendes Mitgef\u00fchl mit sich selbst<\/li>\n<li>Illusion von Bed\u00fcrfniskonflikten<\/li>\n<li>Innere Vorbereitung auf authentische Gespr\u00e4che<\/li>\n<\/ul>\n<p>Robert Gonzales (USA), klinischer Psychologe (Ph.D.) und Psychotherapeut, arbeitet seit 1985 als Trainer f\u00fcr Gewaltfreie Kommunikation. Robert Gonzales versteht die Gewaltfreie Kommunikation als Methode, empathisch und authentisch zu leben, wie auch als spirituelle Lebenspraxis: &#8222;Was mich an der GFK am meisten inspiriert, ist der Glanz in den Augen der Menschen, wenn sie ihren emotionalen Schmerz in Freude, Freiheit und Mitgef\u00fchl umwandeln. Ich sehe GFK als Weg, mitf\u00fchlende, lebendige Energie ins Leben zu bringen.&#8220;<\/p>\n<div id='1' class='widgets_on_page wop_tiny1  wop_small1  wop_medium1  wop_large1  wop_wide1'>\n\t\t\t<ul><li id=\"custom_html-4\" class=\"widget_text widget widget_custom_html\"><div class=\"textwidget custom-html-widget\"><div style=\"text-align:left;\">\r\n<button class = \"button\" style=\"height: 30px; font-size: 0.8em;\" name=\"zuruck\" type=\"button\" onclick=\"history.back()\">Zur\u00fcck zur \u00dcbersicht<\/button><\/div><\/div><\/li><\/ul><\/div><!-- widgets_on_page -->\n","protected":false},"excerpt":{"rendered":"<h4>Mitschnitt eines 3-t\u00e4gigen <strong>Vertiefendes GFK-Seminar in Stuttgart vom 26. &#8211; 28. April 2011 <\/strong>mit<\/h4>\n<h4>Robert Gonzales<\/h4>\n<p>englisch\/deutsch<\/p>\n<p>6 DVDs; L\u00e4nge: ca. 12 h<\/p>\n<p><span style=\"color: #ff0000;\">DVD wird nur auf Anfrage produziert.<\/span><br \/>\n<span style=\"color: #ff0000;\">Lieferzeit: 14 Tage<\/span><br \/>\n<span style=\"color: #ff0000;\">Aktueller Preis kann kann abweichen.<\/span><\/p>\n<p>DVD`s sind vom Umtausch ausgeschlossen.<\/p>\n","protected":false},"featured_media":16365,"template":"","meta":[],"product_brand":[],"product_cat":[49],"product_tag":[221,122,220,219,130],"class_list":{"0":"post-16364","1":"product","2":"type-product","3":"status-publish","4":"has-post-thumbnail","6":"product_cat-dvds","7":"product_tag-authentische-gespraeche","8":"product_tag-beduerfnisse","9":"product_tag-glaubensaetze","10":"product_tag-innere-haltung","11":"product_tag-mitgefuehl","13":"first","14":"instock","15":"shipping-taxable","16":"purchasable","17":"product-type-simple"},"yoast_head":"<!-- This site is optimized with the Yoast SEO plugin v27.3 - https:\/\/yoast.com\/product\/yoast-seo-wordpress\/ -->\n<title>DVD: Gelebtes Mitgef\u00fchl - Living Compassion mit Robert Gonzales - Conex-Shop<\/title>\n<meta name=\"robots\" content=\"index, follow, max-snippet:-1, max-image-preview:large, max-video-preview:-1\" \/>\n<link rel=\"canonical\" href=\"https:\/\/conexbooks.de\/a\/shop\/produkt\/dvd-gelebtes-mitgefuehl-living-compassion\/\" \/>\n<meta property=\"og:locale\" content=\"de_DE\" \/>\n<meta property=\"og:type\" content=\"article\" \/>\n<meta property=\"og:title\" content=\"DVD: Gelebtes Mitgef\u00fchl - Living Compassion mit Robert Gonzales - Conex-Shop\" \/>\n<meta property=\"og:description\" content=\"Mitschnitt eines 3-t\u00e4gigen Vertiefendes GFK-Seminar in Stuttgart vom 26. - 28. April 2011 mit Robert Gonzales englisch\/deutsch  6 DVDs; L\u00e4nge: ca. 12 h  DVD wird nur auf Anfrage produziert. Lieferzeit: 14 Tage Aktueller Preis kann kann abweichen.  DVD`s sind vom Umtausch ausgeschlossen.\" \/>\n<meta property=\"og:url\" content=\"https:\/\/conexbooks.de\/a\/shop\/produkt\/dvd-gelebtes-mitgefuehl-living-compassion\/\" \/>\n<meta property=\"og:site_name\" content=\"Conex-Shop\" \/>\n<meta property=\"article:modified_time\" content=\"2024-11-22T14:39:46+00:00\" \/>\n<meta property=\"og:image\" content=\"https:\/\/conexbooks.de\/a\/shop\/wp-content\/uploads\/2020\/08\/334.png\" \/>\n\t<meta property=\"og:image:width\" content=\"291\" \/>\n\t<meta property=\"og:image:height\" content=\"235\" \/>\n\t<meta property=\"og:image:type\" content=\"image\/png\" \/>\n<meta name=\"twitter:card\" content=\"summary_large_image\" \/>\n<meta name=\"twitter:label1\" content=\"Gesch\u00e4tzte Lesezeit\" \/>\n\t<meta name=\"twitter:data1\" content=\"2\u00a0Minuten\" \/>\n<script type=\"application\/ld+json\" class=\"yoast-schema-graph\">{\"@context\":\"https:\\\/\\\/schema.org\",\"@graph\":[{\"@type\":\"WebPage\",\"@id\":\"https:\\\/\\\/conexbooks.de\\\/a\\\/shop\\\/produkt\\\/dvd-gelebtes-mitgefuehl-living-compassion\\\/\",\"url\":\"https:\\\/\\\/conexbooks.de\\\/a\\\/shop\\\/produkt\\\/dvd-gelebtes-mitgefuehl-living-compassion\\\/\",\"name\":\"DVD: Gelebtes Mitgef\u00fchl - Living Compassion mit Robert Gonzales - Conex-Shop\",\"isPartOf\":{\"@id\":\"https:\\\/\\\/conexbooks.de\\\/a\\\/shop\\\/#website\"},\"primaryImageOfPage\":{\"@id\":\"https:\\\/\\\/conexbooks.de\\\/a\\\/shop\\\/produkt\\\/dvd-gelebtes-mitgefuehl-living-compassion\\\/#primaryimage\"},\"image\":{\"@id\":\"https:\\\/\\\/conexbooks.de\\\/a\\\/shop\\\/produkt\\\/dvd-gelebtes-mitgefuehl-living-compassion\\\/#primaryimage\"},\"thumbnailUrl\":\"https:\\\/\\\/conexbooks.de\\\/a\\\/shop\\\/wp-content\\\/uploads\\\/2020\\\/08\\\/334.png\",\"datePublished\":\"2020-08-02T12:18:39+00:00\",\"dateModified\":\"2024-11-22T14:39:46+00:00\",\"breadcrumb\":{\"@id\":\"https:\\\/\\\/conexbooks.de\\\/a\\\/shop\\\/produkt\\\/dvd-gelebtes-mitgefuehl-living-compassion\\\/#breadcrumb\"},\"inLanguage\":\"de\",\"potentialAction\":[{\"@type\":\"ReadAction\",\"target\":[\"https:\\\/\\\/conexbooks.de\\\/a\\\/shop\\\/produkt\\\/dvd-gelebtes-mitgefuehl-living-compassion\\\/\"]}]},{\"@type\":\"ImageObject\",\"inLanguage\":\"de\",\"@id\":\"https:\\\/\\\/conexbooks.de\\\/a\\\/shop\\\/produkt\\\/dvd-gelebtes-mitgefuehl-living-compassion\\\/#primaryimage\",\"url\":\"https:\\\/\\\/conexbooks.de\\\/a\\\/shop\\\/wp-content\\\/uploads\\\/2020\\\/08\\\/334.png\",\"contentUrl\":\"https:\\\/\\\/conexbooks.de\\\/a\\\/shop\\\/wp-content\\\/uploads\\\/2020\\\/08\\\/334.png\",\"width\":291,\"height\":235},{\"@type\":\"BreadcrumbList\",\"@id\":\"https:\\\/\\\/conexbooks.de\\\/a\\\/shop\\\/produkt\\\/dvd-gelebtes-mitgefuehl-living-compassion\\\/#breadcrumb\",\"itemListElement\":[{\"@type\":\"ListItem\",\"position\":1,\"name\":\"Home\",\"item\":\"https:\\\/\\\/conexbooks.de\\\/a\\\/shop\\\/\"},{\"@type\":\"ListItem\",\"position\":2,\"name\":\"Shop\",\"item\":\"https:\\\/\\\/conexbooks.de\\\/a\\\/shop\\\/shop\\\/\"},{\"@type\":\"ListItem\",\"position\":3,\"name\":\"DVD: Gelebtes Mitgef\u00fchl &#8211; Living Compassion mit Robert Gonzales\"}]},{\"@type\":\"WebSite\",\"@id\":\"https:\\\/\\\/conexbooks.de\\\/a\\\/shop\\\/#website\",\"url\":\"https:\\\/\\\/conexbooks.de\\\/a\\\/shop\\\/\",\"name\":\"Conex-Shop\",\"description\":\"Alles f\u00fcr die gewaltfreie Kommunikation: B\u00fccher, Spiele. Handpuppen Seminarmaterial und Geschenke\",\"publisher\":{\"@id\":\"https:\\\/\\\/conexbooks.de\\\/a\\\/shop\\\/#organization\"},\"potentialAction\":[{\"@type\":\"SearchAction\",\"target\":{\"@type\":\"EntryPoint\",\"urlTemplate\":\"https:\\\/\\\/conexbooks.de\\\/a\\\/shop\\\/?s={search_term_string}\"},\"query-input\":{\"@type\":\"PropertyValueSpecification\",\"valueRequired\":true,\"valueName\":\"search_term_string\"}}],\"inLanguage\":\"de\"},{\"@type\":\"Organization\",\"@id\":\"https:\\\/\\\/conexbooks.de\\\/a\\\/shop\\\/#organization\",\"name\":\"Conex - books and more\",\"url\":\"https:\\\/\\\/conexbooks.de\\\/a\\\/shop\\\/\",\"logo\":{\"@type\":\"ImageObject\",\"inLanguage\":\"de\",\"@id\":\"https:\\\/\\\/conexbooks.de\\\/a\\\/shop\\\/#\\\/schema\\\/logo\\\/image\\\/\",\"url\":\"https:\\\/\\\/conexbooks.de\\\/a\\\/shop\\\/wp-content\\\/uploads\\\/2017\\\/12\\\/co-logo.png\",\"contentUrl\":\"https:\\\/\\\/conexbooks.de\\\/a\\\/shop\\\/wp-content\\\/uploads\\\/2017\\\/12\\\/co-logo.png\",\"width\":243,\"height\":122,\"caption\":\"Conex - books and more\"},\"image\":{\"@id\":\"https:\\\/\\\/conexbooks.de\\\/a\\\/shop\\\/#\\\/schema\\\/logo\\\/image\\\/\"}}]}<\/script>\n<!-- \/ Yoast SEO plugin. -->","yoast_head_json":{"title":"DVD: Gelebtes Mitgef\u00fchl - Living Compassion mit Robert Gonzales - Conex-Shop","robots":{"index":"index","follow":"follow","max-snippet":"max-snippet:-1","max-image-preview":"max-image-preview:large","max-video-preview":"max-video-preview:-1"},"canonical":"https:\/\/conexbooks.de\/a\/shop\/produkt\/dvd-gelebtes-mitgefuehl-living-compassion\/","og_locale":"de_DE","og_type":"article","og_title":"DVD: Gelebtes Mitgef\u00fchl - Living Compassion mit Robert Gonzales - Conex-Shop","og_description":"Mitschnitt eines 3-t\u00e4gigen Vertiefendes GFK-Seminar in Stuttgart vom 26. - 28. April 2011 mit Robert Gonzales englisch\/deutsch  6 DVDs; L\u00e4nge: ca. 12 h  DVD wird nur auf Anfrage produziert. Lieferzeit: 14 Tage Aktueller Preis kann kann abweichen.  DVD`s sind vom Umtausch ausgeschlossen.","og_url":"https:\/\/conexbooks.de\/a\/shop\/produkt\/dvd-gelebtes-mitgefuehl-living-compassion\/","og_site_name":"Conex-Shop","article_modified_time":"2024-11-22T14:39:46+00:00","og_image":[{"width":291,"height":235,"url":"https:\/\/conexbooks.de\/a\/shop\/wp-content\/uploads\/2020\/08\/334.png","type":"image\/png"}],"twitter_card":"summary_large_image","twitter_misc":{"Gesch\u00e4tzte Lesezeit":"2\u00a0Minuten"},"schema":{"@context":"https:\/\/schema.org","@graph":[{"@type":"WebPage","@id":"https:\/\/conexbooks.de\/a\/shop\/produkt\/dvd-gelebtes-mitgefuehl-living-compassion\/","url":"https:\/\/conexbooks.de\/a\/shop\/produkt\/dvd-gelebtes-mitgefuehl-living-compassion\/","name":"DVD: Gelebtes Mitgef\u00fchl - Living Compassion mit Robert Gonzales - Conex-Shop","isPartOf":{"@id":"https:\/\/conexbooks.de\/a\/shop\/#website"},"primaryImageOfPage":{"@id":"https:\/\/conexbooks.de\/a\/shop\/produkt\/dvd-gelebtes-mitgefuehl-living-compassion\/#primaryimage"},"image":{"@id":"https:\/\/conexbooks.de\/a\/shop\/produkt\/dvd-gelebtes-mitgefuehl-living-compassion\/#primaryimage"},"thumbnailUrl":"https:\/\/conexbooks.de\/a\/shop\/wp-content\/uploads\/2020\/08\/334.png","datePublished":"2020-08-02T12:18:39+00:00","dateModified":"2024-11-22T14:39:46+00:00","breadcrumb":{"@id":"https:\/\/conexbooks.de\/a\/shop\/produkt\/dvd-gelebtes-mitgefuehl-living-compassion\/#breadcrumb"},"inLanguage":"de","potentialAction":[{"@type":"ReadAction","target":["https:\/\/conexbooks.de\/a\/shop\/produkt\/dvd-gelebtes-mitgefuehl-living-compassion\/"]}]},{"@type":"ImageObject","inLanguage":"de","@id":"https:\/\/conexbooks.de\/a\/shop\/produkt\/dvd-gelebtes-mitgefuehl-living-compassion\/#primaryimage","url":"https:\/\/conexbooks.de\/a\/shop\/wp-content\/uploads\/2020\/08\/334.png","contentUrl":"https:\/\/conexbooks.de\/a\/shop\/wp-content\/uploads\/2020\/08\/334.png","width":291,"height":235},{"@type":"BreadcrumbList","@id":"https:\/\/conexbooks.de\/a\/shop\/produkt\/dvd-gelebtes-mitgefuehl-living-compassion\/#breadcrumb","itemListElement":[{"@type":"ListItem","position":1,"name":"Home","item":"https:\/\/conexbooks.de\/a\/shop\/"},{"@type":"ListItem","position":2,"name":"Shop","item":"https:\/\/conexbooks.de\/a\/shop\/shop\/"},{"@type":"ListItem","position":3,"name":"DVD: Gelebtes Mitgef\u00fchl &#8211; Living Compassion mit Robert Gonzales"}]},{"@type":"WebSite","@id":"https:\/\/conexbooks.de\/a\/shop\/#website","url":"https:\/\/conexbooks.de\/a\/shop\/","name":"Conex-Shop","description":"Alles f\u00fcr die gewaltfreie Kommunikation: B\u00fccher, Spiele. Handpuppen Seminarmaterial und Geschenke","publisher":{"@id":"https:\/\/conexbooks.de\/a\/shop\/#organization"},"potentialAction":[{"@type":"SearchAction","target":{"@type":"EntryPoint","urlTemplate":"https:\/\/conexbooks.de\/a\/shop\/?s={search_term_string}"},"query-input":{"@type":"PropertyValueSpecification","valueRequired":true,"valueName":"search_term_string"}}],"inLanguage":"de"},{"@type":"Organization","@id":"https:\/\/conexbooks.de\/a\/shop\/#organization","name":"Conex - books and more","url":"https:\/\/conexbooks.de\/a\/shop\/","logo":{"@type":"ImageObject","inLanguage":"de","@id":"https:\/\/conexbooks.de\/a\/shop\/#\/schema\/logo\/image\/","url":"https:\/\/conexbooks.de\/a\/shop\/wp-content\/uploads\/2017\/12\/co-logo.png","contentUrl":"https:\/\/conexbooks.de\/a\/shop\/wp-content\/uploads\/2017\/12\/co-logo.png","width":243,"height":122,"caption":"Conex - books and more"},"image":{"@id":"https:\/\/conexbooks.de\/a\/shop\/#\/schema\/logo\/image\/"}}]}},"_links":{"self":[{"href":"https:\/\/conexbooks.de\/a\/shop\/wp-json\/wp\/v2\/product\/16364","targetHints":{"allow":["GET"]}}],"collection":[{"href":"https:\/\/conexbooks.de\/a\/shop\/wp-json\/wp\/v2\/product"}],"about":[{"href":"https:\/\/conexbooks.de\/a\/shop\/wp-json\/wp\/v2\/types\/product"}],"wp:featuredmedia":[{"embeddable":true,"href":"https:\/\/conexbooks.de\/a\/shop\/wp-json\/wp\/v2\/media\/16365"}],"wp:attachment":[{"href":"https:\/\/conexbooks.de\/a\/shop\/wp-json\/wp\/v2\/media?parent=16364"}],"wp:term":[{"taxonomy":"product_brand","embeddable":true,"href":"https:\/\/conexbooks.de\/a\/shop\/wp-json\/wp\/v2\/product_brand?post=16364"},{"taxonomy":"product_cat","embeddable":true,"href":"https:\/\/conexbooks.de\/a\/shop\/wp-json\/wp\/v2\/product_cat?post=16364"},{"taxonomy":"product_tag","embeddable":true,"href":"https:\/\/conexbooks.de\/a\/shop\/wp-json\/wp\/v2\/product_tag?post=16364"}],"curies":[{"name":"wp","href":"https:\/\/api.w.org\/{rel}","templated":true}]}}