{"id":17221,"date":"2020-11-05T09:46:30","date_gmt":"2020-11-05T08:46:30","guid":{"rendered":"https:\/\/conexbooks.de\/a\/shop\/?post_type=product&#038;p=17221"},"modified":"2024-05-31T10:04:05","modified_gmt":"2024-05-31T08:04:05","slug":"magische-erlebnisse-gesammelt-von-gundi-gaschler","status":"publish","type":"product","link":"https:\/\/conexbooks.de\/a\/shop\/produkt\/magische-erlebnisse-gesammelt-von-gundi-gaschler\/","title":{"rendered":"Magische Erlebnisse gesammelt von Gundi Gaschler"},"content":{"rendered":"<h4>Kleine und gro\u00dfe erlebte Wunder<\/h4>\n<p>Jeder hat schon einmal etwas Magisches erlebt, aber nur selten dar\u00fcber gesprochen. Wenn diese magischen Geschichten erz\u00e4hlt werden, entsteht ein ganz besonderer Zauber. Gundi Gaschler hat ihn eingefangen. Sie hat Menschen, denen sie begegnet ist, eingeladen ihre &#8222;wunder&#8220;-baren Erlebnisse mit ihr zu teilen und die Magie, die dabei entstand, in diesem Buch festgehalten.<\/p>\n<p>Zum Schm\u00f6kern, Vorlesen und vor allem zum &#8222;Verzaubern&#8220; lassen.<\/p>\n<p>\u00dcber die Homepage <a href=\"http:\/\/www.gundigaschler.com\">www.gundigaschler.com<\/a> auch als H\u00f6rbuch erh\u00e4ltlich.<\/p>\n<p>Leserstimme <span class=\"review-details-label\">von<\/span> <strong class=\"review-details-value\">Hannah Hartenberg<\/strong>:<\/p>\n<p>Ein Buch voll mit magischen Geschichten, die das Leben schrieb.<br \/>\nWas f\u00fcr ein Geschenk, dass Gundi Gaschler sich aufgemacht hat, diese Geschichten zu sammeln. Es w\u00e4re zu schade, wenn wir nicht erfahren h\u00e4tten, wie das Leben spielt.<br \/>\nWunder-bar zum sich selber und Anderen Schenken!<br \/>\nWunder-bar als Gute-Nacht-Geschichten oder Ferienlekt\u00fcre.<br \/>\nUnd ganz nebenbei ver\u00e4ndert sich durch&#8217;s Lesen der Blick auf die magischen Geschichten des eigenen Lebens.<br \/>\n<div id='1' class='widgets_on_page wop_tiny1  wop_small1  wop_medium1  wop_large1  wop_wide1'>\n\t\t\t<ul><li id=\"custom_html-4\" class=\"widget_text widget widget_custom_html\"><div class=\"textwidget custom-html-widget\"><div style=\"text-align:left;\">\r\n<button class = \"button\" style=\"height: 30px; font-size: 0.8em;\" name=\"zuruck\" type=\"button\" onclick=\"history.back()\">Zur\u00fcck zur \u00dcbersicht<\/button><\/div><\/div><\/li><\/ul><\/div><!-- widgets_on_page --><\/p>\n","protected":false},"excerpt":{"rendered":"<p>Magische Erlebnisse<br \/>\ngesammelt von Gundi Gaschler<\/p>\n<p><span class=\"publisher\">BoD Verlag: Books on Demand<\/span> 2020<br \/>\n268 Seiten<br \/>\nHardcover<\/p>\n<p>&nbsp;<\/p>\n<p>&nbsp;<\/p>\n","protected":false},"featured_media":17224,"template":"","meta":[],"product_brand":[],"product_cat":[35,36,56],"product_tag":[226,223,227,225,131,224],"class_list":{"0":"post-17221","1":"product","2":"type-product","3":"status-publish","4":"has-post-thumbnail","6":"product_cat-besonders","7":"product_cat-deutsche-buecher","8":"product_cat-geschenke","9":"product_tag-geschenk","10":"product_tag-geschichten","11":"product_tag-gute-nacht-geschichten","12":"product_tag-magische-erlebnisse","13":"product_tag-wertschaetzung","14":"product_tag-wunder","16":"first","17":"outofstock","18":"shipping-taxable","19":"purchasable","20":"product-type-simple"},"yoast_head":"<!-- This site is optimized with the Yoast SEO plugin v27.4 - https:\/\/yoast.com\/product\/yoast-seo-wordpress\/ -->\n<title>Magische Erlebnisse gesammelt von Gundi Gaschler - Conex-Shop<\/title>\n<meta name=\"robots\" content=\"index, follow, max-snippet:-1, max-image-preview:large, max-video-preview:-1\" \/>\n<link rel=\"canonical\" href=\"https:\/\/conexbooks.de\/a\/shop\/produkt\/magische-erlebnisse-gesammelt-von-gundi-gaschler\/\" \/>\n<meta property=\"og:locale\" content=\"de_DE\" \/>\n<meta property=\"og:type\" content=\"article\" \/>\n<meta property=\"og:title\" content=\"Magische Erlebnisse gesammelt von Gundi Gaschler - Conex-Shop\" \/>\n<meta property=\"og:description\" content=\"Magische Erlebnisse gesammelt von Gundi Gaschler  BoD Verlag: Books on Demand 2020 268 Seiten Hardcover  &nbsp;  &nbsp;\" \/>\n<meta property=\"og:url\" content=\"https:\/\/conexbooks.de\/a\/shop\/produkt\/magische-erlebnisse-gesammelt-von-gundi-gaschler\/\" \/>\n<meta property=\"og:site_name\" content=\"Conex-Shop\" \/>\n<meta property=\"article:modified_time\" content=\"2024-05-31T08:04:05+00:00\" \/>\n<meta property=\"og:image\" content=\"https:\/\/conexbooks.de\/a\/shop\/wp-content\/uploads\/2020\/11\/075.png\" \/>\n\t<meta property=\"og:image:width\" content=\"200\" \/>\n\t<meta property=\"og:image:height\" content=\"288\" \/>\n\t<meta property=\"og:image:type\" content=\"image\/png\" \/>\n<meta name=\"twitter:card\" content=\"summary_large_image\" \/>\n<meta name=\"twitter:label1\" content=\"Gesch\u00e4tzte Lesezeit\" \/>\n\t<meta name=\"twitter:data1\" content=\"2\u00a0Minuten\" \/>\n<script type=\"application\/ld+json\" class=\"yoast-schema-graph\">{\"@context\":\"https:\\\/\\\/schema.org\",\"@graph\":[{\"@type\":\"WebPage\",\"@id\":\"https:\\\/\\\/conexbooks.de\\\/a\\\/shop\\\/produkt\\\/magische-erlebnisse-gesammelt-von-gundi-gaschler\\\/\",\"url\":\"https:\\\/\\\/conexbooks.de\\\/a\\\/shop\\\/produkt\\\/magische-erlebnisse-gesammelt-von-gundi-gaschler\\\/\",\"name\":\"Magische Erlebnisse gesammelt von Gundi Gaschler - Conex-Shop\",\"isPartOf\":{\"@id\":\"https:\\\/\\\/conexbooks.de\\\/a\\\/shop\\\/#website\"},\"primaryImageOfPage\":{\"@id\":\"https:\\\/\\\/conexbooks.de\\\/a\\\/shop\\\/produkt\\\/magische-erlebnisse-gesammelt-von-gundi-gaschler\\\/#primaryimage\"},\"image\":{\"@id\":\"https:\\\/\\\/conexbooks.de\\\/a\\\/shop\\\/produkt\\\/magische-erlebnisse-gesammelt-von-gundi-gaschler\\\/#primaryimage\"},\"thumbnailUrl\":\"https:\\\/\\\/conexbooks.de\\\/a\\\/shop\\\/wp-content\\\/uploads\\\/2020\\\/11\\\/075.png\",\"datePublished\":\"2020-11-05T08:46:30+00:00\",\"dateModified\":\"2024-05-31T08:04:05+00:00\",\"breadcrumb\":{\"@id\":\"https:\\\/\\\/conexbooks.de\\\/a\\\/shop\\\/produkt\\\/magische-erlebnisse-gesammelt-von-gundi-gaschler\\\/#breadcrumb\"},\"inLanguage\":\"de\",\"potentialAction\":[{\"@type\":\"ReadAction\",\"target\":[\"https:\\\/\\\/conexbooks.de\\\/a\\\/shop\\\/produkt\\\/magische-erlebnisse-gesammelt-von-gundi-gaschler\\\/\"]}]},{\"@type\":\"ImageObject\",\"inLanguage\":\"de\",\"@id\":\"https:\\\/\\\/conexbooks.de\\\/a\\\/shop\\\/produkt\\\/magische-erlebnisse-gesammelt-von-gundi-gaschler\\\/#primaryimage\",\"url\":\"https:\\\/\\\/conexbooks.de\\\/a\\\/shop\\\/wp-content\\\/uploads\\\/2020\\\/11\\\/075.png\",\"contentUrl\":\"https:\\\/\\\/conexbooks.de\\\/a\\\/shop\\\/wp-content\\\/uploads\\\/2020\\\/11\\\/075.png\",\"width\":200,\"height\":288},{\"@type\":\"BreadcrumbList\",\"@id\":\"https:\\\/\\\/conexbooks.de\\\/a\\\/shop\\\/produkt\\\/magische-erlebnisse-gesammelt-von-gundi-gaschler\\\/#breadcrumb\",\"itemListElement\":[{\"@type\":\"ListItem\",\"position\":1,\"name\":\"Home\",\"item\":\"https:\\\/\\\/conexbooks.de\\\/a\\\/shop\\\/\"},{\"@type\":\"ListItem\",\"position\":2,\"name\":\"Shop\",\"item\":\"https:\\\/\\\/conexbooks.de\\\/a\\\/shop\\\/shop\\\/\"},{\"@type\":\"ListItem\",\"position\":3,\"name\":\"Magische Erlebnisse gesammelt von Gundi Gaschler\"}]},{\"@type\":\"WebSite\",\"@id\":\"https:\\\/\\\/conexbooks.de\\\/a\\\/shop\\\/#website\",\"url\":\"https:\\\/\\\/conexbooks.de\\\/a\\\/shop\\\/\",\"name\":\"Conex-Shop\",\"description\":\"Alles f\u00fcr die gewaltfreie Kommunikation: B\u00fccher, Spiele. Handpuppen Seminarmaterial und Geschenke\",\"publisher\":{\"@id\":\"https:\\\/\\\/conexbooks.de\\\/a\\\/shop\\\/#organization\"},\"potentialAction\":[{\"@type\":\"SearchAction\",\"target\":{\"@type\":\"EntryPoint\",\"urlTemplate\":\"https:\\\/\\\/conexbooks.de\\\/a\\\/shop\\\/?s={search_term_string}\"},\"query-input\":{\"@type\":\"PropertyValueSpecification\",\"valueRequired\":true,\"valueName\":\"search_term_string\"}}],\"inLanguage\":\"de\"},{\"@type\":\"Organization\",\"@id\":\"https:\\\/\\\/conexbooks.de\\\/a\\\/shop\\\/#organization\",\"name\":\"Conex - books and more\",\"url\":\"https:\\\/\\\/conexbooks.de\\\/a\\\/shop\\\/\",\"logo\":{\"@type\":\"ImageObject\",\"inLanguage\":\"de\",\"@id\":\"https:\\\/\\\/conexbooks.de\\\/a\\\/shop\\\/#\\\/schema\\\/logo\\\/image\\\/\",\"url\":\"https:\\\/\\\/conexbooks.de\\\/a\\\/shop\\\/wp-content\\\/uploads\\\/2017\\\/12\\\/co-logo.png\",\"contentUrl\":\"https:\\\/\\\/conexbooks.de\\\/a\\\/shop\\\/wp-content\\\/uploads\\\/2017\\\/12\\\/co-logo.png\",\"width\":243,\"height\":122,\"caption\":\"Conex - books and more\"},\"image\":{\"@id\":\"https:\\\/\\\/conexbooks.de\\\/a\\\/shop\\\/#\\\/schema\\\/logo\\\/image\\\/\"}}]}<\/script>\n<!-- \/ Yoast SEO plugin. -->","yoast_head_json":{"title":"Magische Erlebnisse gesammelt von Gundi Gaschler - Conex-Shop","robots":{"index":"index","follow":"follow","max-snippet":"max-snippet:-1","max-image-preview":"max-image-preview:large","max-video-preview":"max-video-preview:-1"},"canonical":"https:\/\/conexbooks.de\/a\/shop\/produkt\/magische-erlebnisse-gesammelt-von-gundi-gaschler\/","og_locale":"de_DE","og_type":"article","og_title":"Magische Erlebnisse gesammelt von Gundi Gaschler - Conex-Shop","og_description":"Magische Erlebnisse gesammelt von Gundi Gaschler  BoD Verlag: Books on Demand 2020 268 Seiten Hardcover  &nbsp;  &nbsp;","og_url":"https:\/\/conexbooks.de\/a\/shop\/produkt\/magische-erlebnisse-gesammelt-von-gundi-gaschler\/","og_site_name":"Conex-Shop","article_modified_time":"2024-05-31T08:04:05+00:00","og_image":[{"width":200,"height":288,"url":"https:\/\/conexbooks.de\/a\/shop\/wp-content\/uploads\/2020\/11\/075.png","type":"image\/png"}],"twitter_card":"summary_large_image","twitter_misc":{"Gesch\u00e4tzte Lesezeit":"2\u00a0Minuten"},"schema":{"@context":"https:\/\/schema.org","@graph":[{"@type":"WebPage","@id":"https:\/\/conexbooks.de\/a\/shop\/produkt\/magische-erlebnisse-gesammelt-von-gundi-gaschler\/","url":"https:\/\/conexbooks.de\/a\/shop\/produkt\/magische-erlebnisse-gesammelt-von-gundi-gaschler\/","name":"Magische Erlebnisse gesammelt von Gundi Gaschler - Conex-Shop","isPartOf":{"@id":"https:\/\/conexbooks.de\/a\/shop\/#website"},"primaryImageOfPage":{"@id":"https:\/\/conexbooks.de\/a\/shop\/produkt\/magische-erlebnisse-gesammelt-von-gundi-gaschler\/#primaryimage"},"image":{"@id":"https:\/\/conexbooks.de\/a\/shop\/produkt\/magische-erlebnisse-gesammelt-von-gundi-gaschler\/#primaryimage"},"thumbnailUrl":"https:\/\/conexbooks.de\/a\/shop\/wp-content\/uploads\/2020\/11\/075.png","datePublished":"2020-11-05T08:46:30+00:00","dateModified":"2024-05-31T08:04:05+00:00","breadcrumb":{"@id":"https:\/\/conexbooks.de\/a\/shop\/produkt\/magische-erlebnisse-gesammelt-von-gundi-gaschler\/#breadcrumb"},"inLanguage":"de","potentialAction":[{"@type":"ReadAction","target":["https:\/\/conexbooks.de\/a\/shop\/produkt\/magische-erlebnisse-gesammelt-von-gundi-gaschler\/"]}]},{"@type":"ImageObject","inLanguage":"de","@id":"https:\/\/conexbooks.de\/a\/shop\/produkt\/magische-erlebnisse-gesammelt-von-gundi-gaschler\/#primaryimage","url":"https:\/\/conexbooks.de\/a\/shop\/wp-content\/uploads\/2020\/11\/075.png","contentUrl":"https:\/\/conexbooks.de\/a\/shop\/wp-content\/uploads\/2020\/11\/075.png","width":200,"height":288},{"@type":"BreadcrumbList","@id":"https:\/\/conexbooks.de\/a\/shop\/produkt\/magische-erlebnisse-gesammelt-von-gundi-gaschler\/#breadcrumb","itemListElement":[{"@type":"ListItem","position":1,"name":"Home","item":"https:\/\/conexbooks.de\/a\/shop\/"},{"@type":"ListItem","position":2,"name":"Shop","item":"https:\/\/conexbooks.de\/a\/shop\/shop\/"},{"@type":"ListItem","position":3,"name":"Magische Erlebnisse gesammelt von Gundi Gaschler"}]},{"@type":"WebSite","@id":"https:\/\/conexbooks.de\/a\/shop\/#website","url":"https:\/\/conexbooks.de\/a\/shop\/","name":"Conex-Shop","description":"Alles f\u00fcr die gewaltfreie Kommunikation: B\u00fccher, Spiele. Handpuppen Seminarmaterial und Geschenke","publisher":{"@id":"https:\/\/conexbooks.de\/a\/shop\/#organization"},"potentialAction":[{"@type":"SearchAction","target":{"@type":"EntryPoint","urlTemplate":"https:\/\/conexbooks.de\/a\/shop\/?s={search_term_string}"},"query-input":{"@type":"PropertyValueSpecification","valueRequired":true,"valueName":"search_term_string"}}],"inLanguage":"de"},{"@type":"Organization","@id":"https:\/\/conexbooks.de\/a\/shop\/#organization","name":"Conex - books and more","url":"https:\/\/conexbooks.de\/a\/shop\/","logo":{"@type":"ImageObject","inLanguage":"de","@id":"https:\/\/conexbooks.de\/a\/shop\/#\/schema\/logo\/image\/","url":"https:\/\/conexbooks.de\/a\/shop\/wp-content\/uploads\/2017\/12\/co-logo.png","contentUrl":"https:\/\/conexbooks.de\/a\/shop\/wp-content\/uploads\/2017\/12\/co-logo.png","width":243,"height":122,"caption":"Conex - books and more"},"image":{"@id":"https:\/\/conexbooks.de\/a\/shop\/#\/schema\/logo\/image\/"}}]}},"_links":{"self":[{"href":"https:\/\/conexbooks.de\/a\/shop\/wp-json\/wp\/v2\/product\/17221","targetHints":{"allow":["GET"]}}],"collection":[{"href":"https:\/\/conexbooks.de\/a\/shop\/wp-json\/wp\/v2\/product"}],"about":[{"href":"https:\/\/conexbooks.de\/a\/shop\/wp-json\/wp\/v2\/types\/product"}],"wp:featuredmedia":[{"embeddable":true,"href":"https:\/\/conexbooks.de\/a\/shop\/wp-json\/wp\/v2\/media\/17224"}],"wp:attachment":[{"href":"https:\/\/conexbooks.de\/a\/shop\/wp-json\/wp\/v2\/media?parent=17221"}],"wp:term":[{"taxonomy":"product_brand","embeddable":true,"href":"https:\/\/conexbooks.de\/a\/shop\/wp-json\/wp\/v2\/product_brand?post=17221"},{"taxonomy":"product_cat","embeddable":true,"href":"https:\/\/conexbooks.de\/a\/shop\/wp-json\/wp\/v2\/product_cat?post=17221"},{"taxonomy":"product_tag","embeddable":true,"href":"https:\/\/conexbooks.de\/a\/shop\/wp-json\/wp\/v2\/product_tag?post=17221"}],"curies":[{"name":"wp","href":"https:\/\/api.w.org\/{rel}","templated":true}]}}