{"id":17226,"date":"2020-11-05T10:16:28","date_gmt":"2020-11-05T09:16:28","guid":{"rendered":"https:\/\/conexbooks.de\/a\/shop\/?post_type=product&#038;p=17226"},"modified":"2025-10-17T21:50:57","modified_gmt":"2025-10-17T19:50:57","slug":"das-lieblings-uebungsbuch-gewaltfreie-kommunikation","status":"publish","type":"product","link":"https:\/\/conexbooks.de\/a\/shop\/produkt\/das-lieblings-uebungsbuch-gewaltfreie-kommunikation\/","title":{"rendered":"Das Lieblings-\u00dcbungsbuch Gewaltfreie Kommunikation"},"content":{"rendered":"<h4>Das Lieblings\u00fcbungsbuch Gewaltfreie Kommunikation &#8230;<\/h4>\n<p>&#8230; ist die Sammlung von Lieblings\u00fcbungen von 30 GFK-Trainer*innen aus dem gesamten deutschsprachigen Raum. Sie alle teilen ihre Faszination f\u00fcr GFK und zeigen die Vielfalt von Anwendungsm\u00f6glichkeiten. Es kann als Inspiration dienen, sich selbst und anderen zu begegnen, die Schritte der Gewaltfreiein Kommunikation kennezulernen und zu vertiefen, sowie Selbstempathie und Empathie zu \u00fcben.<\/p>\n<p>Von Einstiegs\u00fcbungen zum Entdecken von Gef\u00fchlen und Bed\u00fcrfnissen, \u00fcber die Anwendung in Familie und in der Begleitung von jungen Menschen bis hin zur professionellen Begleitung von Konflikten und dem Einsatz in \u00dcbungsgruppen und Seminaren.<\/p>\n<p>Das \u00dcbungsbuch ist auch als E-Book auf CD <a href=\"http:\/\/www.giraffen.shop\/de\/onlinekurse\/\">hier<\/a> erh\u00e4ltlich, oder verg\u00fcnstigt als Set Buch und E-Book.<\/p>\n<div id='1' class='widgets_on_page wop_tiny1  wop_small1  wop_medium1  wop_large1  wop_wide1'>\n\t\t\t<ul><li id=\"custom_html-4\" class=\"widget_text widget widget_custom_html\"><div class=\"textwidget custom-html-widget\"><div style=\"text-align:left;\">\r\n<button class = \"button\" style=\"height: 30px; font-size: 0.8em;\" name=\"zuruck\" type=\"button\" onclick=\"history.back()\">Zur\u00fcck zur \u00dcbersicht<\/button><\/div><\/div><\/li><\/ul><\/div><!-- widgets_on_page -->\n","protected":false},"excerpt":{"rendered":"<h3>Jens Neumann<br \/>\nDas Lieblings-\u00dcbungsbuch Gewaltfreie Kommunikation<\/h3>\n<p>Eigenproduktion der MUT-Fabrik &#8211; Jens Neumann <a href=\"http:\/\/www.mut-fabrik.de\/\" target=\"_blank\" rel=\"noopener noreferrer\">www.mut-fabrik.de<\/a><\/p>\n<p>264 Seite<br \/>\nPaperback, Format A5<\/p>\n<p>&nbsp;<\/p>\n","protected":false},"featured_media":17227,"template":"","meta":[],"product_brand":[],"product_cat":[45,36,51],"product_tag":[229,232,104,231,134,228,230],"class_list":{"0":"post-17226","1":"product","2":"type-product","3":"status-publish","4":"has-post-thumbnail","6":"product_cat-arbeit-sonstiges","7":"product_cat-deutsche-buecher","8":"product_cat-seminarmaterial","9":"product_tag-anwendung-der-gfk","10":"product_tag-begleitung","11":"product_tag-empathie","12":"product_tag-familie-konflikte","13":"product_tag-selbstempathie","14":"product_tag-uebungen-inspiration","15":"product_tag-uebungsgruppen","17":"first","18":"instock","19":"shipping-taxable","20":"purchasable","21":"product-type-simple"},"yoast_head":"<!-- This site is optimized with the Yoast SEO plugin v27.3 - https:\/\/yoast.com\/product\/yoast-seo-wordpress\/ -->\n<title>Das Lieblings-\u00dcbungsbuch Gewaltfreie Kommunikation - Conex-Shop<\/title>\n<meta name=\"robots\" content=\"index, follow, max-snippet:-1, max-image-preview:large, max-video-preview:-1\" \/>\n<link rel=\"canonical\" href=\"https:\/\/conexbooks.de\/a\/shop\/produkt\/das-lieblings-uebungsbuch-gewaltfreie-kommunikation\/\" \/>\n<meta property=\"og:locale\" content=\"de_DE\" \/>\n<meta property=\"og:type\" content=\"article\" \/>\n<meta property=\"og:title\" content=\"Das Lieblings-\u00dcbungsbuch Gewaltfreie Kommunikation - Conex-Shop\" \/>\n<meta property=\"og:description\" content=\"Jens Neumann Das Lieblings-\u00dcbungsbuch Gewaltfreie Kommunikation Eigenproduktion der MUT-Fabrik - Jens Neumann www.mut-fabrik.de  264 Seite Paperback, Format A5  &nbsp;\" \/>\n<meta property=\"og:url\" content=\"https:\/\/conexbooks.de\/a\/shop\/produkt\/das-lieblings-uebungsbuch-gewaltfreie-kommunikation\/\" \/>\n<meta property=\"og:site_name\" content=\"Conex-Shop\" \/>\n<meta property=\"article:modified_time\" content=\"2025-10-17T19:50:57+00:00\" \/>\n<meta property=\"og:image\" content=\"https:\/\/conexbooks.de\/a\/shop\/wp-content\/uploads\/2020\/11\/070.png\" \/>\n\t<meta property=\"og:image:width\" content=\"200\" \/>\n\t<meta property=\"og:image:height\" content=\"284\" \/>\n\t<meta property=\"og:image:type\" content=\"image\/png\" \/>\n<meta name=\"twitter:card\" content=\"summary_large_image\" \/>\n<meta name=\"twitter:label1\" content=\"Gesch\u00e4tzte Lesezeit\" \/>\n\t<meta name=\"twitter:data1\" content=\"1\u00a0Minute\" \/>\n<script type=\"application\/ld+json\" class=\"yoast-schema-graph\">{\"@context\":\"https:\\\/\\\/schema.org\",\"@graph\":[{\"@type\":\"WebPage\",\"@id\":\"https:\\\/\\\/conexbooks.de\\\/a\\\/shop\\\/produkt\\\/das-lieblings-uebungsbuch-gewaltfreie-kommunikation\\\/\",\"url\":\"https:\\\/\\\/conexbooks.de\\\/a\\\/shop\\\/produkt\\\/das-lieblings-uebungsbuch-gewaltfreie-kommunikation\\\/\",\"name\":\"Das Lieblings-\u00dcbungsbuch Gewaltfreie Kommunikation - Conex-Shop\",\"isPartOf\":{\"@id\":\"https:\\\/\\\/conexbooks.de\\\/a\\\/shop\\\/#website\"},\"primaryImageOfPage\":{\"@id\":\"https:\\\/\\\/conexbooks.de\\\/a\\\/shop\\\/produkt\\\/das-lieblings-uebungsbuch-gewaltfreie-kommunikation\\\/#primaryimage\"},\"image\":{\"@id\":\"https:\\\/\\\/conexbooks.de\\\/a\\\/shop\\\/produkt\\\/das-lieblings-uebungsbuch-gewaltfreie-kommunikation\\\/#primaryimage\"},\"thumbnailUrl\":\"https:\\\/\\\/conexbooks.de\\\/a\\\/shop\\\/wp-content\\\/uploads\\\/2020\\\/11\\\/070.png\",\"datePublished\":\"2020-11-05T09:16:28+00:00\",\"dateModified\":\"2025-10-17T19:50:57+00:00\",\"breadcrumb\":{\"@id\":\"https:\\\/\\\/conexbooks.de\\\/a\\\/shop\\\/produkt\\\/das-lieblings-uebungsbuch-gewaltfreie-kommunikation\\\/#breadcrumb\"},\"inLanguage\":\"de\",\"potentialAction\":[{\"@type\":\"ReadAction\",\"target\":[\"https:\\\/\\\/conexbooks.de\\\/a\\\/shop\\\/produkt\\\/das-lieblings-uebungsbuch-gewaltfreie-kommunikation\\\/\"]}]},{\"@type\":\"ImageObject\",\"inLanguage\":\"de\",\"@id\":\"https:\\\/\\\/conexbooks.de\\\/a\\\/shop\\\/produkt\\\/das-lieblings-uebungsbuch-gewaltfreie-kommunikation\\\/#primaryimage\",\"url\":\"https:\\\/\\\/conexbooks.de\\\/a\\\/shop\\\/wp-content\\\/uploads\\\/2020\\\/11\\\/070.png\",\"contentUrl\":\"https:\\\/\\\/conexbooks.de\\\/a\\\/shop\\\/wp-content\\\/uploads\\\/2020\\\/11\\\/070.png\",\"width\":200,\"height\":284},{\"@type\":\"BreadcrumbList\",\"@id\":\"https:\\\/\\\/conexbooks.de\\\/a\\\/shop\\\/produkt\\\/das-lieblings-uebungsbuch-gewaltfreie-kommunikation\\\/#breadcrumb\",\"itemListElement\":[{\"@type\":\"ListItem\",\"position\":1,\"name\":\"Home\",\"item\":\"https:\\\/\\\/conexbooks.de\\\/a\\\/shop\\\/\"},{\"@type\":\"ListItem\",\"position\":2,\"name\":\"Shop\",\"item\":\"https:\\\/\\\/conexbooks.de\\\/a\\\/shop\\\/shop\\\/\"},{\"@type\":\"ListItem\",\"position\":3,\"name\":\"Das Lieblings-\u00dcbungsbuch Gewaltfreie Kommunikation\"}]},{\"@type\":\"WebSite\",\"@id\":\"https:\\\/\\\/conexbooks.de\\\/a\\\/shop\\\/#website\",\"url\":\"https:\\\/\\\/conexbooks.de\\\/a\\\/shop\\\/\",\"name\":\"Conex-Shop\",\"description\":\"Alles f\u00fcr die gewaltfreie Kommunikation: B\u00fccher, Spiele. Handpuppen Seminarmaterial und Geschenke\",\"publisher\":{\"@id\":\"https:\\\/\\\/conexbooks.de\\\/a\\\/shop\\\/#organization\"},\"potentialAction\":[{\"@type\":\"SearchAction\",\"target\":{\"@type\":\"EntryPoint\",\"urlTemplate\":\"https:\\\/\\\/conexbooks.de\\\/a\\\/shop\\\/?s={search_term_string}\"},\"query-input\":{\"@type\":\"PropertyValueSpecification\",\"valueRequired\":true,\"valueName\":\"search_term_string\"}}],\"inLanguage\":\"de\"},{\"@type\":\"Organization\",\"@id\":\"https:\\\/\\\/conexbooks.de\\\/a\\\/shop\\\/#organization\",\"name\":\"Conex - books and more\",\"url\":\"https:\\\/\\\/conexbooks.de\\\/a\\\/shop\\\/\",\"logo\":{\"@type\":\"ImageObject\",\"inLanguage\":\"de\",\"@id\":\"https:\\\/\\\/conexbooks.de\\\/a\\\/shop\\\/#\\\/schema\\\/logo\\\/image\\\/\",\"url\":\"https:\\\/\\\/conexbooks.de\\\/a\\\/shop\\\/wp-content\\\/uploads\\\/2017\\\/12\\\/co-logo.png\",\"contentUrl\":\"https:\\\/\\\/conexbooks.de\\\/a\\\/shop\\\/wp-content\\\/uploads\\\/2017\\\/12\\\/co-logo.png\",\"width\":243,\"height\":122,\"caption\":\"Conex - books and more\"},\"image\":{\"@id\":\"https:\\\/\\\/conexbooks.de\\\/a\\\/shop\\\/#\\\/schema\\\/logo\\\/image\\\/\"}}]}<\/script>\n<!-- \/ Yoast SEO plugin. -->","yoast_head_json":{"title":"Das Lieblings-\u00dcbungsbuch Gewaltfreie Kommunikation - Conex-Shop","robots":{"index":"index","follow":"follow","max-snippet":"max-snippet:-1","max-image-preview":"max-image-preview:large","max-video-preview":"max-video-preview:-1"},"canonical":"https:\/\/conexbooks.de\/a\/shop\/produkt\/das-lieblings-uebungsbuch-gewaltfreie-kommunikation\/","og_locale":"de_DE","og_type":"article","og_title":"Das Lieblings-\u00dcbungsbuch Gewaltfreie Kommunikation - Conex-Shop","og_description":"Jens Neumann Das Lieblings-\u00dcbungsbuch Gewaltfreie Kommunikation Eigenproduktion der MUT-Fabrik - Jens Neumann www.mut-fabrik.de  264 Seite Paperback, Format A5  &nbsp;","og_url":"https:\/\/conexbooks.de\/a\/shop\/produkt\/das-lieblings-uebungsbuch-gewaltfreie-kommunikation\/","og_site_name":"Conex-Shop","article_modified_time":"2025-10-17T19:50:57+00:00","og_image":[{"width":200,"height":284,"url":"https:\/\/conexbooks.de\/a\/shop\/wp-content\/uploads\/2020\/11\/070.png","type":"image\/png"}],"twitter_card":"summary_large_image","twitter_misc":{"Gesch\u00e4tzte Lesezeit":"1\u00a0Minute"},"schema":{"@context":"https:\/\/schema.org","@graph":[{"@type":"WebPage","@id":"https:\/\/conexbooks.de\/a\/shop\/produkt\/das-lieblings-uebungsbuch-gewaltfreie-kommunikation\/","url":"https:\/\/conexbooks.de\/a\/shop\/produkt\/das-lieblings-uebungsbuch-gewaltfreie-kommunikation\/","name":"Das Lieblings-\u00dcbungsbuch Gewaltfreie Kommunikation - Conex-Shop","isPartOf":{"@id":"https:\/\/conexbooks.de\/a\/shop\/#website"},"primaryImageOfPage":{"@id":"https:\/\/conexbooks.de\/a\/shop\/produkt\/das-lieblings-uebungsbuch-gewaltfreie-kommunikation\/#primaryimage"},"image":{"@id":"https:\/\/conexbooks.de\/a\/shop\/produkt\/das-lieblings-uebungsbuch-gewaltfreie-kommunikation\/#primaryimage"},"thumbnailUrl":"https:\/\/conexbooks.de\/a\/shop\/wp-content\/uploads\/2020\/11\/070.png","datePublished":"2020-11-05T09:16:28+00:00","dateModified":"2025-10-17T19:50:57+00:00","breadcrumb":{"@id":"https:\/\/conexbooks.de\/a\/shop\/produkt\/das-lieblings-uebungsbuch-gewaltfreie-kommunikation\/#breadcrumb"},"inLanguage":"de","potentialAction":[{"@type":"ReadAction","target":["https:\/\/conexbooks.de\/a\/shop\/produkt\/das-lieblings-uebungsbuch-gewaltfreie-kommunikation\/"]}]},{"@type":"ImageObject","inLanguage":"de","@id":"https:\/\/conexbooks.de\/a\/shop\/produkt\/das-lieblings-uebungsbuch-gewaltfreie-kommunikation\/#primaryimage","url":"https:\/\/conexbooks.de\/a\/shop\/wp-content\/uploads\/2020\/11\/070.png","contentUrl":"https:\/\/conexbooks.de\/a\/shop\/wp-content\/uploads\/2020\/11\/070.png","width":200,"height":284},{"@type":"BreadcrumbList","@id":"https:\/\/conexbooks.de\/a\/shop\/produkt\/das-lieblings-uebungsbuch-gewaltfreie-kommunikation\/#breadcrumb","itemListElement":[{"@type":"ListItem","position":1,"name":"Home","item":"https:\/\/conexbooks.de\/a\/shop\/"},{"@type":"ListItem","position":2,"name":"Shop","item":"https:\/\/conexbooks.de\/a\/shop\/shop\/"},{"@type":"ListItem","position":3,"name":"Das Lieblings-\u00dcbungsbuch Gewaltfreie Kommunikation"}]},{"@type":"WebSite","@id":"https:\/\/conexbooks.de\/a\/shop\/#website","url":"https:\/\/conexbooks.de\/a\/shop\/","name":"Conex-Shop","description":"Alles f\u00fcr die gewaltfreie Kommunikation: B\u00fccher, Spiele. Handpuppen Seminarmaterial und Geschenke","publisher":{"@id":"https:\/\/conexbooks.de\/a\/shop\/#organization"},"potentialAction":[{"@type":"SearchAction","target":{"@type":"EntryPoint","urlTemplate":"https:\/\/conexbooks.de\/a\/shop\/?s={search_term_string}"},"query-input":{"@type":"PropertyValueSpecification","valueRequired":true,"valueName":"search_term_string"}}],"inLanguage":"de"},{"@type":"Organization","@id":"https:\/\/conexbooks.de\/a\/shop\/#organization","name":"Conex - books and more","url":"https:\/\/conexbooks.de\/a\/shop\/","logo":{"@type":"ImageObject","inLanguage":"de","@id":"https:\/\/conexbooks.de\/a\/shop\/#\/schema\/logo\/image\/","url":"https:\/\/conexbooks.de\/a\/shop\/wp-content\/uploads\/2017\/12\/co-logo.png","contentUrl":"https:\/\/conexbooks.de\/a\/shop\/wp-content\/uploads\/2017\/12\/co-logo.png","width":243,"height":122,"caption":"Conex - books and more"},"image":{"@id":"https:\/\/conexbooks.de\/a\/shop\/#\/schema\/logo\/image\/"}}]}},"_links":{"self":[{"href":"https:\/\/conexbooks.de\/a\/shop\/wp-json\/wp\/v2\/product\/17226","targetHints":{"allow":["GET"]}}],"collection":[{"href":"https:\/\/conexbooks.de\/a\/shop\/wp-json\/wp\/v2\/product"}],"about":[{"href":"https:\/\/conexbooks.de\/a\/shop\/wp-json\/wp\/v2\/types\/product"}],"wp:featuredmedia":[{"embeddable":true,"href":"https:\/\/conexbooks.de\/a\/shop\/wp-json\/wp\/v2\/media\/17227"}],"wp:attachment":[{"href":"https:\/\/conexbooks.de\/a\/shop\/wp-json\/wp\/v2\/media?parent=17226"}],"wp:term":[{"taxonomy":"product_brand","embeddable":true,"href":"https:\/\/conexbooks.de\/a\/shop\/wp-json\/wp\/v2\/product_brand?post=17226"},{"taxonomy":"product_cat","embeddable":true,"href":"https:\/\/conexbooks.de\/a\/shop\/wp-json\/wp\/v2\/product_cat?post=17226"},{"taxonomy":"product_tag","embeddable":true,"href":"https:\/\/conexbooks.de\/a\/shop\/wp-json\/wp\/v2\/product_tag?post=17226"}],"curies":[{"name":"wp","href":"https:\/\/api.w.org\/{rel}","templated":true}]}}