{"id":17834,"date":"2021-03-19T17:39:30","date_gmt":"2021-03-19T16:39:30","guid":{"rendered":"https:\/\/conexbooks.de\/a\/shop\/?post_type=product&#038;p=17834"},"modified":"2026-03-05T18:45:55","modified_gmt":"2026-03-05T17:45:55","slug":"beduerfniskarten-set-love-needs","status":"publish","type":"product","link":"https:\/\/conexbooks.de\/a\/shop\/produkt\/beduerfniskarten-set-love-needs\/","title":{"rendered":"Bed\u00fcrfniskarten-Set \u00abLove Needs\u00bb"},"content":{"rendered":"<h1>Bed\u00fcrfniskarten-Set \u00abLove Needs\u00bb<\/h1>\n<div class=\"row\">\n<div class=\"col-lg-12 lp-single\">\n<p><strong>Love Needs \u2013 Ein Kartenset zum Gernhaben.<\/strong><\/p>\n<p>Dieses Kartenset l\u00e4dt Sie ein, die Gewaltfreie Kommunikation zu erlernen und sich intensiver mit Ihren eigenen Bedu\u0308rfnissen zu besch\u00e4ftigen. Denn bedu\u0308rfnisorientiert zu leben, bedeutet mehr Zufriedenheit und Gelassenheit.<\/p>\n<p>Lassen Sie sich zu Ihren ganz eigenen Lieblings-Kombinationen fu\u0308hren, die beru\u0308hren, w\u00e4rmen und das Seelenwohl n\u00e4hren.<\/p>\n<p>Konkretisieren Sie Ihre Bed\u00fcrfnisse! Haben Sie beispielsweise das Bedu\u0308rfnis nach N\u00e4he, u\u0308berlegen Sie jetzt, ob Sie sich eher eine \u00abaufbauende\u00bb, eine \u00abverl\u00e4ssliche\u00bb oder eine \u00abw\u00e4rmende\u00bb N\u00e4he wu\u0308nschen. Analog probieren Sie das mit den anderen Bedu\u0308rfnissen. Es gibt jeweils f\u00fcnf Wahlm\u00f6glichkeiten zu jedem der 33 Bed\u00fcrfnisse. Das ergibt 165 Bed\u00fcrfnis-Kombinationen!<\/p>\n<p>Wer genau realisiert, wie das gewu\u0308nschte Bedu\u0308rfnis sein darf, \u00f6ffnet den bewussteren Zugang dorthin.<\/p>\n<p>Dieses Set enth\u00e4lt:<br \/>\n33 Bedu\u0308rfniskarten, in die Sie sich verlieben k\u00f6nnen.<br \/>\nBooklet f\u00fcr die Anwendung<\/p>\n<\/div>\n<\/div>\n<div id='1' class='widgets_on_page wop_tiny1  wop_small1  wop_medium1  wop_large1  wop_wide1'>\n\t\t\t<ul><li id=\"custom_html-4\" class=\"widget_text widget widget_custom_html\"><div class=\"textwidget custom-html-widget\"><div style=\"text-align:left;\">\r\n<button class = \"button\" style=\"height: 30px; font-size: 0.8em;\" name=\"zuruck\" type=\"button\" onclick=\"history.back()\">Zur\u00fcck zur \u00dcbersicht<\/button><\/div><\/div><\/li><\/ul><\/div><!-- widgets_on_page -->\n","protected":false},"excerpt":{"rendered":"<h4>Bed\u00fcrfniskarten-Set \u00abLove Needs\u00bb<\/h4>\n<p>gestaltet von Uschi Kellenberger, Schweiz<\/p>\n<p class=\"first\">33 Bed\u00fcrfniskarten; Gr\u00f6\u00dfe: 59 x 91 mm<br \/>\nBooklet mit Anregungen f\u00fcr die Anwendung<\/p>\n<p class=\"first\">Verpackt in transparentem Kunststoff-Etui.<\/p>\n","protected":false},"featured_media":17835,"template":"","meta":[],"product_brand":[],"product_cat":[481,56,629,39,51,47],"product_tag":[72,71,134,257],"class_list":{"0":"post-17834","1":"product","2":"type-product","3":"status-publish","4":"has-post-thumbnail","6":"product_cat-gefuehle-und-beduerfniskarten","7":"product_cat-geschenke","8":"product_cat-ukellenberger","9":"product_cat-persoenliche-entwicklung","10":"product_cat-seminarmaterial","11":"product_cat-sonstiges","12":"product_tag-beduerfniskarten","13":"product_tag-kartenset","14":"product_tag-selbstempathie","15":"product_tag-selbstklaerung","17":"first","18":"instock","19":"sale","20":"shipping-taxable","21":"purchasable","22":"product-type-simple"},"yoast_head":"<!-- This site is optimized with the Yoast SEO plugin v27.3 - https:\/\/yoast.com\/product\/yoast-seo-wordpress\/ -->\n<title>Bed\u00fcrfniskarten-Set \u00abLove Needs\u00bb - Conex-Shop<\/title>\n<meta name=\"robots\" content=\"index, follow, max-snippet:-1, max-image-preview:large, max-video-preview:-1\" \/>\n<link rel=\"canonical\" href=\"https:\/\/conexbooks.de\/a\/shop\/produkt\/beduerfniskarten-set-love-needs\/\" \/>\n<meta property=\"og:locale\" content=\"de_DE\" \/>\n<meta property=\"og:type\" content=\"article\" \/>\n<meta property=\"og:title\" content=\"Bed\u00fcrfniskarten-Set \u00abLove Needs\u00bb - Conex-Shop\" \/>\n<meta property=\"og:description\" content=\"Bed\u00fcrfniskarten-Set \u00abLove Needs\u00bb gestaltet von Uschi Kellenberger, Schweiz 33 Bed\u00fcrfniskarten; Gr\u00f6\u00dfe: 59 x 91 mm Booklet mit Anregungen f\u00fcr die Anwendung Verpackt in transparentem Kunststoff-Etui.\" \/>\n<meta property=\"og:url\" content=\"https:\/\/conexbooks.de\/a\/shop\/produkt\/beduerfniskarten-set-love-needs\/\" \/>\n<meta property=\"og:site_name\" content=\"Conex-Shop\" \/>\n<meta property=\"article:modified_time\" content=\"2026-03-05T17:45:55+00:00\" \/>\n<meta property=\"og:image\" content=\"https:\/\/conexbooks.de\/a\/shop\/wp-content\/uploads\/2021\/03\/615.png\" \/>\n\t<meta property=\"og:image:width\" content=\"400\" \/>\n\t<meta property=\"og:image:height\" content=\"256\" \/>\n\t<meta property=\"og:image:type\" content=\"image\/png\" \/>\n<meta name=\"twitter:card\" content=\"summary_large_image\" \/>\n<meta name=\"twitter:label1\" content=\"Gesch\u00e4tzte Lesezeit\" \/>\n\t<meta name=\"twitter:data1\" content=\"1\u00a0Minute\" \/>\n<script type=\"application\/ld+json\" class=\"yoast-schema-graph\">{\"@context\":\"https:\\\/\\\/schema.org\",\"@graph\":[{\"@type\":\"WebPage\",\"@id\":\"https:\\\/\\\/conexbooks.de\\\/a\\\/shop\\\/produkt\\\/beduerfniskarten-set-love-needs\\\/\",\"url\":\"https:\\\/\\\/conexbooks.de\\\/a\\\/shop\\\/produkt\\\/beduerfniskarten-set-love-needs\\\/\",\"name\":\"Bed\u00fcrfniskarten-Set \u00abLove Needs\u00bb - Conex-Shop\",\"isPartOf\":{\"@id\":\"https:\\\/\\\/conexbooks.de\\\/a\\\/shop\\\/#website\"},\"primaryImageOfPage\":{\"@id\":\"https:\\\/\\\/conexbooks.de\\\/a\\\/shop\\\/produkt\\\/beduerfniskarten-set-love-needs\\\/#primaryimage\"},\"image\":{\"@id\":\"https:\\\/\\\/conexbooks.de\\\/a\\\/shop\\\/produkt\\\/beduerfniskarten-set-love-needs\\\/#primaryimage\"},\"thumbnailUrl\":\"https:\\\/\\\/conexbooks.de\\\/a\\\/shop\\\/wp-content\\\/uploads\\\/2021\\\/03\\\/615.png\",\"datePublished\":\"2021-03-19T16:39:30+00:00\",\"dateModified\":\"2026-03-05T17:45:55+00:00\",\"breadcrumb\":{\"@id\":\"https:\\\/\\\/conexbooks.de\\\/a\\\/shop\\\/produkt\\\/beduerfniskarten-set-love-needs\\\/#breadcrumb\"},\"inLanguage\":\"de\",\"potentialAction\":[{\"@type\":\"ReadAction\",\"target\":[\"https:\\\/\\\/conexbooks.de\\\/a\\\/shop\\\/produkt\\\/beduerfniskarten-set-love-needs\\\/\"]}]},{\"@type\":\"ImageObject\",\"inLanguage\":\"de\",\"@id\":\"https:\\\/\\\/conexbooks.de\\\/a\\\/shop\\\/produkt\\\/beduerfniskarten-set-love-needs\\\/#primaryimage\",\"url\":\"https:\\\/\\\/conexbooks.de\\\/a\\\/shop\\\/wp-content\\\/uploads\\\/2021\\\/03\\\/615.png\",\"contentUrl\":\"https:\\\/\\\/conexbooks.de\\\/a\\\/shop\\\/wp-content\\\/uploads\\\/2021\\\/03\\\/615.png\",\"width\":400,\"height\":256},{\"@type\":\"BreadcrumbList\",\"@id\":\"https:\\\/\\\/conexbooks.de\\\/a\\\/shop\\\/produkt\\\/beduerfniskarten-set-love-needs\\\/#breadcrumb\",\"itemListElement\":[{\"@type\":\"ListItem\",\"position\":1,\"name\":\"Home\",\"item\":\"https:\\\/\\\/conexbooks.de\\\/a\\\/shop\\\/\"},{\"@type\":\"ListItem\",\"position\":2,\"name\":\"Shop\",\"item\":\"https:\\\/\\\/conexbooks.de\\\/a\\\/shop\\\/shop\\\/\"},{\"@type\":\"ListItem\",\"position\":3,\"name\":\"Bed\u00fcrfniskarten-Set \u00abLove Needs\u00bb\"}]},{\"@type\":\"WebSite\",\"@id\":\"https:\\\/\\\/conexbooks.de\\\/a\\\/shop\\\/#website\",\"url\":\"https:\\\/\\\/conexbooks.de\\\/a\\\/shop\\\/\",\"name\":\"Conex-Shop\",\"description\":\"Alles f\u00fcr die gewaltfreie Kommunikation: B\u00fccher, Spiele. Handpuppen Seminarmaterial und Geschenke\",\"publisher\":{\"@id\":\"https:\\\/\\\/conexbooks.de\\\/a\\\/shop\\\/#organization\"},\"potentialAction\":[{\"@type\":\"SearchAction\",\"target\":{\"@type\":\"EntryPoint\",\"urlTemplate\":\"https:\\\/\\\/conexbooks.de\\\/a\\\/shop\\\/?s={search_term_string}\"},\"query-input\":{\"@type\":\"PropertyValueSpecification\",\"valueRequired\":true,\"valueName\":\"search_term_string\"}}],\"inLanguage\":\"de\"},{\"@type\":\"Organization\",\"@id\":\"https:\\\/\\\/conexbooks.de\\\/a\\\/shop\\\/#organization\",\"name\":\"Conex - books and more\",\"url\":\"https:\\\/\\\/conexbooks.de\\\/a\\\/shop\\\/\",\"logo\":{\"@type\":\"ImageObject\",\"inLanguage\":\"de\",\"@id\":\"https:\\\/\\\/conexbooks.de\\\/a\\\/shop\\\/#\\\/schema\\\/logo\\\/image\\\/\",\"url\":\"https:\\\/\\\/conexbooks.de\\\/a\\\/shop\\\/wp-content\\\/uploads\\\/2017\\\/12\\\/co-logo.png\",\"contentUrl\":\"https:\\\/\\\/conexbooks.de\\\/a\\\/shop\\\/wp-content\\\/uploads\\\/2017\\\/12\\\/co-logo.png\",\"width\":243,\"height\":122,\"caption\":\"Conex - books and more\"},\"image\":{\"@id\":\"https:\\\/\\\/conexbooks.de\\\/a\\\/shop\\\/#\\\/schema\\\/logo\\\/image\\\/\"}}]}<\/script>\n<!-- \/ Yoast SEO plugin. -->","yoast_head_json":{"title":"Bed\u00fcrfniskarten-Set \u00abLove Needs\u00bb - Conex-Shop","robots":{"index":"index","follow":"follow","max-snippet":"max-snippet:-1","max-image-preview":"max-image-preview:large","max-video-preview":"max-video-preview:-1"},"canonical":"https:\/\/conexbooks.de\/a\/shop\/produkt\/beduerfniskarten-set-love-needs\/","og_locale":"de_DE","og_type":"article","og_title":"Bed\u00fcrfniskarten-Set \u00abLove Needs\u00bb - Conex-Shop","og_description":"Bed\u00fcrfniskarten-Set \u00abLove Needs\u00bb gestaltet von Uschi Kellenberger, Schweiz 33 Bed\u00fcrfniskarten; Gr\u00f6\u00dfe: 59 x 91 mm Booklet mit Anregungen f\u00fcr die Anwendung Verpackt in transparentem Kunststoff-Etui.","og_url":"https:\/\/conexbooks.de\/a\/shop\/produkt\/beduerfniskarten-set-love-needs\/","og_site_name":"Conex-Shop","article_modified_time":"2026-03-05T17:45:55+00:00","og_image":[{"width":400,"height":256,"url":"https:\/\/conexbooks.de\/a\/shop\/wp-content\/uploads\/2021\/03\/615.png","type":"image\/png"}],"twitter_card":"summary_large_image","twitter_misc":{"Gesch\u00e4tzte Lesezeit":"1\u00a0Minute"},"schema":{"@context":"https:\/\/schema.org","@graph":[{"@type":"WebPage","@id":"https:\/\/conexbooks.de\/a\/shop\/produkt\/beduerfniskarten-set-love-needs\/","url":"https:\/\/conexbooks.de\/a\/shop\/produkt\/beduerfniskarten-set-love-needs\/","name":"Bed\u00fcrfniskarten-Set \u00abLove Needs\u00bb - Conex-Shop","isPartOf":{"@id":"https:\/\/conexbooks.de\/a\/shop\/#website"},"primaryImageOfPage":{"@id":"https:\/\/conexbooks.de\/a\/shop\/produkt\/beduerfniskarten-set-love-needs\/#primaryimage"},"image":{"@id":"https:\/\/conexbooks.de\/a\/shop\/produkt\/beduerfniskarten-set-love-needs\/#primaryimage"},"thumbnailUrl":"https:\/\/conexbooks.de\/a\/shop\/wp-content\/uploads\/2021\/03\/615.png","datePublished":"2021-03-19T16:39:30+00:00","dateModified":"2026-03-05T17:45:55+00:00","breadcrumb":{"@id":"https:\/\/conexbooks.de\/a\/shop\/produkt\/beduerfniskarten-set-love-needs\/#breadcrumb"},"inLanguage":"de","potentialAction":[{"@type":"ReadAction","target":["https:\/\/conexbooks.de\/a\/shop\/produkt\/beduerfniskarten-set-love-needs\/"]}]},{"@type":"ImageObject","inLanguage":"de","@id":"https:\/\/conexbooks.de\/a\/shop\/produkt\/beduerfniskarten-set-love-needs\/#primaryimage","url":"https:\/\/conexbooks.de\/a\/shop\/wp-content\/uploads\/2021\/03\/615.png","contentUrl":"https:\/\/conexbooks.de\/a\/shop\/wp-content\/uploads\/2021\/03\/615.png","width":400,"height":256},{"@type":"BreadcrumbList","@id":"https:\/\/conexbooks.de\/a\/shop\/produkt\/beduerfniskarten-set-love-needs\/#breadcrumb","itemListElement":[{"@type":"ListItem","position":1,"name":"Home","item":"https:\/\/conexbooks.de\/a\/shop\/"},{"@type":"ListItem","position":2,"name":"Shop","item":"https:\/\/conexbooks.de\/a\/shop\/shop\/"},{"@type":"ListItem","position":3,"name":"Bed\u00fcrfniskarten-Set \u00abLove Needs\u00bb"}]},{"@type":"WebSite","@id":"https:\/\/conexbooks.de\/a\/shop\/#website","url":"https:\/\/conexbooks.de\/a\/shop\/","name":"Conex-Shop","description":"Alles f\u00fcr die gewaltfreie Kommunikation: B\u00fccher, Spiele. Handpuppen Seminarmaterial und Geschenke","publisher":{"@id":"https:\/\/conexbooks.de\/a\/shop\/#organization"},"potentialAction":[{"@type":"SearchAction","target":{"@type":"EntryPoint","urlTemplate":"https:\/\/conexbooks.de\/a\/shop\/?s={search_term_string}"},"query-input":{"@type":"PropertyValueSpecification","valueRequired":true,"valueName":"search_term_string"}}],"inLanguage":"de"},{"@type":"Organization","@id":"https:\/\/conexbooks.de\/a\/shop\/#organization","name":"Conex - books and more","url":"https:\/\/conexbooks.de\/a\/shop\/","logo":{"@type":"ImageObject","inLanguage":"de","@id":"https:\/\/conexbooks.de\/a\/shop\/#\/schema\/logo\/image\/","url":"https:\/\/conexbooks.de\/a\/shop\/wp-content\/uploads\/2017\/12\/co-logo.png","contentUrl":"https:\/\/conexbooks.de\/a\/shop\/wp-content\/uploads\/2017\/12\/co-logo.png","width":243,"height":122,"caption":"Conex - books and more"},"image":{"@id":"https:\/\/conexbooks.de\/a\/shop\/#\/schema\/logo\/image\/"}}]}},"_links":{"self":[{"href":"https:\/\/conexbooks.de\/a\/shop\/wp-json\/wp\/v2\/product\/17834","targetHints":{"allow":["GET"]}}],"collection":[{"href":"https:\/\/conexbooks.de\/a\/shop\/wp-json\/wp\/v2\/product"}],"about":[{"href":"https:\/\/conexbooks.de\/a\/shop\/wp-json\/wp\/v2\/types\/product"}],"wp:featuredmedia":[{"embeddable":true,"href":"https:\/\/conexbooks.de\/a\/shop\/wp-json\/wp\/v2\/media\/17835"}],"wp:attachment":[{"href":"https:\/\/conexbooks.de\/a\/shop\/wp-json\/wp\/v2\/media?parent=17834"}],"wp:term":[{"taxonomy":"product_brand","embeddable":true,"href":"https:\/\/conexbooks.de\/a\/shop\/wp-json\/wp\/v2\/product_brand?post=17834"},{"taxonomy":"product_cat","embeddable":true,"href":"https:\/\/conexbooks.de\/a\/shop\/wp-json\/wp\/v2\/product_cat?post=17834"},{"taxonomy":"product_tag","embeddable":true,"href":"https:\/\/conexbooks.de\/a\/shop\/wp-json\/wp\/v2\/product_tag?post=17834"}],"curies":[{"name":"wp","href":"https:\/\/api.w.org\/{rel}","templated":true}]}}