{"id":17853,"date":"2021-03-27T16:14:11","date_gmt":"2021-03-27T15:14:11","guid":{"rendered":"https:\/\/conexbooks.de\/a\/shop\/?post_type=product&#038;p=17853"},"modified":"2026-03-09T11:09:12","modified_gmt":"2026-03-09T10:09:12","slug":"buch-fuehren-mit-gefuehl","status":"publish","type":"product","link":"https:\/\/conexbooks.de\/a\/shop\/produkt\/buch-fuehren-mit-gefuehl\/","title":{"rendered":"Buch: F\u00fchren mit Gef\u00fchl"},"content":{"rendered":"<h2>F\u00fchren mit Gef\u00fchl\u00a0 &#8211; Teamsitzungen gestalten und Gespr\u00e4che f\u00fchren mit den Gef\u00fchlsmonster-Karten<\/h2>\n<p>von Lilli H\u00f6ch-Corona<\/p>\n<p><strong>Standardwerk f\u00fcr F\u00fchrungskr\u00e4fte zur Arbeit mit den Gef\u00fchlsmonster-Karten! (siehe unten: \u00c4hnliche Produkte)<br \/>\n<\/strong><\/p>\n<p><strong>Hinweis: F\u00fcr die Umsetzung der Methoden im Buch werden Gef\u00fchlsmonster-Karten ben\u00f6tigt!<\/strong><\/p>\n<p>Wie kann man Gef\u00fchlen einen Platz bieten, ohne, dass sie zu viel Raum einnehmen? Mit Gruppen so arbeiten, dass eine klare Struktur besteht und gleichzeitig der Diversit\u00e4t Rechnung getragen wird? Kl\u00e4rungsgespr\u00e4che so f\u00fchren, dass dauerhafte Ergebnisse erzielt werden?<\/p>\n<p>Dieses Buch von der Erfinderin und Herausgeberin der Gef\u00fchlsmonster-Karten, Lilli H\u00f6ch-Corona, stellt zw\u00f6lf Methoden zur Arbeit mit den Gef\u00fchlsmonster-Karten vor. Von der Kommunikation mit Gruppen und Teams \u00fcber das Selbstmanagement bis zu einem Werkzeug f\u00fcr Kl\u00e4rungs- und Mitarbeitergespr\u00e4che, jeweils mit einf\u00fchrenden Beispielen und klar strukturierten Anleitungen f\u00fcr die Handhabung.<\/p>\n<p>Ein unerl\u00e4sslicher Begleiter und eine Inspirationsquelle f\u00fcr alle, f\u00fcr die sich Gef\u00fchle und F\u00fchrungsverantwortung nicht ausschlie\u00dfen.<\/p>\n<p><a title=\"Klicken Sie hier, um eine Leseprobe als PDF herunter zu laden.\" href=\"https:\/\/www.gefuehlsmonster-shop.de\/media\/pdf\/44\/93\/bf\/Leseprobe-Fuhren-mit-Gefuhl-Gefuhlsmonster-Karten.pdf\" target=\"_blank\" rel=\"noopener noreferrer\">Klicken Sie hier, um eine Leseprobe als PDF herunter zu laden.<\/a><\/p>\n<div id='1' class='widgets_on_page wop_tiny1  wop_small1  wop_medium1  wop_large1  wop_wide1'>\n\t\t\t<ul><li id=\"custom_html-4\" class=\"widget_text widget widget_custom_html\"><div class=\"textwidget custom-html-widget\"><div style=\"text-align:left;\">\r\n<button class = \"button\" style=\"height: 30px; font-size: 0.8em;\" name=\"zuruck\" type=\"button\" onclick=\"history.back()\">Zur\u00fcck zur \u00dcbersicht<\/button><\/div><\/div><\/li><\/ul><\/div><!-- widgets_on_page -->\n","protected":false},"excerpt":{"rendered":"<p><strong>Standardwerk f\u00fcr F\u00fchrungskr\u00e4fte zur Arbeit mit den Gef\u00fchlsmonster-Karten!<\/strong><\/p>\n<p>Paperback mit 86 Seiten in DIN A5 mit farbigen Illustrationen.<\/p>\n<p>erschienen 2020<\/p>\n<p><strong>Hinweis: F\u00fcr die Umsetzung der Methoden im Buch werden Gef\u00fchlsmonster-Karten ben\u00f6tigt!<\/strong><\/p>\n","protected":false},"featured_media":17854,"template":"","meta":[],"product_brand":[],"product_cat":[36,48,51,47],"product_tag":[328,326,331,329,332,61,283,330,327],"class_list":{"0":"post-17853","1":"product","2":"type-product","3":"status-publish","4":"has-post-thumbnail","6":"product_cat-deutsche-buecher","7":"product_cat-gefuehlsmonster","8":"product_cat-seminarmaterial","9":"product_cat-sonstiges","10":"product_tag-fuehrungskraefte","11":"product_tag-gefuehlsmonster","12":"product_tag-gespraeche","13":"product_tag-gruppen","14":"product_tag-konfliktloesung","15":"product_tag-mediation","16":"product_tag-methoden","17":"product_tag-paare","18":"product_tag-uebungen","20":"first","21":"instock","22":"shipping-taxable","23":"purchasable","24":"product-type-simple"},"yoast_head":"<!-- This site is optimized with the Yoast SEO plugin v27.4 - https:\/\/yoast.com\/product\/yoast-seo-wordpress\/ -->\n<title>Buch: F\u00fchren mit Gef\u00fchl - Conex-Shop<\/title>\n<meta name=\"robots\" content=\"index, follow, max-snippet:-1, max-image-preview:large, max-video-preview:-1\" \/>\n<link rel=\"canonical\" href=\"https:\/\/conexbooks.de\/a\/shop\/produkt\/buch-fuehren-mit-gefuehl\/\" \/>\n<meta property=\"og:locale\" content=\"de_DE\" \/>\n<meta property=\"og:type\" content=\"article\" \/>\n<meta property=\"og:title\" content=\"Buch: F\u00fchren mit Gef\u00fchl - Conex-Shop\" \/>\n<meta property=\"og:description\" content=\"Standardwerk f\u00fcr F\u00fchrungskr\u00e4fte zur Arbeit mit den Gef\u00fchlsmonster-Karten!  Paperback mit 86 Seiten in DIN A5 mit farbigen Illustrationen.  erschienen 2020  Hinweis: F\u00fcr die Umsetzung der Methoden im Buch werden Gef\u00fchlsmonster-Karten ben\u00f6tigt!\" \/>\n<meta property=\"og:url\" content=\"https:\/\/conexbooks.de\/a\/shop\/produkt\/buch-fuehren-mit-gefuehl\/\" \/>\n<meta property=\"og:site_name\" content=\"Conex-Shop\" \/>\n<meta property=\"article:modified_time\" content=\"2026-03-09T10:09:12+00:00\" \/>\n<meta property=\"og:image\" content=\"https:\/\/conexbooks.de\/a\/shop\/wp-content\/uploads\/2021\/03\/627.png\" \/>\n\t<meta property=\"og:image:width\" content=\"284\" \/>\n\t<meta property=\"og:image:height\" content=\"400\" \/>\n\t<meta property=\"og:image:type\" content=\"image\/png\" \/>\n<meta name=\"twitter:card\" content=\"summary_large_image\" \/>\n<meta name=\"twitter:label1\" content=\"Gesch\u00e4tzte Lesezeit\" \/>\n\t<meta name=\"twitter:data1\" content=\"1\u00a0Minute\" \/>\n<script type=\"application\/ld+json\" class=\"yoast-schema-graph\">{\"@context\":\"https:\\\/\\\/schema.org\",\"@graph\":[{\"@type\":\"WebPage\",\"@id\":\"https:\\\/\\\/conexbooks.de\\\/a\\\/shop\\\/produkt\\\/buch-fuehren-mit-gefuehl\\\/\",\"url\":\"https:\\\/\\\/conexbooks.de\\\/a\\\/shop\\\/produkt\\\/buch-fuehren-mit-gefuehl\\\/\",\"name\":\"Buch: F\u00fchren mit Gef\u00fchl - Conex-Shop\",\"isPartOf\":{\"@id\":\"https:\\\/\\\/conexbooks.de\\\/a\\\/shop\\\/#website\"},\"primaryImageOfPage\":{\"@id\":\"https:\\\/\\\/conexbooks.de\\\/a\\\/shop\\\/produkt\\\/buch-fuehren-mit-gefuehl\\\/#primaryimage\"},\"image\":{\"@id\":\"https:\\\/\\\/conexbooks.de\\\/a\\\/shop\\\/produkt\\\/buch-fuehren-mit-gefuehl\\\/#primaryimage\"},\"thumbnailUrl\":\"https:\\\/\\\/conexbooks.de\\\/a\\\/shop\\\/wp-content\\\/uploads\\\/2021\\\/03\\\/627.png\",\"datePublished\":\"2021-03-27T15:14:11+00:00\",\"dateModified\":\"2026-03-09T10:09:12+00:00\",\"breadcrumb\":{\"@id\":\"https:\\\/\\\/conexbooks.de\\\/a\\\/shop\\\/produkt\\\/buch-fuehren-mit-gefuehl\\\/#breadcrumb\"},\"inLanguage\":\"de\",\"potentialAction\":[{\"@type\":\"ReadAction\",\"target\":[\"https:\\\/\\\/conexbooks.de\\\/a\\\/shop\\\/produkt\\\/buch-fuehren-mit-gefuehl\\\/\"]}]},{\"@type\":\"ImageObject\",\"inLanguage\":\"de\",\"@id\":\"https:\\\/\\\/conexbooks.de\\\/a\\\/shop\\\/produkt\\\/buch-fuehren-mit-gefuehl\\\/#primaryimage\",\"url\":\"https:\\\/\\\/conexbooks.de\\\/a\\\/shop\\\/wp-content\\\/uploads\\\/2021\\\/03\\\/627.png\",\"contentUrl\":\"https:\\\/\\\/conexbooks.de\\\/a\\\/shop\\\/wp-content\\\/uploads\\\/2021\\\/03\\\/627.png\",\"width\":284,\"height\":400},{\"@type\":\"BreadcrumbList\",\"@id\":\"https:\\\/\\\/conexbooks.de\\\/a\\\/shop\\\/produkt\\\/buch-fuehren-mit-gefuehl\\\/#breadcrumb\",\"itemListElement\":[{\"@type\":\"ListItem\",\"position\":1,\"name\":\"Home\",\"item\":\"https:\\\/\\\/conexbooks.de\\\/a\\\/shop\\\/\"},{\"@type\":\"ListItem\",\"position\":2,\"name\":\"Shop\",\"item\":\"https:\\\/\\\/conexbooks.de\\\/a\\\/shop\\\/shop\\\/\"},{\"@type\":\"ListItem\",\"position\":3,\"name\":\"Buch: F\u00fchren mit Gef\u00fchl\"}]},{\"@type\":\"WebSite\",\"@id\":\"https:\\\/\\\/conexbooks.de\\\/a\\\/shop\\\/#website\",\"url\":\"https:\\\/\\\/conexbooks.de\\\/a\\\/shop\\\/\",\"name\":\"Conex-Shop\",\"description\":\"Alles f\u00fcr die gewaltfreie Kommunikation: B\u00fccher, Spiele. Handpuppen Seminarmaterial und Geschenke\",\"publisher\":{\"@id\":\"https:\\\/\\\/conexbooks.de\\\/a\\\/shop\\\/#organization\"},\"potentialAction\":[{\"@type\":\"SearchAction\",\"target\":{\"@type\":\"EntryPoint\",\"urlTemplate\":\"https:\\\/\\\/conexbooks.de\\\/a\\\/shop\\\/?s={search_term_string}\"},\"query-input\":{\"@type\":\"PropertyValueSpecification\",\"valueRequired\":true,\"valueName\":\"search_term_string\"}}],\"inLanguage\":\"de\"},{\"@type\":\"Organization\",\"@id\":\"https:\\\/\\\/conexbooks.de\\\/a\\\/shop\\\/#organization\",\"name\":\"Conex - books and more\",\"url\":\"https:\\\/\\\/conexbooks.de\\\/a\\\/shop\\\/\",\"logo\":{\"@type\":\"ImageObject\",\"inLanguage\":\"de\",\"@id\":\"https:\\\/\\\/conexbooks.de\\\/a\\\/shop\\\/#\\\/schema\\\/logo\\\/image\\\/\",\"url\":\"https:\\\/\\\/conexbooks.de\\\/a\\\/shop\\\/wp-content\\\/uploads\\\/2017\\\/12\\\/co-logo.png\",\"contentUrl\":\"https:\\\/\\\/conexbooks.de\\\/a\\\/shop\\\/wp-content\\\/uploads\\\/2017\\\/12\\\/co-logo.png\",\"width\":243,\"height\":122,\"caption\":\"Conex - books and more\"},\"image\":{\"@id\":\"https:\\\/\\\/conexbooks.de\\\/a\\\/shop\\\/#\\\/schema\\\/logo\\\/image\\\/\"}}]}<\/script>\n<!-- \/ Yoast SEO plugin. -->","yoast_head_json":{"title":"Buch: F\u00fchren mit Gef\u00fchl - Conex-Shop","robots":{"index":"index","follow":"follow","max-snippet":"max-snippet:-1","max-image-preview":"max-image-preview:large","max-video-preview":"max-video-preview:-1"},"canonical":"https:\/\/conexbooks.de\/a\/shop\/produkt\/buch-fuehren-mit-gefuehl\/","og_locale":"de_DE","og_type":"article","og_title":"Buch: F\u00fchren mit Gef\u00fchl - Conex-Shop","og_description":"Standardwerk f\u00fcr F\u00fchrungskr\u00e4fte zur Arbeit mit den Gef\u00fchlsmonster-Karten!  Paperback mit 86 Seiten in DIN A5 mit farbigen Illustrationen.  erschienen 2020  Hinweis: F\u00fcr die Umsetzung der Methoden im Buch werden Gef\u00fchlsmonster-Karten ben\u00f6tigt!","og_url":"https:\/\/conexbooks.de\/a\/shop\/produkt\/buch-fuehren-mit-gefuehl\/","og_site_name":"Conex-Shop","article_modified_time":"2026-03-09T10:09:12+00:00","og_image":[{"width":284,"height":400,"url":"https:\/\/conexbooks.de\/a\/shop\/wp-content\/uploads\/2021\/03\/627.png","type":"image\/png"}],"twitter_card":"summary_large_image","twitter_misc":{"Gesch\u00e4tzte Lesezeit":"1\u00a0Minute"},"schema":{"@context":"https:\/\/schema.org","@graph":[{"@type":"WebPage","@id":"https:\/\/conexbooks.de\/a\/shop\/produkt\/buch-fuehren-mit-gefuehl\/","url":"https:\/\/conexbooks.de\/a\/shop\/produkt\/buch-fuehren-mit-gefuehl\/","name":"Buch: F\u00fchren mit Gef\u00fchl - Conex-Shop","isPartOf":{"@id":"https:\/\/conexbooks.de\/a\/shop\/#website"},"primaryImageOfPage":{"@id":"https:\/\/conexbooks.de\/a\/shop\/produkt\/buch-fuehren-mit-gefuehl\/#primaryimage"},"image":{"@id":"https:\/\/conexbooks.de\/a\/shop\/produkt\/buch-fuehren-mit-gefuehl\/#primaryimage"},"thumbnailUrl":"https:\/\/conexbooks.de\/a\/shop\/wp-content\/uploads\/2021\/03\/627.png","datePublished":"2021-03-27T15:14:11+00:00","dateModified":"2026-03-09T10:09:12+00:00","breadcrumb":{"@id":"https:\/\/conexbooks.de\/a\/shop\/produkt\/buch-fuehren-mit-gefuehl\/#breadcrumb"},"inLanguage":"de","potentialAction":[{"@type":"ReadAction","target":["https:\/\/conexbooks.de\/a\/shop\/produkt\/buch-fuehren-mit-gefuehl\/"]}]},{"@type":"ImageObject","inLanguage":"de","@id":"https:\/\/conexbooks.de\/a\/shop\/produkt\/buch-fuehren-mit-gefuehl\/#primaryimage","url":"https:\/\/conexbooks.de\/a\/shop\/wp-content\/uploads\/2021\/03\/627.png","contentUrl":"https:\/\/conexbooks.de\/a\/shop\/wp-content\/uploads\/2021\/03\/627.png","width":284,"height":400},{"@type":"BreadcrumbList","@id":"https:\/\/conexbooks.de\/a\/shop\/produkt\/buch-fuehren-mit-gefuehl\/#breadcrumb","itemListElement":[{"@type":"ListItem","position":1,"name":"Home","item":"https:\/\/conexbooks.de\/a\/shop\/"},{"@type":"ListItem","position":2,"name":"Shop","item":"https:\/\/conexbooks.de\/a\/shop\/shop\/"},{"@type":"ListItem","position":3,"name":"Buch: F\u00fchren mit Gef\u00fchl"}]},{"@type":"WebSite","@id":"https:\/\/conexbooks.de\/a\/shop\/#website","url":"https:\/\/conexbooks.de\/a\/shop\/","name":"Conex-Shop","description":"Alles f\u00fcr die gewaltfreie Kommunikation: B\u00fccher, Spiele. Handpuppen Seminarmaterial und Geschenke","publisher":{"@id":"https:\/\/conexbooks.de\/a\/shop\/#organization"},"potentialAction":[{"@type":"SearchAction","target":{"@type":"EntryPoint","urlTemplate":"https:\/\/conexbooks.de\/a\/shop\/?s={search_term_string}"},"query-input":{"@type":"PropertyValueSpecification","valueRequired":true,"valueName":"search_term_string"}}],"inLanguage":"de"},{"@type":"Organization","@id":"https:\/\/conexbooks.de\/a\/shop\/#organization","name":"Conex - books and more","url":"https:\/\/conexbooks.de\/a\/shop\/","logo":{"@type":"ImageObject","inLanguage":"de","@id":"https:\/\/conexbooks.de\/a\/shop\/#\/schema\/logo\/image\/","url":"https:\/\/conexbooks.de\/a\/shop\/wp-content\/uploads\/2017\/12\/co-logo.png","contentUrl":"https:\/\/conexbooks.de\/a\/shop\/wp-content\/uploads\/2017\/12\/co-logo.png","width":243,"height":122,"caption":"Conex - books and more"},"image":{"@id":"https:\/\/conexbooks.de\/a\/shop\/#\/schema\/logo\/image\/"}}]}},"_links":{"self":[{"href":"https:\/\/conexbooks.de\/a\/shop\/wp-json\/wp\/v2\/product\/17853","targetHints":{"allow":["GET"]}}],"collection":[{"href":"https:\/\/conexbooks.de\/a\/shop\/wp-json\/wp\/v2\/product"}],"about":[{"href":"https:\/\/conexbooks.de\/a\/shop\/wp-json\/wp\/v2\/types\/product"}],"wp:featuredmedia":[{"embeddable":true,"href":"https:\/\/conexbooks.de\/a\/shop\/wp-json\/wp\/v2\/media\/17854"}],"wp:attachment":[{"href":"https:\/\/conexbooks.de\/a\/shop\/wp-json\/wp\/v2\/media?parent=17853"}],"wp:term":[{"taxonomy":"product_brand","embeddable":true,"href":"https:\/\/conexbooks.de\/a\/shop\/wp-json\/wp\/v2\/product_brand?post=17853"},{"taxonomy":"product_cat","embeddable":true,"href":"https:\/\/conexbooks.de\/a\/shop\/wp-json\/wp\/v2\/product_cat?post=17853"},{"taxonomy":"product_tag","embeddable":true,"href":"https:\/\/conexbooks.de\/a\/shop\/wp-json\/wp\/v2\/product_tag?post=17853"}],"curies":[{"name":"wp","href":"https:\/\/api.w.org\/{rel}","templated":true}]}}