{"id":17907,"date":"2021-04-22T22:35:42","date_gmt":"2021-04-22T20:35:42","guid":{"rendered":"https:\/\/conexbooks.de\/a\/shop\/?post_type=product&#038;p=17907"},"modified":"2023-05-20T16:57:25","modified_gmt":"2023-05-20T14:57:25","slug":"zauberbuch-familienfrieden-konkret-von-h-grubhofer","status":"publish","type":"product","link":"https:\/\/conexbooks.de\/a\/shop\/produkt\/zauberbuch-familienfrieden-konkret-von-h-grubhofer\/","title":{"rendered":"Zauberbuch Familienfrieden konkret von H. Grubhofer"},"content":{"rendered":"<h2>Zauberbuch Familienfrieden konkret<\/h2>\n<h4 class=\"entry-title clearfix\">Magische Anwendungsbeispiele f\u00fcr Gewaltfreie Kommunikation mit Kindern, Jugendlichen und Erwachsenen<\/h4>\n<p>von Hanna Grubhofer<\/p>\n<p>Mit meinem zweiten Buch, dem \u201eZauberbuch Familienfrieden konkret\u201c, m\u00f6chte ich alle einladen, noch eine Spur tiefer in die Familienwelt einzutauchen. So l\u00e4sst sich das Besondere am Kindsein erkennen und weiter leben \u2013 mit den Kindern und als Erwachsener.<\/p>\n<p>Seit dem Erscheinen meines ersten Zauberbuches habe ich zahlreiche R\u00fcckmeldungen und Fragen erhalten. Etliche davon bezogen sich auf konkrete Situationen:<\/p>\n<p>\u2022 \u201eWie geht das ganz genau bei \u2026?\u201c<br \/>\n\u2022 \u201eWelchen Weg hast du eingeschlagen, als \u2026?\u201c<br \/>\n\u2022 \u201eWie kannst du \u2026 machen und dabei kindgerecht handeln?\u201c<\/p>\n<p>Viele wollten au\u00dferdem von mir wissen, welche Erfahrungen ich selbst gemacht habe, und wie ich zu dem geworden bin, was ich heute bin und wonach ich handle.<\/p>\n<p>Das \u201eZauberbuch Familienfrieden konkret\u201c m\u00f6chte Antworten auf all diese Fragen geben. Daf\u00fcr liefert es direkte Einblicke in unser Leben als Gro\u00dffamilie und beleuchtet Stationen, die Weichen gestellt haben. Es ist also gleichsam ein R\u00fcckblick auf meine eigene Geschichte und eine Anleitung f\u00fcr das Umsetzen der Haltung der Gewaltfreien Kommunikation (GFK) im Alltag sowie in speziellen Situationen.<\/p>\n<p>Zugleich m\u00f6chte mein Buch jede Familie darin best\u00e4rken, ihren eigenen individuellen Weg zu gehen, um Entscheidungen mit einer klaren Sicht und aus tiefstem Herzen zu treffen.<\/p>\n<p>Und es soll die Freiheit geben, Sichtweisen und Entscheidungen zu \u00e4ndern, wenn sich die Umst\u00e4nde ge\u00e4ndert haben.<\/p>\n<p>Ein wichtiger Aspekt im Zauberbuch Familienfrieden war schon immer die Leichtigkeit: Es ist kein verkopftes Lehrbuch, sondern bietet die M\u00f6glichkeit, stets bei seiner Linie der Gewaltfreien Kommunikation zu bleiben und diesem Weg treu zu bleiben. Auch, wenn es anfangs eigenartig wirkt und Mut braucht, diesen neuen Weg zu betreten.<\/p>\n<p>Ich w\u00fcnsche allen Familien viel Klarheit und ein gutes und authentisches Durchwandern der H\u00f6hen und Tiefen, die das Familienleben mit sich bringt.<\/p>\n<h2>Widmung<\/h2>\n<p>Das \u201eZauberbuch Familienfrieden konkret\u201c widme ich all den starken M\u00fcttern und V\u00e4tern, die beschlossen haben, mit ihren Kindern ein achtsames, selbstbestimmtes und geborgenes Leben zu leben.<\/p>\n<p>Meine besondere Wertsch\u00e4tzung gilt dabei den Alleinerzieherinnen und Alleinerziehern. Sie m\u00fcssen viele Entscheidungen mit sich selbst ausmachen und k\u00f6nnen sowohl freudige als auch schwierige Familien-Zeiten nicht immer mit einem Erwachsenen teilen. Mutter oder Vater zu sein ist schon eine Herausforderung. Diesen Weg oft ganz auf sich alleine gestellt zu gehen, ist unglaublich schwer.<\/p>\n<p>Besondere Achtung m\u00f6chte ich au\u00dferdem jenen entgegenbringen, die selbst eine schwierige eigene Kindheit erlebten, ihre Geschichte aufgearbeitet haben und nun einen anderen Weg mit ihren Kindern einschlagen. Nicht in die alten Fahrwasser zu kommen, sondern sich immer wieder aufs Neue aufzumachen, um neue Wege zu beschreiten, braucht nicht nur Mut, sondern auch viel Kraft und Durchhalteverm\u00f6gen.<\/p>\n<p>Im Buch: Zahlreiche \u00dcbungen f\u00fcr den Alltag zum Erkennen von Bed\u00fcrfnissen und Training der Gewaltfreien Kommunikation im eigenen Bereich<\/p>\n<p>&#8212;&#8212;&#8212;&#8212;&#8212;&#8212;&#8212;&#8212;-<\/p>\n<p>Das Kind soll den Tisch abr\u00e4umen, will nicht \u2013 und die Stimmung kocht hoch? Szenen wie diese finden sich in jeder Familie. Bitten richtig formulieren, Missverst\u00e4ndnisse leicht aufdecken und aufl\u00f6sen, sich offen mitteilen und vom Gespr\u00e4chspartner tats\u00e4chlich empfundene Gef\u00fchle erfahren: Das alles und noch viel mehr kann die Gewaltfreie Kommunikation (GFK). Sie l\u00e4sst uns auch in brenzligen Situationen souver\u00e4n handeln und echte Bed\u00fcrfnisse erkennen. \u201eDu sollst\u201c-Forderungen oder \u201eWenn du nicht, dann\u201c-Formulierungen geh\u00f6ren somit endg\u00fcltig der Vergangenheit an.<\/p>\n<p>Zielgerichtet und mit zahlreichen Beispielen unterlegt, lotst Hanna Grubhofer durch den Familienalltag. Die Psychologin und 7-fache Mutter gibt konkrete Hilfestellungen zum Familienfrieden, wenn das bisherige Vokabular nicht ausreicht. Einfache und zugleich tiefgr\u00fcndige \u00dcbungen f\u00fcr den Alltag erlauben, das theoretische Wissen aktiv ins eigene Leben zu integrieren und dort nachhaltig gewaltfrei zu verankern.<\/p>\n<p>[read more=&#8220;mehr lesen&#8220; less=&#8220;weniger&#8220;]<\/p>\n<p>Mag. Hanna Grubhofer ist Mutter von sieben Kindern, Psychologin, Trainerin f\u00fcr Gewaltfreie Kommunikation, Mediatorin, Familiencoach und Autorin. Bei der edition riedenburg hat sie bereits das Kinderbuch &#8222;Was brauchst du?&#8220; und den 2. Band des Familienratgebers &#8222;Zauberbuch Familienfrieden konkret&#8220; ver\u00f6ffentlicht. www.hannagrubhofer.at<\/p>\n<p>[read more=&#8220;mehr lesen&#8220; less=&#8220;weniger&#8220;][\/read][\/read]<\/p>\n<div id='1' class='widgets_on_page wop_tiny1  wop_small1  wop_medium1  wop_large1  wop_wide1'>\n\t\t\t<ul><li id=\"custom_html-4\" class=\"widget_text widget widget_custom_html\"><div class=\"textwidget custom-html-widget\"><div style=\"text-align:left;\">\r\n<button class = \"button\" style=\"height: 30px; font-size: 0.8em;\" name=\"zuruck\" type=\"button\" onclick=\"history.back()\">Zur\u00fcck zur \u00dcbersicht<\/button><\/div><\/div><\/li><\/ul><\/div><!-- widgets_on_page -->\n<h3>Die Auswirkungen der Gewaltfreien Kommunikation auf mein Leben<\/h3>\n<p>Das Leben mit der GFK hat \u2013 neben einer genaueren Sprache \u2013 f\u00fcr mich eine gro\u00dfe Einstellungs\u00e4nderung gebracht und ein noch genaueres Bewusstsein gesch\u00e4rft.<\/p>\n<p>Eine der gr\u00f6\u00dften Ver\u00e4nderung war, eine Bitte nicht als Forderung zu formulieren. Und auch ganz frei und froh dar\u00fcber zu sein, wenn jemand meine Bitte abschl\u00e4gt und so gut f\u00fcr seine Grenzen sorgt. Ganz viel habe ich das bei meinen Kindern \u00fcben k\u00f6nnen, die sehr ehrlich zu mir sind. Ich habe mir bei ihnen sehr oft ein \u201eNein\u201c abgeholt, was mich anfangs \u00e4rgerlich gemacht hat.<\/p>\n<p>Nun wei\u00df ich: Auch ich kann mich zu einem \u201eNein\u201c entscheiden und die Teller einmal nicht wegr\u00e4umen, wenn mich das nicht gl\u00fccklich macht oder ich zu m\u00fcde bin. Dadurch habe ich viel an Entscheidungsfreiheit gewonnen und kann sie ebenso gut anderen einr\u00e4umen. Mein Leitsatz \u201eIch muss im Leben nichts, au\u00dfer sterben\u201c hat somit einen tieferen Sinn bekommen.<\/p>\n<h2>Inhalt<\/h2>\n<p>Widmung \u2026 7<\/p>\n<p>Einleitung \u2026 8<\/p>\n<p>Die Gewaltfreie Kommunikation als Fundament \u2026 11<\/p>\n<p>Giraffenschritt 1: Beobachtung \u2026 11<\/p>\n<p>Giraffenschritt 2: Gef\u00fchle \u2026 12<\/p>\n<p>Giraffenschritt 3: Bed\u00fcrfnisse \u2026 16<\/p>\n<p>Giraffenschritt 4: Bitten \u2026 19<\/p>\n<p>Die Auswirkungen der Gewaltfreien Kommunikation auf mein Leben \u2026 21<\/p>\n<p>mit Kindern neue Wege gehen: Inseln f\u00fcr andere Lebensformen \u2026 23<\/p>\n<p>Der andere Alltag \u2026 23<\/p>\n<p>Echte Abenteuer \u2026 24<\/p>\n<p>Kinder und Medien: Einen guten Umgang finden \u2026 29<\/p>\n<p>Meine kleinen Lehrmeister \u2026 33<\/p>\n<p>Allt\u00e4gliche Wertsch\u00e4tzungen \u2026 35<\/p>\n<p>Weniger ist oft mehr \u2026 37<\/p>\n<p>Eins mit der Natur sein als Waldkinder \u2026 43<\/p>\n<p>Nur wer neue Wege geht, hinterl\u00e4sst Spuren: \u201eAlternativschule\u201c \u2026 47<\/p>\n<p>Was es auch noch braucht \u2026 50<\/p>\n<p>\u201eAntennen\u201c ausfahren \u2026 53<\/p>\n<p>Gutes Spielzeug, gute Spiele \u00a0\u2026 55<\/p>\n<p>Gemeinsame Ausfl\u00fcge \u2026 59<\/p>\n<p>Mit Kindern kochen \u2026 61<\/p>\n<p>Kinder eigene Erfahrungen machen lassen \u2013 ohne Bewertung \u2026 63<\/p>\n<p>Voll das Leben: mit Kindern einfach gl\u00fccklich sein \u2026 67<\/p>\n<p>Regeln: So wenige wie m\u00f6glich \u2026 67<\/p>\n<p>Kleine Haushaltshelfer: Keep it small and simple \u2026 68<\/p>\n<p>\u201eEntm\u00fcllen\u201c und ausmisten \u2026 69<\/p>\n<p>Echter Lebensgenuss mit wenig Geld \u00a0\u2026 69<\/p>\n<p>Kommunikation: Reden statt Missverst\u00e4ndnisse \u2026 70<\/p>\n<p>Im Rhythmus der Natur und im Einklang mit der Welt sein \u00a0\u2026 71<\/p>\n<p>Herausfordernde Situationen anders gemeistert \u2026 75<\/p>\n<p>Wenn Kinder sich massiv beschimpfen und fertigmachen \u2026 75<\/p>\n<p>Umgang mit Sexualit\u00e4t \u2026 77<\/p>\n<p>In schmerzvollen k\u00f6rperlichen Situationen begleiten \u2026 78<\/p>\n<p>In schmerzvollen seelischen Situationen begleiten \u2026 79<\/p>\n<p>In ungl\u00fccklichen Situationen begleiten \u2026 80<\/p>\n<p>Die Abl\u00f6sung von zu Hause: Pubert\u00e4t anders erlebt \u2026 82<\/p>\n<p>Der Fluss meines Lebens \u2026 87<\/p>\n<p>Flie\u00dfende Kindheit \u2026 87<\/p>\n<p>Ich lerne meinen Fluss kennen \u2026 91<\/p>\n<p>Im Fluss mit Kindern \u2026 93<\/p>\n<p>Alles im Fluss? \u2026 102<\/p>\n<p>eigenen W\u00fcnschen treu bleiben: Mit Kindern reisen \u2026 109<\/p>\n<p>Einblicke in unseren Alltag \u2026 113<\/p>\n<p>Harte Fakten \u2026 113<\/p>\n<p>Ein Tag mit uns \u2026 114<\/p>\n<p>Unser Alltag vier Jahre sp\u00e4ter \u2026 118<\/p>\n<p>Gl\u00fccklich Leben ohne Teufelskreis \u2026 122<\/p>\n<p>Von der Urli bis zum Baby \u2013 Alle unter einen Hut? \u2026 127<\/p>\n<p>Alte Wunden, neues Verhalten \u2026 129<\/p>\n<p>Bed\u00fcrfnisse artikulieren \u2026 132<\/p>\n<p>Aus alten Fahrwassern aussteigen \u2026 134<\/p>\n<p>Und manchmal geht es gar nicht zusammen \u2026 136<\/p>\n<p>Zu guter Letzt \u2026 140<\/p>\n<p>Anhang \u2026 143<\/p>\n<p>Gespr\u00e4che mit Personen, die gut \u00fcber Gef\u00fchle sprechen k\u00f6nnen \u2026 144<\/p>\n<p>Gespr\u00e4che mit Personen, die nicht gut \u00fcber Gef\u00fchle sprechen k\u00f6nnen \u2026 146<\/p>\n<p>Literatur \u2026 150<\/p>\n<div id='1' class='widgets_on_page wop_tiny1  wop_small1  wop_medium1  wop_large1  wop_wide1'>\n\t\t\t<ul><li id=\"custom_html-4\" class=\"widget_text widget widget_custom_html\"><div class=\"textwidget custom-html-widget\"><div style=\"text-align:left;\">\r\n<button class = \"button\" style=\"height: 30px; font-size: 0.8em;\" name=\"zuruck\" type=\"button\" onclick=\"history.back()\">Zur\u00fcck zur \u00dcbersicht<\/button><\/div><\/div><\/li><\/ul><\/div><!-- widgets_on_page -->\n","protected":false},"excerpt":{"rendered":"<h4 class=\"entry-title clearfix\">Magische Anwendungsbeispiele f\u00fcr Gewaltfreie Kommunikation mit Kindern, Jugendlichen und Erwachsenen<\/h4>\n<p>edition riedenburg;\u00a0 www.editionriedenburg.at<\/p>\n<div class=\"woocommerce-product-details__short-description\">\n<p>1. Auflage Mai 2019,\u00a0 156 Seiten<br \/>\nFormat: 15,5 x 22 cm<br \/>\nAusstattung: Paperback, einige s\/w-Fotos und zahlreiche illustrierte Seiten \/ interaktive \u00dcbungen f\u00fcr den Alltag<\/p>\n<\/div>\n","protected":false},"featured_media":17908,"template":"","meta":[],"product_brand":[],"product_cat":[38,482,36,56,44],"product_tag":[333,129,281,105,246,280,282,111,279,278],"class_list":{"0":"post-17907","1":"product","2":"type-product","3":"status-publish","4":"has-post-thumbnail","6":"product_cat-beziehung-familie","7":"product_cat-buecher","8":"product_cat-deutsche-buecher","9":"product_cat-geschenke","10":"product_cat-konflikte","11":"product_tag-bildung","12":"product_tag-eltern","13":"product_tag-entwicklung","14":"product_tag-erziehung","15":"product_tag-familien-konflikte-loesen","16":"product_tag-geschwister","17":"product_tag-humor","18":"product_tag-kinder","19":"product_tag-paedagogik","20":"product_tag-trotzphase","22":"first","23":"instock","24":"shipping-taxable","25":"purchasable","26":"product-type-simple"},"yoast_head":"<!-- This site is optimized with the Yoast SEO plugin v27.4 - https:\/\/yoast.com\/product\/yoast-seo-wordpress\/ -->\n<title>Zauberbuch Familienfrieden konkret von H. Grubhofer - Conex-Shop<\/title>\n<meta name=\"robots\" content=\"index, follow, max-snippet:-1, max-image-preview:large, max-video-preview:-1\" \/>\n<link rel=\"canonical\" href=\"https:\/\/conexbooks.de\/a\/shop\/produkt\/zauberbuch-familienfrieden-konkret-von-h-grubhofer\/\" \/>\n<meta property=\"og:locale\" content=\"de_DE\" \/>\n<meta property=\"og:type\" content=\"article\" \/>\n<meta property=\"og:title\" content=\"Zauberbuch Familienfrieden konkret von H. Grubhofer - Conex-Shop\" \/>\n<meta property=\"og:description\" content=\"Magische Anwendungsbeispiele f\u00fcr Gewaltfreie Kommunikation mit Kindern, Jugendlichen und Erwachsenen edition riedenburg;\u00a0 www.editionriedenburg.at   1. Auflage Mai 2019,\u00a0 156 Seiten Format: 15,5 x 22 cm Ausstattung: Paperback, einige s\/w-Fotos und zahlreiche illustrierte Seiten \/ interaktive \u00dcbungen f\u00fcr den Alltag\" \/>\n<meta property=\"og:url\" content=\"https:\/\/conexbooks.de\/a\/shop\/produkt\/zauberbuch-familienfrieden-konkret-von-h-grubhofer\/\" \/>\n<meta property=\"og:site_name\" content=\"Conex-Shop\" \/>\n<meta property=\"article:modified_time\" content=\"2023-05-20T14:57:25+00:00\" \/>\n<meta property=\"og:image\" content=\"https:\/\/conexbooks.de\/a\/shop\/wp-content\/uploads\/2021\/04\/080.png\" \/>\n\t<meta property=\"og:image:width\" content=\"281\" \/>\n\t<meta property=\"og:image:height\" content=\"400\" \/>\n\t<meta property=\"og:image:type\" content=\"image\/png\" \/>\n<meta name=\"twitter:card\" content=\"summary_large_image\" \/>\n<meta name=\"twitter:label1\" content=\"Gesch\u00e4tzte Lesezeit\" \/>\n\t<meta name=\"twitter:data1\" content=\"6\u00a0Minuten\" \/>\n<script type=\"application\/ld+json\" class=\"yoast-schema-graph\">{\"@context\":\"https:\\\/\\\/schema.org\",\"@graph\":[{\"@type\":\"WebPage\",\"@id\":\"https:\\\/\\\/conexbooks.de\\\/a\\\/shop\\\/produkt\\\/zauberbuch-familienfrieden-konkret-von-h-grubhofer\\\/\",\"url\":\"https:\\\/\\\/conexbooks.de\\\/a\\\/shop\\\/produkt\\\/zauberbuch-familienfrieden-konkret-von-h-grubhofer\\\/\",\"name\":\"Zauberbuch Familienfrieden konkret von H. Grubhofer - Conex-Shop\",\"isPartOf\":{\"@id\":\"https:\\\/\\\/conexbooks.de\\\/a\\\/shop\\\/#website\"},\"primaryImageOfPage\":{\"@id\":\"https:\\\/\\\/conexbooks.de\\\/a\\\/shop\\\/produkt\\\/zauberbuch-familienfrieden-konkret-von-h-grubhofer\\\/#primaryimage\"},\"image\":{\"@id\":\"https:\\\/\\\/conexbooks.de\\\/a\\\/shop\\\/produkt\\\/zauberbuch-familienfrieden-konkret-von-h-grubhofer\\\/#primaryimage\"},\"thumbnailUrl\":\"https:\\\/\\\/conexbooks.de\\\/a\\\/shop\\\/wp-content\\\/uploads\\\/2021\\\/04\\\/080.png\",\"datePublished\":\"2021-04-22T20:35:42+00:00\",\"dateModified\":\"2023-05-20T14:57:25+00:00\",\"breadcrumb\":{\"@id\":\"https:\\\/\\\/conexbooks.de\\\/a\\\/shop\\\/produkt\\\/zauberbuch-familienfrieden-konkret-von-h-grubhofer\\\/#breadcrumb\"},\"inLanguage\":\"de\",\"potentialAction\":[{\"@type\":\"ReadAction\",\"target\":[\"https:\\\/\\\/conexbooks.de\\\/a\\\/shop\\\/produkt\\\/zauberbuch-familienfrieden-konkret-von-h-grubhofer\\\/\"]}]},{\"@type\":\"ImageObject\",\"inLanguage\":\"de\",\"@id\":\"https:\\\/\\\/conexbooks.de\\\/a\\\/shop\\\/produkt\\\/zauberbuch-familienfrieden-konkret-von-h-grubhofer\\\/#primaryimage\",\"url\":\"https:\\\/\\\/conexbooks.de\\\/a\\\/shop\\\/wp-content\\\/uploads\\\/2021\\\/04\\\/080.png\",\"contentUrl\":\"https:\\\/\\\/conexbooks.de\\\/a\\\/shop\\\/wp-content\\\/uploads\\\/2021\\\/04\\\/080.png\",\"width\":281,\"height\":400},{\"@type\":\"BreadcrumbList\",\"@id\":\"https:\\\/\\\/conexbooks.de\\\/a\\\/shop\\\/produkt\\\/zauberbuch-familienfrieden-konkret-von-h-grubhofer\\\/#breadcrumb\",\"itemListElement\":[{\"@type\":\"ListItem\",\"position\":1,\"name\":\"Home\",\"item\":\"https:\\\/\\\/conexbooks.de\\\/a\\\/shop\\\/\"},{\"@type\":\"ListItem\",\"position\":2,\"name\":\"Shop\",\"item\":\"https:\\\/\\\/conexbooks.de\\\/a\\\/shop\\\/shop\\\/\"},{\"@type\":\"ListItem\",\"position\":3,\"name\":\"Zauberbuch Familienfrieden konkret von H. Grubhofer\"}]},{\"@type\":\"WebSite\",\"@id\":\"https:\\\/\\\/conexbooks.de\\\/a\\\/shop\\\/#website\",\"url\":\"https:\\\/\\\/conexbooks.de\\\/a\\\/shop\\\/\",\"name\":\"Conex-Shop\",\"description\":\"Alles f\u00fcr die gewaltfreie Kommunikation: B\u00fccher, Spiele. Handpuppen Seminarmaterial und Geschenke\",\"publisher\":{\"@id\":\"https:\\\/\\\/conexbooks.de\\\/a\\\/shop\\\/#organization\"},\"potentialAction\":[{\"@type\":\"SearchAction\",\"target\":{\"@type\":\"EntryPoint\",\"urlTemplate\":\"https:\\\/\\\/conexbooks.de\\\/a\\\/shop\\\/?s={search_term_string}\"},\"query-input\":{\"@type\":\"PropertyValueSpecification\",\"valueRequired\":true,\"valueName\":\"search_term_string\"}}],\"inLanguage\":\"de\"},{\"@type\":\"Organization\",\"@id\":\"https:\\\/\\\/conexbooks.de\\\/a\\\/shop\\\/#organization\",\"name\":\"Conex - books and more\",\"url\":\"https:\\\/\\\/conexbooks.de\\\/a\\\/shop\\\/\",\"logo\":{\"@type\":\"ImageObject\",\"inLanguage\":\"de\",\"@id\":\"https:\\\/\\\/conexbooks.de\\\/a\\\/shop\\\/#\\\/schema\\\/logo\\\/image\\\/\",\"url\":\"https:\\\/\\\/conexbooks.de\\\/a\\\/shop\\\/wp-content\\\/uploads\\\/2017\\\/12\\\/co-logo.png\",\"contentUrl\":\"https:\\\/\\\/conexbooks.de\\\/a\\\/shop\\\/wp-content\\\/uploads\\\/2017\\\/12\\\/co-logo.png\",\"width\":243,\"height\":122,\"caption\":\"Conex - books and more\"},\"image\":{\"@id\":\"https:\\\/\\\/conexbooks.de\\\/a\\\/shop\\\/#\\\/schema\\\/logo\\\/image\\\/\"}}]}<\/script>\n<!-- \/ Yoast SEO plugin. -->","yoast_head_json":{"title":"Zauberbuch Familienfrieden konkret von H. Grubhofer - Conex-Shop","robots":{"index":"index","follow":"follow","max-snippet":"max-snippet:-1","max-image-preview":"max-image-preview:large","max-video-preview":"max-video-preview:-1"},"canonical":"https:\/\/conexbooks.de\/a\/shop\/produkt\/zauberbuch-familienfrieden-konkret-von-h-grubhofer\/","og_locale":"de_DE","og_type":"article","og_title":"Zauberbuch Familienfrieden konkret von H. Grubhofer - Conex-Shop","og_description":"Magische Anwendungsbeispiele f\u00fcr Gewaltfreie Kommunikation mit Kindern, Jugendlichen und Erwachsenen edition riedenburg;\u00a0 www.editionriedenburg.at   1. Auflage Mai 2019,\u00a0 156 Seiten Format: 15,5 x 22 cm Ausstattung: Paperback, einige s\/w-Fotos und zahlreiche illustrierte Seiten \/ interaktive \u00dcbungen f\u00fcr den Alltag","og_url":"https:\/\/conexbooks.de\/a\/shop\/produkt\/zauberbuch-familienfrieden-konkret-von-h-grubhofer\/","og_site_name":"Conex-Shop","article_modified_time":"2023-05-20T14:57:25+00:00","og_image":[{"width":281,"height":400,"url":"https:\/\/conexbooks.de\/a\/shop\/wp-content\/uploads\/2021\/04\/080.png","type":"image\/png"}],"twitter_card":"summary_large_image","twitter_misc":{"Gesch\u00e4tzte Lesezeit":"6\u00a0Minuten"},"schema":{"@context":"https:\/\/schema.org","@graph":[{"@type":"WebPage","@id":"https:\/\/conexbooks.de\/a\/shop\/produkt\/zauberbuch-familienfrieden-konkret-von-h-grubhofer\/","url":"https:\/\/conexbooks.de\/a\/shop\/produkt\/zauberbuch-familienfrieden-konkret-von-h-grubhofer\/","name":"Zauberbuch Familienfrieden konkret von H. Grubhofer - Conex-Shop","isPartOf":{"@id":"https:\/\/conexbooks.de\/a\/shop\/#website"},"primaryImageOfPage":{"@id":"https:\/\/conexbooks.de\/a\/shop\/produkt\/zauberbuch-familienfrieden-konkret-von-h-grubhofer\/#primaryimage"},"image":{"@id":"https:\/\/conexbooks.de\/a\/shop\/produkt\/zauberbuch-familienfrieden-konkret-von-h-grubhofer\/#primaryimage"},"thumbnailUrl":"https:\/\/conexbooks.de\/a\/shop\/wp-content\/uploads\/2021\/04\/080.png","datePublished":"2021-04-22T20:35:42+00:00","dateModified":"2023-05-20T14:57:25+00:00","breadcrumb":{"@id":"https:\/\/conexbooks.de\/a\/shop\/produkt\/zauberbuch-familienfrieden-konkret-von-h-grubhofer\/#breadcrumb"},"inLanguage":"de","potentialAction":[{"@type":"ReadAction","target":["https:\/\/conexbooks.de\/a\/shop\/produkt\/zauberbuch-familienfrieden-konkret-von-h-grubhofer\/"]}]},{"@type":"ImageObject","inLanguage":"de","@id":"https:\/\/conexbooks.de\/a\/shop\/produkt\/zauberbuch-familienfrieden-konkret-von-h-grubhofer\/#primaryimage","url":"https:\/\/conexbooks.de\/a\/shop\/wp-content\/uploads\/2021\/04\/080.png","contentUrl":"https:\/\/conexbooks.de\/a\/shop\/wp-content\/uploads\/2021\/04\/080.png","width":281,"height":400},{"@type":"BreadcrumbList","@id":"https:\/\/conexbooks.de\/a\/shop\/produkt\/zauberbuch-familienfrieden-konkret-von-h-grubhofer\/#breadcrumb","itemListElement":[{"@type":"ListItem","position":1,"name":"Home","item":"https:\/\/conexbooks.de\/a\/shop\/"},{"@type":"ListItem","position":2,"name":"Shop","item":"https:\/\/conexbooks.de\/a\/shop\/shop\/"},{"@type":"ListItem","position":3,"name":"Zauberbuch Familienfrieden konkret von H. Grubhofer"}]},{"@type":"WebSite","@id":"https:\/\/conexbooks.de\/a\/shop\/#website","url":"https:\/\/conexbooks.de\/a\/shop\/","name":"Conex-Shop","description":"Alles f\u00fcr die gewaltfreie Kommunikation: B\u00fccher, Spiele. Handpuppen Seminarmaterial und Geschenke","publisher":{"@id":"https:\/\/conexbooks.de\/a\/shop\/#organization"},"potentialAction":[{"@type":"SearchAction","target":{"@type":"EntryPoint","urlTemplate":"https:\/\/conexbooks.de\/a\/shop\/?s={search_term_string}"},"query-input":{"@type":"PropertyValueSpecification","valueRequired":true,"valueName":"search_term_string"}}],"inLanguage":"de"},{"@type":"Organization","@id":"https:\/\/conexbooks.de\/a\/shop\/#organization","name":"Conex - books and more","url":"https:\/\/conexbooks.de\/a\/shop\/","logo":{"@type":"ImageObject","inLanguage":"de","@id":"https:\/\/conexbooks.de\/a\/shop\/#\/schema\/logo\/image\/","url":"https:\/\/conexbooks.de\/a\/shop\/wp-content\/uploads\/2017\/12\/co-logo.png","contentUrl":"https:\/\/conexbooks.de\/a\/shop\/wp-content\/uploads\/2017\/12\/co-logo.png","width":243,"height":122,"caption":"Conex - books and more"},"image":{"@id":"https:\/\/conexbooks.de\/a\/shop\/#\/schema\/logo\/image\/"}}]}},"_links":{"self":[{"href":"https:\/\/conexbooks.de\/a\/shop\/wp-json\/wp\/v2\/product\/17907","targetHints":{"allow":["GET"]}}],"collection":[{"href":"https:\/\/conexbooks.de\/a\/shop\/wp-json\/wp\/v2\/product"}],"about":[{"href":"https:\/\/conexbooks.de\/a\/shop\/wp-json\/wp\/v2\/types\/product"}],"wp:featuredmedia":[{"embeddable":true,"href":"https:\/\/conexbooks.de\/a\/shop\/wp-json\/wp\/v2\/media\/17908"}],"wp:attachment":[{"href":"https:\/\/conexbooks.de\/a\/shop\/wp-json\/wp\/v2\/media?parent=17907"}],"wp:term":[{"taxonomy":"product_brand","embeddable":true,"href":"https:\/\/conexbooks.de\/a\/shop\/wp-json\/wp\/v2\/product_brand?post=17907"},{"taxonomy":"product_cat","embeddable":true,"href":"https:\/\/conexbooks.de\/a\/shop\/wp-json\/wp\/v2\/product_cat?post=17907"},{"taxonomy":"product_tag","embeddable":true,"href":"https:\/\/conexbooks.de\/a\/shop\/wp-json\/wp\/v2\/product_tag?post=17907"}],"curies":[{"name":"wp","href":"https:\/\/api.w.org\/{rel}","templated":true}]}}