{"id":17968,"date":"2021-05-28T20:19:41","date_gmt":"2021-05-28T18:19:41","guid":{"rendered":"https:\/\/conexbooks.de\/a\/shop\/?post_type=product&#038;p=17968"},"modified":"2025-01-28T19:04:27","modified_gmt":"2025-01-28T18:04:27","slug":"voneinander-lernen-m-b-rosenberg","status":"publish","type":"product","link":"https:\/\/conexbooks.de\/a\/shop\/produkt\/voneinander-lernen-m-b-rosenberg\/","title":{"rendered":"Voneinander lernen, M. B. Rosenberg"},"content":{"rendered":"<h2 class=\"mb-4\">Erziehung mit der GFK<\/h2>\n<div class=\"d-none d-lg-block\">\n<h4>Marshall B. Rosenberg<\/h4>\n<h4>\u201eBestrafung und Belohnung mag ein ad\u00e4quates Konzept f\u00fcr die Hundeschule sein, f\u00fcr die Erziehung von Menschen taugt es eher nicht.\u201c<\/h4>\n<p>Marshall Rosenberg zeigt in diesem Buch, wie man die Gewaltfreie Kommunikation in Erziehung und Bildung sowie im menschlichen Miteinander einsetzen kann. Wenn man bei jemandem eine Verhaltens\u00e4nderung anregen m\u00f6chte, sind die menschlichen Bed\u00fcrfnisse der Dreh- und Angelpunkt: Wie kann ich im Einklang mit meinen eigenen Bed\u00fcrfnissen sein und mit den Bed\u00fcrfnissen anderer?<\/p>\n<p>Nach einer kurzen Einleitung zu den Themen Erziehung, Verhaltens\u00e4nderung und Einflussnahme auf andere arbeitet Marshall Rosenberg mit Seminarteilnehmer*innen an pers\u00f6nlichen Erlebnissen und Beispielen zu diesem Themenspektrum. Folgende Fragestellungen sind hierf\u00fcr ma\u00dfgeblich:<br \/>\n&#8211; Welche Art der Kommunikation macht es m\u00f6glich, von Herzen zu geben?<br \/>\n&#8211; Wie erreichen wir eine Verhaltens\u00e4nderung, ohne mit Angst, Schuldgef\u00fchlen oder Scham zu agieren?<br \/>\n&#8211; Was ist wirkungsvoller? Eine Belohnung oder der Wunsch, etwas beitragen zu k\u00f6nnen und das Leben sch\u00f6ner zu machen?<\/p>\n<\/div>\n<div id='1' class='widgets_on_page wop_tiny1  wop_small1  wop_medium1  wop_large1  wop_wide1'>\n\t\t\t<ul><li id=\"custom_html-4\" class=\"widget_text widget widget_custom_html\"><div class=\"textwidget custom-html-widget\"><div style=\"text-align:left;\">\r\n<button class = \"button\" style=\"height: 30px; font-size: 0.8em;\" name=\"zuruck\" type=\"button\" onclick=\"history.back()\">Zur\u00fcck zur \u00dcbersicht<\/button><\/div><\/div><\/li><\/ul><\/div><!-- widgets_on_page -->\n","protected":false},"excerpt":{"rendered":"<h3>Dr. Marshall B. Rosenberg<\/h3>\n<h4><strong>Voneinander lernen<\/strong><br \/>\nErziehung mit der GFK<\/h4>\n<p>Originaltitel: Educare con la Comunicazione Nonviolenta<\/p>\n<p>\u00dcbersetzt aus dem Italienischen von Petra Quast<\/p>\n<p>Junfermann-Verlag<br \/>\n1. Auflage 2021 &#8211; 48 Seiten<\/p>\n<p>kartoniert, Format: 14.0 x 21.00<\/p>\n","protected":false},"featured_media":17969,"template":"","meta":[],"product_brand":[],"product_cat":[38,482,36,44],"product_tag":[122,82,101,105,62,60,340,116,107,94,338,339],"class_list":{"0":"post-17968","1":"product","2":"type-product","3":"status-publish","4":"has-post-thumbnail","6":"product_cat-beziehung-familie","7":"product_cat-buecher","8":"product_cat-deutsche-buecher","9":"product_cat-konflikte","10":"product_tag-beduerfnisse","11":"product_tag-beziehung","12":"product_tag-courage","13":"product_tag-erziehung","14":"product_tag-gewaltpraevention","15":"product_tag-konflikte","16":"product_tag-partnerschaftlich","17":"product_tag-sozialer-wandel","18":"product_tag-streitschlichtung","19":"product_tag-team","20":"product_tag-verhaltensaenderung","21":"product_tag-voneinander-lernen","23":"first","24":"instock","25":"shipping-taxable","26":"purchasable","27":"product-type-simple"},"yoast_head":"<!-- This site is optimized with the Yoast SEO plugin v27.4 - https:\/\/yoast.com\/product\/yoast-seo-wordpress\/ -->\n<title>Voneinander lernen, M. B. Rosenberg - Conex-Shop<\/title>\n<meta name=\"robots\" content=\"index, follow, max-snippet:-1, max-image-preview:large, max-video-preview:-1\" \/>\n<link rel=\"canonical\" href=\"https:\/\/conexbooks.de\/a\/shop\/produkt\/voneinander-lernen-m-b-rosenberg\/\" \/>\n<meta property=\"og:locale\" content=\"de_DE\" \/>\n<meta property=\"og:type\" content=\"article\" \/>\n<meta property=\"og:title\" content=\"Voneinander lernen, M. B. Rosenberg - Conex-Shop\" \/>\n<meta property=\"og:description\" content=\"Dr. Marshall B. Rosenberg Voneinander lernen Erziehung mit der GFK Originaltitel: Educare con la Comunicazione Nonviolenta  \u00dcbersetzt aus dem Italienischen von Petra Quast  Junfermann-Verlag 1. Auflage 2021 - 48 Seiten  kartoniert, Format: 14.0 x 21.00\" \/>\n<meta property=\"og:url\" content=\"https:\/\/conexbooks.de\/a\/shop\/produkt\/voneinander-lernen-m-b-rosenberg\/\" \/>\n<meta property=\"og:site_name\" content=\"Conex-Shop\" \/>\n<meta property=\"article:modified_time\" content=\"2025-01-28T18:04:27+00:00\" \/>\n<meta property=\"og:image\" content=\"https:\/\/conexbooks.de\/a\/shop\/wp-content\/uploads\/2021\/05\/083.png\" \/>\n\t<meta property=\"og:image:width\" content=\"260\" \/>\n\t<meta property=\"og:image:height\" content=\"400\" \/>\n\t<meta property=\"og:image:type\" content=\"image\/png\" \/>\n<meta name=\"twitter:card\" content=\"summary_large_image\" \/>\n<meta name=\"twitter:label1\" content=\"Gesch\u00e4tzte Lesezeit\" \/>\n\t<meta name=\"twitter:data1\" content=\"1\u00a0Minute\" \/>\n<script type=\"application\/ld+json\" class=\"yoast-schema-graph\">{\"@context\":\"https:\\\/\\\/schema.org\",\"@graph\":[{\"@type\":\"WebPage\",\"@id\":\"https:\\\/\\\/conexbooks.de\\\/a\\\/shop\\\/produkt\\\/voneinander-lernen-m-b-rosenberg\\\/\",\"url\":\"https:\\\/\\\/conexbooks.de\\\/a\\\/shop\\\/produkt\\\/voneinander-lernen-m-b-rosenberg\\\/\",\"name\":\"Voneinander lernen, M. B. Rosenberg - Conex-Shop\",\"isPartOf\":{\"@id\":\"https:\\\/\\\/conexbooks.de\\\/a\\\/shop\\\/#website\"},\"primaryImageOfPage\":{\"@id\":\"https:\\\/\\\/conexbooks.de\\\/a\\\/shop\\\/produkt\\\/voneinander-lernen-m-b-rosenberg\\\/#primaryimage\"},\"image\":{\"@id\":\"https:\\\/\\\/conexbooks.de\\\/a\\\/shop\\\/produkt\\\/voneinander-lernen-m-b-rosenberg\\\/#primaryimage\"},\"thumbnailUrl\":\"https:\\\/\\\/conexbooks.de\\\/a\\\/shop\\\/wp-content\\\/uploads\\\/2021\\\/05\\\/083.png\",\"datePublished\":\"2021-05-28T18:19:41+00:00\",\"dateModified\":\"2025-01-28T18:04:27+00:00\",\"breadcrumb\":{\"@id\":\"https:\\\/\\\/conexbooks.de\\\/a\\\/shop\\\/produkt\\\/voneinander-lernen-m-b-rosenberg\\\/#breadcrumb\"},\"inLanguage\":\"de\",\"potentialAction\":[{\"@type\":\"ReadAction\",\"target\":[\"https:\\\/\\\/conexbooks.de\\\/a\\\/shop\\\/produkt\\\/voneinander-lernen-m-b-rosenberg\\\/\"]}]},{\"@type\":\"ImageObject\",\"inLanguage\":\"de\",\"@id\":\"https:\\\/\\\/conexbooks.de\\\/a\\\/shop\\\/produkt\\\/voneinander-lernen-m-b-rosenberg\\\/#primaryimage\",\"url\":\"https:\\\/\\\/conexbooks.de\\\/a\\\/shop\\\/wp-content\\\/uploads\\\/2021\\\/05\\\/083.png\",\"contentUrl\":\"https:\\\/\\\/conexbooks.de\\\/a\\\/shop\\\/wp-content\\\/uploads\\\/2021\\\/05\\\/083.png\",\"width\":260,\"height\":400},{\"@type\":\"BreadcrumbList\",\"@id\":\"https:\\\/\\\/conexbooks.de\\\/a\\\/shop\\\/produkt\\\/voneinander-lernen-m-b-rosenberg\\\/#breadcrumb\",\"itemListElement\":[{\"@type\":\"ListItem\",\"position\":1,\"name\":\"Home\",\"item\":\"https:\\\/\\\/conexbooks.de\\\/a\\\/shop\\\/\"},{\"@type\":\"ListItem\",\"position\":2,\"name\":\"Shop\",\"item\":\"https:\\\/\\\/conexbooks.de\\\/a\\\/shop\\\/shop\\\/\"},{\"@type\":\"ListItem\",\"position\":3,\"name\":\"Voneinander lernen, M. B. Rosenberg\"}]},{\"@type\":\"WebSite\",\"@id\":\"https:\\\/\\\/conexbooks.de\\\/a\\\/shop\\\/#website\",\"url\":\"https:\\\/\\\/conexbooks.de\\\/a\\\/shop\\\/\",\"name\":\"Conex-Shop\",\"description\":\"Alles f\u00fcr die gewaltfreie Kommunikation: B\u00fccher, Spiele. Handpuppen Seminarmaterial und Geschenke\",\"publisher\":{\"@id\":\"https:\\\/\\\/conexbooks.de\\\/a\\\/shop\\\/#organization\"},\"potentialAction\":[{\"@type\":\"SearchAction\",\"target\":{\"@type\":\"EntryPoint\",\"urlTemplate\":\"https:\\\/\\\/conexbooks.de\\\/a\\\/shop\\\/?s={search_term_string}\"},\"query-input\":{\"@type\":\"PropertyValueSpecification\",\"valueRequired\":true,\"valueName\":\"search_term_string\"}}],\"inLanguage\":\"de\"},{\"@type\":\"Organization\",\"@id\":\"https:\\\/\\\/conexbooks.de\\\/a\\\/shop\\\/#organization\",\"name\":\"Conex - books and more\",\"url\":\"https:\\\/\\\/conexbooks.de\\\/a\\\/shop\\\/\",\"logo\":{\"@type\":\"ImageObject\",\"inLanguage\":\"de\",\"@id\":\"https:\\\/\\\/conexbooks.de\\\/a\\\/shop\\\/#\\\/schema\\\/logo\\\/image\\\/\",\"url\":\"https:\\\/\\\/conexbooks.de\\\/a\\\/shop\\\/wp-content\\\/uploads\\\/2017\\\/12\\\/co-logo.png\",\"contentUrl\":\"https:\\\/\\\/conexbooks.de\\\/a\\\/shop\\\/wp-content\\\/uploads\\\/2017\\\/12\\\/co-logo.png\",\"width\":243,\"height\":122,\"caption\":\"Conex - books and more\"},\"image\":{\"@id\":\"https:\\\/\\\/conexbooks.de\\\/a\\\/shop\\\/#\\\/schema\\\/logo\\\/image\\\/\"}}]}<\/script>\n<!-- \/ Yoast SEO plugin. -->","yoast_head_json":{"title":"Voneinander lernen, M. B. Rosenberg - Conex-Shop","robots":{"index":"index","follow":"follow","max-snippet":"max-snippet:-1","max-image-preview":"max-image-preview:large","max-video-preview":"max-video-preview:-1"},"canonical":"https:\/\/conexbooks.de\/a\/shop\/produkt\/voneinander-lernen-m-b-rosenberg\/","og_locale":"de_DE","og_type":"article","og_title":"Voneinander lernen, M. B. Rosenberg - Conex-Shop","og_description":"Dr. Marshall B. Rosenberg Voneinander lernen Erziehung mit der GFK Originaltitel: Educare con la Comunicazione Nonviolenta  \u00dcbersetzt aus dem Italienischen von Petra Quast  Junfermann-Verlag 1. Auflage 2021 - 48 Seiten  kartoniert, Format: 14.0 x 21.00","og_url":"https:\/\/conexbooks.de\/a\/shop\/produkt\/voneinander-lernen-m-b-rosenberg\/","og_site_name":"Conex-Shop","article_modified_time":"2025-01-28T18:04:27+00:00","og_image":[{"width":260,"height":400,"url":"https:\/\/conexbooks.de\/a\/shop\/wp-content\/uploads\/2021\/05\/083.png","type":"image\/png"}],"twitter_card":"summary_large_image","twitter_misc":{"Gesch\u00e4tzte Lesezeit":"1\u00a0Minute"},"schema":{"@context":"https:\/\/schema.org","@graph":[{"@type":"WebPage","@id":"https:\/\/conexbooks.de\/a\/shop\/produkt\/voneinander-lernen-m-b-rosenberg\/","url":"https:\/\/conexbooks.de\/a\/shop\/produkt\/voneinander-lernen-m-b-rosenberg\/","name":"Voneinander lernen, M. B. Rosenberg - Conex-Shop","isPartOf":{"@id":"https:\/\/conexbooks.de\/a\/shop\/#website"},"primaryImageOfPage":{"@id":"https:\/\/conexbooks.de\/a\/shop\/produkt\/voneinander-lernen-m-b-rosenberg\/#primaryimage"},"image":{"@id":"https:\/\/conexbooks.de\/a\/shop\/produkt\/voneinander-lernen-m-b-rosenberg\/#primaryimage"},"thumbnailUrl":"https:\/\/conexbooks.de\/a\/shop\/wp-content\/uploads\/2021\/05\/083.png","datePublished":"2021-05-28T18:19:41+00:00","dateModified":"2025-01-28T18:04:27+00:00","breadcrumb":{"@id":"https:\/\/conexbooks.de\/a\/shop\/produkt\/voneinander-lernen-m-b-rosenberg\/#breadcrumb"},"inLanguage":"de","potentialAction":[{"@type":"ReadAction","target":["https:\/\/conexbooks.de\/a\/shop\/produkt\/voneinander-lernen-m-b-rosenberg\/"]}]},{"@type":"ImageObject","inLanguage":"de","@id":"https:\/\/conexbooks.de\/a\/shop\/produkt\/voneinander-lernen-m-b-rosenberg\/#primaryimage","url":"https:\/\/conexbooks.de\/a\/shop\/wp-content\/uploads\/2021\/05\/083.png","contentUrl":"https:\/\/conexbooks.de\/a\/shop\/wp-content\/uploads\/2021\/05\/083.png","width":260,"height":400},{"@type":"BreadcrumbList","@id":"https:\/\/conexbooks.de\/a\/shop\/produkt\/voneinander-lernen-m-b-rosenberg\/#breadcrumb","itemListElement":[{"@type":"ListItem","position":1,"name":"Home","item":"https:\/\/conexbooks.de\/a\/shop\/"},{"@type":"ListItem","position":2,"name":"Shop","item":"https:\/\/conexbooks.de\/a\/shop\/shop\/"},{"@type":"ListItem","position":3,"name":"Voneinander lernen, M. B. Rosenberg"}]},{"@type":"WebSite","@id":"https:\/\/conexbooks.de\/a\/shop\/#website","url":"https:\/\/conexbooks.de\/a\/shop\/","name":"Conex-Shop","description":"Alles f\u00fcr die gewaltfreie Kommunikation: B\u00fccher, Spiele. Handpuppen Seminarmaterial und Geschenke","publisher":{"@id":"https:\/\/conexbooks.de\/a\/shop\/#organization"},"potentialAction":[{"@type":"SearchAction","target":{"@type":"EntryPoint","urlTemplate":"https:\/\/conexbooks.de\/a\/shop\/?s={search_term_string}"},"query-input":{"@type":"PropertyValueSpecification","valueRequired":true,"valueName":"search_term_string"}}],"inLanguage":"de"},{"@type":"Organization","@id":"https:\/\/conexbooks.de\/a\/shop\/#organization","name":"Conex - books and more","url":"https:\/\/conexbooks.de\/a\/shop\/","logo":{"@type":"ImageObject","inLanguage":"de","@id":"https:\/\/conexbooks.de\/a\/shop\/#\/schema\/logo\/image\/","url":"https:\/\/conexbooks.de\/a\/shop\/wp-content\/uploads\/2017\/12\/co-logo.png","contentUrl":"https:\/\/conexbooks.de\/a\/shop\/wp-content\/uploads\/2017\/12\/co-logo.png","width":243,"height":122,"caption":"Conex - books and more"},"image":{"@id":"https:\/\/conexbooks.de\/a\/shop\/#\/schema\/logo\/image\/"}}]}},"_links":{"self":[{"href":"https:\/\/conexbooks.de\/a\/shop\/wp-json\/wp\/v2\/product\/17968","targetHints":{"allow":["GET"]}}],"collection":[{"href":"https:\/\/conexbooks.de\/a\/shop\/wp-json\/wp\/v2\/product"}],"about":[{"href":"https:\/\/conexbooks.de\/a\/shop\/wp-json\/wp\/v2\/types\/product"}],"wp:featuredmedia":[{"embeddable":true,"href":"https:\/\/conexbooks.de\/a\/shop\/wp-json\/wp\/v2\/media\/17969"}],"wp:attachment":[{"href":"https:\/\/conexbooks.de\/a\/shop\/wp-json\/wp\/v2\/media?parent=17968"}],"wp:term":[{"taxonomy":"product_brand","embeddable":true,"href":"https:\/\/conexbooks.de\/a\/shop\/wp-json\/wp\/v2\/product_brand?post=17968"},{"taxonomy":"product_cat","embeddable":true,"href":"https:\/\/conexbooks.de\/a\/shop\/wp-json\/wp\/v2\/product_cat?post=17968"},{"taxonomy":"product_tag","embeddable":true,"href":"https:\/\/conexbooks.de\/a\/shop\/wp-json\/wp\/v2\/product_tag?post=17968"}],"curies":[{"name":"wp","href":"https:\/\/api.w.org\/{rel}","templated":true}]}}