{"id":17973,"date":"2021-05-28T21:30:58","date_gmt":"2021-05-28T19:30:58","guid":{"rendered":"https:\/\/conexbooks.de\/a\/shop\/?post_type=product&#038;p=17973"},"modified":"2023-04-28T15:34:23","modified_gmt":"2023-04-28T13:34:23","slug":"gfk-zeitschrift-empathische-zeit-heft-2-2021","status":"publish","type":"product","link":"https:\/\/conexbooks.de\/a\/shop\/produkt\/gfk-zeitschrift-empathische-zeit-heft-2-2021\/","title":{"rendered":"GFK-Zeitschrift: Empathische Zeit; Heft 2\/2021"},"content":{"rendered":"<h3>Empathische Zeit<\/h3>\n<p>Freuen Sie sich auf 84 inspirierende Seiten des weltweit einzigen Magazions f\u00fcr Gewaltfreie Kommunikarion und das neue Schwerpunkt-Thema<\/p>\n<p><strong>\u201eDie Kraft der W\u00f6lfe\u201c<\/strong><\/p>\n<p>Zahlreiche AutorInnen haben mit ihren Beitr\u00e4gen verschiedene Aspekte zu diesem zentralen Thema der GFK zusammengetragen. Unter anderem geht es um den Umgang mit unserer Wut und den Abschied vom Denken in Polarit\u00e4ten. Und Uta Hohenberger pl\u00e4diert daf\u00fcr, dass wir auch in unserer Gemeinschaft mehr Aufrichtigkeit wagen, um den sozialen Wandel zu befl\u00fcgeln.Dazu finden Sie eine Anleitung f\u00fcr eine z\u00fcnftige Wolfsshow.<\/p>\n<p>Daneben finden Sie Berichte \u00fcber<br \/>\n\u2022 eine Spendenaktion f\u00fcr den amerikanischen Trainer Robert Gonzales<br \/>\n\u2022 die Schl\u00fcsselunterscheidungen und ihren Einfluss auf unsere Konfliktf\u00e4higkeiten<br \/>\n\u2022 Herzklopfen im GFK-Training<br \/>\n\u2022 eine andere Art, Seminarprotokolle zur fertigen<br \/>\n\u2022 und Aktivit\u00e4ten aus dem GFK-Netzwerk von A wie Abschied bis Z wie Zertifizierung.<br \/>\nund vieles mehr.<\/p>\n<p>AutorInnen sind unter anderem, Gaby Schuster, Lorna Ritchie, Marina Stege, Melanie Bieber, Elke Dobkowitz, Gerhard Rothhaupt, Ivan Barry, Christel Heil, Anna Damert, S\u00f6ren Balendat und viele andere.<\/p>\n<p>Besonders hinweisen m\u00f6chten wir auf den siebten Teil unserer Serie f\u00fcr TrainerInnen zum Thema \u201eTransferwirksamkeit\u201c. Wie planen Sie den Transfer des Gelernten in die Praxis?<\/p>\n<p>Unser Goodie in diesem Heft f\u00fcr unsere Abonnenten ist die Arbeitsanleitung \u201eWillkommen zur Wolfsshow!\u201c<\/p>\n<h4><a href=\"https:\/\/conexbooks.de\/a\/shop\/produkt-kategorie\/empathische-zeitschrift\/\">Alle Emphatische Zeit Hefte anschauen<\/a><\/h4>\n<div id='1' class='widgets_on_page wop_tiny1  wop_small1  wop_medium1  wop_large1  wop_wide1'>\n\t\t\t<ul><li id=\"custom_html-4\" class=\"widget_text widget widget_custom_html\"><div class=\"textwidget custom-html-widget\"><div style=\"text-align:left;\">\r\n<button class = \"button\" style=\"height: 30px; font-size: 0.8em;\" name=\"zuruck\" type=\"button\" onclick=\"history.back()\">Zur\u00fcck zur \u00dcbersicht<\/button><\/div><\/div><\/li><\/ul><\/div><!-- widgets_on_page -->\n","protected":false},"excerpt":{"rendered":"<h3>Magazin f\u00fcr Konfliktl\u00f6sung und sozialen Wandel<\/h3>\n<h3><strong>\u201eDie Kraft der W\u00f6lfe\u201c<\/strong><\/h3>\n<h4>Heft 2\/2021; 84 Seiten<\/h4>\n<p>erschienen bei Empathikon.de<\/p>\n<p>Gem\u00e4\u00df Fernhandelsgesetz sind Zeitungen und Zeitschriften vom Umtausch ausgeschlossen.<\/p>\n","protected":false},"featured_media":17974,"template":"","meta":[],"product_brand":[],"product_cat":[57],"product_tag":[156,346,343,87,347,348,350,349,114],"class_list":{"0":"post-17973","1":"product","2":"type-product","3":"status-publish","4":"has-post-thumbnail","6":"product_cat-empathische-zeitschrift","7":"product_tag-aufrichtigkeit","8":"product_tag-geld-verdienen","9":"product_tag-kritik","10":"product_tag-meinungsverschiedenheiten","11":"product_tag-online-seminare","12":"product_tag-polaritaet","13":"product_tag-umgang-mit-wut","14":"product_tag-wut","15":"product_tag-zeitschrift","17":"first","18":"instock","19":"shipping-taxable","20":"purchasable","21":"product-type-simple"},"yoast_head":"<!-- This site is optimized with the Yoast SEO plugin v27.4 - https:\/\/yoast.com\/product\/yoast-seo-wordpress\/ -->\n<title>GFK-Zeitschrift: Empathische Zeit; Heft 2\/2021 - Conex-Shop<\/title>\n<meta name=\"robots\" content=\"index, follow, max-snippet:-1, max-image-preview:large, max-video-preview:-1\" \/>\n<link rel=\"canonical\" href=\"https:\/\/conexbooks.de\/a\/shop\/produkt\/gfk-zeitschrift-empathische-zeit-heft-2-2021\/\" \/>\n<meta property=\"og:locale\" content=\"de_DE\" \/>\n<meta property=\"og:type\" content=\"article\" \/>\n<meta property=\"og:title\" content=\"GFK-Zeitschrift: Empathische Zeit; Heft 2\/2021 - Conex-Shop\" \/>\n<meta property=\"og:description\" content=\"Magazin f\u00fcr Konfliktl\u00f6sung und sozialen Wandel \u201eDie Kraft der W\u00f6lfe\u201c Heft 2\/2021; 84 Seiten erschienen bei Empathikon.de  Gem\u00e4\u00df Fernhandelsgesetz sind Zeitungen und Zeitschriften vom Umtausch ausgeschlossen.\" \/>\n<meta property=\"og:url\" content=\"https:\/\/conexbooks.de\/a\/shop\/produkt\/gfk-zeitschrift-empathische-zeit-heft-2-2021\/\" \/>\n<meta property=\"og:site_name\" content=\"Conex-Shop\" \/>\n<meta property=\"article:modified_time\" content=\"2023-04-28T13:34:23+00:00\" \/>\n<meta property=\"og:image\" content=\"https:\/\/conexbooks.de\/a\/shop\/wp-content\/uploads\/2021\/05\/759.png\" \/>\n\t<meta property=\"og:image:width\" content=\"214\" \/>\n\t<meta property=\"og:image:height\" content=\"300\" \/>\n\t<meta property=\"og:image:type\" content=\"image\/png\" \/>\n<meta name=\"twitter:card\" content=\"summary_large_image\" \/>\n<meta name=\"twitter:label1\" content=\"Gesch\u00e4tzte Lesezeit\" \/>\n\t<meta name=\"twitter:data1\" content=\"1\u00a0Minute\" \/>\n<script type=\"application\/ld+json\" class=\"yoast-schema-graph\">{\"@context\":\"https:\\\/\\\/schema.org\",\"@graph\":[{\"@type\":\"WebPage\",\"@id\":\"https:\\\/\\\/conexbooks.de\\\/a\\\/shop\\\/produkt\\\/gfk-zeitschrift-empathische-zeit-heft-2-2021\\\/\",\"url\":\"https:\\\/\\\/conexbooks.de\\\/a\\\/shop\\\/produkt\\\/gfk-zeitschrift-empathische-zeit-heft-2-2021\\\/\",\"name\":\"GFK-Zeitschrift: Empathische Zeit; Heft 2\\\/2021 - Conex-Shop\",\"isPartOf\":{\"@id\":\"https:\\\/\\\/conexbooks.de\\\/a\\\/shop\\\/#website\"},\"primaryImageOfPage\":{\"@id\":\"https:\\\/\\\/conexbooks.de\\\/a\\\/shop\\\/produkt\\\/gfk-zeitschrift-empathische-zeit-heft-2-2021\\\/#primaryimage\"},\"image\":{\"@id\":\"https:\\\/\\\/conexbooks.de\\\/a\\\/shop\\\/produkt\\\/gfk-zeitschrift-empathische-zeit-heft-2-2021\\\/#primaryimage\"},\"thumbnailUrl\":\"https:\\\/\\\/conexbooks.de\\\/a\\\/shop\\\/wp-content\\\/uploads\\\/2021\\\/05\\\/759.png\",\"datePublished\":\"2021-05-28T19:30:58+00:00\",\"dateModified\":\"2023-04-28T13:34:23+00:00\",\"breadcrumb\":{\"@id\":\"https:\\\/\\\/conexbooks.de\\\/a\\\/shop\\\/produkt\\\/gfk-zeitschrift-empathische-zeit-heft-2-2021\\\/#breadcrumb\"},\"inLanguage\":\"de\",\"potentialAction\":[{\"@type\":\"ReadAction\",\"target\":[\"https:\\\/\\\/conexbooks.de\\\/a\\\/shop\\\/produkt\\\/gfk-zeitschrift-empathische-zeit-heft-2-2021\\\/\"]}]},{\"@type\":\"ImageObject\",\"inLanguage\":\"de\",\"@id\":\"https:\\\/\\\/conexbooks.de\\\/a\\\/shop\\\/produkt\\\/gfk-zeitschrift-empathische-zeit-heft-2-2021\\\/#primaryimage\",\"url\":\"https:\\\/\\\/conexbooks.de\\\/a\\\/shop\\\/wp-content\\\/uploads\\\/2021\\\/05\\\/759.png\",\"contentUrl\":\"https:\\\/\\\/conexbooks.de\\\/a\\\/shop\\\/wp-content\\\/uploads\\\/2021\\\/05\\\/759.png\",\"width\":214,\"height\":300},{\"@type\":\"BreadcrumbList\",\"@id\":\"https:\\\/\\\/conexbooks.de\\\/a\\\/shop\\\/produkt\\\/gfk-zeitschrift-empathische-zeit-heft-2-2021\\\/#breadcrumb\",\"itemListElement\":[{\"@type\":\"ListItem\",\"position\":1,\"name\":\"Home\",\"item\":\"https:\\\/\\\/conexbooks.de\\\/a\\\/shop\\\/\"},{\"@type\":\"ListItem\",\"position\":2,\"name\":\"Shop\",\"item\":\"https:\\\/\\\/conexbooks.de\\\/a\\\/shop\\\/shop\\\/\"},{\"@type\":\"ListItem\",\"position\":3,\"name\":\"GFK-Zeitschrift: Empathische Zeit; Heft 2\\\/2021\"}]},{\"@type\":\"WebSite\",\"@id\":\"https:\\\/\\\/conexbooks.de\\\/a\\\/shop\\\/#website\",\"url\":\"https:\\\/\\\/conexbooks.de\\\/a\\\/shop\\\/\",\"name\":\"Conex-Shop\",\"description\":\"Alles f\u00fcr die gewaltfreie Kommunikation: B\u00fccher, Spiele. Handpuppen Seminarmaterial und Geschenke\",\"publisher\":{\"@id\":\"https:\\\/\\\/conexbooks.de\\\/a\\\/shop\\\/#organization\"},\"potentialAction\":[{\"@type\":\"SearchAction\",\"target\":{\"@type\":\"EntryPoint\",\"urlTemplate\":\"https:\\\/\\\/conexbooks.de\\\/a\\\/shop\\\/?s={search_term_string}\"},\"query-input\":{\"@type\":\"PropertyValueSpecification\",\"valueRequired\":true,\"valueName\":\"search_term_string\"}}],\"inLanguage\":\"de\"},{\"@type\":\"Organization\",\"@id\":\"https:\\\/\\\/conexbooks.de\\\/a\\\/shop\\\/#organization\",\"name\":\"Conex - books and more\",\"url\":\"https:\\\/\\\/conexbooks.de\\\/a\\\/shop\\\/\",\"logo\":{\"@type\":\"ImageObject\",\"inLanguage\":\"de\",\"@id\":\"https:\\\/\\\/conexbooks.de\\\/a\\\/shop\\\/#\\\/schema\\\/logo\\\/image\\\/\",\"url\":\"https:\\\/\\\/conexbooks.de\\\/a\\\/shop\\\/wp-content\\\/uploads\\\/2017\\\/12\\\/co-logo.png\",\"contentUrl\":\"https:\\\/\\\/conexbooks.de\\\/a\\\/shop\\\/wp-content\\\/uploads\\\/2017\\\/12\\\/co-logo.png\",\"width\":243,\"height\":122,\"caption\":\"Conex - books and more\"},\"image\":{\"@id\":\"https:\\\/\\\/conexbooks.de\\\/a\\\/shop\\\/#\\\/schema\\\/logo\\\/image\\\/\"}}]}<\/script>\n<!-- \/ Yoast SEO plugin. -->","yoast_head_json":{"title":"GFK-Zeitschrift: Empathische Zeit; Heft 2\/2021 - Conex-Shop","robots":{"index":"index","follow":"follow","max-snippet":"max-snippet:-1","max-image-preview":"max-image-preview:large","max-video-preview":"max-video-preview:-1"},"canonical":"https:\/\/conexbooks.de\/a\/shop\/produkt\/gfk-zeitschrift-empathische-zeit-heft-2-2021\/","og_locale":"de_DE","og_type":"article","og_title":"GFK-Zeitschrift: Empathische Zeit; Heft 2\/2021 - Conex-Shop","og_description":"Magazin f\u00fcr Konfliktl\u00f6sung und sozialen Wandel \u201eDie Kraft der W\u00f6lfe\u201c Heft 2\/2021; 84 Seiten erschienen bei Empathikon.de  Gem\u00e4\u00df Fernhandelsgesetz sind Zeitungen und Zeitschriften vom Umtausch ausgeschlossen.","og_url":"https:\/\/conexbooks.de\/a\/shop\/produkt\/gfk-zeitschrift-empathische-zeit-heft-2-2021\/","og_site_name":"Conex-Shop","article_modified_time":"2023-04-28T13:34:23+00:00","og_image":[{"width":214,"height":300,"url":"https:\/\/conexbooks.de\/a\/shop\/wp-content\/uploads\/2021\/05\/759.png","type":"image\/png"}],"twitter_card":"summary_large_image","twitter_misc":{"Gesch\u00e4tzte Lesezeit":"1\u00a0Minute"},"schema":{"@context":"https:\/\/schema.org","@graph":[{"@type":"WebPage","@id":"https:\/\/conexbooks.de\/a\/shop\/produkt\/gfk-zeitschrift-empathische-zeit-heft-2-2021\/","url":"https:\/\/conexbooks.de\/a\/shop\/produkt\/gfk-zeitschrift-empathische-zeit-heft-2-2021\/","name":"GFK-Zeitschrift: Empathische Zeit; Heft 2\/2021 - Conex-Shop","isPartOf":{"@id":"https:\/\/conexbooks.de\/a\/shop\/#website"},"primaryImageOfPage":{"@id":"https:\/\/conexbooks.de\/a\/shop\/produkt\/gfk-zeitschrift-empathische-zeit-heft-2-2021\/#primaryimage"},"image":{"@id":"https:\/\/conexbooks.de\/a\/shop\/produkt\/gfk-zeitschrift-empathische-zeit-heft-2-2021\/#primaryimage"},"thumbnailUrl":"https:\/\/conexbooks.de\/a\/shop\/wp-content\/uploads\/2021\/05\/759.png","datePublished":"2021-05-28T19:30:58+00:00","dateModified":"2023-04-28T13:34:23+00:00","breadcrumb":{"@id":"https:\/\/conexbooks.de\/a\/shop\/produkt\/gfk-zeitschrift-empathische-zeit-heft-2-2021\/#breadcrumb"},"inLanguage":"de","potentialAction":[{"@type":"ReadAction","target":["https:\/\/conexbooks.de\/a\/shop\/produkt\/gfk-zeitschrift-empathische-zeit-heft-2-2021\/"]}]},{"@type":"ImageObject","inLanguage":"de","@id":"https:\/\/conexbooks.de\/a\/shop\/produkt\/gfk-zeitschrift-empathische-zeit-heft-2-2021\/#primaryimage","url":"https:\/\/conexbooks.de\/a\/shop\/wp-content\/uploads\/2021\/05\/759.png","contentUrl":"https:\/\/conexbooks.de\/a\/shop\/wp-content\/uploads\/2021\/05\/759.png","width":214,"height":300},{"@type":"BreadcrumbList","@id":"https:\/\/conexbooks.de\/a\/shop\/produkt\/gfk-zeitschrift-empathische-zeit-heft-2-2021\/#breadcrumb","itemListElement":[{"@type":"ListItem","position":1,"name":"Home","item":"https:\/\/conexbooks.de\/a\/shop\/"},{"@type":"ListItem","position":2,"name":"Shop","item":"https:\/\/conexbooks.de\/a\/shop\/shop\/"},{"@type":"ListItem","position":3,"name":"GFK-Zeitschrift: Empathische Zeit; Heft 2\/2021"}]},{"@type":"WebSite","@id":"https:\/\/conexbooks.de\/a\/shop\/#website","url":"https:\/\/conexbooks.de\/a\/shop\/","name":"Conex-Shop","description":"Alles f\u00fcr die gewaltfreie Kommunikation: B\u00fccher, Spiele. Handpuppen Seminarmaterial und Geschenke","publisher":{"@id":"https:\/\/conexbooks.de\/a\/shop\/#organization"},"potentialAction":[{"@type":"SearchAction","target":{"@type":"EntryPoint","urlTemplate":"https:\/\/conexbooks.de\/a\/shop\/?s={search_term_string}"},"query-input":{"@type":"PropertyValueSpecification","valueRequired":true,"valueName":"search_term_string"}}],"inLanguage":"de"},{"@type":"Organization","@id":"https:\/\/conexbooks.de\/a\/shop\/#organization","name":"Conex - books and more","url":"https:\/\/conexbooks.de\/a\/shop\/","logo":{"@type":"ImageObject","inLanguage":"de","@id":"https:\/\/conexbooks.de\/a\/shop\/#\/schema\/logo\/image\/","url":"https:\/\/conexbooks.de\/a\/shop\/wp-content\/uploads\/2017\/12\/co-logo.png","contentUrl":"https:\/\/conexbooks.de\/a\/shop\/wp-content\/uploads\/2017\/12\/co-logo.png","width":243,"height":122,"caption":"Conex - books and more"},"image":{"@id":"https:\/\/conexbooks.de\/a\/shop\/#\/schema\/logo\/image\/"}}]}},"_links":{"self":[{"href":"https:\/\/conexbooks.de\/a\/shop\/wp-json\/wp\/v2\/product\/17973","targetHints":{"allow":["GET"]}}],"collection":[{"href":"https:\/\/conexbooks.de\/a\/shop\/wp-json\/wp\/v2\/product"}],"about":[{"href":"https:\/\/conexbooks.de\/a\/shop\/wp-json\/wp\/v2\/types\/product"}],"wp:featuredmedia":[{"embeddable":true,"href":"https:\/\/conexbooks.de\/a\/shop\/wp-json\/wp\/v2\/media\/17974"}],"wp:attachment":[{"href":"https:\/\/conexbooks.de\/a\/shop\/wp-json\/wp\/v2\/media?parent=17973"}],"wp:term":[{"taxonomy":"product_brand","embeddable":true,"href":"https:\/\/conexbooks.de\/a\/shop\/wp-json\/wp\/v2\/product_brand?post=17973"},{"taxonomy":"product_cat","embeddable":true,"href":"https:\/\/conexbooks.de\/a\/shop\/wp-json\/wp\/v2\/product_cat?post=17973"},{"taxonomy":"product_tag","embeddable":true,"href":"https:\/\/conexbooks.de\/a\/shop\/wp-json\/wp\/v2\/product_tag?post=17973"}],"curies":[{"name":"wp","href":"https:\/\/api.w.org\/{rel}","templated":true}]}}