{"id":17977,"date":"2021-05-28T21:54:15","date_gmt":"2021-05-28T19:54:15","guid":{"rendered":"https:\/\/conexbooks.de\/a\/shop\/?post_type=product&#038;p=17977"},"modified":"2025-01-01T10:51:49","modified_gmt":"2025-01-01T09:51:49","slug":"die-abenteuer-von-lups-und-spotty","status":"publish","type":"product","link":"https:\/\/conexbooks.de\/a\/shop\/produkt\/die-abenteuer-von-lups-und-spotty\/","title":{"rendered":"Die Abenteuer von Lups und Spotty"},"content":{"rendered":"<h3>Die Abenteuer von Lups und Spotty<\/h3>\n<h4 class=\"mb-4\">Eine Geschichte f\u00fcr Kinder, zum Genie\u00dfen und Teilen mit jedem Menschen zwischen 6 und 110 Jahren<\/h4>\n<h4>Dr. Gitta Zimmermann und Vivek Singh mit Bildern von Christiane Lesch<\/h4>\n<p>Die Geschichten vom Wolf Lups und der Giraffe Spotty beschreiben deren Abentwuer-Alltag im Dschungel. Dabei steht Lups f\u00fcr unsere h\u00e4ufig verwendete gewaltvolle Sprache, Spotty f\u00fcr die gewaltfreie undempathische Kommunikation. Im Verlauf ihrer erlebnisse werden sie gute freunde. Um de Unterhaltungen der beiden noch besser unter Gesichtspunkten der GFK zu verstehen, befinden sich im Anschluss an die einzelnen Geschichten diesbez\u00fcgliche Erkl\u00e4rungen.<\/p>\n<p>Das Buch ist auch in englischer Sprache erschienen (Artikel-Nr. 131).<\/p>\n<p>N\u00e4here Informationen zu den Geschichten finden Sie hier:\u00a0<a href=\"https:\/\/drgz.org\/adventures-of-lups-spotty\">Die Abenteuer von Lups und Spotty<\/a><\/p>\n<div id='1' class='widgets_on_page wop_tiny1  wop_small1  wop_medium1  wop_large1  wop_wide1'>\n\t\t\t<ul><li id=\"custom_html-4\" class=\"widget_text widget widget_custom_html\"><div class=\"textwidget custom-html-widget\"><div style=\"text-align:left;\">\r\n<button class = \"button\" style=\"height: 30px; font-size: 0.8em;\" name=\"zuruck\" type=\"button\" onclick=\"history.back()\">Zur\u00fcck zur \u00dcbersicht<\/button><\/div><\/div><\/li><\/ul><\/div><!-- widgets_on_page -->\n","protected":false},"excerpt":{"rendered":"<h3>Dr. Gitta Zimmermann, Vivek Singh<\/h3>\n<h4 class=\"mb-4\">Eine Geschichte f\u00fcr Kinder, zum Genie\u00dfen und Teilen mit jedem Menschen zwischen 6 und 110 Jahren<\/h4>\n<p>SchneiderEditionen, 1. Auflage 2020<br \/>\n40 Seiten, mit 23 farbigen Abbildungen, kartoniert, Format: A4<\/p>\n","protected":false},"featured_media":17978,"template":"","meta":[],"product_brand":[],"product_cat":[38,482,36,56,39],"product_tag":[82,158,104,351,223,119,227,219,111,143,344,131],"class_list":{"0":"post-17977","1":"product","2":"type-product","3":"status-publish","4":"has-post-thumbnail","6":"product_cat-beziehung-familie","7":"product_cat-buecher","8":"product_cat-deutsche-buecher","9":"product_cat-geschenke","10":"product_cat-persoenliche-entwicklung","11":"product_tag-beziehung","12":"product_tag-dankbarkeit","13":"product_tag-empathie","14":"product_tag-freundschaft","15":"product_tag-geschichten","16":"product_tag-gfk-haltung","17":"product_tag-gute-nacht-geschichten","18":"product_tag-innere-haltung","19":"product_tag-kinder","20":"product_tag-respekt","21":"product_tag-verbundenheit","22":"product_tag-wertschaetzung","24":"first","25":"instock","26":"shipping-taxable","27":"purchasable","28":"product-type-simple"},"yoast_head":"<!-- This site is optimized with the Yoast SEO plugin v27.5 - https:\/\/yoast.com\/product\/yoast-seo-wordpress\/ -->\n<title>Die Abenteuer von Lups und Spotty - Conex-Shop<\/title>\n<meta name=\"robots\" content=\"index, follow, max-snippet:-1, max-image-preview:large, max-video-preview:-1\" \/>\n<link rel=\"canonical\" href=\"https:\/\/conexbooks.de\/a\/shop\/produkt\/die-abenteuer-von-lups-und-spotty\/\" \/>\n<meta property=\"og:locale\" content=\"de_DE\" \/>\n<meta property=\"og:type\" content=\"article\" \/>\n<meta property=\"og:title\" content=\"Die Abenteuer von Lups und Spotty - Conex-Shop\" \/>\n<meta property=\"og:description\" content=\"Dr. Gitta Zimmermann, Vivek Singh Eine Geschichte f\u00fcr Kinder, zum Genie\u00dfen und Teilen mit jedem Menschen zwischen 6 und 110 Jahren SchneiderEditionen, 1. Auflage 2020 40 Seiten, mit 23 farbigen Abbildungen, kartoniert, Format: A4\" \/>\n<meta property=\"og:url\" content=\"https:\/\/conexbooks.de\/a\/shop\/produkt\/die-abenteuer-von-lups-und-spotty\/\" \/>\n<meta property=\"og:site_name\" content=\"Conex-Shop\" \/>\n<meta property=\"article:modified_time\" content=\"2025-01-01T09:51:49+00:00\" \/>\n<meta property=\"og:image\" content=\"https:\/\/conexbooks.de\/a\/shop\/wp-content\/uploads\/2021\/05\/086.png\" \/>\n\t<meta property=\"og:image:width\" content=\"292\" \/>\n\t<meta property=\"og:image:height\" content=\"400\" \/>\n\t<meta property=\"og:image:type\" content=\"image\/png\" \/>\n<meta name=\"twitter:card\" content=\"summary_large_image\" \/>\n<meta name=\"twitter:label1\" content=\"Gesch\u00e4tzte Lesezeit\" \/>\n\t<meta name=\"twitter:data1\" content=\"1\u00a0Minute\" \/>\n<script type=\"application\/ld+json\" class=\"yoast-schema-graph\">{\"@context\":\"https:\\\/\\\/schema.org\",\"@graph\":[{\"@type\":\"WebPage\",\"@id\":\"https:\\\/\\\/conexbooks.de\\\/a\\\/shop\\\/produkt\\\/die-abenteuer-von-lups-und-spotty\\\/\",\"url\":\"https:\\\/\\\/conexbooks.de\\\/a\\\/shop\\\/produkt\\\/die-abenteuer-von-lups-und-spotty\\\/\",\"name\":\"Die Abenteuer von Lups und Spotty - Conex-Shop\",\"isPartOf\":{\"@id\":\"https:\\\/\\\/conexbooks.de\\\/a\\\/shop\\\/#website\"},\"primaryImageOfPage\":{\"@id\":\"https:\\\/\\\/conexbooks.de\\\/a\\\/shop\\\/produkt\\\/die-abenteuer-von-lups-und-spotty\\\/#primaryimage\"},\"image\":{\"@id\":\"https:\\\/\\\/conexbooks.de\\\/a\\\/shop\\\/produkt\\\/die-abenteuer-von-lups-und-spotty\\\/#primaryimage\"},\"thumbnailUrl\":\"https:\\\/\\\/conexbooks.de\\\/a\\\/shop\\\/wp-content\\\/uploads\\\/2021\\\/05\\\/086.png\",\"datePublished\":\"2021-05-28T19:54:15+00:00\",\"dateModified\":\"2025-01-01T09:51:49+00:00\",\"breadcrumb\":{\"@id\":\"https:\\\/\\\/conexbooks.de\\\/a\\\/shop\\\/produkt\\\/die-abenteuer-von-lups-und-spotty\\\/#breadcrumb\"},\"inLanguage\":\"de\",\"potentialAction\":[{\"@type\":\"ReadAction\",\"target\":[\"https:\\\/\\\/conexbooks.de\\\/a\\\/shop\\\/produkt\\\/die-abenteuer-von-lups-und-spotty\\\/\"]}]},{\"@type\":\"ImageObject\",\"inLanguage\":\"de\",\"@id\":\"https:\\\/\\\/conexbooks.de\\\/a\\\/shop\\\/produkt\\\/die-abenteuer-von-lups-und-spotty\\\/#primaryimage\",\"url\":\"https:\\\/\\\/conexbooks.de\\\/a\\\/shop\\\/wp-content\\\/uploads\\\/2021\\\/05\\\/086.png\",\"contentUrl\":\"https:\\\/\\\/conexbooks.de\\\/a\\\/shop\\\/wp-content\\\/uploads\\\/2021\\\/05\\\/086.png\",\"width\":292,\"height\":400},{\"@type\":\"BreadcrumbList\",\"@id\":\"https:\\\/\\\/conexbooks.de\\\/a\\\/shop\\\/produkt\\\/die-abenteuer-von-lups-und-spotty\\\/#breadcrumb\",\"itemListElement\":[{\"@type\":\"ListItem\",\"position\":1,\"name\":\"Home\",\"item\":\"https:\\\/\\\/conexbooks.de\\\/a\\\/shop\\\/\"},{\"@type\":\"ListItem\",\"position\":2,\"name\":\"Shop\",\"item\":\"https:\\\/\\\/conexbooks.de\\\/a\\\/shop\\\/shop\\\/\"},{\"@type\":\"ListItem\",\"position\":3,\"name\":\"Die Abenteuer von Lups und Spotty\"}]},{\"@type\":\"WebSite\",\"@id\":\"https:\\\/\\\/conexbooks.de\\\/a\\\/shop\\\/#website\",\"url\":\"https:\\\/\\\/conexbooks.de\\\/a\\\/shop\\\/\",\"name\":\"Conex-Shop\",\"description\":\"Alles f\u00fcr die gewaltfreie Kommunikation: B\u00fccher, Spiele. Handpuppen Seminarmaterial und Geschenke\",\"publisher\":{\"@id\":\"https:\\\/\\\/conexbooks.de\\\/a\\\/shop\\\/#organization\"},\"potentialAction\":[{\"@type\":\"SearchAction\",\"target\":{\"@type\":\"EntryPoint\",\"urlTemplate\":\"https:\\\/\\\/conexbooks.de\\\/a\\\/shop\\\/?s={search_term_string}\"},\"query-input\":{\"@type\":\"PropertyValueSpecification\",\"valueRequired\":true,\"valueName\":\"search_term_string\"}}],\"inLanguage\":\"de\"},{\"@type\":\"Organization\",\"@id\":\"https:\\\/\\\/conexbooks.de\\\/a\\\/shop\\\/#organization\",\"name\":\"Conex - books and more\",\"url\":\"https:\\\/\\\/conexbooks.de\\\/a\\\/shop\\\/\",\"logo\":{\"@type\":\"ImageObject\",\"inLanguage\":\"de\",\"@id\":\"https:\\\/\\\/conexbooks.de\\\/a\\\/shop\\\/#\\\/schema\\\/logo\\\/image\\\/\",\"url\":\"https:\\\/\\\/conexbooks.de\\\/a\\\/shop\\\/wp-content\\\/uploads\\\/2017\\\/12\\\/co-logo.png\",\"contentUrl\":\"https:\\\/\\\/conexbooks.de\\\/a\\\/shop\\\/wp-content\\\/uploads\\\/2017\\\/12\\\/co-logo.png\",\"width\":243,\"height\":122,\"caption\":\"Conex - books and more\"},\"image\":{\"@id\":\"https:\\\/\\\/conexbooks.de\\\/a\\\/shop\\\/#\\\/schema\\\/logo\\\/image\\\/\"}}]}<\/script>\n<!-- \/ Yoast SEO plugin. -->","yoast_head_json":{"title":"Die Abenteuer von Lups und Spotty - Conex-Shop","robots":{"index":"index","follow":"follow","max-snippet":"max-snippet:-1","max-image-preview":"max-image-preview:large","max-video-preview":"max-video-preview:-1"},"canonical":"https:\/\/conexbooks.de\/a\/shop\/produkt\/die-abenteuer-von-lups-und-spotty\/","og_locale":"de_DE","og_type":"article","og_title":"Die Abenteuer von Lups und Spotty - Conex-Shop","og_description":"Dr. Gitta Zimmermann, Vivek Singh Eine Geschichte f\u00fcr Kinder, zum Genie\u00dfen und Teilen mit jedem Menschen zwischen 6 und 110 Jahren SchneiderEditionen, 1. Auflage 2020 40 Seiten, mit 23 farbigen Abbildungen, kartoniert, Format: A4","og_url":"https:\/\/conexbooks.de\/a\/shop\/produkt\/die-abenteuer-von-lups-und-spotty\/","og_site_name":"Conex-Shop","article_modified_time":"2025-01-01T09:51:49+00:00","og_image":[{"width":292,"height":400,"url":"https:\/\/conexbooks.de\/a\/shop\/wp-content\/uploads\/2021\/05\/086.png","type":"image\/png"}],"twitter_card":"summary_large_image","twitter_misc":{"Gesch\u00e4tzte Lesezeit":"1\u00a0Minute"},"schema":{"@context":"https:\/\/schema.org","@graph":[{"@type":"WebPage","@id":"https:\/\/conexbooks.de\/a\/shop\/produkt\/die-abenteuer-von-lups-und-spotty\/","url":"https:\/\/conexbooks.de\/a\/shop\/produkt\/die-abenteuer-von-lups-und-spotty\/","name":"Die Abenteuer von Lups und Spotty - Conex-Shop","isPartOf":{"@id":"https:\/\/conexbooks.de\/a\/shop\/#website"},"primaryImageOfPage":{"@id":"https:\/\/conexbooks.de\/a\/shop\/produkt\/die-abenteuer-von-lups-und-spotty\/#primaryimage"},"image":{"@id":"https:\/\/conexbooks.de\/a\/shop\/produkt\/die-abenteuer-von-lups-und-spotty\/#primaryimage"},"thumbnailUrl":"https:\/\/conexbooks.de\/a\/shop\/wp-content\/uploads\/2021\/05\/086.png","datePublished":"2021-05-28T19:54:15+00:00","dateModified":"2025-01-01T09:51:49+00:00","breadcrumb":{"@id":"https:\/\/conexbooks.de\/a\/shop\/produkt\/die-abenteuer-von-lups-und-spotty\/#breadcrumb"},"inLanguage":"de","potentialAction":[{"@type":"ReadAction","target":["https:\/\/conexbooks.de\/a\/shop\/produkt\/die-abenteuer-von-lups-und-spotty\/"]}]},{"@type":"ImageObject","inLanguage":"de","@id":"https:\/\/conexbooks.de\/a\/shop\/produkt\/die-abenteuer-von-lups-und-spotty\/#primaryimage","url":"https:\/\/conexbooks.de\/a\/shop\/wp-content\/uploads\/2021\/05\/086.png","contentUrl":"https:\/\/conexbooks.de\/a\/shop\/wp-content\/uploads\/2021\/05\/086.png","width":292,"height":400},{"@type":"BreadcrumbList","@id":"https:\/\/conexbooks.de\/a\/shop\/produkt\/die-abenteuer-von-lups-und-spotty\/#breadcrumb","itemListElement":[{"@type":"ListItem","position":1,"name":"Home","item":"https:\/\/conexbooks.de\/a\/shop\/"},{"@type":"ListItem","position":2,"name":"Shop","item":"https:\/\/conexbooks.de\/a\/shop\/shop\/"},{"@type":"ListItem","position":3,"name":"Die Abenteuer von Lups und Spotty"}]},{"@type":"WebSite","@id":"https:\/\/conexbooks.de\/a\/shop\/#website","url":"https:\/\/conexbooks.de\/a\/shop\/","name":"Conex-Shop","description":"Alles f\u00fcr die gewaltfreie Kommunikation: B\u00fccher, Spiele. Handpuppen Seminarmaterial und Geschenke","publisher":{"@id":"https:\/\/conexbooks.de\/a\/shop\/#organization"},"potentialAction":[{"@type":"SearchAction","target":{"@type":"EntryPoint","urlTemplate":"https:\/\/conexbooks.de\/a\/shop\/?s={search_term_string}"},"query-input":{"@type":"PropertyValueSpecification","valueRequired":true,"valueName":"search_term_string"}}],"inLanguage":"de"},{"@type":"Organization","@id":"https:\/\/conexbooks.de\/a\/shop\/#organization","name":"Conex - books and more","url":"https:\/\/conexbooks.de\/a\/shop\/","logo":{"@type":"ImageObject","inLanguage":"de","@id":"https:\/\/conexbooks.de\/a\/shop\/#\/schema\/logo\/image\/","url":"https:\/\/conexbooks.de\/a\/shop\/wp-content\/uploads\/2017\/12\/co-logo.png","contentUrl":"https:\/\/conexbooks.de\/a\/shop\/wp-content\/uploads\/2017\/12\/co-logo.png","width":243,"height":122,"caption":"Conex - books and more"},"image":{"@id":"https:\/\/conexbooks.de\/a\/shop\/#\/schema\/logo\/image\/"}}]}},"_links":{"self":[{"href":"https:\/\/conexbooks.de\/a\/shop\/wp-json\/wp\/v2\/product\/17977","targetHints":{"allow":["GET"]}}],"collection":[{"href":"https:\/\/conexbooks.de\/a\/shop\/wp-json\/wp\/v2\/product"}],"about":[{"href":"https:\/\/conexbooks.de\/a\/shop\/wp-json\/wp\/v2\/types\/product"}],"wp:featuredmedia":[{"embeddable":true,"href":"https:\/\/conexbooks.de\/a\/shop\/wp-json\/wp\/v2\/media\/17978"}],"wp:attachment":[{"href":"https:\/\/conexbooks.de\/a\/shop\/wp-json\/wp\/v2\/media?parent=17977"}],"wp:term":[{"taxonomy":"product_brand","embeddable":true,"href":"https:\/\/conexbooks.de\/a\/shop\/wp-json\/wp\/v2\/product_brand?post=17977"},{"taxonomy":"product_cat","embeddable":true,"href":"https:\/\/conexbooks.de\/a\/shop\/wp-json\/wp\/v2\/product_cat?post=17977"},{"taxonomy":"product_tag","embeddable":true,"href":"https:\/\/conexbooks.de\/a\/shop\/wp-json\/wp\/v2\/product_tag?post=17977"}],"curies":[{"name":"wp","href":"https:\/\/api.w.org\/{rel}","templated":true}]}}