{"id":18087,"date":"2021-08-04T11:26:45","date_gmt":"2021-08-04T09:26:45","guid":{"rendered":"https:\/\/conexbooks.de\/a\/shop\/?post_type=product&#038;p=18087"},"modified":"2025-01-28T19:02:30","modified_gmt":"2025-01-28T18:02:30","slug":"mama-beruhige-dich","status":"publish","type":"product","link":"https:\/\/conexbooks.de\/a\/shop\/produkt\/mama-beruhige-dich\/","title":{"rendered":"Mama, beruhige dich!"},"content":{"rendered":"<h4>Mama, beruhige dich!<\/h4>\n<h4>Britta Hahn<\/h4>\n<p class=\"mb-4\">Wie Eltern ihre Gef\u00fchle regulieren und in guter Beziehung zu ihrem Kind bleiben<\/p>\n<p>Emotionale Sicherheit in der Eltern-Kind-Beziehung ist Voraussetzung f\u00fcr eine stabile psychische Gesundheit im sp\u00e4teren Erwachsenenalter der Kinder. Viele Verhaltensweisen von Eltern beruhen jedoch auf Erwartungen und Haltungen, mit denen diese in ihrer eigenen Kindheit konfrontiert und die in der Ursprungsfamilie erw\u00fcnscht waren. Diese unbewussten Muster boykottieren oftmals die Bem\u00fchungen, in einem herzlichen und echten Kontakt zu ihren Kindern zu bleiben. Ohne zu wissen, warum, wirkt das Geschrei oder ein \u201efalscher Blick\u201c des Kindes wie ein Trigger. Er l\u00f6st bei den Eltern Gef\u00fchle von Aggression oder Trauer aus, schnell eskaliert die Situation.<\/p>\n<p>In diesem Buch erl\u00e4utert Britta Hahn verst\u00e4ndlich die neuronalen und sozialen Grundlagen ung\u00fcnstiger Eltern-Kind-Dynamiken und zeigt Wege auf, um auch in schwierigen Phasen, mit dem Herzen dabei zu bleiben, anstatt irrational oder gar gewaltt\u00e4tig zu reagieren.<\/p>\n<div id='1' class='widgets_on_page wop_tiny1  wop_small1  wop_medium1  wop_large1  wop_wide1'>\n\t\t\t<ul><li id=\"custom_html-4\" class=\"widget_text widget widget_custom_html\"><div class=\"textwidget custom-html-widget\"><div style=\"text-align:left;\">\r\n<button class = \"button\" style=\"height: 30px; font-size: 0.8em;\" name=\"zuruck\" type=\"button\" onclick=\"history.back()\">Zur\u00fcck zur \u00dcbersicht<\/button><\/div><\/div><\/li><\/ul><\/div><!-- widgets_on_page -->\n","protected":false},"excerpt":{"rendered":"<h3>Britta Hahn<\/h3>\n<h4 class=\"mb-4\">Wie Eltern ihre Gef\u00fchle regulieren und in guter Beziehung zu ihrem Kind bleiben<\/h4>\n<p>Junfermannverlag 2021, 1. Auflage<br \/>\n208 Seiten, kartoniert, Format: 17.0 x 24.0 cm<\/p>\n","protected":false},"featured_media":18090,"template":"","meta":[],"product_brand":[],"product_cat":[38,482,36,53,39],"product_tag":[356,313,137,105,83,213,143,355,314],"class_list":{"0":"post-18087","1":"product","2":"type-product","3":"status-publish","4":"has-post-thumbnail","6":"product_cat-beziehung-familie","7":"product_cat-buecher","8":"product_cat-deutsche-buecher","9":"product_cat-neu","10":"product_cat-persoenliche-entwicklung","11":"product_tag-bindung","12":"product_tag-eltern-kind-beziehung","13":"product_tag-emotionale-stabilitaet","14":"product_tag-erziehung","15":"product_tag-familie","16":"product_tag-kooperation","17":"product_tag-respekt","18":"product_tag-selbstregulierung","19":"product_tag-zusammenleben","21":"first","22":"instock","23":"shipping-taxable","24":"purchasable","25":"product-type-simple"},"yoast_head":"<!-- This site is optimized with the Yoast SEO plugin v27.3 - https:\/\/yoast.com\/product\/yoast-seo-wordpress\/ -->\n<title>Mama, beruhige dich! - Conex-Shop<\/title>\n<meta name=\"robots\" content=\"index, follow, max-snippet:-1, max-image-preview:large, max-video-preview:-1\" \/>\n<link rel=\"canonical\" href=\"https:\/\/conexbooks.de\/a\/shop\/produkt\/mama-beruhige-dich\/\" \/>\n<meta property=\"og:locale\" content=\"de_DE\" \/>\n<meta property=\"og:type\" content=\"article\" \/>\n<meta property=\"og:title\" content=\"Mama, beruhige dich! - Conex-Shop\" \/>\n<meta property=\"og:description\" content=\"Britta Hahn Wie Eltern ihre Gef\u00fchle regulieren und in guter Beziehung zu ihrem Kind bleiben Junfermannverlag 2021, 1. Auflage 208 Seiten, kartoniert, Format: 17.0 x 24.0 cm\" \/>\n<meta property=\"og:url\" content=\"https:\/\/conexbooks.de\/a\/shop\/produkt\/mama-beruhige-dich\/\" \/>\n<meta property=\"og:site_name\" content=\"Conex-Shop\" \/>\n<meta property=\"article:modified_time\" content=\"2025-01-28T18:02:30+00:00\" \/>\n<meta property=\"og:image\" content=\"https:\/\/conexbooks.de\/a\/shop\/wp-content\/uploads\/2021\/08\/088.png\" \/>\n\t<meta property=\"og:image:width\" content=\"283\" \/>\n\t<meta property=\"og:image:height\" content=\"400\" \/>\n\t<meta property=\"og:image:type\" content=\"image\/png\" \/>\n<meta name=\"twitter:card\" content=\"summary_large_image\" \/>\n<meta name=\"twitter:label1\" content=\"Gesch\u00e4tzte Lesezeit\" \/>\n\t<meta name=\"twitter:data1\" content=\"1\u00a0Minute\" \/>\n<script type=\"application\/ld+json\" class=\"yoast-schema-graph\">{\"@context\":\"https:\\\/\\\/schema.org\",\"@graph\":[{\"@type\":\"WebPage\",\"@id\":\"https:\\\/\\\/conexbooks.de\\\/a\\\/shop\\\/produkt\\\/mama-beruhige-dich\\\/\",\"url\":\"https:\\\/\\\/conexbooks.de\\\/a\\\/shop\\\/produkt\\\/mama-beruhige-dich\\\/\",\"name\":\"Mama, beruhige dich! - Conex-Shop\",\"isPartOf\":{\"@id\":\"https:\\\/\\\/conexbooks.de\\\/a\\\/shop\\\/#website\"},\"primaryImageOfPage\":{\"@id\":\"https:\\\/\\\/conexbooks.de\\\/a\\\/shop\\\/produkt\\\/mama-beruhige-dich\\\/#primaryimage\"},\"image\":{\"@id\":\"https:\\\/\\\/conexbooks.de\\\/a\\\/shop\\\/produkt\\\/mama-beruhige-dich\\\/#primaryimage\"},\"thumbnailUrl\":\"https:\\\/\\\/conexbooks.de\\\/a\\\/shop\\\/wp-content\\\/uploads\\\/2021\\\/08\\\/088.png\",\"datePublished\":\"2021-08-04T09:26:45+00:00\",\"dateModified\":\"2025-01-28T18:02:30+00:00\",\"breadcrumb\":{\"@id\":\"https:\\\/\\\/conexbooks.de\\\/a\\\/shop\\\/produkt\\\/mama-beruhige-dich\\\/#breadcrumb\"},\"inLanguage\":\"de\",\"potentialAction\":[{\"@type\":\"ReadAction\",\"target\":[\"https:\\\/\\\/conexbooks.de\\\/a\\\/shop\\\/produkt\\\/mama-beruhige-dich\\\/\"]}]},{\"@type\":\"ImageObject\",\"inLanguage\":\"de\",\"@id\":\"https:\\\/\\\/conexbooks.de\\\/a\\\/shop\\\/produkt\\\/mama-beruhige-dich\\\/#primaryimage\",\"url\":\"https:\\\/\\\/conexbooks.de\\\/a\\\/shop\\\/wp-content\\\/uploads\\\/2021\\\/08\\\/088.png\",\"contentUrl\":\"https:\\\/\\\/conexbooks.de\\\/a\\\/shop\\\/wp-content\\\/uploads\\\/2021\\\/08\\\/088.png\",\"width\":283,\"height\":400},{\"@type\":\"BreadcrumbList\",\"@id\":\"https:\\\/\\\/conexbooks.de\\\/a\\\/shop\\\/produkt\\\/mama-beruhige-dich\\\/#breadcrumb\",\"itemListElement\":[{\"@type\":\"ListItem\",\"position\":1,\"name\":\"Home\",\"item\":\"https:\\\/\\\/conexbooks.de\\\/a\\\/shop\\\/\"},{\"@type\":\"ListItem\",\"position\":2,\"name\":\"Shop\",\"item\":\"https:\\\/\\\/conexbooks.de\\\/a\\\/shop\\\/shop\\\/\"},{\"@type\":\"ListItem\",\"position\":3,\"name\":\"Mama, beruhige dich!\"}]},{\"@type\":\"WebSite\",\"@id\":\"https:\\\/\\\/conexbooks.de\\\/a\\\/shop\\\/#website\",\"url\":\"https:\\\/\\\/conexbooks.de\\\/a\\\/shop\\\/\",\"name\":\"Conex-Shop\",\"description\":\"Alles f\u00fcr die gewaltfreie Kommunikation: B\u00fccher, Spiele. Handpuppen Seminarmaterial und Geschenke\",\"publisher\":{\"@id\":\"https:\\\/\\\/conexbooks.de\\\/a\\\/shop\\\/#organization\"},\"potentialAction\":[{\"@type\":\"SearchAction\",\"target\":{\"@type\":\"EntryPoint\",\"urlTemplate\":\"https:\\\/\\\/conexbooks.de\\\/a\\\/shop\\\/?s={search_term_string}\"},\"query-input\":{\"@type\":\"PropertyValueSpecification\",\"valueRequired\":true,\"valueName\":\"search_term_string\"}}],\"inLanguage\":\"de\"},{\"@type\":\"Organization\",\"@id\":\"https:\\\/\\\/conexbooks.de\\\/a\\\/shop\\\/#organization\",\"name\":\"Conex - books and more\",\"url\":\"https:\\\/\\\/conexbooks.de\\\/a\\\/shop\\\/\",\"logo\":{\"@type\":\"ImageObject\",\"inLanguage\":\"de\",\"@id\":\"https:\\\/\\\/conexbooks.de\\\/a\\\/shop\\\/#\\\/schema\\\/logo\\\/image\\\/\",\"url\":\"https:\\\/\\\/conexbooks.de\\\/a\\\/shop\\\/wp-content\\\/uploads\\\/2017\\\/12\\\/co-logo.png\",\"contentUrl\":\"https:\\\/\\\/conexbooks.de\\\/a\\\/shop\\\/wp-content\\\/uploads\\\/2017\\\/12\\\/co-logo.png\",\"width\":243,\"height\":122,\"caption\":\"Conex - books and more\"},\"image\":{\"@id\":\"https:\\\/\\\/conexbooks.de\\\/a\\\/shop\\\/#\\\/schema\\\/logo\\\/image\\\/\"}}]}<\/script>\n<!-- \/ Yoast SEO plugin. -->","yoast_head_json":{"title":"Mama, beruhige dich! - Conex-Shop","robots":{"index":"index","follow":"follow","max-snippet":"max-snippet:-1","max-image-preview":"max-image-preview:large","max-video-preview":"max-video-preview:-1"},"canonical":"https:\/\/conexbooks.de\/a\/shop\/produkt\/mama-beruhige-dich\/","og_locale":"de_DE","og_type":"article","og_title":"Mama, beruhige dich! - Conex-Shop","og_description":"Britta Hahn Wie Eltern ihre Gef\u00fchle regulieren und in guter Beziehung zu ihrem Kind bleiben Junfermannverlag 2021, 1. Auflage 208 Seiten, kartoniert, Format: 17.0 x 24.0 cm","og_url":"https:\/\/conexbooks.de\/a\/shop\/produkt\/mama-beruhige-dich\/","og_site_name":"Conex-Shop","article_modified_time":"2025-01-28T18:02:30+00:00","og_image":[{"width":283,"height":400,"url":"https:\/\/conexbooks.de\/a\/shop\/wp-content\/uploads\/2021\/08\/088.png","type":"image\/png"}],"twitter_card":"summary_large_image","twitter_misc":{"Gesch\u00e4tzte Lesezeit":"1\u00a0Minute"},"schema":{"@context":"https:\/\/schema.org","@graph":[{"@type":"WebPage","@id":"https:\/\/conexbooks.de\/a\/shop\/produkt\/mama-beruhige-dich\/","url":"https:\/\/conexbooks.de\/a\/shop\/produkt\/mama-beruhige-dich\/","name":"Mama, beruhige dich! - Conex-Shop","isPartOf":{"@id":"https:\/\/conexbooks.de\/a\/shop\/#website"},"primaryImageOfPage":{"@id":"https:\/\/conexbooks.de\/a\/shop\/produkt\/mama-beruhige-dich\/#primaryimage"},"image":{"@id":"https:\/\/conexbooks.de\/a\/shop\/produkt\/mama-beruhige-dich\/#primaryimage"},"thumbnailUrl":"https:\/\/conexbooks.de\/a\/shop\/wp-content\/uploads\/2021\/08\/088.png","datePublished":"2021-08-04T09:26:45+00:00","dateModified":"2025-01-28T18:02:30+00:00","breadcrumb":{"@id":"https:\/\/conexbooks.de\/a\/shop\/produkt\/mama-beruhige-dich\/#breadcrumb"},"inLanguage":"de","potentialAction":[{"@type":"ReadAction","target":["https:\/\/conexbooks.de\/a\/shop\/produkt\/mama-beruhige-dich\/"]}]},{"@type":"ImageObject","inLanguage":"de","@id":"https:\/\/conexbooks.de\/a\/shop\/produkt\/mama-beruhige-dich\/#primaryimage","url":"https:\/\/conexbooks.de\/a\/shop\/wp-content\/uploads\/2021\/08\/088.png","contentUrl":"https:\/\/conexbooks.de\/a\/shop\/wp-content\/uploads\/2021\/08\/088.png","width":283,"height":400},{"@type":"BreadcrumbList","@id":"https:\/\/conexbooks.de\/a\/shop\/produkt\/mama-beruhige-dich\/#breadcrumb","itemListElement":[{"@type":"ListItem","position":1,"name":"Home","item":"https:\/\/conexbooks.de\/a\/shop\/"},{"@type":"ListItem","position":2,"name":"Shop","item":"https:\/\/conexbooks.de\/a\/shop\/shop\/"},{"@type":"ListItem","position":3,"name":"Mama, beruhige dich!"}]},{"@type":"WebSite","@id":"https:\/\/conexbooks.de\/a\/shop\/#website","url":"https:\/\/conexbooks.de\/a\/shop\/","name":"Conex-Shop","description":"Alles f\u00fcr die gewaltfreie Kommunikation: B\u00fccher, Spiele. Handpuppen Seminarmaterial und Geschenke","publisher":{"@id":"https:\/\/conexbooks.de\/a\/shop\/#organization"},"potentialAction":[{"@type":"SearchAction","target":{"@type":"EntryPoint","urlTemplate":"https:\/\/conexbooks.de\/a\/shop\/?s={search_term_string}"},"query-input":{"@type":"PropertyValueSpecification","valueRequired":true,"valueName":"search_term_string"}}],"inLanguage":"de"},{"@type":"Organization","@id":"https:\/\/conexbooks.de\/a\/shop\/#organization","name":"Conex - books and more","url":"https:\/\/conexbooks.de\/a\/shop\/","logo":{"@type":"ImageObject","inLanguage":"de","@id":"https:\/\/conexbooks.de\/a\/shop\/#\/schema\/logo\/image\/","url":"https:\/\/conexbooks.de\/a\/shop\/wp-content\/uploads\/2017\/12\/co-logo.png","contentUrl":"https:\/\/conexbooks.de\/a\/shop\/wp-content\/uploads\/2017\/12\/co-logo.png","width":243,"height":122,"caption":"Conex - books and more"},"image":{"@id":"https:\/\/conexbooks.de\/a\/shop\/#\/schema\/logo\/image\/"}}]}},"_links":{"self":[{"href":"https:\/\/conexbooks.de\/a\/shop\/wp-json\/wp\/v2\/product\/18087","targetHints":{"allow":["GET"]}}],"collection":[{"href":"https:\/\/conexbooks.de\/a\/shop\/wp-json\/wp\/v2\/product"}],"about":[{"href":"https:\/\/conexbooks.de\/a\/shop\/wp-json\/wp\/v2\/types\/product"}],"wp:featuredmedia":[{"embeddable":true,"href":"https:\/\/conexbooks.de\/a\/shop\/wp-json\/wp\/v2\/media\/18090"}],"wp:attachment":[{"href":"https:\/\/conexbooks.de\/a\/shop\/wp-json\/wp\/v2\/media?parent=18087"}],"wp:term":[{"taxonomy":"product_brand","embeddable":true,"href":"https:\/\/conexbooks.de\/a\/shop\/wp-json\/wp\/v2\/product_brand?post=18087"},{"taxonomy":"product_cat","embeddable":true,"href":"https:\/\/conexbooks.de\/a\/shop\/wp-json\/wp\/v2\/product_cat?post=18087"},{"taxonomy":"product_tag","embeddable":true,"href":"https:\/\/conexbooks.de\/a\/shop\/wp-json\/wp\/v2\/product_tag?post=18087"}],"curies":[{"name":"wp","href":"https:\/\/api.w.org\/{rel}","templated":true}]}}