{"id":18154,"date":"2021-09-22T20:52:36","date_gmt":"2021-09-22T18:52:36","guid":{"rendered":"https:\/\/conexbooks.de\/a\/shop\/?post_type=product&#038;p=18154"},"modified":"2026-03-05T18:45:55","modified_gmt":"2026-03-05T17:45:55","slug":"wurzelwolf-methode","status":"publish","type":"product","link":"https:\/\/conexbooks.de\/a\/shop\/produkt\/wurzelwolf-methode\/","title":{"rendered":"Konfliktkl\u00e4rung durch empathische Wurzelwolf-Konfrontation."},"content":{"rendered":"<h4><strong>Konfliktkl\u00e4rung durch empathische Wurzelwolf-Konfrontation.<\/strong><\/h4>\n<h4>Uschi Kellenberger<\/h4>\n<p><strong>Eine Vertiefung zur authentischen Anwendung der Gewaltfreien Kommunikation nach Marshall B. Rosenberg<\/strong><\/p>\n<p>In Marshall B. Rosenbergs Konzept der Gewaltfreien Kommunikation symbolisiert der Wolf die lebensentfremdende Kommunikation, den Ausl\u00f6ser von Missverst\u00e4ndnissen und Konflikten. Uschi Kellenberger m\u00f6chte Menschen zur Empathie bef\u00e4higen, in ihrer sozialen Kompetenz st\u00e4rken und daru\u0308ber sowohl deren individuelle Lebensqualit\u00e4t als auch das menschliche Miteinander verbessern. Dazu setzt sie bei Rosenbergs W\u00f6lfen an, vertieft aber dessen Vorstellung und begibt sich direkt zu den Wurzeln des Wolfsdenkens. Dort wuchern die fest im Unterbewusstsein verwachsenen Glaubenss\u00e4tze, die Befindlichkeiten bestimmen und menschliche Handlungen lenken: die Wurzelw\u00f6lfe, wie sie hier genannt werden. Vordergru\u0308ndig schu\u0308tzen sie ihren Menschen, hindern ihn aber daran, sich mit seinen Bedu\u0308rfnissen zu verbinden. Wenn es gelingt, die eigenen Wurzelw\u00f6lfe zu erkennen und ihnen empathisch zu begegnen, werden Menschen nicht weiter unbewusst von ihnen geleitet. Kellenberger hat die Wurzelwolf-Methode entwickelt, um diese Begegnung zu erleichtern.<\/p>\n<div id='1' class='widgets_on_page wop_tiny1  wop_small1  wop_medium1  wop_large1  wop_wide1'>\n\t\t\t<ul><li id=\"custom_html-4\" class=\"widget_text widget widget_custom_html\"><div class=\"textwidget custom-html-widget\"><div style=\"text-align:left;\">\r\n<button class = \"button\" style=\"height: 30px; font-size: 0.8em;\" name=\"zuruck\" type=\"button\" onclick=\"history.back()\">Zur\u00fcck zur \u00dcbersicht<\/button><\/div><\/div><\/li><\/ul><\/div><!-- widgets_on_page -->\n","protected":false},"excerpt":{"rendered":"<h3>Uschi Kellenberger<\/h3>\n<p><strong>Konfliktkl\u00e4rung durch empathische Wurzelwolf-Konfrontation.<\/strong><\/p>\n<p><strong>Eine Vertiefung zur authentischen Anwendung der Gewaltfreien Kommunikation nach Marshall B. Rosenberg<\/strong><\/p>\n<p>Herausgeber: Empathie-Werkstatt, <strong>2. Auflage\u00a0\u00a0 <\/strong>128 Seiten, Paperback<\/p>\n<p>Es gibt <a href=\"https:\/\/conexbooks.de\/a\/shop\/produkt\/wurzelwolf-methode-2\/\">1. Auflage<\/a> mit identischem Inhalt.<\/p>\n","protected":false},"featured_media":18926,"template":"","meta":[],"product_brand":[],"product_cat":[38,482,36,629,53,39],"product_tag":[359,357,358,360],"class_list":{"0":"post-18154","1":"product","2":"type-product","3":"status-publish","4":"has-post-thumbnail","6":"product_cat-beziehung-familie","7":"product_cat-buecher","8":"product_cat-deutsche-buecher","9":"product_cat-ukellenberger","10":"product_cat-neu","11":"product_cat-persoenliche-entwicklung","12":"product_tag-glaubenssaetze-veraendern","13":"product_tag-persoenlichkeitsentwicklung","14":"product_tag-selbsterkenntnis","15":"product_tag-selbstliebe","17":"first","18":"instock","19":"sale","20":"shipping-taxable","21":"purchasable","22":"product-type-simple"},"yoast_head":"<!-- This site is optimized with the Yoast SEO plugin v27.5 - https:\/\/yoast.com\/product\/yoast-seo-wordpress\/ -->\n<title>Konfliktkl\u00e4rung durch empathische Wurzelwolf-Konfrontation. - Conex-Shop<\/title>\n<meta name=\"robots\" content=\"index, follow, max-snippet:-1, max-image-preview:large, max-video-preview:-1\" \/>\n<link rel=\"canonical\" href=\"https:\/\/conexbooks.de\/a\/shop\/produkt\/wurzelwolf-methode\/\" \/>\n<meta property=\"og:locale\" content=\"de_DE\" \/>\n<meta property=\"og:type\" content=\"article\" \/>\n<meta property=\"og:title\" content=\"Konfliktkl\u00e4rung durch empathische Wurzelwolf-Konfrontation. - Conex-Shop\" \/>\n<meta property=\"og:description\" content=\"Uschi Kellenberger Konfliktkl\u00e4rung durch empathische Wurzelwolf-Konfrontation.  Eine Vertiefung zur authentischen Anwendung der Gewaltfreien Kommunikation nach Marshall B. Rosenberg  Herausgeber: Empathie-Werkstatt, 2. Auflage\u00a0\u00a0 128 Seiten, Paperback  Es gibt 1. Auflage mit identischem Inhalt.\" \/>\n<meta property=\"og:url\" content=\"https:\/\/conexbooks.de\/a\/shop\/produkt\/wurzelwolf-methode\/\" \/>\n<meta property=\"og:site_name\" content=\"Conex-Shop\" \/>\n<meta property=\"article:modified_time\" content=\"2026-03-05T17:45:55+00:00\" \/>\n<meta property=\"og:image\" content=\"https:\/\/conexbooks.de\/a\/shop\/wp-content\/uploads\/2021\/09\/092neu.png\" \/>\n\t<meta property=\"og:image:width\" content=\"467\" \/>\n\t<meta property=\"og:image:height\" content=\"400\" \/>\n\t<meta property=\"og:image:type\" content=\"image\/png\" \/>\n<meta name=\"twitter:card\" content=\"summary_large_image\" \/>\n<meta name=\"twitter:label1\" content=\"Gesch\u00e4tzte Lesezeit\" \/>\n\t<meta name=\"twitter:data1\" content=\"2\u00a0Minuten\" \/>\n<script type=\"application\/ld+json\" class=\"yoast-schema-graph\">{\"@context\":\"https:\\\/\\\/schema.org\",\"@graph\":[{\"@type\":\"WebPage\",\"@id\":\"https:\\\/\\\/conexbooks.de\\\/a\\\/shop\\\/produkt\\\/wurzelwolf-methode\\\/\",\"url\":\"https:\\\/\\\/conexbooks.de\\\/a\\\/shop\\\/produkt\\\/wurzelwolf-methode\\\/\",\"name\":\"Konfliktkl\u00e4rung durch empathische Wurzelwolf-Konfrontation. - Conex-Shop\",\"isPartOf\":{\"@id\":\"https:\\\/\\\/conexbooks.de\\\/a\\\/shop\\\/#website\"},\"primaryImageOfPage\":{\"@id\":\"https:\\\/\\\/conexbooks.de\\\/a\\\/shop\\\/produkt\\\/wurzelwolf-methode\\\/#primaryimage\"},\"image\":{\"@id\":\"https:\\\/\\\/conexbooks.de\\\/a\\\/shop\\\/produkt\\\/wurzelwolf-methode\\\/#primaryimage\"},\"thumbnailUrl\":\"https:\\\/\\\/conexbooks.de\\\/a\\\/shop\\\/wp-content\\\/uploads\\\/2021\\\/09\\\/092neu.png\",\"datePublished\":\"2021-09-22T18:52:36+00:00\",\"dateModified\":\"2026-03-05T17:45:55+00:00\",\"breadcrumb\":{\"@id\":\"https:\\\/\\\/conexbooks.de\\\/a\\\/shop\\\/produkt\\\/wurzelwolf-methode\\\/#breadcrumb\"},\"inLanguage\":\"de\",\"potentialAction\":[{\"@type\":\"ReadAction\",\"target\":[\"https:\\\/\\\/conexbooks.de\\\/a\\\/shop\\\/produkt\\\/wurzelwolf-methode\\\/\"]}]},{\"@type\":\"ImageObject\",\"inLanguage\":\"de\",\"@id\":\"https:\\\/\\\/conexbooks.de\\\/a\\\/shop\\\/produkt\\\/wurzelwolf-methode\\\/#primaryimage\",\"url\":\"https:\\\/\\\/conexbooks.de\\\/a\\\/shop\\\/wp-content\\\/uploads\\\/2021\\\/09\\\/092neu.png\",\"contentUrl\":\"https:\\\/\\\/conexbooks.de\\\/a\\\/shop\\\/wp-content\\\/uploads\\\/2021\\\/09\\\/092neu.png\",\"width\":467,\"height\":400},{\"@type\":\"BreadcrumbList\",\"@id\":\"https:\\\/\\\/conexbooks.de\\\/a\\\/shop\\\/produkt\\\/wurzelwolf-methode\\\/#breadcrumb\",\"itemListElement\":[{\"@type\":\"ListItem\",\"position\":1,\"name\":\"Home\",\"item\":\"https:\\\/\\\/conexbooks.de\\\/a\\\/shop\\\/\"},{\"@type\":\"ListItem\",\"position\":2,\"name\":\"Shop\",\"item\":\"https:\\\/\\\/conexbooks.de\\\/a\\\/shop\\\/shop\\\/\"},{\"@type\":\"ListItem\",\"position\":3,\"name\":\"Konfliktkl\u00e4rung durch empathische Wurzelwolf-Konfrontation.\"}]},{\"@type\":\"WebSite\",\"@id\":\"https:\\\/\\\/conexbooks.de\\\/a\\\/shop\\\/#website\",\"url\":\"https:\\\/\\\/conexbooks.de\\\/a\\\/shop\\\/\",\"name\":\"Conex-Shop\",\"description\":\"Alles f\u00fcr die gewaltfreie Kommunikation: B\u00fccher, Spiele. Handpuppen Seminarmaterial und Geschenke\",\"publisher\":{\"@id\":\"https:\\\/\\\/conexbooks.de\\\/a\\\/shop\\\/#organization\"},\"potentialAction\":[{\"@type\":\"SearchAction\",\"target\":{\"@type\":\"EntryPoint\",\"urlTemplate\":\"https:\\\/\\\/conexbooks.de\\\/a\\\/shop\\\/?s={search_term_string}\"},\"query-input\":{\"@type\":\"PropertyValueSpecification\",\"valueRequired\":true,\"valueName\":\"search_term_string\"}}],\"inLanguage\":\"de\"},{\"@type\":\"Organization\",\"@id\":\"https:\\\/\\\/conexbooks.de\\\/a\\\/shop\\\/#organization\",\"name\":\"Conex - books and more\",\"url\":\"https:\\\/\\\/conexbooks.de\\\/a\\\/shop\\\/\",\"logo\":{\"@type\":\"ImageObject\",\"inLanguage\":\"de\",\"@id\":\"https:\\\/\\\/conexbooks.de\\\/a\\\/shop\\\/#\\\/schema\\\/logo\\\/image\\\/\",\"url\":\"https:\\\/\\\/conexbooks.de\\\/a\\\/shop\\\/wp-content\\\/uploads\\\/2017\\\/12\\\/co-logo.png\",\"contentUrl\":\"https:\\\/\\\/conexbooks.de\\\/a\\\/shop\\\/wp-content\\\/uploads\\\/2017\\\/12\\\/co-logo.png\",\"width\":243,\"height\":122,\"caption\":\"Conex - books and more\"},\"image\":{\"@id\":\"https:\\\/\\\/conexbooks.de\\\/a\\\/shop\\\/#\\\/schema\\\/logo\\\/image\\\/\"}}]}<\/script>\n<!-- \/ Yoast SEO plugin. -->","yoast_head_json":{"title":"Konfliktkl\u00e4rung durch empathische Wurzelwolf-Konfrontation. - Conex-Shop","robots":{"index":"index","follow":"follow","max-snippet":"max-snippet:-1","max-image-preview":"max-image-preview:large","max-video-preview":"max-video-preview:-1"},"canonical":"https:\/\/conexbooks.de\/a\/shop\/produkt\/wurzelwolf-methode\/","og_locale":"de_DE","og_type":"article","og_title":"Konfliktkl\u00e4rung durch empathische Wurzelwolf-Konfrontation. - Conex-Shop","og_description":"Uschi Kellenberger Konfliktkl\u00e4rung durch empathische Wurzelwolf-Konfrontation.  Eine Vertiefung zur authentischen Anwendung der Gewaltfreien Kommunikation nach Marshall B. Rosenberg  Herausgeber: Empathie-Werkstatt, 2. Auflage\u00a0\u00a0 128 Seiten, Paperback  Es gibt 1. Auflage mit identischem Inhalt.","og_url":"https:\/\/conexbooks.de\/a\/shop\/produkt\/wurzelwolf-methode\/","og_site_name":"Conex-Shop","article_modified_time":"2026-03-05T17:45:55+00:00","og_image":[{"width":467,"height":400,"url":"https:\/\/conexbooks.de\/a\/shop\/wp-content\/uploads\/2021\/09\/092neu.png","type":"image\/png"}],"twitter_card":"summary_large_image","twitter_misc":{"Gesch\u00e4tzte Lesezeit":"2\u00a0Minuten"},"schema":{"@context":"https:\/\/schema.org","@graph":[{"@type":"WebPage","@id":"https:\/\/conexbooks.de\/a\/shop\/produkt\/wurzelwolf-methode\/","url":"https:\/\/conexbooks.de\/a\/shop\/produkt\/wurzelwolf-methode\/","name":"Konfliktkl\u00e4rung durch empathische Wurzelwolf-Konfrontation. - Conex-Shop","isPartOf":{"@id":"https:\/\/conexbooks.de\/a\/shop\/#website"},"primaryImageOfPage":{"@id":"https:\/\/conexbooks.de\/a\/shop\/produkt\/wurzelwolf-methode\/#primaryimage"},"image":{"@id":"https:\/\/conexbooks.de\/a\/shop\/produkt\/wurzelwolf-methode\/#primaryimage"},"thumbnailUrl":"https:\/\/conexbooks.de\/a\/shop\/wp-content\/uploads\/2021\/09\/092neu.png","datePublished":"2021-09-22T18:52:36+00:00","dateModified":"2026-03-05T17:45:55+00:00","breadcrumb":{"@id":"https:\/\/conexbooks.de\/a\/shop\/produkt\/wurzelwolf-methode\/#breadcrumb"},"inLanguage":"de","potentialAction":[{"@type":"ReadAction","target":["https:\/\/conexbooks.de\/a\/shop\/produkt\/wurzelwolf-methode\/"]}]},{"@type":"ImageObject","inLanguage":"de","@id":"https:\/\/conexbooks.de\/a\/shop\/produkt\/wurzelwolf-methode\/#primaryimage","url":"https:\/\/conexbooks.de\/a\/shop\/wp-content\/uploads\/2021\/09\/092neu.png","contentUrl":"https:\/\/conexbooks.de\/a\/shop\/wp-content\/uploads\/2021\/09\/092neu.png","width":467,"height":400},{"@type":"BreadcrumbList","@id":"https:\/\/conexbooks.de\/a\/shop\/produkt\/wurzelwolf-methode\/#breadcrumb","itemListElement":[{"@type":"ListItem","position":1,"name":"Home","item":"https:\/\/conexbooks.de\/a\/shop\/"},{"@type":"ListItem","position":2,"name":"Shop","item":"https:\/\/conexbooks.de\/a\/shop\/shop\/"},{"@type":"ListItem","position":3,"name":"Konfliktkl\u00e4rung durch empathische Wurzelwolf-Konfrontation."}]},{"@type":"WebSite","@id":"https:\/\/conexbooks.de\/a\/shop\/#website","url":"https:\/\/conexbooks.de\/a\/shop\/","name":"Conex-Shop","description":"Alles f\u00fcr die gewaltfreie Kommunikation: B\u00fccher, Spiele. Handpuppen Seminarmaterial und Geschenke","publisher":{"@id":"https:\/\/conexbooks.de\/a\/shop\/#organization"},"potentialAction":[{"@type":"SearchAction","target":{"@type":"EntryPoint","urlTemplate":"https:\/\/conexbooks.de\/a\/shop\/?s={search_term_string}"},"query-input":{"@type":"PropertyValueSpecification","valueRequired":true,"valueName":"search_term_string"}}],"inLanguage":"de"},{"@type":"Organization","@id":"https:\/\/conexbooks.de\/a\/shop\/#organization","name":"Conex - books and more","url":"https:\/\/conexbooks.de\/a\/shop\/","logo":{"@type":"ImageObject","inLanguage":"de","@id":"https:\/\/conexbooks.de\/a\/shop\/#\/schema\/logo\/image\/","url":"https:\/\/conexbooks.de\/a\/shop\/wp-content\/uploads\/2017\/12\/co-logo.png","contentUrl":"https:\/\/conexbooks.de\/a\/shop\/wp-content\/uploads\/2017\/12\/co-logo.png","width":243,"height":122,"caption":"Conex - books and more"},"image":{"@id":"https:\/\/conexbooks.de\/a\/shop\/#\/schema\/logo\/image\/"}}]}},"_links":{"self":[{"href":"https:\/\/conexbooks.de\/a\/shop\/wp-json\/wp\/v2\/product\/18154","targetHints":{"allow":["GET"]}}],"collection":[{"href":"https:\/\/conexbooks.de\/a\/shop\/wp-json\/wp\/v2\/product"}],"about":[{"href":"https:\/\/conexbooks.de\/a\/shop\/wp-json\/wp\/v2\/types\/product"}],"wp:featuredmedia":[{"embeddable":true,"href":"https:\/\/conexbooks.de\/a\/shop\/wp-json\/wp\/v2\/media\/18926"}],"wp:attachment":[{"href":"https:\/\/conexbooks.de\/a\/shop\/wp-json\/wp\/v2\/media?parent=18154"}],"wp:term":[{"taxonomy":"product_brand","embeddable":true,"href":"https:\/\/conexbooks.de\/a\/shop\/wp-json\/wp\/v2\/product_brand?post=18154"},{"taxonomy":"product_cat","embeddable":true,"href":"https:\/\/conexbooks.de\/a\/shop\/wp-json\/wp\/v2\/product_cat?post=18154"},{"taxonomy":"product_tag","embeddable":true,"href":"https:\/\/conexbooks.de\/a\/shop\/wp-json\/wp\/v2\/product_tag?post=18154"}],"curies":[{"name":"wp","href":"https:\/\/api.w.org\/{rel}","templated":true}]}}