{"id":18304,"date":"2021-12-04T14:31:12","date_gmt":"2021-12-04T13:31:12","guid":{"rendered":"https:\/\/conexbooks.de\/a\/shop\/?post_type=product&#038;p=18304"},"modified":"2023-01-24T21:37:28","modified_gmt":"2023-01-24T20:37:28","slug":"gfk-zeitschrift-empathische-zeit-heft-4-2021","status":"publish","type":"product","link":"https:\/\/conexbooks.de\/a\/shop\/produkt\/gfk-zeitschrift-empathische-zeit-heft-4-2021\/","title":{"rendered":"GFK-Zeitschrift: Empathische Zeit; Heft 4\/2021"},"content":{"rendered":"<h3>Empathische Zeit<\/h3>\n<p>Schon seit 2014 gibt es die Empathische Zeit. Die 29. Ausgabe des GFK-Magazins hat das Schwerpunkt-Thema:<\/p>\n<p><strong>\u201eUnter Giraffen\u201c<\/strong><\/p>\n<p>In der Schule, im Verein, in der Familie \u2013 wie ver\u00e4ndert sich das Miteinander, wenn die Gewaltfreie Kommunikation im Leben Einzug gehalten hat? Zahlreiche AutorInnen schildern ihre Erfahrungen. Besonders eindrucksvoll zeigt das Team vom Fachverband Gewaltfreie Kommunikation e.V., wie auch schwierige Entscheidungen gemeinsam getroffen werden.<br \/>\nF\u00fcr AbonnentInnen gibt es nat\u00fcrlich wieder ein kleines Extra aus der Empathikon-Werkstatt.<\/p>\n<p>Daneben finden Sie<br \/>\n\u2022 eine Ermutigung von Gerhard Rothhaupt, mit Andersdenkenden ins Gespr\u00e4ch zu kommen<br \/>\n\u2022 die zahlreichen Aktivit\u00e4ten rund um den \u201eTag der GFK\u201c<br \/>\n\u2022 ein Filmprojekt mit zahlreichen Interviews zum Thema Empathie<br \/>\n\u2022 den 6. Teil der Serie \u201eDie sch\u00f6nsten Irrt\u00fcmer \u00fcber die GFK\u201c mit Arbeitsblatt zum Download<br \/>\n\u2022 die Geschichte der Zertifizierung von den Anf\u00e4ngen bis heute<br \/>\n\u2022 ein Lob auf \u201emechanische GFK\u201c, die einen Abend retten kann und<br \/>\n\u2022 die Umweltanalyse des CNVC: Wer hat Zugang zu GFK-Trainings und Qualifizierung?<\/p>\n<p>AutorInnen sind unter anderem Tassilo Peters, Olaf Hartke und Anja Palitza, Regine Landwehr, Dr. Gerhard Rothhaupt, Dr. Stephanie Schnichels, Martina Wohlers, Helga Klier, Lorna Ritchie, Marina Stege, Katrin Schwoerer-Genenz, Al Weckert, Dr. Claudia Mail\u00e4nder und Zdenek Hacker.<\/p>\n<p>Freuen Sie sich auf 80 inspirierende Seiten des weltweit einzigen Magazions f\u00fcr Gewaltfreie Kommunikarion.<\/p>\n<h4><a href=\"https:\/\/conexbooks.de\/a\/shop\/produkt-kategorie\/empathische-zeitschrift\/\">Alle Emphatische Zeit Hefte anschauen<\/a><\/h4>\n<div id='1' class='widgets_on_page wop_tiny1  wop_small1  wop_medium1  wop_large1  wop_wide1'>\n\t\t\t<ul><li id=\"custom_html-4\" class=\"widget_text widget widget_custom_html\"><div class=\"textwidget custom-html-widget\"><div style=\"text-align:left;\">\r\n<button class = \"button\" style=\"height: 30px; font-size: 0.8em;\" name=\"zuruck\" type=\"button\" onclick=\"history.back()\">Zur\u00fcck zur \u00dcbersicht<\/button><\/div><\/div><\/li><\/ul><\/div><!-- widgets_on_page -->\n","protected":false},"excerpt":{"rendered":"<h3>Magazin f\u00fcr Konfliktl\u00f6sung und sozialen Wandel<\/h3>\n<h3><strong>&#8222;Unter Giraffen \u2013 wie ver\u00e4ndert sich das Miteinander mit GFK?&#8220;<\/strong><\/h3>\n<h4>Heft 4\/2021; 80 Seiten<\/h4>\n<p>erschienen bei Empathikon.de<\/p>\n<p>Gem\u00e4\u00df Fernhandelsgesetz sind Zeitungen und Zeitschriften vom Umtausch ausgeschlossen.<\/p>\n","protected":false},"featured_media":18308,"template":"","meta":[],"product_brand":[],"product_cat":[57],"product_tag":[362,119,219,87,367,361,114],"class_list":{"0":"post-18304","1":"product","2":"type-product","3":"status-publish","4":"has-post-thumbnail","6":"product_cat-empathische-zeitschrift","7":"product_tag-geschenk-im-konflikt","8":"product_tag-gfk-haltung","9":"product_tag-innere-haltung","10":"product_tag-meinungsverschiedenheiten","11":"product_tag-mitienander","12":"product_tag-toleranz","13":"product_tag-zeitschrift","15":"first","16":"instock","17":"shipping-taxable","18":"purchasable","19":"product-type-simple"},"yoast_head":"<!-- This site is optimized with the Yoast SEO plugin v27.3 - https:\/\/yoast.com\/product\/yoast-seo-wordpress\/ -->\n<title>GFK-Zeitschrift: Empathische Zeit; Heft 4\/2021 - Conex-Shop<\/title>\n<meta name=\"robots\" content=\"index, follow, max-snippet:-1, max-image-preview:large, max-video-preview:-1\" \/>\n<link rel=\"canonical\" href=\"https:\/\/conexbooks.de\/a\/shop\/produkt\/gfk-zeitschrift-empathische-zeit-heft-4-2021\/\" \/>\n<meta property=\"og:locale\" content=\"de_DE\" \/>\n<meta property=\"og:type\" content=\"article\" \/>\n<meta property=\"og:title\" content=\"GFK-Zeitschrift: Empathische Zeit; Heft 4\/2021 - Conex-Shop\" \/>\n<meta property=\"og:description\" content=\"Magazin f\u00fcr Konfliktl\u00f6sung und sozialen Wandel &quot;Unter Giraffen \u2013 wie ver\u00e4ndert sich das Miteinander mit GFK?&quot; Heft 4\/2021; 80 Seiten erschienen bei Empathikon.de  Gem\u00e4\u00df Fernhandelsgesetz sind Zeitungen und Zeitschriften vom Umtausch ausgeschlossen.\" \/>\n<meta property=\"og:url\" content=\"https:\/\/conexbooks.de\/a\/shop\/produkt\/gfk-zeitschrift-empathische-zeit-heft-4-2021\/\" \/>\n<meta property=\"og:site_name\" content=\"Conex-Shop\" \/>\n<meta property=\"article:modified_time\" content=\"2023-01-24T20:37:28+00:00\" \/>\n<meta property=\"og:image\" content=\"https:\/\/conexbooks.de\/a\/shop\/wp-content\/uploads\/2021\/12\/761.png\" \/>\n\t<meta property=\"og:image:width\" content=\"213\" \/>\n\t<meta property=\"og:image:height\" content=\"300\" \/>\n\t<meta property=\"og:image:type\" content=\"image\/png\" \/>\n<meta name=\"twitter:card\" content=\"summary_large_image\" \/>\n<meta name=\"twitter:label1\" content=\"Gesch\u00e4tzte Lesezeit\" \/>\n\t<meta name=\"twitter:data1\" content=\"1\u00a0Minute\" \/>\n<script type=\"application\/ld+json\" class=\"yoast-schema-graph\">{\"@context\":\"https:\\\/\\\/schema.org\",\"@graph\":[{\"@type\":\"WebPage\",\"@id\":\"https:\\\/\\\/conexbooks.de\\\/a\\\/shop\\\/produkt\\\/gfk-zeitschrift-empathische-zeit-heft-4-2021\\\/\",\"url\":\"https:\\\/\\\/conexbooks.de\\\/a\\\/shop\\\/produkt\\\/gfk-zeitschrift-empathische-zeit-heft-4-2021\\\/\",\"name\":\"GFK-Zeitschrift: Empathische Zeit; Heft 4\\\/2021 - Conex-Shop\",\"isPartOf\":{\"@id\":\"https:\\\/\\\/conexbooks.de\\\/a\\\/shop\\\/#website\"},\"primaryImageOfPage\":{\"@id\":\"https:\\\/\\\/conexbooks.de\\\/a\\\/shop\\\/produkt\\\/gfk-zeitschrift-empathische-zeit-heft-4-2021\\\/#primaryimage\"},\"image\":{\"@id\":\"https:\\\/\\\/conexbooks.de\\\/a\\\/shop\\\/produkt\\\/gfk-zeitschrift-empathische-zeit-heft-4-2021\\\/#primaryimage\"},\"thumbnailUrl\":\"https:\\\/\\\/conexbooks.de\\\/a\\\/shop\\\/wp-content\\\/uploads\\\/2021\\\/12\\\/761.png\",\"datePublished\":\"2021-12-04T13:31:12+00:00\",\"dateModified\":\"2023-01-24T20:37:28+00:00\",\"breadcrumb\":{\"@id\":\"https:\\\/\\\/conexbooks.de\\\/a\\\/shop\\\/produkt\\\/gfk-zeitschrift-empathische-zeit-heft-4-2021\\\/#breadcrumb\"},\"inLanguage\":\"de\",\"potentialAction\":[{\"@type\":\"ReadAction\",\"target\":[\"https:\\\/\\\/conexbooks.de\\\/a\\\/shop\\\/produkt\\\/gfk-zeitschrift-empathische-zeit-heft-4-2021\\\/\"]}]},{\"@type\":\"ImageObject\",\"inLanguage\":\"de\",\"@id\":\"https:\\\/\\\/conexbooks.de\\\/a\\\/shop\\\/produkt\\\/gfk-zeitschrift-empathische-zeit-heft-4-2021\\\/#primaryimage\",\"url\":\"https:\\\/\\\/conexbooks.de\\\/a\\\/shop\\\/wp-content\\\/uploads\\\/2021\\\/12\\\/761.png\",\"contentUrl\":\"https:\\\/\\\/conexbooks.de\\\/a\\\/shop\\\/wp-content\\\/uploads\\\/2021\\\/12\\\/761.png\",\"width\":213,\"height\":300},{\"@type\":\"BreadcrumbList\",\"@id\":\"https:\\\/\\\/conexbooks.de\\\/a\\\/shop\\\/produkt\\\/gfk-zeitschrift-empathische-zeit-heft-4-2021\\\/#breadcrumb\",\"itemListElement\":[{\"@type\":\"ListItem\",\"position\":1,\"name\":\"Home\",\"item\":\"https:\\\/\\\/conexbooks.de\\\/a\\\/shop\\\/\"},{\"@type\":\"ListItem\",\"position\":2,\"name\":\"Shop\",\"item\":\"https:\\\/\\\/conexbooks.de\\\/a\\\/shop\\\/shop\\\/\"},{\"@type\":\"ListItem\",\"position\":3,\"name\":\"GFK-Zeitschrift: Empathische Zeit; Heft 4\\\/2021\"}]},{\"@type\":\"WebSite\",\"@id\":\"https:\\\/\\\/conexbooks.de\\\/a\\\/shop\\\/#website\",\"url\":\"https:\\\/\\\/conexbooks.de\\\/a\\\/shop\\\/\",\"name\":\"Conex-Shop\",\"description\":\"Alles f\u00fcr die gewaltfreie Kommunikation: B\u00fccher, Spiele. Handpuppen Seminarmaterial und Geschenke\",\"publisher\":{\"@id\":\"https:\\\/\\\/conexbooks.de\\\/a\\\/shop\\\/#organization\"},\"potentialAction\":[{\"@type\":\"SearchAction\",\"target\":{\"@type\":\"EntryPoint\",\"urlTemplate\":\"https:\\\/\\\/conexbooks.de\\\/a\\\/shop\\\/?s={search_term_string}\"},\"query-input\":{\"@type\":\"PropertyValueSpecification\",\"valueRequired\":true,\"valueName\":\"search_term_string\"}}],\"inLanguage\":\"de\"},{\"@type\":\"Organization\",\"@id\":\"https:\\\/\\\/conexbooks.de\\\/a\\\/shop\\\/#organization\",\"name\":\"Conex - books and more\",\"url\":\"https:\\\/\\\/conexbooks.de\\\/a\\\/shop\\\/\",\"logo\":{\"@type\":\"ImageObject\",\"inLanguage\":\"de\",\"@id\":\"https:\\\/\\\/conexbooks.de\\\/a\\\/shop\\\/#\\\/schema\\\/logo\\\/image\\\/\",\"url\":\"https:\\\/\\\/conexbooks.de\\\/a\\\/shop\\\/wp-content\\\/uploads\\\/2017\\\/12\\\/co-logo.png\",\"contentUrl\":\"https:\\\/\\\/conexbooks.de\\\/a\\\/shop\\\/wp-content\\\/uploads\\\/2017\\\/12\\\/co-logo.png\",\"width\":243,\"height\":122,\"caption\":\"Conex - books and more\"},\"image\":{\"@id\":\"https:\\\/\\\/conexbooks.de\\\/a\\\/shop\\\/#\\\/schema\\\/logo\\\/image\\\/\"}}]}<\/script>\n<!-- \/ Yoast SEO plugin. -->","yoast_head_json":{"title":"GFK-Zeitschrift: Empathische Zeit; Heft 4\/2021 - Conex-Shop","robots":{"index":"index","follow":"follow","max-snippet":"max-snippet:-1","max-image-preview":"max-image-preview:large","max-video-preview":"max-video-preview:-1"},"canonical":"https:\/\/conexbooks.de\/a\/shop\/produkt\/gfk-zeitschrift-empathische-zeit-heft-4-2021\/","og_locale":"de_DE","og_type":"article","og_title":"GFK-Zeitschrift: Empathische Zeit; Heft 4\/2021 - Conex-Shop","og_description":"Magazin f\u00fcr Konfliktl\u00f6sung und sozialen Wandel \"Unter Giraffen \u2013 wie ver\u00e4ndert sich das Miteinander mit GFK?\" Heft 4\/2021; 80 Seiten erschienen bei Empathikon.de  Gem\u00e4\u00df Fernhandelsgesetz sind Zeitungen und Zeitschriften vom Umtausch ausgeschlossen.","og_url":"https:\/\/conexbooks.de\/a\/shop\/produkt\/gfk-zeitschrift-empathische-zeit-heft-4-2021\/","og_site_name":"Conex-Shop","article_modified_time":"2023-01-24T20:37:28+00:00","og_image":[{"width":213,"height":300,"url":"https:\/\/conexbooks.de\/a\/shop\/wp-content\/uploads\/2021\/12\/761.png","type":"image\/png"}],"twitter_card":"summary_large_image","twitter_misc":{"Gesch\u00e4tzte Lesezeit":"1\u00a0Minute"},"schema":{"@context":"https:\/\/schema.org","@graph":[{"@type":"WebPage","@id":"https:\/\/conexbooks.de\/a\/shop\/produkt\/gfk-zeitschrift-empathische-zeit-heft-4-2021\/","url":"https:\/\/conexbooks.de\/a\/shop\/produkt\/gfk-zeitschrift-empathische-zeit-heft-4-2021\/","name":"GFK-Zeitschrift: Empathische Zeit; Heft 4\/2021 - Conex-Shop","isPartOf":{"@id":"https:\/\/conexbooks.de\/a\/shop\/#website"},"primaryImageOfPage":{"@id":"https:\/\/conexbooks.de\/a\/shop\/produkt\/gfk-zeitschrift-empathische-zeit-heft-4-2021\/#primaryimage"},"image":{"@id":"https:\/\/conexbooks.de\/a\/shop\/produkt\/gfk-zeitschrift-empathische-zeit-heft-4-2021\/#primaryimage"},"thumbnailUrl":"https:\/\/conexbooks.de\/a\/shop\/wp-content\/uploads\/2021\/12\/761.png","datePublished":"2021-12-04T13:31:12+00:00","dateModified":"2023-01-24T20:37:28+00:00","breadcrumb":{"@id":"https:\/\/conexbooks.de\/a\/shop\/produkt\/gfk-zeitschrift-empathische-zeit-heft-4-2021\/#breadcrumb"},"inLanguage":"de","potentialAction":[{"@type":"ReadAction","target":["https:\/\/conexbooks.de\/a\/shop\/produkt\/gfk-zeitschrift-empathische-zeit-heft-4-2021\/"]}]},{"@type":"ImageObject","inLanguage":"de","@id":"https:\/\/conexbooks.de\/a\/shop\/produkt\/gfk-zeitschrift-empathische-zeit-heft-4-2021\/#primaryimage","url":"https:\/\/conexbooks.de\/a\/shop\/wp-content\/uploads\/2021\/12\/761.png","contentUrl":"https:\/\/conexbooks.de\/a\/shop\/wp-content\/uploads\/2021\/12\/761.png","width":213,"height":300},{"@type":"BreadcrumbList","@id":"https:\/\/conexbooks.de\/a\/shop\/produkt\/gfk-zeitschrift-empathische-zeit-heft-4-2021\/#breadcrumb","itemListElement":[{"@type":"ListItem","position":1,"name":"Home","item":"https:\/\/conexbooks.de\/a\/shop\/"},{"@type":"ListItem","position":2,"name":"Shop","item":"https:\/\/conexbooks.de\/a\/shop\/shop\/"},{"@type":"ListItem","position":3,"name":"GFK-Zeitschrift: Empathische Zeit; Heft 4\/2021"}]},{"@type":"WebSite","@id":"https:\/\/conexbooks.de\/a\/shop\/#website","url":"https:\/\/conexbooks.de\/a\/shop\/","name":"Conex-Shop","description":"Alles f\u00fcr die gewaltfreie Kommunikation: B\u00fccher, Spiele. Handpuppen Seminarmaterial und Geschenke","publisher":{"@id":"https:\/\/conexbooks.de\/a\/shop\/#organization"},"potentialAction":[{"@type":"SearchAction","target":{"@type":"EntryPoint","urlTemplate":"https:\/\/conexbooks.de\/a\/shop\/?s={search_term_string}"},"query-input":{"@type":"PropertyValueSpecification","valueRequired":true,"valueName":"search_term_string"}}],"inLanguage":"de"},{"@type":"Organization","@id":"https:\/\/conexbooks.de\/a\/shop\/#organization","name":"Conex - books and more","url":"https:\/\/conexbooks.de\/a\/shop\/","logo":{"@type":"ImageObject","inLanguage":"de","@id":"https:\/\/conexbooks.de\/a\/shop\/#\/schema\/logo\/image\/","url":"https:\/\/conexbooks.de\/a\/shop\/wp-content\/uploads\/2017\/12\/co-logo.png","contentUrl":"https:\/\/conexbooks.de\/a\/shop\/wp-content\/uploads\/2017\/12\/co-logo.png","width":243,"height":122,"caption":"Conex - books and more"},"image":{"@id":"https:\/\/conexbooks.de\/a\/shop\/#\/schema\/logo\/image\/"}}]}},"_links":{"self":[{"href":"https:\/\/conexbooks.de\/a\/shop\/wp-json\/wp\/v2\/product\/18304","targetHints":{"allow":["GET"]}}],"collection":[{"href":"https:\/\/conexbooks.de\/a\/shop\/wp-json\/wp\/v2\/product"}],"about":[{"href":"https:\/\/conexbooks.de\/a\/shop\/wp-json\/wp\/v2\/types\/product"}],"wp:featuredmedia":[{"embeddable":true,"href":"https:\/\/conexbooks.de\/a\/shop\/wp-json\/wp\/v2\/media\/18308"}],"wp:attachment":[{"href":"https:\/\/conexbooks.de\/a\/shop\/wp-json\/wp\/v2\/media?parent=18304"}],"wp:term":[{"taxonomy":"product_brand","embeddable":true,"href":"https:\/\/conexbooks.de\/a\/shop\/wp-json\/wp\/v2\/product_brand?post=18304"},{"taxonomy":"product_cat","embeddable":true,"href":"https:\/\/conexbooks.de\/a\/shop\/wp-json\/wp\/v2\/product_cat?post=18304"},{"taxonomy":"product_tag","embeddable":true,"href":"https:\/\/conexbooks.de\/a\/shop\/wp-json\/wp\/v2\/product_tag?post=18304"}],"curies":[{"name":"wp","href":"https:\/\/api.w.org\/{rel}","templated":true}]}}