{"id":18313,"date":"2021-12-06T12:57:39","date_gmt":"2021-12-06T11:57:39","guid":{"rendered":"https:\/\/conexbooks.de\/a\/shop\/?post_type=product&#038;p=18313"},"modified":"2023-07-05T10:20:37","modified_gmt":"2023-07-05T08:20:37","slug":"beduerfniskarten-handgemalt-30-er-set","status":"publish","type":"product","link":"https:\/\/conexbooks.de\/a\/shop\/produkt\/beduerfniskarten-handgemalt-30-er-set\/","title":{"rendered":"Bed\u00fcrfniskarten handgemalt, 30-er Set"},"content":{"rendered":"<h1>Bed\u00fcrfniskarten-Set, handgemalt<\/h1>\n<p><strong>von Claudia Glauser<\/strong><\/p>\n<div class=\"row\">\n<div class=\"col-lg-12 lp-single\">\n<div class=\"_1FTz3 fggS- cell\">\n<section class=\"_2RbVQ\" data-hook=\"description-wrapper\">\n<div class=\"_3nbVj\">\n<div class=\"_3cRjW\" data-hook=\"content-wrapper\">\n<p>Die von Hand gezeichneten Bed\u00fcrfniskarten\u00a0sollen dazu einladen, sich mit den eigenen Bed\u00fcrfnissen und den Bed\u00fcrfnissen Anderer zu verbinden. Was brauche ich, damit es mir gut geht? Was brauchst du, damit es dir gut geht? Die liebevoll gestalteten Collagen wirken hierbei mit dem Bed\u00fcrfnis-Wort\u00a0zusammen. Die Bild-Wort-Verkn\u00fcpfung hilft uns, die Botschaft der Karten besser aufzunehmen und zu erforschen, ob die visualisierten Bed\u00fcrfnisse erf\u00fcllt oder unerf\u00fcllt sind.<\/p>\n<p>Ob f\u00fcr Dich selbst, indem Du t\u00e4glich eine Bed\u00fcrfniskarte ziehst, f\u00fcr andere als Geschenk, als Therapeut*in, um unerf\u00fcllte Bed\u00fcrfnisse und\u00a0verborgene Glaubenss\u00e4tze\u00a0aufzusp\u00fcren\u00a0oder als Coach, um das erste Eis zu brechen&#8230; Die Einsatzm\u00f6glichkeiten der Bed\u00fcrfniskarten sind so vielseitig wie die Bed\u00fcrfnisse selbst.<\/p>\n<p>In diesem Set sind alle drei 10-er Sets mit folgenden 30 Bed\u00fcrfnismotiven zusammengefasst:<\/p>\n<ul>\n<li>Entspannung<\/li>\n<li>Orientierung<\/li>\n<li>Ruhe<\/li>\n<li>Schutz<\/li>\n<li>Spiel &amp; Spass<\/li>\n<li>W\u00e4rme<\/li>\n<li>Kraft<\/li>\n<li>Hoffnung<\/li>\n<li>R\u00fcckzug<\/li>\n<li>Zuversicht<\/li>\n<li>Geborgenheit<\/li>\n<li>Gemeinschaft<\/li>\n<li>Liebe<\/li>\n<li>Toleranz<\/li>\n<li>Verbindung<\/li>\n<li>Harmonie<\/li>\n<li>Leichtigkeit<\/li>\n<li>Trost<\/li>\n<li>Lebensfreude<\/li>\n<li>Gelassenheit<\/li>\n<li>Authentizit\u00e4t<\/li>\n<li>Autonomie<\/li>\n<li>Entwicklung<\/li>\n<li>Individualit\u00e4t<\/li>\n<li>Kreativit\u00e4t<\/li>\n<li>Spiritualit\u00e4t<\/li>\n<li>Selbstliebe<\/li>\n<li>Humor<\/li>\n<li>Freiheit<\/li>\n<li>Sch\u00f6nheit<\/li>\n<\/ul>\n<\/div>\n<\/div>\n<\/section>\n<\/div>\n<\/div>\n<\/div>\n<div id='1' class='widgets_on_page wop_tiny1  wop_small1  wop_medium1  wop_large1  wop_wide1'>\n\t\t\t<ul><li id=\"custom_html-4\" class=\"widget_text widget widget_custom_html\"><div class=\"textwidget custom-html-widget\"><div style=\"text-align:left;\">\r\n<button class = \"button\" style=\"height: 30px; font-size: 0.8em;\" name=\"zuruck\" type=\"button\" onclick=\"history.back()\">Zur\u00fcck zur \u00dcbersicht<\/button><\/div><\/div><\/li><\/ul><\/div><!-- widgets_on_page -->\n","protected":false},"excerpt":{"rendered":"<h4>Bed\u00fcrfniskarten, handgemalt, 30-er-Set<\/h4>\n<p>handgemalt von Claudia Glauser, Schweiz<\/p>\n<p class=\"first\">alle drei 10-er Sets mit insgesammt 30 Bed\u00fcrfnismotiven; Gr\u00f6\u00dfe: 14,8 x 10,5 cm<br \/>\nmit Schleifenband liebevoll zusammengebunden<\/p>\n","protected":false},"featured_media":18614,"template":"","meta":[],"product_brand":[],"product_cat":[35,481,56,53,39,433,51,47],"product_tag":[72,368,71,134,257,369],"class_list":{"0":"post-18313","1":"product","2":"type-product","3":"status-publish","4":"has-post-thumbnail","6":"product_cat-besonders","7":"product_cat-gefuehle-und-beduerfniskarten","8":"product_cat-geschenke","9":"product_cat-neu","10":"product_cat-persoenliche-entwicklung","11":"product_cat-postkarten","12":"product_cat-seminarmaterial","13":"product_cat-sonstiges","14":"product_tag-beduerfniskarten","15":"product_tag-bild-wort-verknuepfung","16":"product_tag-kartenset","17":"product_tag-selbstempathie","18":"product_tag-selbstklaerung","19":"product_tag-therapie","21":"first","22":"outofstock","23":"shipping-taxable","24":"purchasable","25":"product-type-simple"},"yoast_head":"<!-- This site is optimized with the Yoast SEO plugin v27.3 - https:\/\/yoast.com\/product\/yoast-seo-wordpress\/ -->\n<title>Bed\u00fcrfniskarten handgemalt, 30-er Set - Conex-Shop<\/title>\n<meta name=\"robots\" content=\"index, follow, max-snippet:-1, max-image-preview:large, max-video-preview:-1\" \/>\n<link rel=\"canonical\" href=\"https:\/\/conexbooks.de\/a\/shop\/produkt\/beduerfniskarten-handgemalt-30-er-set\/\" \/>\n<meta property=\"og:locale\" content=\"de_DE\" \/>\n<meta property=\"og:type\" content=\"article\" \/>\n<meta property=\"og:title\" content=\"Bed\u00fcrfniskarten handgemalt, 30-er Set - Conex-Shop\" \/>\n<meta property=\"og:description\" content=\"Bed\u00fcrfniskarten, handgemalt, 30-er-Set handgemalt von Claudia Glauser, Schweiz alle drei 10-er Sets mit insgesammt 30 Bed\u00fcrfnismotiven; Gr\u00f6\u00dfe: 14,8 x 10,5 cm mit Schleifenband liebevoll zusammengebunden\" \/>\n<meta property=\"og:url\" content=\"https:\/\/conexbooks.de\/a\/shop\/produkt\/beduerfniskarten-handgemalt-30-er-set\/\" \/>\n<meta property=\"og:site_name\" content=\"Conex-Shop\" \/>\n<meta property=\"article:modified_time\" content=\"2023-07-05T08:20:37+00:00\" \/>\n<meta property=\"og:image\" content=\"https:\/\/conexbooks.de\/a\/shop\/wp-content\/uploads\/2021\/12\/616-1.png\" \/>\n\t<meta property=\"og:image:width\" content=\"400\" \/>\n\t<meta property=\"og:image:height\" content=\"400\" \/>\n\t<meta property=\"og:image:type\" content=\"image\/png\" \/>\n<meta name=\"twitter:card\" content=\"summary_large_image\" \/>\n<meta name=\"twitter:label1\" content=\"Gesch\u00e4tzte Lesezeit\" \/>\n\t<meta name=\"twitter:data1\" content=\"1\u00a0Minute\" \/>\n<script type=\"application\/ld+json\" class=\"yoast-schema-graph\">{\"@context\":\"https:\\\/\\\/schema.org\",\"@graph\":[{\"@type\":\"WebPage\",\"@id\":\"https:\\\/\\\/conexbooks.de\\\/a\\\/shop\\\/produkt\\\/beduerfniskarten-handgemalt-30-er-set\\\/\",\"url\":\"https:\\\/\\\/conexbooks.de\\\/a\\\/shop\\\/produkt\\\/beduerfniskarten-handgemalt-30-er-set\\\/\",\"name\":\"Bed\u00fcrfniskarten handgemalt, 30-er Set - Conex-Shop\",\"isPartOf\":{\"@id\":\"https:\\\/\\\/conexbooks.de\\\/a\\\/shop\\\/#website\"},\"primaryImageOfPage\":{\"@id\":\"https:\\\/\\\/conexbooks.de\\\/a\\\/shop\\\/produkt\\\/beduerfniskarten-handgemalt-30-er-set\\\/#primaryimage\"},\"image\":{\"@id\":\"https:\\\/\\\/conexbooks.de\\\/a\\\/shop\\\/produkt\\\/beduerfniskarten-handgemalt-30-er-set\\\/#primaryimage\"},\"thumbnailUrl\":\"https:\\\/\\\/conexbooks.de\\\/a\\\/shop\\\/wp-content\\\/uploads\\\/2021\\\/12\\\/616-1.png\",\"datePublished\":\"2021-12-06T11:57:39+00:00\",\"dateModified\":\"2023-07-05T08:20:37+00:00\",\"breadcrumb\":{\"@id\":\"https:\\\/\\\/conexbooks.de\\\/a\\\/shop\\\/produkt\\\/beduerfniskarten-handgemalt-30-er-set\\\/#breadcrumb\"},\"inLanguage\":\"de\",\"potentialAction\":[{\"@type\":\"ReadAction\",\"target\":[\"https:\\\/\\\/conexbooks.de\\\/a\\\/shop\\\/produkt\\\/beduerfniskarten-handgemalt-30-er-set\\\/\"]}]},{\"@type\":\"ImageObject\",\"inLanguage\":\"de\",\"@id\":\"https:\\\/\\\/conexbooks.de\\\/a\\\/shop\\\/produkt\\\/beduerfniskarten-handgemalt-30-er-set\\\/#primaryimage\",\"url\":\"https:\\\/\\\/conexbooks.de\\\/a\\\/shop\\\/wp-content\\\/uploads\\\/2021\\\/12\\\/616-1.png\",\"contentUrl\":\"https:\\\/\\\/conexbooks.de\\\/a\\\/shop\\\/wp-content\\\/uploads\\\/2021\\\/12\\\/616-1.png\",\"width\":400,\"height\":400},{\"@type\":\"BreadcrumbList\",\"@id\":\"https:\\\/\\\/conexbooks.de\\\/a\\\/shop\\\/produkt\\\/beduerfniskarten-handgemalt-30-er-set\\\/#breadcrumb\",\"itemListElement\":[{\"@type\":\"ListItem\",\"position\":1,\"name\":\"Home\",\"item\":\"https:\\\/\\\/conexbooks.de\\\/a\\\/shop\\\/\"},{\"@type\":\"ListItem\",\"position\":2,\"name\":\"Shop\",\"item\":\"https:\\\/\\\/conexbooks.de\\\/a\\\/shop\\\/shop\\\/\"},{\"@type\":\"ListItem\",\"position\":3,\"name\":\"Bed\u00fcrfniskarten handgemalt, 30-er Set\"}]},{\"@type\":\"WebSite\",\"@id\":\"https:\\\/\\\/conexbooks.de\\\/a\\\/shop\\\/#website\",\"url\":\"https:\\\/\\\/conexbooks.de\\\/a\\\/shop\\\/\",\"name\":\"Conex-Shop\",\"description\":\"Alles f\u00fcr die gewaltfreie Kommunikation: B\u00fccher, Spiele. Handpuppen Seminarmaterial und Geschenke\",\"publisher\":{\"@id\":\"https:\\\/\\\/conexbooks.de\\\/a\\\/shop\\\/#organization\"},\"potentialAction\":[{\"@type\":\"SearchAction\",\"target\":{\"@type\":\"EntryPoint\",\"urlTemplate\":\"https:\\\/\\\/conexbooks.de\\\/a\\\/shop\\\/?s={search_term_string}\"},\"query-input\":{\"@type\":\"PropertyValueSpecification\",\"valueRequired\":true,\"valueName\":\"search_term_string\"}}],\"inLanguage\":\"de\"},{\"@type\":\"Organization\",\"@id\":\"https:\\\/\\\/conexbooks.de\\\/a\\\/shop\\\/#organization\",\"name\":\"Conex - books and more\",\"url\":\"https:\\\/\\\/conexbooks.de\\\/a\\\/shop\\\/\",\"logo\":{\"@type\":\"ImageObject\",\"inLanguage\":\"de\",\"@id\":\"https:\\\/\\\/conexbooks.de\\\/a\\\/shop\\\/#\\\/schema\\\/logo\\\/image\\\/\",\"url\":\"https:\\\/\\\/conexbooks.de\\\/a\\\/shop\\\/wp-content\\\/uploads\\\/2017\\\/12\\\/co-logo.png\",\"contentUrl\":\"https:\\\/\\\/conexbooks.de\\\/a\\\/shop\\\/wp-content\\\/uploads\\\/2017\\\/12\\\/co-logo.png\",\"width\":243,\"height\":122,\"caption\":\"Conex - books and more\"},\"image\":{\"@id\":\"https:\\\/\\\/conexbooks.de\\\/a\\\/shop\\\/#\\\/schema\\\/logo\\\/image\\\/\"}}]}<\/script>\n<!-- \/ Yoast SEO plugin. -->","yoast_head_json":{"title":"Bed\u00fcrfniskarten handgemalt, 30-er Set - Conex-Shop","robots":{"index":"index","follow":"follow","max-snippet":"max-snippet:-1","max-image-preview":"max-image-preview:large","max-video-preview":"max-video-preview:-1"},"canonical":"https:\/\/conexbooks.de\/a\/shop\/produkt\/beduerfniskarten-handgemalt-30-er-set\/","og_locale":"de_DE","og_type":"article","og_title":"Bed\u00fcrfniskarten handgemalt, 30-er Set - Conex-Shop","og_description":"Bed\u00fcrfniskarten, handgemalt, 30-er-Set handgemalt von Claudia Glauser, Schweiz alle drei 10-er Sets mit insgesammt 30 Bed\u00fcrfnismotiven; Gr\u00f6\u00dfe: 14,8 x 10,5 cm mit Schleifenband liebevoll zusammengebunden","og_url":"https:\/\/conexbooks.de\/a\/shop\/produkt\/beduerfniskarten-handgemalt-30-er-set\/","og_site_name":"Conex-Shop","article_modified_time":"2023-07-05T08:20:37+00:00","og_image":[{"width":400,"height":400,"url":"https:\/\/conexbooks.de\/a\/shop\/wp-content\/uploads\/2021\/12\/616-1.png","type":"image\/png"}],"twitter_card":"summary_large_image","twitter_misc":{"Gesch\u00e4tzte Lesezeit":"1\u00a0Minute"},"schema":{"@context":"https:\/\/schema.org","@graph":[{"@type":"WebPage","@id":"https:\/\/conexbooks.de\/a\/shop\/produkt\/beduerfniskarten-handgemalt-30-er-set\/","url":"https:\/\/conexbooks.de\/a\/shop\/produkt\/beduerfniskarten-handgemalt-30-er-set\/","name":"Bed\u00fcrfniskarten handgemalt, 30-er Set - Conex-Shop","isPartOf":{"@id":"https:\/\/conexbooks.de\/a\/shop\/#website"},"primaryImageOfPage":{"@id":"https:\/\/conexbooks.de\/a\/shop\/produkt\/beduerfniskarten-handgemalt-30-er-set\/#primaryimage"},"image":{"@id":"https:\/\/conexbooks.de\/a\/shop\/produkt\/beduerfniskarten-handgemalt-30-er-set\/#primaryimage"},"thumbnailUrl":"https:\/\/conexbooks.de\/a\/shop\/wp-content\/uploads\/2021\/12\/616-1.png","datePublished":"2021-12-06T11:57:39+00:00","dateModified":"2023-07-05T08:20:37+00:00","breadcrumb":{"@id":"https:\/\/conexbooks.de\/a\/shop\/produkt\/beduerfniskarten-handgemalt-30-er-set\/#breadcrumb"},"inLanguage":"de","potentialAction":[{"@type":"ReadAction","target":["https:\/\/conexbooks.de\/a\/shop\/produkt\/beduerfniskarten-handgemalt-30-er-set\/"]}]},{"@type":"ImageObject","inLanguage":"de","@id":"https:\/\/conexbooks.de\/a\/shop\/produkt\/beduerfniskarten-handgemalt-30-er-set\/#primaryimage","url":"https:\/\/conexbooks.de\/a\/shop\/wp-content\/uploads\/2021\/12\/616-1.png","contentUrl":"https:\/\/conexbooks.de\/a\/shop\/wp-content\/uploads\/2021\/12\/616-1.png","width":400,"height":400},{"@type":"BreadcrumbList","@id":"https:\/\/conexbooks.de\/a\/shop\/produkt\/beduerfniskarten-handgemalt-30-er-set\/#breadcrumb","itemListElement":[{"@type":"ListItem","position":1,"name":"Home","item":"https:\/\/conexbooks.de\/a\/shop\/"},{"@type":"ListItem","position":2,"name":"Shop","item":"https:\/\/conexbooks.de\/a\/shop\/shop\/"},{"@type":"ListItem","position":3,"name":"Bed\u00fcrfniskarten handgemalt, 30-er Set"}]},{"@type":"WebSite","@id":"https:\/\/conexbooks.de\/a\/shop\/#website","url":"https:\/\/conexbooks.de\/a\/shop\/","name":"Conex-Shop","description":"Alles f\u00fcr die gewaltfreie Kommunikation: B\u00fccher, Spiele. Handpuppen Seminarmaterial und Geschenke","publisher":{"@id":"https:\/\/conexbooks.de\/a\/shop\/#organization"},"potentialAction":[{"@type":"SearchAction","target":{"@type":"EntryPoint","urlTemplate":"https:\/\/conexbooks.de\/a\/shop\/?s={search_term_string}"},"query-input":{"@type":"PropertyValueSpecification","valueRequired":true,"valueName":"search_term_string"}}],"inLanguage":"de"},{"@type":"Organization","@id":"https:\/\/conexbooks.de\/a\/shop\/#organization","name":"Conex - books and more","url":"https:\/\/conexbooks.de\/a\/shop\/","logo":{"@type":"ImageObject","inLanguage":"de","@id":"https:\/\/conexbooks.de\/a\/shop\/#\/schema\/logo\/image\/","url":"https:\/\/conexbooks.de\/a\/shop\/wp-content\/uploads\/2017\/12\/co-logo.png","contentUrl":"https:\/\/conexbooks.de\/a\/shop\/wp-content\/uploads\/2017\/12\/co-logo.png","width":243,"height":122,"caption":"Conex - books and more"},"image":{"@id":"https:\/\/conexbooks.de\/a\/shop\/#\/schema\/logo\/image\/"}}]}},"_links":{"self":[{"href":"https:\/\/conexbooks.de\/a\/shop\/wp-json\/wp\/v2\/product\/18313","targetHints":{"allow":["GET"]}}],"collection":[{"href":"https:\/\/conexbooks.de\/a\/shop\/wp-json\/wp\/v2\/product"}],"about":[{"href":"https:\/\/conexbooks.de\/a\/shop\/wp-json\/wp\/v2\/types\/product"}],"wp:featuredmedia":[{"embeddable":true,"href":"https:\/\/conexbooks.de\/a\/shop\/wp-json\/wp\/v2\/media\/18614"}],"wp:attachment":[{"href":"https:\/\/conexbooks.de\/a\/shop\/wp-json\/wp\/v2\/media?parent=18313"}],"wp:term":[{"taxonomy":"product_brand","embeddable":true,"href":"https:\/\/conexbooks.de\/a\/shop\/wp-json\/wp\/v2\/product_brand?post=18313"},{"taxonomy":"product_cat","embeddable":true,"href":"https:\/\/conexbooks.de\/a\/shop\/wp-json\/wp\/v2\/product_cat?post=18313"},{"taxonomy":"product_tag","embeddable":true,"href":"https:\/\/conexbooks.de\/a\/shop\/wp-json\/wp\/v2\/product_tag?post=18313"}],"curies":[{"name":"wp","href":"https:\/\/api.w.org\/{rel}","templated":true}]}}