{"id":18343,"date":"2021-12-06T23:56:43","date_gmt":"2021-12-06T22:56:43","guid":{"rendered":"https:\/\/conexbooks.de\/a\/shop\/?post_type=product&#038;p=18343"},"modified":"2023-07-05T10:15:05","modified_gmt":"2023-07-05T08:15:05","slug":"beduerfniskarten-ich-fuehle-mich-wohl-10-karten","status":"publish","type":"product","link":"https:\/\/conexbooks.de\/a\/shop\/produkt\/beduerfniskarten-ich-fuehle-mich-wohl-10-karten\/","title":{"rendered":"Bed\u00fcrfniskarten &#8222;Ich f\u00fchle mich wohl&#8220;, 10 Karten"},"content":{"rendered":"<h1>Bed\u00fcrfniskarten &#8222;Ich f\u00fchle mich wohl&#8220;, 10 Karten<\/h1>\n<p><strong>handgemalt von Claudia Glauser<\/strong><\/p>\n<div class=\"row\">\n<div class=\"col-lg-12 lp-single\">\n<div class=\"_1FTz3 fggS- cell\">\n<section class=\"_2RbVQ\" data-hook=\"description-wrapper\">\n<div class=\"_3nbVj\">\n<div class=\"_3cRjW\" data-hook=\"content-wrapper\">\n<p>Die von Hand gezeichneten Bed\u00fcrfniskarten\u00a0sollen dazu einladen, sich mit den eigenen Bed\u00fcrfnissen und den Bed\u00fcrfnissen Anderer zu verbinden. Was brauche ich, damit es mir gut geht? Was brauchst du, damit es dir gut geht? Die liebevoll gestalteten Collagen wirken hierbei mit dem Bed\u00fcrfnis-Wort\u00a0zusammen. Die Bild-Wort-Verkn\u00fcpfung hilft uns, die Botschaft der Karten besser aufzunehmen und zu erforschen, ob die visualisierten Bed\u00fcrfnisse erf\u00fcllt oder unerf\u00fcllt sind.<\/p>\n<p>Ob f\u00fcr Dich selbst, indem Du t\u00e4glich eine Bed\u00fcrfniskarte ziehst, f\u00fcr andere als Geschenk, als Therapeut*in, um unerf\u00fcllte Bed\u00fcrfnisse und\u00a0verborgene Glaubenss\u00e4tze\u00a0aufzusp\u00fcren\u00a0oder als Coach, um das erste Eis zu brechen&#8230; Die Einsatzm\u00f6glichkeiten der Bed\u00fcrfniskarten sind so vielseitig wie die Bed\u00fcrfnisse selbst.<\/p>\n<p>Im Set &#8222;Ich bin in Verbindung&#8220; sind folgende 10 Bed\u00fcrfnismotive enthalten:<\/p>\n<ul>\n<li>\u00a0Entspannung<\/li>\n<li>\u00a0Orientierung<\/li>\n<li>\u00a0Ruhe<\/li>\n<li>\u00a0Schutz<\/li>\n<li>\u00a0Spiel &amp; Spass<\/li>\n<li>\u00a0W\u00e4rme<\/li>\n<li>\u00a0Kraft<\/li>\n<li>\u00a0Hoffnung<\/li>\n<li>\u00a0R\u00fcckzug<\/li>\n<li>\u00a0Zuversicht<\/li>\n<\/ul>\n<\/div>\n<\/div>\n<\/section>\n<\/div>\n<\/div>\n<\/div>\n<div id='1' class='widgets_on_page wop_tiny1  wop_small1  wop_medium1  wop_large1  wop_wide1'>\n\t\t\t<ul><li id=\"custom_html-4\" class=\"widget_text widget widget_custom_html\"><div class=\"textwidget custom-html-widget\"><div style=\"text-align:left;\">\r\n<button class = \"button\" style=\"height: 30px; font-size: 0.8em;\" name=\"zuruck\" type=\"button\" onclick=\"history.back()\">Zur\u00fcck zur \u00dcbersicht<\/button><\/div><\/div><\/li><\/ul><\/div><!-- widgets_on_page -->\n","protected":false},"excerpt":{"rendered":"<h4>Bed\u00fcrfniskarten &#8222;Ich f\u00fchle mich wohl&#8220;, 10 Karten<\/h4>\n<p>handgemalt von Claudia Glauser, Schweiz<\/p>\n<p class=\"first\">Sets mit 10 Bed\u00fcrfnismotiven; Gr\u00f6\u00dfe: 14,8 x 10,5 cm<\/p>\n","protected":false},"featured_media":18616,"template":"","meta":[],"product_brand":[],"product_cat":[35,481,56,53,39,51,47],"product_tag":[72,368,71,134,257,369,235],"class_list":{"0":"post-18343","1":"product","2":"type-product","3":"status-publish","4":"has-post-thumbnail","6":"product_cat-besonders","7":"product_cat-gefuehle-und-beduerfniskarten","8":"product_cat-geschenke","9":"product_cat-neu","10":"product_cat-persoenliche-entwicklung","11":"product_cat-seminarmaterial","12":"product_cat-sonstiges","13":"product_tag-beduerfniskarten","14":"product_tag-bild-wort-verknuepfung","15":"product_tag-kartenset","16":"product_tag-selbstempathie","17":"product_tag-selbstklaerung","18":"product_tag-therapie","19":"product_tag-verbindung","21":"first","22":"outofstock","23":"shipping-taxable","24":"purchasable","25":"product-type-simple"},"yoast_head":"<!-- This site is optimized with the Yoast SEO plugin v27.3 - https:\/\/yoast.com\/product\/yoast-seo-wordpress\/ -->\n<title>Bed\u00fcrfniskarten &quot;Ich f\u00fchle mich wohl&quot;, 10 Karten - Conex-Shop<\/title>\n<meta name=\"robots\" content=\"index, follow, max-snippet:-1, max-image-preview:large, max-video-preview:-1\" \/>\n<link rel=\"canonical\" href=\"https:\/\/conexbooks.de\/a\/shop\/produkt\/beduerfniskarten-ich-fuehle-mich-wohl-10-karten\/\" \/>\n<meta property=\"og:locale\" content=\"de_DE\" \/>\n<meta property=\"og:type\" content=\"article\" \/>\n<meta property=\"og:title\" content=\"Bed\u00fcrfniskarten &quot;Ich f\u00fchle mich wohl&quot;, 10 Karten - Conex-Shop\" \/>\n<meta property=\"og:description\" content=\"Bed\u00fcrfniskarten &quot;Ich f\u00fchle mich wohl&quot;, 10 Karten handgemalt von Claudia Glauser, Schweiz Sets mit 10 Bed\u00fcrfnismotiven; Gr\u00f6\u00dfe: 14,8 x 10,5 cm\" \/>\n<meta property=\"og:url\" content=\"https:\/\/conexbooks.de\/a\/shop\/produkt\/beduerfniskarten-ich-fuehle-mich-wohl-10-karten\/\" \/>\n<meta property=\"og:site_name\" content=\"Conex-Shop\" \/>\n<meta property=\"article:modified_time\" content=\"2023-07-05T08:15:05+00:00\" \/>\n<meta property=\"og:image\" content=\"https:\/\/conexbooks.de\/a\/shop\/wp-content\/uploads\/2021\/12\/625-1.png\" \/>\n\t<meta property=\"og:image:width\" content=\"400\" \/>\n\t<meta property=\"og:image:height\" content=\"400\" \/>\n\t<meta property=\"og:image:type\" content=\"image\/png\" \/>\n<meta name=\"twitter:card\" content=\"summary_large_image\" \/>\n<meta name=\"twitter:label1\" content=\"Gesch\u00e4tzte Lesezeit\" \/>\n\t<meta name=\"twitter:data1\" content=\"1\u00a0Minute\" \/>\n<script type=\"application\/ld+json\" class=\"yoast-schema-graph\">{\"@context\":\"https:\\\/\\\/schema.org\",\"@graph\":[{\"@type\":\"WebPage\",\"@id\":\"https:\\\/\\\/conexbooks.de\\\/a\\\/shop\\\/produkt\\\/beduerfniskarten-ich-fuehle-mich-wohl-10-karten\\\/\",\"url\":\"https:\\\/\\\/conexbooks.de\\\/a\\\/shop\\\/produkt\\\/beduerfniskarten-ich-fuehle-mich-wohl-10-karten\\\/\",\"name\":\"Bed\u00fcrfniskarten \\\"Ich f\u00fchle mich wohl\\\", 10 Karten - Conex-Shop\",\"isPartOf\":{\"@id\":\"https:\\\/\\\/conexbooks.de\\\/a\\\/shop\\\/#website\"},\"primaryImageOfPage\":{\"@id\":\"https:\\\/\\\/conexbooks.de\\\/a\\\/shop\\\/produkt\\\/beduerfniskarten-ich-fuehle-mich-wohl-10-karten\\\/#primaryimage\"},\"image\":{\"@id\":\"https:\\\/\\\/conexbooks.de\\\/a\\\/shop\\\/produkt\\\/beduerfniskarten-ich-fuehle-mich-wohl-10-karten\\\/#primaryimage\"},\"thumbnailUrl\":\"https:\\\/\\\/conexbooks.de\\\/a\\\/shop\\\/wp-content\\\/uploads\\\/2021\\\/12\\\/625-1.png\",\"datePublished\":\"2021-12-06T22:56:43+00:00\",\"dateModified\":\"2023-07-05T08:15:05+00:00\",\"breadcrumb\":{\"@id\":\"https:\\\/\\\/conexbooks.de\\\/a\\\/shop\\\/produkt\\\/beduerfniskarten-ich-fuehle-mich-wohl-10-karten\\\/#breadcrumb\"},\"inLanguage\":\"de\",\"potentialAction\":[{\"@type\":\"ReadAction\",\"target\":[\"https:\\\/\\\/conexbooks.de\\\/a\\\/shop\\\/produkt\\\/beduerfniskarten-ich-fuehle-mich-wohl-10-karten\\\/\"]}]},{\"@type\":\"ImageObject\",\"inLanguage\":\"de\",\"@id\":\"https:\\\/\\\/conexbooks.de\\\/a\\\/shop\\\/produkt\\\/beduerfniskarten-ich-fuehle-mich-wohl-10-karten\\\/#primaryimage\",\"url\":\"https:\\\/\\\/conexbooks.de\\\/a\\\/shop\\\/wp-content\\\/uploads\\\/2021\\\/12\\\/625-1.png\",\"contentUrl\":\"https:\\\/\\\/conexbooks.de\\\/a\\\/shop\\\/wp-content\\\/uploads\\\/2021\\\/12\\\/625-1.png\",\"width\":400,\"height\":400},{\"@type\":\"BreadcrumbList\",\"@id\":\"https:\\\/\\\/conexbooks.de\\\/a\\\/shop\\\/produkt\\\/beduerfniskarten-ich-fuehle-mich-wohl-10-karten\\\/#breadcrumb\",\"itemListElement\":[{\"@type\":\"ListItem\",\"position\":1,\"name\":\"Home\",\"item\":\"https:\\\/\\\/conexbooks.de\\\/a\\\/shop\\\/\"},{\"@type\":\"ListItem\",\"position\":2,\"name\":\"Shop\",\"item\":\"https:\\\/\\\/conexbooks.de\\\/a\\\/shop\\\/shop\\\/\"},{\"@type\":\"ListItem\",\"position\":3,\"name\":\"Bed\u00fcrfniskarten &#8222;Ich f\u00fchle mich wohl&#8220;, 10 Karten\"}]},{\"@type\":\"WebSite\",\"@id\":\"https:\\\/\\\/conexbooks.de\\\/a\\\/shop\\\/#website\",\"url\":\"https:\\\/\\\/conexbooks.de\\\/a\\\/shop\\\/\",\"name\":\"Conex-Shop\",\"description\":\"Alles f\u00fcr die gewaltfreie Kommunikation: B\u00fccher, Spiele. Handpuppen Seminarmaterial und Geschenke\",\"publisher\":{\"@id\":\"https:\\\/\\\/conexbooks.de\\\/a\\\/shop\\\/#organization\"},\"potentialAction\":[{\"@type\":\"SearchAction\",\"target\":{\"@type\":\"EntryPoint\",\"urlTemplate\":\"https:\\\/\\\/conexbooks.de\\\/a\\\/shop\\\/?s={search_term_string}\"},\"query-input\":{\"@type\":\"PropertyValueSpecification\",\"valueRequired\":true,\"valueName\":\"search_term_string\"}}],\"inLanguage\":\"de\"},{\"@type\":\"Organization\",\"@id\":\"https:\\\/\\\/conexbooks.de\\\/a\\\/shop\\\/#organization\",\"name\":\"Conex - books and more\",\"url\":\"https:\\\/\\\/conexbooks.de\\\/a\\\/shop\\\/\",\"logo\":{\"@type\":\"ImageObject\",\"inLanguage\":\"de\",\"@id\":\"https:\\\/\\\/conexbooks.de\\\/a\\\/shop\\\/#\\\/schema\\\/logo\\\/image\\\/\",\"url\":\"https:\\\/\\\/conexbooks.de\\\/a\\\/shop\\\/wp-content\\\/uploads\\\/2017\\\/12\\\/co-logo.png\",\"contentUrl\":\"https:\\\/\\\/conexbooks.de\\\/a\\\/shop\\\/wp-content\\\/uploads\\\/2017\\\/12\\\/co-logo.png\",\"width\":243,\"height\":122,\"caption\":\"Conex - books and more\"},\"image\":{\"@id\":\"https:\\\/\\\/conexbooks.de\\\/a\\\/shop\\\/#\\\/schema\\\/logo\\\/image\\\/\"}}]}<\/script>\n<!-- \/ Yoast SEO plugin. -->","yoast_head_json":{"title":"Bed\u00fcrfniskarten \"Ich f\u00fchle mich wohl\", 10 Karten - Conex-Shop","robots":{"index":"index","follow":"follow","max-snippet":"max-snippet:-1","max-image-preview":"max-image-preview:large","max-video-preview":"max-video-preview:-1"},"canonical":"https:\/\/conexbooks.de\/a\/shop\/produkt\/beduerfniskarten-ich-fuehle-mich-wohl-10-karten\/","og_locale":"de_DE","og_type":"article","og_title":"Bed\u00fcrfniskarten \"Ich f\u00fchle mich wohl\", 10 Karten - Conex-Shop","og_description":"Bed\u00fcrfniskarten \"Ich f\u00fchle mich wohl\", 10 Karten handgemalt von Claudia Glauser, Schweiz Sets mit 10 Bed\u00fcrfnismotiven; Gr\u00f6\u00dfe: 14,8 x 10,5 cm","og_url":"https:\/\/conexbooks.de\/a\/shop\/produkt\/beduerfniskarten-ich-fuehle-mich-wohl-10-karten\/","og_site_name":"Conex-Shop","article_modified_time":"2023-07-05T08:15:05+00:00","og_image":[{"width":400,"height":400,"url":"https:\/\/conexbooks.de\/a\/shop\/wp-content\/uploads\/2021\/12\/625-1.png","type":"image\/png"}],"twitter_card":"summary_large_image","twitter_misc":{"Gesch\u00e4tzte Lesezeit":"1\u00a0Minute"},"schema":{"@context":"https:\/\/schema.org","@graph":[{"@type":"WebPage","@id":"https:\/\/conexbooks.de\/a\/shop\/produkt\/beduerfniskarten-ich-fuehle-mich-wohl-10-karten\/","url":"https:\/\/conexbooks.de\/a\/shop\/produkt\/beduerfniskarten-ich-fuehle-mich-wohl-10-karten\/","name":"Bed\u00fcrfniskarten \"Ich f\u00fchle mich wohl\", 10 Karten - Conex-Shop","isPartOf":{"@id":"https:\/\/conexbooks.de\/a\/shop\/#website"},"primaryImageOfPage":{"@id":"https:\/\/conexbooks.de\/a\/shop\/produkt\/beduerfniskarten-ich-fuehle-mich-wohl-10-karten\/#primaryimage"},"image":{"@id":"https:\/\/conexbooks.de\/a\/shop\/produkt\/beduerfniskarten-ich-fuehle-mich-wohl-10-karten\/#primaryimage"},"thumbnailUrl":"https:\/\/conexbooks.de\/a\/shop\/wp-content\/uploads\/2021\/12\/625-1.png","datePublished":"2021-12-06T22:56:43+00:00","dateModified":"2023-07-05T08:15:05+00:00","breadcrumb":{"@id":"https:\/\/conexbooks.de\/a\/shop\/produkt\/beduerfniskarten-ich-fuehle-mich-wohl-10-karten\/#breadcrumb"},"inLanguage":"de","potentialAction":[{"@type":"ReadAction","target":["https:\/\/conexbooks.de\/a\/shop\/produkt\/beduerfniskarten-ich-fuehle-mich-wohl-10-karten\/"]}]},{"@type":"ImageObject","inLanguage":"de","@id":"https:\/\/conexbooks.de\/a\/shop\/produkt\/beduerfniskarten-ich-fuehle-mich-wohl-10-karten\/#primaryimage","url":"https:\/\/conexbooks.de\/a\/shop\/wp-content\/uploads\/2021\/12\/625-1.png","contentUrl":"https:\/\/conexbooks.de\/a\/shop\/wp-content\/uploads\/2021\/12\/625-1.png","width":400,"height":400},{"@type":"BreadcrumbList","@id":"https:\/\/conexbooks.de\/a\/shop\/produkt\/beduerfniskarten-ich-fuehle-mich-wohl-10-karten\/#breadcrumb","itemListElement":[{"@type":"ListItem","position":1,"name":"Home","item":"https:\/\/conexbooks.de\/a\/shop\/"},{"@type":"ListItem","position":2,"name":"Shop","item":"https:\/\/conexbooks.de\/a\/shop\/shop\/"},{"@type":"ListItem","position":3,"name":"Bed\u00fcrfniskarten &#8222;Ich f\u00fchle mich wohl&#8220;, 10 Karten"}]},{"@type":"WebSite","@id":"https:\/\/conexbooks.de\/a\/shop\/#website","url":"https:\/\/conexbooks.de\/a\/shop\/","name":"Conex-Shop","description":"Alles f\u00fcr die gewaltfreie Kommunikation: B\u00fccher, Spiele. Handpuppen Seminarmaterial und Geschenke","publisher":{"@id":"https:\/\/conexbooks.de\/a\/shop\/#organization"},"potentialAction":[{"@type":"SearchAction","target":{"@type":"EntryPoint","urlTemplate":"https:\/\/conexbooks.de\/a\/shop\/?s={search_term_string}"},"query-input":{"@type":"PropertyValueSpecification","valueRequired":true,"valueName":"search_term_string"}}],"inLanguage":"de"},{"@type":"Organization","@id":"https:\/\/conexbooks.de\/a\/shop\/#organization","name":"Conex - books and more","url":"https:\/\/conexbooks.de\/a\/shop\/","logo":{"@type":"ImageObject","inLanguage":"de","@id":"https:\/\/conexbooks.de\/a\/shop\/#\/schema\/logo\/image\/","url":"https:\/\/conexbooks.de\/a\/shop\/wp-content\/uploads\/2017\/12\/co-logo.png","contentUrl":"https:\/\/conexbooks.de\/a\/shop\/wp-content\/uploads\/2017\/12\/co-logo.png","width":243,"height":122,"caption":"Conex - books and more"},"image":{"@id":"https:\/\/conexbooks.de\/a\/shop\/#\/schema\/logo\/image\/"}}]}},"_links":{"self":[{"href":"https:\/\/conexbooks.de\/a\/shop\/wp-json\/wp\/v2\/product\/18343","targetHints":{"allow":["GET"]}}],"collection":[{"href":"https:\/\/conexbooks.de\/a\/shop\/wp-json\/wp\/v2\/product"}],"about":[{"href":"https:\/\/conexbooks.de\/a\/shop\/wp-json\/wp\/v2\/types\/product"}],"wp:featuredmedia":[{"embeddable":true,"href":"https:\/\/conexbooks.de\/a\/shop\/wp-json\/wp\/v2\/media\/18616"}],"wp:attachment":[{"href":"https:\/\/conexbooks.de\/a\/shop\/wp-json\/wp\/v2\/media?parent=18343"}],"wp:term":[{"taxonomy":"product_brand","embeddable":true,"href":"https:\/\/conexbooks.de\/a\/shop\/wp-json\/wp\/v2\/product_brand?post=18343"},{"taxonomy":"product_cat","embeddable":true,"href":"https:\/\/conexbooks.de\/a\/shop\/wp-json\/wp\/v2\/product_cat?post=18343"},{"taxonomy":"product_tag","embeddable":true,"href":"https:\/\/conexbooks.de\/a\/shop\/wp-json\/wp\/v2\/product_tag?post=18343"}],"curies":[{"name":"wp","href":"https:\/\/api.w.org\/{rel}","templated":true}]}}