{"id":18473,"date":"2022-02-18T15:56:13","date_gmt":"2022-02-18T14:56:13","guid":{"rendered":"https:\/\/conexbooks.de\/a\/shop\/?post_type=product&#038;p=18473"},"modified":"2025-10-17T21:45:41","modified_gmt":"2025-10-17T19:45:41","slug":"praxis-der-gruppen-und-teammediation","status":"publish","type":"product","link":"https:\/\/conexbooks.de\/a\/shop\/produkt\/praxis-der-gruppen-und-teammediation\/","title":{"rendered":"Praxis der Gruppen- und Teammediation"},"content":{"rendered":"<h3 class=\"mb-4\">Praxis der Gruppen- und Teammediation<\/h3>\n<h4 class=\"mb-4\">Methoden und Visualisierungsvorschl\u00e4ge<br \/>\nBuch + Video-Tutorials + digitale Flipchartvorlagen<\/h4>\n<p>Best Practice aus langj\u00e4hriger Mediationst\u00e4tigkeit<br \/>\nIn diesem Buch werden die erfolgreichsten Methoden der Mediation von Gruppen und Teams vorgestellt. Zu besonders komplexen Methoden gibt es jeweils ein \u201eFAQ\u201c: Mithilfe typischer Fragestellungen aus der Seminarerfahrung der Verfasser werden Leserinnen und Leser in ihrer \u00dcbungspraxis begleitet Die Methoden werden au\u00dferdem ganz praktisch anhand von drei gespielten Mediationsf\u00e4llen in den Video-Tutorials demonstriert. Die Filmbeispiele eignen sich optimal f\u00fcr das selbst organisierte Lernen, aber auch zu Schulungszwecken.<br \/>\nUm das Angebot f\u00fcr Leserinnen und Leser zu optimieren, wurden Vorlagen f\u00fcr Flipcharts und Plakate entworfen, die in dieser Neuauflage auch online zur Verf\u00fcgung stehen. Sie k\u00f6nnen bearbeitet und f\u00fcr eigene Mediationsf\u00e4lle angepasst werden.<\/p>\n<div id='1' class='widgets_on_page wop_tiny1  wop_small1  wop_medium1  wop_large1  wop_wide1'>\n\t\t\t<ul><li id=\"custom_html-4\" class=\"widget_text widget widget_custom_html\"><div class=\"textwidget custom-html-widget\"><div style=\"text-align:left;\">\r\n<button class = \"button\" style=\"height: 30px; font-size: 0.8em;\" name=\"zuruck\" type=\"button\" onclick=\"history.back()\">Zur\u00fcck zur \u00dcbersicht<\/button><\/div><\/div><\/li><\/ul><\/div><!-- widgets_on_page -->\n","protected":false},"excerpt":{"rendered":"<h3>Al Weckert, J\u00f6rg Schmidt, Christian B\u00e4hner, Monika Oboth<\/h3>\n<p class=\"mb-4\">Methoden und Visualisierungsvorschl\u00e4ge<br \/>\nBuch + Video-Tutorials + digitale Flipchartvorlagen<\/p>\n<p>Buch mit E-Book-Code:<br \/>\nim Buch ist der Code zum einmaligen herunterladen des gleichnamgen E-Books enthalten.<\/p>\n<p>Junfermann-Verlag (Neuauflage 17.11.2021)<br \/>\n136 Seiten, kartoniert, Format: 17 x 24 cm<\/p>\n","protected":false},"featured_media":18474,"template":"","meta":[],"product_brand":[],"product_cat":[482,36,44,39,51],"product_tag":[427,190,432,426,429,430,428,94,431],"class_list":{"0":"post-18473","1":"product","2":"type-product","3":"status-publish","4":"has-post-thumbnail","6":"product_cat-buecher","7":"product_cat-deutsche-buecher","8":"product_cat-konflikte","9":"product_cat-persoenliche-entwicklung","10":"product_cat-seminarmaterial","11":"product_tag-eskalation","12":"product_tag-gfk-und-mediation","13":"product_tag-gruppen-und-teams","14":"product_tag-loesungsfindung","15":"product_tag-mediationsbeispiele","16":"product_tag-mediationsmethoden","17":"product_tag-methodenwechsel","18":"product_tag-team","19":"product_tag-visualisierung","21":"first","22":"instock","23":"shipping-taxable","24":"purchasable","25":"product-type-simple"},"yoast_head":"<!-- This site is optimized with the Yoast SEO plugin v27.3 - https:\/\/yoast.com\/product\/yoast-seo-wordpress\/ -->\n<title>Praxis der Gruppen- und Teammediation - Conex-Shop<\/title>\n<meta name=\"robots\" content=\"index, follow, max-snippet:-1, max-image-preview:large, max-video-preview:-1\" \/>\n<link rel=\"canonical\" href=\"https:\/\/conexbooks.de\/a\/shop\/produkt\/praxis-der-gruppen-und-teammediation\/\" \/>\n<meta property=\"og:locale\" content=\"de_DE\" \/>\n<meta property=\"og:type\" content=\"article\" \/>\n<meta property=\"og:title\" content=\"Praxis der Gruppen- und Teammediation - Conex-Shop\" \/>\n<meta property=\"og:description\" content=\"Al Weckert, J\u00f6rg Schmidt, Christian B\u00e4hner, Monika Oboth Methoden und Visualisierungsvorschl\u00e4ge Buch + Video-Tutorials + digitale Flipchartvorlagen Buch mit E-Book-Code: im Buch ist der Code zum einmaligen herunterladen des gleichnamgen E-Books enthalten.  Junfermann-Verlag (Neuauflage 17.11.2021) 136 Seiten, kartoniert, Format: 17 x 24 cm\" \/>\n<meta property=\"og:url\" content=\"https:\/\/conexbooks.de\/a\/shop\/produkt\/praxis-der-gruppen-und-teammediation\/\" \/>\n<meta property=\"og:site_name\" content=\"Conex-Shop\" \/>\n<meta property=\"article:modified_time\" content=\"2025-10-17T19:45:41+00:00\" \/>\n<meta property=\"og:image\" content=\"https:\/\/conexbooks.de\/a\/shop\/wp-content\/uploads\/2022\/02\/096.png\" \/>\n\t<meta property=\"og:image:width\" content=\"284\" \/>\n\t<meta property=\"og:image:height\" content=\"400\" \/>\n\t<meta property=\"og:image:type\" content=\"image\/png\" \/>\n<meta name=\"twitter:card\" content=\"summary_large_image\" \/>\n<meta name=\"twitter:label1\" content=\"Gesch\u00e4tzte Lesezeit\" \/>\n\t<meta name=\"twitter:data1\" content=\"1\u00a0Minute\" \/>\n<script type=\"application\/ld+json\" class=\"yoast-schema-graph\">{\"@context\":\"https:\\\/\\\/schema.org\",\"@graph\":[{\"@type\":\"WebPage\",\"@id\":\"https:\\\/\\\/conexbooks.de\\\/a\\\/shop\\\/produkt\\\/praxis-der-gruppen-und-teammediation\\\/\",\"url\":\"https:\\\/\\\/conexbooks.de\\\/a\\\/shop\\\/produkt\\\/praxis-der-gruppen-und-teammediation\\\/\",\"name\":\"Praxis der Gruppen- und Teammediation - Conex-Shop\",\"isPartOf\":{\"@id\":\"https:\\\/\\\/conexbooks.de\\\/a\\\/shop\\\/#website\"},\"primaryImageOfPage\":{\"@id\":\"https:\\\/\\\/conexbooks.de\\\/a\\\/shop\\\/produkt\\\/praxis-der-gruppen-und-teammediation\\\/#primaryimage\"},\"image\":{\"@id\":\"https:\\\/\\\/conexbooks.de\\\/a\\\/shop\\\/produkt\\\/praxis-der-gruppen-und-teammediation\\\/#primaryimage\"},\"thumbnailUrl\":\"https:\\\/\\\/conexbooks.de\\\/a\\\/shop\\\/wp-content\\\/uploads\\\/2022\\\/02\\\/096.png\",\"datePublished\":\"2022-02-18T14:56:13+00:00\",\"dateModified\":\"2025-10-17T19:45:41+00:00\",\"breadcrumb\":{\"@id\":\"https:\\\/\\\/conexbooks.de\\\/a\\\/shop\\\/produkt\\\/praxis-der-gruppen-und-teammediation\\\/#breadcrumb\"},\"inLanguage\":\"de\",\"potentialAction\":[{\"@type\":\"ReadAction\",\"target\":[\"https:\\\/\\\/conexbooks.de\\\/a\\\/shop\\\/produkt\\\/praxis-der-gruppen-und-teammediation\\\/\"]}]},{\"@type\":\"ImageObject\",\"inLanguage\":\"de\",\"@id\":\"https:\\\/\\\/conexbooks.de\\\/a\\\/shop\\\/produkt\\\/praxis-der-gruppen-und-teammediation\\\/#primaryimage\",\"url\":\"https:\\\/\\\/conexbooks.de\\\/a\\\/shop\\\/wp-content\\\/uploads\\\/2022\\\/02\\\/096.png\",\"contentUrl\":\"https:\\\/\\\/conexbooks.de\\\/a\\\/shop\\\/wp-content\\\/uploads\\\/2022\\\/02\\\/096.png\",\"width\":284,\"height\":400},{\"@type\":\"BreadcrumbList\",\"@id\":\"https:\\\/\\\/conexbooks.de\\\/a\\\/shop\\\/produkt\\\/praxis-der-gruppen-und-teammediation\\\/#breadcrumb\",\"itemListElement\":[{\"@type\":\"ListItem\",\"position\":1,\"name\":\"Home\",\"item\":\"https:\\\/\\\/conexbooks.de\\\/a\\\/shop\\\/\"},{\"@type\":\"ListItem\",\"position\":2,\"name\":\"Shop\",\"item\":\"https:\\\/\\\/conexbooks.de\\\/a\\\/shop\\\/shop\\\/\"},{\"@type\":\"ListItem\",\"position\":3,\"name\":\"Praxis der Gruppen- und Teammediation\"}]},{\"@type\":\"WebSite\",\"@id\":\"https:\\\/\\\/conexbooks.de\\\/a\\\/shop\\\/#website\",\"url\":\"https:\\\/\\\/conexbooks.de\\\/a\\\/shop\\\/\",\"name\":\"Conex-Shop\",\"description\":\"Alles f\u00fcr die gewaltfreie Kommunikation: B\u00fccher, Spiele. Handpuppen Seminarmaterial und Geschenke\",\"publisher\":{\"@id\":\"https:\\\/\\\/conexbooks.de\\\/a\\\/shop\\\/#organization\"},\"potentialAction\":[{\"@type\":\"SearchAction\",\"target\":{\"@type\":\"EntryPoint\",\"urlTemplate\":\"https:\\\/\\\/conexbooks.de\\\/a\\\/shop\\\/?s={search_term_string}\"},\"query-input\":{\"@type\":\"PropertyValueSpecification\",\"valueRequired\":true,\"valueName\":\"search_term_string\"}}],\"inLanguage\":\"de\"},{\"@type\":\"Organization\",\"@id\":\"https:\\\/\\\/conexbooks.de\\\/a\\\/shop\\\/#organization\",\"name\":\"Conex - books and more\",\"url\":\"https:\\\/\\\/conexbooks.de\\\/a\\\/shop\\\/\",\"logo\":{\"@type\":\"ImageObject\",\"inLanguage\":\"de\",\"@id\":\"https:\\\/\\\/conexbooks.de\\\/a\\\/shop\\\/#\\\/schema\\\/logo\\\/image\\\/\",\"url\":\"https:\\\/\\\/conexbooks.de\\\/a\\\/shop\\\/wp-content\\\/uploads\\\/2017\\\/12\\\/co-logo.png\",\"contentUrl\":\"https:\\\/\\\/conexbooks.de\\\/a\\\/shop\\\/wp-content\\\/uploads\\\/2017\\\/12\\\/co-logo.png\",\"width\":243,\"height\":122,\"caption\":\"Conex - books and more\"},\"image\":{\"@id\":\"https:\\\/\\\/conexbooks.de\\\/a\\\/shop\\\/#\\\/schema\\\/logo\\\/image\\\/\"}}]}<\/script>\n<!-- \/ Yoast SEO plugin. -->","yoast_head_json":{"title":"Praxis der Gruppen- und Teammediation - Conex-Shop","robots":{"index":"index","follow":"follow","max-snippet":"max-snippet:-1","max-image-preview":"max-image-preview:large","max-video-preview":"max-video-preview:-1"},"canonical":"https:\/\/conexbooks.de\/a\/shop\/produkt\/praxis-der-gruppen-und-teammediation\/","og_locale":"de_DE","og_type":"article","og_title":"Praxis der Gruppen- und Teammediation - Conex-Shop","og_description":"Al Weckert, J\u00f6rg Schmidt, Christian B\u00e4hner, Monika Oboth Methoden und Visualisierungsvorschl\u00e4ge Buch + Video-Tutorials + digitale Flipchartvorlagen Buch mit E-Book-Code: im Buch ist der Code zum einmaligen herunterladen des gleichnamgen E-Books enthalten.  Junfermann-Verlag (Neuauflage 17.11.2021) 136 Seiten, kartoniert, Format: 17 x 24 cm","og_url":"https:\/\/conexbooks.de\/a\/shop\/produkt\/praxis-der-gruppen-und-teammediation\/","og_site_name":"Conex-Shop","article_modified_time":"2025-10-17T19:45:41+00:00","og_image":[{"width":284,"height":400,"url":"https:\/\/conexbooks.de\/a\/shop\/wp-content\/uploads\/2022\/02\/096.png","type":"image\/png"}],"twitter_card":"summary_large_image","twitter_misc":{"Gesch\u00e4tzte Lesezeit":"1\u00a0Minute"},"schema":{"@context":"https:\/\/schema.org","@graph":[{"@type":"WebPage","@id":"https:\/\/conexbooks.de\/a\/shop\/produkt\/praxis-der-gruppen-und-teammediation\/","url":"https:\/\/conexbooks.de\/a\/shop\/produkt\/praxis-der-gruppen-und-teammediation\/","name":"Praxis der Gruppen- und Teammediation - Conex-Shop","isPartOf":{"@id":"https:\/\/conexbooks.de\/a\/shop\/#website"},"primaryImageOfPage":{"@id":"https:\/\/conexbooks.de\/a\/shop\/produkt\/praxis-der-gruppen-und-teammediation\/#primaryimage"},"image":{"@id":"https:\/\/conexbooks.de\/a\/shop\/produkt\/praxis-der-gruppen-und-teammediation\/#primaryimage"},"thumbnailUrl":"https:\/\/conexbooks.de\/a\/shop\/wp-content\/uploads\/2022\/02\/096.png","datePublished":"2022-02-18T14:56:13+00:00","dateModified":"2025-10-17T19:45:41+00:00","breadcrumb":{"@id":"https:\/\/conexbooks.de\/a\/shop\/produkt\/praxis-der-gruppen-und-teammediation\/#breadcrumb"},"inLanguage":"de","potentialAction":[{"@type":"ReadAction","target":["https:\/\/conexbooks.de\/a\/shop\/produkt\/praxis-der-gruppen-und-teammediation\/"]}]},{"@type":"ImageObject","inLanguage":"de","@id":"https:\/\/conexbooks.de\/a\/shop\/produkt\/praxis-der-gruppen-und-teammediation\/#primaryimage","url":"https:\/\/conexbooks.de\/a\/shop\/wp-content\/uploads\/2022\/02\/096.png","contentUrl":"https:\/\/conexbooks.de\/a\/shop\/wp-content\/uploads\/2022\/02\/096.png","width":284,"height":400},{"@type":"BreadcrumbList","@id":"https:\/\/conexbooks.de\/a\/shop\/produkt\/praxis-der-gruppen-und-teammediation\/#breadcrumb","itemListElement":[{"@type":"ListItem","position":1,"name":"Home","item":"https:\/\/conexbooks.de\/a\/shop\/"},{"@type":"ListItem","position":2,"name":"Shop","item":"https:\/\/conexbooks.de\/a\/shop\/shop\/"},{"@type":"ListItem","position":3,"name":"Praxis der Gruppen- und Teammediation"}]},{"@type":"WebSite","@id":"https:\/\/conexbooks.de\/a\/shop\/#website","url":"https:\/\/conexbooks.de\/a\/shop\/","name":"Conex-Shop","description":"Alles f\u00fcr die gewaltfreie Kommunikation: B\u00fccher, Spiele. Handpuppen Seminarmaterial und Geschenke","publisher":{"@id":"https:\/\/conexbooks.de\/a\/shop\/#organization"},"potentialAction":[{"@type":"SearchAction","target":{"@type":"EntryPoint","urlTemplate":"https:\/\/conexbooks.de\/a\/shop\/?s={search_term_string}"},"query-input":{"@type":"PropertyValueSpecification","valueRequired":true,"valueName":"search_term_string"}}],"inLanguage":"de"},{"@type":"Organization","@id":"https:\/\/conexbooks.de\/a\/shop\/#organization","name":"Conex - books and more","url":"https:\/\/conexbooks.de\/a\/shop\/","logo":{"@type":"ImageObject","inLanguage":"de","@id":"https:\/\/conexbooks.de\/a\/shop\/#\/schema\/logo\/image\/","url":"https:\/\/conexbooks.de\/a\/shop\/wp-content\/uploads\/2017\/12\/co-logo.png","contentUrl":"https:\/\/conexbooks.de\/a\/shop\/wp-content\/uploads\/2017\/12\/co-logo.png","width":243,"height":122,"caption":"Conex - books and more"},"image":{"@id":"https:\/\/conexbooks.de\/a\/shop\/#\/schema\/logo\/image\/"}}]}},"_links":{"self":[{"href":"https:\/\/conexbooks.de\/a\/shop\/wp-json\/wp\/v2\/product\/18473","targetHints":{"allow":["GET"]}}],"collection":[{"href":"https:\/\/conexbooks.de\/a\/shop\/wp-json\/wp\/v2\/product"}],"about":[{"href":"https:\/\/conexbooks.de\/a\/shop\/wp-json\/wp\/v2\/types\/product"}],"wp:featuredmedia":[{"embeddable":true,"href":"https:\/\/conexbooks.de\/a\/shop\/wp-json\/wp\/v2\/media\/18474"}],"wp:attachment":[{"href":"https:\/\/conexbooks.de\/a\/shop\/wp-json\/wp\/v2\/media?parent=18473"}],"wp:term":[{"taxonomy":"product_brand","embeddable":true,"href":"https:\/\/conexbooks.de\/a\/shop\/wp-json\/wp\/v2\/product_brand?post=18473"},{"taxonomy":"product_cat","embeddable":true,"href":"https:\/\/conexbooks.de\/a\/shop\/wp-json\/wp\/v2\/product_cat?post=18473"},{"taxonomy":"product_tag","embeddable":true,"href":"https:\/\/conexbooks.de\/a\/shop\/wp-json\/wp\/v2\/product_tag?post=18473"}],"curies":[{"name":"wp","href":"https:\/\/api.w.org\/{rel}","templated":true}]}}